{"id":15663,"date":"2024-05-03T18:15:49","date_gmt":"2024-05-03T10:15:49","guid":{"rendered":"http:\/\/192.168.0.254\/?page_id=15663"},"modified":"2026-04-02T23:15:54","modified_gmt":"2026-04-02T15:15:54","slug":"forex-margin-calculator","status":"publish","type":"page","link":"https:\/\/mister.forex\/cs\/tools\/forex-margin-calculator\/","title":{"rendered":"Kalkula\u010dka mar\u017ee forex | Forex p\u00e1kov\u00fd efekt a kalkula\u010dka mar\u017ee"},"content":{"rendered":"<div data-elementor-type=\"wp-page\" data-elementor-id=\"15663\" class=\"elementor elementor-15663\" data-elementor-post-type=\"page\">\n\t\t\t\t<div class=\"elementor-element elementor-element-67c4679 e-flex e-con-boxed e-con e-parent\" data-id=\"67c4679\" data-element_type=\"container\" data-settings=\"{&quot;background_background&quot;:&quot;classic&quot;}\">\n\t\t\t\t\t<div class=\"e-con-inner\">\n\t\t<div class=\"elementor-element elementor-element-f5ea4b8 e-flex e-con-boxed e-con e-child\" data-id=\"f5ea4b8\" data-element_type=\"container\">\n\t\t\t\t\t<div class=\"e-con-inner\">\n\t\t\t\t<div class=\"elementor-element elementor-element-b2ed106 elementor-widget elementor-widget-heading\" data-id=\"b2ed106\" data-element_type=\"widget\" data-widget_type=\"heading.default\">\n\t\t\t\t\t<h1 class=\"elementor-heading-title elementor-size-default\">Kalkula\u010dka mar\u017ee forex<\/h1>\t\t\t\t<\/div>\n\t\t\t\t<div class=\"elementor-element elementor-element-81cfd43 elementor-widget elementor-widget-heading\" data-id=\"81cfd43\" data-element_type=\"widget\" data-widget_type=\"heading.default\">\n\t\t\t\t\t<h2 class=\"elementor-heading-title elementor-size-default\">Forex p\u00e1ka a mar\u017eov\u00fd kalkul\u00e1tor<\/h2>\t\t\t\t<\/div>\n\t\t\t\t\t<\/div>\n\t\t\t\t<\/div>\n\t\t\t\t<div class=\"elementor-element elementor-element-9dc2f58 elementor-widget__width-inherit elementor-absolute elementor-widget elementor-widget-image\" data-id=\"9dc2f58\" data-element_type=\"widget\" data-settings=\"{&quot;_position&quot;:&quot;absolute&quot;}\" data-widget_type=\"image.default\">\n\t\t\t\t\t\t\t\t\t\t\t\t\t\t\t<img fetchpriority=\"high\" decoding=\"async\" width=\"500\" height=\"281\" src=\"https:\/\/mister.forex\/wp-content\/uploads\/2024\/02\/9-500x281.webp\" class=\"attachment-medium size-medium wp-image-4081\" alt=\"\" srcset=\"https:\/\/mister.forex\/wp-content\/uploads\/2024\/02\/9-500x281.webp 500w, https:\/\/mister.forex\/wp-content\/uploads\/2024\/02\/9-600x337.webp 600w, https:\/\/mister.forex\/wp-content\/uploads\/2024\/02\/9-1200x675.webp 1200w, https:\/\/mister.forex\/wp-content\/uploads\/2024\/02\/9-300x169.webp 300w, https:\/\/mister.forex\/wp-content\/uploads\/2024\/02\/9-768x432.webp 768w, https:\/\/mister.forex\/wp-content\/uploads\/2024\/02\/9.webp 1366w\" sizes=\"(max-width: 500px) 100vw, 500px\" \/>\t\t\t\t\t\t\t\t\t\t\t\t\t\t\t<\/div>\n\t\t\t\t\t<\/div>\n\t\t\t\t<\/div>\n\t\t<div class=\"elementor-element elementor-element-cc6b6fb e-flex e-con-boxed e-con e-parent\" data-id=\"cc6b6fb\" data-element_type=\"container\">\n\t\t\t\t\t<div class=\"e-con-inner\">\n\t\t<div class=\"elementor-element elementor-element-3bb6741 e-con-full e-flex e-con e-child\" data-id=\"3bb6741\" data-element_type=\"container\">\n\t\t<div class=\"elementor-element elementor-element-e9305a3 e-con-full e-flex e-con e-child\" data-id=\"e9305a3\" data-element_type=\"container\">\n\t\t\t\t<div class=\"elementor-element elementor-element-72b1357 elementor-widget elementor-widget-text-editor\" data-id=\"72b1357\" data-element_type=\"widget\" data-widget_type=\"text-editor.default\">\n\t\t\t\t\t\t\t\t\t<h2><strong>Pokyny k pou\u017eit\u00ed<\/strong><\/h2><h3><strong>Zadejte mo\u017enosti<\/strong><\/h3><p><strong><span style=\"text-decoration: underline;\">Instrument<\/span>:&nbsp;<\/strong>Vyberte obchodn\u00ed produkt, jako jsou Forex mar\u017ee, akcie, kryptom\u011bny, kovy, indexy, rozd\u00edlov\u00e9 smlouvy atd.<\/p><p><strong><span style=\"text-decoration: underline;\">M\u011bna vkladu<\/span>:&nbsp;<\/strong>Vyberte m\u011bnu \u00fa\u010dtu, nap\u0159\u00edklad americk\u00fd dolar (USD), euro (EUR) atd.<\/p><p><strong><span style=\"text-decoration: underline;\">P\u00e1ka<\/span>:&nbsp;<\/strong>Zadejte n\u00e1sobek p\u00e1kov\u00e9ho efektu va\u0161eho obchodn\u00edho \u00fa\u010dtu.<\/p><p><strong><span style=\"text-decoration: underline;\">Loty (velikost obchodu)<\/span>:&nbsp;<\/strong>Zadejte po\u010det lot\u016f, kter\u00e9 chcete obchodovat.<\/p><p><strong><span style=\"text-decoration: underline;\">Cena<\/span>:&nbsp;<\/strong>Zadejte aktu\u00e1ln\u00ed cenu obchodovan\u00e9ho produktu.<\/p><h3><strong>V\u00fdsledky v\u00fdpo\u010dtu<\/strong><\/h3><p><strong><span style=\"text-decoration: underline;\">Vklad \u010d\u00e1stku, kter\u00e1 m\u00e1 otev\u0159\u00edt obchod<\/span>:&nbsp;<\/strong>Zobrazit \u010d\u00e1stku mar\u017ee pot\u0159ebnou k otev\u0159en\u00ed pozice nyn\u00ed.<\/p>\t\t\t\t\t\t\t\t<\/div>\n\t\t\t\t<div class=\"elementor-element elementor-element-6df10a8 elementor-widget elementor-widget-text-editor\" data-id=\"6df10a8\" data-element_type=\"widget\" data-widget_type=\"text-editor.default\">\n\t\t\t\t\t\t\t\t\t<h2><strong>Co je p\u00e1ka a co je mar\u017ee?<\/strong><\/h2><p>Obchodov\u00e1n\u00ed s p\u00e1kou umo\u017e\u0148uje obchodn\u00edk\u016fm manipulovat s v\u011bt\u0161\u00edmi obchodn\u00edmi pozicemi s men\u0161\u00edm mno\u017estv\u00edm kapit\u00e1lu (tj. mar\u017ee), co\u017e m\u016f\u017ee zv\u011bt\u0161it zisky, ale z\u00e1rove\u0148 tak\u00e9 m\u016f\u017ee zv\u00fd\u0161it ztr\u00e1ty. Tento zp\u016fsob obchodov\u00e1n\u00ed se tak\u00e9 naz\u00fdv\u00e1 obchodov\u00e1n\u00ed na mar\u017ei.<\/p><p>\u00da\u010del p\u00e1kov\u00e9ho efektu je zv\u011bt\u0161it mo\u017en\u00e9 zisky a ztr\u00e1ty. Nap\u0159\u00edklad, pokud koup\u00edte euro\/dolar za cenu 1.0000 a nepou\u017eijete p\u00e1ku, mus\u00edte sn\u00e9st ve\u0161ker\u00e9 ztr\u00e1ty, co\u017e znamen\u00e1, \u017ee cena mus\u00ed klesnout na nulu, nebo aby se va\u0161e investice zdvojn\u00e1sobila, cena mus\u00ed vzr\u016fst na 2.0000. Ale pokud obchodujete s p\u00e1kou 1:&nbsp;100, cena se mus\u00ed zm\u011bnit pouze o 1%, aby vznikly stejn\u00e9 zisky nebo ztr\u00e1ty.<\/p><p>Margin je \u010d\u00e1stka, kterou mus\u00ed obchodn\u00edk zaplatit p\u0159i otev\u0159en\u00ed nov\u00e9 pozice. Nen\u00ed to obchodn\u00ed n\u00e1klad nebo poplatek, a po uzav\u0159en\u00ed obchodu bude vr\u00e1cena. \u00da\u010delem marginu je chr\u00e1nit makl\u00e9\u0159e p\u0159ed ztr\u00e1tami. Kdy\u017e ztr\u00e1ty sn\u00ed\u017e\u00ed margin obchodn\u00edka pod stanoven\u00e9 procento stop-loss, makl\u00e9\u0159 automaticky uzav\u0159e jednu nebo v\u0161echny otev\u0159en\u00e9 pozice. Makl\u00e9\u0159 m\u016f\u017ee p\u0159ed takov\u00fdm uzav\u0159en\u00edm vydat varov\u00e1n\u00ed o dodate\u010dn\u00e9m marginu, ale tak\u00e9 nemus\u00ed.<\/p>\t\t\t\t\t\t\t\t<\/div>\n\t\t\t\t<div class=\"elementor-element elementor-element-7e524c6 elementor-widget elementor-widget-text-editor\" data-id=\"7e524c6\" data-element_type=\"widget\" data-widget_type=\"text-editor.default\">\n\t\t\t\t\t\t\t\t\t<h2><strong>Jak funguje p\u00e1ka?<\/strong><\/h2><p>Pou\u017eit\u00edm 100:&nbsp;1 P\u00e1kov\u00e9ho efektu m\u016f\u017ee obchodn\u00edk otev\u0159\u00edt pozici, kter\u00e1 je 100kr\u00e1t v\u011bt\u0161\u00ed ne\u017e bez P\u00e1kov\u00e9ho efektu. Nap\u0159\u00edklad, pokud n\u00e1klady na otev\u0159en\u00ed obchodu 0,01 lotu EUR\/USD \u010din\u00ed 1 000 USD (bez P\u00e1kov\u00e9ho efektu), a broker nab\u00edz\u00ed 100:&nbsp;1 P\u00e1kov\u00fd efekt, obchodn\u00edk pot\u0159ebuje pouze 10 USD jako Mar\u017ei. Samoz\u0159ejm\u011b, obchodn\u00edk si m\u016f\u017ee tak\u00e9 zvolit pou\u017eit\u00ed ni\u017e\u0161\u00edho P\u00e1kov\u00e9ho efektu, nap\u0159\u00edklad 30:&nbsp;1 nebo 5:&nbsp;1, nebo se rozhodnout nepou\u017e\u00edvat P\u00e1kov\u00fd efekt v\u016fbec.<\/p><p>Pozor:&nbsp;\u010c\u00edm vy\u0161\u0161\u00ed je p\u00e1kov\u00fd efekt, t\u00edm v\u011bt\u0161\u00ed je riziko. V\u011bt\u0161ina profesion\u00e1ln\u00edch obchodn\u00edk\u016f si vyb\u00edr\u00e1 ni\u017e\u0161\u00ed pom\u011br p\u00e1kov\u00e9ho efektu, maxim\u00e1ln\u011b 5:&nbsp;1, nebo se rozhodne nepou\u017e\u00edvat p\u00e1kov\u00fd efekt v\u016fbec, p\u0159i\u010dem\u017e procento rizika na ka\u017ed\u00e9m obchodu udr\u017euj\u00ed na rozumn\u00e9 \u00farovni (nap\u0159\u00edklad 2%).<\/p>\t\t\t\t\t\t\t\t<\/div>\n\t\t\t\t<div class=\"elementor-element elementor-element-2928908 elementor-alert-success elementor-widget elementor-widget-alert\" data-id=\"2928908\" data-element_type=\"widget\" data-widget_type=\"alert.default\">\n\t\t\t\t\t\t\t<div class=\"elementor-alert\" role=\"alert\">\n\n\t\t\t\n\t\t\t\t\t\t<span class=\"elementor-alert-description\"><b>Tip:&nbsp;<\/b><br>\u010c\u00edm vy\u0161\u0161\u00ed je p\u00e1ka, t\u00edm v\u011bt\u0161\u00ed je riziko. V\u011bt\u0161ina profesion\u00e1ln\u00edch obchodn\u00edk\u016f si vyb\u00edr\u00e1 ni\u017e\u0161\u00ed pom\u011br p\u00e1ky, maxim\u00e1ln\u011b 5:&nbsp;1, nebo se rozhodne nepou\u017e\u00edvat p\u00e1ku v\u016fbec, p\u0159i\u010dem\u017e procento rizika na ka\u017ed\u00e9m obchodu z\u016fst\u00e1v\u00e1 na p\u0159im\u011b\u0159en\u00e9 \u00farovni (nap\u0159\u00edklad 2%).<\/span>\n\t\t\t\n\t\t\t\n\t\t<\/div>\n\t\t\t\t\t\t<\/div>\n\t\t\t\t<\/div>\n\t\t<div class=\"elementor-element elementor-element-6209c4a e-con-full e-flex e-con e-child\" data-id=\"6209c4a\" data-element_type=\"container\">\n\t\t\t\t<div class=\"elementor-element elementor-element-973a2f9 elementor-widget__width-initial elementor-widget elementor-widget-html\" data-id=\"973a2f9\" data-element_type=\"widget\" data-widget_type=\"html.default\">\n\t\t\t\t\t<div id=\"margin-calculator-537057\"><script type=\"text\/javascript\" src=\"https:\/\/www.cashbackforex.com\/Content\/remote\/remote-widgets.js\"><\/script><script type=\"text\/javascript\"> RemoteCalc({\"Url\":\"https:\/\/www.cashbackforex.com\", \"TopPaneStyle\":\"YmFja2dyb3VuZDogbGluZWFyLWdyYWRpZW50KCNmZmYgMjAlLCAjZjVmNWY1IDQ1JSk7IGNvbG9yOiBibGFjazsgYm9yZGVyOiBzb2xpZCAxcHggI2FhYTsgYm9yZGVyLWJvdHRvbTogbm9uZTsg\",\"BottomPaneStyle\":\"YmFja2dyb3VuZDogI2YzZjNmMzsgYm9yZGVyOiBzb2xpZCAxcHggI2FhYTsgY29sb3I6IGJsYWNrOw==\",\"ButtonStyle\":\"YmFja2dyb3VuZDogIzM0MzU0MDsgY29sb3I6IHdoaXRlOyBib3JkZXItcmFkaXVzOiAyMHB4Ow==\",\"TitleStyle\":\"dGV4dC1hbGlnbjogbGVmdDsgZm9udC1zaXplOiAxNnB4OyBmb250LXdlaWdodDogNTAwOw==\",\"TextboxStyle\":\"YmFja2dyb3VuZC1jb2xvcjogd2hpdGU7IGNvbG9yOiBibGFjazsgYm9yZGVyOiBzb2xpZCAxcHggI2FhYWFhYQ==\",\"ContainerWidth\":\"500\",\"HighlightColor\":\"#ffff00\",\"IsDisplayTitle\":false,\"IsShowChartLinks\":false,\"IsShowEmbedButton\":false,\"Lang\":wlang(),\"CompactType\":\"large\",\"Calculator\":\"margin-calculator\",\"ContainerId\":\"margin-calculator-537057\"});\n\nfunction wlang() {\n    \n\tvar lang = window.location.href;\n\n\tif (!lang) {\n\t\treturn 'en';\n\t}\n\n        if (lang.match('\/zh\/')) {\n\t\treturn 'zh';\n\n\t} else if (lang.match('\/hk\/')) {\n\t\treturn 'zh';\n\t\t\n\t} else if (lang.match('\/cn\/')) {\n\t\treturn 'zh';\n\t\t\n\t} else if (lang.match('\/en\/')) {\n\t\treturn 'en';\n\t\t\n\t} else if (lang.match('\/hi\/')) {\n\t\treturn 'en';\n\t\t\n\t} else if (lang.match('\/pt_br\/')) {\n\t\treturn 'pt';\n\t\t\n\t} else if (lang.match('\/ms\/')) {\n\t\treturn 'id';\n\t\t\n\t} else if (lang.match('\/es\/')) {\n\t\treturn 'es';\n\t\t\n\t} else if (lang.match('\/es_ar\/')) {\n\t\treturn 'es';\n\t\t\n\t} else if (lang.match('\/es_mx\/')) {\n\t\treturn 'es';\n\n\t} else if (lang.match('\/bn\/')) {\n\t\treturn 'en';\n\t\t\n\t} else if (lang.match('\/nb\/')) {\n\t\treturn 'en';\t\t\n\n\t} else if (lang.match('\/da\/')) {\n\t\treturn 'en';\n\t\t\n\t} else if (lang.match('\/nl\/')) {\n\t\treturn 'en';\n\t\t\n\t} else if (lang.match('\/sv\/')) {\n\t\treturn 'en';\n\t\t\n\t} else if (lang.match('\/uk\/')) {\n\t\treturn 'ru';\n\t\t\n\t} else if (lang.match('\/ur\/')) {\n\t\treturn 'en';\n\t\t\n\t} else if (lang.match('\/de\/')) {\n\t\treturn 'de';\n\t\t\n\t} else if (lang.match('\/fr\/')) {\n\t\treturn 'fr';\n\t\t\n\t} else if (lang.match('\/id\/')) {\n\t\treturn 'id';\n\t\t\n\t} else if (lang.match('\/it\/')) {\n\t\treturn 'it';\n\t\t\n\t} else if (lang.match('\/hu\/')) {\n\t\treturn 'hu';\n\t\t\n\t} else if (lang.match('\/pt\/')) {\n\t\treturn 'pt';\n\t\t\n\t} else if (lang.match('\/pl\/')) {\n\t\treturn 'pl';\n\t\t\n\t} else if (lang.match('\/ro\/')) {\n\t\treturn 'ro';\n\t\t\n\t} else if (lang.match('\/vi\/')) {\n\t\treturn 'vi';\n\t\t\n\t} else if (lang.match('\/tr\/')) {\n\t\treturn 'tr';\n\t\t\n\t} else if (lang.match('\/el\/')) {\n\t\treturn 'el';\n\t\t\n\t} else if (lang.match('\/ru\/')) {\n\t\treturn 'ru';\n\t\t\n\t} else if (lang.match('\/ar\/')) {\n\t\treturn 'ar';\n\t\t\n\t} else if (lang.match('\/th\/')) {\n\t\treturn 'th';\n\t\t\n\t} else if (lang.match('\/kr\/')) {\n\t\treturn 'ko';\n\t\t\n\t} else if (lang.match('\/jp\/')) {\n\t\treturn 'ja';\n\t\t\n\t} else if (lang.match('\/cs\/')) {\n\t\treturn 'cs';\n\t\t\n\t}else {\n\t\treturn 'zh';\n\t}\n}\n<\/script><\/div>\t\t\t\t<\/div>\n\t\t\t\t<\/div>\n\t\t\t\t<\/div>\n\t\t\t\t\t<\/div>\n\t\t\t\t<\/div>\n\t\t\t\t<\/div>","protected":false},"excerpt":{"rendered":"<p>Kalkula\u010dka mar\u017ee forex je mocn\u00fd n\u00e1stroj, kter\u00fd v\u00e1m pom\u016f\u017ee u\u010dinit informovan\u00e1 rozhodnut\u00ed p\u0159i obchodov\u00e1n\u00ed s p\u00e1kov\u00fdm efektem. M\u016f\u017ee na z\u00e1klad\u011b va\u0161eho obchodn\u00edho n\u00e1stroje, m\u011bny \u00fa\u010dtu, p\u00e1kov\u00e9ho efektu, velikosti lotu a ceny n\u00e1stroje vypo\u010d\u00edtat po\u017eadovanou po\u010d\u00e1te\u010dn\u00ed \u010d\u00e1stku mar\u017ee pro obchod.<\/p>","protected":false},"author":1,"featured_media":23590,"parent":15462,"menu_order":0,"comment_status":"closed","ping_status":"closed","template":"","meta":{"footnotes":""},"tags":[128],"class_list":["post-15663","page","type-page","status-publish","has-post-thumbnail","hentry","tag-no-google"],"_links":{"self":[{"href":"https:\/\/mister.forex\/cs\/wp-json\/wp\/v2\/pages\/15663","targetHints":{"allow":["GET"]}}],"collection":[{"href":"https:\/\/mister.forex\/cs\/wp-json\/wp\/v2\/pages"}],"about":[{"href":"https:\/\/mister.forex\/cs\/wp-json\/wp\/v2\/types\/page"}],"author":[{"embeddable":true,"href":"https:\/\/mister.forex\/cs\/wp-json\/wp\/v2\/users\/1"}],"replies":[{"embeddable":true,"href":"https:\/\/mister.forex\/cs\/wp-json\/wp\/v2\/comments?post=15663"}],"version-history":[{"count":3,"href":"https:\/\/mister.forex\/cs\/wp-json\/wp\/v2\/pages\/15663\/revisions"}],"predecessor-version":[{"id":69184,"href":"https:\/\/mister.forex\/cs\/wp-json\/wp\/v2\/pages\/15663\/revisions\/69184"}],"up":[{"embeddable":true,"href":"https:\/\/mister.forex\/cs\/wp-json\/wp\/v2\/pages\/15462"}],"wp:featuredmedia":[{"embeddable":true,"href":"https:\/\/mister.forex\/cs\/wp-json\/wp\/v2\/media\/23590"}],"wp:attachment":[{"href":"https:\/\/mister.forex\/cs\/wp-json\/wp\/v2\/media?parent=15663"}],"wp:term":[{"taxonomy":"post_tag","embeddable":true,"href":"https:\/\/mister.forex\/cs\/wp-json\/wp\/v2\/tags?post=15663"}],"curies":[{"name":"wp","href":"https:\/\/api.w.org\/{rel}","templated":true}]}}