{"id":15689,"date":"2024-05-03T20:52:04","date_gmt":"2024-05-03T12:52:04","guid":{"rendered":"http:\/\/192.168.0.254\/?page_id=15689"},"modified":"2026-04-02T23:17:21","modified_gmt":"2026-04-02T15:17:21","slug":"pivot-point-calculator","status":"publish","type":"page","link":"https:\/\/mister.forex\/cs\/tools\/pivot-point-calculator\/","title":{"rendered":"Kalkul\u00e1tor pivotov\u00e9ho bodu | Forexov\u00fd kalkul\u00e1tor pivotov\u00fdch bod\u016f pro podporu a odpor"},"content":{"rendered":"<div data-elementor-type=\"wp-page\" data-elementor-id=\"15689\" class=\"elementor elementor-15689\" data-elementor-post-type=\"page\">\n\t\t\t\t<div class=\"elementor-element elementor-element-5536ed9 e-flex e-con-boxed e-con e-parent\" data-id=\"5536ed9\" data-element_type=\"container\" data-settings=\"{&quot;background_background&quot;:&quot;classic&quot;}\">\n\t\t\t\t\t<div class=\"e-con-inner\">\n\t\t<div class=\"elementor-element elementor-element-ba5a32b e-flex e-con-boxed e-con e-child\" data-id=\"ba5a32b\" data-element_type=\"container\">\n\t\t\t\t\t<div class=\"e-con-inner\">\n\t\t\t\t<div class=\"elementor-element elementor-element-2136e2e elementor-widget elementor-widget-heading\" data-id=\"2136e2e\" data-element_type=\"widget\" data-widget_type=\"heading.default\">\n\t\t\t\t\t<h1 class=\"elementor-heading-title elementor-size-default\">Kalkul\u00e1tor pivotov\u00e9ho bodu<\/h1>\t\t\t\t<\/div>\n\t\t\t\t<div class=\"elementor-element elementor-element-cedcae0 elementor-widget elementor-widget-heading\" data-id=\"cedcae0\" data-element_type=\"widget\" data-widget_type=\"heading.default\">\n\t\t\t\t\t<h2 class=\"elementor-heading-title elementor-size-default\">Forex pivot point calculator for support and resistance<\/h2>\t\t\t\t<\/div>\n\t\t\t\t\t<\/div>\n\t\t\t\t<\/div>\n\t\t\t\t<div class=\"elementor-element elementor-element-bf99893 elementor-widget__width-inherit elementor-absolute elementor-widget elementor-widget-image\" data-id=\"bf99893\" data-element_type=\"widget\" data-settings=\"{&quot;_position&quot;:&quot;absolute&quot;}\" data-widget_type=\"image.default\">\n\t\t\t\t\t\t\t\t\t\t\t\t\t\t\t<img fetchpriority=\"high\" decoding=\"async\" width=\"500\" height=\"281\" src=\"https:\/\/mister.forex\/wp-content\/uploads\/2024\/02\/9-500x281.webp\" class=\"attachment-medium size-medium wp-image-4081\" alt=\"\" srcset=\"https:\/\/mister.forex\/wp-content\/uploads\/2024\/02\/9-500x281.webp 500w, https:\/\/mister.forex\/wp-content\/uploads\/2024\/02\/9-600x337.webp 600w, https:\/\/mister.forex\/wp-content\/uploads\/2024\/02\/9-1200x675.webp 1200w, https:\/\/mister.forex\/wp-content\/uploads\/2024\/02\/9-300x169.webp 300w, https:\/\/mister.forex\/wp-content\/uploads\/2024\/02\/9-768x432.webp 768w, https:\/\/mister.forex\/wp-content\/uploads\/2024\/02\/9.webp 1366w\" sizes=\"(max-width: 500px) 100vw, 500px\" \/>\t\t\t\t\t\t\t\t\t\t\t\t\t\t\t<\/div>\n\t\t\t\t\t<\/div>\n\t\t\t\t<\/div>\n\t\t<div class=\"elementor-element elementor-element-f4bbbce e-flex e-con-boxed e-con e-parent\" data-id=\"f4bbbce\" data-element_type=\"container\">\n\t\t\t\t\t<div class=\"e-con-inner\">\n\t\t<div class=\"elementor-element elementor-element-118367b e-con-full e-flex e-con e-child\" data-id=\"118367b\" data-element_type=\"container\">\n\t\t<div class=\"elementor-element elementor-element-4aaf97d e-con-full e-flex e-con e-child\" data-id=\"4aaf97d\" data-element_type=\"container\">\n\t\t\t\t<div class=\"elementor-element elementor-element-7a71ef8 elementor-widget elementor-widget-text-editor\" data-id=\"7a71ef8\" data-element_type=\"widget\" data-widget_type=\"text-editor.default\">\n\t\t\t\t\t\t\t\t\t<h2><strong>Pokyny k pou\u017eit\u00ed<\/strong><\/h2><h3><strong>Zadejte mo\u017enosti<\/strong><\/h3><p><strong><span style=\"text-decoration: underline;\">Typ<\/span>:&nbsp;<\/strong>V t\u00e9to oblasti m\u00e1te na v\u00fdb\u011br \u010dty\u0159i r\u016fzn\u00e9 metody v\u00fdpo\u010dtu pivotn\u00edch bod\u016f.<\/p><ol><li><strong><span style=\"text-decoration: underline;\">Standard<\/span>:&nbsp;<\/strong>7 \u00farovn\u00ed mezi R3 a S3.<\/li><li><strong><span style=\"text-decoration: underline;\">Woodie<\/span>:&nbsp;<\/strong>5 \u00farovn\u00ed mezi R2 a S2.<\/li><li><strong><span style=\"text-decoration: underline;\">Camarilla<\/span>:&nbsp;<\/strong>9 \u00farovn\u00ed mezi R4 a S4.<\/li><li><strong><span style=\"text-decoration: underline;\">DeMark<\/span>:&nbsp;<\/strong>Pouze vypo\u010d\u00edtat 2 \u00farovn\u011b mezi R1 a S1.<\/li><\/ol>\t\t\t\t\t\t\t\t<\/div>\n\t\t\t\t<div class=\"elementor-element elementor-element-61abba3 elementor-widget elementor-widget-text-editor\" data-id=\"61abba3\" data-element_type=\"widget\" data-widget_type=\"text-editor.default\">\n\t\t\t\t\t\t\t\t\t<p><strong><span style=\"text-decoration: underline;\">Vysok\u00e1 cena<\/span>:&nbsp;<\/strong>Zadejte nejvy\u0161\u0161\u00ed cenu obchodovan\u00e9ho produktu z p\u0159edchoz\u00edho obchodn\u00edho dne.<\/p><p><strong><span style=\"text-decoration: underline;\">N\u00edzk\u00e1 cena<\/span>:&nbsp;<\/strong>Zadejte nejni\u017e\u0161\u00ed cenu obchodovan\u00e9ho zbo\u017e\u00ed z p\u0159edchoz\u00edho obchodn\u00edho dne.<\/p><p><strong><span style=\"text-decoration: underline;\">Uzav\u00edrac\u00ed cena<\/span>:&nbsp;<\/strong>Zadejte cenu uzav\u0159en\u00ed p\u0159edchoz\u00edho obchodn\u00edho dne.<\/p><p><strong>\u203b<\/strong>\u00a0<strong><span style=\"text-decoration: underline;\">Otev\u0159en\u00e1 cena<\/span>:&nbsp;<\/strong>Zadejte otev\u00edrac\u00ed cenu p\u0159edchoz\u00edho obchodn\u00edho dne, co\u017e je jeden z kl\u00ed\u010dov\u00fdch v\u00fdpo\u010dtov\u00fdch \u00fadaj\u016f v metod\u011b DeMark.<\/p>\t\t\t\t\t\t\t\t<\/div>\n\t\t\t\t<div class=\"elementor-element elementor-element-d6b57e4 elementor-widget elementor-widget-text-editor\" data-id=\"d6b57e4\" data-element_type=\"widget\" data-widget_type=\"text-editor.default\">\n\t\t\t\t\t\t\t\t\t<h2><strong>V\u00fdsledky v\u00fdpo\u010dtu<\/strong><\/h2><p>Kalkul\u00e1tor pivotov\u00e9ho bodu vypo\u010d\u00edt\u00e1 a zobraz\u00ed \u00farovn\u011b pivotov\u00e9ho bodu pro dal\u0161\u00ed obchodn\u00ed obdob\u00ed na z\u00e1klad\u011b zvolen\u00e9 metody v\u00fdpo\u010dtu a zadan\u00fdch cenov\u00fdch \u00fadaj\u016f.<\/p><p>Nap\u0159\u00edklad p\u0159edpokl\u00e1dejme, \u017ee chceme vypo\u010d\u00edtat pivotn\u00ed bod pro m\u011bnov\u00fd p\u00e1r euro\/dolar a pro dal\u0161\u00ed obchodn\u00ed obdob\u00ed.<\/p><p>Nejprve v na\u0161em p\u0159\u00edkladu zvol\u00edme standardn\u00ed metodu v\u00fdpo\u010dtu.<\/p><p>Zadali jsme, \u017ee m\u011bnov\u00fd p\u00e1r euro\/dolar dos\u00e1hl v p\u0159edchoz\u00edm obchodn\u00edm dni nejvy\u0161\u0161\u00ed ceny 1.2000, nejni\u017e\u0161\u00ed ceny 1.1500 a ceny uzav\u0159en\u00ed 1.1700.<\/p><p>Kalkul\u00e1tor pivotov\u00e9ho bodu (v standardn\u00edm re\u017eimu) vypo\u010d\u00edt\u00e1 a zobraz\u00ed 7 pivotov\u00fdch \u00farovn\u00ed pro m\u011bnov\u00fd p\u00e1r euro\/dolar v n\u00e1sleduj\u00edc\u00edm obchodn\u00edm obdob\u00ed.<\/p><p>Dal\u0161\u00ed den bude \u00farove\u0148 pivotn\u00edho bodu 1.1733<\/p><p>3 support levels are 1.1467 (S1), 1.1233 (S2), and 1.0967 (S3).<\/p><p>3 \u00farovn\u011b odporu jsou 1.1967 (R1), 1.2233 (R2) a 1.2467 (R3).<\/p>\t\t\t\t\t\t\t\t<\/div>\n\t\t\t\t<div class=\"elementor-element elementor-element-51954b1 elementor-widget elementor-widget-text-editor\" data-id=\"51954b1\" data-element_type=\"widget\" data-widget_type=\"text-editor.default\">\n\t\t\t\t\t\t\t\t\t<h2><strong>Co je pivotn\u00ed bod?<\/strong><\/h2><p>Pivot Point je b\u011b\u017en\u00fd n\u00e1stroj technick\u00e9 anal\u00fdzy v obchodov\u00e1n\u00ed s forexem, kter\u00fd se pou\u017e\u00edv\u00e1 k ur\u010den\u00ed mo\u017en\u00fdch \u00farovn\u00ed podpory a odporu.<\/p><p>Je to vypo\u010d\u00edt\u00e1no jako pr\u016fm\u011br nejvy\u0161\u0161\u00ed ceny, nejni\u017e\u0161\u00ed ceny a ceny uzav\u0159en\u00ed z p\u0159edchoz\u00edho obchodn\u00edho dne.<\/p><p><strong>Pivot Point =<\/strong><\/p><p data-pm-slice=\"0 0 []\"><strong>[ nejvy\u0161\u0161\u00ed cena (vysok\u00e1 cena) + nejni\u017e\u0161\u00ed cena (n\u00edzk\u00e1 cena) + uzav\u00edrac\u00ed cena (cena uzav\u0159en\u00ed) ] \/ 3<\/strong><\/p><p>V n\u00e1sleduj\u00edc\u00edm obchodn\u00edm obdob\u00ed, pokud je aktu\u00e1ln\u00ed cena pod \u00farovn\u00ed pivotn\u00edho bodu, m\u016f\u017ee to nazna\u010dovat, \u017ee trh bude i nad\u00e1le klesat; naopak, pokud je aktu\u00e1ln\u00ed cena nad \u00farovn\u00ed pivotn\u00edho bodu, m\u016f\u017ee to nazna\u010dovat, \u017ee trh bude i nad\u00e1le r\u016fst.<\/p><p>Pivot Point strategie je prediktivn\u00ed obchodn\u00ed strategie, kter\u00e1 m\u016f\u017ee obchodn\u00edk\u016fm pomoci ur\u010dit mo\u017en\u00e9 body obratu cen nebo \u00farovn\u011b pr\u016flomu. Hlavn\u00ed v\u00fdhodou t\u00e9to strategie je, \u017ee m\u016f\u017ee poskytnout okam\u017eit\u00e9 informace o tr\u017en\u00edch trendech, nikoli zpo\u017ed\u011bn\u00e9 informace.<\/p><p>N\u00e1\u0161 kalkul\u00e1tor pivotov\u00e9ho bodu v\u00e1m m\u016f\u017ee pomoci p\u0159esn\u011b vypo\u010d\u00edtat pivotov\u00e9 body jak\u00e9hokoli finan\u010dn\u00edho n\u00e1stroje, t\u0159i \u00farovn\u011b odporu a t\u0159i \u00farovn\u011b podpory. Tyto \u00farovn\u011b v\u00e1m mohou pomoci l\u00e9pe porozum\u011bt mo\u017en\u00fdm trend\u016fm na trhu a vyvinout efektivn\u00ed obchodn\u00ed strategie.<\/p>\t\t\t\t\t\t\t\t<\/div>\n\t\t\t\t<div class=\"elementor-element elementor-element-5a452a9 elementor-alert-danger elementor-widget elementor-widget-alert\" data-id=\"5a452a9\" data-element_type=\"widget\" data-widget_type=\"alert.default\">\n\t\t\t\t\t\t\t<div class=\"elementor-alert\" role=\"alert\">\n\n\t\t\t\n\t\t\t\t\t\t<span class=\"elementor-alert-description\">\u00da\u010dinnost obchodn\u00ed strategie pivotn\u00edch bod\u016f do zna\u010dn\u00e9 m\u00edry z\u00e1vis\u00ed na p\u0159esnosti pou\u017eit\u00fdch cenov\u00fdch dat. Tato cenov\u00e1 data (v\u010detn\u011b nejvy\u0161\u0161\u00ed ceny, nejni\u017e\u0161\u00ed ceny a ceny uzav\u0159en\u00ed) by m\u011bla b\u00fdt z\u00edsk\u00e1na p\u0159\u00edmo z tr\u017en\u00edho obchodn\u00edho \u010dasu poskytovatele, aby byla zaji\u0161t\u011bna jejich shoda s cenov\u00fdmi daty poskytovatele.\n<br><br>\nNicm\u00e9n\u011b, vzhledem k tomu, \u017ee n\u011bkte\u0159\u00ed maloobchodn\u00ed makl\u00e9\u0159i CFD maj\u00ed servery s daty v r\u016fzn\u00fdch \u010dasov\u00fdch p\u00e1smech, m\u016f\u017ee to v\u00e9st k rozd\u00edl\u016fm v datech ve srovn\u00e1n\u00ed s ofici\u00e1ln\u00edm trhem. Tato situace m\u016f\u017ee zp\u016fsobit, \u017ee grafy a ceny na obchodn\u00edch termin\u00e1lech se li\u0161\u00ed v z\u00e1vislosti na makl\u00e9\u0159i, co\u017e m\u016f\u017ee ovlivnit v\u00fdsledky strategie pivotn\u00edch bod\u016f.\n<br><br>\nProto, aby se zajistila \u00fa\u010dinnost strategie pivotn\u00edch bod\u016f, mus\u00ed obchodn\u00edci zajistit, \u017ee cenov\u00e1 data, kter\u00e1 pou\u017e\u00edvaj\u00ed, jsou p\u0159esn\u00e1 a spolehliv\u00e1 a \u017ee odpov\u00eddaj\u00ed dat\u016fm jejich makl\u00e9\u0159e. To m\u016f\u017ee vy\u017eadovat, aby obchodn\u00edci komunikovali se sv\u00fdmi makl\u00e9\u0159i, aby ur\u010dili nejlep\u0161\u00ed zdroj dat.<\/span>\n\t\t\t\n\t\t\t\n\t\t<\/div>\n\t\t\t\t\t\t<\/div>\n\t\t\t\t<\/div>\n\t\t\t\t<\/div>\n\t\t<div class=\"elementor-element elementor-element-e6e20af e-con-full e-flex e-con e-child\" data-id=\"e6e20af\" data-element_type=\"container\">\n\t\t\t\t<div class=\"elementor-element elementor-element-46abd96 elementor-widget__width-initial elementor-widget elementor-widget-html\" data-id=\"46abd96\" data-element_type=\"widget\" data-widget_type=\"html.default\">\n\t\t\t\t\t<div id=\"pivot-point-calculator-29446\"><script type=\"text\/javascript\" src=\"https:\/\/www.cashbackforex.com\/Content\/remote\/remote-widgets.js\"><\/script><script type=\"text\/javascript\"> RemoteCalc({\"Url\":\"https:\/\/www.cashbackforex.com\", \"TopPaneStyle\":\"YmFja2dyb3VuZDogbGluZWFyLWdyYWRpZW50KCNmZmYgMjAlLCAjZjVmNWY1IDQ1JSk7IGNvbG9yOiBibGFjazsgYm9yZGVyOiBzb2xpZCAxcHggI2FhYTsgYm9yZGVyLWJvdHRvbTogbm9uZTsg\",\"BottomPaneStyle\":\"YmFja2dyb3VuZDogI2YzZjNmMzsgYm9yZGVyOiBzb2xpZCAxcHggI2FhYTsgY29sb3I6IGJsYWNrOw==\",\"ButtonStyle\":\"YmFja2dyb3VuZDogIzM0MzU0MDsgY29sb3I6IHdoaXRlOyBib3JkZXItcmFkaXVzOiAyMHB4Ow==\",\"TitleStyle\":\"dGV4dC1hbGlnbjogbGVmdDsgZm9udC1zaXplOiAxNnB4OyBmb250LXdlaWdodDogNTAwOw==\",\"TextboxStyle\":\"YmFja2dyb3VuZC1jb2xvcjogd2hpdGU7IGNvbG9yOiBibGFjazsgYm9yZGVyOiBzb2xpZCAxcHggI2FhYWFhYQ==\",\"ContainerWidth\":\"500\",\"HighlightColor\":\"#ffff00\",\"IsDisplayTitle\":false,\"IsShowEmbedButton\":false,\"Lang\":wlang(),\"CompactType\":\"large\",\"Calculator\":\"pivot-point-calculator\",\"ContainerId\":\"pivot-point-calculator-29446\"});\n\nfunction wlang() {\n    \n\tvar lang = window.location.href;\n\n\tif (!lang) {\n\t\treturn 'en';\n\t}\n\n        if (lang.match('\/zh\/')) {\n\t\treturn 'zh';\n\n\t} else if (lang.match('\/hk\/')) {\n\t\treturn 'zh';\n\t\t\n\t} else if (lang.match('\/cn\/')) {\n\t\treturn 'zh';\n\t\t\n\t} else if (lang.match('\/en\/')) {\n\t\treturn 'en';\n\t\t\n\t} else if (lang.match('\/hi\/')) {\n\t\treturn 'en';\n\t\t\n\t} else if (lang.match('\/pt_br\/')) {\n\t\treturn 'pt';\n\t\t\n\t} else if (lang.match('\/ms\/')) {\n\t\treturn 'id';\n\t\t\n\t} else if (lang.match('\/es\/')) {\n\t\treturn 'es';\n\t\t\n\t} else if (lang.match('\/es_ar\/')) {\n\t\treturn 'es';\n\t\t\n\t} else if (lang.match('\/es_mx\/')) {\n\t\treturn 'es';\n\n\t} else if (lang.match('\/bn\/')) {\n\t\treturn 'en';\n\t\t\n\t} else if (lang.match('\/nb\/')) {\n\t\treturn 'en';\t\t\n\n\t} else if (lang.match('\/da\/')) {\n\t\treturn 'en';\n\t\t\n\t} else if (lang.match('\/nl\/')) {\n\t\treturn 'en';\n\t\t\n\t} else if (lang.match('\/sv\/')) {\n\t\treturn 'en';\n\t\t\n\t} else if (lang.match('\/uk\/')) {\n\t\treturn 'ru';\n\t\t\n\t} else if (lang.match('\/ur\/')) {\n\t\treturn 'en';\n\t\t\n\t} else if (lang.match('\/de\/')) {\n\t\treturn 'de';\n\t\t\n\t} else if (lang.match('\/fr\/')) {\n\t\treturn 'fr';\n\t\t\n\t} else if (lang.match('\/id\/')) {\n\t\treturn 'id';\n\t\t\n\t} else if (lang.match('\/it\/')) {\n\t\treturn 'it';\n\t\t\n\t} else if (lang.match('\/hu\/')) {\n\t\treturn 'hu';\n\t\t\n\t} else if (lang.match('\/pt\/')) {\n\t\treturn 'pt';\n\t\t\n\t} else if (lang.match('\/pl\/')) {\n\t\treturn 'pl';\n\t\t\n\t} else if (lang.match('\/ro\/')) {\n\t\treturn 'ro';\n\t\t\n\t} else if (lang.match('\/vi\/')) {\n\t\treturn 'vi';\n\t\t\n\t} else if (lang.match('\/tr\/')) {\n\t\treturn 'tr';\n\t\t\n\t} else if (lang.match('\/el\/')) {\n\t\treturn 'el';\n\t\t\n\t} else if (lang.match('\/ru\/')) {\n\t\treturn 'ru';\n\t\t\n\t} else if (lang.match('\/ar\/')) {\n\t\treturn 'ar';\n\t\t\n\t} else if (lang.match('\/th\/')) {\n\t\treturn 'th';\n\t\t\n\t} else if (lang.match('\/kr\/')) {\n\t\treturn 'ko';\n\t\t\n\t} else if (lang.match('\/jp\/')) {\n\t\treturn 'ja';\n\t\t\n\t} else if (lang.match('\/cs\/')) {\n\t\treturn 'cs';\n\t\t\n\t}else {\n\t\treturn 'zh';\n\t}\n}\n<\/script><\/div>\t\t\t\t<\/div>\n\t\t\t\t<\/div>\n\t\t\t\t\t<\/div>\n\t\t\t\t<\/div>\n\t\t\t\t<\/div>","protected":false},"excerpt":{"rendered":"<p>Chcete naj\u00edt p\u0159esn\u00e9 \u00farovn\u011b podpory a odporu na forexov\u00e9m trhu? N\u00e1\u0161 Kalkul\u00e1tor pivotov\u00e9ho bodu je va\u0161\u00edm ide\u00e1ln\u00edm n\u00e1strojem! A\u0165 u\u017e je to standardn\u00ed, Woodie, Camarilla nebo DeMark metoda, m\u016f\u017eeme v\u00e1m pomoci snadno vypo\u010d\u00edtat kl\u00ed\u010dov\u00e9 pivotov\u00e9 body pro dal\u0161\u00ed obchodn\u00ed obdob\u00ed. Klikn\u011bte pro zobrazen\u00ed cel\u00e9ho \u010dl\u00e1nku, osvojte si dal\u0161\u00ed obchodn\u00ed tipy a zvy\u0161te svou \u00fasp\u011b\u0161nost v obchodov\u00e1n\u00ed!<\/p>","protected":false},"author":1,"featured_media":23607,"parent":15462,"menu_order":0,"comment_status":"closed","ping_status":"closed","template":"","meta":{"footnotes":""},"tags":[128],"class_list":["post-15689","page","type-page","status-publish","has-post-thumbnail","hentry","tag-no-google"],"_links":{"self":[{"href":"https:\/\/mister.forex\/cs\/wp-json\/wp\/v2\/pages\/15689","targetHints":{"allow":["GET"]}}],"collection":[{"href":"https:\/\/mister.forex\/cs\/wp-json\/wp\/v2\/pages"}],"about":[{"href":"https:\/\/mister.forex\/cs\/wp-json\/wp\/v2\/types\/page"}],"author":[{"embeddable":true,"href":"https:\/\/mister.forex\/cs\/wp-json\/wp\/v2\/users\/1"}],"replies":[{"embeddable":true,"href":"https:\/\/mister.forex\/cs\/wp-json\/wp\/v2\/comments?post=15689"}],"version-history":[{"count":3,"href":"https:\/\/mister.forex\/cs\/wp-json\/wp\/v2\/pages\/15689\/revisions"}],"predecessor-version":[{"id":69187,"href":"https:\/\/mister.forex\/cs\/wp-json\/wp\/v2\/pages\/15689\/revisions\/69187"}],"up":[{"embeddable":true,"href":"https:\/\/mister.forex\/cs\/wp-json\/wp\/v2\/pages\/15462"}],"wp:featuredmedia":[{"embeddable":true,"href":"https:\/\/mister.forex\/cs\/wp-json\/wp\/v2\/media\/23607"}],"wp:attachment":[{"href":"https:\/\/mister.forex\/cs\/wp-json\/wp\/v2\/media?parent=15689"}],"wp:term":[{"taxonomy":"post_tag","embeddable":true,"href":"https:\/\/mister.forex\/cs\/wp-json\/wp\/v2\/tags?post=15689"}],"curies":[{"name":"wp","href":"https:\/\/api.w.org\/{rel}","templated":true}]}}