{"id":15934,"date":"2024-05-04T07:46:55","date_gmt":"2024-05-03T23:46:55","guid":{"rendered":"http:\/\/192.168.0.254\/?page_id=15934"},"modified":"2026-04-03T09:29:43","modified_gmt":"2026-04-03T01:29:43","slug":"calendar","status":"publish","type":"page","link":"https:\/\/mister.forex\/cs\/tools\/calendar\/","title":{"rendered":"Ekonomick\u00fd kalend\u00e1\u0159 | Ekonomick\u00fd kalend\u00e1\u0159 pro obchodn\u00edky s m\u011bnami"},"content":{"rendered":"<div data-elementor-type=\"wp-page\" data-elementor-id=\"15934\" class=\"elementor elementor-15934\" data-elementor-post-type=\"page\">\n\t\t\t\t<div class=\"elementor-element elementor-element-2c1a772 e-flex e-con-boxed e-con e-parent\" data-id=\"2c1a772\" data-element_type=\"container\" data-settings=\"{&quot;background_background&quot;:&quot;classic&quot;}\">\n\t\t\t\t\t<div class=\"e-con-inner\">\n\t\t<div class=\"elementor-element elementor-element-84a271a e-flex e-con-boxed e-con e-child\" data-id=\"84a271a\" data-element_type=\"container\">\n\t\t\t\t\t<div class=\"e-con-inner\">\n\t\t\t\t<div class=\"elementor-element elementor-element-f112296 elementor-widget elementor-widget-heading\" data-id=\"f112296\" data-element_type=\"widget\" data-widget_type=\"heading.default\">\n\t\t\t\t\t<h1 class=\"elementor-heading-title elementor-size-default\">Ekonomick\u00fd kalend\u00e1\u0159<\/h1>\t\t\t\t<\/div>\n\t\t\t\t<div class=\"elementor-element elementor-element-160d208 elementor-widget elementor-widget-heading\" data-id=\"160d208\" data-element_type=\"widget\" data-widget_type=\"heading.default\">\n\t\t\t\t\t<h2 class=\"elementor-heading-title elementor-size-default\">Ekonomick\u00fd kalend\u00e1\u0159 pro obchodn\u00edky s forexem<\/h2>\t\t\t\t<\/div>\n\t\t\t\t\t<\/div>\n\t\t\t\t<\/div>\n\t\t\t\t<div class=\"elementor-element elementor-element-b3a56af elementor-widget__width-inherit elementor-absolute elementor-widget elementor-widget-image\" data-id=\"b3a56af\" data-element_type=\"widget\" data-settings=\"{&quot;_position&quot;:&quot;absolute&quot;}\" data-widget_type=\"image.default\">\n\t\t\t\t\t\t\t\t\t\t\t\t\t\t\t<img fetchpriority=\"high\" decoding=\"async\" width=\"500\" height=\"281\" src=\"https:\/\/mister.forex\/wp-content\/uploads\/2024\/02\/9-500x281.webp\" class=\"attachment-medium size-medium wp-image-4081\" alt=\"\" srcset=\"https:\/\/mister.forex\/wp-content\/uploads\/2024\/02\/9-500x281.webp 500w, https:\/\/mister.forex\/wp-content\/uploads\/2024\/02\/9-600x337.webp 600w, https:\/\/mister.forex\/wp-content\/uploads\/2024\/02\/9-1200x675.webp 1200w, https:\/\/mister.forex\/wp-content\/uploads\/2024\/02\/9-300x169.webp 300w, https:\/\/mister.forex\/wp-content\/uploads\/2024\/02\/9-768x432.webp 768w, https:\/\/mister.forex\/wp-content\/uploads\/2024\/02\/9.webp 1366w\" sizes=\"(max-width: 500px) 100vw, 500px\" \/>\t\t\t\t\t\t\t\t\t\t\t\t\t\t\t<\/div>\n\t\t\t\t\t<\/div>\n\t\t\t\t<\/div>\n\t\t<div class=\"elementor-element elementor-element-3b579c7 e-flex e-con-boxed e-con e-parent\" data-id=\"3b579c7\" data-element_type=\"container\">\n\t\t\t\t\t<div class=\"e-con-inner\">\n\t\t<div class=\"elementor-element elementor-element-b803e2b e-flex e-con-boxed e-con e-child\" data-id=\"b803e2b\" data-element_type=\"container\">\n\t\t\t\t\t<div class=\"e-con-inner\">\n\t\t\t\t<div class=\"elementor-element elementor-element-23d41b1 elementor-widget elementor-widget-text-editor\" data-id=\"23d41b1\" data-element_type=\"widget\" data-widget_type=\"text-editor.default\">\n\t\t\t\t\t\t\t\t\t<p>S vyu\u017eit\u00edm na\u0161eho Ekonomick\u00e9ho kalend\u00e1\u0159e m\u016f\u017eete m\u00edt neust\u00e1le p\u0159ehled o nejnov\u011bj\u0161\u00edch d\u016fle\u017eit\u00fdch ekonomick\u00fdch ud\u00e1lostech, kter\u00e9 mohou ovlivnit tr\u017en\u00ed volatilitu.<\/p><p>Vl\u00e1dy a dal\u0161\u00ed instituce po cel\u00e9m sv\u011bt\u011b neust\u00e1le m\u011b\u0159\u00ed a reportuj\u00ed ekonomick\u00fd r\u016fst a data, spolehliv\u00fd Ekonomick\u00fd kalend\u00e1\u0159 je pro obchodn\u00edky hlavn\u00edm n\u00e1strojem.<\/p><p>Nap\u0159\u00edklad, kdy\u017e jsou zve\u0159ejn\u011bna kl\u00ed\u010dov\u00e1 data o zam\u011bstnanosti (jako jsou americk\u00e1 data o nezem\u011bd\u011blsk\u00e9 zam\u011bstnanosti), m\u016f\u017ee to zp\u016fsobit v\u00fdrazn\u00e9 v\u00fdkyvy a rozp\u011bt\u00ed u m\u011bn jako Euro \/ Dolar. Pokud je rozp\u011bt\u00ed 50 pips, pak v tomto rozsahu 50 pips nebude na trhu \u017e\u00e1dn\u00e1 likvidita a vy nebudete moci do\u010dasn\u011b uzav\u0159\u00edt obchod nebo prov\u00e9st nov\u00fd obchod.<\/p><p>P\u0159ed zve\u0159ejn\u011bn\u00edm ekonomick\u00fdch \u00fadaj\u016f se analytici pokus\u00ed p\u0159edpov\u011bd\u011bt v\u00fdsledky a vytvo\u0159it konsensus. Pokud jsou \u00fadaje velmi d\u016fle\u017eit\u00e9 a hodnota zpr\u00e1vy se v\u00fdrazn\u011b li\u0161\u00ed od odhadovan\u00e9 hodnoty, m\u016f\u017ee to vyvolat vysokou volatilitu.<\/p>\t\t\t\t\t\t\t\t<\/div>\n\t\t\t\t<div class=\"elementor-element elementor-element-4074ff7 elementor-list-item-link-inline elementor-icon-list--layout-traditional elementor-widget elementor-widget-icon-list\" data-id=\"4074ff7\" data-element_type=\"widget\" data-widget_type=\"icon-list.default\">\n\t\t\t\t\t\t\t<ul class=\"elementor-icon-list-items\">\n\t\t\t\t\t\t\t<li class=\"elementor-icon-list-item\">\n\t\t\t\t\t\t\t\t\t\t\t<a href=\"#Instruction\">\n\n\t\t\t\t\t\t\t\t\t\t\t\t<span class=\"elementor-icon-list-icon\">\n\t\t\t\t\t\t\t<svg aria-hidden=\"true\" class=\"e-font-icon-svg e-fas-check-circle\" viewbox=\"0 0 512 512\" xmlns=\"http:\/\/www.w3.org\/2000\/svg\"><path d=\"M504 256c0 136.967-111.033 248-248 248S8 392.967 8 256 119.033 8 256 8s248 111.033 248 248zM227.314 387.314l184-184c6.248-6.248 6.248-16.379 0-22.627l-22.627-22.627c-6.248-6.249-16.379-6.249-22.628 0L216 308.118l-70.059-70.059c-6.248-6.248-16.379-6.248-22.628 0l-22.627 22.627c-6.248 6.248-6.248 16.379 0 22.627l104 104c6.249 6.249 16.379 6.249 22.628.001z\"><\/path><\/svg>\t\t\t\t\t\t<\/span>\n\t\t\t\t\t\t\t\t\t\t<span class=\"elementor-icon-list-text\">Pokyny k pou\u017eit\u00ed<\/span>\n\t\t\t\t\t\t\t\t\t\t\t<\/a>\n\t\t\t\t\t\t\t\t\t<\/li>\n\t\t\t\t\t\t<\/ul>\n\t\t\t\t\t\t<\/div>\n\t\t\t\t<div class=\"elementor-element elementor-element-d0490b4 elementor-alert-danger elementor-widget elementor-widget-alert\" data-id=\"d0490b4\" data-element_type=\"widget\" data-widget_type=\"alert.default\">\n\t\t\t\t\t\t\t<div class=\"elementor-alert\" role=\"alert\">\n\n\t\t\t\n\t\t\t\t\t\t<span class=\"elementor-alert-description\">Obchodov\u00e1n\u00ed b\u011bhem zve\u0159ejn\u011bn\u00ed v\u00fdznamn\u00fdch ekonomick\u00fdch nebo geopolitick\u00fdch zpr\u00e1v m\u016f\u017ee b\u00fdt riskantn\u00ed. Tyto zpr\u00e1vy mohou vyvolat siln\u00e9 v\u00fdkyvy b\u011bhem n\u011bkolika sekund po jejich zve\u0159ejn\u011bn\u00ed.<\/span>\n\t\t\t\n\t\t\t\n\t\t<\/div>\n\t\t\t\t\t\t<\/div>\n\t\t\t\t<div class=\"elementor-element elementor-element-8f6daff elementor-widget__width-inherit elementor-widget elementor-widget-html\" data-id=\"8f6daff\" data-element_type=\"widget\" data-widget_type=\"html.default\">\n\t\t\t\t\t<div id=\"economic-calendar-649957\"><script type=\"text\/javascript\" src=\"https:\/\/www.cashbackforex.com\/Content\/remote\/remote-calendar-widget.js\"><\/script><script type=\"text\/javascript\"> RemoteCalendar({\"Lang\":wlang(),\"DefaultTime\": \"7_days\",\"DefaultTheme\": \"plain\",\"Url\":\"https:\/\/www.cashbackforex.com\", \"SubPath\":\"economic-calendar\",\"IsShowEmbedButton\":false,\"DefaultCountries\":\"au,cn,eu,fr,de,jp,gb,us\",\"DefaultImpacts\":\"HIGH,MEDIUM\",\"ContainerId\":\"economic-calendar-649957\"});\r\n\r\nfunction wlang() {\r\n    \r\n\tvar lang = window.location.href;\r\n\r\n\tif (!lang) {\r\n\t\treturn 'en';\r\n\t}\r\n\r\n        if (lang.match('\/zh\/')) {\r\n\t\treturn 'zh';\r\n\r\n\t} else if (lang.match('\/hk\/')) {\r\n\t\treturn 'zh';\r\n\t\t\r\n\t} else if (lang.match('\/cn\/')) {\r\n\t\treturn 'zh';\r\n\t\t\r\n\t} else if (lang.match('\/en\/')) {\r\n\t\treturn 'en';\r\n\t\t\r\n\t} else if (lang.match('\/hi\/')) {\r\n\t\treturn 'en';\r\n\t\t\r\n\t} else if (lang.match('\/pt_br\/')) {\r\n\t\treturn 'pt';\r\n\t\t\r\n\t} else if (lang.match('\/ms\/')) {\r\n\t\treturn 'id';\r\n\t\t\r\n\t} else if (lang.match('\/es\/')) {\r\n\t\treturn 'es';\r\n\t\t\r\n\t} else if (lang.match('\/es_ar\/')) {\r\n\t\treturn 'es';\r\n\t\t\r\n\t} else if (lang.match('\/es_mx\/')) {\r\n\t\treturn 'es';\r\n\r\n\t} else if (lang.match('\/bn\/')) {\r\n\t\treturn 'en';\r\n\t\t\r\n\t} else if (lang.match('\/nb\/')) {\r\n\t\treturn 'en';\t\t\r\n\r\n\t} else if (lang.match('\/da\/')) {\r\n\t\treturn 'en';\r\n\t\t\r\n\t} else if (lang.match('\/nl\/')) {\r\n\t\treturn 'en';\r\n\t\t\r\n\t} else if (lang.match('\/sv\/')) {\r\n\t\treturn 'en';\r\n\t\t\r\n\t} else if (lang.match('\/uk\/')) {\r\n\t\treturn 'ru';\r\n\t\t\r\n\t} else if (lang.match('\/ur\/')) {\r\n\t\treturn 'en';\r\n\t\t\r\n\t} else if (lang.match('\/de\/')) {\r\n\t\treturn 'de';\r\n\t\t\r\n\t} else if (lang.match('\/fr\/')) {\r\n\t\treturn 'fr';\r\n\t\t\r\n\t} else if (lang.match('\/id\/')) {\r\n\t\treturn 'id';\r\n\t\t\r\n\t} else if (lang.match('\/it\/')) {\r\n\t\treturn 'it';\r\n\t\t\r\n\t} else if (lang.match('\/hu\/')) {\r\n\t\treturn 'hu';\r\n\t\t\r\n\t} else if (lang.match('\/pt\/')) {\r\n\t\treturn 'pt';\r\n\t\t\r\n\t} else if (lang.match('\/pl\/')) {\r\n\t\treturn 'pl';\r\n\t\t\r\n\t} else if (lang.match('\/ro\/')) {\r\n\t\treturn 'ro';\r\n\t\t\r\n\t} else if (lang.match('\/vi\/')) {\r\n\t\treturn 'vi';\r\n\t\t\r\n\t} else if (lang.match('\/tr\/')) {\r\n\t\treturn 'tr';\r\n\t\t\r\n\t} else if (lang.match('\/el\/')) {\r\n\t\treturn 'el';\r\n\t\t\r\n\t} else if (lang.match('\/ru\/')) {\r\n\t\treturn 'en';\r\n\t\t\r\n\t} else if (lang.match('\/ar\/')) {\r\n\t\treturn 'ar';\r\n\t\t\r\n\t} else if (lang.match('\/th\/')) {\r\n\t\treturn 'th';\r\n\t\t\r\n\t} else if (lang.match('\/kr\/')) {\r\n\t\treturn 'ko';\r\n\t\t\r\n\t} else if (lang.match('\/jp\/')) {\r\n\t\treturn 'ja';\r\n\t\t\r\n\t} else if (lang.match('\/cs\/')) {\r\n\t\treturn 'cs';\r\n\t\t\r\n\t}else {\r\n\t\treturn 'zh';\r\n\t}\r\n}\r\n<\/script><\/div>\t\t\t\t<\/div>\n\t\t\t\t<div class=\"elementor-element elementor-element-149b148 elementor-widget elementor-widget-spacer\" data-id=\"149b148\" data-element_type=\"widget\" data-widget_type=\"spacer.default\">\n\t\t\t\t\t\t\t<div class=\"elementor-spacer\">\n\t\t\t<div class=\"elementor-spacer-inner\"><\/div>\n\t\t<\/div>\n\t\t\t\t\t\t<\/div>\n\t\t\t\t<div class=\"elementor-element elementor-element-f893efc elementor-widget elementor-widget-menu-anchor\" data-id=\"f893efc\" data-element_type=\"widget\" data-widget_type=\"menu-anchor.default\">\n\t\t\t\t\t\t\t<div class=\"elementor-menu-anchor\" id=\"Instruction\"><\/div>\n\t\t\t\t\t\t<\/div>\n\t\t\t\t<div class=\"elementor-element elementor-element-19b5142 elementor-widget elementor-widget-text-editor\" data-id=\"19b5142\" data-element_type=\"widget\" data-widget_type=\"text-editor.default\">\n\t\t\t\t\t\t\t\t\t<h2><strong>Pokyny k pou\u017eit\u00ed<\/strong><\/h2>\n<p>Na za\u010d\u00e1tku nov\u00e9ho obchodn\u00edho t\u00fddne se ujist\u011bte, \u017ee zkontrolujete m\u00edru vlivu ka\u017ed\u00e9 nadch\u00e1zej\u00edc\u00ed ud\u00e1losti. M\u016f\u017eete to prov\u00e9st t\u00edm, \u017ee se pod\u00edv\u00e1te na ikony vedle n\u00e1zv\u016f ud\u00e1lost\u00ed. Ud\u00e1losti s siln\u00fdm vlivem budou ozna\u010deny \u010dervenou ikonou, zat\u00edmco ud\u00e1losti se st\u0159edn\u00edm vlivem budou ozna\u010deny oran\u017eovou ikonou. To v\u00e1m pom\u016f\u017ee l\u00e9pe pochopit, jak\u00fd vliv m\u016f\u017ee ka\u017ed\u00e1 ud\u00e1lost m\u00edt na trh.<\/p>\n<p>Na Ekonomick\u00e9m kalend\u00e1\u0159i je hodnota \u201evliv\u201c pou\u017e\u00edv\u00e1na k vyj\u00e1d\u0159en\u00ed m\u00edry, jakou m\u016f\u017ee zpr\u00e1va ovlivnit trh. Pokud jsou \u00fadaje zve\u0159ejn\u011bn\u00e9 v ekonomick\u00e9 zpr\u00e1v\u011b v\u00fdrazn\u011b odli\u0161n\u00e9 od p\u0159edpov\u011bd\u00ed nebo o\u010dek\u00e1van\u00fdch hodnot, m\u016f\u017ee to vyvolat v\u00fdrazn\u00e9 v\u00fdkyvy na trhu. Naopak, pokud se \u00fadaje shoduj\u00ed s o\u010dek\u00e1v\u00e1n\u00edm, m\u016f\u017ee m\u00edt zpr\u00e1va na trh mal\u00fd nebo \u017e\u00e1dn\u00fd vliv. Jin\u00fdmi slovy, hodnota \u201evliv\u201c je ukazatel, kter\u00fd m\u011b\u0159\u00ed intenzitu reakce trhu na ekonomickou zpr\u00e1vu. M\u016f\u017ee pomoci obchodn\u00edk\u016fm p\u0159edpov\u011bd\u011bt mo\u017en\u00e9 reakce trhu a na z\u00e1klad\u011b t\u011bchto informac\u00ed formulovat obchodn\u00ed strategie.<\/p>\n<p>Obchodn\u00edci obvykle sleduj\u00ed nadch\u00e1zej\u00edc\u00ed ud\u00e1losti v Ekonomick\u00e9m kalend\u00e1\u0159i ze dvou hlavn\u00edch d\u016fvod\u016f. Za prv\u00e9, cht\u011bj\u00ed se vyhnout obchodov\u00e1n\u00ed v obdob\u00edch, kdy m\u016f\u017ee doj\u00edt k v\u00fdrazn\u00fdm cenov\u00fdm v\u00fdkyv\u016fm, aby sn\u00ed\u017eili riziko. Za druh\u00e9, cht\u011bj\u00ed vyu\u017e\u00edt volatilitu trhu a naj\u00edt nejlep\u0161\u00ed okam\u017eiky pro vstup a v\u00fdstup v nov\u00fdch nebo st\u00e1vaj\u00edc\u00edch obchodech. Stru\u010dn\u011b \u0159e\u010deno, tito obchodn\u00edci pou\u017e\u00edvaj\u00ed Ekonomick\u00fd kalend\u00e1\u0159 k optimalizaci sv\u00fdch obchodn\u00edch strategi\u00ed a sna\u017e\u00ed se profitovat z volatility trhu.<\/p>\t\t\t\t\t\t\t\t<\/div>\n\t\t\t\t<div class=\"elementor-element elementor-element-d3f7924 elementor-hidden-desktop elementor-hidden-tablet elementor-hidden-mobile elementor-widget elementor-widget-text-editor\" data-id=\"d3f7924\" data-element_type=\"widget\" data-widget_type=\"text-editor.default\">\n\t\t\t\t\t\t\t\t\t<p><span style=\"color: var( --e-global-color-text ); font-family: var( --e-global-typography-text-font-family ), Sans-serif; font-size: var( --e-global-typography-text-font-size ); font-weight: var( --e-global-typography-text-font-weight ); text-align: var(--text-align);\">Ve v\u011bt\u0161in\u011b forex Ekonomick\u00fdch kalend\u00e1\u0159\u016f uvid\u00edte n\u00e1sleduj\u00edc\u00ed d\u016fle\u017eit\u00e9 hodnoty.<\/span><\/p>\t\t\t\t\t\t\t\t<\/div>\n\t\t\t\t<div class=\"elementor-element elementor-element-f09fbfd elementor-hidden-desktop elementor-hidden-tablet elementor-hidden-mobile elementor-widget elementor-widget-text-editor\" data-id=\"f09fbfd\" data-element_type=\"widget\" data-widget_type=\"text-editor.default\">\n\t\t\t\t\t\t\t\t\t<p><strong><span style=\"text-decoration: underline;\">P\u0159edchoz\u00ed<\/span>:&nbsp;<\/strong>Zobrazit \u00fadaje z p\u0159edchoz\u00edho obdob\u00ed jako referen\u010dn\u00ed hodnotu.<\/p><p><strong><span style=\"text-decoration: underline;\">P\u0159edpov\u011b\u010f<\/span>:&nbsp;<\/strong>Podle ekonomick\u00e9 anal\u00fdzy se o\u010dek\u00e1vaj\u00ed p\u0159edpov\u011bdn\u00ed \u00fadaje.<\/p><p><strong><span style=\"text-decoration: underline;\">Aktu\u00e1ln\u00ed<\/span>:&nbsp;<\/strong>Zobrazit skute\u010dn\u00e1 ekonomick\u00e1 data, pokud existuj\u00ed v\u00fdznamn\u00e9 odchylky od p\u0159edpov\u011bdi, m\u016f\u017ee to zp\u016fsobit volatilitu.<\/p><p><strong><span style=\"text-decoration: underline;\">Dopad<\/span>:&nbsp;<\/strong>Vedle n\u00e1zvu ud\u00e1losti je zobrazeno barevn\u00e9 ikony. \u010cerven\u00e1 ozna\u010duje siln\u00fd vliv, oran\u017eov\u00e1 ozna\u010duje st\u0159edn\u00ed vliv.<\/p>\t\t\t\t\t\t\t\t<\/div>\n\t\t\t\t\t<\/div>\n\t\t\t\t<\/div>\n\t\t\t\t\t<\/div>\n\t\t\t\t<\/div>\n\t\t\t\t<\/div>","protected":false},"excerpt":{"rendered":"<p>Ekonomick\u00fd kalend\u00e1\u0159 je mocn\u00fd n\u00e1stroj pro pochopen\u00ed tr\u017en\u00edch dynamik. Umo\u017e\u0148uje v\u00e1m sledovat glob\u00e1ln\u00ed ekonomick\u00e9 ud\u00e1losti, ch\u00e1pat, jak tyto ud\u00e1losti ovliv\u0148uj\u00ed trh, a p\u0159edpov\u00eddat mo\u017en\u00e9 zm\u011bny na trhu. A\u0165 u\u017e jste obchodn\u00edk se akciemi, forexem, kryptom\u011bnami nebo indexy, tento kalend\u00e1\u0159 v\u00e1m poskytne aktu\u00e1ln\u00ed tr\u017en\u00ed zpr\u00e1vy.<\/p>","protected":false},"author":1,"featured_media":23605,"parent":15462,"menu_order":0,"comment_status":"closed","ping_status":"closed","template":"","meta":{"footnotes":""},"tags":[128],"class_list":["post-15934","page","type-page","status-publish","has-post-thumbnail","hentry","tag-no-google"],"_links":{"self":[{"href":"https:\/\/mister.forex\/cs\/wp-json\/wp\/v2\/pages\/15934","targetHints":{"allow":["GET"]}}],"collection":[{"href":"https:\/\/mister.forex\/cs\/wp-json\/wp\/v2\/pages"}],"about":[{"href":"https:\/\/mister.forex\/cs\/wp-json\/wp\/v2\/types\/page"}],"author":[{"embeddable":true,"href":"https:\/\/mister.forex\/cs\/wp-json\/wp\/v2\/users\/1"}],"replies":[{"embeddable":true,"href":"https:\/\/mister.forex\/cs\/wp-json\/wp\/v2\/comments?post=15934"}],"version-history":[{"count":12,"href":"https:\/\/mister.forex\/cs\/wp-json\/wp\/v2\/pages\/15934\/revisions"}],"predecessor-version":[{"id":69345,"href":"https:\/\/mister.forex\/cs\/wp-json\/wp\/v2\/pages\/15934\/revisions\/69345"}],"up":[{"embeddable":true,"href":"https:\/\/mister.forex\/cs\/wp-json\/wp\/v2\/pages\/15462"}],"wp:featuredmedia":[{"embeddable":true,"href":"https:\/\/mister.forex\/cs\/wp-json\/wp\/v2\/media\/23605"}],"wp:attachment":[{"href":"https:\/\/mister.forex\/cs\/wp-json\/wp\/v2\/media?parent=15934"}],"wp:term":[{"taxonomy":"post_tag","embeddable":true,"href":"https:\/\/mister.forex\/cs\/wp-json\/wp\/v2\/tags?post=15934"}],"curies":[{"name":"wp","href":"https:\/\/api.w.org\/{rel}","templated":true}]}}