{"id":16663,"date":"2024-05-09T10:16:13","date_gmt":"2024-05-09T02:16:13","guid":{"rendered":"http:\/\/192.168.0.254\/?page_id=16663"},"modified":"2026-04-02T23:19:33","modified_gmt":"2026-04-02T15:19:33","slug":"fibonacci-calculator","status":"publish","type":"page","link":"https:\/\/mister.forex\/cs\/tools\/fibonacci-calculator\/","title":{"rendered":"Fibonacci kalkul\u00e1tor | Okam\u017eit\u00fd Fibonacci kalkul\u00e1tor pro podporu a odpor"},"content":{"rendered":"<div data-elementor-type=\"wp-page\" data-elementor-id=\"16663\" class=\"elementor elementor-16663\" data-elementor-post-type=\"page\">\n\t\t\t\t<div class=\"elementor-element elementor-element-581b21e e-flex e-con-boxed e-con e-parent\" data-id=\"581b21e\" data-element_type=\"container\" data-settings=\"{&quot;background_background&quot;:&quot;classic&quot;}\">\n\t\t\t\t\t<div class=\"e-con-inner\">\n\t\t<div class=\"elementor-element elementor-element-96f071a e-flex e-con-boxed e-con e-child\" data-id=\"96f071a\" data-element_type=\"container\">\n\t\t\t\t\t<div class=\"e-con-inner\">\n\t\t\t\t<div class=\"elementor-element elementor-element-4b49364 elementor-widget elementor-widget-heading\" data-id=\"4b49364\" data-element_type=\"widget\" data-widget_type=\"heading.default\">\n\t\t\t\t\t<h1 class=\"elementor-heading-title elementor-size-default\">Fibonacci kalkul\u00e1tor<\/h1>\t\t\t\t<\/div>\n\t\t\t\t<div class=\"elementor-element elementor-element-bb99fa7 elementor-widget elementor-widget-heading\" data-id=\"bb99fa7\" data-element_type=\"widget\" data-widget_type=\"heading.default\">\n\t\t\t\t\t<h2 class=\"elementor-heading-title elementor-size-default\">Okam\u017eit\u00fd Fibonacci kalkul\u00e1tor pro podporu a odpor<\/h2>\t\t\t\t<\/div>\n\t\t\t\t\t<\/div>\n\t\t\t\t<\/div>\n\t\t\t\t<div class=\"elementor-element elementor-element-c391668 elementor-widget__width-inherit elementor-absolute elementor-widget elementor-widget-image\" data-id=\"c391668\" data-element_type=\"widget\" data-settings=\"{&quot;_position&quot;:&quot;absolute&quot;}\" data-widget_type=\"image.default\">\n\t\t\t\t\t\t\t\t\t\t\t\t\t\t\t<img fetchpriority=\"high\" decoding=\"async\" width=\"500\" height=\"281\" src=\"https:\/\/mister.forex\/wp-content\/uploads\/2024\/02\/9-500x281.webp\" class=\"attachment-medium size-medium wp-image-4081\" alt=\"\" srcset=\"https:\/\/mister.forex\/wp-content\/uploads\/2024\/02\/9-500x281.webp 500w, https:\/\/mister.forex\/wp-content\/uploads\/2024\/02\/9-600x337.webp 600w, https:\/\/mister.forex\/wp-content\/uploads\/2024\/02\/9-1200x675.webp 1200w, https:\/\/mister.forex\/wp-content\/uploads\/2024\/02\/9-300x169.webp 300w, https:\/\/mister.forex\/wp-content\/uploads\/2024\/02\/9-768x432.webp 768w, https:\/\/mister.forex\/wp-content\/uploads\/2024\/02\/9.webp 1366w\" sizes=\"(max-width: 500px) 100vw, 500px\" \/>\t\t\t\t\t\t\t\t\t\t\t\t\t\t\t<\/div>\n\t\t\t\t\t<\/div>\n\t\t\t\t<\/div>\n\t\t<div class=\"elementor-element elementor-element-2be8f0c e-flex e-con-boxed e-con e-parent\" data-id=\"2be8f0c\" data-element_type=\"container\">\n\t\t\t\t\t<div class=\"e-con-inner\">\n\t\t<div class=\"elementor-element elementor-element-da76163 e-con-full e-flex e-con e-child\" data-id=\"da76163\" data-element_type=\"container\">\n\t\t<div class=\"elementor-element elementor-element-e4ed029 e-con-full e-flex e-con e-child\" data-id=\"e4ed029\" data-element_type=\"container\">\n\t\t\t\t<div class=\"elementor-element elementor-element-18d29fb elementor-widget elementor-widget-text-editor\" data-id=\"18d29fb\" data-element_type=\"widget\" data-widget_type=\"text-editor.default\">\n\t\t\t\t\t\t\t\t\t<h2><strong>Pokyny k pou\u017eit\u00ed<\/strong><\/h2><h3><strong>Zadejte mo\u017enosti<\/strong><\/h3><p><strong><span style=\"text-decoration: underline;\">Sm\u011br trendu<\/span>:&nbsp;<\/strong>Vyberte \u201enahoru\u201c nebo \u201edol\u016f\u201c pro simulaci rostouc\u00edho nebo klesaj\u00edc\u00edho trendu.<\/p><p><strong><span style=\"text-decoration: underline;\">Retracement \/ Projekce<\/span>:&nbsp;<\/strong>Vyberte \u201eRetracement\u201c pro v\u00fdpo\u010det bodu n\u00e1vratu ceny v trendu, nebo vyberte \u201eProjection\u201c pro v\u00fdpo\u010det c\u00edlov\u00e9ho bodu ceny po pr\u016flomu.<\/p><p><strong><span style=\"text-decoration: underline;\">N\u00edzk\u00e1 cena<\/span>:&nbsp;<\/strong>V rostouc\u00edm trendu je to nejni\u017e\u0161\u00ed bod retracementu ceny. V klesaj\u00edc\u00edm trendu je to nejni\u017e\u0161\u00ed bod, kter\u00e9ho cena dos\u00e1hla.<\/p><p><strong><span style=\"text-decoration: underline;\">Vysok\u00e1 cena<\/span>:&nbsp;<\/strong>V rostouc\u00edm trendu je to nejvy\u0161\u0161\u00ed bod, kter\u00e9ho cena dos\u00e1hla. V klesaj\u00edc\u00edm trendu je to nejvy\u0161\u0161\u00ed bod, na kter\u00fd cena zareagovala.<\/p><p>\u203b <span style=\"text-decoration: underline;\"><strong>Koncov\u00e1 cena<\/strong><\/span><strong>:&nbsp;<\/strong>Zadejte o\u010dek\u00e1van\u00fd cenov\u00fd c\u00edl. Toto \u010d\u00edslo je obvykle to, co p\u0159edpokl\u00e1d\u00e1te, \u017ee cena dos\u00e1hne jako dal\u0161\u00ed vrchol nebo dno, na z\u00e1klad\u011b aktu\u00e1ln\u00edho tr\u017en\u00edho trendu.<\/p>\t\t\t\t\t\t\t\t<\/div>\n\t\t\t\t<div class=\"elementor-element elementor-element-3e0b4e6 elementor-widget elementor-widget-text-editor\" data-id=\"3e0b4e6\" data-element_type=\"widget\" data-widget_type=\"text-editor.default\">\n\t\t\t\t\t\t\t\t\t<h3><strong>Kroky operace<\/strong><\/h3><p>Vyberte sm\u011br trendu. Nap\u0159\u00edklad pro v\u00fdpo\u010det Fibonacciho retracementu pro EUR\/USD zvolte sm\u011br trendu \u201enahoru\u201c.<\/p><p>Za\u0161krtn\u011bte mo\u017enost \u201eRetracement\u201c, abyste indikovali kalkul\u00e1toru, aby vypo\u010d\u00edtal \u00farovn\u011b retracementu.<\/p><p>Zadejte n\u00edzkou a vysokou cenu. Nap\u0159\u00edklad n\u00edzk\u00e1 cena je 1.16653, vysok\u00e1 cena je 1.20552.<\/p>\t\t\t\t\t\t\t\t<\/div>\n\t\t\t\t<div class=\"elementor-element elementor-element-4799a02 elementor-widget elementor-widget-text-editor\" data-id=\"4799a02\" data-element_type=\"widget\" data-widget_type=\"text-editor.default\">\n\t\t\t\t\t\t\t\t\t<h3><strong>V\u00fdsledky v\u00fdpo\u010dtu<\/strong><\/h3><p>Fibonacci kalkul\u00e1tor bude po\u010d\u00edtat a zobraz\u00ed \u00farovn\u011b poklesu m\u011bnov\u00e9ho p\u00e1ru. Tyto \u00farovn\u011b jsou z\u00edsk\u00e1ny z extr\u00e9mn\u00edch hodnot chov\u00e1n\u00ed ceny n\u00e1stroje (nejni\u017e\u0161\u00ed nebo nejvy\u0161\u0161\u00ed volatilita, nebo jednodu\u0161e bod A a bod B) a vertik\u00e1ln\u00ed vzd\u00e1lenost je rozd\u011blena kl\u00ed\u010dov\u00fdmi Fibonacci pom\u011bry 23.6%, 38.2%, 50%, 61.8%.<\/p><p>Nap\u0159\u00edklad, v rostouc\u00edm trendu, minim\u00e1ln\u00ed volatilita EUR\/USD (Bod A) je 1.16653, cena vzrostla na maximum 1.20552 (Bod B). Po zad\u00e1n\u00ed t\u011bchto \u00fadaj\u016f kalkula\u010dka zobraz\u00ed jednotliv\u00e9 \u00farovn\u011b Fibonacciho retracementu.<\/p><p>Ve v\u00fdchoz\u00edm nastaven\u00ed kalkula\u010dka zobraz\u00ed \u00farovn\u011b retracementu. Pro predikci (roz\u0161\u00ed\u0159en\u00ed) \u00farovn\u00ed by obchodn\u00edci m\u011bli vyplnit pole \u201ekone\u010dn\u00e1 cena\u201c, kalkula\u010dka pot\u00e9 zobraz\u00ed n\u011bkolik mo\u017en\u00fdch predikovan\u00fdch \u00farovn\u00ed (maxim\u00e1ln\u011b 161.8%).<\/p>\t\t\t\t\t\t\t\t<\/div>\n\t\t\t\t<div class=\"elementor-element elementor-element-353ada7 elementor-widget elementor-widget-text-editor\" data-id=\"353ada7\" data-element_type=\"widget\" data-widget_type=\"text-editor.default\">\n\t\t\t\t\t\t\t\t\t<h2><strong>Co jsou Fibonacci \u00farovn\u011b?<\/strong><\/h2><p>Fibonacci \u00farovn\u011b jsou b\u011b\u017enou metodou anal\u00fdzy chov\u00e1n\u00ed cen aktiv na finan\u010dn\u00edch trz\u00edch. Nejedn\u00e1 se o tajemn\u00fd pom\u011br nebo cenov\u00fd vzor, ale o popul\u00e1rn\u00ed analytick\u00fd n\u00e1stroj, jeho\u017e \u00fa\u010dinnost z\u00e1vis\u00ed na m\u00ed\u0159e jeho seberealizace.<\/p><p>Fibonacci \u00farovn\u011b maj\u00ed dva hlavn\u00ed typy:&nbsp;retracement a expanze. Retracement \u00farovn\u011b se pou\u017e\u00edvaj\u00ed, kdy\u017e cena dos\u00e1hne nov\u00e9ho maxima (v rostouc\u00edm trendu) nebo nov\u00e9ho minima (v klesaj\u00edc\u00edm trendu) a kdy\u017e obchodn\u00edci v\u011b\u0159\u00ed, \u017ee trend m\u016f\u017ee do\u010dasn\u011b skon\u010dit. Kdy\u017e trh za\u010dne prov\u00e1d\u011bt korekci nebo konsolidaci, objevuj\u00ed se takzvan\u00e9 Fibonacci retracement \u00farovn\u011b.<\/p><p><strong>Hlavn\u00ed \u00farovn\u011b Fibonacciho retracementu zahrnuj\u00ed 0.236, 0.382, 0.500, 0.618 a 0.764.<\/strong><\/p><p>Na druh\u00e9 stran\u011b jsou Fibonacciho expanze \u00farovn\u011b pou\u017e\u00edv\u00e1ny k p\u0159edpov\u011bdi, jak daleko by ceny mohly p\u0159ekro\u010dit sv\u016fj p\u016fvodn\u00ed rozsah a pokra\u010dovat ve sm\u011bru trendu. Tr\u017en\u00ed ceny mohou ustoupit na \u00farove\u0148 Fibonacciho retracementu a pot\u00e9 pokra\u010dovat ve sm\u011bru z\u00e1kladn\u00edho trendu, \u010d\u00edm\u017e vytvo\u0159\u00ed nov\u00e9 maxim\u00e1ln\u00ed nebo minim\u00e1ln\u00ed hodnoty. Nebo po obdob\u00ed konsolidace mohou pokra\u010dovat ve sm\u011bru hlavn\u00edho trendu, ani\u017e by se dotkly jak\u00e9koli \u00farovn\u011b Fibonacciho retracementu.<\/p><p><strong>Hlavn\u00ed Fibonacciho expanze \u00farovn\u011b zahrnuj\u00ed 0.382, 0.618, 1.000, 1.382 a 1.618.<\/strong><\/p><p>Stejn\u011b jako zlat\u00fd pom\u011br nem\u00e1 \u017e\u00e1dn\u00e1 kouzeln\u00e1 nebo univerz\u00e1ln\u00ed pravidla, Fibonacciho pom\u011bry tak\u00e9 nejsou takov\u00e9. Jsou to pouze zaj\u00edmav\u00e9 pom\u011bry, kter\u00e9 objevili matematici a kter\u00e9 pozd\u011bji p\u0159ijali obchodn\u00edci.<\/p><p>Vzhledem k tomu, \u017ee Fibonacciho pom\u011bry jsou \u0161iroce pou\u017e\u00edv\u00e1ny na glob\u00e1ln\u00edch trz\u00edch, v\u010detn\u011b n\u011bkter\u00fdch profesion\u00e1ln\u00edch obchodn\u00edk\u016f, mnoho lid\u00ed prov\u00e1d\u00ed n\u00e1kupy a\/nebo prodeje na t\u011bchto \u00farovn\u00edch, co\u017e m\u016f\u017ee u\u010dinit Fibonacciho \u00farovn\u011b velmi \u00fa\u010dinn\u00fdmi.<\/p>\t\t\t\t\t\t\t\t<\/div>\n\t\t\t\t<\/div>\n\t\t<div class=\"elementor-element elementor-element-012fcfe e-con-full e-flex e-con e-child\" data-id=\"012fcfe\" data-element_type=\"container\">\n\t\t\t\t<div class=\"elementor-element elementor-element-af3faae elementor-widget__width-initial elementor-widget elementor-widget-html\" data-id=\"af3faae\" data-element_type=\"widget\" data-widget_type=\"html.default\">\n\t\t\t\t\t<div id=\"fibonacci-calculator-386315\"><script type=\"text\/javascript\" src=\"https:\/\/www.cashbackforex.com\/Content\/remote\/remote-widgets.js\"><\/script><script type=\"text\/javascript\"> RemoteCalc({\"Url\":\"https:\/\/www.cashbackforex.com\", \"TopPaneStyle\":\"YmFja2dyb3VuZDogbGluZWFyLWdyYWRpZW50KCNmZmYgMjAlLCAjZjVmNWY1IDQ1JSk7IGNvbG9yOiBibGFjazsgYm9yZGVyOiBzb2xpZCAxcHggI2FhYTsgYm9yZGVyLWJvdHRvbTogbm9uZTsg\",\"BottomPaneStyle\":\"YmFja2dyb3VuZDogI2YzZjNmMzsgYm9yZGVyOiBzb2xpZCAxcHggI2FhYTsgY29sb3I6IGJsYWNrOw==\",\"ButtonStyle\":\"YmFja2dyb3VuZDogIzM0MzU0MDsgY29sb3I6IHdoaXRlOyBib3JkZXItcmFkaXVzOiAyMHB4Ow==\",\"TitleStyle\":\"dGV4dC1hbGlnbjogbGVmdDsgZm9udC1zaXplOiAxNnB4OyBmb250LXdlaWdodDogNTAwOw==\",\"TextboxStyle\":\"YmFja2dyb3VuZC1jb2xvcjogd2hpdGU7IGNvbG9yOiBibGFjazsgYm9yZGVyOiBzb2xpZCAxcHggI2FhYWFhYQ==\",\"HighlightColor\":\"#ffff00\",\"IsDisplayTitle\":false,\"IsShowEmbedButton\":false,\"Lang\":wlang(),\"CompactType\":\"large\",\"Calculator\":\"fibonacci-calculator\",\"ContainerId\":\"fibonacci-calculator-386315\"});\n\nfunction wlang() {\n    \n\tvar lang = window.location.href;\n\n\tif (!lang) {\n\t\treturn 'en';\n\t}\n\n        if (lang.match('\/zh\/')) {\n\t\treturn 'zh';\n\n\t} else if (lang.match('\/hk\/')) {\n\t\treturn 'zh';\n\t\t\n\t} else if (lang.match('\/cn\/')) {\n\t\treturn 'zh';\n\t\t\n\t} else if (lang.match('\/en\/')) {\n\t\treturn 'en';\n\t\t\n\t} else if (lang.match('\/hi\/')) {\n\t\treturn 'en';\n\t\t\n\t} else if (lang.match('\/pt_br\/')) {\n\t\treturn 'pt';\n\t\t\n\t} else if (lang.match('\/ms\/')) {\n\t\treturn 'id';\n\t\t\n\t} else if (lang.match('\/es\/')) {\n\t\treturn 'es';\n\t\t\n\t} else if (lang.match('\/es_ar\/')) {\n\t\treturn 'es';\n\t\t\n\t} else if (lang.match('\/es_mx\/')) {\n\t\treturn 'es';\n\n\t} else if (lang.match('\/bn\/')) {\n\t\treturn 'en';\n\t\t\n\t} else if (lang.match('\/nb\/')) {\n\t\treturn 'en';\t\t\n\n\t} else if (lang.match('\/da\/')) {\n\t\treturn 'en';\n\t\t\n\t} else if (lang.match('\/nl\/')) {\n\t\treturn 'en';\n\t\t\n\t} else if (lang.match('\/sv\/')) {\n\t\treturn 'en';\n\t\t\n\t} else if (lang.match('\/uk\/')) {\n\t\treturn 'ru';\n\t\t\n\t} else if (lang.match('\/ur\/')) {\n\t\treturn 'en';\n\t\t\n\t} else if (lang.match('\/de\/')) {\n\t\treturn 'de';\n\t\t\n\t} else if (lang.match('\/fr\/')) {\n\t\treturn 'fr';\n\t\t\n\t} else if (lang.match('\/id\/')) {\n\t\treturn 'id';\n\t\t\n\t} else if (lang.match('\/it\/')) {\n\t\treturn 'it';\n\t\t\n\t} else if (lang.match('\/hu\/')) {\n\t\treturn 'hu';\n\t\t\n\t} else if (lang.match('\/pt\/')) {\n\t\treturn 'pt';\n\t\t\n\t} else if (lang.match('\/pl\/')) {\n\t\treturn 'pl';\n\t\t\n\t} else if (lang.match('\/ro\/')) {\n\t\treturn 'ro';\n\t\t\n\t} else if (lang.match('\/vi\/')) {\n\t\treturn 'vi';\n\t\t\n\t} else if (lang.match('\/tr\/')) {\n\t\treturn 'tr';\n\t\t\n\t} else if (lang.match('\/el\/')) {\n\t\treturn 'el';\n\t\t\n\t} else if (lang.match('\/ru\/')) {\n\t\treturn 'ru';\n\t\t\n\t} else if (lang.match('\/ar\/')) {\n\t\treturn 'ar';\n\t\t\n\t} else if (lang.match('\/th\/')) {\n\t\treturn 'th';\n\t\t\n\t} else if (lang.match('\/kr\/')) {\n\t\treturn 'ko';\n\t\t\n\t} else if (lang.match('\/jp\/')) {\n\t\treturn 'ja';\n\t\t\n\t} else if (lang.match('\/cs\/')) {\n\t\treturn 'cs';\n\t\t\n\t}else {\n\t\treturn 'zh';\n\t}\n}\n<\/script><\/div>\t\t\t\t<\/div>\n\t\t\t\t<\/div>\n\t\t\t\t<\/div>\n\t\t\t\t\t<\/div>\n\t\t\t\t<\/div>\n\t\t\t\t<\/div>","protected":false},"excerpt":{"rendered":"<p>Chcete p\u0159esn\u011b p\u0159edpov\u011bd\u011bt cenov\u00e9 trendy na finan\u010dn\u00edch trz\u00edch? N\u00e1\u0161 Fibonacci kalkul\u00e1tor je va\u0161\u00edm nejlep\u0161\u00edm pomocn\u00edkem! A\u0165 u\u017e jde o Pokles nebo roz\u0161\u00ed\u0159en\u00ed, m\u016f\u017eeme v\u00e1m pomoci snadno vypo\u010d\u00edtat kl\u00ed\u010dov\u00e9 Fibonacci \u00farovn\u011b. Zjist\u011bte, jak vyu\u017e\u00edt tato data k vytvo\u0159en\u00ed efektivn\u00edch obchodn\u00edch strategi\u00ed a zajist\u011bte, aby va\u0161e cenov\u00e1 data byla synchronizov\u00e1na s trhem. Klikn\u011bte pro zobrazen\u00ed cel\u00e9ho \u010dl\u00e1nku, osvojte si dal\u0161\u00ed obchodn\u00ed tipy a zvy\u0161te svou \u00fasp\u011b\u0161nost v obchodov\u00e1n\u00ed!<\/p>","protected":false},"author":1,"featured_media":23603,"parent":15462,"menu_order":0,"comment_status":"closed","ping_status":"closed","template":"","meta":{"footnotes":""},"tags":[128],"class_list":["post-16663","page","type-page","status-publish","has-post-thumbnail","hentry","tag-no-google"],"_links":{"self":[{"href":"https:\/\/mister.forex\/cs\/wp-json\/wp\/v2\/pages\/16663","targetHints":{"allow":["GET"]}}],"collection":[{"href":"https:\/\/mister.forex\/cs\/wp-json\/wp\/v2\/pages"}],"about":[{"href":"https:\/\/mister.forex\/cs\/wp-json\/wp\/v2\/types\/page"}],"author":[{"embeddable":true,"href":"https:\/\/mister.forex\/cs\/wp-json\/wp\/v2\/users\/1"}],"replies":[{"embeddable":true,"href":"https:\/\/mister.forex\/cs\/wp-json\/wp\/v2\/comments?post=16663"}],"version-history":[{"count":3,"href":"https:\/\/mister.forex\/cs\/wp-json\/wp\/v2\/pages\/16663\/revisions"}],"predecessor-version":[{"id":69196,"href":"https:\/\/mister.forex\/cs\/wp-json\/wp\/v2\/pages\/16663\/revisions\/69196"}],"up":[{"embeddable":true,"href":"https:\/\/mister.forex\/cs\/wp-json\/wp\/v2\/pages\/15462"}],"wp:featuredmedia":[{"embeddable":true,"href":"https:\/\/mister.forex\/cs\/wp-json\/wp\/v2\/media\/23603"}],"wp:attachment":[{"href":"https:\/\/mister.forex\/cs\/wp-json\/wp\/v2\/media?parent=16663"}],"wp:term":[{"taxonomy":"post_tag","embeddable":true,"href":"https:\/\/mister.forex\/cs\/wp-json\/wp\/v2\/tags?post=16663"}],"curies":[{"name":"wp","href":"https:\/\/api.w.org\/{rel}","templated":true}]}}