{"id":16820,"date":"2024-05-09T12:44:43","date_gmt":"2024-05-09T04:44:43","guid":{"rendered":"http:\/\/192.168.0.254\/?page_id=16820"},"modified":"2026-04-02T23:24:02","modified_gmt":"2026-04-02T15:24:02","slug":"cryptocurrency-fee-calculator","status":"publish","type":"page","link":"https:\/\/mister.forex\/cs\/tools\/cryptocurrency-fee-calculator\/","title":{"rendered":"Kalkul\u00e1tor poplatk\u016f kryptom\u011bn | Okam\u017eit\u00fd kalkul\u00e1tor poplatk\u016f kryptom\u011bn, n\u00e1stroje pro obchodn\u00edky"},"content":{"rendered":"<div data-elementor-type=\"wp-page\" data-elementor-id=\"16820\" class=\"elementor elementor-16820\" data-elementor-post-type=\"page\">\n\t\t\t\t<div class=\"elementor-element elementor-element-f4e7e7e e-flex e-con-boxed e-con e-parent\" data-id=\"f4e7e7e\" data-element_type=\"container\" data-settings=\"{&quot;background_background&quot;:&quot;classic&quot;}\">\n\t\t\t\t\t<div class=\"e-con-inner\">\n\t\t<div class=\"elementor-element elementor-element-f36e07b e-flex e-con-boxed e-con e-child\" data-id=\"f36e07b\" data-element_type=\"container\">\n\t\t\t\t\t<div class=\"e-con-inner\">\n\t\t\t\t<div class=\"elementor-element elementor-element-0487508 elementor-widget elementor-widget-heading\" data-id=\"0487508\" data-element_type=\"widget\" data-widget_type=\"heading.default\">\n\t\t\t\t\t<h1 class=\"elementor-heading-title elementor-size-default\">Kalkul\u00e1tor poplatk\u016f kryptom\u011bn<\/h1>\t\t\t\t<\/div>\n\t\t\t\t<div class=\"elementor-element elementor-element-3862c0e elementor-widget elementor-widget-heading\" data-id=\"3862c0e\" data-element_type=\"widget\" data-widget_type=\"heading.default\">\n\t\t\t\t\t<h2 class=\"elementor-heading-title elementor-size-default\">Okam\u017eit\u00fd kalkul\u00e1tor poplatk\u016f kryptom\u011bn, n\u00e1stroje pro obchodn\u00edky<\/h2>\t\t\t\t<\/div>\n\t\t\t\t\t<\/div>\n\t\t\t\t<\/div>\n\t\t\t\t<div class=\"elementor-element elementor-element-805bdb8 elementor-widget__width-inherit elementor-absolute elementor-widget elementor-widget-image\" data-id=\"805bdb8\" data-element_type=\"widget\" data-settings=\"{&quot;_position&quot;:&quot;absolute&quot;}\" data-widget_type=\"image.default\">\n\t\t\t\t\t\t\t\t\t\t\t\t\t\t\t<img fetchpriority=\"high\" decoding=\"async\" width=\"500\" height=\"281\" src=\"https:\/\/mister.forex\/wp-content\/uploads\/2024\/02\/9-500x281.webp\" class=\"attachment-medium size-medium wp-image-4081\" alt=\"\" srcset=\"https:\/\/mister.forex\/wp-content\/uploads\/2024\/02\/9-500x281.webp 500w, https:\/\/mister.forex\/wp-content\/uploads\/2024\/02\/9-600x337.webp 600w, https:\/\/mister.forex\/wp-content\/uploads\/2024\/02\/9-1200x675.webp 1200w, https:\/\/mister.forex\/wp-content\/uploads\/2024\/02\/9-300x169.webp 300w, https:\/\/mister.forex\/wp-content\/uploads\/2024\/02\/9-768x432.webp 768w, https:\/\/mister.forex\/wp-content\/uploads\/2024\/02\/9.webp 1366w\" sizes=\"(max-width: 500px) 100vw, 500px\" \/>\t\t\t\t\t\t\t\t\t\t\t\t\t\t\t<\/div>\n\t\t\t\t\t<\/div>\n\t\t\t\t<\/div>\n\t\t<div class=\"elementor-element elementor-element-8940a22 e-flex e-con-boxed e-con e-parent\" data-id=\"8940a22\" data-element_type=\"container\">\n\t\t\t\t\t<div class=\"e-con-inner\">\n\t\t<div class=\"elementor-element elementor-element-91c73fc e-con-full e-flex e-con e-child\" data-id=\"91c73fc\" data-element_type=\"container\">\n\t\t\t\t<div class=\"elementor-element elementor-element-2bb4a3e elementor-widget elementor-widget-text-editor\" data-id=\"2bb4a3e\" data-element_type=\"widget\" data-widget_type=\"text-editor.default\">\n\t\t\t\t\t\t\t\t\t<h2><strong>Pokyny k pou\u017eit\u00ed<\/strong><\/h2><p><span style=\"text-decoration: underline;\"><strong>Kalkul\u00e1tor poplatk\u016f kryptom\u011bn<\/strong><\/span><strong>\u00a0<\/strong>M\u016f\u017ee v\u00e1m pomoci vypo\u010d\u00edtat transak\u010dn\u00ed provizi, kterou je t\u0159eba zaplatit p\u0159i n\u00e1kupu nebo prodeji kryptom\u011bn. Umo\u017en\u00ed v\u00e1m jasn\u011b pochopit n\u00e1klady na transakce a pom\u016f\u017ee v\u00e1m u\u010dinit informovan\u011bj\u0161\u00ed investi\u010dn\u00ed rozhodnut\u00ed.<\/p><p>Krom\u011b toho lze tento kalkul\u00e1tor pou\u017e\u00edt k porovn\u00e1n\u00ed poplatkov\u00fdch struktur r\u016fzn\u00fdch kryptom\u011bnov\u00fdch burz. Porovn\u00e1n\u00edm m\u016f\u017eete zjistit, kter\u00e1 burza m\u00e1 nejni\u017e\u0161\u00ed provizi pro konkr\u00e9tn\u00ed kryptom\u011bnu, kterou chcete obchodovat. T\u00edmto zp\u016fsobem si m\u016f\u017eete vybrat tuto burzu pro obchodov\u00e1n\u00ed a u\u0161et\u0159it na transak\u010dn\u00edch n\u00e1kladech.<\/p>\t\t\t\t\t\t\t\t<\/div>\n\t\t\t\t<div class=\"elementor-element elementor-element-4473826 elementor-widget elementor-widget-html\" data-id=\"4473826\" data-element_type=\"widget\" data-widget_type=\"html.default\">\n\t\t\t\t\t<div id=\"exchange-fees-calculator-91323\"><script type=\"text\/javascript\" src=\"https:\/\/www.cashbackforex.com\/Content\/remote\/remote-widgets.js\"><\/script><script type=\"text\/javascript\"> RemoteCalc({\"Url\":\"https:\/\/www.cashbackforex.com\", \"TopPaneStyle\":\"YmFja2dyb3VuZDogbGluZWFyLWdyYWRpZW50KCNmZmYgMjAlLCAjZjVmNWY1IDQ1JSk7IGNvbG9yOiBibGFjazsgYm9yZGVyOiBzb2xpZCAxcHggI2FhYTsgYm9yZGVyLWJvdHRvbTogbm9uZTsg\",\"BottomPaneStyle\":\"YmFja2dyb3VuZDogI2YzZjNmMzsgYm9yZGVyOiBzb2xpZCAxcHggI2FhYTsgY29sb3I6IGJsYWNrOw==\",\"ButtonStyle\":\"YmFja2dyb3VuZDogIzM0MzU0MDsgY29sb3I6IHdoaXRlOyBib3JkZXItcmFkaXVzOiAyMHB4Ow==\",\"TitleStyle\":\"dGV4dC1hbGlnbjogbGVmdDsgZm9udC1zaXplOiA0MHB4OyBmb250LXdlaWdodDogNTAwOw==\",\"TextboxStyle\":\"YmFja2dyb3VuZC1jb2xvcjogd2hpdGU7IGNvbG9yOiBibGFjazsgYm9yZGVyOiBzb2xpZCAxcHggI2FhYWFhYQ==\",\"HighlightColor\":\"#ffff00\",\"IsDisplayTitle\":false,\"IsShowEmbedButton\":false,\"Lang\":wlang(),\"CompactType\":\"large\",\"DefaultExchange\":\"binance\",\"IsShowBuyCryptoButton\":\"false\",\"Calculator\":\"exchange-fees-calculator\",\"ContainerId\":\"exchange-fees-calculator-91323\"});\n\nfunction wlang() {\n    \n\tvar lang = window.location.href;\n\n\tif (!lang) {\n\t\treturn 'en';\n\t}\n\n        if (lang.match('\/zh\/')) {\n\t\treturn 'zh';\n\n\t} else if (lang.match('\/hk\/')) {\n\t\treturn 'zh';\n\t\t\n\t} else if (lang.match('\/cn\/')) {\n\t\treturn 'zh';\n\t\t\n\t} else if (lang.match('\/en\/')) {\n\t\treturn 'en';\n\t\t\n\t} else if (lang.match('\/hi\/')) {\n\t\treturn 'en';\n\t\t\n\t} else if (lang.match('\/pt_br\/')) {\n\t\treturn 'pt';\n\t\t\n\t} else if (lang.match('\/ms\/')) {\n\t\treturn 'id';\n\t\t\n\t} else if (lang.match('\/es\/')) {\n\t\treturn 'es';\n\t\t\n\t} else if (lang.match('\/es_ar\/')) {\n\t\treturn 'es';\n\t\t\n\t} else if (lang.match('\/es_mx\/')) {\n\t\treturn 'es';\n\n\t} else if (lang.match('\/bn\/')) {\n\t\treturn 'en';\n\t\t\n\t} else if (lang.match('\/nb\/')) {\n\t\treturn 'en';\t\t\n\n\t} else if (lang.match('\/da\/')) {\n\t\treturn 'en';\n\t\t\n\t} else if (lang.match('\/nl\/')) {\n\t\treturn 'en';\n\t\t\n\t} else if (lang.match('\/sv\/')) {\n\t\treturn 'en';\n\t\t\n\t} else if (lang.match('\/uk\/')) {\n\t\treturn 'ru';\n\t\t\n\t} else if (lang.match('\/ur\/')) {\n\t\treturn 'en';\n\t\t\n\t} else if (lang.match('\/de\/')) {\n\t\treturn 'de';\n\t\t\n\t} else if (lang.match('\/fr\/')) {\n\t\treturn 'fr';\n\t\t\n\t} else if (lang.match('\/id\/')) {\n\t\treturn 'id';\n\t\t\n\t} else if (lang.match('\/it\/')) {\n\t\treturn 'it';\n\t\t\n\t} else if (lang.match('\/hu\/')) {\n\t\treturn 'hu';\n\t\t\n\t} else if (lang.match('\/pt\/')) {\n\t\treturn 'pt';\n\t\t\n\t} else if (lang.match('\/pl\/')) {\n\t\treturn 'pl';\n\t\t\n\t} else if (lang.match('\/ro\/')) {\n\t\treturn 'ro';\n\t\t\n\t} else if (lang.match('\/vi\/')) {\n\t\treturn 'vi';\n\t\t\n\t} else if (lang.match('\/tr\/')) {\n\t\treturn 'tr';\n\t\t\n\t} else if (lang.match('\/el\/')) {\n\t\treturn 'el';\n\t\t\n\t} else if (lang.match('\/ru\/')) {\n\t\treturn 'ru';\n\t\t\n\t} else if (lang.match('\/ar\/')) {\n\t\treturn 'ar';\n\t\t\n\t} else if (lang.match('\/th\/')) {\n\t\treturn 'th';\n\t\t\n\t} else if (lang.match('\/kr\/')) {\n\t\treturn 'ko';\n\t\t\n\t} else if (lang.match('\/jp\/')) {\n\t\treturn 'ja';\n\t\t\n\t} else if (lang.match('\/cs\/')) {\n\t\treturn 'cs';\n\t\t\n\t}else {\n\t\treturn 'zh';\n\t}\n}\n<\/script><\/div>\t\t\t\t<\/div>\n\t\t\t\t<\/div>\n\t\t\t\t\t<\/div>\n\t\t\t\t<\/div>\n\t\t\t\t<\/div>","protected":false},"excerpt":{"rendered":"<p>Chcete u\u0161et\u0159it na transak\u010dn\u00edch n\u00e1kladech p\u0159i n\u00e1kupu nebo prodeji kryptom\u011bn? N\u00e1\u0161 kalkul\u00e1tor poplatk\u016f kryptom\u011bn v\u00e1m m\u016f\u017ee pomoci vypo\u010d\u00edtat transak\u010dn\u00ed provize a porovnat strukturu poplatk\u016f r\u016fzn\u00fdch burz. Klikn\u011bte pro zobrazen\u00ed cel\u00e9ho \u010dl\u00e1nku a zjist\u011bte, jak u\u010dinit informovan\u011bj\u0161\u00ed investi\u010dn\u00ed rozhodnut\u00ed a vybrat si nejlep\u0161\u00ed burzu!<\/p>","protected":false},"author":1,"featured_media":23582,"parent":15462,"menu_order":0,"comment_status":"closed","ping_status":"closed","template":"","meta":{"footnotes":""},"tags":[128],"class_list":["post-16820","page","type-page","status-publish","has-post-thumbnail","hentry","tag-no-google"],"_links":{"self":[{"href":"https:\/\/mister.forex\/cs\/wp-json\/wp\/v2\/pages\/16820","targetHints":{"allow":["GET"]}}],"collection":[{"href":"https:\/\/mister.forex\/cs\/wp-json\/wp\/v2\/pages"}],"about":[{"href":"https:\/\/mister.forex\/cs\/wp-json\/wp\/v2\/types\/page"}],"author":[{"embeddable":true,"href":"https:\/\/mister.forex\/cs\/wp-json\/wp\/v2\/users\/1"}],"replies":[{"embeddable":true,"href":"https:\/\/mister.forex\/cs\/wp-json\/wp\/v2\/comments?post=16820"}],"version-history":[{"count":3,"href":"https:\/\/mister.forex\/cs\/wp-json\/wp\/v2\/pages\/16820\/revisions"}],"predecessor-version":[{"id":69208,"href":"https:\/\/mister.forex\/cs\/wp-json\/wp\/v2\/pages\/16820\/revisions\/69208"}],"up":[{"embeddable":true,"href":"https:\/\/mister.forex\/cs\/wp-json\/wp\/v2\/pages\/15462"}],"wp:featuredmedia":[{"embeddable":true,"href":"https:\/\/mister.forex\/cs\/wp-json\/wp\/v2\/media\/23582"}],"wp:attachment":[{"href":"https:\/\/mister.forex\/cs\/wp-json\/wp\/v2\/media?parent=16820"}],"wp:term":[{"taxonomy":"post_tag","embeddable":true,"href":"https:\/\/mister.forex\/cs\/wp-json\/wp\/v2\/tags?post=16820"}],"curies":[{"name":"wp","href":"https:\/\/api.w.org\/{rel}","templated":true}]}}