{"id":57412,"date":"2025-08-10T21:56:08","date_gmt":"2025-08-10T13:56:08","guid":{"rendered":"http:\/\/test.swqi.tw\/?page_id=57412"},"modified":"2025-12-03T03:33:50","modified_gmt":"2025-12-02T19:33:50","slug":"your-first-trading-plan","status":"publish","type":"page","link":"https:\/\/mister.forex\/cs\/your-first-trading-plan\/","title":{"rendered":"V\u00e1\u0161 obchodn\u00ed pl\u00e1n:&nbsp;Zdarma ke sta\u017een\u00ed e-kniha | Mr.Forex"},"content":{"rendered":"<div data-elementor-type=\"wp-page\" data-elementor-id=\"57412\" class=\"elementor elementor-57412\" data-elementor-post-type=\"page\">\n\t\t\t\t<div class=\"elementor-element elementor-element-55c5bbf e-flex e-con-boxed e-con e-parent\" data-id=\"55c5bbf\" data-element_type=\"container\">\n\t\t\t\t\t<div class=\"e-con-inner\">\n\t\t\t\t<div class=\"elementor-element elementor-element-f726aa8 elementor-icon-list--layout-inline elementor-list-item-link-inline elementor-widget elementor-widget-icon-list\" data-id=\"f726aa8\" data-element_type=\"widget\" data-widget_type=\"icon-list.default\">\n\t\t\t\t\t\t\t<ul class=\"elementor-icon-list-items elementor-inline-items\">\n\t\t\t\t\t\t\t<li class=\"elementor-icon-list-item elementor-inline-item\">\n\t\t\t\t\t\t\t\t\t\t\t<a href=\"https:\/\/mister.forex\/cs\/ebook-hub\/\">\n\n\t\t\t\t\t\t\t\t\t\t\t\t<span class=\"elementor-icon-list-icon\">\n\t\t\t\t\t\t\t<svg aria-hidden=\"true\" class=\"e-font-icon-svg e-fas-reply\" viewbox=\"0 0 512 512\" xmlns=\"http:\/\/www.w3.org\/2000\/svg\"><path d=\"M8.309 189.836L184.313 37.851C199.719 24.546 224 35.347 224 56.015v80.053c160.629 1.839 288 34.032 288 186.258 0 61.441-39.581 122.309-83.333 154.132-13.653 9.931-33.111-2.533-28.077-18.631 45.344-145.012-21.507-183.51-176.59-185.742V360c0 20.7-24.3 31.453-39.687 18.164l-176.004-152c-11.071-9.562-11.086-26.753 0-36.328z\"><\/path><\/svg>\t\t\t\t\t\t<\/span>\n\t\t\t\t\t\t\t\t\t\t<span class=\"elementor-icon-list-text\">Zp\u011bt<\/span>\n\t\t\t\t\t\t\t\t\t\t\t<\/a>\n\t\t\t\t\t\t\t\t\t<\/li>\n\t\t\t\t\t\t<\/ul>\n\t\t\t\t\t\t<\/div>\n\t\t\t\t\t<\/div>\n\t\t\t\t<\/div>\n\t\t<div class=\"elementor-element elementor-element-7e1da9a e-flex e-con-boxed e-con e-parent\" data-id=\"7e1da9a\" data-element_type=\"container\" data-settings=\"{&quot;background_background&quot;:&quot;classic&quot;}\">\n\t\t\t\t\t<div class=\"e-con-inner\">\n\t\t<div class=\"elementor-element elementor-element-a372f93 e-con-full e-flex e-con e-child\" data-id=\"a372f93\" data-element_type=\"container\" data-settings=\"{&quot;background_background&quot;:&quot;classic&quot;}\">\n\t\t\t\t<div class=\"elementor-element elementor-element-13e00e6 elementor-widget elementor-widget-image\" data-id=\"13e00e6\" data-element_type=\"widget\" data-settings=\"{&quot;_animation&quot;:&quot;none&quot;}\" data-widget_type=\"image.default\">\n\t\t\t\t\t\t\t\t\t\t\t\t\t\t\t<img fetchpriority=\"high\" decoding=\"async\" width=\"188\" height=\"300\" src=\"https:\/\/mister.forex\/wp-content\/uploads\/2025\/08\/Book-2-Mockup-EN.webp\" class=\"attachment-thumbnail size-thumbnail wp-image-57294\" alt=\"V\u00e1\u0161 obchodn\u00ed pl\u00e1n\" srcset=\"https:\/\/mister.forex\/wp-content\/uploads\/2025\/08\/Book-2-Mockup-EN.webp 1410w, https:\/\/mister.forex\/wp-content\/uploads\/2025\/08\/Book-2-Mockup-EN-313x500.webp 313w, https:\/\/mister.forex\/wp-content\/uploads\/2025\/08\/Book-2-Mockup-EN-752x1200.webp 752w, https:\/\/mister.forex\/wp-content\/uploads\/2025\/08\/Book-2-Mockup-EN-188x300.webp 188w, https:\/\/mister.forex\/wp-content\/uploads\/2025\/08\/Book-2-Mockup-EN-768x1226.webp 768w, https:\/\/mister.forex\/wp-content\/uploads\/2025\/08\/Book-2-Mockup-EN-963x1536.webp 963w, https:\/\/mister.forex\/wp-content\/uploads\/2025\/08\/Book-2-Mockup-EN-1283x2048.webp 1283w, https:\/\/mister.forex\/wp-content\/uploads\/2025\/08\/Book-2-Mockup-EN-8x12.webp 8w, https:\/\/mister.forex\/wp-content\/uploads\/2025\/08\/Book-2-Mockup-EN-600x957.webp 600w\" sizes=\"(max-width: 188px) 100vw, 188px\" \/>\t\t\t\t\t\t\t\t\t\t\t\t\t\t\t<\/div>\n\t\t\t\t<div class=\"elementor-element elementor-element-796c6fa elementor-align-center elementor-widget elementor-widget-button\" data-id=\"796c6fa\" data-element_type=\"widget\" data-widget_type=\"button.default\">\n\t\t\t\t\t\t\t\t\t\t<a class=\"elementor-button elementor-button-link elementor-size-sm\" href=\"https:\/\/1drv.ms\/f\/c\/7c6c551c74c8b8b2\/Epgzj3OLLL9FrOujuRVQW5oBEQI00xiL_HtaDtjvaKkOiA?e=oSBYzx\" target=\"_blank\" rel=\"noopener\">\n\t\t\t\t\t\t<span class=\"elementor-button-content-wrapper\">\n\t\t\t\t\t\t\t\t\t<span class=\"elementor-button-text\">St\u00e1hnout nyn\u00ed<\/span>\n\t\t\t\t\t<\/span>\n\t\t\t\t\t<\/a>\n\t\t\t\t\t\t\t\t<\/div>\n\t\t\t\t<div class=\"elementor-element elementor-element-a8f4ce8 elementor-widget elementor-widget-heading\" data-id=\"a8f4ce8\" data-element_type=\"widget\" data-widget_type=\"heading.default\">\n\t\t\t\t\t<span class=\"elementor-heading-title elementor-size-default\">Podporovan\u00e9 jazyky<\/span>\t\t\t\t<\/div>\n\t\t<div class=\"elementor-element elementor-element-db0673a e-con-full e-flex e-con e-child\" data-id=\"db0673a\" data-element_type=\"container\">\n\t\t\t\t<div class=\"elementor-element elementor-element-6318b23 elementor-align-center elementor-widget elementor-widget-button\" data-id=\"6318b23\" data-element_type=\"widget\" data-widget_type=\"button.default\">\n\t\t\t\t\t\t\t\t\t\t<a class=\"elementor-button elementor-size-sm\" role=\"button\">\n\t\t\t\t\t\t<span class=\"elementor-button-content-wrapper\">\n\t\t\t\t\t\t\t\t\t<span class=\"elementor-button-text\">\u7b80\u4f53\u4e2d\u6587<\/span>\n\t\t\t\t\t<\/span>\n\t\t\t\t\t<\/a>\n\t\t\t\t\t\t\t\t<\/div>\n\t\t\t\t<div class=\"elementor-element elementor-element-e616a5d elementor-align-center elementor-widget elementor-widget-button\" data-id=\"e616a5d\" data-element_type=\"widget\" data-widget_type=\"button.default\">\n\t\t\t\t\t\t\t\t\t\t<a class=\"elementor-button elementor-size-sm\" role=\"button\">\n\t\t\t\t\t\t<span class=\"elementor-button-content-wrapper\">\n\t\t\t\t\t\t\t\t\t<span class=\"elementor-button-text\">\u7e41\u9ad4\u4e2d\u6587<\/span>\n\t\t\t\t\t<\/span>\n\t\t\t\t\t<\/a>\n\t\t\t\t\t\t\t\t<\/div>\n\t\t\t\t<div class=\"elementor-element elementor-element-451970b elementor-align-center elementor-widget elementor-widget-button\" data-id=\"451970b\" data-element_type=\"widget\" data-widget_type=\"button.default\">\n\t\t\t\t\t\t\t\t\t\t<a class=\"elementor-button elementor-size-sm\" role=\"button\">\n\t\t\t\t\t\t<span class=\"elementor-button-content-wrapper\">\n\t\t\t\t\t\t\t\t\t<span class=\"elementor-button-text\">English<\/span>\n\t\t\t\t\t<\/span>\n\t\t\t\t\t<\/a>\n\t\t\t\t\t\t\t\t<\/div>\n\t\t\t\t<\/div>\n\t\t\t\t<\/div>\n\t\t<div class=\"elementor-element elementor-element-0bfee77 e-con-full e-flex e-con e-child\" data-id=\"0bfee77\" data-element_type=\"container\" data-settings=\"{&quot;background_background&quot;:&quot;classic&quot;}\">\n\t\t<div class=\"elementor-element elementor-element-72b4f33 e-con-full e-flex e-con e-child\" data-id=\"72b4f33\" data-element_type=\"container\">\n\t\t\t\t<div class=\"elementor-element elementor-element-a784f62 elementor-widget elementor-widget-heading\" data-id=\"a784f62\" data-element_type=\"widget\" data-widget_type=\"heading.default\">\n\t\t\t\t\t<h2 class=\"elementor-heading-title elementor-size-default\">V\u00e1\u0161 obchodn\u00ed pl\u00e1n<\/h2>\t\t\t\t<\/div>\n\t\t\t\t<div class=\"elementor-element elementor-element-d8fe0e1 elementor-widget elementor-widget-heading\" data-id=\"d8fe0e1\" data-element_type=\"widget\" data-widget_type=\"heading.default\">\n\t\t\t\t\t<h3 class=\"elementor-heading-title elementor-size-default\">Zastavte n\u00e1hodn\u00e9 obchodov\u00e1n\u00ed! Z\u00edskejte zdarma tento praktick\u00fd vzor a vytvo\u0159te sv\u016fj prvn\u00ed profesion\u00e1ln\u00ed obchodn\u00ed pl\u00e1n.<\/h3>\t\t\t\t<\/div>\n\t\t\t\t<div class=\"elementor-element elementor-element-e3d5154 elementor-widget elementor-widget-heading\" data-id=\"e3d5154\" data-element_type=\"widget\" data-widget_type=\"heading.default\">\n\t\t\t\t\t<h3 class=\"elementor-heading-title elementor-size-default\">Tento pr\u016fvodce v\u00e1s provede definov\u00e1n\u00edm c\u00edl\u016f, vytv\u00e1\u0159en\u00edm pravidel a \u0159\u00edzen\u00edm rizik, \u010d\u00edm\u017e prom\u011bn\u00ed va\u0161e obchodov\u00e1n\u00ed z chaotick\u00e9ho hazardu na disciplinovan\u00fd podnik.<\/h3>\t\t\t\t<\/div>\n\t\t\t\t<div class=\"elementor-element elementor-element-04256c5 elementor-widget-divider--view-line elementor-widget elementor-widget-divider\" data-id=\"04256c5\" data-element_type=\"widget\" data-widget_type=\"divider.default\">\n\t\t\t\t\t\t\t<div class=\"elementor-divider\">\n\t\t\t<span class=\"elementor-divider-separator\">\n\t\t\t\t\t\t<\/span>\n\t\t<\/div>\n\t\t\t\t\t\t<\/div>\n\t\t\t\t<\/div>\n\t\t\t\t<div class=\"elementor-element elementor-element-3a37ac6 elementor-widget elementor-widget-html translation-block\" data-id=\"3a37ac6\" data-element_type=\"widget\" data-widget_type=\"html.default\"><div style=\"16px\"><span>\n<h3><strong>Chyb\u00ed va\u0161emu obchodov\u00e1n\u00ed tak\u00e9 syst\u00e9m?<\/strong>&nbsp;<\/h3>\n<ul>\n <li>\u010casto vstupujete do trhu impulzivn\u011b, ani\u017e byste m\u011bli jasnou strategii v\u00fdstupu?<\/li>\n <li>Ztr\u00e1c\u00edte v\u0161echny p\u0159edchoz\u00ed zisky kv\u016fli jedn\u00e9 nebo dv\u011bma ne\u010dekan\u00fdm ztr\u00e1t\u00e1m?<\/li>\n <li>Po ukon\u010den\u00ed obchodu nedok\u00e1\u017eete objektivn\u011b zhodnotit, zda bylo va\u0161e rozhodnut\u00ed spr\u00e1vn\u00e9 nebo \u0161patn\u00e9?<\/li>\n<\/ul>\n<br>\n\n<!-- Section:&nbsp;\u0158e\u0161en\u00ed a transformace (Solution &amp; Transformation) -->\n<h3><strong>Obchodov\u00e1n\u00ed bez pl\u00e1nu je pl\u00e1nov\u00e1n\u00ed ne\u00fasp\u011bchu<\/strong>&nbsp;<\/h3>\nNejv\u011bt\u0161\u00ed rozd\u00edl mezi profesion\u00e1lem a amat\u00e9rem spo\u010d\u00edv\u00e1 v tom, zda m\u00e1 p\u00edsemn\u00fd a provediteln\u00fd pl\u00e1n.<br>\nTato kniha \u300a V\u00e1\u0161 obchodn\u00ed pl\u00e1n \u300b poskytne jednoduch\u00fd r\u00e1mec, kter\u00fd v\u00e1m umo\u017en\u00ed vytvo\u0159it si tento pl\u00e1n vlastn\u00edma rukama.<br>\n<br>\n<h4><strong>Po dokon\u010den\u00ed cvi\u010den\u00ed v t\u00e9to knize budete m\u00edt kompletn\u00ed pl\u00e1n obsahuj\u00edc\u00ed n\u00e1sleduj\u00edc\u00ed:<\/strong>&nbsp;<\/h4>\n<ul>\n <li><strong>Jasn\u00e9 obchodn\u00ed c\u00edle:<\/strong>&nbsp;P\u0159em\u011b\u0148te v\u00e1gn\u00ed p\u0159\u00e1n\u00ed na konkr\u00e9tn\u00ed kroky.<\/li>\n <li><strong>Objektivn\u00ed obchodn\u00ed pravidla:<\/strong>&nbsp;Jasn\u011b definujte va\u0161e podm\u00ednky vstupu, v\u00fdstupu a stop loss.<\/li>\n <li><strong>Robustn\u00ed \u0159\u00edzen\u00ed rizik:<\/strong>&nbsp;Nau\u010dte se chr\u00e1nit sv\u016fj kapit\u00e1l a zajistit dlouhodob\u00e9 p\u0159e\u017eit\u00ed.<\/li>\n<\/ul>\n<br>\n\n<!-- Section:&nbsp;N\u00e1hled obsahu e-knihy (What's Inside) -->\n<h4><strong>V tomto pr\u016fvodci dokon\u010d\u00edte:<\/strong>&nbsp;<\/h4>\n<ul>\n <li><strong>Kapitola 1:<\/strong>&nbsp;Stanoven\u00ed va\u0161ich obchodn\u00edch c\u00edl\u016f (princip SMART) <\/li>\n <li><strong>Kapitola 2:<\/strong>&nbsp;Zam\u011b\u0159en\u00ed na konkr\u00e9tn\u00ed trhy a n\u00e1stroje<\/li>\n <li><strong>Kapitola 3:<\/strong>&nbsp;Vytvo\u0159en\u00ed va\u0161ich obchodn\u00edch pravidel:&nbsp;vstup, v\u00fdstup a stop loss<\/li>\n <li><strong>Kapitola 4:<\/strong>&nbsp;\u0158\u00edzen\u00ed rizik:&nbsp;ochrana va\u0161eho obchodn\u00edho kapit\u00e1lu<\/li>\n<\/ul>\n<\/span><\/div><\/div>\n\t\t\t\t<\/div>\n\t\t\t\t\t<\/div>\n\t\t\t\t<\/div>\n\t\t\t\t<\/div>","protected":false},"excerpt":{"rendered":"<p>Zastavte n\u00e1hodn\u00e9 obchodov\u00e1n\u00ed! St\u00e1hn\u011bte si n\u00e1\u0161 bezplatn\u00fd praktick\u00fd vzor \u201eV\u00e1\u0161 obchodn\u00ed pl\u00e1n\u201c, nau\u010dte se, jak si stanovit c\u00edle, vytvo\u0159it pravidla a \u0159\u00eddit rizika, systematizovat sv\u00e9 obchodov\u00e1n\u00ed a ud\u011blat prvn\u00ed krok k stabiln\u00edmu zisku.<\/p>","protected":false},"author":1,"featured_media":57405,"parent":0,"menu_order":0,"comment_status":"closed","ping_status":"closed","template":"","meta":{"footnotes":""},"tags":[128],"class_list":["post-57412","page","type-page","status-publish","has-post-thumbnail","hentry","tag-no-google"],"_links":{"self":[{"href":"https:\/\/mister.forex\/cs\/wp-json\/wp\/v2\/pages\/57412","targetHints":{"allow":["GET"]}}],"collection":[{"href":"https:\/\/mister.forex\/cs\/wp-json\/wp\/v2\/pages"}],"about":[{"href":"https:\/\/mister.forex\/cs\/wp-json\/wp\/v2\/types\/page"}],"author":[{"embeddable":true,"href":"https:\/\/mister.forex\/cs\/wp-json\/wp\/v2\/users\/1"}],"replies":[{"embeddable":true,"href":"https:\/\/mister.forex\/cs\/wp-json\/wp\/v2\/comments?post=57412"}],"version-history":[{"count":0,"href":"https:\/\/mister.forex\/cs\/wp-json\/wp\/v2\/pages\/57412\/revisions"}],"wp:featuredmedia":[{"embeddable":true,"href":"https:\/\/mister.forex\/cs\/wp-json\/wp\/v2\/media\/57405"}],"wp:attachment":[{"href":"https:\/\/mister.forex\/cs\/wp-json\/wp\/v2\/media?parent=57412"}],"wp:term":[{"taxonomy":"post_tag","embeddable":true,"href":"https:\/\/mister.forex\/cs\/wp-json\/wp\/v2\/tags?post=57412"}],"curies":[{"name":"wp","href":"https:\/\/api.w.org\/{rel}","templated":true}]}}