{"id":57464,"date":"2025-08-10T22:11:57","date_gmt":"2025-08-10T14:11:57","guid":{"rendered":"http:\/\/test.swqi.tw\/?page_id=57464"},"modified":"2025-12-03T03:33:51","modified_gmt":"2025-12-02T19:33:51","slug":"overcome-5-psychological-traps","status":"publish","type":"page","link":"https:\/\/mister.forex\/cs\/overcome-5-psychological-traps\/","title":{"rendered":"P\u0159ekon\u00e1n\u00ed 5 b\u011b\u017en\u00fdch psychologick\u00fdch past\u00ed:&nbsp;Zdarma ke sta\u017een\u00ed e-kniha | Mr.Forex"},"content":{"rendered":"<div data-elementor-type=\"wp-page\" data-elementor-id=\"57464\" class=\"elementor elementor-57464\" data-elementor-post-type=\"page\">\n\t\t\t\t<div class=\"elementor-element elementor-element-d97b493 e-flex e-con-boxed e-con e-parent\" data-id=\"d97b493\" data-element_type=\"container\">\n\t\t\t\t\t<div class=\"e-con-inner\">\n\t\t\t\t<div class=\"elementor-element elementor-element-f60eab9 elementor-icon-list--layout-inline elementor-list-item-link-inline elementor-widget elementor-widget-icon-list\" data-id=\"f60eab9\" data-element_type=\"widget\" data-widget_type=\"icon-list.default\">\n\t\t\t\t\t\t\t<ul class=\"elementor-icon-list-items elementor-inline-items\">\n\t\t\t\t\t\t\t<li class=\"elementor-icon-list-item elementor-inline-item\">\n\t\t\t\t\t\t\t\t\t\t\t<a href=\"https:\/\/mister.forex\/cs\/ebook-hub\/\">\n\n\t\t\t\t\t\t\t\t\t\t\t\t<span class=\"elementor-icon-list-icon\">\n\t\t\t\t\t\t\t<svg aria-hidden=\"true\" class=\"e-font-icon-svg e-fas-reply\" viewbox=\"0 0 512 512\" xmlns=\"http:\/\/www.w3.org\/2000\/svg\"><path d=\"M8.309 189.836L184.313 37.851C199.719 24.546 224 35.347 224 56.015v80.053c160.629 1.839 288 34.032 288 186.258 0 61.441-39.581 122.309-83.333 154.132-13.653 9.931-33.111-2.533-28.077-18.631 45.344-145.012-21.507-183.51-176.59-185.742V360c0 20.7-24.3 31.453-39.687 18.164l-176.004-152c-11.071-9.562-11.086-26.753 0-36.328z\"><\/path><\/svg>\t\t\t\t\t\t<\/span>\n\t\t\t\t\t\t\t\t\t\t<span class=\"elementor-icon-list-text\">Zp\u011bt<\/span>\n\t\t\t\t\t\t\t\t\t\t\t<\/a>\n\t\t\t\t\t\t\t\t\t<\/li>\n\t\t\t\t\t\t<\/ul>\n\t\t\t\t\t\t<\/div>\n\t\t\t\t\t<\/div>\n\t\t\t\t<\/div>\n\t\t<div class=\"elementor-element elementor-element-3090bf1 e-flex e-con-boxed e-con e-parent\" data-id=\"3090bf1\" data-element_type=\"container\" data-settings=\"{&quot;background_background&quot;:&quot;classic&quot;}\">\n\t\t\t\t\t<div class=\"e-con-inner\">\n\t\t<div class=\"elementor-element elementor-element-0261845 e-con-full e-flex e-con e-child\" data-id=\"0261845\" data-element_type=\"container\" data-settings=\"{&quot;background_background&quot;:&quot;classic&quot;}\">\n\t\t\t\t<div class=\"elementor-element elementor-element-3fde205 elementor-widget elementor-widget-image\" data-id=\"3fde205\" data-element_type=\"widget\" data-settings=\"{&quot;_animation&quot;:&quot;none&quot;}\" data-widget_type=\"image.default\">\n\t\t\t\t\t\t\t\t\t\t\t\t\t\t\t<img fetchpriority=\"high\" decoding=\"async\" width=\"188\" height=\"300\" src=\"https:\/\/mister.forex\/wp-content\/uploads\/2025\/08\/Book-3-Mockup-EN.webp\" class=\"attachment-thumbnail size-thumbnail wp-image-57297\" alt=\"P\u0159ekon\u00e1n\u00ed 5 b\u011b\u017en\u00fdch psychologick\u00fdch past\u00ed\" srcset=\"https:\/\/mister.forex\/wp-content\/uploads\/2025\/08\/Book-3-Mockup-EN.webp 1410w, https:\/\/mister.forex\/wp-content\/uploads\/2025\/08\/Book-3-Mockup-EN-313x500.webp 313w, https:\/\/mister.forex\/wp-content\/uploads\/2025\/08\/Book-3-Mockup-EN-752x1200.webp 752w, https:\/\/mister.forex\/wp-content\/uploads\/2025\/08\/Book-3-Mockup-EN-188x300.webp 188w, https:\/\/mister.forex\/wp-content\/uploads\/2025\/08\/Book-3-Mockup-EN-768x1226.webp 768w, https:\/\/mister.forex\/wp-content\/uploads\/2025\/08\/Book-3-Mockup-EN-963x1536.webp 963w, https:\/\/mister.forex\/wp-content\/uploads\/2025\/08\/Book-3-Mockup-EN-1283x2048.webp 1283w, https:\/\/mister.forex\/wp-content\/uploads\/2025\/08\/Book-3-Mockup-EN-8x12.webp 8w, https:\/\/mister.forex\/wp-content\/uploads\/2025\/08\/Book-3-Mockup-EN-600x957.webp 600w\" sizes=\"(max-width: 188px) 100vw, 188px\" \/>\t\t\t\t\t\t\t\t\t\t\t\t\t\t\t<\/div>\n\t\t\t\t<div class=\"elementor-element elementor-element-d4eeded elementor-align-center elementor-widget elementor-widget-button\" data-id=\"d4eeded\" data-element_type=\"widget\" data-widget_type=\"button.default\">\n\t\t\t\t\t\t\t\t\t\t<a class=\"elementor-button elementor-button-link elementor-size-sm\" href=\"https:\/\/1drv.ms\/f\/c\/7c6c551c74c8b8b2\/EgXL8oGw3CdFgHB4r64KTksB4KNOstV59YhWQgFCVsbmBg?e=nJM7ld\" target=\"_blank\" rel=\"noopener\">\n\t\t\t\t\t\t<span class=\"elementor-button-content-wrapper\">\n\t\t\t\t\t\t\t\t\t<span class=\"elementor-button-text\">St\u00e1hnout nyn\u00ed<\/span>\n\t\t\t\t\t<\/span>\n\t\t\t\t\t<\/a>\n\t\t\t\t\t\t\t\t<\/div>\n\t\t\t\t<div class=\"elementor-element elementor-element-a153df0 elementor-widget elementor-widget-heading\" data-id=\"a153df0\" data-element_type=\"widget\" data-widget_type=\"heading.default\">\n\t\t\t\t\t<span class=\"elementor-heading-title elementor-size-default\">Podporovan\u00e9 jazyky<\/span>\t\t\t\t<\/div>\n\t\t<div class=\"elementor-element elementor-element-3aa1b4d e-con-full e-flex e-con e-child\" data-id=\"3aa1b4d\" data-element_type=\"container\">\n\t\t\t\t<div class=\"elementor-element elementor-element-e8975ec elementor-align-center elementor-widget elementor-widget-button\" data-id=\"e8975ec\" data-element_type=\"widget\" data-widget_type=\"button.default\">\n\t\t\t\t\t\t\t\t\t\t<a class=\"elementor-button elementor-size-sm\" role=\"button\">\n\t\t\t\t\t\t<span class=\"elementor-button-content-wrapper\">\n\t\t\t\t\t\t\t\t\t<span class=\"elementor-button-text\">\u7b80\u4f53\u4e2d\u6587<\/span>\n\t\t\t\t\t<\/span>\n\t\t\t\t\t<\/a>\n\t\t\t\t\t\t\t\t<\/div>\n\t\t\t\t<div class=\"elementor-element elementor-element-d50312a elementor-align-center elementor-widget elementor-widget-button\" data-id=\"d50312a\" data-element_type=\"widget\" data-widget_type=\"button.default\">\n\t\t\t\t\t\t\t\t\t\t<a class=\"elementor-button elementor-size-sm\" role=\"button\">\n\t\t\t\t\t\t<span class=\"elementor-button-content-wrapper\">\n\t\t\t\t\t\t\t\t\t<span class=\"elementor-button-text\">\u7e41\u9ad4\u4e2d\u6587<\/span>\n\t\t\t\t\t<\/span>\n\t\t\t\t\t<\/a>\n\t\t\t\t\t\t\t\t<\/div>\n\t\t\t\t<div class=\"elementor-element elementor-element-1c6f173 elementor-align-center elementor-widget elementor-widget-button\" data-id=\"1c6f173\" data-element_type=\"widget\" data-widget_type=\"button.default\">\n\t\t\t\t\t\t\t\t\t\t<a class=\"elementor-button elementor-size-sm\" role=\"button\">\n\t\t\t\t\t\t<span class=\"elementor-button-content-wrapper\">\n\t\t\t\t\t\t\t\t\t<span class=\"elementor-button-text\">English<\/span>\n\t\t\t\t\t<\/span>\n\t\t\t\t\t<\/a>\n\t\t\t\t\t\t\t\t<\/div>\n\t\t\t\t<\/div>\n\t\t\t\t<\/div>\n\t\t<div class=\"elementor-element elementor-element-05dc3d5 e-con-full e-flex e-con e-child\" data-id=\"05dc3d5\" data-element_type=\"container\" data-settings=\"{&quot;background_background&quot;:&quot;classic&quot;}\">\n\t\t<div class=\"elementor-element elementor-element-0f23524 e-con-full e-flex e-con e-child\" data-id=\"0f23524\" data-element_type=\"container\">\n\t\t\t\t<div class=\"elementor-element elementor-element-23f1220 elementor-widget elementor-widget-heading\" data-id=\"23f1220\" data-element_type=\"widget\" data-widget_type=\"heading.default\">\n\t\t\t\t\t<h2 class=\"elementor-heading-title elementor-size-default\">P\u0159ekon\u00e1n\u00ed 5 b\u011b\u017en\u00fdch psychologick\u00fdch past\u00ed<\/h2>\t\t\t\t<\/div>\n\t\t\t\t<div class=\"elementor-element elementor-element-794c598 elementor-widget elementor-widget-heading\" data-id=\"794c598\" data-element_type=\"widget\" data-widget_type=\"heading.default\">\n\t\t\t\t\t<h3 class=\"elementor-heading-title elementor-size-default\">Pro\u010d dokonal\u00fd pl\u00e1n st\u00e1le vede ke ztr\u00e1t\u00e1m? St\u00e1hn\u011bte si zdarma pr\u016fvodce a p\u0159ekonejte 5 nejz\u00e1ke\u0159n\u011bj\u0161\u00edch obchodn\u00edch psychologick\u00fdch p\u0159ek\u00e1\u017eek.<\/h3>\t\t\t\t<\/div>\n\t\t\t\t<div class=\"elementor-element elementor-element-3ab86cb elementor-widget elementor-widget-heading\" data-id=\"3ab86cb\" data-element_type=\"widget\" data-widget_type=\"heading.default\">\n\t\t\t\t\t<h3 class=\"elementor-heading-title elementor-size-default\">Tento pr\u016fvodce v\u00e1m pom\u016f\u017ee rozpoznat a p\u0159ekonat chamtivost, strach, FOMO (strach z prome\u0161k\u00e1n\u00ed) a dal\u0161\u00ed obchodn\u00ed psychologick\u00e9 pasti, abyste skute\u010dn\u011b dos\u00e1hli \u201ejednoty v\u011bd\u011bn\u00ed a jedn\u00e1n\u00ed\u201c.<\/h3>\t\t\t\t<\/div>\n\t\t\t\t<div class=\"elementor-element elementor-element-6922722 elementor-widget-divider--view-line elementor-widget elementor-widget-divider\" data-id=\"6922722\" data-element_type=\"widget\" data-widget_type=\"divider.default\">\n\t\t\t\t\t\t\t<div class=\"elementor-divider\">\n\t\t\t<span class=\"elementor-divider-separator\">\n\t\t\t\t\t\t<\/span>\n\t\t<\/div>\n\t\t\t\t\t\t<\/div>\n\t\t\t\t<\/div>\n\t\t\t\t<div class=\"elementor-element elementor-element-7c4d490 elementor-widget elementor-widget-html translation-block\" data-id=\"7c4d490\" data-element_type=\"widget\" data-widget_type=\"html.default\"><div style=\"16px\"><span>\n<h3><strong>Ru\u0161\u00ed va\u0161e vnit\u0159n\u00ed pocity va\u0161e obchodov\u00e1n\u00ed?<\/strong>&nbsp;<\/h3>\n<ul>\n <li>Stalo se v\u00e1m n\u011bkdy, \u017ee jste kv\u016fli <strong>chamtivosti<\/strong>&nbsp;prom\u011bnili ziskov\u00fd obchod ve ztr\u00e1tu?<\/li>\n <li>Stalo se v\u00e1m n\u011bkdy, \u017ee jste kv\u016fli <strong>strachu<\/strong>&nbsp;p\u0159i\u0161li o p\u0159\u00edle\u017eitost, kter\u00e1 zcela odpov\u00eddala va\u0161emu pl\u00e1nu?<\/li>\n <li>Stalo se v\u00e1m n\u011bkdy, \u017ee jste po ztr\u00e1t\u011b provedli v\u011bt\u0161\u00ed a impulzivn\u011bj\u0161\u00ed \u201eodvetn\u00fd obchod\u201c kv\u016fli <strong>hn\u011bvu<\/strong>&nbsp;?<\/li>\n<\/ul>\n<br>\n\n<!-- Section:&nbsp;\u0158e\u0161en\u00ed a transformace (Solution &amp; Transformation) -->\n<h3><strong>\u00dasp\u011bch v obchodov\u00e1n\u00ed z 80 % poch\u00e1z\u00ed z psychologick\u00e9 kontroly<\/strong>&nbsp;<\/h3>\nSebelep\u0161\u00ed strategie m\u00e1 nulovou hodnotu, pokud ji neprov\u00e1d\u00edte s p\u0159\u00edsnou discipl\u00ednou.<br>\nTato kniha \u201eP\u0159ekon\u00e1n\u00ed 5 b\u011b\u017en\u00fdch psychologick\u00fdch past\u00ed\u201c v\u00e1m poskytne praktick\u00e9 n\u00e1stroje pro zvl\u00e1d\u00e1n\u00ed vnit\u0159n\u00edch emoc\u00ed.<br>\n<br>\n<h4><strong>Po p\u0159e\u010dten\u00ed t\u00e9to p\u0159\u00edru\u010dky se nau\u010d\u00edte, jak:<\/strong>&nbsp;<\/h4>\n<ul>\n <li><strong>\u0158\u00eddit chamtivost:<\/strong>&nbsp;Pomoc\u00ed \u201epravidla 80\/20\u201c zajist\u00edte zisky a z\u00e1rove\u0148 nech\u00e1te zisky r\u016fst.<\/li>\n <li><strong>P\u0159ekonat strach:<\/strong>&nbsp;Budujte d\u016fv\u011bru v obchodov\u00e1n\u00ed pomoc\u00ed \u201edat\u201c a \u201ediscipl\u00edny\u201c.<\/li>\n <li><strong>P\u0159eru\u0161it za\u010darovan\u00fd kruh:<\/strong>&nbsp;Vyhn\u011bte se odvetn\u00fdm obchod\u016fm pomoc\u00ed \u201etvrd\u00fdch pravidel\u201c.<\/li>\n<\/ul>\n<br>\n\n<!-- Section:&nbsp;N\u00e1hled obsahu e-knihy (What's Inside) -->\n<h4><strong>V t\u00e9to p\u0159\u00edru\u010dce se nau\u010d\u00edte, jak \u010delit:<\/strong>&nbsp;<\/h4>\n<ul>\n <li><strong>Past \u010d. 1:<\/strong>&nbsp;Chamtivost \u2013 \u201eM\u011bl bych vyd\u011blat je\u0161t\u011b v\u00edc!\u201c<\/li>\n <li><strong>Past \u010d. 2:<\/strong>&nbsp;Strach \u2013 \u201eBoj\u00edm se ztr\u00e1ty...\u201c<\/li>\n <li><strong>Past \u010d. 3:<\/strong>&nbsp;FOMO \u2013 \u201eBoj\u00edm se, \u017ee mi ute\u010de p\u0159\u00edle\u017eitost!\u201c<\/li>\n <li><strong>Past \u010d. 4:<\/strong>&nbsp;Odvetn\u00e9 obchodov\u00e1n\u00ed \u2013 \u201eMus\u00edm z\u00edskat pen\u00edze zp\u011bt!\u201c<\/li>\n <li><strong>Past \u010d. 5:<\/strong>&nbsp;Nadm\u011brn\u00e1 sebed\u016fv\u011bra \u2013 \u201eTe\u010f u\u017e nem\u016f\u017eu prohr\u00e1t!\u201c<\/li>\n<\/ul>\n<\/span><\/div><\/div>\n\t\t\t\t<\/div>\n\t\t\t\t\t<\/div>\n\t\t\t\t<\/div>\n\t\t\t\t<\/div>","protected":false},"excerpt":{"rendered":"<p>Pro\u010d dokonal\u00fd pl\u00e1n st\u00e1le vede ke ztr\u00e1t\u00e1m? St\u00e1hn\u011bte si zdarma pr\u016fvodce \u201eP\u0159ekon\u00e1n\u00ed 5 b\u011b\u017en\u00fdch psychologick\u00fdch past\u00ed\u201c, ve kter\u00e9m rozeb\u00edr\u00e1me chamtivost, strach, FOMO a dal\u0161\u00edch 5 nej\u010dast\u011bj\u0161\u00edch psychologick\u00fdch past\u00ed a nab\u00edz\u00edme konkr\u00e9tn\u00ed zp\u016fsoby, jak na n\u011b reagovat.<\/p>","protected":false},"author":1,"featured_media":57408,"parent":0,"menu_order":0,"comment_status":"closed","ping_status":"closed","template":"","meta":{"footnotes":""},"tags":[128],"class_list":["post-57464","page","type-page","status-publish","has-post-thumbnail","hentry","tag-no-google"],"_links":{"self":[{"href":"https:\/\/mister.forex\/cs\/wp-json\/wp\/v2\/pages\/57464","targetHints":{"allow":["GET"]}}],"collection":[{"href":"https:\/\/mister.forex\/cs\/wp-json\/wp\/v2\/pages"}],"about":[{"href":"https:\/\/mister.forex\/cs\/wp-json\/wp\/v2\/types\/page"}],"author":[{"embeddable":true,"href":"https:\/\/mister.forex\/cs\/wp-json\/wp\/v2\/users\/1"}],"replies":[{"embeddable":true,"href":"https:\/\/mister.forex\/cs\/wp-json\/wp\/v2\/comments?post=57464"}],"version-history":[{"count":0,"href":"https:\/\/mister.forex\/cs\/wp-json\/wp\/v2\/pages\/57464\/revisions"}],"wp:featuredmedia":[{"embeddable":true,"href":"https:\/\/mister.forex\/cs\/wp-json\/wp\/v2\/media\/57408"}],"wp:attachment":[{"href":"https:\/\/mister.forex\/cs\/wp-json\/wp\/v2\/media?parent=57464"}],"wp:term":[{"taxonomy":"post_tag","embeddable":true,"href":"https:\/\/mister.forex\/cs\/wp-json\/wp\/v2\/tags?post=57464"}],"curies":[{"name":"wp","href":"https:\/\/api.w.org\/{rel}","templated":true}]}}