{"id":59827,"date":"2025-10-09T02:26:46","date_gmt":"2025-10-08T18:26:46","guid":{"rendered":"https:\/\/mister.forex\/?page_id=59827"},"modified":"2025-12-03T03:34:44","modified_gmt":"2025-12-02T19:34:44","slug":"the-forex-trading-execution-bible","status":"publish","type":"page","link":"https:\/\/mister.forex\/cs\/the-forex-trading-execution-bible\/","title":{"rendered":"Bible prov\u00e1d\u011bn\u00ed forexov\u00e9ho obchodov\u00e1n\u00ed: Praktick\u00fd SOP od \u201ev\u011bd\u011bt\u201c k \u201ed\u011blat\u201c"},"content":{"rendered":"<div data-elementor-type=\"wp-page\" data-elementor-id=\"59827\" class=\"elementor elementor-59827\" data-elementor-post-type=\"page\">\n\t\t\t\t<div class=\"elementor-element elementor-element-9a261e9 e-flex e-con-boxed e-con e-parent\" data-id=\"9a261e9\" data-element_type=\"container\">\n\t\t\t\t\t<div class=\"e-con-inner\">\n\t\t\t\t<div class=\"elementor-element elementor-element-0f38502 elementor-icon-list--layout-inline elementor-list-item-link-inline elementor-widget elementor-widget-icon-list\" data-id=\"0f38502\" data-element_type=\"widget\" data-widget_type=\"icon-list.default\">\n\t\t\t\t\t\t\t<ul class=\"elementor-icon-list-items elementor-inline-items\">\n\t\t\t\t\t\t\t<li class=\"elementor-icon-list-item elementor-inline-item\">\n\t\t\t\t\t\t\t\t\t\t\t<a href=\"https:\/\/mister.forex\/cs\/ebook-hub\/\">\n\n\t\t\t\t\t\t\t\t\t\t\t\t<span class=\"elementor-icon-list-icon\">\n\t\t\t\t\t\t\t<svg aria-hidden=\"true\" class=\"e-font-icon-svg e-fas-reply\" viewbox=\"0 0 512 512\" xmlns=\"http:\/\/www.w3.org\/2000\/svg\"><path d=\"M8.309 189.836L184.313 37.851C199.719 24.546 224 35.347 224 56.015v80.053c160.629 1.839 288 34.032 288 186.258 0 61.441-39.581 122.309-83.333 154.132-13.653 9.931-33.111-2.533-28.077-18.631 45.344-145.012-21.507-183.51-176.59-185.742V360c0 20.7-24.3 31.453-39.687 18.164l-176.004-152c-11.071-9.562-11.086-26.753 0-36.328z\"><\/path><\/svg>\t\t\t\t\t\t<\/span>\n\t\t\t\t\t\t\t\t\t\t<span class=\"elementor-icon-list-text\">Zp\u011bt<\/span>\n\t\t\t\t\t\t\t\t\t\t\t<\/a>\n\t\t\t\t\t\t\t\t\t<\/li>\n\t\t\t\t\t\t<\/ul>\n\t\t\t\t\t\t<\/div>\n\t\t\t\t\t<\/div>\n\t\t\t\t<\/div>\n\t\t<div class=\"elementor-element elementor-element-05e34f2 e-flex e-con-boxed e-con e-parent\" data-id=\"05e34f2\" data-element_type=\"container\" data-settings=\"{&quot;background_background&quot;:&quot;classic&quot;}\">\n\t\t\t\t\t<div class=\"e-con-inner\">\n\t\t<div class=\"elementor-element elementor-element-928477a e-con-full e-flex e-con e-child\" data-id=\"928477a\" data-element_type=\"container\" data-settings=\"{&quot;background_background&quot;:&quot;classic&quot;}\">\n\t\t\t\t<div class=\"elementor-element elementor-element-2d61e89 elementor-widget elementor-widget-image\" data-id=\"2d61e89\" data-element_type=\"widget\" data-settings=\"{&quot;_animation&quot;:&quot;none&quot;}\" data-widget_type=\"image.default\">\n\t\t\t\t\t\t\t\t\t\t\t\t\t\t\t<img fetchpriority=\"high\" decoding=\"async\" width=\"188\" height=\"300\" src=\"https:\/\/mister.forex\/wp-content\/uploads\/2025\/10\/Book-4-Mockup-EN.webp\" class=\"attachment-thumbnail size-thumbnail wp-image-59802\" alt=\"Bible exekuce forexov\u00fdch obchod\u016f\" srcset=\"https:\/\/mister.forex\/wp-content\/uploads\/2025\/10\/Book-4-Mockup-EN.webp 1410w, https:\/\/mister.forex\/wp-content\/uploads\/2025\/10\/Book-4-Mockup-EN-313x500.webp 313w, https:\/\/mister.forex\/wp-content\/uploads\/2025\/10\/Book-4-Mockup-EN-752x1200.webp 752w, https:\/\/mister.forex\/wp-content\/uploads\/2025\/10\/Book-4-Mockup-EN-188x300.webp 188w, https:\/\/mister.forex\/wp-content\/uploads\/2025\/10\/Book-4-Mockup-EN-768x1226.webp 768w, https:\/\/mister.forex\/wp-content\/uploads\/2025\/10\/Book-4-Mockup-EN-963x1536.webp 963w, https:\/\/mister.forex\/wp-content\/uploads\/2025\/10\/Book-4-Mockup-EN-1283x2048.webp 1283w, https:\/\/mister.forex\/wp-content\/uploads\/2025\/10\/Book-4-Mockup-EN-8x12.webp 8w\" sizes=\"(max-width: 188px) 100vw, 188px\" \/>\t\t\t\t\t\t\t\t\t\t\t\t\t\t\t<\/div>\n\t\t\t\t<div class=\"elementor-element elementor-element-a1569ba elementor-widget elementor-widget-html\" data-id=\"a1569ba\" data-element_type=\"widget\" data-widget_type=\"html.default\">\n\t\t\t\t\t<script src=\"https:\/\/gumroad.com\/js\/gumroad.js\"><\/script>\n<a class=\"gumroad-button\" href=\"https:\/\/mrforex.gumroad.com\/l\/cobxuz\" rel=\"noopener\">Koupit nyn\u00ed<\/a>\t\t\t\t<\/div>\n\t\t\t\t<div class=\"elementor-element elementor-element-41d361c elementor-widget elementor-widget-heading\" data-id=\"41d361c\" data-element_type=\"widget\" data-widget_type=\"heading.default\">\n\t\t\t\t\t<span class=\"elementor-heading-title elementor-size-default\">Podporovan\u00e9 jazyky<\/span>\t\t\t\t<\/div>\n\t\t<div class=\"elementor-element elementor-element-6a6dad0 e-con-full e-flex e-con e-child\" data-id=\"6a6dad0\" data-element_type=\"container\">\n\t\t\t\t<div class=\"elementor-element elementor-element-44ffc6c elementor-align-center elementor-widget elementor-widget-button\" data-id=\"44ffc6c\" data-element_type=\"widget\" data-widget_type=\"button.default\">\n\t\t\t\t\t\t\t\t\t\t<a class=\"elementor-button elementor-size-sm\" role=\"button\">\n\t\t\t\t\t\t<span class=\"elementor-button-content-wrapper\">\n\t\t\t\t\t\t\t\t\t<span class=\"elementor-button-text\">\u7b80\u4f53\u4e2d\u6587<\/span>\n\t\t\t\t\t<\/span>\n\t\t\t\t\t<\/a>\n\t\t\t\t\t\t\t\t<\/div>\n\t\t\t\t<div class=\"elementor-element elementor-element-5fce700 elementor-align-center elementor-widget elementor-widget-button\" data-id=\"5fce700\" data-element_type=\"widget\" data-widget_type=\"button.default\">\n\t\t\t\t\t\t\t\t\t\t<a class=\"elementor-button elementor-size-sm\" role=\"button\">\n\t\t\t\t\t\t<span class=\"elementor-button-content-wrapper\">\n\t\t\t\t\t\t\t\t\t<span class=\"elementor-button-text\">\u7e41\u9ad4\u4e2d\u6587<\/span>\n\t\t\t\t\t<\/span>\n\t\t\t\t\t<\/a>\n\t\t\t\t\t\t\t\t<\/div>\n\t\t\t\t<div class=\"elementor-element elementor-element-7d063fa elementor-align-center elementor-widget elementor-widget-button\" data-id=\"7d063fa\" data-element_type=\"widget\" data-widget_type=\"button.default\">\n\t\t\t\t\t\t\t\t\t\t<a class=\"elementor-button elementor-size-sm\" role=\"button\">\n\t\t\t\t\t\t<span class=\"elementor-button-content-wrapper\">\n\t\t\t\t\t\t\t\t\t<span class=\"elementor-button-text\">English<\/span>\n\t\t\t\t\t<\/span>\n\t\t\t\t\t<\/a>\n\t\t\t\t\t\t\t\t<\/div>\n\t\t\t\t<\/div>\n\t\t\t\t<\/div>\n\t\t<div class=\"elementor-element elementor-element-9f32aa3 e-con-full e-flex e-con e-child\" data-id=\"9f32aa3\" data-element_type=\"container\" data-settings=\"{&quot;background_background&quot;:&quot;classic&quot;}\">\n\t\t<div class=\"elementor-element elementor-element-14ce0ce e-con-full e-flex e-con e-child\" data-id=\"14ce0ce\" data-element_type=\"container\">\n\t\t\t\t<div class=\"elementor-element elementor-element-b3a35b3 elementor-widget elementor-widget-heading\" data-id=\"b3a35b3\" data-element_type=\"widget\" data-widget_type=\"heading.default\">\n\t\t\t\t\t<h2 class=\"elementor-heading-title elementor-size-default\">Bible exekuce forexov\u00fdch obchod\u016f<\/h2>\t\t\t\t<\/div>\n\t\t\t\t<div class=\"elementor-element elementor-element-073be8c elementor-widget elementor-widget-heading\" data-id=\"073be8c\" data-element_type=\"widget\" data-widget_type=\"heading.default\">\n\t\t\t\t\t<h3 class=\"elementor-heading-title elementor-size-default\">Skoncujte s cyklem teoretick\u00fdch ztr\u00e1t! Toto je kompletn\u00ed syst\u00e9m realizace forexov\u00e9ho obchodov\u00e1n\u00ed, kter\u00fd v\u00e1m umo\u017en\u00ed \"v\u011bd\u011bt\" a \"\u010dinit\".<\/h3>\t\t\t\t<\/div>\n\t\t\t\t<div class=\"elementor-element elementor-element-d18e613 elementor-widget-divider--view-line elementor-widget elementor-widget-divider\" data-id=\"d18e613\" data-element_type=\"widget\" data-widget_type=\"divider.default\">\n\t\t\t\t\t\t\t<div class=\"elementor-divider\">\n\t\t\t<span class=\"elementor-divider-separator\">\n\t\t\t\t\t\t<\/span>\n\t\t<\/div>\n\t\t\t\t\t\t<\/div>\n\t\t\t\t<\/div>\n\t\t\t\t<div class=\"elementor-element elementor-element-7ac01e9 elementor-widget elementor-widget-html translation-block\" data-id=\"7ac01e9\" data-element_type=\"widget\" data-widget_type=\"html.default\"><span>\n<h2><strong>Posledn\u00ed m\u00edle od \u201ev\u011bd\u011bn\u00ed\u201c k \u201ed\u011bl\u00e1n\u00ed\u201c<\/strong><\/h2>\nPokud \u010dtete toto, pravd\u011bpodobn\u011b ji\u017e o obchodov\u00e1n\u00ed v\u00edte hodn\u011b. Rozum\u00edte struktu\u0159e trhu, studovali jste nespo\u010det technick\u00fdch indik\u00e1tor\u016f a dokonce um\u00edte v\u00fdmluvn\u011b hovo\u0159it o vzestupech a p\u00e1dech trhu.<br>\nNicm\u00e9n\u011b, ostr\u00e1 ot\u00e1zka z\u016fst\u00e1v\u00e1 a pron\u00e1sleduje v\u00e1s p\u0159i ka\u017ed\u00e9 pozdn\u011b no\u010dn\u00ed revizi: \u201ePro\u010d, kdy\u017e toho tolik v\u00edm, st\u00e1le nejsem schopen dos\u00e1hnout konzistentn\u00ed ziskovosti?\u201c\n<br><br>\nOdpov\u011b\u010f m\u016f\u017ee b\u00fdt jednodu\u0161\u0161\u00ed a t\u011b\u017e\u0161\u00ed p\u0159ijmout, ne\u017e si mysl\u00edte: proto\u017ee v brut\u00e1ln\u00ed h\u0159e s nulov\u00fdm sou\u010dtem forexov\u00e9ho obchodov\u00e1n\u00ed nen\u00ed v\u00edt\u011bzstv\u00ed nikdy ur\u010deno t\u00edm, kolik \u201ev\u00edte\u201c, ale t\u00edm, kolik m\u016f\u017eete konzistentn\u011b \u201ed\u011blat\u201c.\n<br><br>\nTato kniha je va\u0161\u00ed posledn\u00ed m\u00edl\u00ed od \u201ev\u011bd\u011bn\u00ed\u201c k \u201ed\u011bl\u00e1n\u00ed\u201c. Ned\u00e1me v\u00e1m dal\u0161\u00edch sto efektn\u00edch indik\u00e1tor\u016f ani m\u00fdtick\u00fd \u201eSvat\u00fd gr\u00e1l\u201c. M\u00edsto toho poskytneme n\u011bco mnohem cenn\u011bj\u0161\u00edho: kompletn\u00ed, replikovateln\u00fd \u201eStandardn\u00ed opera\u010dn\u00ed postup\u201c (SOP) pro prov\u00e1d\u011bn\u00ed.\n<br><br>\nToto nen\u00ed dal\u0161\u00ed u\u010debnice teorie; toto je praktick\u00e1 p\u0159\u00edru\u010dka pro \u201eakci\u201c. Nau\u010d\u00edte se:\n<br>\n<ul>\n  <li><strong>Zvl\u00e1dnout profesion\u00e1ln\u00ed p\u0159\u00edpravu p\u0159ed trhem:<\/strong> Nau\u010dte se denn\u00ed bojov\u00fd ritu\u00e1l, kter\u00fd vym\u00fdt\u00ed dohady a zajist\u00ed, \u017ee ka\u017ed\u00fd den vstoup\u00edte na trh s jasn\u00fdm, provediteln\u00fdm pl\u00e1nem.<\/li>\n  <li><strong>Prov\u00e1d\u011bt obchody A+ s p\u0159esnost\u00ed:<\/strong> Zvl\u00e1dn\u011bte dva z\u00e1kladn\u00ed, vysoce pravd\u011bpodobn\u00e9 taktick\u00e9 pl\u00e1ny pro sc\u00e9n\u00e1\u0159e \u201ePokra\u010dov\u00e1n\u00ed trendu\u201c i \u201eObr\u00e1cen\u00ed trendu\u201c.<\/li>\n  <li><strong>Maximalizovat zisky a minimalizovat rizika:<\/strong> Nau\u010dte se spr\u00e1vu pozic, pyramidov\u00e1n\u00ed do v\u00edt\u011bzn\u00fdch obchod\u016f a pou\u017e\u00edv\u00e1n\u00ed klouzav\u00fdch stop-loss\u016f zalo\u017een\u00fdch na struktu\u0159e trhu k uzam\u010den\u00ed va\u0161ich zisk\u016f.<\/li>\n  <li><strong>V\u00e9st sv\u00e9 obchodov\u00e1n\u00ed jako byznys:<\/strong> Prozkoumejte p\u0159esn\u00e9 strategie pro absolvov\u00e1n\u00ed v\u00fdzev prop firem, spr\u00e1vu financovan\u00fdch \u00fa\u010dt\u016f a vyu\u017eit\u00ed extern\u00edho kapit\u00e1lu k roz\u0161\u00ed\u0159en\u00ed va\u0161eho p\u0159\u00edjmu.<\/li>\n<\/ul>\n<br>\nTato kniha v\u00e1s prom\u011bn\u00ed z amat\u00e9ra ovlivn\u011bn\u00e9ho tr\u017en\u00edmi emocemi a chaotick\u00fdmi rozhodnut\u00edmi v profesion\u00e1ln\u00edho obchodn\u00edka s jasn\u00fdm procesem a \u017eeleznou discipl\u00ednou. Zastavte nekone\u010dn\u00fd cyklus u\u010den\u00ed a ztr\u00e1t. Je \u010das vybudovat si skute\u010dn\u00fd obchodn\u00ed byznys.\n<\/span><\/div>\n\t\t\t\t<\/div>\n\t\t\t\t\t<\/div>\n\t\t\t\t<\/div>\n\t\t\t\t<\/div>","protected":false},"excerpt":{"rendered":"<p>St\u00e1le bojujete s nekone\u010dn\u00fdm u\u010den\u00edm a ztr\u00e1tami? Tento syst\u00e9m prov\u00e1d\u011bn\u00ed forexov\u00fdch obchod\u016f je posledn\u00ed m\u00edl\u00ed postavenou pro v\u00e1s. Nemluv\u00edme o teorii, poskytujeme pouze replikovateln\u00fd standardn\u00ed opera\u010dn\u00ed postup, strategie s vysokou m\u00edrou v\u00fdher a dovednosti v oblasti spr\u00e1vy pen\u011bz, abyste se stali disciplinovan\u00fdm profesion\u00e1ln\u00edm obchodn\u00edkem a dos\u00e1hli neust\u00e1l\u00fdch zisk\u016f.<\/p>","protected":false},"author":1,"featured_media":59805,"parent":0,"menu_order":0,"comment_status":"closed","ping_status":"closed","template":"","meta":{"footnotes":""},"tags":[128],"class_list":["post-59827","page","type-page","status-publish","has-post-thumbnail","hentry","tag-no-google"],"_links":{"self":[{"href":"https:\/\/mister.forex\/cs\/wp-json\/wp\/v2\/pages\/59827","targetHints":{"allow":["GET"]}}],"collection":[{"href":"https:\/\/mister.forex\/cs\/wp-json\/wp\/v2\/pages"}],"about":[{"href":"https:\/\/mister.forex\/cs\/wp-json\/wp\/v2\/types\/page"}],"author":[{"embeddable":true,"href":"https:\/\/mister.forex\/cs\/wp-json\/wp\/v2\/users\/1"}],"replies":[{"embeddable":true,"href":"https:\/\/mister.forex\/cs\/wp-json\/wp\/v2\/comments?post=59827"}],"version-history":[{"count":0,"href":"https:\/\/mister.forex\/cs\/wp-json\/wp\/v2\/pages\/59827\/revisions"}],"wp:featuredmedia":[{"embeddable":true,"href":"https:\/\/mister.forex\/cs\/wp-json\/wp\/v2\/media\/59805"}],"wp:attachment":[{"href":"https:\/\/mister.forex\/cs\/wp-json\/wp\/v2\/media?parent=59827"}],"wp:term":[{"taxonomy":"post_tag","embeddable":true,"href":"https:\/\/mister.forex\/cs\/wp-json\/wp\/v2\/tags?post=59827"}],"curies":[{"name":"wp","href":"https:\/\/api.w.org\/{rel}","templated":true}]}}