{"id":61945,"date":"2025-12-04T19:14:13","date_gmt":"2025-12-04T11:14:13","guid":{"rendered":"https:\/\/mister.forex\/?page_id=61945"},"modified":"2026-04-20T17:04:35","modified_gmt":"2026-04-20T09:04:35","slug":"trust-standards","status":"publish","type":"page","link":"https:\/\/mister.forex\/cs\/trust-standards\/","title":{"rendered":"D\u016fv\u011bra a standardy: Metodika hodnocen\u00ed, redak\u010dn\u00ed z\u00e1sady a transparentnost | Mr.Forex"},"content":{"rendered":"<div data-elementor-type=\"wp-page\" data-elementor-id=\"61945\" class=\"elementor elementor-61945\" data-elementor-post-type=\"page\">\n\t\t\t\t<div class=\"elementor-element elementor-element-1b09601 e-flex e-con-boxed e-con e-parent\" data-id=\"1b09601\" data-element_type=\"container\" data-settings=\"{&quot;background_background&quot;:&quot;classic&quot;}\">\n\t\t\t\t\t<div class=\"e-con-inner\">\n\t\t<div class=\"elementor-element elementor-element-613ccf5 e-flex e-con-boxed e-con e-child\" data-id=\"613ccf5\" data-element_type=\"container\">\n\t\t\t\t\t<div class=\"e-con-inner\">\n\t\t\t\t<div class=\"elementor-element elementor-element-81faed3 elementor-widget elementor-widget-heading\" data-id=\"81faed3\" data-element_type=\"widget\" data-widget_type=\"heading.default\">\n\t\t\t\t\t<h1 class=\"elementor-heading-title elementor-size-default\">D\u016fv\u011bra a standardy<\/h1>\t\t\t\t<\/div>\n\t\t\t\t\t<\/div>\n\t\t\t\t<\/div>\n\t\t\t\t<div class=\"elementor-element elementor-element-7907151 elementor-widget__width-inherit elementor-absolute elementor-widget elementor-widget-image\" data-id=\"7907151\" data-element_type=\"widget\" data-settings=\"{&quot;_position&quot;:&quot;absolute&quot;}\" data-widget_type=\"image.default\">\n\t\t\t\t\t\t\t\t\t\t\t\t\t\t\t<img fetchpriority=\"high\" decoding=\"async\" width=\"500\" height=\"281\" src=\"https:\/\/mister.forex\/wp-content\/uploads\/2024\/02\/services-2-500x281.webp\" class=\"attachment-medium size-medium wp-image-4104\" alt=\"\" srcset=\"https:\/\/mister.forex\/wp-content\/uploads\/2024\/02\/services-2-500x281.webp 500w, https:\/\/mister.forex\/wp-content\/uploads\/2024\/02\/services-2-600x337.webp 600w, https:\/\/mister.forex\/wp-content\/uploads\/2024\/02\/services-2-1200x675.webp 1200w, https:\/\/mister.forex\/wp-content\/uploads\/2024\/02\/services-2-300x169.webp 300w, https:\/\/mister.forex\/wp-content\/uploads\/2024\/02\/services-2-768x432.webp 768w, https:\/\/mister.forex\/wp-content\/uploads\/2024\/02\/services-2.webp 1366w\" sizes=\"(max-width: 500px) 100vw, 500px\" \/>\t\t\t\t\t\t\t\t\t\t\t\t\t\t\t<\/div>\n\t\t\t\t\t<\/div>\n\t\t\t\t<\/div>\n\t\t<div class=\"elementor-element elementor-element-ac84467 e-flex e-con-boxed e-con e-parent\" data-id=\"ac84467\" data-element_type=\"container\">\n\t\t\t\t\t<div class=\"e-con-inner\">\n\t\t\t\t<div class=\"elementor-element elementor-element-562ecf4 elementor-widget elementor-widget-spacer\" data-id=\"562ecf4\" data-element_type=\"widget\" data-widget_type=\"spacer.default\">\n\t\t\t\t\t\t\t<div class=\"elementor-spacer\">\n\t\t\t<div class=\"elementor-spacer-inner\"><\/div>\n\t\t<\/div>\n\t\t\t\t\t\t<\/div>\n\t\t\t\t<div class=\"elementor-element elementor-element-c5656c6 elementor-widget elementor-widget-html translation-block\" data-id=\"c5656c6\" data-element_type=\"widget\" data-widget_type=\"html.default\"><span>\nV Mr.Forex pevn\u011b v\u011b\u0159\u00edme, \u017ee ve sv\u011bt\u011b finan\u010dn\u00edho obchodov\u00e1n\u00ed je pravda t\u00edm nejcenn\u011bj\u0161\u00edm aktivem.<br>\n<br>\nN\u00e1\u0161 obsah vych\u00e1z\u00ed z re\u00e1ln\u00e9 tr\u017en\u00ed exekuce, p\u0159\u00edsn\u00e9ho zp\u011btn\u00e9ho testov\u00e1n\u00ed dat a nasazen\u00ed vlastn\u00edch prost\u0159edk\u016f. Na t\u00e9to str\u00e1nce jsme propojili \u201eMetodiku hodnocen\u00ed\u201c, \u201eRedak\u010dn\u00ed z\u00e1sady\u201c a \u201eZve\u0159ejn\u011bn\u00ed reklamy\u201c, abychom v\u00e1m poskytli transparentn\u00ed informace o tom, jak fungujeme a testujeme.<br>\n<br>\n<h2><strong>1. Metodika hodnocen\u00ed<\/strong><\/h2>\nP\u0159i psan\u00ed recenz\u00ed nespol\u00e9h\u00e1me na marketingov\u00e9 bro\u017eury. K z\u00e1t\u011b\u017eov\u00e9mu testov\u00e1n\u00ed broker\u016f a softwaru pou\u017e\u00edv\u00e1me standardy institucion\u00e1ln\u00ed \u00farovn\u011b. D\u00edky zku\u0161enostem z propriet\u00e1rn\u00edho obchodov\u00e1n\u00ed hodnot\u00edme obchodn\u00ed prost\u0159ed\u00ed z profesion\u00e1ln\u00edch perspektiv, kter\u00e9 drobn\u00ed obchodn\u00edci \u010dasto p\u0159ehl\u00ed\u017eej\u00ed.<br>\n<br>\n<strong>Jak testujeme brokery a infrastrukturu:<\/strong>\n<ul>\n    <li><strong>Re\u00e1ln\u00e1 exekuce:<\/strong> Vkl\u00e1d\u00e1me vlastn\u00ed prost\u0159edky na skute\u010dn\u00e9 obchodn\u00ed \u00fa\u010dty, abychom ov\u011b\u0159ili re\u00e1ln\u00e9 podm\u00ednky.<\/li>\n    <li><strong>Sledov\u00e1n\u00ed latence:<\/strong> Vyu\u017e\u00edv\u00e1me VPS servery v hlavn\u00edch finan\u010dn\u00edch centrech (jako Equinix NY4 a LD4) pro nep\u0159etr\u017eit\u00e9 sledov\u00e1n\u00ed stability a pingu.<\/li>\n    <li><strong>Slippage a spready:<\/strong> Zaznamen\u00e1v\u00e1me n\u00e1klady b\u011bhem vysok\u00e9 volatility (nap\u0159. NFP, FOMC), abychom odhalili skryt\u00e9 p\u0159ir\u00e1\u017eky nebo \u0161kodliv\u00e9 skluzy.<\/li>\n    <li><strong>Kontrola v\u00fdb\u011br\u016f:<\/strong> Anonymn\u011b testujeme proces v\u00fdb\u011bru, abychom ov\u011b\u0159ili rychlost p\u0159ips\u00e1n\u00ed a skryt\u00e9 poplatky.<\/li>\n<\/ul>\n<br>\n<strong>Jak testujeme strategie (EA) a sign\u00e1ly:<\/strong>\n<ul>\n    <li><strong>P\u0159esnost dat:<\/strong> V\u0161echny algoritmy jsou testov\u00e1ny na Tick datech s vysokou p\u0159esnost\u00ed pro simulaci re\u00e1ln\u00e9ho spreadu.<\/li>\n    <li><strong>Kontrola robustnosti:<\/strong> Prov\u00e1d\u00edme simulace Monte Carlo a Walk-forward anal\u00fdzu, abychom zajistili, \u017ee strategie nejsou p\u0159eoptimalizovan\u00e9 na historick\u00e1 data.<\/li>\n<\/ul>\n<br>\n<h2><strong>2. Redak\u010dn\u00ed z\u00e1sady a nez\u00e1vislost<\/strong><\/h2>\nNa\u0161\u00edm c\u00edlem je poskytovat nestrann\u00e9 informace. Pro zachov\u00e1n\u00ed integrity dodr\u017eujeme tyto z\u00e1sady:<br>\n<ul>\n    <li><strong>P\u0159\u00edsn\u00e1 nez\u00e1vislost:<\/strong> Redak\u010dn\u00ed t\u00fdm funguje nez\u00e1visle na obchodn\u00edm t\u00fdmu. \u017d\u00e1dn\u00fd broker ani dodavatel nem\u016f\u017ee platbou ovlivnit hodnocen\u00ed.<\/li>\n    <li><strong>Ov\u011b\u0159ov\u00e1n\u00ed daty:<\/strong> Ka\u017ed\u00e9 tvrzen\u00ed je kontrolov\u00e1no v datab\u00e1z\u00edch regul\u00e1tor\u016f (nap\u0159. FCA, ASIC) a intern\u00edch datech.<\/li>\n    <li><strong>Korek\u010dn\u00ed mechanismus:<\/strong> Pokud zjist\u00edme chybu, okam\u017eit\u011b ji oprav\u00edme a jasn\u011b uvedeme datum aktualizace.<\/li>\n    <li><strong>Objektivn\u00ed t\u00f3n:<\/strong> Vyh\u00fdb\u00e1me se nads\u00e1zce. Rizika uv\u00e1d\u00edme stejn\u011b jasn\u011b jako potenci\u00e1ln\u00ed v\u00fdnosy.<\/li>\n<\/ul>\n<br>\n<h2><strong>3. Zve\u0159ejn\u011bn\u00ed reklamy a affiliate partnerstv\u00ed<\/strong><\/h2>\nTransparentnost se t\u00fdk\u00e1 i na\u0161eho obchodn\u00edho modelu. Provoz kvantitativn\u00ed laborato\u0159e je n\u00e1kladn\u00fd. Aby byl obsah zdarma, vyu\u017e\u00edv\u00e1 Mr.Forex affiliate model.<br>\n<ul>\n    <li><strong>Jak to funguje:<\/strong> N\u011bkter\u00e9 odkazy jsou provizn\u00ed. Pokud na n\u011b kliknete a zakoup\u00edte slu\u017ebu, m\u016f\u017eeme z\u00edskat provizi.<\/li>\n    <li><strong>\u017d\u00e1dn\u00e9 n\u00e1klady nav\u00edc:<\/strong> Pro v\u00e1s to neznamen\u00e1 \u017e\u00e1dn\u00e9 v\u00edcen\u00e1klady. \u010casto d\u00edky na\u0161\u00ed vyjedn\u00e1vac\u00ed s\u00edle z\u00edsk\u00e1me pro \u010dten\u00e1\u0159e lep\u0161\u00ed sazby.<\/li>\n    <li><strong>Integrita prioritou:<\/strong> Partnerstv\u00ed nikdy neovliv\u0148uje na\u0161e hodnocen\u00ed. Pokud partner poskytuje nekvalitn\u00ed slu\u017eby, nap\u00ed\u0161eme to. D\u016fv\u011bra u\u017eivatel\u016f je nad\u0159azena kr\u00e1tkodob\u00fdm proviz\u00edm.<\/li>\n<\/ul>\n<\/span><\/div>\n\t\t\t\t<div class=\"elementor-element elementor-element-97e0b25 elementor-widget elementor-widget-spacer\" data-id=\"97e0b25\" data-element_type=\"widget\" data-widget_type=\"spacer.default\">\n\t\t\t\t\t\t\t<div class=\"elementor-spacer\">\n\t\t\t<div class=\"elementor-spacer-inner\"><\/div>\n\t\t<\/div>\n\t\t\t\t\t\t<\/div>\n\t\t\t\t\t<\/div>\n\t\t\t\t<\/div>\n\t\t<div class=\"elementor-element elementor-element-d617afe e-flex e-con-boxed e-con e-parent\" data-id=\"d617afe\" data-element_type=\"container\">\n\t\t\t\t\t<div class=\"e-con-inner\">\n\t\t\t\t<div class=\"elementor-element elementor-element-3e2da3e elementor-widget elementor-widget-html\" data-id=\"3e2da3e\" data-element_type=\"widget\" data-widget_type=\"html.default\">\n\t\t\t\t\t<script type=\"application\/ld+json\">{\n    \"@context\": \"https:\\\/\\\/schema.org\",\n    \"@graph\": [\n        {\n            \"@type\": \"WebPage\",\n            \"@id\": \"https:\\\/\\\/mister.forex\\\/trust-standards\\\/#webpage\",\n            \"url\": \"https:\\\/\\\/mister.forex\\\/trust-standards\\\/\",\n            \"name\": \"\\u4fe1\\u4efb\\u548c\\u6a19\\u6e96\\uff1a\\u8a55\\u6e2c\\u65b9\\u6cd5\\u3001\\u7de8\\u8f2f\\u6e96\\u5247\\u8207\\u900f\\u660e\\u5ea6\\u62ab\\u9732 | Mr.Forex\",\n            \"description\": \"\\u4e86\\u89e3 Mr.Forex \\u5982\\u4f55\\u5efa\\u7acb\\u4fe1\\u4efb\\u3002\\u6211\\u5011\\u516c\\u958b\\u8a55\\u6e2c\\u65b9\\u6cd5\\uff0c\\u900f\\u904e\\u81ea\\u6709\\u8cc7\\u91d1\\u5be6\\u76e4\\u6e2c\\u8a66\\u7d93\\u7d00\\u5546\\u3001\\u56b4\\u683c\\u6578\\u64da\\u56de\\u6e2c\\u7b56\\u7565\\uff0c\\u4e26\\u5805\\u6301\\u7de8\\u8f2f\\u7368\\u7acb\\u6027\\u3002\\u67e5\\u770b\\u6211\\u5011\\u7684\\u5ee3\\u544a\\u63ed\\u9732\\u8207\\u904b\\u4f5c\\u6a19\\u6e96\\uff0c\\u78ba\\u4fdd\\u60a8\\u7372\\u53d6\\u6700\\u516c\\u6b63\\u7684\\u4ea4\\u6613\\u60c5\\u5831\\u3002\",\n            \"isPartOf\": {\n                \"@id\": \"https:\\\/\\\/mister.forex\\\/#website\"\n            },\n            \"about\": {\n                \"@id\": \"https:\\\/\\\/mister.forex\\\/#organization\"\n            },\n            \"inLanguage\": \"zh-TW\"\n        },\n        {\n            \"@type\": \"WebSite\",\n            \"@id\": \"https:\\\/\\\/mister.forex\\\/#website\",\n            \"url\": \"https:\\\/\\\/mister.forex\\\/\",\n            \"name\": \"Mr.Forex\",\n            \"alternateName\": \"Mister Forex\",\n            \"publisher\": {\n                \"@id\": \"https:\\\/\\\/mister.forex\\\/#organization\"\n            },\n            \"inLanguage\": \"zh-TW\"\n        },\n        {\n            \"@type\": [\n                \"FinancialService\",\n                \"Organization\"\n            ],\n            \"@id\": \"https:\\\/\\\/mister.forex\\\/#organization\",\n            \"name\": \"Mr.Forex\",\n            \"legalName\": \"Shine Wealth Co., Ltd.\",\n            \"publishingPrinciples\": \"https:\\\/\\\/mister.forex\\\/trust-standards\\\/\",\n            \"url\": \"https:\\\/\\\/mister.forex\\\/\",\n            \"email\": \"support@mister.forex\",\n            \"telephone\": \"+886 2 8751 5503\",\n            \"sameAs\": [\n                \"https:\\\/\\\/www.linkedin.com\\\/company\\\/mister-forex\\\/\",\n                \"https:\\\/\\\/www.instagram.com\\\/mr.forex888\\\/\",\n                \"https:\\\/\\\/www.instagram.com\\\/mr.forex777\\\/\",\n                \"https:\\\/\\\/www.trustpilot.com\\\/review\\\/mister.forex\\\/\",\n                \"https:\\\/\\\/www.fazzaco.com\\\/companydetail\\\/mrforex-mister-forex\\\/\",\n                \"https:\\\/\\\/www.myfxbook.com\\\/members\\\/misterforex888\\\/\",\n                \"https:\\\/\\\/www.myfxbook.com\\\/reviews\\\/rebate-programs\\\/mrforex\\\/3302728,1\\\/\",\n                \"https:\\\/\\\/www.myfxbook.com\\\/reviews\\\/signal-providers\\\/mrforex\\\/3310068,1\\\/\",\n                \"https:\\\/\\\/ib.fx110.com\\\/ib\\\/3387\\\/\",\n                \"https:\\\/\\\/www.google.com\\\/viewer\\\/place?mid=\\\/g\\\/11z603zvrd\"\n            ],\n            \"logo\": {\n                \"@type\": \"ImageObject\",\n                \"url\": \"https:\\\/\\\/mister.forex\\\/wp-content\\\/uploads\\\/2026\\\/03\\\/mrforex-512x512-white.png\"\n            },\n            \"address\": {\n                \"@type\": \"PostalAddress\",\n                \"streetAddress\": \"2 F., No. 12, Zhouzi St., Neihu Dist.,\",\n                \"addressLocality\": \"Taipei City\",\n                \"addressRegion\": \"Taiwan (R.O.C.)\",\n                \"postalCode\": \"114064\",\n                \"addressCountry\": \"TW\"\n            },\n            \"parentOrganization\": {\n                \"@id\": \"https:\\\/\\\/mister.forex\\\/#parentOrganization\"\n            },\n            \"founder\": [\n                {\n                    \"@id\": \"https:\\\/\\\/mister.forex\\\/#founder-joe\"\n                },\n                {\n                    \"@id\": \"https:\\\/\\\/mister.forex\\\/#founder-john\"\n                }\n            ],\n            \"aggregateRating\": {\n                \"@type\": \"AggregateRating\",\n                \"ratingValue\": \"4.91\",\n                \"reviewCount\": \"135\",\n                \"bestRating\": \"5\",\n                \"worstRating\": \"1\"\n            }\n        },\n        {\n            \"@type\": \"Organization\",\n            \"@id\": \"https:\\\/\\\/mister.forex\\\/#parentOrganization\",\n            \"name\": \"Shine Wealth Co., Ltd.\",\n            \"alternateName\": \"Shine Wealth Strategies\",\n            \"url\": \"https:\\\/\\\/shinewealth.co\\\/en\",\n            \"leiCode\": \"300300VWJ2VA9TKZUM85\",\n            \"taxID\": \"85127140\",\n            \"sameAs\": [\n                \"https:\\\/\\\/www.crunchbase.com\\\/organization\\\/shine-wealth-strategies\",\n                \"https:\\\/\\\/findbiz.nat.gov.tw\\\/fts\\\/query\\\/QueryBar\\\/queryInit.do?banNo=85127140\",\n                \"https:\\\/\\\/search.gleif.org\\\/#\\\/record\\\/300300VWJ2VA9TKZUM85\",\n                \"https:\\\/\\\/www.linkedin.com\\\/company\\\/shine-wealth-strategies\"\n            ],\n            \"subOrganization\": [\n                {\n                    \"@type\": \"Organization\",\n                    \"name\": \"DT Media Lab\",\n                    \"description\": \"A premier digital media lab under Shine Wealth Strategies, specializing in lifestyle and entertainment content with over 700 million cumulative views.\",\n                    \"award\": \"1.1M+ Total followers & subscription\",\n                    \"sameAs\": [\n                        \"https:\\\/\\\/www.youtube.com\\\/@DietTomorrowFood\",\n                        \"https:\\\/\\\/www.tiktok.com\\\/@dt.foodie\",\n                        \"https:\\\/\\\/www.instagram.com\\\/dt.foodie\\\/\"\n                    ]\n                }\n            ]\n        },\n        {\n            \"@type\": \"Person\",\n            \"@id\": \"https:\\\/\\\/mister.forex\\\/#founder-joe\",\n            \"name\": \"Ciao Hong Jheng\",\n            \"alternateName\": \"Joe\",\n            \"jobTitle\": \"Co-Founder\",\n            \"email\": \"joe@mister.forex\",\n            \"description\": \"Expert in quantitative strategy development with extensive professional experience in the IT sector.\",\n            \"sameAs\": [\n                \"https:\\\/\\\/www.crunchbase.com\\\/person\\\/ciao-hong-jheng\",\n                \"https:\\\/\\\/www.linkedin.com\\\/in\\\/ciao-hong-jheng-joe\\\/\",\n                \"https:\\\/\\\/www.myfxbook.com\\\/members\\\/sw85127140\",\n                \"https:\\\/\\\/www.followme.com\\\/c\\\/22699319\",\n                \"https:\\\/\\\/www.followme.com\\\/u\\\/869619\"\n            ]\n        },\n        {\n            \"@type\": \"Person\",\n            \"@id\": \"https:\\\/\\\/mister.forex\\\/#founder-john\",\n            \"name\": \"Yi Hsiu Tsai\",\n            \"alternateName\": \"John\",\n            \"jobTitle\": \"Co-Founder\",\n            \"email\": \"john@mister.forex\",\n            \"description\": \"Academic background in finance, responsible for the operational execution and strategic management of the brand.\",\n            \"sameAs\": [\n                \"https:\\\/\\\/www.crunchbase.com\\\/person\\\/yi-hsiu-tsai\",\n                \"https:\\\/\\\/www.linkedin.com\\\/in\\\/yi-hsiu-tsai-john\\\/\",\n                \"https:\\\/\\\/www.myfxbook.com\\\/members\\\/sagen520\"\n            ]\n        }\n    ]\n}<\/script>\t\t\t\t<\/div>\n\t\t\t\t\t<\/div>\n\t\t\t\t<\/div>\n\t\t\t\t<\/div>","protected":false},"excerpt":{"rendered":"<p>Zjist\u011bte, jak Mr.Forex buduje d\u016fv\u011bru. Zve\u0159ej\u0148ujeme metodiku, testujeme brokery s vlastn\u00edmi prost\u0159edky a dr\u017e\u00edme si redak\u010dn\u00ed nez\u00e1vislost. Prohl\u00e9dn\u011bte si na\u0161e standardy pro nejobjektivn\u011bj\u0161\u00ed obchodn\u00ed informace.<\/p>","protected":false},"author":1,"featured_media":4093,"parent":0,"menu_order":0,"comment_status":"closed","ping_status":"closed","template":"","meta":{"footnotes":""},"tags":[],"class_list":["post-61945","page","type-page","status-publish","has-post-thumbnail","hentry"],"_links":{"self":[{"href":"https:\/\/mister.forex\/cs\/wp-json\/wp\/v2\/pages\/61945","targetHints":{"allow":["GET"]}}],"collection":[{"href":"https:\/\/mister.forex\/cs\/wp-json\/wp\/v2\/pages"}],"about":[{"href":"https:\/\/mister.forex\/cs\/wp-json\/wp\/v2\/types\/page"}],"author":[{"embeddable":true,"href":"https:\/\/mister.forex\/cs\/wp-json\/wp\/v2\/users\/1"}],"replies":[{"embeddable":true,"href":"https:\/\/mister.forex\/cs\/wp-json\/wp\/v2\/comments?post=61945"}],"version-history":[{"count":30,"href":"https:\/\/mister.forex\/cs\/wp-json\/wp\/v2\/pages\/61945\/revisions"}],"predecessor-version":[{"id":70512,"href":"https:\/\/mister.forex\/cs\/wp-json\/wp\/v2\/pages\/61945\/revisions\/70512"}],"wp:featuredmedia":[{"embeddable":true,"href":"https:\/\/mister.forex\/cs\/wp-json\/wp\/v2\/media\/4093"}],"wp:attachment":[{"href":"https:\/\/mister.forex\/cs\/wp-json\/wp\/v2\/media?parent=61945"}],"wp:term":[{"taxonomy":"post_tag","embeddable":true,"href":"https:\/\/mister.forex\/cs\/wp-json\/wp\/v2\/tags?post=61945"}],"curies":[{"name":"wp","href":"https:\/\/api.w.org\/{rel}","templated":true}]}}