{"id":6209,"date":"2024-03-02T19:37:13","date_gmt":"2024-03-02T11:37:13","guid":{"rendered":"http:\/\/192.168.0.254\/?page_id=6209"},"modified":"2026-04-18T02:49:46","modified_gmt":"2026-04-17T18:49:46","slug":"terms","status":"publish","type":"page","link":"https:\/\/mister.forex\/cs\/terms\/","title":{"rendered":"Podm\u00ednky slu\u017eby a pr\u00e1vn\u00ed prohl\u00e1\u0161en\u00ed | Mr.Forex"},"content":{"rendered":"<div data-elementor-type=\"wp-page\" data-elementor-id=\"6209\" class=\"elementor elementor-6209\" data-elementor-post-type=\"page\">\n\t\t\t\t<div class=\"elementor-element elementor-element-1a1c01d e-flex e-con-boxed e-con e-parent\" data-id=\"1a1c01d\" data-element_type=\"container\" data-settings=\"{&quot;background_background&quot;:&quot;classic&quot;}\">\n\t\t\t\t\t<div class=\"e-con-inner\">\n\t\t<div class=\"elementor-element elementor-element-9b1b493 e-flex e-con-boxed e-con e-child\" data-id=\"9b1b493\" data-element_type=\"container\">\n\t\t\t\t\t<div class=\"e-con-inner\">\n\t\t\t\t<div class=\"elementor-element elementor-element-d53c7ca elementor-widget elementor-widget-heading\" data-id=\"d53c7ca\" data-element_type=\"widget\" data-widget_type=\"heading.default\">\n\t\t\t\t\t<h1 class=\"elementor-heading-title elementor-size-default\">Podm\u00ednky pou\u017eit\u00ed<\/h1>\t\t\t\t<\/div>\n\t\t\t\t\t<\/div>\n\t\t\t\t<\/div>\n\t\t\t\t<div class=\"elementor-element elementor-element-1e799c7 elementor-widget__width-inherit elementor-absolute elementor-widget elementor-widget-image\" data-id=\"1e799c7\" data-element_type=\"widget\" data-settings=\"{&quot;_position&quot;:&quot;absolute&quot;}\" data-widget_type=\"image.default\">\n\t\t\t\t\t\t\t\t\t\t\t\t\t\t\t<img fetchpriority=\"high\" decoding=\"async\" width=\"500\" height=\"281\" src=\"https:\/\/mister.forex\/wp-content\/uploads\/2025\/12\/TC-500x281.webp\" class=\"attachment-medium size-medium wp-image-62793\" alt=\"\" srcset=\"https:\/\/mister.forex\/wp-content\/uploads\/2025\/12\/TC-500x281.webp 500w, https:\/\/mister.forex\/wp-content\/uploads\/2025\/12\/TC-300x169.webp 300w, https:\/\/mister.forex\/wp-content\/uploads\/2025\/12\/TC-768x432.webp 768w, https:\/\/mister.forex\/wp-content\/uploads\/2025\/12\/TC-18x10.webp 18w, https:\/\/mister.forex\/wp-content\/uploads\/2025\/12\/TC.webp 1200w\" sizes=\"(max-width: 500px) 100vw, 500px\" \/>\t\t\t\t\t\t\t\t\t\t\t\t\t\t\t<\/div>\n\t\t\t\t\t<\/div>\n\t\t\t\t<\/div>\n\t\t<div class=\"elementor-element elementor-element-440b919 e-flex e-con-boxed e-con e-parent\" data-id=\"440b919\" data-element_type=\"container\">\n\t\t\t\t\t<div class=\"e-con-inner\">\n\t\t\t\t<div class=\"elementor-element elementor-element-87f0330 elementor-widget elementor-widget-spacer\" data-id=\"87f0330\" data-element_type=\"widget\" data-widget_type=\"spacer.default\">\n\t\t\t\t\t\t\t<div class=\"elementor-spacer\">\n\t\t\t<div class=\"elementor-spacer-inner\"><\/div>\n\t\t<\/div>\n\t\t\t\t\t\t<\/div>\n\t\t\t\t<div class=\"elementor-element elementor-element-0afc9c9 elementor-widget elementor-widget-html translation-block\" data-id=\"0afc9c9\" data-element_type=\"widget\" data-widget_type=\"html.default\"><span>\nV\u00edtejte na Mr.Forex (d\u00e1le jen \u201etento web\u201c). Abychom v\u00e1m zajistili bezpe\u010dn\u00fd a bezprobl\u00e9mov\u00fd z\u00e1\u017eitek p\u0159i pou\u017e\u00edv\u00e1n\u00ed r\u016fzn\u00fdch slu\u017eeb a informac\u00ed na na\u0161em webu, p\u0159e\u010dt\u011bte si pros\u00edm pe\u010dliv\u011b n\u00e1sleduj\u00edc\u00ed informace. P\u0159\u00edstupem na tento web nebo jeho pou\u017e\u00edv\u00e1n\u00edm vyjad\u0159ujete souhlas s n\u00e1sleduj\u00edc\u00edmi podm\u00ednkami:<br>\n<br>\n<h2><strong>1. Omezen\u00ed slu\u017eeb<\/strong><\/h2>\nTento web neposkytuje slu\u017eby rezident\u016fm konkr\u00e9tn\u00edch zem\u00ed, jako jsou Spojen\u00e9 st\u00e1ty, Tchaj-wan, Kanada, Izrael, Nov\u00fd Z\u00e9land, \u00cdr\u00e1n a Severn\u00ed Korea, ani zem\u00edm\/region\u016fm, kde by distribuce nebo pou\u017e\u00edv\u00e1n\u00ed poru\u0161ovalo m\u00edstn\u00ed z\u00e1kony nebo p\u0159edpisy. Pokud se nach\u00e1z\u00edte ve v\u00fd\u0161e uveden\u00fdch oblastech, okam\u017eit\u011b tento web opus\u0165te.<br>\n<br>\n<h2><strong>2. V\u011bk a svobodn\u00e1 v\u016fle<\/strong><\/h2>\nMus\u00ed v\u00e1m b\u00fdt alespo\u0148 18 let nebo mus\u00edte b\u00fdt zletil\u00ed podle z\u00e1kon\u016f va\u0161\u00ed zem\u011b. Pou\u017e\u00edv\u00e1n\u00edm slu\u017eeb tohoto webu potvrzujete, \u017ee tak \u010din\u00edte ze sv\u00e9 vlastn\u00ed svobodn\u00e9 v\u016fle a na vlastn\u00ed aktivn\u00ed \u017e\u00e1dost, a nikoli v reakci na jakoukoli formu aktivn\u00edho nab\u00edzen\u00ed nebo marketingu z tohoto webu.<br>\n<br>\n<h2><strong>3. Pou\u017e\u00edv\u00e1n\u00ed webu a slu\u017eeb<\/strong><\/h2>\nTento web nesm\u011b\u0159uje sv\u00e9 webov\u00e9 str\u00e1nky a slu\u017eby na \u017e\u00e1dnou osobu v \u017e\u00e1dn\u00e9 zemi, kde je jejich pou\u017e\u00edv\u00e1n\u00ed zak\u00e1z\u00e1no m\u00edstn\u00edmi z\u00e1kony nebo p\u0159edpisy. P\u0159i p\u0159\u00edstupu na tento web ze zem\u011b, kde m\u016f\u017ee b\u00fdt jeho pou\u017e\u00edv\u00e1n\u00ed zak\u00e1z\u00e1no, je u\u017eivatel odpov\u011bdn\u00fd za zaji\u0161t\u011bn\u00ed toho, aby jak\u00e9koli pou\u017eit\u00ed webu nebo slu\u017eeb bylo v souladu s m\u00edstn\u00edmi z\u00e1kony nebo p\u0159edpisy. Tento web nepotvrzuje, \u017ee informace na n\u011bm uveden\u00e9 jsou pou\u017eiteln\u00e9 pro v\u0161echny jurisdikce.<br>\n<br>\n<h2><strong>4. Pr\u00e1vn\u00ed odpov\u011bdnost<\/strong><\/h2>\nP\u0159edpokl\u00e1d\u00e1me, \u017ee jste zp\u016fsobil\u00ed k leg\u00e1ln\u00edmu n\u00e1kupu a pou\u017e\u00edv\u00e1n\u00ed na\u0161ich produkt\u016f. Je va\u0161\u00ed odpov\u011bdnost\u00ed zajistit dodr\u017eov\u00e1n\u00ed glob\u00e1ln\u00edch i m\u00edstn\u00edch z\u00e1kon\u016f a p\u0159edpis\u016f. Neneseme odpov\u011bdnost za jak\u00e9koli \u0161kody nebo \u017ealoby vznesen\u00e9 proti v\u00e1m v d\u016fsledku takov\u00fdch p\u0159edpis\u016f.<br>\n<br>\n<h2><strong>5. Pravidlo CFTC 4.41 (Prohl\u00e1\u0161en\u00ed o hypotetick\u00e9 v\u00fdkonnosti)<\/strong><\/h2>\nPRAVIDLO CFTC 4.41: HYPOTETICK\u00c9 NEBO SIMULOVAN\u00c9 V\u00ddSLEDKY V\u00ddKONNOSTI MAJ\u00cd UR\u010cIT\u00c1 OMEZEN\u00cd. NA ROZD\u00cdL OD SKUTE\u010cN\u00c9HO Z\u00c1ZNAMU V\u00ddKONNOSTI SIMULOVAN\u00c9 V\u00ddSLEDKY NEP\u0158EDSTAVUJ\u00cd SKUTE\u010cN\u00c9 OBCHODOV\u00c1N\u00cd. TAK\u00c9 VZHLEDEM K TOMU, \u017dE OBCHODY NEBYLY PROVEDENY, MOHOU V\u00ddSLEDKY NADM\u011aRN\u011a NEBO NEDOSTATE\u010cN\u011a KOMPENZOVAT DOPAD UR\u010cIT\u00ddCH TR\u017dN\u00cdCH FAKTOR\u016e, JAKO JE NEDOSTATEK LIKVIDITY. SIMULOVAN\u00c9 OBCHODN\u00cd PROGRAMY OBECN\u011a TAK\u00c9 PODL\u00c9HAJ\u00cd SKUTE\u010cNOSTI, \u017dE JSOU NAVR\u017dENY SE ZP\u011aTN\u00ddM POHLEDEM. NEPROHLA\u0160UJE SE, \u017dE JAK\u00ddKOLI \u00da\u010cET DOS\u00c1HNE NEBO PRAVD\u011aPODOBN\u011a DOS\u00c1HNE ZISKU NEBO ZTR\u00c1TY PODOBN\u00c9 T\u011aM, KTER\u00c9 JSOU UVEDENY.<br>\n<br>\n<h2><strong>6. Rizika a v\u00fdnosy automatizovan\u00e9ho obchodov\u00e1n\u00ed na forexu<\/strong><\/h2>\nAutomatizovan\u00e9 obchodov\u00e1n\u00ed na forexu m\u00e1 potenci\u00e1l velk\u00fdch v\u00fdnos\u016f, ale nese tak\u00e9 potenci\u00e1ln\u00ed velk\u00e1 rizika. Abyste mohli investovat na forexov\u00e9m trhu, mus\u00edte si b\u00fdt v\u011bdomi rizik a b\u00fdt ochotni je p\u0159ijmout. Neobchodujte s pen\u011bzi, jejich\u017e ztr\u00e1tu si nem\u016f\u017eete dovolit. Tato reklama\/prezentace nen\u00ed ani nab\u00eddkou, ani v\u00fdzvou k obchodov\u00e1n\u00ed na forexu. Neprohla\u0161uje se, \u017ee jak\u00fdkoli \u00fa\u010det dos\u00e1hne nebo pravd\u011bpodobn\u011b dos\u00e1hne zisk\u016f nebo ztr\u00e1t podobn\u00fdch t\u011bm, o kter\u00fdch se hovo\u0159\u00ed v t\u00e9to reklam\u011b\/prezentaci.<br>\n<br>\n<h2><strong>7. Odpov\u011bdnost investora<\/strong><\/h2>\nAutomatizovan\u00e9 obchodov\u00e1n\u00ed na forexu je n\u00e1ro\u010dnou a potenci\u00e1ln\u00ed p\u0159\u00edle\u017eitost\u00ed pro vzd\u011blan\u00e9 a zku\u0161en\u00e9 investory. P\u0159ed rozhodnut\u00edm o \u00fa\u010dasti pe\u010dliv\u011b zva\u017ete sv\u00e9 investi\u010dn\u00ed c\u00edle, \u00farove\u0148 zku\u0161enost\u00ed a ochotu riskovat. Jak\u00e1koli transakce zahrnuj\u00edc\u00ed m\u011bny zahrnuje rizika, v\u010detn\u011b, ale bez omezen\u00ed na potenci\u00e1l v\u00fdznamn\u00e9ho dopadu na ceny m\u011bn nebo likviditu v d\u016fsledku politick\u00fdch zm\u011bn nebo zm\u011bn ekonomick\u00fdch podm\u00ednek. P\u00e1kov\u00e1 povaha obchodov\u00e1n\u00ed na forexu nav\u00edc znamen\u00e1, \u017ee pohyby na trhu budou m\u00edt stejn\u011b proporcion\u00e1ln\u00ed \u00fa\u010dinek na va\u0161e vlo\u017een\u00e9 prost\u0159edky. To m\u016f\u017ee fungovat ve v\u00e1\u0161 prosp\u011bch i neprosp\u011bch. Existuje mo\u017enost, \u017ee utrp\u00edte \u00faplnou ztr\u00e1tu po\u010d\u00e1te\u010dn\u00edch mar\u017eov\u00fdch prost\u0159edk\u016f a va\u0161e pozice bude zlikvidov\u00e1na, p\u0159i\u010dem\u017e ponesete odpov\u011bdnost za jakoukoli v\u00fdslednou ztr\u00e1tu. Investor\u016fm se doporu\u010duje pou\u017e\u00edvat strategie jako \u201eStop Loss\u201c nebo \u201eLimit\u201c ke zm\u00edrn\u011bn\u00ed rizika. Poskytovan\u00fd obsah je p\u0159edkl\u00e1d\u00e1n v dobr\u00e9 v\u00ed\u0159e a je pova\u017eov\u00e1n za p\u0159esn\u00fd, ale tento web neposkytuje \u017e\u00e1dnou v\u00fdslovnou ani p\u0159edpokl\u00e1danou z\u00e1ruku p\u0159esnosti nebo v\u010dasnosti.<br>\n<br>\n<h2><strong>8. Vylou\u010den\u00ed odpov\u011bdnosti<\/strong><\/h2>\nTento web a jeho veden\u00ed a zam\u011bstnanci nenesou \u017e\u00e1dnou odpov\u011bdnost za chyby, nep\u0159esnosti nebo opomenut\u00ed v t\u011bchto materi\u00e1lech. Nezaru\u010duj\u00ed p\u0159esnost ani \u00faplnost informac\u00ed, text\u016f, grafiky, odkaz\u016f nebo jin\u00fdch polo\u017eek v t\u011bchto materi\u00e1lech. Tento web a jeho veden\u00ed a zam\u011bstnanci nenesou odpov\u011bdnost za \u017e\u00e1dn\u00e9 zvl\u00e1\u0161tn\u00ed, nep\u0159\u00edm\u00e9, n\u00e1hodn\u00e9 nebo n\u00e1sledn\u00e9 \u0161kody, kter\u00e9 mohou vyplynout z t\u011bchto materi\u00e1l\u016f, v\u010detn\u011b, ale bez omezen\u00ed na ztr\u00e1tu dat, ztr\u00e1tu p\u0159\u00edjm\u016f nebo ztr\u00e1tu zisku.<br>\n<br>\n<h2><strong>9. Akce, bonusy a bezpe\u010dnost prost\u0159edk\u016f<\/strong><\/h2>\nZa akce a bonusy t\u0159et\u00edch stran nab\u00edzen\u00e9 prost\u0159ednictv\u00edm tohoto webu odpov\u00edd\u00e1 dan\u00e1 t\u0159et\u00ed strana. Tento web neodpov\u00edd\u00e1 za nepln\u011bn\u00ed nebo nedostate\u010dn\u00e9 pln\u011bn\u00ed bonusov\u00fdch nebo propaga\u010dn\u00edch nab\u00eddek t\u0159et\u00edmi stranami. U n\u011bkter\u00fdch broker\u016f mohou b\u00fdt bonusy ode\u010dteny z na\u0161\u00ed provize, co\u017e vede k ni\u017e\u0161\u00edm ne\u017e o\u010dek\u00e1van\u00fdm rabat\u016fm. Tento web p\u016fsob\u00ed pouze jako poskytovatel technick\u00fdch a informa\u010dn\u00edch slu\u017eeb, nemanipuluje s prost\u0159edky u\u017eivatel\u016f a neposkytuje slu\u017eby spr\u00e1vy \u00fa\u010dt\u016f.<br>\n<br>\n<h2><strong>10. Du\u0161evn\u00ed vlastnictv\u00ed<\/strong><\/h2>\nVe\u0161ker\u00fd software (EA), indik\u00e1tory, parametry strategi\u00ed a obsah poskytovan\u00fd t\u00edmto webem jsou du\u0161evn\u00edm vlastnictv\u00edm na\u0161\u00ed spole\u010dnosti. Bez p\u00edsemn\u00e9ho svolen\u00ed je p\u0159\u00edsn\u011b zak\u00e1z\u00e1no zp\u011btn\u00e9 in\u017een\u00fdrstv\u00ed, \u00faprava, kop\u00edrov\u00e1n\u00ed nebo dal\u0161\u00ed prodej softwaru na tomto webu.<br>\n<br>\n<h2><strong>11. Rozhodn\u00e9 pr\u00e1vo<\/strong><\/h2>\nV\u00fdklad a aplikace t\u011bchto Podm\u00ednek slu\u017eby se \u0159\u00edd\u00ed z\u00e1kony Tchaj-wanu (R.O.C.). V p\u0159\u00edpad\u011b sporu ob\u011b strany souhlas\u00ed s t\u00edm, \u017ee soudem prvn\u00ed instance bude okresn\u00ed soud v Tchaj-peji na Tchaj-wanu.<br>\n<br>\n<h2><strong>12. Prohl\u00e1\u0161en\u00ed o jazykov\u00e9 verzi<\/strong><\/h2>\nTyto pr\u00e1vn\u00ed podm\u00ednky mohou b\u00fdt pro informaci poskytnuty v n\u011bkolika jazykov\u00fdch verz\u00edch. V p\u0159\u00edpad\u011b jak\u00fdchkoli chyb v p\u0159ekladu nebo s\u00e9mantick\u00fdch rozd\u00edl\u016f je rozhoduj\u00edc\u00ed anglick\u00e1 verze. Anglick\u00e1 verze je jedinou ofici\u00e1ln\u00ed verz\u00ed pr\u00e1vn\u00edch podm\u00ednek tohoto webu a m\u00e1 pr\u00e1vn\u00ed \u00fa\u010dinnost.<br>\n<\/span><\/div>\n\t\t\t\t<div class=\"elementor-element elementor-element-21aff1c elementor-widget elementor-widget-spacer\" data-id=\"21aff1c\" data-element_type=\"widget\" data-widget_type=\"spacer.default\">\n\t\t\t\t\t\t\t<div class=\"elementor-spacer\">\n\t\t\t<div class=\"elementor-spacer-inner\"><\/div>\n\t\t<\/div>\n\t\t\t\t\t\t<\/div>\n\t\t\t\t\t<\/div>\n\t\t\t\t<\/div>\n\t\t\t\t<\/div>","protected":false},"excerpt":{"rendered":"<p>D\u016fle\u017eit\u00e9 informace o slu\u017eb\u00e1ch, registraci a bezpe\u010dnosti. Seznamte se se sv\u00fdmi pr\u00e1vy a povinnostmi pro bezpe\u010dn\u00e9 a plynul\u00e9 obchodov\u00e1n\u00ed s Mr.Forex.<\/p>","protected":false},"author":1,"featured_media":62793,"parent":0,"menu_order":0,"comment_status":"closed","ping_status":"closed","template":"","meta":{"footnotes":""},"tags":[],"class_list":["post-6209","page","type-page","status-publish","has-post-thumbnail","hentry"],"_links":{"self":[{"href":"https:\/\/mister.forex\/cs\/wp-json\/wp\/v2\/pages\/6209","targetHints":{"allow":["GET"]}}],"collection":[{"href":"https:\/\/mister.forex\/cs\/wp-json\/wp\/v2\/pages"}],"about":[{"href":"https:\/\/mister.forex\/cs\/wp-json\/wp\/v2\/types\/page"}],"author":[{"embeddable":true,"href":"https:\/\/mister.forex\/cs\/wp-json\/wp\/v2\/users\/1"}],"replies":[{"embeddable":true,"href":"https:\/\/mister.forex\/cs\/wp-json\/wp\/v2\/comments?post=6209"}],"version-history":[{"count":15,"href":"https:\/\/mister.forex\/cs\/wp-json\/wp\/v2\/pages\/6209\/revisions"}],"predecessor-version":[{"id":70328,"href":"https:\/\/mister.forex\/cs\/wp-json\/wp\/v2\/pages\/6209\/revisions\/70328"}],"wp:featuredmedia":[{"embeddable":true,"href":"https:\/\/mister.forex\/cs\/wp-json\/wp\/v2\/media\/62793"}],"wp:attachment":[{"href":"https:\/\/mister.forex\/cs\/wp-json\/wp\/v2\/media?parent=6209"}],"wp:term":[{"taxonomy":"post_tag","embeddable":true,"href":"https:\/\/mister.forex\/cs\/wp-json\/wp\/v2\/tags?post=6209"}],"curies":[{"name":"wp","href":"https:\/\/api.w.org\/{rel}","templated":true}]}}