{"id":66033,"date":"2026-02-04T23:49:39","date_gmt":"2026-02-04T15:49:39","guid":{"rendered":"https:\/\/mister.forex\/?page_id=66033"},"modified":"2026-05-06T13:28:44","modified_gmt":"2026-05-06T05:28:44","slug":"prop-firm-trading-guide-get-funded","status":"publish","type":"page","link":"https:\/\/mister.forex\/cs\/prop-firm-trading-guide-get-funded\/","title":{"rendered":"The Ultimate Prop Firm Guide: Jak z\u00edskat obchodn\u00ed kapit\u00e1l 100 000 $ | Mr.Forex"},"content":{"rendered":"<div data-elementor-type=\"wp-page\" data-elementor-id=\"66033\" class=\"elementor elementor-66033\" data-elementor-post-type=\"page\">\n\t\t\t\t<div class=\"elementor-element elementor-element-3c29475 e-flex e-con-boxed e-con e-parent\" data-id=\"3c29475\" data-element_type=\"container\">\n\t\t\t\t\t<div class=\"e-con-inner\">\n\t\t\t\t<div class=\"elementor-element elementor-element-4a3ad48 elementor-widget elementor-widget-heading\" data-id=\"4a3ad48\" data-element_type=\"widget\" data-widget_type=\"heading.default\">\n\t\t\t\t\t<h1 class=\"elementor-heading-title elementor-size-default\">Model Prop Firm zevnit\u0159: Zpen\u011b\u017ete sv\u00e9 obchodn\u00ed dovednosti p\u0159\u00edmo<\/h1>\t\t\t\t<\/div>\n\t\t\t\t<div class=\"elementor-element elementor-element-9eca83a elementor-widget elementor-widget-html\" data-id=\"9eca83a\" data-element_type=\"widget\" data-widget_type=\"html.default\">\n\t\t\t\t\tPochopen\u00ed mechanism\u016f hodnocen\u00ed Prop Firm. Zpen\u011b\u017ete sv\u00e9 odborn\u00e9 znalosti v obchodov\u00e1n\u00ed a osvobo\u010fte se od omezen\u00ed mal\u00fdch \u00fa\u010dt\u016f.\t\t\t\t<\/div>\n\t\t\t\t<div class=\"elementor-element elementor-element-d45ecae elementor-widget elementor-widget-html translation-block\" data-id=\"d45ecae\" data-element_type=\"widget\" data-widget_type=\"html.default\">Autor: <strong>Mr.Forex<\/strong><\/div>\n\t\t\t\t<div class=\"elementor-element elementor-element-50a8bd5 elementor-widget elementor-widget-html translation-block\" data-id=\"50a8bd5\" data-element_type=\"widget\" data-widget_type=\"html.default\"><span>\n<h2><strong>P\u0159edmluva: Va\u0161e dovednosti jsou cenn\u00e9, ale v\u00e1\u0161 kapit\u00e1l je mal\u00fd<\/strong><\/h2>\nGratulujeme, \u017ee jste se dostali a\u017e sem.<br><br>\n\nNyn\u00ed u\u017e rozum\u00edte sv\u00ed\u010dkov\u00fdm graf\u016fm (K-lines), strategi\u00edm a \u0159\u00edzen\u00ed rizik. Ji\u017e m\u00e1te z\u00e1kladn\u00ed dovednosti pot\u0159ebn\u00e9 k p\u0159e\u017eit\u00ed na tomto trhu.<br><br>\n\nRealita je v\u0161ak \u010dasto krut\u00e1:<br><br>\n\nPokud m\u00e1te kapit\u00e1l pouze <strong>1 000 USD<\/strong>, i kdybyste byli Warren Buffett a vyd\u011bl\u00e1vali stabiln\u011b 5 % m\u011bs\u00ed\u010dn\u011b (co\u017e je u\u017e tak p\u016fsobiv\u00e9), vyd\u011blali byste pouze <strong>50 USD<\/strong>.<br><br>\n\nTo sotva sta\u010d\u00ed na zaplacen\u00ed \u00fa\u010dt\u016f za energie.<br><br>\n\nToto je dilema retailov\u00e9ho obchodn\u00edka: <strong>Dovednosti jsou, ale kapit\u00e1l chyb\u00ed.<\/strong><br><br>\n\nV minulosti jste mohli pouze pomalu \u0161et\u0159it. Nyn\u00ed se v\u0161ak ve finan\u010dn\u00edm sv\u011bt\u011b objevil nov\u00fd model \u2013 <strong>Prop Firm (Proprietary Trading Firm)<\/strong>.<br><br>\n\nDokud projdete zkou\u0161kou, abyste prok\u00e1zali sv\u00e9 schopnosti, poskytnou v\u00e1m \u00fa\u010det ve v\u00fd\u0161i 10 000 $, 100 000 $ nebo dokonce 500 000 $ k obchodov\u00e1n\u00ed. M\u016f\u017eete si ponechat 80 % nebo dokonce 90 % zisku, kter\u00fd vyd\u011bl\u00e1te.<br><br>\n\nNejedn\u00e1 se o p\u016fj\u010dov\u00e1n\u00ed pen\u011bz na investov\u00e1n\u00ed; jde o <strong>\"z\u00edsk\u00e1n\u00ed financov\u00e1n\u00ed na z\u00e1klad\u011b z\u00e1sluh.\"<\/strong><br><br>\n\n<h2><strong>Co je to Prop Firm (Proprietary Trading Firm)?<\/strong><\/h2>\n<strong>Prop Firm<\/strong> je spole\u010dnost, kter\u00e1 hled\u00e1 talentovan\u00e9 nez\u00e1visl\u00e9 obchodn\u00edky. Jejich logika je jednoduch\u00e1: spole\u010dnost m\u00e1 kapit\u00e1l, ale postr\u00e1d\u00e1 dostatek zku\u0161en\u00fdch obchodn\u00edk\u016f.<br>\n\n<h3><strong>Jak to funguje:<\/strong><\/h3>\n<ol>\n    <li><strong>Placen\u00e9 hodnocen\u00ed:<\/strong> Zaplat\u00edte mal\u00fd registra\u010dn\u00ed poplatek (nap\u0159. 100 USD), abyste se mohli z\u00fa\u010dastnit jejich simulovan\u00e9 v\u00fdzvy.<\/li>\n    <li><strong>Proka\u017ete sv\u00e9 dovednosti:<\/strong> V ur\u010den\u00e9m \u010dasov\u00e9m r\u00e1mci dos\u00e1hn\u011bte ziskov\u00e9ho c\u00edle (nap\u0159. 10 %), ani\u017e byste p\u0159ekro\u010dili limit poklesu (drawdown, nap\u0159. 10 %).<\/li>\n    <li><strong>Z\u00edskejte financov\u00e1n\u00ed:<\/strong> Jakmile projdete, poskytnou v\u00e1m financovan\u00fd \u00fa\u010det (Live Account).<\/li>\n    <li><strong>Rozd\u011blen\u00ed zisku:<\/strong> Ponech\u00e1te si v\u011bt\u0161inu zisku vyd\u011blan\u00e9ho na tomto \u00fa\u010dtu (obvykle 80 %), zat\u00edmco platforma si vezme mal\u00fd pod\u00edl.<\/li>\n<\/ol><br>\n\nJe to chytr\u00fd obchod:<br><br>\n\nVyu\u017eijete registra\u010dn\u00ed poplatek 100 $ (va\u0161e riziko), abyste z\u00edskali p\u0159\u00edle\u017eitost obchodovat na \u00fa\u010dtu 10 000 $ (va\u0161e sc\u00e9na).<br><br>\n\n<h2><strong>Pro\u010d se p\u0159idat k Prop Firm?<\/strong><\/h2>\nPoj\u010fme si to spo\u010d\u00edtat a porovnat \"obchodov\u00e1n\u00ed s vlastn\u00edmi pen\u011bzi\" vs. \"p\u0159ipojen\u00ed k <strong>Prop Firm<\/strong>.\"<br><br>\n\nP\u0159edpokl\u00e1dejme, \u017ee v\u00e1\u0161 m\u011bs\u00ed\u010dn\u00ed potenci\u00e1l zisku je <strong>5 %<\/strong>:<br><br>\n\n<table style=\"border-radius: 8px;border-collapse: separate;border-spacing: 0;overflow: hidden;text-align: center;width: 100%;border: 1px solid #ddd;font-family: sans-serif\">\n<thead style=\"background-color: #15264D;color: #ffffff\">\n      <tr>\n        <th style=\"padding: 15px\">Srovn\u00e1n\u00ed<\/th>\n        <th style=\"padding: 15px\">P\u0159\u00edpad A: Pou\u017eit\u00ed vlastn\u00edch pen\u011bz<\/th>\n        <th style=\"padding: 15px\">P\u0159\u00edpad B: P\u0159ipojen\u00ed k Prop Firm (10k)<\/th>\n      <\/tr>\n<\/thead>\n<tbody>\n      <tr>\n        <td style=\"padding: 12px;border-bottom: 1px solid #eee;background-color: #f9f9f9\"><strong>Po\u010d\u00e1te\u010dn\u00ed n\u00e1klady<\/strong><\/td>\n        <td style=\"padding: 12px;border-bottom: 1px solid #eee\">1 000 USD (Kapit\u00e1l)<\/td>\n        <td style=\"padding: 12px;border-bottom: 1px solid #eee\">Cca 100 USD (Poplatek)<\/td>\n      <\/tr>\n      <tr>\n        <td style=\"padding: 12px;border-bottom: 1px solid #eee;background-color: #f9f9f9\"><strong>Obchodn\u00ed kapit\u00e1l<\/strong><\/td>\n        <td style=\"padding: 12px;border-bottom: 1px solid #eee\">1 000 USD<\/td>\n        <td style=\"padding: 12px;border-bottom: 1px solid #eee\">10 000 USD<\/td>\n      <\/tr>\n      <tr>\n        <td style=\"padding: 12px;border-bottom: 1px solid #eee;background-color: #f9f9f9\"><strong>M\u011bs\u00ed\u010dn\u00ed zisk (5 %)<\/strong><\/td>\n        <td style=\"padding: 12px;border-bottom: 1px solid #eee\">50 USD<\/td>\n        <td style=\"padding: 12px;border-bottom: 1px solid #eee\">500 USD<\/td>\n      <\/tr>\n      <tr>\n        <td style=\"padding: 12px;border-bottom: 1px solid #eee;background-color: #f9f9f9\"><strong>Skute\u010dn\u00fd p\u0159\u00edjem<\/strong><\/td>\n        <td style=\"padding: 12px;border-bottom: 1px solid #eee\">50 USD<\/td>\n        <td style=\"padding: 12px;border-bottom: 1px solid #eee;color: #008000;font-size: 1.1em\"><strong>400 USD (80% pod\u00edl)<\/strong><\/td>\n      <\/tr>\n    <\/tbody>\n<\/table><br>\n\n<strong>Z\u00e1v\u011br:<\/strong> Se stejnou dovednost\u00ed a stejn\u00fdm procentem zisku (%) se v\u00e1\u0161 p\u0159\u00edjem zn\u00e1sob\u00ed <strong>8kr\u00e1t<\/strong>. Nav\u00edc v\u00e1\u0161 p\u016fvodn\u00ed kapit\u00e1l z\u016fst\u00e1v\u00e1 ve va\u0161\u00ed kapse s nulov\u00fdm rizikem ztr\u00e1ty vlastn\u00edch prost\u0159edk\u016f.<br><br>\n\n<h2><strong>Pravidla: \u017d\u00e1dn\u00fd ob\u011bd nen\u00ed zadarmo<\/strong><\/h2>\nZn\u00ed to skv\u011ble? Ne tak rychle. <strong>Prop firmy<\/strong> nejsou charitativn\u00ed organizace; pou\u017e\u00edvaj\u00ed p\u0159\u00edsn\u00e1 pravidla k odfiltrov\u00e1n\u00ed nekvalifikovan\u00fdch obchodn\u00edk\u016f.<br><br>\n\n<h3><strong>B\u011b\u017en\u00e1 pravidla hodnocen\u00ed:<\/strong><\/h3>\n<ul>\n    <li><strong>\ud83c\udfaf C\u00edlov\u00fd zisk:<\/strong> Obvykle vy\u017eaduje vyd\u011blat 8-10 % v prvn\u00ed f\u00e1zi.<\/li>\n    <li><strong>\u26a0\ufe0f Denn\u00ed limit poklesu (Drawdown):<\/strong> Zde v\u011bt\u0161ina lid\u00ed sel\u017ee. Pravidla stanovuj\u00ed, \u017ee denn\u00ed plovouc\u00ed nebo realizovan\u00e9 ztr\u00e1ty nesm\u00ed p\u0159ekro\u010dit 5 % kapit\u00e1lu. Pokud toto poru\u0161\u00edte, okam\u017eit\u011b neusp\u011bjete.<\/li>\n    <li><strong>\ud83d\udcc9 Celkov\u00fd maxim\u00e1ln\u00ed pokles:<\/strong> Hodnota va\u0161eho \u00fa\u010dtu nesm\u00ed nikdy klesnout pod stanovenou hranici (nap\u0159. 10 % po\u010d\u00e1te\u010dn\u00edho kapit\u00e1lu).<\/li>\n    <li><strong>\ud83d\udcf0 Obchodn\u00ed omezen\u00ed:<\/strong> N\u011bkter\u00e9 firmy zakazuj\u00ed obchodov\u00e1n\u00ed b\u011bhem d\u016fle\u017eit\u00fdch zpr\u00e1v nebo dr\u017een\u00ed pozic p\u0159es v\u00edkend.<\/li>\n<\/ul><br>\n\n<h4><strong>Anal\u00fdza Mr.Forex:<\/strong><\/h4>\nTato pravidla se mohou zd\u00e1t p\u0159\u00edsn\u00e1, ale ve skute\u010dnosti jsou to <strong>\"\u017eelezn\u00e9 z\u00e1kony \u0159\u00edzen\u00ed rizik\"<\/strong>, kter\u00e9 zd\u016fraz\u0148ujeme. Pokud jste zvykl\u00ed hazardovat (All-in), v Prop firm\u011b nevydr\u017e\u00edte ani t\u0159i dny; ale pokud striktn\u011b dodr\u017eujete \u0159\u00edzen\u00ed rizik, slo\u017een\u00ed zkou\u0161ky je jen ot\u00e1zkou \u010dasu.\n<\/span><\/div>\n\t\t<div class=\"elementor-element elementor-element-63c0e87 e-con-full e-flex e-con e-child\" data-id=\"63c0e87\" data-element_type=\"container\" data-settings=\"{&quot;background_background&quot;:&quot;classic&quot;}\">\n\t\t\t\t<div class=\"elementor-element elementor-element-dbec11a elementor-widget elementor-widget-html translation-block\" data-id=\"dbec11a\" data-element_type=\"widget\" data-widget_type=\"html.default\"><span>\n<h3><strong>\ud83c\udfc6 Seznam nejlep\u0161\u00edch firem vybran\u00fd profesion\u00e1ly z Mr.Forex<\/strong><\/h3>\nAbych v\u00e1m u\u0161et\u0159il \u010das s pr\u016fzkumem, sestavil jsem seznam nejuzn\u00e1van\u011bj\u0161\u00edch \u0161pi\u010dkov\u00fdch firem, kter\u00e9 jsou v sou\u010dasn\u00e9 dob\u011b na trhu:\n<\/span><\/div>\n\t\t\t\t<div class=\"elementor-element elementor-element-b596fdf elementor-widget elementor-widget-html translation-block\" data-id=\"b596fdf\" data-element_type=\"widget\" data-widget_type=\"html.default\"><span>\n<strong>FTMO \u2014 Uzn\u00e1van\u00fd l\u00eddr v oboru<\/strong><br>\n<ul>\n    <li><strong>Vlastnosti:<\/strong> \"Zlat\u00fd standard\" sv\u011bta Prop firem. Nejd\u00e9le funguj\u00edc\u00ed historie, nejpevn\u011bj\u0161\u00ed pov\u011bst, bleskov\u00e9 v\u00fdb\u011bry a vynikaj\u00edc\u00ed obchodn\u00ed prost\u0159ed\u00ed.<\/li>\n    <li><strong>C\u00edlov\u00e1 skupina:<\/strong> Profesion\u00e1ln\u00ed obchodn\u00edci, kte\u0159\u00ed oce\u0148uj\u00ed standardizovan\u00e9 procesy a d\u016fv\u011bryhodnost zna\u010dky.<\/li>\n<\/ul>\n<\/span><\/div>\n\t\t\t\t<div class=\"elementor-element elementor-element-824ddcf elementor-icon-list--layout-inline elementor-list-item-link-inline elementor-widget elementor-widget-icon-list\" data-id=\"824ddcf\" data-element_type=\"widget\" data-widget_type=\"icon-list.default\">\n\t\t\t\t\t\t\t<ul class=\"elementor-icon-list-items elementor-inline-items\">\n\t\t\t\t\t\t\t<li class=\"elementor-icon-list-item elementor-inline-item\">\n\t\t\t\t\t\t\t\t\t\t\t<a href=\"https:\/\/trader.ftmo.com\/?affiliates=eHFMXPlbOlHBoIeBTdvU\" target=\"_blank\" rel=\"nofollow noopener\">\n\n\t\t\t\t\t\t\t\t\t\t\t\t<span class=\"elementor-icon-list-icon\">\n\t\t\t\t\t\t\t<svg aria-hidden=\"true\" class=\"e-font-icon-svg e-far-check-circle\" viewbox=\"0 0 512 512\" xmlns=\"http:\/\/www.w3.org\/2000\/svg\"><path d=\"M256 8C119.033 8 8 119.033 8 256s111.033 248 248 248 248-111.033 248-248S392.967 8 256 8zm0 48c110.532 0 200 89.451 200 200 0 110.532-89.451 200-200 200-110.532 0-200-89.451-200-200 0-110.532 89.451-200 200-200m140.204 130.267l-22.536-22.718c-4.667-4.705-12.265-4.736-16.97-.068L215.346 303.697l-59.792-60.277c-4.667-4.705-12.265-4.736-16.97-.069l-22.719 22.536c-4.705 4.667-4.736 12.265-.068 16.971l90.781 91.516c4.667 4.705 12.265 4.736 16.97.068l172.589-171.204c4.704-4.668 4.734-12.266.067-16.971z\"><\/path><\/svg>\t\t\t\t\t\t<\/span>\n\t\t\t\t\t\t\t\t\t\t<span class=\"elementor-icon-list-text\">Klikn\u011bte pro zobrazen\u00ed pravidel v\u00fdzvy FTMO<\/span>\n\t\t\t\t\t\t\t\t\t\t\t<\/a>\n\t\t\t\t\t\t\t\t\t<\/li>\n\t\t\t\t\t\t<\/ul>\n\t\t\t\t\t\t<\/div>\n\t\t\t\t<div class=\"elementor-element elementor-element-c798038 elementor-widget elementor-widget-html translation-block\" data-id=\"c798038\" data-element_type=\"widget\" data-widget_type=\"html.default\"><span>\n<strong>Darwinex Zero \u2014 Va\u0161e cesta k tomu st\u00e1t se spr\u00e1vcem fondu<\/strong><br>\n  <ul>\n    <li><strong>Vlastnosti:<\/strong> Unik\u00e1tn\u00ed \"p\u0159edplatitelsk\u00fd\" model bez \u010dasov\u00fdch omezen\u00ed na zkou\u0161ku. Hlavn\u00edm c\u00edlem je budov\u00e1n\u00ed dlouhodob\u00e9 v\u00fdkonnosti; nejlep\u0161\u00ed obchodn\u00edci z\u00edsk\u00e1vaj\u00ed p\u0159\u00edmou alokaci institucion\u00e1ln\u00edho kapit\u00e1lu.<\/li>\n    <li><strong>C\u00edlov\u00e1 skupina:<\/strong> Obchodn\u00edci, kte\u0159\u00ed se cht\u011bj\u00ed vyhnout tlaku u zkou\u0161ek, a ti, kte\u0159\u00ed usiluj\u00ed o dlouhodobou \"spr\u00e1vu aktiv\".<\/li>\n  <\/ul>\n<\/span><\/div>\n\t\t\t\t<div class=\"elementor-element elementor-element-c584754 elementor-icon-list--layout-inline elementor-list-item-link-inline elementor-widget elementor-widget-icon-list\" data-id=\"c584754\" data-element_type=\"widget\" data-widget_type=\"icon-list.default\">\n\t\t\t\t\t\t\t<ul class=\"elementor-icon-list-items elementor-inline-items\">\n\t\t\t\t\t\t\t<li class=\"elementor-icon-list-item elementor-inline-item\">\n\t\t\t\t\t\t\t\t\t\t\t<a href=\"https:\/\/www.darwinexzero.com?fpr=6a0yb2\" target=\"_blank\" rel=\"nofollow noopener\">\n\n\t\t\t\t\t\t\t\t\t\t\t\t<span class=\"elementor-icon-list-icon\">\n\t\t\t\t\t\t\t<svg aria-hidden=\"true\" class=\"e-font-icon-svg e-far-check-circle\" viewbox=\"0 0 512 512\" xmlns=\"http:\/\/www.w3.org\/2000\/svg\"><path d=\"M256 8C119.033 8 8 119.033 8 256s111.033 248 248 248 248-111.033 248-248S392.967 8 256 8zm0 48c110.532 0 200 89.451 200 200 0 110.532-89.451 200-200 200-110.532 0-200-89.451-200-200 0-110.532 89.451-200 200-200m140.204 130.267l-22.536-22.718c-4.667-4.705-12.265-4.736-16.97-.068L215.346 303.697l-59.792-60.277c-4.667-4.705-12.265-4.736-16.97-.069l-22.719 22.536c-4.705 4.667-4.736 12.265-.068 16.971l90.781 91.516c4.667 4.705 12.265 4.736 16.97.068l172.589-171.204c4.704-4.668 4.734-12.266.067-16.971z\"><\/path><\/svg>\t\t\t\t\t\t<\/span>\n\t\t\t\t\t\t\t\t\t\t<span class=\"elementor-icon-list-text\">Klikn\u011bte pro z\u00edsk\u00e1n\u00ed exkluzivn\u00edho 20% slevov\u00e9ho k\u00f3du<\/span>\n\t\t\t\t\t\t\t\t\t\t\t<\/a>\n\t\t\t\t\t\t\t\t\t<\/li>\n\t\t\t\t\t\t<\/ul>\n\t\t\t\t\t\t<\/div>\n\t\t\t\t<div class=\"elementor-element elementor-element-01023ef elementor-icon-list--layout-inline elementor-list-item-link-inline elementor-widget elementor-widget-icon-list\" data-id=\"01023ef\" data-element_type=\"widget\" data-widget_type=\"icon-list.default\">\n\t\t\t\t\t\t\t<ul class=\"elementor-icon-list-items elementor-inline-items\">\n\t\t\t\t\t\t\t<li class=\"elementor-icon-list-item elementor-inline-item\">\n\t\t\t\t\t\t\t\t\t\t\t<span class=\"elementor-icon-list-icon\">\n\t\t\t\t\t\t\t<svg aria-hidden=\"true\" class=\"e-font-icon-svg e-fas-bullhorn\" viewbox=\"0 0 576 512\" xmlns=\"http:\/\/www.w3.org\/2000\/svg\"><path d=\"M576 240c0-23.63-12.95-44.04-32-55.12V32.01C544 23.26 537.02 0 512 0c-7.12 0-14.19 2.38-19.98 7.02l-85.03 68.03C364.28 109.19 310.66 128 256 128H64c-35.35 0-64 28.65-64 64v96c0 35.35 28.65 64 64 64h33.7c-1.39 10.48-2.18 21.14-2.18 32 0 39.77 9.26 77.35 25.56 110.94 5.19 10.69 16.52 17.06 28.4 17.06h74.28c26.05 0 41.69-29.84 25.9-50.56-16.4-21.52-26.15-48.36-26.15-77.44 0-11.11 1.62-21.79 4.41-32H256c54.66 0 108.28 18.81 150.98 52.95l85.03 68.03a32.023 32.023 0 0 0 19.98 7.02c24.92 0 32-22.78 32-32V295.13C563.05 284.04 576 263.63 576 240zm-96 141.42l-33.05-26.44C392.95 311.78 325.12 288 256 288v-96c69.12 0 136.95-23.78 190.95-66.98L480 98.58v282.84z\"><\/path><\/svg>\t\t\t\t\t\t<\/span>\n\t\t\t\t\t\t\t\t\t\t<span class=\"elementor-icon-list-text\"><strong>Slevov\u00fd k\u00f3d:\u00a0<\/strong>ZEROPARTNER_20<\/span>\n\t\t\t\t\t\t\t\t\t<\/li>\n\t\t\t\t\t\t<\/ul>\n\t\t\t\t\t\t<\/div>\n\t\t\t\t<div class=\"elementor-element elementor-element-6c863f8 elementor-widget elementor-widget-heading\" data-id=\"6c863f8\" data-element_type=\"widget\" data-widget_type=\"heading.default\">\n\t\t\t\t\t<span class=\"elementor-heading-title elementor-size-default\">(Pozn\u00e1mka: Registrace prost\u0159ednictv\u00edm odkazu poskytuje dal\u0161\u00ed v\u00fdhody a podporuje provoz t\u011bchto str\u00e1nek.)<\/span>\t\t\t\t<\/div>\n\t\t\t\t<\/div>\n\t\t\t\t<div class=\"elementor-element elementor-element-6a1281a elementor-widget elementor-widget-html translation-block\" data-id=\"6a1281a\" data-element_type=\"widget\" data-widget_type=\"html.default\"><span>\n<h2><strong>Z\u00e1v\u011br: Absolventsk\u00fd test \u2014 V\u00e1\u0161 dal\u0161\u00ed krok<\/strong><\/h2>\nPod\u00edvejte se zp\u011bt na cestu, kterou jste u\u0161li: ovl\u00e1dli jste software, nau\u010dili se strategie a pochopili \u0159\u00edzen\u00ed rizik. Nyn\u00ed dr\u017e\u00edte vstupenku k n\u00e1sobn\u00fdm zisk\u016fm.<br><br>\n\n<h3><strong>\ud83c\udf93 Kdy byste m\u011bli za\u010d\u00edt s v\u00fdzvou?<\/strong><\/h3>\nNejprve pros\u00edm dos\u00e1hn\u011bte n\u00e1sleduj\u00edc\u00edch <strong>\"absolventsk\u00fdch standard\u016f\"<\/strong> na demo \u00fa\u010dtu:<br><br>\n  <ol>\n    <li>Zaznamen\u00e1vejte v\u00fdkonnost demo \u00fa\u010dtu po dobu alespo\u0148 1 m\u011bs\u00edce pomoc\u00ed <strong>Myfxbook<\/strong>.<\/li>\n    <li>Spl\u0148te metriky: <strong>Profit Factor &gt; 1,5<\/strong> a <strong>Max Drawdown &lt; 10 %<\/strong>.<\/li>\n    <li>Kontrola nastaven\u00ed mysli: Schopnost d\u016fsledn\u011b dodr\u017eovat discipl\u00ednu bez jak\u00e9hokoli \"obchodov\u00e1n\u00ed z pomsty\" (revenge trading).<\/li>\n  <\/ol><br>\n\nJakmile budou tyto podm\u00ednky spln\u011bny, sm\u011ble se p\u0159ihlaste do t\u00e9 nejmen\u0161\u00ed v\u00fdzvy. Ten mal\u00fd registra\u010dn\u00ed poplatek bude investic\u00ed s nejvy\u0161\u0161\u00ed n\u00e1vratnost\u00ed na va\u0161\u00ed cest\u011b k tomu st\u00e1t se profesion\u00e1ln\u00edm obchodn\u00edkem.<br><br>\n\n<strong>Hodn\u011b \u0161t\u011bst\u00ed na trz\u00edch. Uvid\u00edme se v pokro\u010dil\u00fdch kurzech.<\/strong><br><br>\n\n  \u2014 <strong>Mr.Forex<\/strong>\n<\/span><\/div>\n\t\t\t\t<div class=\"elementor-element elementor-element-b8c31ee elementor-icon-list--layout-inline elementor-list-item-link-inline elementor-widget elementor-widget-icon-list\" data-id=\"b8c31ee\" data-element_type=\"widget\" data-widget_type=\"icon-list.default\">\n\t\t\t\t\t\t\t<ul class=\"elementor-icon-list-items elementor-inline-items\">\n\t\t\t\t\t\t\t<li class=\"elementor-icon-list-item elementor-inline-item\">\n\t\t\t\t\t\t\t\t\t\t\t<a href=\"https:\/\/mister.forex\/cs\/ebook-hub\/\">\n\n\t\t\t\t\t\t\t\t\t\t\t\t<span class=\"elementor-icon-list-icon\">\n\t\t\t\t\t\t\t<svg aria-hidden=\"true\" class=\"e-font-icon-svg e-fas-home\" viewbox=\"0 0 576 512\" xmlns=\"http:\/\/www.w3.org\/2000\/svg\"><path d=\"M280.37 148.26L96 300.11V464a16 16 0 0 0 16 16l112.06-.29a16 16 0 0 0 15.92-16V368a16 16 0 0 1 16-16h64a16 16 0 0 1 16 16v95.64a16 16 0 0 0 16 16.05L464 480a16 16 0 0 0 16-16V300L295.67 148.26a12.19 12.19 0 0 0-15.3 0zM571.6 251.47L488 182.56V44.05a12 12 0 0 0-12-12h-56a12 12 0 0 0-12 12v72.61L318.47 43a48 48 0 0 0-61 0L4.34 251.47a12 12 0 0 0-1.6 16.9l25.5 31A12 12 0 0 0 45.15 301l235.22-193.74a12.19 12.19 0 0 1 15.3 0L530.9 301a12 12 0 0 0 16.9-1.6l25.5-31a12 12 0 0 0-1.7-16.93z\"><\/path><\/svg>\t\t\t\t\t\t<\/span>\n\t\t\t\t\t\t\t\t\t\t<span class=\"elementor-icon-list-text\">Zp\u011bt na \u00favodn\u00ed str\u00e1nku e-booku<\/span>\n\t\t\t\t\t\t\t\t\t\t\t<\/a>\n\t\t\t\t\t\t\t\t\t<\/li>\n\t\t\t\t\t\t<\/ul>\n\t\t\t\t\t\t<\/div>\n\t\t\t\t\t<\/div>\n\t\t\t\t<\/div>\n\t\t\t\t<\/div>","protected":false},"excerpt":{"rendered":"<p>Zjist\u011bte, jak funguj\u00ed Prop firmy: Bez dluh\u016f. Projd\u011bte hodnocen\u00edm a z\u00edskejte p\u0159\u00edstup k obchodn\u00edmu kapit\u00e1lu p\u0159es 100 000 $ se 80% pod\u00edlem na zisku! Mr.Forex v\u00e1m uk\u00e1\u017ee, jak prom\u011bnit mal\u00fd registra\u010dn\u00ed poplatek v profesion\u00e1ln\u00ed kari\u00e9ru, zpen\u011b\u017eit sv\u00e9 dovednosti a uniknout cyklu mal\u00fdch \u00fa\u010dt\u016f.<\/p>","protected":false},"author":1,"featured_media":66049,"parent":0,"menu_order":0,"comment_status":"closed","ping_status":"closed","template":"","meta":{"footnotes":""},"tags":[128],"class_list":["post-66033","page","type-page","status-publish","has-post-thumbnail","hentry","tag-no-google"],"_links":{"self":[{"href":"https:\/\/mister.forex\/cs\/wp-json\/wp\/v2\/pages\/66033","targetHints":{"allow":["GET"]}}],"collection":[{"href":"https:\/\/mister.forex\/cs\/wp-json\/wp\/v2\/pages"}],"about":[{"href":"https:\/\/mister.forex\/cs\/wp-json\/wp\/v2\/types\/page"}],"author":[{"embeddable":true,"href":"https:\/\/mister.forex\/cs\/wp-json\/wp\/v2\/users\/1"}],"replies":[{"embeddable":true,"href":"https:\/\/mister.forex\/cs\/wp-json\/wp\/v2\/comments?post=66033"}],"version-history":[{"count":39,"href":"https:\/\/mister.forex\/cs\/wp-json\/wp\/v2\/pages\/66033\/revisions"}],"predecessor-version":[{"id":71275,"href":"https:\/\/mister.forex\/cs\/wp-json\/wp\/v2\/pages\/66033\/revisions\/71275"}],"wp:featuredmedia":[{"embeddable":true,"href":"https:\/\/mister.forex\/cs\/wp-json\/wp\/v2\/media\/66049"}],"wp:attachment":[{"href":"https:\/\/mister.forex\/cs\/wp-json\/wp\/v2\/media?parent=66033"}],"wp:term":[{"taxonomy":"post_tag","embeddable":true,"href":"https:\/\/mister.forex\/cs\/wp-json\/wp\/v2\/tags?post=66033"}],"curies":[{"name":"wp","href":"https:\/\/api.w.org\/{rel}","templated":true}]}}