{"id":66209,"date":"2026-02-07T20:46:27","date_gmt":"2026-02-07T12:46:27","guid":{"rendered":"https:\/\/mister.forex\/?page_id=66209"},"modified":"2026-05-08T16:46:30","modified_gmt":"2026-05-08T08:46:30","slug":"how-to-verify-forex-performance-myfxbook","status":"publish","type":"page","link":"https:\/\/mister.forex\/cs\/how-to-verify-forex-performance-myfxbook\/","title":{"rendered":"Odhalte forexov\u00e9 podvody! Profesion\u00e1lov\u00e9 v\u011b\u0159\u00ed pouze Myfxbook, odm\u00edtn\u011bte fale\u0161n\u00e9 sn\u00edmky"},"content":{"rendered":"<div data-elementor-type=\"wp-page\" data-elementor-id=\"66209\" class=\"elementor elementor-66209\" data-elementor-post-type=\"page\">\n\t\t\t\t<div class=\"elementor-element elementor-element-e032430 e-flex e-con-boxed e-con e-parent\" data-id=\"e032430\" data-element_type=\"container\">\n\t\t\t\t\t<div class=\"e-con-inner\">\n\t\t\t\t<div class=\"elementor-element elementor-element-b269822 elementor-widget elementor-widget-heading\" data-id=\"b269822\" data-element_type=\"widget\" data-widget_type=\"heading.default\">\n\t\t\t\t\t<h1 class=\"elementor-heading-title elementor-size-default\">Pro\u010d je Myfxbook jedinou pravdou ve forexu? Skryt\u00e9 n\u00e1klady fale\u0161n\u00fdch sn\u00edmk\u016f<\/h1>\t\t\t\t<\/div>\n\t\t\t\t<div class=\"elementor-element elementor-element-23ee36f elementor-widget elementor-widget-html translation-block\" data-id=\"23ee36f\" data-element_type=\"widget\" data-widget_type=\"html.default\"><span>\nV obchodn\u00edch kruz\u00edch existuje slavn\u00e9 r\u010den\u00ed: \u201ePokud nem\u00e1te v\u00fdsledkovou listinu ov\u011b\u0159enou t\u0159et\u00ed stranou, pak je v\u0161e, co \u0159\u00edk\u00e1te, zbyte\u010dn\u00e9.\u201c<br><br>\nKdy\u017e na <strong>Telegramu<\/strong> vid\u00edte ty l\u00e1kav\u00e9 \u201emodr\u00e9 sn\u00edmky zisk\u016f\u201c nebo \u201ereporty se 100% \u00fasp\u011b\u0161nost\u00ed\u201c, uklidn\u011bte se a polo\u017ete si ot\u00e1zku: Jsou tato data pravdiv\u00e1? V dob\u011b edita\u010dn\u00edch softwar\u016f a demo \u00fa\u010dt\u016f jsou n\u00e1klady na jeden sn\u00edmek obrazovky prakticky nulov\u00e9.<br><br>\nJako zodpov\u011bdn\u00fd kvantitativn\u00ed t\u00fdm v\u00e1s nau\u010d\u00edme, jak pou\u017e\u00edvat <strong>Myfxbook<\/strong> k rozpozn\u00e1n\u00ed pravdy od l\u017ei, stejn\u011b jako to d\u011blaj\u00ed institucion\u00e1ln\u00ed investo\u0159i.<br><br>\n\n<h2><strong>1. Pro\u010d jsou sn\u00edmky z MT4 \/ MT5 ned\u016fv\u011bryhodn\u00e9?<\/strong><\/h2>\nSn\u00edmky obrazovky ukazuj\u00ed pouze statick\u00e9 v\u00fdsledky, ale neodr\u00e1\u017eej\u00ed skute\u010dn\u00fd zdroj finan\u010dn\u00edch prost\u0159edk\u016f ani celkov\u00e9 \u0159\u00edzen\u00ed rizik.<br><br>\n<ul>\n    <li><strong>Demo \u00fa\u010det vyd\u00e1van\u00fd za re\u00e1ln\u00fd:<\/strong> Podvodn\u00edci mohou vyu\u017e\u00edvat demo \u00fa\u010dty s neomezen\u00fdm kreditem k hazardn\u00edm s\u00e1zk\u00e1m. Pokud jednou n\u00e1hodou vyd\u011blaj\u00ed, pochlub\u00ed se sn\u00edmkem; pokud ztrat\u00ed, jednodu\u0161e \u00fa\u010det sma\u017eou a zalo\u017e\u00ed nov\u00fd bez jak\u00fdchkoli n\u00e1klad\u016f.<\/li><br>\n    \n    <li><strong>\u00daprava historie obchodov\u00e1n\u00ed:<\/strong> Na trhu existuje mnoho softwar\u016f pro \u00fapravu MT4\/MT5 nebo n\u00e1stroj\u016f pro editaci zdrojov\u00e9ho k\u00f3du. Podvodn\u00edci mohou libovoln\u011b m\u011bnit vstupn\u00ed a v\u00fdstupn\u00ed ceny, objemy obchod\u016f nebo v\u00fdsledn\u00fd zisk.<\/li><br>\n    \n    <li><strong>\u010c\u00e1ste\u010dn\u00e9 zobrazen\u00ed a klam p\u0159e\u017eiv\u0161\u00edch:<\/strong> Uk\u00e1\u017eou v\u00e1m pouze uzav\u0159en\u00e9 ziskov\u00e9 obchody. Obrovsk\u00e9 \u201eplovouc\u00ed ztr\u00e1ty (Floating Loss)\u201c, kter\u00e9 mohou kdykoli smazat \u00fa\u010det, v historii obchod\u016f zcela chyb\u00ed.<\/li>\n<\/ul>\n<\/span><\/div>\n\t\t<div class=\"elementor-element elementor-element-a666061 e-con-full e-flex e-con e-child\" data-id=\"a666061\" data-element_type=\"container\" data-settings=\"{&quot;background_background&quot;:&quot;classic&quot;}\">\n\t\t\t\t<div class=\"elementor-element elementor-element-0c15686 elementor-widget elementor-widget-html translation-block\" data-id=\"0c15686\" data-element_type=\"widget\" data-widget_type=\"html.default\"><span>\n<strong>Varov\u00e1n\u00ed:<\/strong> N\u00e1r\u016fst z\u016fstatku (Balance) neznamen\u00e1 bezpe\u010dnost \u00fa\u010dtu; pro zji\u0161t\u011bn\u00ed skute\u010dn\u00e9ho stavu mus\u00edte sledovat ekvitu (Equity).\n<\/span><\/div>\n\t\t\t\t<\/div>\n\t\t\t\t<div class=\"elementor-element elementor-element-70b6592 elementor-widget elementor-widget-html translation-block\" data-id=\"70b6592\" data-element_type=\"widget\" data-widget_type=\"html.default\"><span>\n<h2><strong>2. Myfxbook: \u201eJedin\u00e1 pravda\u201c ve forexu<\/strong><\/h2>\n<strong>Myfxbook<\/strong> je nez\u00e1visl\u00e1 platforma pro audit t\u0159et\u00ed stranou. P\u0159ipojuje se p\u0159\u00edmo k z\u00e1kladn\u00edm dat\u016fm obchodn\u00edch \u00fa\u010dt\u016f, co\u017e znemo\u017e\u0148uje jakoukoli manipulaci. Kdy\u017e si prohl\u00ed\u017e\u00edte \u00fa\u010det, v\u017edy hledejte ty dv\u011b \u201ezelen\u00e9 fajfky\u201c:<br>\n<\/span><\/div>\n\t\t\t\t<div class=\"elementor-element elementor-element-988074f elementor-widget elementor-widget-image\" data-id=\"988074f\" data-element_type=\"widget\" data-widget_type=\"image.default\">\n\t\t\t\t\t\t\t\t\t\t\t\t<figure class=\"wp-caption\">\n\t\t\t\t\t\t\t\t\t\t<img fetchpriority=\"high\" decoding=\"async\" width=\"600\" height=\"153\" src=\"https:\/\/mister.forex\/wp-content\/uploads\/2026\/02\/myfxbook-verified-illustration.webp\" class=\"attachment-full size-full wp-image-66318\" alt=\"Verifika\u010dn\u00ed zna\u010dky Myfxbook \u201eOv\u011b\u0159en\u00fd z\u00e1znam\u201c a \u201eOv\u011b\u0159en\u00e1 obchodn\u00ed opr\u00e1vn\u011bn\u00ed\u201c zaru\u010duj\u00ed, \u017ee jsou data pravdiv\u00e1 a \u00fa\u010det pat\u0159\u00ed dan\u00e9mu majiteli.\" srcset=\"https:\/\/mister.forex\/wp-content\/uploads\/2026\/02\/myfxbook-verified-illustration.webp 600w, https:\/\/mister.forex\/wp-content\/uploads\/2026\/02\/myfxbook-verified-illustration-500x128.webp 500w, https:\/\/mister.forex\/wp-content\/uploads\/2026\/02\/myfxbook-verified-illustration-300x77.webp 300w, https:\/\/mister.forex\/wp-content\/uploads\/2026\/02\/myfxbook-verified-illustration-18x5.webp 18w\" sizes=\"(max-width: 600px) 100vw, 600px\" \/>\t\t\t\t\t\t\t\t\t\t\t<figcaption class=\"widget-image-caption wp-caption-text\">Verifika\u010dn\u00ed zna\u010dky Myfxbook \u201eOv\u011b\u0159en\u00fd z\u00e1znam\u201c a \u201eOv\u011b\u0159en\u00e1 obchodn\u00ed opr\u00e1vn\u011bn\u00ed\u201c zaru\u010duj\u00ed, \u017ee jsou data pravdiv\u00e1 a \u00fa\u010det pat\u0159\u00ed dan\u00e9mu majiteli.<\/figcaption>\n\t\t\t\t\t\t\t\t\t\t<\/figure>\n\t\t\t\t\t\t\t\t\t<\/div>\n\t\t\t\t<div class=\"elementor-element elementor-element-7f51516 elementor-widget elementor-widget-html translation-block\" data-id=\"7f51516\" data-element_type=\"widget\" data-widget_type=\"html.default\"><span>\n<strong>\u2705 Ov\u011b\u0159en\u00fd z\u00e1znam (Track Record Verified):<\/strong><br>\nTo znamen\u00e1, \u017ee data jsou na\u010d\u00edt\u00e1na p\u0159\u00edmo ze serveru brokera a nelze je upravit.<br><br>\n<strong>\u2705 Ov\u011b\u0159en\u00e1 obchodn\u00ed opr\u00e1vn\u011bn\u00ed (Trading Privileges Verified):<\/strong><br>\nTo potvrzuje, \u017ee vydavatel skute\u010dn\u011b vlastn\u00ed tento \u00fa\u010det a nepou\u017e\u00edv\u00e1 ukraden\u00fd sn\u00edmek obrazovky.<br><br>\nPokud se \u201eu\u010ditel\u201c boj\u00ed poskytnout odkaz na <strong>Myfxbook<\/strong> nebo v odkazu chyb\u00ed tyto dv\u011b fajfky, okam\u017eit\u011b ho zablokujte.<br><br>\n\n<h2><strong>3. Ned\u00edvejte se na \u201ekolik jste vyd\u011blali\u201c, ale na \u201ekolik jste riskovali\u201c (Drawdown)<\/strong><\/h2>\nZa\u010d\u00e1te\u010dn\u00edci sleduj\u00ed zisk, zku\u0161en\u00ed obchodn\u00edci sleduj\u00ed drawdown (pokles, zkr\u00e1cen\u011b DD).<br><br>\nPokud \u00fa\u010det vyd\u011blal 100 %, ale b\u011bhem procesu dos\u00e1hl maxim\u00e1ln\u00edho poklesu 80 %, znamen\u00e1 to, \u017ee mohl kdykoli zkrachovat. To nen\u00ed obchodov\u00e1n\u00ed, ale hazard.<br><br>\n<strong>Profesion\u00e1ln\u00ed standard:<\/strong> Usilujeme o hladce rostouc\u00ed k\u0159ivku. Syst\u00e9m, kter\u00fd udr\u017e\u00ed drawdown v rozmez\u00ed 10 % a\u017e 20 % a p\u0159itom stabiln\u011b vyd\u011bl\u00e1v\u00e1, je d\u016fv\u011bryhodn\u00fd kvantitativn\u00ed model.<br>\n<\/span><\/div>\n\t\t\t\t<div class=\"elementor-element elementor-element-6e158f6 elementor-widget elementor-widget-image\" data-id=\"6e158f6\" data-element_type=\"widget\" data-widget_type=\"image.default\">\n\t\t\t\t\t\t\t\t\t\t\t\t<figure class=\"wp-caption\">\n\t\t\t\t\t\t\t\t\t\t<img decoding=\"async\" width=\"919\" height=\"443\" src=\"https:\/\/mister.forex\/wp-content\/uploads\/2026\/02\/smooth-upward-equity-curve-diagram.webp\" class=\"attachment-full size-full wp-image-66319\" alt=\"P\u0159\u00edklad stabiln\u00ed k\u0159ivky zisku. \u017dlut\u00e1 linie ekvity a \u010derven\u00e1 linie z\u016fstatku se p\u0159ekr\u00fdvaj\u00ed a plynule rostou, co\u017e zna\u010d\u00ed dobrou kontrolu drawdownu.\" srcset=\"https:\/\/mister.forex\/wp-content\/uploads\/2026\/02\/smooth-upward-equity-curve-diagram.webp 919w, https:\/\/mister.forex\/wp-content\/uploads\/2026\/02\/smooth-upward-equity-curve-diagram-500x241.webp 500w, https:\/\/mister.forex\/wp-content\/uploads\/2026\/02\/smooth-upward-equity-curve-diagram-300x145.webp 300w, https:\/\/mister.forex\/wp-content\/uploads\/2026\/02\/smooth-upward-equity-curve-diagram-768x370.webp 768w, https:\/\/mister.forex\/wp-content\/uploads\/2026\/02\/smooth-upward-equity-curve-diagram-18x9.webp 18w\" sizes=\"(max-width: 919px) 100vw, 919px\" \/>\t\t\t\t\t\t\t\t\t\t\t<figcaption class=\"widget-image-caption wp-caption-text\">P\u0159\u00edklad stabiln\u00ed k\u0159ivky zisku. \u017dlut\u00e1 linie ekvity a \u010derven\u00e1 linie z\u016fstatku se p\u0159ekr\u00fdvaj\u00ed a plynule rostou, co\u017e zna\u010d\u00ed dobrou kontrolu drawdownu.<\/figcaption>\n\t\t\t\t\t\t\t\t\t\t<\/figure>\n\t\t\t\t\t\t\t\t\t<\/div>\n\t\t\t\t<div class=\"elementor-element elementor-element-5ea0d62 elementor-widget elementor-widget-html translation-block\" data-id=\"5ea0d62\" data-element_type=\"widget\" data-widget_type=\"html.default\"><span>\n<h2><strong>4. Z\u016fstatek (Balance) vs. Ekvita (Equity): Odhalen\u00ed pasti s dr\u017een\u00edm ztr\u00e1t<\/strong><\/h2>\nMnoho podvodn\u00fdch \u201elektor\u016f\u201c vykazuje neust\u00e1le rostouc\u00ed z\u016fstatek (Balance), zat\u00edmco jejich k\u0159ivka ekvity (Equity) pad\u00e1 do propasti. To znamen\u00e1, \u017ee odm\u00edtaj\u00ed uzav\u0159\u00edt ztr\u00e1ty a dr\u017e\u00ed obrovsk\u00e9 otev\u0159en\u00e9 ztr\u00e1ty. Pokud se trh neoto\u010d\u00ed, \u00fa\u010det je okam\u017eit\u011b na nule.<br><br>\nNa <strong>Myfxbook<\/strong>: Sledujte, zda \u017elut\u00e1 linie ekvity t\u011bsn\u011b kop\u00edruje \u010dervenou linii z\u016fstatku. <strong>Pokud se od sebe v\u00fdrazn\u011b vzdaluj\u00ed, rychle pry\u010d!<\/strong><br>\n<\/span><\/div>\n\t\t\t\t<div class=\"elementor-element elementor-element-741b874 elementor-widget elementor-widget-image\" data-id=\"741b874\" data-element_type=\"widget\" data-widget_type=\"image.default\">\n\t\t\t\t\t\t\t\t\t\t\t\t<figure class=\"wp-caption\">\n\t\t\t\t\t\t\t\t\t\t<img decoding=\"async\" width=\"919\" height=\"443\" src=\"https:\/\/mister.forex\/wp-content\/uploads\/2026\/02\/martingale-reject-stoploss-diagram.webp\" class=\"attachment-full size-full wp-image-66316\" alt=\"Graf odhaluj\u00edc\u00ed riziko dr\u017een\u00ed ztr\u00e1tov\u00fdch pozic. \u0160ipka ukazuje, jak se linie ekvity (\u017elut\u00e1) prudce vzdaluje od linie z\u016fstatku (\u010derven\u00e1), co\u017e zna\u010d\u00ed obrovsk\u00e9 riziko plovouc\u00ed ztr\u00e1ty.\" srcset=\"https:\/\/mister.forex\/wp-content\/uploads\/2026\/02\/martingale-reject-stoploss-diagram.webp 919w, https:\/\/mister.forex\/wp-content\/uploads\/2026\/02\/martingale-reject-stoploss-diagram-500x241.webp 500w, https:\/\/mister.forex\/wp-content\/uploads\/2026\/02\/martingale-reject-stoploss-diagram-300x145.webp 300w, https:\/\/mister.forex\/wp-content\/uploads\/2026\/02\/martingale-reject-stoploss-diagram-768x370.webp 768w, https:\/\/mister.forex\/wp-content\/uploads\/2026\/02\/martingale-reject-stoploss-diagram-18x9.webp 18w\" sizes=\"(max-width: 919px) 100vw, 919px\" \/>\t\t\t\t\t\t\t\t\t\t\t<figcaption class=\"widget-image-caption wp-caption-text\">Graf odhaluj\u00edc\u00ed riziko dr\u017een\u00ed ztr\u00e1tov\u00fdch pozic. \u0160ipka ukazuje, jak se linie ekvity (\u017elut\u00e1) prudce vzdaluje od linie z\u016fstatku (\u010derven\u00e1), co\u017e zna\u010d\u00ed obrovsk\u00e9 riziko plovouc\u00ed ztr\u00e1ty.<\/figcaption>\n\t\t\t\t\t\t\t\t\t\t<\/figure>\n\t\t\t\t\t\t\t\t\t<\/div>\n\t\t<div class=\"elementor-element elementor-element-08d76c5 e-con-full e-flex e-con e-child\" data-id=\"08d76c5\" data-element_type=\"container\" data-settings=\"{&quot;background_background&quot;:&quot;classic&quot;}\">\n\t\t\t\t<div class=\"elementor-element elementor-element-2c41fb6 elementor-widget elementor-widget-html translation-block\" data-id=\"2c41fb6\" data-element_type=\"widget\" data-widget_type=\"html.default\"><span>\n<h3><strong>N\u00e1\u0161 slib: Transparentnost je n\u00e1\u0161 jedin\u00fd jazyk<\/strong><\/h3>\nNepos\u00edl\u00e1me neov\u011b\u0159iteln\u00e9 sn\u00edmky obrazovky, ale p\u0159\u00edmo zve\u0159ej\u0148ujeme odkazy na re\u00e1ln\u00e9 obchodn\u00ed sign\u00e1ly. Ka\u017ed\u00fd n\u00e1\u0161 obchod, ka\u017ed\u00fd pokles i ka\u017ed\u00fd zisk m\u016f\u017eete sledovat 24 hodin denn\u011b. Jen ti nejsiln\u011bj\u0161\u00ed se odv\u00e1\u017e\u00ed podstoupit p\u0159\u00edsnou kontrolu nez\u00e1visl\u00fdm auditem.\n<\/span><\/div>\n\t\t\t\t<\/div>\n\t\t\t\t<div class=\"elementor-element elementor-element-4dfb66f elementor-widget elementor-widget-html translation-block\" data-id=\"4dfb66f\" data-element_type=\"widget\" data-widget_type=\"html.default\"><span>\n<h2><strong>Z\u00e1v\u011br: Kdy\u017e u\u017e um\u00edte \u010d\u00edst data, jak byste m\u011bli alokovat sv\u00e1 aktiva?<\/strong><\/h2>\nNau\u010dit se rozeznat pravdu od l\u017ei je jen prvn\u00ed krok. Na skute\u010dn\u00e9m trhu neexistuje \u017e\u00e1dn\u00e1 strategie, kter\u00e1 by byla nav\u017edy neporaziteln\u00e1. Jak profesion\u00e1ln\u00ed investo\u0159i vyu\u017e\u00edvaj\u00ed \u201emultistrategick\u00e9 portfolio\u201c k ochran\u011b p\u0159ed tr\u017en\u00edmi riziky?\n<\/span><\/div>\n\t\t\t\t<div class=\"elementor-element elementor-element-d10242b elementor-icon-list--layout-inline elementor-list-item-link-inline elementor-widget elementor-widget-icon-list\" data-id=\"d10242b\" data-element_type=\"widget\" data-widget_type=\"icon-list.default\">\n\t\t\t\t\t\t\t<ul class=\"elementor-icon-list-items elementor-inline-items\">\n\t\t\t\t\t\t\t<li class=\"elementor-icon-list-item elementor-inline-item\">\n\t\t\t\t\t\t\t\t\t\t\t<a href=\"https:\/\/mister.forex\/cs\/hedge-fund-portfolio-logic\/\">\n\n\t\t\t\t\t\t\t\t\t\t\t\t<span class=\"elementor-icon-list-icon\">\n\t\t\t\t\t\t\t<svg aria-hidden=\"true\" class=\"e-font-icon-svg e-far-check-circle\" viewbox=\"0 0 512 512\" xmlns=\"http:\/\/www.w3.org\/2000\/svg\"><path d=\"M256 8C119.033 8 8 119.033 8 256s111.033 248 248 248 248-111.033 248-248S392.967 8 256 8zm0 48c110.532 0 200 89.451 200 200 0 110.532-89.451 200-200 200-110.532 0-200-89.451-200-200 0-110.532 89.451-200 200-200m140.204 130.267l-22.536-22.718c-4.667-4.705-12.265-4.736-16.97-.068L215.346 303.697l-59.792-60.277c-4.667-4.705-12.265-4.736-16.97-.069l-22.719 22.536c-4.705 4.667-4.736 12.265-.068 16.971l90.781 91.516c4.667 4.705 12.265 4.736 16.97.068l172.589-171.204c4.704-4.668 4.734-12.266.067-16.971z\"><\/path><\/svg>\t\t\t\t\t\t<\/span>\n\t\t\t\t\t\t\t\t\t\t<span class=\"elementor-icon-list-text\">Pro\u010d hedgeov\u00e9 fondy nikdy neriskuj\u00ed v\u0161e? Odhalte logiku dlouhodob\u00fdch zisk\u016f portfolia<\/span>\n\t\t\t\t\t\t\t\t\t\t\t<\/a>\n\t\t\t\t\t\t\t\t\t<\/li>\n\t\t\t\t\t\t<\/ul>\n\t\t\t\t\t\t<\/div>\n\t\t\t\t\t<\/div>\n\t\t\t\t<\/div>\n\t\t\t\t<\/div>","protected":false},"excerpt":{"rendered":"<p>Sn\u00edmky obrazovky z forexu lze snadno zfal\u0161ovat. Jak se mohou investo\u0159i chr\u00e1nit? N\u00e1\u0161 t\u00fdm rozeb\u00edr\u00e1 pasti MT4\/MT5 a p\u0159edstavuje Myfxbook. Kl\u00ed\u010dov\u00e9 body: ov\u011b\u0159en\u00ed z\u00e1znam\u016f, odhalen\u00ed past\u00ed s ekvitou a logika profesion\u00e1ln\u00ed alokace aktiv.<\/p>","protected":false},"author":1,"featured_media":60992,"parent":0,"menu_order":0,"comment_status":"closed","ping_status":"closed","template":"","meta":{"footnotes":""},"tags":[128],"class_list":["post-66209","page","type-page","status-publish","has-post-thumbnail","hentry","tag-no-google"],"_links":{"self":[{"href":"https:\/\/mister.forex\/cs\/wp-json\/wp\/v2\/pages\/66209","targetHints":{"allow":["GET"]}}],"collection":[{"href":"https:\/\/mister.forex\/cs\/wp-json\/wp\/v2\/pages"}],"about":[{"href":"https:\/\/mister.forex\/cs\/wp-json\/wp\/v2\/types\/page"}],"author":[{"embeddable":true,"href":"https:\/\/mister.forex\/cs\/wp-json\/wp\/v2\/users\/1"}],"replies":[{"embeddable":true,"href":"https:\/\/mister.forex\/cs\/wp-json\/wp\/v2\/comments?post=66209"}],"version-history":[{"count":21,"href":"https:\/\/mister.forex\/cs\/wp-json\/wp\/v2\/pages\/66209\/revisions"}],"predecessor-version":[{"id":71441,"href":"https:\/\/mister.forex\/cs\/wp-json\/wp\/v2\/pages\/66209\/revisions\/71441"}],"wp:featuredmedia":[{"embeddable":true,"href":"https:\/\/mister.forex\/cs\/wp-json\/wp\/v2\/media\/60992"}],"wp:attachment":[{"href":"https:\/\/mister.forex\/cs\/wp-json\/wp\/v2\/media?parent=66209"}],"wp:term":[{"taxonomy":"post_tag","embeddable":true,"href":"https:\/\/mister.forex\/cs\/wp-json\/wp\/v2\/tags?post=66209"}],"curies":[{"name":"wp","href":"https:\/\/api.w.org\/{rel}","templated":true}]}}