{"id":66268,"date":"2026-02-07T21:05:51","date_gmt":"2026-02-07T13:05:51","guid":{"rendered":"https:\/\/mister.forex\/?page_id=66268"},"modified":"2026-04-21T14:49:01","modified_gmt":"2026-04-21T06:49:01","slug":"hedge-fund-portfolio-logic","status":"publish","type":"page","link":"https:\/\/mister.forex\/cs\/hedge-fund-portfolio-logic\/","title":{"rendered":"P\u0159esta\u0148te riskovat v\u0161e! Tajemstv\u00ed hedgeov\u00fdch fond\u016f: Kvantitativn\u00ed strategie a alokace aktiv"},"content":{"rendered":"<div data-elementor-type=\"wp-page\" data-elementor-id=\"66268\" class=\"elementor elementor-66268\" data-elementor-post-type=\"page\">\n\t\t\t\t<div class=\"elementor-element elementor-element-e573153 e-flex e-con-boxed e-con e-parent\" data-id=\"e573153\" data-element_type=\"container\">\n\t\t\t\t\t<div class=\"e-con-inner\">\n\t\t\t\t<div class=\"elementor-element elementor-element-4658f0d elementor-widget elementor-widget-heading\" data-id=\"4658f0d\" data-element_type=\"widget\" data-widget_type=\"heading.default\">\n\t\t\t\t\t<h1 class=\"elementor-heading-title elementor-size-default\">Pro\u010d hedgeov\u00e9 fondy nikdy neriskuj\u00ed v\u0161e? Odhalte logiku dlouhodob\u00fdch zisk\u016f portfolia<\/h1>\t\t\t\t<\/div>\n\t\t\t\t<div class=\"elementor-element elementor-element-52dd9d1 elementor-widget elementor-widget-html translation-block\" data-id=\"52dd9d1\" data-element_type=\"widget\" data-widget_type=\"html.default\"><span>\nVe sv\u011bt\u011b investic je honba za \u201ejedin\u00fdm nejsiln\u011bj\u0161\u00edm sign\u00e1lem\u201c obvykle za\u010d\u00e1tkem ztr\u00e1t. Proto\u017ee se tr\u017en\u00ed prost\u0159ed\u00ed neust\u00e1le m\u011bn\u00ed, \u017e\u00e1dn\u00fd algoritmus nem\u016f\u017ee z\u016fstat nav\u017edy neporaziteln\u00fd.<br><br>\nProfesion\u00e1ln\u00ed instituce p\u0159e\u017e\u00edvaj\u00ed dlouhodob\u011b d\u00edky <strong>\u201ekomplementarit\u011b strategi\u00ed\u201c<\/strong>. Zde je hlavn\u00ed logika alokace aktiv:\n<\/span><br><br>\n\n<span>\n<h2><strong>1. Trh se m\u011bn\u00ed, va\u0161e strategie mus\u00ed m\u00edt \u201ePl\u00e1n B\u201c<\/strong><\/h2>\nTr\u017en\u00ed podm\u00ednky se obvykle d\u011bl\u00ed na dva typy: <strong>Trend<\/strong> (velk\u00e9 vzestupy a p\u00e1dy) a <strong>Konsolidace<\/strong> (pohyb do strany).<br><br>\n<ul>\n    <li>Pokud investujete pouze do <strong>trendov\u00fdch strategi\u00ed<\/strong>, bude v\u00e1\u0161 \u00fa\u010det p\u0159i stagnaci trhu \u010delit opakovan\u00fdm stop-loss\u016fm.<\/li><br>\n    <li>Pokud investujete pouze do <strong>protitrendov\u00fdch strategi\u00ed<\/strong>, bude v\u00e1\u0161 \u00fa\u010det vystaven vysok\u00e9mu riziku plovouc\u00ed ztr\u00e1ty p\u0159i prudk\u00e9m rozvoji trendu.<\/li>\n<\/ul>\n<br>\n<strong>Profesion\u00e1ln\u00ed p\u0159\u00edstup:<\/strong> Nechte strategie s odli\u0161n\u00fdm charakterem, aby se navz\u00e1jem kryly. Kdy\u017e jedna strategie p\u0159i konsolidaci ztr\u00e1c\u00ed, druh\u00e1 profituje z trendu. Tato alokace s \u201enegativn\u00ed korelac\u00ed\u201c je jedinou cestou ke stabiln\u00edmu r\u016fstu \u00fa\u010dtu.\n<\/span><br><br>\n\n<span>\n<h2><strong>2. Dv\u011b hlavn\u00ed technologie: Komplement\u00e1rn\u00ed kvantitativn\u00ed r\u00e1mec<\/strong><\/h2>\nVyvinuli jsme dv\u011b sady obchodn\u00edch strategi\u00ed pro r\u016fzn\u00e1 tr\u017en\u00ed prost\u0159ed\u00ed, kter\u00e9 slou\u017e\u00ed jako vstupenka pro investory:\n<\/span><\/div>\n\t\t\t\t<div class=\"elementor-element elementor-element-96d5a99 elementor-widget elementor-widget-html\" data-id=\"96d5a99\" data-element_type=\"widget\" data-widget_type=\"html.default\">\n\t\t\t\t\t<span>\n<ul>\n    <li class=\" translation-block\"><strong>Alpha Gold:<\/strong> Specializuje se na zachycen\u00ed cenov\u00fdch odchylek trhu. \u010c\u00edm siln\u011bj\u0161\u00ed je odchylka, t\u00edm v\u011bt\u0161\u00ed je potenci\u00e1l zisku. Ide\u00e1ln\u00ed pro investory hledaj\u00edc\u00ed explozivn\u00ed r\u016fst.<\/li><br>\n    \n    <li class=\" translation-block\"><strong>Quant Matrix:<\/strong> Zam\u011b\u0159uje se na statistick\u00e9 vzorce a drobn\u00e9 oscilace u v\u00edce m\u011bnov\u00fdch p\u00e1r\u016f. Usiluje o maxim\u00e1ln\u00ed stabilitu a kumuluje zisky podobn\u011b jako bankovn\u00ed \u00faroky.<\/li>\n<\/ul>\n<\/span>\t\t\t\t<\/div>\n\t\t\t\t<div class=\"elementor-element elementor-element-eaa015f elementor-widget elementor-widget-html translation-block\" data-id=\"eaa015f\" data-element_type=\"widget\" data-widget_type=\"html.default\"><span>\n<h2><strong>3. Cesta k r\u016fstu: Od z\u00e1kladn\u00edho ov\u011b\u0159en\u00ed k profesion\u00e1ln\u00edmu portfoliu<\/strong><\/h2>\nV\u00edme, \u017ee d\u016fv\u011bra vy\u017eaduje \u010das, proto nab\u00edz\u00edme kompletn\u00ed cestu od za\u010d\u00e1te\u010dn\u00edk\u016f a\u017e po institucion\u00e1ln\u00ed \u00farove\u0148:<br><br>\n<ul>\n    <li><strong>Z\u00e1kladn\u00ed ov\u011b\u0159en\u00ed:<\/strong> M\u016f\u017eete za\u010d\u00edt se strategi\u00ed pro za\u010d\u00e1te\u010dn\u00edky a sami si porovnat ov\u011b\u0159en\u00e1 data z <strong>Myfxbook<\/strong> se skute\u010dn\u00fdm v\u00fdkonem \u00fa\u010dtu.<\/li><br>\n    \n    <li><strong>Postupn\u00e9 navy\u0161ov\u00e1n\u00ed:<\/strong> Po potvrzen\u00ed stability syst\u00e9mu doporu\u010dujeme sou\u010dasn\u011b vyu\u017e\u00edvat strategie pro \u201etrend\u201c i \u201eoscilaci\u201c, \u010d\u00edm\u017e dos\u00e1hnete skute\u010dn\u00e9 izolace rizik.<\/li><br>\n    \n    <li><strong>Investi\u010dn\u00ed portfolio:<\/strong> Jakmile kapit\u00e1l dos\u00e1hne ur\u010dit\u00e9 v\u00fd\u0161e, syst\u00e9m aktivuje slo\u017eit\u011bj\u0161\u00ed hedgingovou logiku. S dostate\u010dnou mar\u017e\u00ed se zv\u00fd\u0161\u00ed odolnost v\u016f\u010di riziku a vy z\u00edsk\u00e1te stabilitu na \u00farovni hedgeov\u00fdch fond\u016f.<\/li>\n<\/ul>\n<\/span><br>\n\n<span>\n<h2><strong>Z\u00e1v\u011br: Nejlep\u0161\u00ed investice za\u010d\u00edn\u00e1 t\u00edm, \u017ee \u201euvid\u00edte na vlastn\u00ed o\u010di\u201c<\/strong><\/h2>\nKvantitativn\u00ed obchodov\u00e1n\u00ed nen\u00ed kouzlo pro rychl\u00e9 zbohatnut\u00ed, ale proces n\u00e1vratu k racionalit\u011b pomoc\u00ed v\u011bdeck\u00fdch n\u00e1stroj\u016f. Nesp\u011bchejte s velk\u00fdmi vklady. Vyberte si strategii, kter\u00e1 vyhovuje va\u0161emu pl\u00e1nu, a vyzkou\u0161ejte si discipl\u00ednu a efektivitu automatizace.\n<\/span><br><br>\n\n<span>\n<h2><strong>Vyberte si sv\u016fj prvn\u00ed kvantitativn\u00ed startovn\u00ed bod<\/strong><\/h2>\nKvantitativn\u00ed obchodov\u00e1n\u00ed nen\u00ed z\u00e1zrak, ale v\u011bda. Za\u010dn\u011bte s jednou strategi\u00ed a za\u017eijte skute\u010dnou automatizovanou spr\u00e1vu financ\u00ed:\n<\/span><\/div>\n\t\t\t\t<div class=\"elementor-element elementor-element-1c09d1f elementor-icon-list--layout-inline elementor-list-item-link-inline elementor-widget elementor-widget-icon-list\" data-id=\"1c09d1f\" data-element_type=\"widget\" data-widget_type=\"icon-list.default\">\n\t\t\t\t\t\t\t<ul class=\"elementor-icon-list-items elementor-inline-items\">\n\t\t\t\t\t\t\t<li class=\"elementor-icon-list-item elementor-inline-item\">\n\t\t\t\t\t\t\t\t\t\t\t<a href=\"https:\/\/mister.forex\/cs\/alpha-gold\/\">\n\n\t\t\t\t\t\t\t\t\t\t\t\t<span class=\"elementor-icon-list-icon\">\n\t\t\t\t\t\t\t<svg aria-hidden=\"true\" class=\"e-font-icon-svg e-far-check-circle\" viewbox=\"0 0 512 512\" xmlns=\"http:\/\/www.w3.org\/2000\/svg\"><path d=\"M256 8C119.033 8 8 119.033 8 256s111.033 248 248 248 248-111.033 248-248S392.967 8 256 8zm0 48c110.532 0 200 89.451 200 200 0 110.532-89.451 200-200 200-110.532 0-200-89.451-200-200 0-110.532 89.451-200 200-200m140.204 130.267l-22.536-22.718c-4.667-4.705-12.265-4.736-16.97-.068L215.346 303.697l-59.792-60.277c-4.667-4.705-12.265-4.736-16.97-.069l-22.719 22.536c-4.705 4.667-4.736 12.265-.068 16.971l90.781 91.516c4.667 4.705 12.265 4.736 16.97.068l172.589-171.204c4.704-4.668 4.734-12.266.067-16.971z\"><\/path><\/svg>\t\t\t\t\t\t<\/span>\n\t\t\t\t\t\t\t\t\t\t<span class=\"elementor-icon-list-text\">Zobrazit re\u00e1lnou v\u00fdkonnost Alpha Gold<\/span>\n\t\t\t\t\t\t\t\t\t\t\t<\/a>\n\t\t\t\t\t\t\t\t\t<\/li>\n\t\t\t\t\t\t<\/ul>\n\t\t\t\t\t\t<\/div>\n\t\t\t\t<div class=\"elementor-element elementor-element-29c4922 elementor-widget elementor-widget-heading\" data-id=\"29c4922\" data-element_type=\"widget\" data-widget_type=\"heading.default\">\n\t\t\t\t\t<span class=\"elementor-heading-title elementor-size-default\">(Vhodn\u00e9 pro investory hledaj\u00edc\u00ed explozivn\u00ed r\u016fst a preferuj\u00edc\u00ed obchodov\u00e1n\u00ed se zlatem)<\/span>\t\t\t\t<\/div>\n\t\t\t\t<div class=\"elementor-element elementor-element-0b7b33a elementor-icon-list--layout-inline elementor-list-item-link-inline elementor-widget elementor-widget-icon-list\" data-id=\"0b7b33a\" data-element_type=\"widget\" data-widget_type=\"icon-list.default\">\n\t\t\t\t\t\t\t<ul class=\"elementor-icon-list-items elementor-inline-items\">\n\t\t\t\t\t\t\t<li class=\"elementor-icon-list-item elementor-inline-item\">\n\t\t\t\t\t\t\t\t\t\t\t<a href=\"https:\/\/mister.forex\/cs\/quant-matrix\/\">\n\n\t\t\t\t\t\t\t\t\t\t\t\t<span class=\"elementor-icon-list-icon\">\n\t\t\t\t\t\t\t<svg aria-hidden=\"true\" class=\"e-font-icon-svg e-far-check-circle\" viewbox=\"0 0 512 512\" xmlns=\"http:\/\/www.w3.org\/2000\/svg\"><path d=\"M256 8C119.033 8 8 119.033 8 256s111.033 248 248 248 248-111.033 248-248S392.967 8 256 8zm0 48c110.532 0 200 89.451 200 200 0 110.532-89.451 200-200 200-110.532 0-200-89.451-200-200 0-110.532 89.451-200 200-200m140.204 130.267l-22.536-22.718c-4.667-4.705-12.265-4.736-16.97-.068L215.346 303.697l-59.792-60.277c-4.667-4.705-12.265-4.736-16.97-.069l-22.719 22.536c-4.705 4.667-4.736 12.265-.068 16.971l90.781 91.516c4.667 4.705 12.265 4.736 16.97.068l172.589-171.204c4.704-4.668 4.734-12.266.067-16.971z\"><\/path><\/svg>\t\t\t\t\t\t<\/span>\n\t\t\t\t\t\t\t\t\t\t<span class=\"elementor-icon-list-text\">Zobrazit re\u00e1lnou v\u00fdkonnost Quant Matrix<\/span>\n\t\t\t\t\t\t\t\t\t\t\t<\/a>\n\t\t\t\t\t\t\t\t\t<\/li>\n\t\t\t\t\t\t<\/ul>\n\t\t\t\t\t\t<\/div>\n\t\t\t\t<div class=\"elementor-element elementor-element-6b74cb5 elementor-widget elementor-widget-heading\" data-id=\"6b74cb5\" data-element_type=\"widget\" data-widget_type=\"heading.default\">\n\t\t\t\t\t<span class=\"elementor-heading-title elementor-size-default\">(Vhodn\u00e9 pro investory hledaj\u00edc\u00ed stabilitu a stabiln\u00ed r\u016fst \u00fa\u010dtu)<\/span>\t\t\t\t<\/div>\n\t\t\t\t<div class=\"elementor-element elementor-element-6319289 elementor-icon-list--layout-inline elementor-list-item-link-inline elementor-widget elementor-widget-icon-list\" data-id=\"6319289\" data-element_type=\"widget\" data-widget_type=\"icon-list.default\">\n\t\t\t\t\t\t\t<ul class=\"elementor-icon-list-items elementor-inline-items\">\n\t\t\t\t\t\t\t<li class=\"elementor-icon-list-item elementor-inline-item\">\n\t\t\t\t\t\t\t\t\t\t\t<a href=\"https:\/\/mister.forex\/cs\/calmar-ratio-investment-efficiency\/\">\n\n\t\t\t\t\t\t\t\t\t\t\t\t<span class=\"elementor-icon-list-icon\">\n\t\t\t\t\t\t\t<svg aria-hidden=\"true\" class=\"e-font-icon-svg e-far-check-circle\" viewbox=\"0 0 512 512\" xmlns=\"http:\/\/www.w3.org\/2000\/svg\"><path d=\"M256 8C119.033 8 8 119.033 8 256s111.033 248 248 248 248-111.033 248-248S392.967 8 256 8zm0 48c110.532 0 200 89.451 200 200 0 110.532-89.451 200-200 200-110.532 0-200-89.451-200-200 0-110.532 89.451-200 200-200m140.204 130.267l-22.536-22.718c-4.667-4.705-12.265-4.736-16.97-.068L215.346 303.697l-59.792-60.277c-4.667-4.705-12.265-4.736-16.97-.069l-22.719 22.536c-4.705 4.667-4.736 12.265-.068 16.971l90.781 91.516c4.667 4.705 12.265 4.736 16.97.068l172.589-171.204c4.704-4.668 4.734-12.266.067-16.971z\"><\/path><\/svg>\t\t\t\t\t\t<\/span>\n\t\t\t\t\t\t\t\t\t\t<span class=\"elementor-icon-list-text\">Dejte sbohem nafouknut\u00fdm v\u00fdnos\u016fm: Ovl\u00e1dn\u011bte Calmar Ratio pro stabiln\u00ed k\u0159ivku aktiv<\/span>\n\t\t\t\t\t\t\t\t\t\t\t<\/a>\n\t\t\t\t\t\t\t\t\t<\/li>\n\t\t\t\t\t\t<\/ul>\n\t\t\t\t\t\t<\/div>\n\t\t\t\t\t<\/div>\n\t\t\t\t<\/div>\n\t\t\t\t<\/div>","protected":false},"excerpt":{"rendered":"<p>Pro\u010d \u0161pi\u010dkov\u00e9 hedgeov\u00e9 fondy nikdy nes\u00e1z\u00ed v\u0161e na jeden sign\u00e1l? Odhalte tajemstv\u00ed institucion\u00e1ln\u00ed alokace aktiv s \u201enegativn\u00ed korelac\u00ed\u201c. Nau\u010dte se, jak pomoc\u00ed portfolia odol\u00e1vat volatilit\u011b trhu a dos\u00e1hnout matematick\u00e9ho efektu s\u010d\u00edt\u00e1n\u00ed zisk\u016f a kompenzace rizik. P\u0159esta\u0148te hledat 100% svat\u00fd gr\u00e1l a sta\u0148te se profesion\u00e1ln\u00edm investorem!<\/p>","protected":false},"author":1,"featured_media":66336,"parent":0,"menu_order":0,"comment_status":"closed","ping_status":"closed","template":"","meta":{"footnotes":""},"tags":[128],"class_list":["post-66268","page","type-page","status-publish","has-post-thumbnail","hentry","tag-no-google"],"_links":{"self":[{"href":"https:\/\/mister.forex\/cs\/wp-json\/wp\/v2\/pages\/66268","targetHints":{"allow":["GET"]}}],"collection":[{"href":"https:\/\/mister.forex\/cs\/wp-json\/wp\/v2\/pages"}],"about":[{"href":"https:\/\/mister.forex\/cs\/wp-json\/wp\/v2\/types\/page"}],"author":[{"embeddable":true,"href":"https:\/\/mister.forex\/cs\/wp-json\/wp\/v2\/users\/1"}],"replies":[{"embeddable":true,"href":"https:\/\/mister.forex\/cs\/wp-json\/wp\/v2\/comments?post=66268"}],"version-history":[{"count":12,"href":"https:\/\/mister.forex\/cs\/wp-json\/wp\/v2\/pages\/66268\/revisions"}],"predecessor-version":[{"id":70533,"href":"https:\/\/mister.forex\/cs\/wp-json\/wp\/v2\/pages\/66268\/revisions\/70533"}],"wp:featuredmedia":[{"embeddable":true,"href":"https:\/\/mister.forex\/cs\/wp-json\/wp\/v2\/media\/66336"}],"wp:attachment":[{"href":"https:\/\/mister.forex\/cs\/wp-json\/wp\/v2\/media?parent=66268"}],"wp:term":[{"taxonomy":"post_tag","embeddable":true,"href":"https:\/\/mister.forex\/cs\/wp-json\/wp\/v2\/tags?post=66268"}],"curies":[{"name":"wp","href":"https:\/\/api.w.org\/{rel}","templated":true}]}}