{"id":66400,"date":"2026-02-13T13:35:55","date_gmt":"2026-02-13T05:35:55","guid":{"rendered":"https:\/\/mister.forex\/?page_id=66400"},"modified":"2026-04-19T09:12:36","modified_gmt":"2026-04-19T01:12:36","slug":"why-we-refuse-mql5-signalstart","status":"publish","type":"page","link":"https:\/\/mister.forex\/cs\/why-we-refuse-mql5-signalstart\/","title":{"rendered":"Je p\u0159edplatn\u00e9 MQL5 skute\u010dn\u011b ziskov\u00e9? 3 pasti kop\u00edrov\u00e1n\u00ed obchod\u016f | Mr.Forex"},"content":{"rendered":"<div data-elementor-type=\"wp-page\" data-elementor-id=\"66400\" class=\"elementor elementor-66400\" data-elementor-post-type=\"page\">\n\t\t\t\t<div class=\"elementor-element elementor-element-5818207 e-flex e-con-boxed e-con e-parent\" data-id=\"5818207\" data-element_type=\"container\">\n\t\t\t\t\t<div class=\"e-con-inner\">\n\t\t\t\t<div class=\"elementor-element elementor-element-384e732 elementor-widget elementor-widget-heading\" data-id=\"384e732\" data-element_type=\"widget\" data-widget_type=\"heading.default\">\n\t\t\t\t\t<h1 class=\"elementor-heading-title elementor-size-default\">Ochrana zisk\u016f investor\u016f: 4 technick\u00e9 d\u016fvody, pro\u010d odm\u00edt\u00e1me p\u0159edplatn\u00e9 MQL5<\/h1>\t\t\t\t<\/div>\n\t\t\t\t<div class=\"elementor-element elementor-element-dbb2d15 elementor-widget elementor-widget-html translation-block\" data-id=\"dbb2d15\" data-element_type=\"widget\" data-widget_type=\"html.default\"><span>\nKdy\u017e za\u010dnete hledat n\u00e1stroje pro automatizovan\u00e9 obchodov\u00e1n\u00ed, jist\u011b jste sly\u0161eli o zn\u00e1m\u00fdch platform\u00e1ch pro odb\u011br sign\u00e1l\u016f, jako jsou <strong>MQL5<\/strong>, <strong>SignalStart<\/strong> nebo <strong>ZuluTrade<\/strong>. Mnoho u\u017eivatel\u016f se m\u011b pt\u00e1: \u201eKdy\u017e je v\u00e1\u0161 syst\u00e9m tak stabiln\u00ed, pro\u010d ho nenab\u00edz\u00edte na t\u011bchto platform\u00e1ch za m\u011bs\u00ed\u010dn\u00ed p\u0159edplatn\u00e9?\u201c<br><br>\n\nTo je velmi odborn\u00e1 ot\u00e1zka. Dnes chci zve\u0159ejnit d\u016fvody, pro\u010d tyto platformy odm\u00edt\u00e1me. Nen\u00ed to proto, \u017ee by to technicky ne\u0161lo, ale proto\u017ee dob\u0159e v\u00edme: <strong>P\u0159i odb\u011bru \u201escalpingov\u00fdch strategi\u00ed\u201c na t\u011bchto platform\u00e1ch nakonec vyd\u011bl\u00e1v\u00e1 pouze poskytovatel sign\u00e1lu, zat\u00edmco sleduj\u00edc\u00ed prod\u011bl\u00e1vaj\u00ed.<\/strong><br><br>\n\nZde jsou technick\u00e9 hranice, kter\u00e9 dodr\u017eujeme, abychom chr\u00e1nili kapit\u00e1l investor\u016f:\n<\/span><br><br>\n\n<span>\n<h2><strong>1. \u201eSebevra\u017eedn\u00e1\u201c obchodn\u00ed past pro u\u017eivatele s mal\u00fdm kapit\u00e1lem<\/strong><\/h2>\n\nPlatformy jako <strong>MQL5<\/strong> obvykle \u00fa\u010dtuj\u00ed fixn\u00ed m\u011bs\u00ed\u010dn\u00ed poplatek (nap\u0159. 30 \u2013 100 USD m\u011bs\u00ed\u010dn\u011b). Tato \u010d\u00e1stka m\u016f\u017ee b\u00fdt pro velk\u00e9 \u00fa\u010dty zanedbateln\u00e1, ale pro drobn\u00e9 investory je likvida\u010dn\u00ed.<br><br>\n\n<ul>\n    <li><strong>Tlak na vysok\u00fd zisk:<\/strong> Pokud je v\u00e1\u0161 \u00fa\u010det 1 000 USD a plat\u00edte 50 USD m\u011bs\u00ed\u010dn\u011b, mus\u00edte ka\u017ed\u00fd m\u011bs\u00edc vyd\u011blat 5 %, abyste byli v\u016fbec na nule.<\/li><br>\n    <li><strong>Zm\u011bna psychologie obchodov\u00e1n\u00ed:<\/strong> Aby pokryli tyto fixn\u00ed n\u00e1klady, u\u017eivatel\u00e9 s mal\u00fdm kapit\u00e1lem se podv\u011bdom\u011b hon\u00ed za vysok\u00fdmi v\u00fdnosy, \u010d\u00edm\u017e syst\u00e9m nut\u00ed do riskantn\u00edch stav\u016f s vysok\u00fdm propadem (Drawdown).<\/li><br>\n    <li><strong>Na\u0161e \u0159e\u0161en\u00ed:<\/strong> Trv\u00e1me na modelu <strong>\u201epoplatku ze zisku (Performance Fee)\u201c<\/strong>. Pokud nevyd\u011bl\u00e1te, nebereme si ani korunu. To zaji\u0161\u0165uje, \u017ee na\u0161e z\u00e1jmy jsou v naprost\u00e9m souladu se z\u00e1jmy investor\u016f.<\/li>\n<\/ul>\n<\/span><br>\n\n<span>\n<h2><strong>2. Technick\u00e1 pravda: Zdroj vyd\u011bl\u00e1v\u00e1, sleduj\u00edc\u00ed prod\u011bl\u00e1v\u00e1<\/strong><\/h2>\n\nTo je nej\u010dast\u011bj\u0161\u00ed st\u00ed\u017enost na platform\u00e1ch t\u0159et\u00edch stran. Zejm\u00e9na na\u0161e \u201escalpingov\u00e1 strategie\u201c m\u00e1 extr\u00e9mn\u011b p\u0159\u00edsn\u00e9 n\u00e1roky na obchodn\u00ed prost\u0159ed\u00ed (spready, skluzy, latence).<br><br>\n\n<ul>\n    <li><strong>Technick\u00e9 \u00fazk\u00e9 hrdlo:<\/strong> Na platform\u00e1ch s v\u00edce servery, jako je <strong>MQL5<\/strong>, zp\u016fsobuje p\u0159enos sign\u00e1lu p\u0159es s\u00ed\u0165 zna\u010dn\u00e9 rozd\u00edly v cen\u011b (skluzy).<\/li><br>\n    <li><strong>Tragick\u00e9 v\u00fdsledky:<\/strong> Zdroj vstoup\u00ed na 2030,10 a vystoup\u00ed na 2030,50, \u010dist\u00fd zisk 4 body. Vy kv\u016fli zpo\u017ed\u011bn\u00ed vstoup\u00edte na 2030,40 a zav\u0159ete na 2030,45. Po ode\u010dten\u00ed poplatk\u016f je v\u00e1\u0161 \u00fa\u010det ve ztr\u00e1t\u011b.<\/li><br>\n    <li><strong>Z\u00e1v\u011br:<\/strong> Mechanismus \u201emeziplatformn\u00edho p\u0159edplatn\u00e9ho\u201c nen\u00ed vhodn\u00fd pro p\u0159esn\u00e9 a rychl\u00e9 kvantitativn\u00ed strategie.<\/li>\n<\/ul>\n<\/span><\/div>\n\t\t<div class=\"elementor-element elementor-element-0917671 e-con-full e-flex e-con e-child\" data-id=\"0917671\" data-element_type=\"container\" data-settings=\"{&quot;background_background&quot;:&quot;classic&quot;}\">\n\t\t\t\t<div class=\"elementor-element elementor-element-e0481e3 elementor-widget elementor-widget-html translation-block\" data-id=\"e0481e3\" data-element_type=\"widget\" data-widget_type=\"html.default\"><span>\n<strong>Pohled Mr.Forex:<\/strong> Nemus\u00edte v\u011b\u0159it jen m\u00fdm slov\u016fm. Skute\u010dn\u00e1 hodnocen\u00ed t\u011bchto platforem si m\u016f\u017eete ov\u011b\u0159it na <a href=\"https:\/\/www.trustpilot.com\/\" target=\"_blank\" rel=\"nofollow noopener\"><strong>Trustpilot<\/strong><\/a>. St\u00ed\u017enosti u\u017eivatel\u016f na \u201enep\u0159esn\u00e9 sign\u00e1ly\u201c nebo \u201evynulov\u00e1n\u00ed \u00fa\u010dtu\u201c maj\u00ed obvykle stejnou p\u0159\u00ed\u010dinu: **skluzy mezi platformami po\u017e\u00edraj\u00ed zisky** a fixn\u00ed poplatky za p\u0159edplatn\u00e9 d\u00e1le od\u010derp\u00e1vaj\u00ed z\u00e1kladn\u00ed kapit\u00e1l.\n<\/span><\/div>\n\t\t\t\t<\/div>\n\t\t<div class=\"elementor-element elementor-element-46f9c19 e-grid e-con-full e-con e-child\" data-id=\"46f9c19\" data-element_type=\"container\">\n\t\t\t\t<div class=\"elementor-element elementor-element-c27ab99 elementor-widget elementor-widget-image\" data-id=\"c27ab99\" data-element_type=\"widget\" data-widget_type=\"image.default\">\n\t\t\t\t\t\t\t\t\t\t\t\t<figure class=\"wp-caption\">\n\t\t\t\t\t\t\t\t\t\t\t<a href=\"https:\/\/www.trustpilot.com\/review\/www.mql5.com\" target=\"_blank\" rel=\"nofollow noopener\">\n\t\t\t\t\t\t\t<img decoding=\"async\" width=\"429\" height=\"115\" src=\"https:\/\/mister.forex\/wp-content\/uploads\/2026\/02\/MQL5.webp\" class=\"attachment-full size-full wp-image-66412\" alt=\"Recenze MQL5\" srcset=\"https:\/\/mister.forex\/wp-content\/uploads\/2026\/02\/MQL5.webp 429w, https:\/\/mister.forex\/wp-content\/uploads\/2026\/02\/MQL5-300x80.webp 300w, https:\/\/mister.forex\/wp-content\/uploads\/2026\/02\/MQL5-18x5.webp 18w\" sizes=\"(max-width: 429px) 100vw, 429px\" \/>\t\t\t\t\t\t\t\t<\/a>\n\t\t\t\t\t\t\t\t\t\t\t<figcaption class=\"widget-image-caption wp-caption-text\">Recenze MQL5<\/figcaption>\n\t\t\t\t\t\t\t\t\t\t<\/figure>\n\t\t\t\t\t\t\t\t\t<\/div>\n\t\t\t\t<div class=\"elementor-element elementor-element-ad74459 elementor-widget elementor-widget-image\" data-id=\"ad74459\" data-element_type=\"widget\" data-widget_type=\"image.default\">\n\t\t\t\t\t\t\t\t\t\t\t\t<figure class=\"wp-caption\">\n\t\t\t\t\t\t\t\t\t\t\t<a href=\"https:\/\/www.trustpilot.com\/review\/signalstart.com\" target=\"_blank\" rel=\"nofollow noopener\">\n\t\t\t\t\t\t\t<img decoding=\"async\" width=\"410\" height=\"115\" src=\"https:\/\/mister.forex\/wp-content\/uploads\/2026\/02\/SignalStart.webp\" class=\"attachment-full size-full wp-image-66413\" alt=\"Recenze SignalStart\" srcset=\"https:\/\/mister.forex\/wp-content\/uploads\/2026\/02\/SignalStart.webp 410w, https:\/\/mister.forex\/wp-content\/uploads\/2026\/02\/SignalStart-300x84.webp 300w, https:\/\/mister.forex\/wp-content\/uploads\/2026\/02\/SignalStart-18x5.webp 18w\" sizes=\"(max-width: 410px) 100vw, 410px\" \/>\t\t\t\t\t\t\t\t<\/a>\n\t\t\t\t\t\t\t\t\t\t\t<figcaption class=\"widget-image-caption wp-caption-text\">Recenze SignalStart<\/figcaption>\n\t\t\t\t\t\t\t\t\t\t<\/figure>\n\t\t\t\t\t\t\t\t\t<\/div>\n\t\t\t\t<div class=\"elementor-element elementor-element-bd76ace elementor-widget elementor-widget-image\" data-id=\"bd76ace\" data-element_type=\"widget\" data-widget_type=\"image.default\">\n\t\t\t\t\t\t\t\t\t\t\t\t<figure class=\"wp-caption\">\n\t\t\t\t\t\t\t\t\t\t\t<a href=\"https:\/\/www.trustpilot.com\/review\/zulutrade.com\" target=\"_blank\" rel=\"nofollow noopener\">\n\t\t\t\t\t\t\t<img decoding=\"async\" width=\"400\" height=\"115\" src=\"https:\/\/mister.forex\/wp-content\/uploads\/2026\/02\/ZuluTrade.webp\" class=\"attachment-full size-full wp-image-66414\" alt=\"Recenze ZuluTrade\" srcset=\"https:\/\/mister.forex\/wp-content\/uploads\/2026\/02\/ZuluTrade.webp 400w, https:\/\/mister.forex\/wp-content\/uploads\/2026\/02\/ZuluTrade-300x86.webp 300w, https:\/\/mister.forex\/wp-content\/uploads\/2026\/02\/ZuluTrade-18x5.webp 18w\" sizes=\"(max-width: 400px) 100vw, 400px\" \/>\t\t\t\t\t\t\t\t<\/a>\n\t\t\t\t\t\t\t\t\t\t\t<figcaption class=\"widget-image-caption wp-caption-text\">Recenze ZuluTrade<\/figcaption>\n\t\t\t\t\t\t\t\t\t\t<\/figure>\n\t\t\t\t\t\t\t\t\t<\/div>\n\t\t\t\t<\/div>\n\t\t\t\t<div class=\"elementor-element elementor-element-499a12a elementor-widget elementor-widget-html translation-block\" data-id=\"499a12a\" data-element_type=\"widget\" data-widget_type=\"html.default\"><span>\n<h2><strong>3. Pro\u010d p\u0159edplatn\u00e9 vyvol\u00e1v\u00e1 \u201egamblersk\u00e9 chov\u00e1n\u00ed\u201c?<\/strong><\/h2>\n\nNa platform\u00e1ch s p\u0159edplatn\u00fdm je p\u0159\u00edjem poskytovatele jednoduch\u00fd: po\u010det odb\u011bratel\u016f \u00d7 fixn\u00ed poplatek.<br><br>\n\n<ul>\n    <li><strong>Mor\u00e1ln\u00ed hazard:<\/strong> Poskytovatel\u016fm sta\u010d\u00ed zariskovat a \u201evyhnat\u201c v\u00fdkon za jeden m\u011bs\u00edc, aby p\u0159il\u00e1kali davy. I kdy\u017e \u00fa\u010det p\u0159\u00ed\u0161t\u00ed m\u011bs\u00edc zkrachuje, poplatky u\u017e maj\u00ed v kapse. Nemaj\u00ed motivaci hl\u00eddat va\u0161e riziko.<\/li><br>\n    <li><strong>Skute\u010dn\u00e9 partnerstv\u00ed:<\/strong> Trv\u00e1me na v\u00fdkonnostn\u00edch poplatc\u00edch. To znamen\u00e1: <strong>Vyd\u011bl\u00e1me jen tehdy, kdy\u017e vyd\u011bl\u00e1te vy.<\/strong> Tento mechanismus n\u00e1s nut\u00ed up\u0159ednost\u0148ovat \u0159\u00edzen\u00ed rizik a stabilitu.<\/li>\n<\/ul>\n<\/span><br>\n\n<span>\n<h2><strong>4. Provoz pouze v \u201etechnicky ov\u011b\u0159en\u00e9m\u201c prost\u0159ed\u00ed<\/strong><\/h2>\n\nAbychom eliminovali latenci a skluzy, odm\u00edt\u00e1me ciz\u00ed platformy. V nekontrolovan\u00e9m prost\u0159ed\u00ed sel\u017ee i ta nejlep\u0161\u00ed kvantitativn\u00ed strategie.<br><br>\n\n<ul>\n    <li><strong>Konzistence prost\u0159ed\u00ed:<\/strong> Fungujeme pouze v p\u0159\u00edsn\u011b testovan\u00fdch prost\u0159ed\u00edch, aby v\u00e1\u0161 \u00fa\u010det b\u011b\u017eel v p\u0159esn\u00e9 synchronizaci se zdrojem.<\/li><br>\n    <li><strong>Nulov\u00e9 skryt\u00e9 n\u00e1klady:<\/strong> Nepla\u0165te za zastaral\u00e9 technologie. V\u00e1\u0161 kapit\u00e1l m\u00e1 vyd\u011bl\u00e1vat na va\u0161em \u00fa\u010dtu, ne mizet v poplatc\u00edch.<\/li><br>\n    <li><strong>Kontrola kvality:<\/strong> D\u00edky na\u0161emu syst\u00e9mu zaji\u0161\u0165ujeme kvalitu ka\u017ed\u00e9ho obchodu. Skute\u010dn\u00e9 <strong>\u201edostanete to, co vid\u00edte\u201c<\/strong>.<\/li>\n<\/ul>\n<\/span><br>\n\n<span>\n<h2><strong>Shrnut\u00ed: Vol\u00edme t\u011b\u017e\u0161\u00ed, ale spr\u00e1vnou cestu<\/strong><\/h2>\n\nVystaven\u00ed na <strong>MQL5<\/strong> by n\u00e1m p\u0159ineslo snadn\u00e9 pen\u00edze z poplatk\u016f, ale bylo by to nezodpov\u011bdn\u00e9 v\u016f\u010di kvalit\u011b exekuce na\u0161ich investor\u016f.<br><br>\n\nVol\u00edme model sd\u00edlen\u00e9ho zisku. To zaru\u010duje jedin\u00fd v\u00fdsledek: <strong>Kdy\u017e vyd\u011bl\u00e1v\u00e1 n\u00e1\u0161 re\u00e1ln\u00fd \u00fa\u010det, roste i ten v\u00e1\u0161.<\/strong><br><br>\n\n<strong>\u201eZn\u00ed to odborn\u011b, ale jak v\u00edm, \u017ee jsou va\u0161e v\u00fdsledky praviv\u00e9?\u201c<\/strong><br><br>\n\nProfesion\u00e1lov\u00e9 v\u011b\u0159\u00ed dat\u016fm. Nau\u010dte se pou\u017e\u00edvat n\u00e1stroje jako Myfxbook a prohl\u00e9dn\u011bte 90 % fale\u0161n\u00fdch v\u00fdkon\u016f na trhu. Proto se neboj\u00edme zve\u0159ejnit na\u0161e live v\u00fdsledky.\n<\/span><\/div>\n\t\t\t\t<div class=\"elementor-element elementor-element-02a8139 elementor-icon-list--layout-inline elementor-list-item-link-inline elementor-widget elementor-widget-icon-list\" data-id=\"02a8139\" data-element_type=\"widget\" data-widget_type=\"icon-list.default\">\n\t\t\t\t\t\t\t<ul class=\"elementor-icon-list-items elementor-inline-items\">\n\t\t\t\t\t\t\t<li class=\"elementor-icon-list-item elementor-inline-item\">\n\t\t\t\t\t\t\t\t\t\t\t<a href=\"https:\/\/mister.forex\/cs\/how-to-verify-forex-performance-myfxbook\/\">\n\n\t\t\t\t\t\t\t\t\t\t\t\t<span class=\"elementor-icon-list-icon\">\n\t\t\t\t\t\t\t<svg aria-hidden=\"true\" class=\"e-font-icon-svg e-far-check-circle\" viewbox=\"0 0 512 512\" xmlns=\"http:\/\/www.w3.org\/2000\/svg\"><path d=\"M256 8C119.033 8 8 119.033 8 256s111.033 248 248 248 248-111.033 248-248S392.967 8 256 8zm0 48c110.532 0 200 89.451 200 200 0 110.532-89.451 200-200 200-110.532 0-200-89.451-200-200 0-110.532 89.451-200 200-200m140.204 130.267l-22.536-22.718c-4.667-4.705-12.265-4.736-16.97-.068L215.346 303.697l-59.792-60.277c-4.667-4.705-12.265-4.736-16.97-.069l-22.719 22.536c-4.705 4.667-4.736 12.265-.068 16.971l90.781 91.516c4.667 4.705 12.265 4.736 16.97.068l172.589-171.204c4.704-4.668 4.734-12.266.067-16.971z\"><\/path><\/svg>\t\t\t\t\t\t<\/span>\n\t\t\t\t\t\t\t\t\t\t<span class=\"elementor-icon-list-text\">Pro\u010d je Myfxbook jedinou pravdou ve forexu? Skryt\u00e9 n\u00e1klady fale\u0161n\u00fdch sn\u00edmk\u016f<\/span>\n\t\t\t\t\t\t\t\t\t\t\t<\/a>\n\t\t\t\t\t\t\t\t\t<\/li>\n\t\t\t\t\t\t<\/ul>\n\t\t\t\t\t\t<\/div>\n\t\t\t\t\t<\/div>\n\t\t\t\t<\/div>\n\t\t\t\t<\/div>","protected":false},"excerpt":{"rendered":"<p>Odhalen\u00ed skryt\u00fdch chyb v MQL5 a SignalStart! Pro\u010d jsou fixn\u00ed poplatky jedem pro mal\u00e9 \u00fa\u010dty? Anal\u00fdza p\u0159\u00edstupu Mr.Forex: Pro\u010d vol\u00edme \u201epoplatky ze zisku\u201c a jednotn\u00e9 prost\u0159ed\u00ed pro ochranu va\u0161ich investic.<\/p>","protected":false},"author":1,"featured_media":66429,"parent":0,"menu_order":0,"comment_status":"closed","ping_status":"closed","template":"","meta":{"footnotes":""},"tags":[128],"class_list":["post-66400","page","type-page","status-publish","has-post-thumbnail","hentry","tag-no-google"],"_links":{"self":[{"href":"https:\/\/mister.forex\/cs\/wp-json\/wp\/v2\/pages\/66400","targetHints":{"allow":["GET"]}}],"collection":[{"href":"https:\/\/mister.forex\/cs\/wp-json\/wp\/v2\/pages"}],"about":[{"href":"https:\/\/mister.forex\/cs\/wp-json\/wp\/v2\/types\/page"}],"author":[{"embeddable":true,"href":"https:\/\/mister.forex\/cs\/wp-json\/wp\/v2\/users\/1"}],"replies":[{"embeddable":true,"href":"https:\/\/mister.forex\/cs\/wp-json\/wp\/v2\/comments?post=66400"}],"version-history":[{"count":12,"href":"https:\/\/mister.forex\/cs\/wp-json\/wp\/v2\/pages\/66400\/revisions"}],"predecessor-version":[{"id":70357,"href":"https:\/\/mister.forex\/cs\/wp-json\/wp\/v2\/pages\/66400\/revisions\/70357"}],"wp:featuredmedia":[{"embeddable":true,"href":"https:\/\/mister.forex\/cs\/wp-json\/wp\/v2\/media\/66429"}],"wp:attachment":[{"href":"https:\/\/mister.forex\/cs\/wp-json\/wp\/v2\/media?parent=66400"}],"wp:term":[{"taxonomy":"post_tag","embeddable":true,"href":"https:\/\/mister.forex\/cs\/wp-json\/wp\/v2\/tags?post=66400"}],"curies":[{"name":"wp","href":"https:\/\/api.w.org\/{rel}","templated":true}]}}