{"id":66480,"date":"2026-02-24T21:42:23","date_gmt":"2026-02-24T13:42:23","guid":{"rendered":"https:\/\/mister.forex\/?page_id=66480"},"modified":"2026-04-21T19:07:21","modified_gmt":"2026-04-21T11:07:21","slug":"ic-markets-mam-withdrawal-guide","status":"publish","type":"page","link":"https:\/\/mister.forex\/cs\/ic-markets-mam-withdrawal-guide\/","title":{"rendered":"IC Markets MAM \u2013 N\u00e1vod na v\u00fdb\u011br prost\u0159edk\u016f: Jak p\u0159ev\u00e9st prost\u0159edky zp\u011bt na osobn\u00ed \u00fa\u010det"},"content":{"rendered":"<div data-elementor-type=\"wp-page\" data-elementor-id=\"66480\" class=\"elementor elementor-66480\" data-elementor-post-type=\"page\">\n\t\t\t\t<div class=\"elementor-element elementor-element-99c3d86 e-flex e-con-boxed e-con e-parent\" data-id=\"99c3d86\" data-element_type=\"container\">\n\t\t\t\t\t<div class=\"e-con-inner\">\n\t\t\t\t<div class=\"elementor-element elementor-element-d947537 elementor-widget elementor-widget-spacer\" data-id=\"d947537\" data-element_type=\"widget\" data-widget_type=\"spacer.default\">\n\t\t\t\t\t\t\t<div class=\"elementor-spacer\">\n\t\t\t<div class=\"elementor-spacer-inner\"><\/div>\n\t\t<\/div>\n\t\t\t\t\t\t<\/div>\n\t\t\t\t<div class=\"elementor-element elementor-element-ff00f82 elementor-widget elementor-widget-heading\" data-id=\"ff00f82\" data-element_type=\"widget\" data-widget_type=\"heading.default\">\n\t\t\t\t\t<h1 class=\"elementor-heading-title elementor-size-default\">V\u00fdb\u011br prost\u0159edk\u016f IC Markets MAM<\/h1>\t\t\t\t<\/div>\n\t\t\t\t<div class=\"elementor-element elementor-element-31aee80 elementor-widget elementor-widget-text-editor\" data-id=\"31aee80\" data-element_type=\"widget\" data-widget_type=\"text-editor.default\">\n\t\t\t\t\t\t\t\t\t<p class=\" translation-block\">Chcete-li vybrat prost\u0159edky z pod\u00fa\u010dtu <strong>MAM<\/strong> na sv\u016fj osobn\u00ed \u00fa\u010det, postupujte podle t\u011bchto krok\u016f.<\/p>\t\t\t\t\t\t\t\t<\/div>\n\t\t\t\t<div class=\"elementor-element elementor-element-cd0858e elementor-icon-list--layout-inline elementor-list-item-link-inline elementor-widget elementor-widget-icon-list\" data-id=\"cd0858e\" data-element_type=\"widget\" data-widget_type=\"icon-list.default\">\n\t\t\t\t\t\t\t<ul class=\"elementor-icon-list-items elementor-inline-items\">\n\t\t\t\t\t\t\t<li class=\"elementor-icon-list-item elementor-inline-item\">\n\t\t\t\t\t\t\t\t\t\t\t<a href=\"https:\/\/mister.forex\/wp-content\/uploads\/2026\/02\/MAM-Transfer-ICM-Raw-Trading.pdf\" target=\"_blank\">\n\n\t\t\t\t\t\t\t\t\t\t\t\t<span class=\"elementor-icon-list-icon\">\n\t\t\t\t\t\t\t<svg aria-hidden=\"true\" class=\"e-font-icon-svg e-fas-file-download\" viewbox=\"0 0 384 512\" xmlns=\"http:\/\/www.w3.org\/2000\/svg\"><path d=\"M224 136V0H24C10.7 0 0 10.7 0 24v464c0 13.3 10.7 24 24 24h336c13.3 0 24-10.7 24-24V160H248c-13.2 0-24-10.8-24-24zm76.45 211.36l-96.42 95.7c-6.65 6.61-17.39 6.61-24.04 0l-96.42-95.7C73.42 337.29 80.54 320 94.82 320H160v-80c0-8.84 7.16-16 16-16h32c8.84 0 16 7.16 16 16v80h65.18c14.28 0 21.4 17.29 11.27 27.36zM377 105L279.1 7c-4.5-4.5-10.6-7-17-7H256v128h128v-6.1c0-6.3-2.5-12.4-7-16.9z\"><\/path><\/svg>\t\t\t\t\t\t<\/span>\n\t\t\t\t\t\t\t\t\t\t<span class=\"elementor-icon-list-text\">St\u00e1hnout formul\u00e1\u0159 pro p\u0159evod prost\u0159edk\u016f IC Markets<\/span>\n\t\t\t\t\t\t\t\t\t\t\t<\/a>\n\t\t\t\t\t\t\t\t\t<\/li>\n\t\t\t\t\t\t<\/ul>\n\t\t\t\t\t\t<\/div>\n\t\t\t\t<div class=\"elementor-element elementor-element-b36adde elementor-icon-list--layout-inline elementor-list-item-link-inline elementor-widget elementor-widget-icon-list\" data-id=\"b36adde\" data-element_type=\"widget\" data-widget_type=\"icon-list.default\">\n\t\t\t\t\t\t\t<ul class=\"elementor-icon-list-items elementor-inline-items\">\n\t\t\t\t\t\t\t<li class=\"elementor-icon-list-item elementor-inline-item\">\n\t\t\t\t\t\t\t\t\t\t\t<a href=\"https:\/\/www.sejda.com\/pdf-editor\" target=\"_blank\" rel=\"nofollow noopener\">\n\n\t\t\t\t\t\t\t\t\t\t\t\t<span class=\"elementor-icon-list-icon\">\n\t\t\t\t\t\t\t<svg aria-hidden=\"true\" class=\"e-font-icon-svg e-fas-pencil-alt\" viewbox=\"0 0 512 512\" xmlns=\"http:\/\/www.w3.org\/2000\/svg\"><path d=\"M497.9 142.1l-46.1 46.1c-4.7 4.7-12.3 4.7-17 0l-111-111c-4.7-4.7-4.7-12.3 0-17l46.1-46.1c18.7-18.7 49.1-18.7 67.9 0l60.1 60.1c18.8 18.7 18.8 49.1 0 67.9zM284.2 99.8L21.6 362.4.4 483.9c-2.9 16.4 11.4 30.6 27.8 27.8l121.5-21.3 262.6-262.6c4.7-4.7 4.7-12.3 0-17l-111-111c-4.8-4.7-12.4-4.7-17.1 0zM124.1 339.9c-5.5-5.5-5.5-14.3 0-19.8l154-154c5.5-5.5 14.3-5.5 19.8 0s5.5 14.3 0 19.8l-154 154c-5.5 5.5-14.3 5.5-19.8 0zM88 424h48v36.3l-64.5 11.3-31.1-31.1L51.7 376H88v48z\"><\/path><\/svg>\t\t\t\t\t\t<\/span>\n\t\t\t\t\t\t\t\t\t\t<span class=\"elementor-icon-list-text\">Vypl\u0148te a podepi\u0161te soubory snadno online.<\/span>\n\t\t\t\t\t\t\t\t\t\t\t<\/a>\n\t\t\t\t\t\t\t\t\t<\/li>\n\t\t\t\t\t\t<\/ul>\n\t\t\t\t\t\t<\/div>\n\t\t\t\t<div class=\"elementor-element elementor-element-d13ecca elementor-widget elementor-widget-html translation-block\" data-id=\"d13ecca\" data-element_type=\"widget\" data-widget_type=\"html.default\"><span>\n<h2><strong>I. Pokyny k vypln\u011bn\u00ed<\/strong><\/h2>\nTento formul\u00e1\u0159 je rozd\u011blen do n\u00e1sleduj\u00edc\u00edch \u010d\u00e1st\u00ed, vypl\u0148ujte pros\u00edm v\u00fdhradn\u011b v angli\u010dtin\u011b:<br>\n<br>\n<strong>1. Your Details<\/strong><br><br>\n<ul>\n    <li><strong>First\/Last Name<\/strong>: Va\u0161e jm\u00e9no v angli\u010dtin\u011b, mus\u00ed se shodovat s dokladem o otev\u0159en\u00ed \u00fa\u010dtu.<\/li>\n    <li><strong>Email\/Phone<\/strong>: V\u00e1\u0161 registrovan\u00fd e-mail a kontaktn\u00ed telefon.<\/li>\n    <li><strong>Sub Account Number<\/strong>: Vypl\u0148te \u010d\u00edslo pod\u00fa\u010dtu MAM, ze kter\u00e9ho chcete vybrat prost\u0159edky.<\/li>\n    <li><strong>Date<\/strong>: Vypl\u0148te datum \u017e\u00e1dosti.<\/li>\n<\/ul>\n<img class=\"aligncenter size-large wp-image-66512\" src=\"https:\/\/mister.forex\/wp-content\/uploads\/2026\/02\/IC-Markets-MAM-Transfer-01-1200x305.webp\" alt=\"\" width=\"800\" height=\"203\" \/>\n<br>\n\n<strong>2. Your Money Managers Details<\/strong><br><br>\n<ul>\n    <li><strong>First\/Last Name<\/strong>: Jm\u00e9no mana\u017eera strategie (p\u0159edvypln\u011bno).<\/li>\n    <li><strong>Company\/MAM Name<\/strong>: N\u00e1zev strategie, nap\u0159.: Alpha Gold.<\/li>\n<\/ul>\n<br>\n<img class=\"aligncenter size-large wp-image-66513\" src=\"https:\/\/mister.forex\/wp-content\/uploads\/2026\/02\/IC-Markets-MAM-Transfer-02-1200x212.webp\" alt=\"\" width=\"800\" height=\"141\" \/>\n<br>\n<strong>3. Transfer Amount<\/strong><br><br>\n<ul>\n    <li><strong>Transfer Amount<\/strong>: \u010c\u00edseln\u00e1 \u010d\u00e1stka, kterou chcete p\u0159ev\u00e9st.<\/li>\n    <li><strong>Amount in Words<\/strong>: \u010c\u00e1stka slovy v angli\u010dtin\u011b, nap\u0159.: One Thousand.<\/li>\n    <li><strong>Receiving ICM Account<\/strong>: \u010c\u00edslo osobn\u00edho obchodn\u00edho \u00fa\u010dtu pro p\u0159\u00edjem t\u011bchto prost\u0159edk\u016f.<\/li>\n    <li><strong>Currency<\/strong>: Typ m\u011bny, v\u00fdchoz\u00ed je USD.<\/li>\n<\/ul>\n<br>\n<img class=\"aligncenter size-large wp-image-66514\" src=\"https:\/\/mister.forex\/wp-content\/uploads\/2026\/02\/IC-Markets-MAM-Transfer-03-1200x340.webp\" alt=\"\" width=\"800\" height=\"227\" \/>\n<br>\n<strong>4. Checkboxes<\/strong><br><br>\n<ul>\n    <li><strong>Does your account currently have open trades?<\/strong>: Za\u0161krtn\u011bte, pokud jsou na \u00fa\u010dtu otev\u0159en\u00e9 pozice; syst\u00e9m je p\u0159i p\u0159evodu pom\u011brn\u011b uzav\u0159e.<\/li>\n    <li><strong>Are you transferring your balance?<\/strong>: Za\u0161krtn\u011bte, pokud hodl\u00e1te p\u0159ev\u00e9st cel\u00fd z\u016fstatek pod\u00fa\u010dtu.<\/li>\n<\/ul>\n<br>\n<img class=\"aligncenter size-large wp-image-66515\" src=\"https:\/\/mister.forex\/wp-content\/uploads\/2026\/02\/IC-Markets-MAM-Transfer-04-1200x102.webp\" alt=\"\" width=\"800\" height=\"68\" \/>\n<br>\n<h2><strong>II. Podpis a odesl\u00e1n\u00ed<\/strong><\/h2>\n<ul>\n    <li><strong>Signature<\/strong>: Podepi\u0161te se pros\u00edm vlastnoru\u010dn\u011b nebo elektronicky; podpis se mus\u00ed shodovat s podpisem p\u0159i zalo\u017een\u00ed \u00fa\u010dtu.<\/li>\n    <li><strong>Odeslat e-mail<\/strong>: Vypln\u011bn\u00fd formul\u00e1\u0159 vyfo\u0165te nebo naskenujte a po\u0161lete jako p\u0159\u00edlohu e-mailu na <strong>IC Markets<\/strong> (<a href=\"mailto:accounts@icmarkets.com\" target=\"_blank\" rel=\"nofollow noopener\">accounts@icmarkets.com<\/a>).<\/li>\n    <li><strong>Kopie (CC)<\/strong>: Sou\u010dasn\u011b po\u0161lete kopii na <strong>Mr.Forex<\/strong> (<a href=\"mailto:support@mister.forex\" target=\"_blank\" rel=\"nofollow noopener\">support@mister.forex<\/a>) pro rychl\u00e9 potvrzen\u00ed o p\u0159ijet\u00ed.<\/li>\n<\/ul>\n<br>\n<img class=\"aligncenter size-large wp-image-66516\" src=\"https:\/\/mister.forex\/wp-content\/uploads\/2026\/02\/IC-Markets-MAM-Transfer-05-1200x335.webp\" alt=\"\" width=\"800\" height=\"223\" \/>\n<h2><strong>III. D\u016fle\u017eit\u00e1 upozorn\u011bn\u00ed<\/strong><\/h2>\n<ul>\n    <li><strong>Proces potvrzen\u00ed<\/strong>: Po obdr\u017een\u00ed va\u0161\u00ed \u017e\u00e1dosti provede IC Markets p\u0159evod a\u017e pot\u00e9, co mana\u017eer strategie potvrd\u00ed p\u0159ijet\u00ed tohoto po\u017eadavku.<\/li>\n    <li><strong>Zpracov\u00e1n\u00ed pozic<\/strong>: Proto\u017ee MAM vyu\u017e\u00edv\u00e1 pom\u011brn\u00e9 obchodov\u00e1n\u00ed, v\u00fdb\u011br prost\u0159edk\u016f obvykle vy\u017eaduje uzav\u0159en\u00ed \u010d\u00e1sti pozic, co\u017e povede k odpov\u00eddaj\u00edc\u00edmu vypo\u0159\u00e1d\u00e1n\u00ed zisku nebo ztr\u00e1ty.<\/li>\n<\/ul>\n<\/span><\/div>\n\t\t\t\t<div class=\"elementor-element elementor-element-eb9e9d4 elementor-widget elementor-widget-spacer\" data-id=\"eb9e9d4\" data-element_type=\"widget\" data-widget_type=\"spacer.default\">\n\t\t\t\t\t\t\t<div class=\"elementor-spacer\">\n\t\t\t<div class=\"elementor-spacer-inner\"><\/div>\n\t\t<\/div>\n\t\t\t\t\t\t<\/div>\n\t\t\t\t\t<\/div>\n\t\t\t\t<\/div>\n\t\t\t\t<\/div>","protected":false},"excerpt":{"rendered":"<p>Tato p\u0159\u00edru\u010dka v\u00e1m pom\u016f\u017ee vyplnit formul\u00e1\u0159 pro p\u0159evod IC Markets MAM pro \u00fasp\u011b\u0161n\u00fd v\u00fdb\u011br prost\u0159edk\u016f z va\u0161eho pod\u00fa\u010dtu MAM na v\u00e1\u0161 osobn\u00ed \u00fa\u010det. Zahrnuje vypln\u011bn\u00ed \u010d\u00e1stky, podrobnost\u00ed o pod\u00fa\u010dtu a proces odesl\u00e1n\u00ed ofici\u00e1ln\u00edho e-mailu, aby byl zaji\u0161t\u011bn rychl\u00fd a transparentn\u00ed proces v\u00fdb\u011bru.<\/p>","protected":false},"author":1,"featured_media":66487,"parent":0,"menu_order":0,"comment_status":"closed","ping_status":"closed","template":"","meta":{"footnotes":""},"tags":[128],"class_list":["post-66480","page","type-page","status-publish","has-post-thumbnail","hentry","tag-no-google"],"_links":{"self":[{"href":"https:\/\/mister.forex\/cs\/wp-json\/wp\/v2\/pages\/66480","targetHints":{"allow":["GET"]}}],"collection":[{"href":"https:\/\/mister.forex\/cs\/wp-json\/wp\/v2\/pages"}],"about":[{"href":"https:\/\/mister.forex\/cs\/wp-json\/wp\/v2\/types\/page"}],"author":[{"embeddable":true,"href":"https:\/\/mister.forex\/cs\/wp-json\/wp\/v2\/users\/1"}],"replies":[{"embeddable":true,"href":"https:\/\/mister.forex\/cs\/wp-json\/wp\/v2\/comments?post=66480"}],"version-history":[{"count":3,"href":"https:\/\/mister.forex\/cs\/wp-json\/wp\/v2\/pages\/66480\/revisions"}],"predecessor-version":[{"id":70548,"href":"https:\/\/mister.forex\/cs\/wp-json\/wp\/v2\/pages\/66480\/revisions\/70548"}],"wp:featuredmedia":[{"embeddable":true,"href":"https:\/\/mister.forex\/cs\/wp-json\/wp\/v2\/media\/66487"}],"wp:attachment":[{"href":"https:\/\/mister.forex\/cs\/wp-json\/wp\/v2\/media?parent=66480"}],"wp:term":[{"taxonomy":"post_tag","embeddable":true,"href":"https:\/\/mister.forex\/cs\/wp-json\/wp\/v2\/tags?post=66480"}],"curies":[{"name":"wp","href":"https:\/\/api.w.org\/{rel}","templated":true}]}}