{"id":67137,"date":"2026-03-06T16:33:55","date_gmt":"2026-03-06T08:33:55","guid":{"rendered":"https:\/\/mister.forex\/?page_id=67137"},"modified":"2026-04-22T08:38:09","modified_gmt":"2026-04-22T00:38:09","slug":"calmar-ratio-investment-efficiency","status":"publish","type":"page","link":"https:\/\/mister.forex\/cs\/calmar-ratio-investment-efficiency\/","title":{"rendered":"Co je Calmar Ratio? Ukazatel, kter\u00fd prof\u00edci up\u0159ednost\u0148uj\u00ed p\u0159ed v\u00fdnosem"},"content":{"rendered":"<div data-elementor-type=\"wp-page\" data-elementor-id=\"67137\" class=\"elementor elementor-67137\" data-elementor-post-type=\"page\">\n\t\t\t\t<div class=\"elementor-element elementor-element-656ff23 e-flex e-con-boxed e-con e-parent\" data-id=\"656ff23\" data-element_type=\"container\">\n\t\t\t\t\t<div class=\"e-con-inner\">\n\t\t\t\t<div class=\"elementor-element elementor-element-dd8b4c5 elementor-widget elementor-widget-heading\" data-id=\"dd8b4c5\" data-element_type=\"widget\" data-widget_type=\"heading.default\">\n\t\t\t\t\t<h1 class=\"elementor-heading-title elementor-size-default\">Dejte sbohem nafouknut\u00fdm v\u00fdnos\u016fm: Ovl\u00e1dn\u011bte Calmar Ratio pro stabiln\u00ed k\u0159ivku aktiv<\/h1>\t\t\t\t<\/div>\n\t\t\t\t<div class=\"elementor-element elementor-element-566f2b5 elementor-widget elementor-widget-html translation-block\" data-id=\"566f2b5\" data-element_type=\"widget\" data-widget_type=\"html.default\"><span>\n<h2><strong>\ud83d\udccc P\u0159edmluva: Vyd\u011bl\u00e1v\u00e1te pen\u00edze, nebo se v\u00e1m jen zrychluje tep?<\/strong><\/h2>\nV \u00e9\u0159e technologick\u00fdch vln a extr\u00e9mn\u00edho sentimentu na trhu se \u010d\u00edsla na va\u0161em \u00fa\u010dtu m\u011bn\u00ed ka\u017ed\u00fd den.<br>\nM\u011bli jste n\u011bkdy tuto zku\u0161enost: sledujete, jak popul\u00e1rn\u00ed aktivum b\u011bhem jednoho dne prudce roste, ale boj\u00edte se do n\u011bj vstoupit, proto\u017ee se ob\u00e1v\u00e1te n\u00e1hl\u00e9ho 30% propadu?<br>\nNebo c\u00edt\u00edte \u00fazkost a nem\u016f\u017eete sp\u00e1t, kdy\u017e ceny aktiv uprost\u0159ed noci prudce klesaj\u00ed?<br><br>\n\n<strong>\u201eZisk, kter\u00fd dok\u00e1\u017eete udr\u017eet, je skute\u010dn\u00e9 bohatstv\u00ed.\u201c<\/strong><br>\nV\u011bt\u0161ina drobn\u00fdch investor\u016f sleduje pouze v\u00fdnosy, ale profesion\u00e1lov\u00e9 se zam\u011b\u0159uj\u00ed na <strong>kvalitu dr\u017een\u00ed<\/strong>.<br>\nKvalita dr\u017een\u00ed znamen\u00e1 nechat sv\u00e1 aktiva r\u016fst, ani\u017e byste museli ob\u011btovat kvalitu sv\u00e9ho \u017eivota nebo klidov\u00fd tep.<br><br>\n\nDnes v\u00e1m p\u0159edstav\u00edme kl\u00ed\u010dov\u00fd ukazatel, kter\u00fd ur\u010duje \u00fasp\u011bch investice: <strong>Calmar Ratio<\/strong>.\n<\/span><br><br>\n\n<span>\n<h2><strong>\ud83d\udccc Co je Calmar Ratio? Pro\u010d je d\u016fle\u017eit\u011bj\u0161\u00ed ne\u017e ro\u010dn\u00ed v\u00fdnos?<\/strong><\/h2>\nVzorec pro Calmar Ratio je velmi jednoduch\u00fd:\n<blockquote style=\"background-color: #f8fafc;border: 1px solid #2D4273;padding: 25px;margin: 30px 0;color: #1e293b;border-radius: 6px\">\n    <strong>Calmar Ratio = Pr\u016fm\u011brn\u00e1 ro\u010dn\u00ed m\u00edra v\u00fdnosu (CAGR) \/ Maxim\u00e1ln\u00ed propad (MDD)<\/strong>\n<\/blockquote>\nPokud m\u00e1 investice ro\u010dn\u00ed v\u00fdnos 50 %, ale v pr\u016fb\u011bhu dojde k propadu o 50 %, hodnota Calmar je pouze 1.0.<br>\nPokud m\u00e1 v\u0161ak investice v\u00fdnos 25 % s propadem pouze 10 %, hodnota Calmar je 2.5.<br>\nTo druh\u00e9 je skute\u010dn\u00e9 <strong>aktivum profesion\u00e1ln\u00ed \u00farovn\u011b<\/strong>.<br>\nC\u00edlem profesion\u00e1l\u016f nen\u00ed jen \u201enejvy\u0161\u0161\u00ed \u010d\u00edslo\u201c, ale <strong>\u201enejvy\u0161\u0161\u00ed v\u00fdnos na jednotku rizika\u201c<\/strong>.\n<\/span><br><br>\n\n<span>\n<h2><strong>\ud83d\udccc Srovn\u00e1n\u00ed glob\u00e1ln\u00edch aktiv: Kdo je skute\u010dn\u00fdm kr\u00e1lem efektivity?<\/strong><\/h2>\nSrovnali jsme b\u011b\u017en\u00e9 typy aktiv a profesion\u00e1ln\u00ed kvantitativn\u00ed syst\u00e9my:<br><br>\n\n<div style=\"margin-bottom: 25px\">\n    <table style=\"width: 100%;min-width: 650px;border-collapse: separate;border-spacing: 0;border: 1px solid #2D4273;border-radius: 6px;text-align: center;font-family: 'Inter', sans-serif;overflow: hidden\">\n        <thead>\n            <tr style=\"background-color: #2D4273;color: #ffffff\">\n                <th style=\"padding: 15px;border-right: 1px solid #ffffff;border-bottom: 1px solid #2D4273\"><strong>Typ aktiva<\/strong><\/th>\n                <th style=\"padding: 15px;border-right: 1px solid #ffffff;border-bottom: 1px solid #2D4273\"><strong>Ro\u010dn\u00ed v\u00fdnos (CAGR)<\/strong><\/th>\n                <th style=\"padding: 15px;border-right: 1px solid #ffffff;border-bottom: 1px solid #2D4273\"><strong>Propad (MDD)<\/strong><\/th>\n                <th style=\"padding: 15px;border-right: 1px solid #ffffff;border-bottom: 1px solid #2D4273\"><strong>Calmar Ratio<\/strong><\/th>\n                <th style=\"padding: 15px;border-bottom: 1px solid #2D4273\"><strong>N\u00e1ro\u010dnost dr\u017een\u00ed<\/strong><\/th>\n            <\/tr>\n        <\/thead>\n        <tbody>\n            <tr>\n                <td style=\"padding: 15px;border-right: 1px solid #2D4273;border-bottom: 1px solid #2D4273\"><strong>Quant Matrix<\/strong><\/td>\n                <td style=\"padding: 15px;border-right: 1px solid #2D4273;border-bottom: 1px solid #2D4273\">30%<\/td>\n                <td style=\"padding: 15px;border-right: 1px solid #2D4273;border-bottom: 1px solid #2D4273\"><strong style=\"color: #00AA54\">20%<\/strong><\/td>\n                <td style=\"padding: 15px;border-right: 1px solid #2D4273;border-bottom: 1px solid #2D4273\"><strong style=\"color: #00AA54\">1.50<\/strong><\/td>\n                <td style=\"padding: 15px;border-bottom: 1px solid #2D4273\"><strong>Maxim\u00e1ln\u011b stabiln\u00ed<\/strong><\/td>\n            <\/tr>\n            <tr>\n                <td style=\"padding: 15px;border-right: 1px solid #2D4273;border-bottom: 1px solid #2D4273\"><strong>Alpha Gold<\/strong><\/td>\n                <td style=\"padding: 15px;border-right: 1px solid #2D4273;border-bottom: 1px solid #2D4273\">35%<\/td>\n                <td style=\"padding: 15px;border-right: 1px solid #2D4273;border-bottom: 1px solid #2D4273\"><strong style=\"color: #00AA54\">25%<\/strong><\/td>\n                <td style=\"padding: 15px;border-right: 1px solid #2D4273;border-bottom: 1px solid #2D4273\"><strong style=\"color: #00AA54\">1.40<\/strong><\/td>\n                <td style=\"padding: 15px;border-bottom: 1px solid #2D4273\"><strong>Stabiln\u00ed r\u016fst<\/strong><\/td>\n            <\/tr>\n            <tr>\n                <td style=\"padding: 15px;border-right: 1px solid #2D4273;border-bottom: 1px solid #2D4273\">Technologick\u00e9 akcie<\/td>\n                <td style=\"padding: 15px;border-right: 1px solid #2D4273;border-bottom: 1px solid #2D4273\">30%~70%<\/td>\n                <td style=\"padding: 15px;border-right: 1px solid #2D4273;border-bottom: 1px solid #2D4273\">40%~60%<\/td>\n                <td style=\"padding: 15px;border-right: 1px solid #2D4273;border-bottom: 1px solid #2D4273\">1.00<\/td>\n                <td style=\"padding: 15px;border-bottom: 1px solid #2D4273\">Vysok\u00e1<\/td>\n            <\/tr>\n            <tr>\n                <td style=\"padding: 15px;border-right: 1px solid #2D4273;border-bottom: 1px solid #2D4273\">Kryptom\u011bny (BTC)<\/td>\n                <td style=\"padding: 15px;border-right: 1px solid #2D4273;border-bottom: 1px solid #2D4273\">60%<\/td>\n                <td style=\"padding: 15px;border-right: 1px solid #2D4273;border-bottom: 1px solid #2D4273\">75%<\/td>\n                <td style=\"padding: 15px;border-right: 1px solid #2D4273;border-bottom: 1px solid #2D4273\">0.80<\/td>\n                <td style=\"padding: 15px;border-bottom: 1px solid #2D4273\">Velmi vysok\u00e1<\/td>\n            <\/tr>\n            <tr>\n                <td style=\"padding: 15px;border-right: 1px solid #2D4273;border-bottom: 1px solid #2D4273\">S&amp;P 500 Index<\/td>\n                <td style=\"padding: 15px;border-right: 1px solid #2D4273;border-bottom: 1px solid #2D4273\">12%<\/td>\n                <td style=\"padding: 15px;border-right: 1px solid #2D4273;border-bottom: 1px solid #2D4273\">50%<\/td>\n                <td style=\"padding: 15px;border-right: 1px solid #2D4273;border-bottom: 1px solid #2D4273\">0.24<\/td>\n                <td style=\"padding: 15px;border-bottom: 1px solid #2D4273\">St\u0159edn\u00ed<\/td>\n            <\/tr>\n            <tr>\n                <td style=\"padding: 15px;border-right: 1px solid #2D4273\">Zlato (Safe Haven)<\/td>\n                <td style=\"padding: 15px;border-right: 1px solid #2D4273\">8%<\/td>\n                <td style=\"padding: 15px;border-right: 1px solid #2D4273\">25%<\/td>\n                <td style=\"padding: 15px;border-right: 1px solid #2D4273\">0.32<\/td>\n                <td style=\"padding: 15px\">Defenzivn\u00ed rovnov\u00e1ha<\/td>\n            <\/tr>\n        <\/tbody>\n    <\/table>\n<\/div>\n<\/span>\n\n<span>\n<h2><strong>\ud83d\udccc Anal\u00fdza dat: Pro\u010d se profesion\u00e1ln\u00ed ukazatele li\u0161\u00ed od b\u011b\u017en\u00e9ho vn\u00edm\u00e1n\u00ed?<\/strong><\/h2>\nZ v\u00fd\u0161e uveden\u00e9 tabulky je patrn\u00e9, \u017ee v\u011bt\u0161ina kvalitn\u00edch aktiv m\u00e1 Calmar Ratio mezi 0.4 a 1.1.<br><br>\nProfesion\u00e1ln\u00ed kvantitativn\u00ed syst\u00e9my v\u0161ak stabiln\u011b p\u0159ekra\u010duj\u00ed hodnotu 1.2 nejen d\u00edky vy\u0161\u0161\u00edm zisk\u016fm, ale d\u00edky matematick\u00fdm model\u016fm, kter\u00e9 prov\u00e1d\u011bj\u00ed <strong>\u201eextr\u00e9mn\u00ed korekci\u201c<\/strong> ka\u017ed\u00e9ho propadu.\n<\/span><\/div>\n\t\t\t\t<div class=\"elementor-element elementor-element-49e8d19 elementor-widget elementor-widget-html\" data-id=\"49e8d19\" data-element_type=\"widget\" data-widget_type=\"html.default\">\n\t\t\t\t\t<h3><strong>Hodnocen\u00ed Calmar Ratio<\/strong><\/h3>\t\t\t\t<\/div>\n\t\t<div class=\"elementor-element elementor-element-9ceb46b e-grid e-con-full e-con e-child\" data-id=\"9ceb46b\" data-element_type=\"container\">\n\t\t<div class=\"elementor-element elementor-element-3eed16a e-con-full e-flex e-con e-child\" data-id=\"3eed16a\" data-element_type=\"container\" data-settings=\"{&quot;background_background&quot;:&quot;classic&quot;}\">\n\t\t\t\t<div class=\"elementor-element elementor-element-38dfcd9 elementor-widget elementor-widget-text-editor\" data-id=\"38dfcd9\" data-element_type=\"widget\" data-widget_type=\"text-editor.default\">\n\t\t\t\t\t\t\t\t\t<p>Institucion\u00e1ln\u00ed<\/p>\t\t\t\t\t\t\t\t<\/div>\n\t\t\t\t<div class=\"elementor-element elementor-element-970a36d elementor-widget elementor-widget-text-editor\" data-id=\"970a36d\" data-element_type=\"widget\" data-widget_type=\"text-editor.default\">\n\t\t\t\t\t\t\t\t\t<p>&gt; 1.2<\/p>\t\t\t\t\t\t\t\t<\/div>\n\t\t\t\t<div class=\"elementor-element elementor-element-4f674d5 elementor-widget elementor-widget-text-editor\" data-id=\"4f674d5\" data-element_type=\"widget\" data-widget_type=\"text-editor.default\">\n\t\t\t\t\t\t\t\t\t<p>Ultim\u00e1tn\u00ed balanc rizika<\/p>\t\t\t\t\t\t\t\t<\/div>\n\t\t\t\t<\/div>\n\t\t<div class=\"elementor-element elementor-element-511b8b7 e-con-full e-flex e-con e-child\" data-id=\"511b8b7\" data-element_type=\"container\" data-settings=\"{&quot;background_background&quot;:&quot;classic&quot;}\">\n\t\t\t\t<div class=\"elementor-element elementor-element-efdc16c elementor-widget elementor-widget-text-editor\" data-id=\"efdc16c\" data-element_type=\"widget\" data-widget_type=\"text-editor.default\">\n\t\t\t\t\t\t\t\t\t<p>Siln\u00fd r\u016fst<\/p>\t\t\t\t\t\t\t\t<\/div>\n\t\t\t\t<div class=\"elementor-element elementor-element-5d72ff3 elementor-widget elementor-widget-text-editor\" data-id=\"5d72ff3\" data-element_type=\"widget\" data-widget_type=\"text-editor.default\">\n\t\t\t\t\t\t\t\t\t<p>0.7 ~ 1.2<\/p>\t\t\t\t\t\t\t\t<\/div>\n\t\t\t\t<div class=\"elementor-element elementor-element-cb94c67 elementor-widget elementor-widget-text-editor\" data-id=\"cb94c67\" data-element_type=\"widget\" data-widget_type=\"text-editor.default\">\n\t\t\t\t\t\t\t\t\t<p>\u00darove\u0148 tech. l\u00eddr\u016f<\/p>\t\t\t\t\t\t\t\t<\/div>\n\t\t\t\t<\/div>\n\t\t<div class=\"elementor-element elementor-element-051252a e-con-full e-flex e-con e-child\" data-id=\"051252a\" data-element_type=\"container\" data-settings=\"{&quot;background_background&quot;:&quot;classic&quot;}\">\n\t\t\t\t<div class=\"elementor-element elementor-element-05d30c3 elementor-widget elementor-widget-text-editor\" data-id=\"05d30c3\" data-element_type=\"widget\" data-widget_type=\"text-editor.default\">\n\t\t\t\t\t\t\t\t\t<p>Standardn\u00ed<\/p>\t\t\t\t\t\t\t\t<\/div>\n\t\t\t\t<div class=\"elementor-element elementor-element-b01b678 elementor-widget elementor-widget-text-editor\" data-id=\"b01b678\" data-element_type=\"widget\" data-widget_type=\"text-editor.default\">\n\t\t\t\t\t\t\t\t\t<p>&lt; 0.7<\/p>\t\t\t\t\t\t\t\t<\/div>\n\t\t\t\t<div class=\"elementor-element elementor-element-8bfc1cf elementor-widget elementor-widget-text-editor\" data-id=\"8bfc1cf\" data-element_type=\"widget\" data-widget_type=\"text-editor.default\">\n\t\t\t\t\t\t\t\t\t<p>Indexy a jistoty<\/p>\t\t\t\t\t\t\t\t<\/div>\n\t\t\t\t<\/div>\n\t\t\t\t<\/div>\n\t\t\t\t<div class=\"elementor-element elementor-element-9663660 elementor-widget elementor-widget-html translation-block\" data-id=\"9663660\" data-element_type=\"widget\" data-widget_type=\"html.default\"><span>\n<h2><strong>\ud83d\udccc Pro\u010d je profesion\u00e1ln\u00ed kvantitativn\u00ed strategie \u201eposledn\u00edm d\u00edlkem skl\u00e1da\u010dky\u201c?<\/strong><\/h2>\nNa cest\u011b investov\u00e1n\u00ed nen\u00ed skute\u010dn\u00fdm nep\u0159\u00edtelem trh, ale emoce investora.<br><br>\nV\u00fdznam kvantitativn\u00edch strategi\u00ed (jako <strong>Alpha Gold<\/strong> nebo <strong>Quant Matrix<\/strong>) spo\u010d\u00edv\u00e1 v pou\u017eit\u00ed matematick\u00e9 logiky k <strong>\u201eoprav\u011b va\u0161\u00ed k\u0159ivky aktiv\u201c<\/strong>.<br><br>\n<ul>\n    <li><strong>Optimalizace pro\u017eitku z dr\u017een\u00ed:<\/strong><br>\n    Kdy\u017e alokujete \u010d\u00e1st prost\u0159edk\u016f do strategi\u00ed s \u201evysok\u00fdm Calmar Ratio\u201c, celkov\u00fd propad \u00fa\u010dtu se v\u00fdrazn\u011b sn\u00ed\u017e\u00ed a vy nebudete nuceni k v\u00fdprodeji p\u0159i tr\u017en\u00edm kolapsu.<\/li><br>\n    <li><strong>V\u011bdeck\u00e9 \u0159\u00edzen\u00ed frekvence:<\/strong><br>\n    Syst\u00e9m funguje automaticky na z\u00e1klad\u011b algoritm\u016f, co\u017e zaji\u0161\u0165uje efektivitu a eliminaci lidsk\u00e9ho strachu \u010di chamtivosti.<\/li><br>\n    <li><strong>Struktur\u00e1ln\u00ed \u0159\u00edzen\u00ed rizik:<\/strong><br>\n    Skute\u010dn\u00e9 kvantov\u00e9 strategie nespol\u00e9haj\u00ed na riskantn\u00ed navy\u0161ov\u00e1n\u00ed pozic, ale vyu\u017e\u00edvaj\u00ed precizn\u00ed kontrolu pravd\u011bpodobnosti k optimalizaci \u00fasp\u011b\u0161nosti p\u0159i zachov\u00e1n\u00ed n\u00edzk\u00e9ho propadu.<\/li>\n<\/ul>\n<\/span><br>\n\n<span>\n<h2><strong>\ud83d\udccc Z\u00e1v\u011br: C\u00edlem investov\u00e1n\u00ed je klidn\u00e1 mysl<\/strong><\/h2>\nTrh m\u00e1 dostatek p\u0159\u00edle\u017eitost\u00ed, co mu v\u0161ak chyb\u00ed, je <strong>\u201eodvaha si ty p\u0159\u00edle\u017eitosti udr\u017eet\u201c<\/strong>.<br>\nTato odvaha pramen\u00ed z va\u0161\u00ed p\u0159esn\u00e9 kontroly rizika a trv\u00e1n\u00ed na \u201ekvalit\u011b dr\u017een\u00ed\u201c.\n<\/span><\/div>\n\t\t\t\t<div class=\"elementor-element elementor-element-872e24a elementor-icon-list--layout-inline elementor-list-item-link-inline elementor-widget elementor-widget-icon-list\" data-id=\"872e24a\" data-element_type=\"widget\" data-widget_type=\"icon-list.default\">\n\t\t\t\t\t\t\t<ul class=\"elementor-icon-list-items elementor-inline-items\">\n\t\t\t\t\t\t\t<li class=\"elementor-icon-list-item elementor-inline-item\">\n\t\t\t\t\t\t\t\t\t\t\t<a href=\"https:\/\/mister.forex\/cs\/alpha-gold\/\">\n\n\t\t\t\t\t\t\t\t\t\t\t\t<span class=\"elementor-icon-list-icon\">\n\t\t\t\t\t\t\t<svg aria-hidden=\"true\" class=\"e-font-icon-svg e-far-check-circle\" viewbox=\"0 0 512 512\" xmlns=\"http:\/\/www.w3.org\/2000\/svg\"><path d=\"M256 8C119.033 8 8 119.033 8 256s111.033 248 248 248 248-111.033 248-248S392.967 8 256 8zm0 48c110.532 0 200 89.451 200 200 0 110.532-89.451 200-200 200-110.532 0-200-89.451-200-200 0-110.532 89.451-200 200-200m140.204 130.267l-22.536-22.718c-4.667-4.705-12.265-4.736-16.97-.068L215.346 303.697l-59.792-60.277c-4.667-4.705-12.265-4.736-16.97-.069l-22.719 22.536c-4.705 4.667-4.736 12.265-.068 16.971l90.781 91.516c4.667 4.705 12.265 4.736 16.97.068l172.589-171.204c4.704-4.668 4.734-12.266.067-16.971z\"><\/path><\/svg>\t\t\t\t\t\t<\/span>\n\t\t\t\t\t\t\t\t\t\t<span class=\"elementor-icon-list-text\">Zobrazit re\u00e1lnou v\u00fdkonnost Alpha Gold<\/span>\n\t\t\t\t\t\t\t\t\t\t\t<\/a>\n\t\t\t\t\t\t\t\t\t<\/li>\n\t\t\t\t\t\t<\/ul>\n\t\t\t\t\t\t<\/div>\n\t\t\t\t<div class=\"elementor-element elementor-element-002b377 elementor-widget elementor-widget-heading\" data-id=\"002b377\" data-element_type=\"widget\" data-widget_type=\"heading.default\">\n\t\t\t\t\t<span class=\"elementor-heading-title elementor-size-default\">(Vhodn\u00e9 pro investory hledaj\u00edc\u00ed explozivn\u00ed r\u016fst a preferuj\u00edc\u00ed obchodov\u00e1n\u00ed se zlatem)<\/span>\t\t\t\t<\/div>\n\t\t\t\t<div class=\"elementor-element elementor-element-53e1d6a elementor-icon-list--layout-inline elementor-list-item-link-inline elementor-widget elementor-widget-icon-list\" data-id=\"53e1d6a\" data-element_type=\"widget\" data-widget_type=\"icon-list.default\">\n\t\t\t\t\t\t\t<ul class=\"elementor-icon-list-items elementor-inline-items\">\n\t\t\t\t\t\t\t<li class=\"elementor-icon-list-item elementor-inline-item\">\n\t\t\t\t\t\t\t\t\t\t\t<a href=\"https:\/\/mister.forex\/cs\/quant-matrix\/\">\n\n\t\t\t\t\t\t\t\t\t\t\t\t<span class=\"elementor-icon-list-icon\">\n\t\t\t\t\t\t\t<svg aria-hidden=\"true\" class=\"e-font-icon-svg e-far-check-circle\" viewbox=\"0 0 512 512\" xmlns=\"http:\/\/www.w3.org\/2000\/svg\"><path d=\"M256 8C119.033 8 8 119.033 8 256s111.033 248 248 248 248-111.033 248-248S392.967 8 256 8zm0 48c110.532 0 200 89.451 200 200 0 110.532-89.451 200-200 200-110.532 0-200-89.451-200-200 0-110.532 89.451-200 200-200m140.204 130.267l-22.536-22.718c-4.667-4.705-12.265-4.736-16.97-.068L215.346 303.697l-59.792-60.277c-4.667-4.705-12.265-4.736-16.97-.069l-22.719 22.536c-4.705 4.667-4.736 12.265-.068 16.971l90.781 91.516c4.667 4.705 12.265 4.736 16.97.068l172.589-171.204c4.704-4.668 4.734-12.266.067-16.971z\"><\/path><\/svg>\t\t\t\t\t\t<\/span>\n\t\t\t\t\t\t\t\t\t\t<span class=\"elementor-icon-list-text\">Zobrazit re\u00e1lnou v\u00fdkonnost Quant Matrix<\/span>\n\t\t\t\t\t\t\t\t\t\t\t<\/a>\n\t\t\t\t\t\t\t\t\t<\/li>\n\t\t\t\t\t\t<\/ul>\n\t\t\t\t\t\t<\/div>\n\t\t\t\t<div class=\"elementor-element elementor-element-3951116 elementor-widget elementor-widget-heading\" data-id=\"3951116\" data-element_type=\"widget\" data-widget_type=\"heading.default\">\n\t\t\t\t\t<span class=\"elementor-heading-title elementor-size-default\">(Vhodn\u00e9 pro investory hledaj\u00edc\u00ed stabilitu a stabiln\u00ed r\u016fst \u00fa\u010dtu)<\/span>\t\t\t\t<\/div>\n\t\t\t\t<div class=\"elementor-element elementor-element-88b3398 elementor-icon-list--layout-inline elementor-list-item-link-inline elementor-widget elementor-widget-icon-list\" data-id=\"88b3398\" data-element_type=\"widget\" data-widget_type=\"icon-list.default\">\n\t\t\t\t\t\t\t<ul class=\"elementor-icon-list-items elementor-inline-items\">\n\t\t\t\t\t\t\t<li class=\"elementor-icon-list-item elementor-inline-item\">\n\t\t\t\t\t\t\t\t\t\t\t<a href=\"https:\/\/mister.forex\/cs\/maximum-drawdown-mdd-investment-risk-guide\/\">\n\n\t\t\t\t\t\t\t\t\t\t\t\t<span class=\"elementor-icon-list-icon\">\n\t\t\t\t\t\t\t<svg aria-hidden=\"true\" class=\"e-font-icon-svg e-far-check-circle\" viewbox=\"0 0 512 512\" xmlns=\"http:\/\/www.w3.org\/2000\/svg\"><path d=\"M256 8C119.033 8 8 119.033 8 256s111.033 248 248 248 248-111.033 248-248S392.967 8 256 8zm0 48c110.532 0 200 89.451 200 200 0 110.532-89.451 200-200 200-110.532 0-200-89.451-200-200 0-110.532 89.451-200 200-200m140.204 130.267l-22.536-22.718c-4.667-4.705-12.265-4.736-16.97-.068L215.346 303.697l-59.792-60.277c-4.667-4.705-12.265-4.736-16.97-.069l-22.719 22.536c-4.705 4.667-4.736 12.265-.068 16.971l90.781 91.516c4.667 4.705 12.265 4.736 16.97.068l172.589-171.204c4.704-4.668 4.734-12.266.067-16.971z\"><\/path><\/svg>\t\t\t\t\t\t<\/span>\n\t\t\t\t\t\t\t\t\t\t<span class=\"elementor-icon-list-text\">Smrt\u00edc\u00ed past poklesu: Pro\u010d prof\u00edci \u0159e\u0161\u00ed v\u00edce MDD ne\u017e v\u00fdnosy?<\/span>\n\t\t\t\t\t\t\t\t\t\t\t<\/a>\n\t\t\t\t\t\t\t\t\t<\/li>\n\t\t\t\t\t\t<\/ul>\n\t\t\t\t\t\t<\/div>\n\t\t\t\t\t<\/div>\n\t\t\t\t<\/div>\n\t\t\t\t<\/div>","protected":false},"excerpt":{"rendered":"<p>V kol\u00edsav\u00fdch trz\u00edch je \u201ekvalita dr\u017een\u00ed\u201c kl\u00ed\u010dem k dlouhodob\u00fdm zisk\u016fm. Tento \u010dl\u00e1nek analyzuje Calmar Ratio \u2013 ukazatel, kter\u00fd prof\u00edci sleduj\u00ed. Porovn\u00e1v\u00e1me kryptom\u011bny, technologick\u00e9 akcie a kvantitativn\u00ed syst\u00e9my (Quant Matrix \/ Alpha Gold), abychom odhalili, pro\u010d experti vol\u00ed stabilitu k\u0159ivky aktiv p\u0159ed kr\u00e1tkodob\u00fdmi zisky. Obsahuje diagnostick\u00fd n\u00e1stroj pro v\u00e1\u0161 klid.<\/p>","protected":false},"author":1,"featured_media":46711,"parent":0,"menu_order":0,"comment_status":"closed","ping_status":"closed","template":"","meta":{"footnotes":""},"tags":[128],"class_list":["post-67137","page","type-page","status-publish","has-post-thumbnail","hentry","tag-no-google"],"_links":{"self":[{"href":"https:\/\/mister.forex\/cs\/wp-json\/wp\/v2\/pages\/67137","targetHints":{"allow":["GET"]}}],"collection":[{"href":"https:\/\/mister.forex\/cs\/wp-json\/wp\/v2\/pages"}],"about":[{"href":"https:\/\/mister.forex\/cs\/wp-json\/wp\/v2\/types\/page"}],"author":[{"embeddable":true,"href":"https:\/\/mister.forex\/cs\/wp-json\/wp\/v2\/users\/1"}],"replies":[{"embeddable":true,"href":"https:\/\/mister.forex\/cs\/wp-json\/wp\/v2\/comments?post=67137"}],"version-history":[{"count":9,"href":"https:\/\/mister.forex\/cs\/wp-json\/wp\/v2\/pages\/67137\/revisions"}],"predecessor-version":[{"id":70593,"href":"https:\/\/mister.forex\/cs\/wp-json\/wp\/v2\/pages\/67137\/revisions\/70593"}],"wp:featuredmedia":[{"embeddable":true,"href":"https:\/\/mister.forex\/cs\/wp-json\/wp\/v2\/media\/46711"}],"wp:attachment":[{"href":"https:\/\/mister.forex\/cs\/wp-json\/wp\/v2\/media?parent=67137"}],"wp:term":[{"taxonomy":"post_tag","embeddable":true,"href":"https:\/\/mister.forex\/cs\/wp-json\/wp\/v2\/tags?post=67137"}],"curies":[{"name":"wp","href":"https:\/\/api.w.org\/{rel}","templated":true}]}}