{"id":71682,"date":"2026-05-11T13:44:12","date_gmt":"2026-05-11T05:44:12","guid":{"rendered":"https:\/\/mister.forex\/?page_id=71682"},"modified":"2026-05-11T21:12:09","modified_gmt":"2026-05-11T13:12:09","slug":"compound-interest-accelerator","status":"publish","type":"page","link":"https:\/\/mister.forex\/cs\/compound-interest-accelerator\/","title":{"rendered":"Slo\u017een\u00e9 \u00faro\u010den\u00ed: K\u0159ivka r\u016fstu \u201eJistina + Vklady\u201c."},"content":{"rendered":"<div data-elementor-type=\"wp-page\" data-elementor-id=\"71682\" class=\"elementor elementor-71682\" data-elementor-post-type=\"page\">\n\t\t\t\t<div class=\"elementor-element elementor-element-e53bc29 e-flex e-con-boxed e-con e-parent\" data-id=\"e53bc29\" data-element_type=\"container\" data-settings=\"{&quot;background_background&quot;:&quot;classic&quot;}\">\n\t\t\t\t\t<div class=\"e-con-inner\">\n\t\t\t\t<div class=\"elementor-element elementor-element-3035760 elementor-widget elementor-widget-heading\" data-id=\"3035760\" data-element_type=\"widget\" data-widget_type=\"heading.default\">\n\t\t\t\t\t<h1 class=\"elementor-heading-title elementor-size-default\">Akceler\u00e1tor slo\u017een\u00e9ho \u00faro\u010den\u00ed: Multiplika\u010dn\u00ed efekt bohatstv\u00ed<\/h1>\t\t\t\t<\/div>\n\t\t\t\t<div class=\"elementor-element elementor-element-0075c93 elementor-widget elementor-widget-html translation-block\" data-id=\"0075c93\" data-element_type=\"widget\" data-widget_type=\"html.default\"><span>\nKapit\u00e1l je jen za\u010d\u00e1tek. Ned\u011blejte chybu, \u017ee \u201ejednou investujete a pak zapomenete\u201c. \u0160pi\u010dkov\u00ed investo\u0159i kombinuj\u00ed \u201eJednor\u00e1zov\u00fd vklad + Pravideln\u00e9 investice\u201c, aby spustili kvalitativn\u00ed r\u016fst a zdvojn\u00e1sobili aktiva rychleji.<br><br>\n\nV <strong>Mr.Forex<\/strong> na\u0161e algoritmy zachycuj\u00ed alfu 24\/7. Nejen\u017ee por\u00e1\u017e\u00edme inflaci, ale posouv\u00e1me v\u00e1\u0161 r\u016fst z \u201eline\u00e1rn\u00edho\u201c na \u201eexponenci\u00e1ln\u00ed\u201c.\n<\/span><\/div>\n\t\t\t\t<div class=\"elementor-element elementor-element-d0250bb elementor-widget elementor-widget-template\" data-id=\"d0250bb\" data-element_type=\"widget\" data-widget_type=\"template.default\">\n\t\t\t\t<div class=\"elementor-widget-container\">\n\t\t\t\t\t\t\t<div class=\"elementor-template\">\n\t\t\t\t\t<div data-elementor-type=\"container\" data-elementor-id=\"71597\" class=\"elementor elementor-71597\" data-elementor-post-type=\"elementor_library\">\n\t\t\t\t<div class=\"elementor-element elementor-element-90d7cbe e-con-full e-grid e-con e-child\" data-id=\"90d7cbe\" data-element_type=\"container\" data-settings=\"{&quot;background_background&quot;:&quot;classic&quot;}\">\n\t\t<div class=\"elementor-element elementor-element-1d03f7b3 e-con-full e-flex e-con e-child\" data-id=\"1d03f7b3\" data-element_type=\"container\">\n\t\t\t\t<div class=\"elementor-element elementor-element-4d291e57 elementor-widget elementor-widget-heading\" data-id=\"4d291e57\" data-element_type=\"widget\" data-widget_type=\"heading.default\">\n\t\t\t\t\t<span class=\"elementor-heading-title elementor-size-default\">Bankovn\u00ed vklad<\/span>\t\t\t\t<\/div>\n\t\t\t\t<div class=\"elementor-element elementor-element-446eb41c elementor-widget elementor-widget-heading\" data-id=\"446eb41c\" data-element_type=\"widget\" data-widget_type=\"heading.default\">\n\t\t\t\t\t<span class=\"elementor-heading-title elementor-size-default\">1.5% - 1.8%<\/span>\t\t\t\t<\/div>\n\t\t\t\t<\/div>\n\t\t<div class=\"elementor-element elementor-element-755e67fa e-con-full e-flex e-con e-child\" data-id=\"755e67fa\" data-element_type=\"container\">\n\t\t\t\t<div class=\"elementor-element elementor-element-87015db elementor-widget elementor-widget-heading\" data-id=\"87015db\" data-element_type=\"widget\" data-widget_type=\"heading.default\">\n\t\t\t\t\t<span class=\"elementor-heading-title elementor-size-default\">Glob\u00e1ln\u00ed indexy<\/span>\t\t\t\t<\/div>\n\t\t\t\t<div class=\"elementor-element elementor-element-4227a4d9 elementor-widget elementor-widget-heading\" data-id=\"4227a4d9\" data-element_type=\"widget\" data-widget_type=\"heading.default\">\n\t\t\t\t\t<span class=\"elementor-heading-title elementor-size-default\">8% - 10%<\/span>\t\t\t\t<\/div>\n\t\t\t\t<\/div>\n\t\t<div class=\"elementor-element elementor-element-364a9bd3 e-con-full e-flex e-con e-child\" data-id=\"364a9bd3\" data-element_type=\"container\">\n\t\t\t\t<div class=\"elementor-element elementor-element-4036bb7e elementor-widget elementor-widget-heading\" data-id=\"4036bb7e\" data-element_type=\"widget\" data-widget_type=\"heading.default\">\n\t\t\t\t\t<span class=\"elementor-heading-title elementor-size-default\">Strategie Mr.Forex<\/span>\t\t\t\t<\/div>\n\t\t\t\t<div class=\"elementor-element elementor-element-18e9964a elementor-widget elementor-widget-heading\" data-id=\"18e9964a\" data-element_type=\"widget\" data-widget_type=\"heading.default\">\n\t\t\t\t\t<span class=\"elementor-heading-title elementor-size-default\">12% +<\/span>\t\t\t\t<\/div>\n\t\t\t\t<\/div>\n\t\t\t\t<\/div>\n\t\t\t\t<\/div>\n\t\t\t\t<\/div>\n\t\t\t\t\t\t<\/div>\n\t\t\t\t<\/div>\n\t\t\t\t<div class=\"elementor-element elementor-element-3cce6e7 elementor-widget elementor-widget-html\" data-id=\"3cce6e7\" data-element_type=\"widget\" data-widget_type=\"html.default\">\n\t\t\t\t\t<div class=\"mr-forex-calc\" style=\"max-width:800px; margin:20px auto; padding:35px; background:#FFFFFF; border: 1px solid #E5E9F0; border-radius:20px; font-family: 'Inter', 'PingFang TC', sans-serif; box-shadow: 0 10px 30px rgba(21, 38, 77, 0.08);\">\n    \n    <div style=\"width:50px; height:4px; background:#FAB42C; margin-bottom:20px; border-radius:2px;\"><\/div>\n    \n    <h3 style=\"color:#15264D; margin:0 0 25px 0; font-size:1.2em; font-weight:700; letter-spacing:-0.5px;\">Akceler\u00e1tor \u00faro\u010den\u00ed<\/h3>\n    \n    <div style=\"display: grid; grid-template-columns: 1fr 1fr; gap: 15px; margin-bottom: 20px;\">\n        <div>\n            <label style=\"display:block; margin-bottom:8px; font-size:0.85em; color:#666666; font-weight:500;\">Po\u010d\u00e1te\u010dn\u00ed kapit\u00e1l<\/label>\n            <input type=\"number\" id=\"initP\" value=\"30000\" min=\"0\" step=\"100\" lang=\"en\" translate=\"no\" class=\"notranslate\" style=\"width:100%; padding:12px; border-radius:8px; border:2px solid #F0F2F5; background:#F8FAFC; color:#15264D; font-size:1em; font-weight:600; outline:none; box-sizing:border-box; transition:all 0.3s;\" onfocus=\"this.style.borderColor='#FAB42C'\" onblur=\"this.style.borderColor='#F0F2F5'\">\n        <\/div>\n        <div>\n            <label style=\"display:block; margin-bottom:8px; font-size:0.85em; color:#666666; font-weight:500;\">M\u011bs\u00ed\u010dn\u00ed vklad<\/label>\n            <input type=\"number\" id=\"addM\" value=\"1000\" min=\"0\" step=\"100\" lang=\"en\" translate=\"no\" class=\"notranslate\" style=\"width:100%; padding:12px; border-radius:8px; border:2px solid #F0F2F5; background:#F8FAFC; color:#15264D; font-size:1em; font-weight:600; outline:none; box-sizing:border-box; transition:all 0.3s;\" onfocus=\"this.style.borderColor='#FAB42C'\" onblur=\"this.style.borderColor='#F0F2F5'\">\n        <\/div>\n    <\/div>\n\n    <div style=\"display: grid; grid-template-columns: 1fr 1fr; gap: 15px; margin-bottom: 25px;\">\n        <div>\n            <label style=\"display:block; margin-bottom:8px; font-size:0.85em; color:#666666; font-weight:500;\">O\u010dek\u00e1van\u00fd ro\u010dn\u00ed v\u00fdnos (%)<\/label>\n            <input type=\"number\" id=\"accRate\" value=\"12\" min=\"0\" step=\"0.5\" lang=\"en\" translate=\"no\" class=\"notranslate\" style=\"width:100%; padding:12px; border-radius:8px; border:2px solid #F0F2F5; background:#F8FAFC; color:#15264D; font-size:1em; font-weight:600; outline:none; box-sizing:border-box; transition:all 0.3s;\" onfocus=\"this.style.borderColor='#FAB42C'\" onblur=\"this.style.borderColor='#F0F2F5'\">\n        <\/div>\n        <div>\n            <label style=\"display:block; margin-bottom:8px; font-size:0.85em; color:#666666; font-weight:500;\">Doba (roky)<\/label>\n            <input type=\"number\" id=\"accYear\" value=\"10\" min=\"0\" step=\"1\" lang=\"en\" translate=\"no\" class=\"notranslate\" style=\"width:100%; padding:12px; border-radius:8px; border:2px solid #F0F2F5; background:#F8FAFC; color:#15264D; font-size:1em; font-weight:600; outline:none; box-sizing:border-box; transition:all 0.3s;\" onfocus=\"this.style.borderColor='#FAB42C'\" onblur=\"this.style.borderColor='#F0F2F5'\">\n        <\/div>\n    <\/div>\n    \n    <button onclick=\"calcAcc()\" style=\"background:#15264D; color:#FFFFFF; border:none; padding:15px; width:100%; border-radius:8px; cursor:pointer; font-weight:700; font-size:1.1em; transition: 0.3s; box-shadow: 0 4px 12px rgba(21, 38, 77, 0.2);\" onmouseover=\"this.style.background='#FAB42C'; this.style.color='#15264D'\" onmouseout=\"this.style.background='#15264D'; this.style.color='#FFFFFF'\">\n        Vypo\u010d\u00edtat\n    <\/button>\n    \n    <div id=\"summaryArea\" style=\"margin-top:30px; padding:20px; border-radius:12px; background:#F8FAFC; text-align:center; display:none; border: 1px dashed #D1D9E6;\">\n        <span style=\"display:block; color:#666; font-size:0.9em; margin-bottom:8px; font-weight:bold;\">Celkov\u00e1 aktiva<\/span>\n        <span id=\"finalNumber\" translate=\"no\" class=\"notranslate\" style=\"color:#15264D; font-size:2.2em; font-weight:800; font-family:Arial;\">---<\/span>\n    <\/div>\n\n    <div id=\"accTableContainer\" style=\"margin-top:25px; max-height:400px; overflow-y:auto; display:none; border-radius: 8px; border: 1px solid #F0F2F5;\">\n        <table style=\"width:100%; border-collapse: collapse; font-size: 0.9em; text-align: center;\">\n            <thead style=\"position: sticky; top: 0; background: #15264D; color: #FFFFFF; z-index:1;\">\n                <tr>\n                    <th style=\"padding: 12px 15px; font-weight: 600;\">Rok<\/th>\n                    <th style=\"padding: 12px 15px; font-weight: 600;\">Investov\u00e1no celkem<\/th>\n                    <th style=\"padding: 12px 15px; font-weight: 600;\">Kone\u010dn\u00e1 hodnota<\/th>\n                <\/tr>\n            <\/thead>\n            <tbody id=\"accTableBody\" style=\"color: #333333;\" translate=\"no\" class=\"notranslate\"><\/tbody>\n        <\/table>\n    <\/div>\n<\/div>\n\n<script>\nfunction calcAcc(){\n    const P = Math.max(0, parseFloat(document.getElementById('initP').value));\n    const M = Math.max(0, parseFloat(document.getElementById('addM').value));\n    const r_input = Math.max(0, parseFloat(document.getElementById('accRate').value));\n    const years = Math.max(0, parseInt(document.getElementById('accYear').value));\n    \n    if (isNaN(P) || isNaN(M) || isNaN(r_input) || isNaN(years)) return;\n\n    const r_monthly = (r_input \/ 100) \/ 12;\n\n    let currentBalance = P;\n    let totalInvested = P;\n    let tableHtml = \"\";\n\n    for(let y = 1; y <= years; y++) {\n        for(let m = 1; m <= 12; m++) {\n            currentBalance = (currentBalance + M) * (1 + r_monthly);\n            totalInvested += M;\n        }\n        \/\/ \u8868\u683c\u5167\u7684\u6578\u5b57\u540c\u6a23\u900f\u904e toLocaleString('en-US') \u683c\u5f0f\u5316\n        tableHtml += `<tr style=\"border-bottom: 1px solid #F0F2F5;\">\n            <td style=\"padding: 12px 15px; font-weight:500; color:#999;\">${y}<\/td>\n            <td style=\"padding: 12px 15px;\">${Math.round(totalInvested).toLocaleString('en-US')}<\/td>\n            <td style=\"padding: 12px 15px; color:#15264D; font-weight:700;\">${Math.round(currentBalance).toLocaleString('en-US')}<\/td>\n        <\/tr>`;\n    }\n\n    \/\/ \u683c\u5f0f\u5316\u8f38\u51fa\u6700\u7d42\u7d50\u679c\n    document.getElementById('finalNumber').innerText = Math.round(currentBalance).toLocaleString('en-US');\n    document.getElementById('accTableBody').innerHTML = tableHtml;\n    \n    document.getElementById('summaryArea').style.display = \"block\";\n    document.getElementById('accTableContainer').style.display = \"block\";\n}\n<\/script>\n\n<style>\n#accTableContainer::-webkit-scrollbar { width: 6px; }\n#accTableContainer::-webkit-scrollbar-track { background: #f1f1f1; }\n#accTableContainer::-webkit-scrollbar-thumb { background: #D1D9E6; border-radius: 10px; }\n#accTableContainer::-webkit-scrollbar-thumb:hover { background: #FAB42C; }\n<\/style>\t\t\t\t<\/div>\n\t\t\t\t<div class=\"elementor-element elementor-element-71e7b64 elementor-hidden-desktop elementor-hidden-tablet elementor-hidden-mobile elementor-widget elementor-widget-html\" data-id=\"71e7b64\" data-element_type=\"widget\" data-widget_type=\"html.default\">\n\t\t\t\t\t<div class=\"mr-forex-calc\" style=\"max-width:800px; margin:20px auto; padding:35px; background:#FFFFFF; border: 1px solid #E5E9F0; border-radius:20px; font-family: 'Inter', 'PingFang TC', sans-serif; box-shadow: 0 10px 30px rgba(21, 38, 77, 0.08);\">\n    \n    <div style=\"width:50px; height:4px; background:#FAB42C; margin-bottom:20px; border-radius:2px;\"><\/div>\n    \n    <h3 style=\"color:#15264D; margin:0 0 25px 0; font-size:1.2em; font-weight:700; letter-spacing:-0.5px;\">Akceler\u00e1tor \u00faro\u010den\u00ed<\/h3>\n    \n    <div style=\"display: grid; grid-template-columns: 1fr 1fr; gap: 15px; margin-bottom: 20px;\">\n        <div>\n            <label style=\"display:block; margin-bottom:8px; font-size:0.85em; color:#666666; font-weight:500;\">Po\u010d\u00e1te\u010dn\u00ed kapit\u00e1l<\/label>\n            <input type=\"number\" id=\"initP\" value=\"30000\" min=\"0\" step=\"100\" style=\"width:100%; padding:12px; border-radius:8px; border:2px solid #F0F2F5; background:#F8FAFC; color:#15264D; font-size:1em; font-weight:600; outline:none; box-sizing:border-box; transition:all 0.3s;\" onfocus=\"this.style.borderColor='#FAB42C'\" onblur=\"this.style.borderColor='#F0F2F5'\">\n        <\/div>\n        <div>\n            <label style=\"display:block; margin-bottom:8px; font-size:0.85em; color:#666666; font-weight:500;\">M\u011bs\u00ed\u010dn\u00ed vklad<\/label>\n            <input type=\"number\" id=\"addM\" value=\"1000\" min=\"0\" step=\"100\" style=\"width:100%; padding:12px; border-radius:8px; border:2px solid #F0F2F5; background:#F8FAFC; color:#15264D; font-size:1em; font-weight:600; outline:none; box-sizing:border-box; transition:all 0.3s;\" onfocus=\"this.style.borderColor='#FAB42C'\" onblur=\"this.style.borderColor='#F0F2F5'\">\n        <\/div>\n    <\/div>\n\n    <div style=\"display: grid; grid-template-columns: 1fr 1fr; gap: 15px; margin-bottom: 25px;\">\n        <div>\n            <label style=\"display:block; margin-bottom:8px; font-size:0.85em; color:#666666; font-weight:500;\">O\u010dek\u00e1van\u00fd ro\u010dn\u00ed v\u00fdnos (%)<\/label>\n            <input type=\"number\" id=\"accRate\" value=\"12\" min=\"0\" step=\"0.5\" style=\"width:100%; padding:12px; border-radius:8px; border:2px solid #F0F2F5; background:#F8FAFC; color:#15264D; font-size:1em; font-weight:600; outline:none; box-sizing:border-box; transition:all 0.3s;\" onfocus=\"this.style.borderColor='#FAB42C'\" onblur=\"this.style.borderColor='#F0F2F5'\">\n        <\/div>\n        <div>\n            <label style=\"display:block; margin-bottom:8px; font-size:0.85em; color:#666666; font-weight:500;\">Doba (roky)<\/label>\n            <input type=\"number\" id=\"accYear\" value=\"10\" min=\"0\" step=\"1\" style=\"width:100%; padding:12px; border-radius:8px; border:2px solid #F0F2F5; background:#F8FAFC; color:#15264D; font-size:1em; font-weight:600; outline:none; box-sizing:border-box; transition:all 0.3s;\" onfocus=\"this.style.borderColor='#FAB42C'\" onblur=\"this.style.borderColor='#F0F2F5'\">\n        <\/div>\n    <\/div>\n    \n    <button onclick=\"calcAcc()\" style=\"background:#15264D; color:#FFFFFF; border:none; padding:15px; width:100%; border-radius:8px; cursor:pointer; font-weight:700; font-size:1.1em; transition: 0.3s; box-shadow: 0 4px 12px rgba(21, 38, 77, 0.2);\" onmouseover=\"this.style.background='#FAB42C'; this.style.color='#15264D'\" onmouseout=\"this.style.background='#15264D'; this.style.color='#FFFFFF'\">\n        Vypo\u010d\u00edtat\n    <\/button>\n    \n    <div id=\"summaryArea\" style=\"margin-top:30px; padding:20px; border-radius:12px; background:#F8FAFC; text-align:center; display:none; border: 1px dashed #D1D9E6;\">\n        <span style=\"display:block; color:#666; font-size:0.9em; margin-bottom:8px; font-weight:bold;\">Celkov\u00e1 aktiva<\/span>\n        <span id=\"finalNumber\" style=\"color:#15264D; font-size:2.2em; font-weight:800; font-family:Arial;\">---<\/span>\n    <\/div>\n\n    <div id=\"accTableContainer\" style=\"margin-top:25px; max-height:400px; overflow-y:auto; display:none; border-radius: 8px; border: 1px solid #F0F2F5;\">\n        <table style=\"width:100%; border-collapse: collapse; font-size: 0.9em; text-align: center;\">\n            <thead style=\"position: sticky; top: 0; background: #15264D; color: #FFFFFF; z-index:1;\">\n                <tr>\n                    <th style=\"padding: 12px 15px; font-weight: 600;\">Rok<\/th>\n                    <th style=\"padding: 12px 15px; font-weight: 600;\">Investov\u00e1no celkem<\/th>\n                    <th style=\"padding: 12px 15px; font-weight: 600;\">Kone\u010dn\u00e1 hodnota<\/th>\n                <\/tr>\n            <\/thead>\n            <tbody id=\"accTableBody\" style=\"color: #333333;\"><\/tbody>\n        <\/table>\n    <\/div>\n<\/div>\n\n<script>\nfunction calcAcc(){\n    \/\/ \u7372\u53d6\u6578\u503c\u4e26\u9632\u5446\uff08\u78ba\u4fdd\u4e0d\u5c0f\u65bc 0\uff09\n    const P = Math.max(0, parseFloat(document.getElementById('initP').value));\n    const M = Math.max(0, parseFloat(document.getElementById('addM').value));\n    const r_input = Math.max(0, parseFloat(document.getElementById('accRate').value));\n    const years = Math.max(0, parseInt(document.getElementById('accYear').value));\n    \n    if (isNaN(P) || isNaN(M) || isNaN(r_input) || isNaN(years)) return;\n\n    const r_monthly = (r_input \/ 100) \/ 12;\n\n    let currentBalance = P;\n    let totalInvested = P;\n    let tableHtml = \"\";\n\n    for(let y = 1; y <= years; y++) {\n        for(let m = 1; m <= 12; m++) {\n            \/\/ \u6bcf\u6708\u6708\u521d\u6295\u5165\u4e26\u8907\u5229\n            currentBalance = (currentBalance + M) * (1 + r_monthly);\n            totalInvested += M;\n        }\n        tableHtml += `<tr style=\"border-bottom: 1px solid #F0F2F5;\">\n            <td style=\"padding: 12px 15px; font-weight:500; color:#999;\">${y}<\/td>\n            <td style=\"padding: 12px 15px;\">${Math.round(totalInvested).toLocaleString()}<\/td>\n            <td style=\"padding: 12px 15px; color:#15264D; font-weight:700;\">${Math.round(currentBalance).toLocaleString()}<\/td>\n        <\/tr>`;\n    }\n\n    \/\/ \u683c\u5f0f\u5316\u8f38\u51fa\n    document.getElementById('finalNumber').innerText = Math.round(currentBalance).toLocaleString();\n    document.getElementById('accTableBody').innerHTML = tableHtml;\n    \n    \/\/ \u986f\u793a\u5340\u584a\n    document.getElementById('summaryArea').style.display = \"block\";\n    document.getElementById('accTableContainer').style.display = \"block\";\n}\n<\/script>\n\n<style>\n\/* \u6efe\u52d5\u689d\u6a23\u5f0f\u7f8e\u5316 *\/\n#accTableContainer::-webkit-scrollbar { width: 6px; }\n#accTableContainer::-webkit-scrollbar-track { background: #f1f1f1; }\n#accTableContainer::-webkit-scrollbar-thumb { background: #D1D9E6; border-radius: 10px; }\n#accTableContainer::-webkit-scrollbar-thumb:hover { background: #FAB42C; }\n<\/style>\t\t\t\t<\/div>\n\t\t\t\t<div class=\"elementor-element elementor-element-bf155a7 elementor-widget elementor-widget-html translation-block\" data-id=\"bf155a7\" data-element_type=\"widget\" data-widget_type=\"html.default\"><span>\n<h2><strong>\ud83d\udca1 Logika v\u00fdpo\u010dtu<\/strong><\/h2>\nTato kalkula\u010dka simuluje efekt \u201esn\u011bhov\u00e9 koule\u201c na va\u0161e aktiva.<br><br>\n\nPo\u010d\u00e1te\u010dn\u00ed kapit\u00e1l ur\u010duje p\u016fvodn\u00ed velikost koule, m\u011bs\u00ed\u010dn\u00ed vklady jsou nov\u00fd sn\u00edh a m\u00edra v\u00fdnosu p\u0159edstavuje strmost svahu.<br><br>\n\n<strong>\u25cf Vzorec:<\/strong><br>\n<code style=\"background:#EDF2F7;padding:2px 6px;border-radius:4px\">Kone\u010dn\u00e1 aktiva = [Jistina * (1 + m\u011bs\u00ed\u010dn\u00ed sazba) ^ m\u011bs\u00edce] + [budouc\u00ed hodnota m\u011bs\u00ed\u010dn\u00ed anuity]<\/code><br><br>\n\n<span style=\"font-size:0.9em\">Pozn\u00e1mka: Po\u010d\u00edt\u00e1no s vklady na za\u010d\u00e1tku m\u011bs\u00edce a m\u011bs\u00ed\u010dn\u00edm \u00faro\u010den\u00edm. Akcelerace aktiv nast\u00e1v\u00e1 v moment\u011b, kdy v\u00fdnosy z \u00farok\u016f p\u0159ev\u00fd\u0161\u00ed samotn\u00fd m\u011bs\u00ed\u010dn\u00ed vklad.<\/span>\n<\/span><\/div>\n\t\t\t\t<div class=\"elementor-element elementor-element-242fe83 elementor-widget-divider--view-line elementor-widget elementor-widget-divider\" data-id=\"242fe83\" data-element_type=\"widget\" data-widget_type=\"divider.default\">\n\t\t\t\t\t\t\t<div class=\"elementor-divider\">\n\t\t\t<span class=\"elementor-divider-separator\">\n\t\t\t\t\t\t<\/span>\n\t\t<\/div>\n\t\t\t\t\t\t<\/div>\n\t\t\t\t<div class=\"elementor-element elementor-element-9ea7889 elementor-widget elementor-widget-html translation-block\" data-id=\"9ea7889\" data-element_type=\"widget\" data-widget_type=\"html.default\"><span>\n<h2><strong>Sta\u010d\u00ed to pro v\u00e1\u0161 ide\u00e1ln\u00ed \u017eivot?<\/strong><\/h2>\nPokryj\u00ed \u201e\u00faroky\u201c z va\u0161\u00ed celkov\u00e9 \u010d\u00e1stky po 10 letech va\u0161e m\u011bs\u00ed\u010dn\u00ed v\u00fddaje?<br><br>\n\nPou\u017eijte na\u0161i [D\u016fchodovou kalkula\u010dku] a zjist\u011bte, zda tempo va\u0161eho r\u016fstu p\u0159ekon\u00e1v\u00e1 va\u0161e c\u00edle.\n<\/span><\/div>\n\t\t\t\t<div class=\"elementor-element elementor-element-a007ddb elementor-icon-list--layout-inline elementor-list-item-link-inline elementor-widget elementor-widget-icon-list\" data-id=\"a007ddb\" data-element_type=\"widget\" data-widget_type=\"icon-list.default\">\n\t\t\t\t\t\t\t<ul class=\"elementor-icon-list-items elementor-inline-items\">\n\t\t\t\t\t\t\t<li class=\"elementor-icon-list-item elementor-inline-item\">\n\t\t\t\t\t\t\t\t\t\t\t<a href=\"https:\/\/mister.forex\/cs\/retire-early-plan\/\">\n\n\t\t\t\t\t\t\t\t\t\t\t\t<span class=\"elementor-icon-list-icon\">\n\t\t\t\t\t\t\t<svg aria-hidden=\"true\" class=\"e-font-icon-svg e-far-check-circle\" viewbox=\"0 0 512 512\" xmlns=\"http:\/\/www.w3.org\/2000\/svg\"><path d=\"M256 8C119.033 8 8 119.033 8 256s111.033 248 248 248 248-111.033 248-248S392.967 8 256 8zm0 48c110.532 0 200 89.451 200 200 0 110.532-89.451 200-200 200-110.532 0-200-89.451-200-200 0-110.532 89.451-200 200-200m140.204 130.267l-22.536-22.718c-4.667-4.705-12.265-4.736-16.97-.068L215.346 303.697l-59.792-60.277c-4.667-4.705-12.265-4.736-16.97-.069l-22.719 22.536c-4.705 4.667-4.736 12.265-.068 16.971l90.781 91.516c4.667 4.705 12.265 4.736 16.97.068l172.589-171.204c4.704-4.668 4.734-12.266.067-16.971z\"><\/path><\/svg>\t\t\t\t\t\t<\/span>\n\t\t\t\t\t\t\t\t\t\t<span class=\"elementor-icon-list-text\">D\u016fchodov\u00e1 kalkula\u010dka<\/span>\n\t\t\t\t\t\t\t\t\t\t\t<\/a>\n\t\t\t\t\t\t\t\t\t<\/li>\n\t\t\t\t\t\t<\/ul>\n\t\t\t\t\t\t<\/div>\n\t\t\t\t<div class=\"elementor-element elementor-element-3a9a96f elementor-widget elementor-widget-html translation-block\" data-id=\"3a9a96f\" data-element_type=\"widget\" data-widget_type=\"html.default\"><span>\n<h2><strong>Simulace vs. Realita<\/strong><\/h2>\nJednor\u00e1zov\u00e9 investice se \u010dasto ob\u00e1vaj\u00ed ud\u00e1lost\u00ed typu \u201e\u010dern\u00e1 labu\u0165\u201c (Black Swan). Nebojujte s volatilitou jen pevnou v\u016fl\u00ed \u2013 nechte kvantitativn\u00ed syst\u00e9my, aby byly va\u0161\u00ed bezpe\u010dnostn\u00ed s\u00edt\u00ed.\n<\/span><\/div>\n\t\t\t\t<div class=\"elementor-element elementor-element-2f3f0e6 elementor-icon-list--layout-inline elementor-list-item-link-inline elementor-widget elementor-widget-icon-list\" data-id=\"2f3f0e6\" data-element_type=\"widget\" data-widget_type=\"icon-list.default\">\n\t\t\t\t\t\t\t<ul class=\"elementor-icon-list-items elementor-inline-items\">\n\t\t\t\t\t\t\t<li class=\"elementor-icon-list-item elementor-inline-item\">\n\t\t\t\t\t\t\t\t\t\t\t<a href=\"https:\/\/mister.forex\/cs\/algorithmic-trading-systems\/\">\n\n\t\t\t\t\t\t\t\t\t\t\t\t<span class=\"elementor-icon-list-icon\">\n\t\t\t\t\t\t\t<svg aria-hidden=\"true\" class=\"e-font-icon-svg e-far-check-circle\" viewbox=\"0 0 512 512\" xmlns=\"http:\/\/www.w3.org\/2000\/svg\"><path d=\"M256 8C119.033 8 8 119.033 8 256s111.033 248 248 248 248-111.033 248-248S392.967 8 256 8zm0 48c110.532 0 200 89.451 200 200 0 110.532-89.451 200-200 200-110.532 0-200-89.451-200-200 0-110.532 89.451-200 200-200m140.204 130.267l-22.536-22.718c-4.667-4.705-12.265-4.736-16.97-.068L215.346 303.697l-59.792-60.277c-4.667-4.705-12.265-4.736-16.97-.069l-22.719 22.536c-4.705 4.667-4.736 12.265-.068 16.971l90.781 91.516c4.667 4.705 12.265 4.736 16.97.068l172.589-171.204c4.704-4.668 4.734-12.266.067-16.971z\"><\/path><\/svg>\t\t\t\t\t\t<\/span>\n\t\t\t\t\t\t\t\t\t\t<span class=\"elementor-icon-list-text\">Zobrazit \u017eiv\u00e9 v\u00fdsledky Mr.Forex<\/span>\n\t\t\t\t\t\t\t\t\t\t\t<\/a>\n\t\t\t\t\t\t\t\t\t<\/li>\n\t\t\t\t\t\t<\/ul>\n\t\t\t\t\t\t<\/div>\n\t\t\t\t\t<\/div>\n\t\t\t\t<\/div>\n\t\t\t\t<\/div>","protected":false},"excerpt":{"rendered":"<p>M\u00edt voln\u00fd kapit\u00e1l je za\u010d\u00e1tek, ale kl\u00ed\u010dem je pravideln\u00e9 investov\u00e1n\u00ed. Simulujte multiplika\u010dn\u00ed efekt \u201eJednor\u00e1zov\u00e9 investice + Pravideln\u00fdch vklad\u016f\u201c.<\/p>","protected":false},"author":1,"featured_media":33201,"parent":0,"menu_order":0,"comment_status":"closed","ping_status":"closed","template":"","meta":{"footnotes":""},"tags":[128],"class_list":["post-71682","page","type-page","status-publish","has-post-thumbnail","hentry","tag-no-google"],"_links":{"self":[{"href":"https:\/\/mister.forex\/cs\/wp-json\/wp\/v2\/pages\/71682","targetHints":{"allow":["GET"]}}],"collection":[{"href":"https:\/\/mister.forex\/cs\/wp-json\/wp\/v2\/pages"}],"about":[{"href":"https:\/\/mister.forex\/cs\/wp-json\/wp\/v2\/types\/page"}],"author":[{"embeddable":true,"href":"https:\/\/mister.forex\/cs\/wp-json\/wp\/v2\/users\/1"}],"replies":[{"embeddable":true,"href":"https:\/\/mister.forex\/cs\/wp-json\/wp\/v2\/comments?post=71682"}],"version-history":[{"count":52,"href":"https:\/\/mister.forex\/cs\/wp-json\/wp\/v2\/pages\/71682\/revisions"}],"predecessor-version":[{"id":72175,"href":"https:\/\/mister.forex\/cs\/wp-json\/wp\/v2\/pages\/71682\/revisions\/72175"}],"wp:featuredmedia":[{"embeddable":true,"href":"https:\/\/mister.forex\/cs\/wp-json\/wp\/v2\/media\/33201"}],"wp:attachment":[{"href":"https:\/\/mister.forex\/cs\/wp-json\/wp\/v2\/media?parent=71682"}],"wp:term":[{"taxonomy":"post_tag","embeddable":true,"href":"https:\/\/mister.forex\/cs\/wp-json\/wp\/v2\/tags?post=71682"}],"curies":[{"name":"wp","href":"https:\/\/api.w.org\/{rel}","templated":true}]}}