{"id":71708,"date":"2026-05-12T01:42:51","date_gmt":"2026-05-11T17:42:51","guid":{"rendered":"https:\/\/mister.forex\/?page_id=71708"},"modified":"2026-05-12T13:16:57","modified_gmt":"2026-05-12T05:16:57","slug":"inflation-impact","status":"publish","type":"page","link":"https:\/\/mister.forex\/cs\/inflation-impact\/","title":{"rendered":"Infla\u010dn\u00ed kalkula\u010dka: Kolik kupn\u00ed s\u00edly v\u00e1m zb\u00fdv\u00e1?"},"content":{"rendered":"<div data-elementor-type=\"wp-page\" data-elementor-id=\"71708\" class=\"elementor elementor-71708\" data-elementor-post-type=\"page\">\n\t\t\t\t<div class=\"elementor-element elementor-element-7b777e6 e-flex e-con-boxed e-con e-parent\" data-id=\"7b777e6\" data-element_type=\"container\">\n\t\t\t\t\t<div class=\"e-con-inner\">\n\t\t\t\t<div class=\"elementor-element elementor-element-2644876 elementor-widget elementor-widget-heading\" data-id=\"2644876\" data-element_type=\"widget\" data-widget_type=\"heading.default\">\n\t\t\t\t\t<h1 class=\"elementor-heading-title elementor-size-default\">Infla\u010dn\u00ed kalkula\u010dka: Kolik kupn\u00ed s\u00edly v\u00e1m zb\u00fdv\u00e1?<\/h1>\t\t\t\t<\/div>\n\t\t\t\t<div class=\"elementor-element elementor-element-f11eddb elementor-widget elementor-widget-html\" data-id=\"f11eddb\" data-element_type=\"widget\" data-widget_type=\"html.default\">\n\t\t\t\t\tJe spo\u0159en\u00ed pen\u011bz bezpe\u010dn\u00e9? Zadejte sv\u00e9 celkov\u00e9 \u00faspory a m\u00edru inflace, abyste zjistili, jak inflace znehodnocuje v\u00e1\u0161 majetek.\t\t\t\t<\/div>\n\t\t\t\t<div class=\"elementor-element elementor-element-186da3b elementor-widget elementor-widget-html\" data-id=\"186da3b\" data-element_type=\"widget\" data-widget_type=\"html.default\">\n\t\t\t\t\tInfla\u010dn\u00ed kalkula\u010dka\t\t\t\t<\/div>\n\t\t\t\t<div class=\"elementor-element elementor-element-4b627be elementor-widget elementor-widget-html\" data-id=\"4b627be\" data-element_type=\"widget\" data-widget_type=\"html.default\">\n\t\t\t\t\tinflation-impact-calculator\t\t\t\t<\/div>\n\t\t\t\t<div class=\"elementor-element elementor-element-d3c9505 elementor-widget elementor-widget-heading\" data-id=\"d3c9505\" data-element_type=\"widget\" data-widget_type=\"heading.default\">\n\t\t\t\t\t<h1 class=\"elementor-heading-title elementor-size-default\">Stagnuj\u00edc\u00ed aktiva se zmen\u0161uj\u00ed: Odhad kupn\u00ed s\u00edly p\u0159i inflaci<\/h1>\t\t\t\t<\/div>\n\t\t\t\t<div class=\"elementor-element elementor-element-72e1921 elementor-widget elementor-widget-html translation-block\" data-id=\"72e1921\" data-element_type=\"widget\" data-widget_type=\"html.default\"><span>\n<strong>Mysl\u00edte si, \u017ee jsou \u00faspory v bance v bezpe\u010d\u00ed?<\/strong> Va\u0161e bohatstv\u00ed se ve skute\u010dnosti \u201etich\u00fdm zp\u016fsobem vypa\u0159uje\u201c.<br><br>\n\nInflace je skryt\u00e1 da\u0148, kter\u00e1 krade va\u0161i kupn\u00ed s\u00edlu. Pokud va\u0161e pen\u00edze rostou pomaleji ne\u017e inflace, v\u00e1\u0161 majetek se <strong>zmen\u0161uje<\/strong>, bez ohledu na z\u016fstatek na bankovn\u00edm \u00fa\u010dtu.\n<\/span><\/div>\n\t\t\t\t<div class=\"elementor-element elementor-element-f906d44 elementor-widget elementor-widget-html\" data-id=\"f906d44\" data-element_type=\"widget\" data-widget_type=\"html.default\">\n\t\t\t\t\t<div class=\"mr-forex-calc\" style=\"max-width:500px; margin:20px auto; padding:35px; background:#FFFFFF; border: 1px solid #E5E9F0; border-radius:20px; font-family: 'Inter', 'PingFang TC', sans-serif; box-shadow: 0 10px 30px rgba(21, 38, 77, 0.08);\">\n    \n    <div style=\"width:50px; height:4px; background:#FAB42C; margin-bottom:20px; border-radius:2px;\"><\/div>\n    \n    <h3 style=\"color:#15264D; margin:0 0 25px 0; font-size:1.2em; font-weight:700; letter-spacing:-0.5px;\">Odhad kupn\u00ed s\u00edly<\/h3>\n\n    <div style=\"margin-bottom:20px;\">\n        <label style=\"display:block; margin-bottom:8px; font-size:0.9em; color:#666666; font-weight:500;\">Aktu\u00e1ln\u00ed aktiva<\/label>\n        <input type=\"number\" id=\"infCash\" value=\"50000\" min=\"0\" step=\"100\" lang=\"en\" translate=\"no\" class=\"notranslate\" style=\"width:100%; padding:12px 15px; border:2px solid #F0F2F5; border-radius:8px; color:#15264D; font-size:1.1em; outline:none; transition:all 0.3s;\" onfocus=\"this.style.borderColor='#FAB42C'\" onblur=\"this.style.borderColor='#F0F2F5'\">\n    <\/div>\n\n    <div style=\"margin-bottom:20px;\">\n        <label style=\"display:block; margin-bottom:8px; font-size:0.9em; color:#666666; font-weight:500;\">Ro\u010dn\u00ed m\u00edra inflace (%)<\/label>\n        <input type=\"number\" id=\"infRate\" value=\"3\" min=\"0\" step=\"0.5\" lang=\"en\" translate=\"no\" class=\"notranslate\" style=\"width:100%; padding:12px 15px; border:2px solid #F0F2F5; border-radius:8px; color:#15264D; font-size:1.1em; outline:none;\" onfocus=\"this.style.borderColor='#FAB42C'\" onblur=\"this.style.borderColor='#F0F2F5'\">\n    <\/div>\n\n    <div style=\"margin-bottom:25px;\">\n        <label style=\"display:block; margin-bottom:8px; font-size:0.9em; color:#666666; font-weight:500;\">Po\u010det let<\/label>\n        <input type=\"number\" id=\"infYear\" value=\"20\" min=\"0\" step=\"1\" lang=\"en\" translate=\"no\" class=\"notranslate\" style=\"width:100%; padding:12px 15px; border:2px solid #F0F2F5; border-radius:8px; color:#15264D; font-size:1.1em; outline:none;\" onfocus=\"this.style.borderColor='#FAB42C'\" onblur=\"this.style.borderColor='#F0F2F5'\">\n    <\/div>\n\n    <button onclick=\"calcInf()\" style=\"background:#15264D; color:#FFFFFF; border:none; padding:15px; width:100%; border-radius:8px; cursor:pointer; font-weight:700; font-size:1.1em; transition: 0.3s; box-shadow: 0 4px 12px rgba(21, 38, 77, 0.2);\" onmouseover=\"this.style.background='#FAB42C'; this.style.color='#15264D'\" onmouseout=\"this.style.background='#15264D'; this.style.color='#FFFFFF'\">\n        Spo\u010d\u00edtat nyn\u00ed\n    <\/button>\n    \n    <div id=\"infResultBox\" style=\"margin-top:25px; display:none; background:#F8FAFC; border-radius:12px; padding:20px; text-align:center;\">\n        <p style=\"color:#666666; font-size:0.9em; margin:0 0 5px 0;\">Budouc\u00ed kupn\u00ed s\u00edla<\/p>\n        <div id=\"infResult\" translate=\"no\" class=\"notranslate\" style=\"font-size:1.8em; color:#15264D; font-weight:700;\"><\/div>\n    <\/div>\n<\/div>\n\n<script>\nfunction calcInf(){\n    \/\/ \u53d6\u5f97\u8f38\u5165\u503c\u4e26\u5f37\u5236\u78ba\u4fdd\u4e0d\u5c0f\u65bc 0\n    const P = Math.max(0, parseFloat(document.getElementById('infCash').value));\n    const r_input = Math.max(0, parseFloat(document.getElementById('infRate').value));\n    const n = Math.max(0, parseFloat(document.getElementById('infYear').value));\n    \n    if(isNaN(P) || isNaN(r_input) || isNaN(n)) return;\n\n    const i = r_input \/ 100;\n    \n    \/\/ \u8a08\u7b97\u8cfc\u8cb7\u529b\u6298\u73fe\u516c\u5f0f\uff1aFV = P \/ (1 + i)^n\n    const FV = P \/ Math.pow(1 + i, n);\n    \n    \/\/ \u986f\u793a\u7d50\u679c\u76d2\n    document.getElementById('infResultBox').style.display = \"block\";\n    \n    \/\/ \u8f38\u51fa\u683c\u5f0f\u5316\u6578\u503c\uff0c\u6307\u5b9a 'en-US' \u5f37\u5236\u4f7f\u7528\u570b\u969b\u963f\u62c9\u4f2f\u6578\u5b57\u683c\u5f0f\n    document.getElementById('infResult').innerText = Math.round(FV).toLocaleString('en-US');\n}\n<\/script>\t\t\t\t<\/div>\n\t\t\t\t<div class=\"elementor-element elementor-element-1350a90 elementor-hidden-desktop elementor-hidden-tablet elementor-hidden-mobile elementor-widget elementor-widget-html\" data-id=\"1350a90\" data-element_type=\"widget\" data-widget_type=\"html.default\">\n\t\t\t\t\t<div class=\"mr-forex-calc\" style=\"max-width:500px; margin:20px auto; padding:35px; background:#FFFFFF; border: 1px solid #E5E9F0; border-radius:20px; font-family: 'Inter', 'PingFang TC', sans-serif; box-shadow: 0 10px 30px rgba(21, 38, 77, 0.08);\">\n    \n    <div style=\"width:50px; height:4px; background:#FAB42C; margin-bottom:20px; border-radius:2px;\"><\/div>\n    \n    <h3 style=\"color:#15264D; margin:0 0 25px 0; font-size:1.2em; font-weight:700; letter-spacing:-0.5px;\">Odhad kupn\u00ed s\u00edly<\/h3>\n\n    <div style=\"margin-bottom:20px;\">\n        <label style=\"display:block; margin-bottom:8px; font-size:0.9em; color:#666666; font-weight:500;\">Aktu\u00e1ln\u00ed aktiva<\/label>\n        <input type=\"number\" id=\"infCash\" value=\"50000\" min=\"0\" step=\"100\" style=\"width:100%; padding:12px 15px; border:2px solid #F0F2F5; border-radius:8px; color:#15264D; font-size:1.1em; outline:none; transition:all 0.3s;\" onfocus=\"this.style.borderColor='#FAB42C'\" onblur=\"this.style.borderColor='#F0F2F5'\">\n    <\/div>\n\n    <div style=\"margin-bottom:20px;\">\n        <label style=\"display:block; margin-bottom:8px; font-size:0.9em; color:#666666; font-weight:500;\">Ro\u010dn\u00ed m\u00edra inflace (%)<\/label>\n        <input type=\"number\" id=\"infRate\" value=\"3\" min=\"0\" step=\"0.5\" style=\"width:100%; padding:12px 15px; border:2px solid #F0F2F5; border-radius:8px; color:#15264D; font-size:1.1em; outline:none;\" onfocus=\"this.style.borderColor='#FAB42C'\" onblur=\"this.style.borderColor='#F0F2F5'\">\n    <\/div>\n\n    <div style=\"margin-bottom:25px;\">\n        <label style=\"display:block; margin-bottom:8px; font-size:0.9em; color:#666666; font-weight:500;\">Po\u010det let<\/label>\n        <input type=\"number\" id=\"infYear\" value=\"20\" min=\"0\" step=\"1\" style=\"width:100%; padding:12px 15px; border:2px solid #F0F2F5; border-radius:8px; color:#15264D; font-size:1.1em; outline:none;\" onfocus=\"this.style.borderColor='#FAB42C'\" onblur=\"this.style.borderColor='#F0F2F5'\">\n    <\/div>\n\n    <button onclick=\"calcInf()\" style=\"background:#15264D; color:#FFFFFF; border:none; padding:15px; width:100%; border-radius:8px; cursor:pointer; font-weight:700; font-size:1.1em; transition: 0.3s; box-shadow: 0 4px 12px rgba(21, 38, 77, 0.2);\" onmouseover=\"this.style.background='#FAB42C'; this.style.color='#15264D'\" onmouseout=\"this.style.background='#15264D'; this.style.color='#FFFFFF'\">\n        Spo\u010d\u00edtat nyn\u00ed\n    <\/button>\n    \n    <div id=\"infResultBox\" style=\"margin-top:25px; display:none; background:#F8FAFC; border-radius:12px; padding:20px; text-align:center;\">\n        <p style=\"color:#666666; font-size:0.9em; margin:0 0 5px 0;\">Budouc\u00ed kupn\u00ed s\u00edla<\/p>\n        <div id=\"infResult\" style=\"font-size:1.8em; color:#15264D; font-weight:700;\"><\/div>\n    <\/div>\n<\/div>\n\n<script>\nfunction calcInf(){\n    \/\/ \u53d6\u5f97\u8f38\u5165\u503c\u4e26\u5f37\u5236\u78ba\u4fdd\u4e0d\u5c0f\u65bc 0 (\u8655\u7406\u624b\u6253\u8f38\u5165\u8ca0\u6578\u7684\u60c5\u6cc1)\n    const P = Math.max(0, parseFloat(document.getElementById('infCash').value));\n    const r_input = Math.max(0, parseFloat(document.getElementById('infRate').value));\n    const n = Math.max(0, parseFloat(document.getElementById('infYear').value));\n    \n    if(isNaN(P) || isNaN(r_input) || isNaN(n)) return;\n\n    const i = r_input \/ 100;\n    \n    \/\/ \u8a08\u7b97\u8cfc\u8cb7\u529b\u6298\u73fe\u516c\u5f0f\uff1aFV = P \/ (1 + i)^n\n    const FV = P \/ Math.pow(1 + i, n);\n    \n    \/\/ \u986f\u793a\u7d50\u679c\u76d2\n    document.getElementById('infResultBox').style.display = \"block\";\n    \n    \/\/ \u8f38\u51fa\u683c\u5f0f\u5316\u6578\u503c (\u7ffb\u8b6f\u53cb\u5584\uff1a\u7d14\u6578\u503c\u8f38\u51fa)\n    document.getElementById('infResult').innerText = Math.round(FV).toLocaleString();\n}\n<\/script>\t\t\t\t<\/div>\n\t\t\t\t<div class=\"elementor-element elementor-element-5b5c989 elementor-widget elementor-widget-html translation-block\" data-id=\"5b5c989\" data-element_type=\"widget\" data-widget_type=\"html.default\"><span>\n<h2><strong>\ud83d\udca1 Pravda o inflaci: Pro\u010d pen\u00edze ztr\u00e1cej\u00ed hodnotu?<\/strong><\/h2>\nV\u00e1\u0161 z\u016fstatek z\u016fst\u00e1v\u00e1 stejn\u00fd, ale koup\u00edte si za n\u011bj m\u00e9n\u011b. To je \u201etich\u00fd zabij\u00e1k\u201c v akci.<br><br>\n\n<strong>\u25cf Logika v\u00fdpo\u010dtu:<\/strong><br>\n<code style=\"background:#EDF2F7;padding:2px 6px;border-radius:4px\">Budouc\u00ed kupn\u00ed s\u00edla = Aktu\u00e1ln\u00ed aktiva \/ (1 + M\u00edra) ^ Po\u010det let<\/code><br><br>\n\n<span style=\"font-size:0.9em\">*Pozn\u00e1mka: \u201eOchrana kapit\u00e1lu\u201c je past. Inflace p\u016fsob\u00ed jako negativn\u00ed slo\u017een\u00e9 \u00faro\u010den\u00ed, kter\u00e9 v pr\u016fb\u011bhu \u010dasu drasticky sni\u017euje va\u0161i kupn\u00ed s\u00edlu.<\/span>\n<\/span><\/div>\n\t\t\t\t<div class=\"elementor-element elementor-element-8902953 elementor-widget-divider--view-line elementor-widget elementor-widget-divider\" data-id=\"8902953\" data-element_type=\"widget\" data-widget_type=\"divider.default\">\n\t\t\t\t\t\t\t<div class=\"elementor-divider\">\n\t\t\t<span class=\"elementor-divider-separator\">\n\t\t\t\t\t\t<\/span>\n\t\t<\/div>\n\t\t\t\t\t\t<\/div>\n\t\t\t\t<div class=\"elementor-element elementor-element-0be94cd elementor-widget elementor-widget-html translation-block\" data-id=\"0be94cd\" data-element_type=\"widget\" data-widget_type=\"html.default\"><span>\n<h2><strong>Jak zastavit zmen\u0161ov\u00e1n\u00ed majetku?<\/strong><\/h2>\nTradi\u010dn\u00ed spo\u0159en\u00ed ji\u017e nesta\u010d\u00ed. K pora\u017een\u00ed inflace a ochran\u011b va\u0161eho bohatstv\u00ed pot\u0159ebujete <strong>\u201ekvantitativn\u00ed investi\u010dn\u00ed strategie\u201c<\/strong>.\n<\/span><\/div>\n\t\t\t\t<div class=\"elementor-element elementor-element-f11fc21 elementor-icon-list--layout-inline elementor-list-item-link-inline elementor-widget elementor-widget-icon-list\" data-id=\"f11fc21\" data-element_type=\"widget\" data-widget_type=\"icon-list.default\">\n\t\t\t\t\t\t\t<ul class=\"elementor-icon-list-items elementor-inline-items\">\n\t\t\t\t\t\t\t<li class=\"elementor-icon-list-item elementor-inline-item\">\n\t\t\t\t\t\t\t\t\t\t\t<a href=\"https:\/\/mister.forex\/cs\/algorithmic-trading-systems\/\">\n\n\t\t\t\t\t\t\t\t\t\t\t\t<span class=\"elementor-icon-list-icon\">\n\t\t\t\t\t\t\t<svg aria-hidden=\"true\" class=\"e-font-icon-svg e-far-check-circle\" viewbox=\"0 0 512 512\" xmlns=\"http:\/\/www.w3.org\/2000\/svg\"><path d=\"M256 8C119.033 8 8 119.033 8 256s111.033 248 248 248 248-111.033 248-248S392.967 8 256 8zm0 48c110.532 0 200 89.451 200 200 0 110.532-89.451 200-200 200-110.532 0-200-89.451-200-200 0-110.532 89.451-200 200-200m140.204 130.267l-22.536-22.718c-4.667-4.705-12.265-4.736-16.97-.068L215.346 303.697l-59.792-60.277c-4.667-4.705-12.265-4.736-16.97-.069l-22.719 22.536c-4.705 4.667-4.736 12.265-.068 16.971l90.781 91.516c4.667 4.705 12.265 4.736 16.97.068l172.589-171.204c4.704-4.668 4.734-12.266.067-16.971z\"><\/path><\/svg>\t\t\t\t\t\t<\/span>\n\t\t\t\t\t\t\t\t\t\t<span class=\"elementor-icon-list-text\">Zobrazit protiinfla\u010dn\u00ed \u0159e\u0161en\u00ed Mr.Forex<\/span>\n\t\t\t\t\t\t\t\t\t\t\t<\/a>\n\t\t\t\t\t\t\t\t\t<\/li>\n\t\t\t\t\t\t<\/ul>\n\t\t\t\t\t\t<\/div>\n\t\t\t\t\t<\/div>\n\t\t\t\t<\/div>\n\t\t\t\t<\/div>","protected":false},"excerpt":{"rendered":"<p>Je spo\u0159en\u00ed pen\u011bz bezpe\u010dn\u00e9? Zadejte sv\u00e9 celkov\u00e9 \u00faspory a m\u00edru inflace, abyste zjistili, jak inflace znehodnocuje v\u00e1\u0161 majetek.<\/p>","protected":false},"author":1,"featured_media":33201,"parent":0,"menu_order":0,"comment_status":"closed","ping_status":"closed","template":"","meta":{"footnotes":""},"tags":[128],"class_list":["post-71708","page","type-page","status-publish","has-post-thumbnail","hentry","tag-no-google"],"_links":{"self":[{"href":"https:\/\/mister.forex\/cs\/wp-json\/wp\/v2\/pages\/71708","targetHints":{"allow":["GET"]}}],"collection":[{"href":"https:\/\/mister.forex\/cs\/wp-json\/wp\/v2\/pages"}],"about":[{"href":"https:\/\/mister.forex\/cs\/wp-json\/wp\/v2\/types\/page"}],"author":[{"embeddable":true,"href":"https:\/\/mister.forex\/cs\/wp-json\/wp\/v2\/users\/1"}],"replies":[{"embeddable":true,"href":"https:\/\/mister.forex\/cs\/wp-json\/wp\/v2\/comments?post=71708"}],"version-history":[{"count":43,"href":"https:\/\/mister.forex\/cs\/wp-json\/wp\/v2\/pages\/71708\/revisions"}],"predecessor-version":[{"id":72295,"href":"https:\/\/mister.forex\/cs\/wp-json\/wp\/v2\/pages\/71708\/revisions\/72295"}],"wp:featuredmedia":[{"embeddable":true,"href":"https:\/\/mister.forex\/cs\/wp-json\/wp\/v2\/media\/33201"}],"wp:attachment":[{"href":"https:\/\/mister.forex\/cs\/wp-json\/wp\/v2\/media?parent=71708"}],"wp:term":[{"taxonomy":"post_tag","embeddable":true,"href":"https:\/\/mister.forex\/cs\/wp-json\/wp\/v2\/tags?post=71708"}],"curies":[{"name":"wp","href":"https:\/\/api.w.org\/{rel}","templated":true}]}}