{"id":15818,"date":"2024-05-04T06:28:50","date_gmt":"2024-05-03T22:28:50","guid":{"rendered":"http:\/\/192.168.0.254\/?page_id=15818"},"modified":"2026-04-02T23:14:41","modified_gmt":"2026-04-02T15:14:41","slug":"risk-of-ruin-calculator","status":"publish","type":"page","link":"https:\/\/mister.forex\/da\/tools\/risk-of-ruin-calculator\/","title":{"rendered":"Risiko for ruin beregner | Risiko for ruin beregner for valutahandler og handelsstrategier"},"content":{"rendered":"<div data-elementor-type=\"wp-page\" data-elementor-id=\"15818\" class=\"elementor elementor-15818\" data-elementor-post-type=\"page\">\n\t\t\t\t<div class=\"elementor-element elementor-element-8e47a81 e-flex e-con-boxed e-con e-parent\" data-id=\"8e47a81\" data-element_type=\"container\" data-settings=\"{&quot;background_background&quot;:&quot;classic&quot;}\">\n\t\t\t\t\t<div class=\"e-con-inner\">\n\t\t<div class=\"elementor-element elementor-element-8d637f2 e-flex e-con-boxed e-con e-child\" data-id=\"8d637f2\" data-element_type=\"container\">\n\t\t\t\t\t<div class=\"e-con-inner\">\n\t\t\t\t<div class=\"elementor-element elementor-element-159a7ad elementor-widget elementor-widget-heading\" data-id=\"159a7ad\" data-element_type=\"widget\" data-widget_type=\"heading.default\">\n\t\t\t\t\t<h1 class=\"elementor-heading-title elementor-size-default\">Risiko for ruin beregner<\/h1>\t\t\t\t<\/div>\n\t\t\t\t<div class=\"elementor-element elementor-element-16c9f83 elementor-widget elementor-widget-heading\" data-id=\"16c9f83\" data-element_type=\"widget\" data-widget_type=\"heading.default\">\n\t\t\t\t\t<h2 class=\"elementor-heading-title elementor-size-default\">Konkursrisiko-regnemaskine til Forex og handelsstrategier<\/h2>\t\t\t\t<\/div>\n\t\t\t\t\t<\/div>\n\t\t\t\t<\/div>\n\t\t\t\t<div class=\"elementor-element elementor-element-623cea9 elementor-widget__width-inherit elementor-absolute elementor-widget elementor-widget-image\" data-id=\"623cea9\" data-element_type=\"widget\" data-settings=\"{&quot;_position&quot;:&quot;absolute&quot;}\" data-widget_type=\"image.default\">\n\t\t\t\t\t\t\t\t\t\t\t\t\t\t\t<img fetchpriority=\"high\" decoding=\"async\" width=\"500\" height=\"281\" src=\"https:\/\/mister.forex\/wp-content\/uploads\/2024\/02\/9-500x281.webp\" class=\"attachment-medium size-medium wp-image-4081\" alt=\"\" srcset=\"https:\/\/mister.forex\/wp-content\/uploads\/2024\/02\/9-500x281.webp 500w, https:\/\/mister.forex\/wp-content\/uploads\/2024\/02\/9-600x337.webp 600w, https:\/\/mister.forex\/wp-content\/uploads\/2024\/02\/9-1200x675.webp 1200w, https:\/\/mister.forex\/wp-content\/uploads\/2024\/02\/9-300x169.webp 300w, https:\/\/mister.forex\/wp-content\/uploads\/2024\/02\/9-768x432.webp 768w, https:\/\/mister.forex\/wp-content\/uploads\/2024\/02\/9.webp 1366w\" sizes=\"(max-width: 500px) 100vw, 500px\" \/>\t\t\t\t\t\t\t\t\t\t\t\t\t\t\t<\/div>\n\t\t\t\t\t<\/div>\n\t\t\t\t<\/div>\n\t\t<div class=\"elementor-element elementor-element-a4b2228 e-flex e-con-boxed e-con e-parent\" data-id=\"a4b2228\" data-element_type=\"container\">\n\t\t\t\t\t<div class=\"e-con-inner\">\n\t\t<div class=\"elementor-element elementor-element-7a7f8bc e-con-full e-flex e-con e-child\" data-id=\"7a7f8bc\" data-element_type=\"container\">\n\t\t<div class=\"elementor-element elementor-element-04a7380 e-con-full e-flex e-con e-child\" data-id=\"04a7380\" data-element_type=\"container\">\n\t\t\t\t<div class=\"elementor-element elementor-element-c082aaa elementor-widget elementor-widget-text-editor\" data-id=\"c082aaa\" data-element_type=\"widget\" data-widget_type=\"text-editor.default\">\n\t\t\t\t\t\t\t\t\t<h2><strong>Brugsanvisning<\/strong><\/h2><h3><strong>Indtastningsmuligheder<\/strong><\/h3><p><strong><span style=\"text-decoration: underline;\">Vinderate % (Win rate %)<\/span>:&nbsp;<\/strong>Indtast den samlede vindersats procent for handelssystemet, f.eks. 50%.<\/p><p><strong><span style=\"text-decoration: underline;\">Gennemsnitlig profit \/ tab (Average profit \/ loss)<\/span>:&nbsp;<\/strong>Indtast forholdet mellem gennemsnitlig gevinst og gennemsnitligt tab (odds), for eksempel 1:&nbsp;1.<\/p><p><strong><span style=\"text-decoration: underline;\">Risiko pr. handel % (Risk per trade %)<\/span>:&nbsp;<\/strong>Indtast den procentdel af det samlede kapital, som hver handelstab udg\u00f8r, for eksempel 2%.<\/p><p><strong><span style=\"text-decoration: underline;\">Antal handler (Number of trades)<\/span>:&nbsp;<\/strong>Indtast det forventede antal handler eller det samlede antal handler, der er udf\u00f8rt indtil nu, f.eks. 100 gange.<\/p><p><strong><span style=\"text-decoration: underline;\">Maksimalt drawdown % (Max drawdown %)<\/span>:&nbsp;<\/strong>Indtast den maksimale tilbageholdelsesprocent for den nuv\u00e6rende handelsstrategi, f.eks. 30%.<\/p><h3><strong>Beregningsresultat<\/strong><\/h3><p><strong><span style=\"text-decoration: underline;\">Risiko for top-til-bund drawdown (Risk of peak-to-valley drawdown)<\/span>:&nbsp;<\/strong>Viser sandsynligheden for, at saldoen p\u00e5 slutningen af N handler er lavere end saldoen ved starten af handelen.<\/p><p><strong><span style=\"text-decoration: underline;\">Risiko for ruin (Risk of ruin)<\/span>:&nbsp;<\/strong>Viser sandsynligheden for, at tabet n\u00e5r den forudindstillede maksimale tab procentdel.<\/p><p>\u203b <strong><span style=\"text-decoration: underline;\">Bem\u00e6rk, at outputtet fra kalkulatoren kan variere, da det er baseret p\u00e5 simulerede situationer med N antal handler.<\/span><\/strong><\/p>\t\t\t\t\t\t\t\t<\/div>\n\t\t\t\t<div class=\"elementor-element elementor-element-99f0110 elementor-widget elementor-widget-text-editor\" data-id=\"99f0110\" data-element_type=\"widget\" data-widget_type=\"text-editor.default\">\n\t\t\t\t\t\t\t\t\t<h2><strong>Hvad er risikoen for margin call?<\/strong><\/h2><p>Ruin risk (bankruptcy risk, RoR, Risk of Ruin) er en matematisk model, der kan bruges til at beregne sandsynligheden for at miste hele kontobalancen baseret p\u00e5 handelsystemets vinderrate, odds og procentdelen af tab pr. handel.<\/p><p>For eksempel, hvis traderens system pr\u00e6sterer godt, med en vindersats p\u00e5 30%, et gennemsnitligt afkast\/tab (profit faktor) p\u00e5 2, og en procentdel af tab pr. handel p\u00e5 2%, kan disse data tilf\u00f8jes til risikoberegneren og bruges til at forst\u00e5 den overordnede robusthed af handelssystemet. Samtidig kan beregneren ogs\u00e5 bruges til at kontrollere risikoen for marginopkald og\/eller peak-to-valley retracement.<\/p><p>Med denne beregner kan handlende se, hvordan chancerne for at deres handelskonto g\u00e5r konkurs \u00e6ndrer sig over tid ved brug af en specifik handelsstrategi. Dette er baseret p\u00e5 procentdelen af vinderater for hver handel og den gennemsnitlige risikoprocent. Ved at indtaste pr\u00e6stationsstatistikkerne for handelssystemet i beregneren kan handlende nemt beregne konkursrisikoen for enhver handelsstrategi.<\/p>\t\t\t\t\t\t\t\t<\/div>\n\t\t\t\t<div class=\"elementor-element elementor-element-021f4ab elementor-alert-danger elementor-widget elementor-widget-alert\" data-id=\"021f4ab\" data-element_type=\"widget\" data-widget_type=\"alert.default\">\n\t\t\t\t\t\t\t<div class=\"elementor-alert\" role=\"alert\">\n\n\t\t\t\n\t\t\t\t\t\t<span class=\"elementor-alert-description\">Ved at \u00e6ndre det samlede antal handler og den antagne maksimale tilbageholdelsesprocent kan du beregne nogle tilf\u00e6ldige resultater og finjustere handelssystemet.<\/span>\n\t\t\t\n\t\t\t\n\t\t<\/div>\n\t\t\t\t\t\t<\/div>\n\t\t\t\t<div class=\"elementor-element elementor-element-ba51955 elementor-widget elementor-widget-text-editor\" data-id=\"ba51955\" data-element_type=\"widget\" data-widget_type=\"text-editor.default\">\n\t\t\t\t\t\t\t\t\t<p>Du vil m\u00e5ske ogs\u00e5 finde vores retr\u00e6kningsberegner nyttig. Den kan hj\u00e6lpe med at beregne, hvordan netto v\u00e6rdien af din handelskonto vil blive p\u00e5virket efter en r\u00e6kke tabte handler.<\/p>\t\t\t\t\t\t\t\t<\/div>\n\t\t\t\t<div class=\"elementor-element elementor-element-747e98f elementor-list-item-link-inline elementor-icon-list--layout-traditional elementor-widget elementor-widget-icon-list\" data-id=\"747e98f\" data-element_type=\"widget\" data-widget_type=\"icon-list.default\">\n\t\t\t\t\t\t\t<ul class=\"elementor-icon-list-items\">\n\t\t\t\t\t\t\t<li class=\"elementor-icon-list-item\">\n\t\t\t\t\t\t\t\t\t\t\t<a href=\"https:\/\/mister.forex\/da\/tools\/forex-drawdown-calculator\/\">\n\n\t\t\t\t\t\t\t\t\t\t\t\t<span class=\"elementor-icon-list-icon\">\n\t\t\t\t\t\t\t<svg aria-hidden=\"true\" class=\"e-font-icon-svg e-fas-bomb\" viewbox=\"0 0 512 512\" xmlns=\"http:\/\/www.w3.org\/2000\/svg\"><path d=\"M440.5 88.5l-52 52L415 167c9.4 9.4 9.4 24.6 0 33.9l-17.4 17.4c11.8 26.1 18.4 55.1 18.4 85.6 0 114.9-93.1 208-208 208S0 418.9 0 304 93.1 96 208 96c30.5 0 59.5 6.6 85.6 18.4L311 97c9.4-9.4 24.6-9.4 33.9 0l26.5 26.5 52-52 17.1 17zM500 60h-24c-6.6 0-12 5.4-12 12s5.4 12 12 12h24c6.6 0 12-5.4 12-12s-5.4-12-12-12zM440 0c-6.6 0-12 5.4-12 12v24c0 6.6 5.4 12 12 12s12-5.4 12-12V12c0-6.6-5.4-12-12-12zm33.9 55l17-17c4.7-4.7 4.7-12.3 0-17-4.7-4.7-12.3-4.7-17 0l-17 17c-4.7 4.7-4.7 12.3 0 17 4.8 4.7 12.4 4.7 17 0zm-67.8 0c4.7 4.7 12.3 4.7 17 0 4.7-4.7 4.7-12.3 0-17l-17-17c-4.7-4.7-12.3-4.7-17 0-4.7 4.7-4.7 12.3 0 17l17 17zm67.8 34c-4.7-4.7-12.3-4.7-17 0-4.7 4.7-4.7 12.3 0 17l17 17c4.7 4.7 12.3 4.7 17 0 4.7-4.7 4.7-12.3 0-17l-17-17zM112 272c0-35.3 28.7-64 64-64 8.8 0 16-7.2 16-16s-7.2-16-16-16c-52.9 0-96 43.1-96 96 0 8.8 7.2 16 16 16s16-7.2 16-16z\"><\/path><\/svg>\t\t\t\t\t\t<\/span>\n\t\t\t\t\t\t\t\t\t\t<span class=\"elementor-icon-list-text\">Forex drawdown beregner<\/span>\n\t\t\t\t\t\t\t\t\t\t\t<\/a>\n\t\t\t\t\t\t\t\t\t<\/li>\n\t\t\t\t\t\t<\/ul>\n\t\t\t\t\t\t<\/div>\n\t\t\t\t<\/div>\n\t\t<div class=\"elementor-element elementor-element-098f10a e-con-full e-flex e-con e-child\" data-id=\"098f10a\" data-element_type=\"container\">\n\t\t\t\t<div class=\"elementor-element elementor-element-0d13a8f elementor-widget__width-initial elementor-widget elementor-widget-html\" data-id=\"0d13a8f\" data-element_type=\"widget\" data-widget_type=\"html.default\">\n\t\t\t\t\t<div id=\"risk-of-ruin-calculator-225732\"><script type=\"text\/javascript\" src=\"https:\/\/www.cashbackforex.com\/Content\/remote\/remote-widgets.js\"><\/script><script type=\"text\/javascript\"> RemoteCalc({\"Url\":\"https:\/\/www.cashbackforex.com\", \"TopPaneStyle\":\"YmFja2dyb3VuZDogbGluZWFyLWdyYWRpZW50KCNmZmYgMjAlLCAjZjVmNWY1IDQ1JSk7IGNvbG9yOiBibGFjazsgYm9yZGVyOiBzb2xpZCAxcHggI2FhYTsgYm9yZGVyLWJvdHRvbTogbm9uZTsg\",\"BottomPaneStyle\":\"YmFja2dyb3VuZDogI2YzZjNmMzsgYm9yZGVyOiBzb2xpZCAxcHggI2FhYTsgY29sb3I6IGJsYWNrOw==\",\"ButtonStyle\":\"YmFja2dyb3VuZDogIzM0MzU0MDsgY29sb3I6IHdoaXRlOyBib3JkZXItcmFkaXVzOiAyMHB4Ow==\",\"TitleStyle\":\"dGV4dC1hbGlnbjogbGVmdDsgZm9udC1zaXplOiAxNnB4OyBmb250LXdlaWdodDogNTAwOw==\",\"TextboxStyle\":\"YmFja2dyb3VuZC1jb2xvcjogd2hpdGU7IGNvbG9yOiBibGFjazsgYm9yZGVyOiBzb2xpZCAxcHggI2FhYWFhYQ==\",\"ContainerWidth\":\"500\",\"HighlightColor\":\"#ffff00\",\"IsDisplayTitle\":false,\"IsShowEmbedButton\":false,\"Lang\":wlang(),\"CompactType\":\"large\",\"Calculator\":\"risk-of-ruin-calculator\",\"ContainerId\":\"risk-of-ruin-calculator-225732\"});\n\nfunction wlang() {\n    \n\tvar lang = window.location.href;\n\n\tif (!lang) {\n\t\treturn 'en';\n\t}\n\n        if (lang.match('\/zh\/')) {\n\t\treturn 'zh';\n\n\t} else if (lang.match('\/hk\/')) {\n\t\treturn 'zh';\n\t\t\n\t} else if (lang.match('\/cn\/')) {\n\t\treturn 'zh';\n\t\t\n\t} else if (lang.match('\/en\/')) {\n\t\treturn 'en';\n\t\t\n\t} else if (lang.match('\/hi\/')) {\n\t\treturn 'en';\n\t\t\n\t} else if (lang.match('\/pt_br\/')) {\n\t\treturn 'pt';\n\t\t\n\t} else if (lang.match('\/ms\/')) {\n\t\treturn 'id';\n\t\t\n\t} else if (lang.match('\/es\/')) {\n\t\treturn 'es';\n\t\t\n\t} else if (lang.match('\/es_ar\/')) {\n\t\treturn 'es';\n\t\t\n\t} else if (lang.match('\/es_mx\/')) {\n\t\treturn 'es';\n\n\t} else if (lang.match('\/bn\/')) {\n\t\treturn 'en';\n\t\t\n\t} else if (lang.match('\/nb\/')) {\n\t\treturn 'en';\t\t\n\n\t} else if (lang.match('\/da\/')) {\n\t\treturn 'en';\n\t\t\n\t} else if (lang.match('\/nl\/')) {\n\t\treturn 'en';\n\t\t\n\t} else if (lang.match('\/sv\/')) {\n\t\treturn 'en';\n\t\t\n\t} else if (lang.match('\/uk\/')) {\n\t\treturn 'ru';\n\t\t\n\t} else if (lang.match('\/ur\/')) {\n\t\treturn 'en';\n\t\t\n\t} else if (lang.match('\/de\/')) {\n\t\treturn 'de';\n\t\t\n\t} else if (lang.match('\/fr\/')) {\n\t\treturn 'fr';\n\t\t\n\t} else if (lang.match('\/id\/')) {\n\t\treturn 'id';\n\t\t\n\t} else if (lang.match('\/it\/')) {\n\t\treturn 'it';\n\t\t\n\t} else if (lang.match('\/hu\/')) {\n\t\treturn 'hu';\n\t\t\n\t} else if (lang.match('\/pt\/')) {\n\t\treturn 'pt';\n\t\t\n\t} else if (lang.match('\/pl\/')) {\n\t\treturn 'pl';\n\t\t\n\t} else if (lang.match('\/ro\/')) {\n\t\treturn 'ro';\n\t\t\n\t} else if (lang.match('\/vi\/')) {\n\t\treturn 'vi';\n\t\t\n\t} else if (lang.match('\/tr\/')) {\n\t\treturn 'tr';\n\t\t\n\t} else if (lang.match('\/el\/')) {\n\t\treturn 'el';\n\t\t\n\t} else if (lang.match('\/ru\/')) {\n\t\treturn 'ru';\n\t\t\n\t} else if (lang.match('\/ar\/')) {\n\t\treturn 'ar';\n\t\t\n\t} else if (lang.match('\/th\/')) {\n\t\treturn 'th';\n\t\t\n\t} else if (lang.match('\/kr\/')) {\n\t\treturn 'ko';\n\t\t\n\t} else if (lang.match('\/jp\/')) {\n\t\treturn 'ja';\n\t\t\n\t} else if (lang.match('\/cs\/')) {\n\t\treturn 'cs';\n\t\t\n\t}else {\n\t\treturn 'zh';\n\t}\n}\n<\/script><\/div>\t\t\t\t<\/div>\n\t\t\t\t<\/div>\n\t\t\t\t<\/div>\n\t\t\t\t\t<\/div>\n\t\t\t\t<\/div>\n\t\t\t\t<\/div>","protected":false},"excerpt":{"rendered":"<p>Risiko for ruin beregner hj\u00e6lper handlende med at forudsige potentielle tab efter flere handler, maksimal tilbagegang og risiko for ruin, forst\u00e5 risikosituationen og udvikle mere pr\u00e6cise risikostyringsstrategier. Brug straks Risiko for ruin beregner, og f\u00e5 kontrol over din handelsrisiko!<\/p>","protected":false},"author":1,"featured_media":23591,"parent":15462,"menu_order":0,"comment_status":"closed","ping_status":"closed","template":"","meta":{"footnotes":""},"tags":[128],"class_list":["post-15818","page","type-page","status-publish","has-post-thumbnail","hentry","tag-no-google"],"_links":{"self":[{"href":"https:\/\/mister.forex\/da\/wp-json\/wp\/v2\/pages\/15818","targetHints":{"allow":["GET"]}}],"collection":[{"href":"https:\/\/mister.forex\/da\/wp-json\/wp\/v2\/pages"}],"about":[{"href":"https:\/\/mister.forex\/da\/wp-json\/wp\/v2\/types\/page"}],"author":[{"embeddable":true,"href":"https:\/\/mister.forex\/da\/wp-json\/wp\/v2\/users\/1"}],"replies":[{"embeddable":true,"href":"https:\/\/mister.forex\/da\/wp-json\/wp\/v2\/comments?post=15818"}],"version-history":[{"count":3,"href":"https:\/\/mister.forex\/da\/wp-json\/wp\/v2\/pages\/15818\/revisions"}],"predecessor-version":[{"id":69178,"href":"https:\/\/mister.forex\/da\/wp-json\/wp\/v2\/pages\/15818\/revisions\/69178"}],"up":[{"embeddable":true,"href":"https:\/\/mister.forex\/da\/wp-json\/wp\/v2\/pages\/15462"}],"wp:featuredmedia":[{"embeddable":true,"href":"https:\/\/mister.forex\/da\/wp-json\/wp\/v2\/media\/23591"}],"wp:attachment":[{"href":"https:\/\/mister.forex\/da\/wp-json\/wp\/v2\/media?parent=15818"}],"wp:term":[{"taxonomy":"post_tag","embeddable":true,"href":"https:\/\/mister.forex\/da\/wp-json\/wp\/v2\/tags?post=15818"}],"curies":[{"name":"wp","href":"https:\/\/api.w.org\/{rel}","templated":true}]}}