{"id":57343,"date":"2025-08-10T20:01:39","date_gmt":"2025-08-10T12:01:39","guid":{"rendered":"http:\/\/test.swqi.tw\/?page_id=57343"},"modified":"2025-12-03T03:34:46","modified_gmt":"2025-12-02T19:34:46","slug":"forex-market-structure-101","status":"publish","type":"page","link":"https:\/\/mister.forex\/da\/forex-market-structure-101\/","title":{"rendered":"Valutamarkedets struktur:&nbsp;Gratis e-bog download | Mr.Forex"},"content":{"rendered":"<div data-elementor-type=\"wp-page\" data-elementor-id=\"57343\" class=\"elementor elementor-57343\" data-elementor-post-type=\"page\">\n\t\t\t\t<div class=\"elementor-element elementor-element-67805e7 e-flex e-con-boxed e-con e-parent\" data-id=\"67805e7\" data-element_type=\"container\">\n\t\t\t\t\t<div class=\"e-con-inner\">\n\t\t\t\t<div class=\"elementor-element elementor-element-1150040 elementor-icon-list--layout-inline elementor-list-item-link-inline elementor-widget elementor-widget-icon-list\" data-id=\"1150040\" data-element_type=\"widget\" data-widget_type=\"icon-list.default\">\n\t\t\t\t\t\t\t<ul class=\"elementor-icon-list-items elementor-inline-items\">\n\t\t\t\t\t\t\t<li class=\"elementor-icon-list-item elementor-inline-item\">\n\t\t\t\t\t\t\t\t\t\t\t<a href=\"https:\/\/mister.forex\/da\/ebook-hub\/\">\n\n\t\t\t\t\t\t\t\t\t\t\t\t<span class=\"elementor-icon-list-icon\">\n\t\t\t\t\t\t\t<svg aria-hidden=\"true\" class=\"e-font-icon-svg e-fas-reply\" viewbox=\"0 0 512 512\" xmlns=\"http:\/\/www.w3.org\/2000\/svg\"><path d=\"M8.309 189.836L184.313 37.851C199.719 24.546 224 35.347 224 56.015v80.053c160.629 1.839 288 34.032 288 186.258 0 61.441-39.581 122.309-83.333 154.132-13.653 9.931-33.111-2.533-28.077-18.631 45.344-145.012-21.507-183.51-176.59-185.742V360c0 20.7-24.3 31.453-39.687 18.164l-176.004-152c-11.071-9.562-11.086-26.753 0-36.328z\"><\/path><\/svg>\t\t\t\t\t\t<\/span>\n\t\t\t\t\t\t\t\t\t\t<span class=\"elementor-icon-list-text\">Forrige side<\/span>\n\t\t\t\t\t\t\t\t\t\t\t<\/a>\n\t\t\t\t\t\t\t\t\t<\/li>\n\t\t\t\t\t\t<\/ul>\n\t\t\t\t\t\t<\/div>\n\t\t\t\t\t<\/div>\n\t\t\t\t<\/div>\n\t\t<div class=\"elementor-element elementor-element-73c6844 e-flex e-con-boxed e-con e-parent\" data-id=\"73c6844\" data-element_type=\"container\" data-settings=\"{&quot;background_background&quot;:&quot;classic&quot;}\">\n\t\t\t\t\t<div class=\"e-con-inner\">\n\t\t<div class=\"elementor-element elementor-element-78b05d9 e-con-full e-flex e-con e-child\" data-id=\"78b05d9\" data-element_type=\"container\" data-settings=\"{&quot;background_background&quot;:&quot;classic&quot;}\">\n\t\t\t\t<div class=\"elementor-element elementor-element-de85dcd elementor-widget elementor-widget-image\" data-id=\"de85dcd\" data-element_type=\"widget\" data-settings=\"{&quot;_animation&quot;:&quot;none&quot;}\" data-widget_type=\"image.default\">\n\t\t\t\t\t\t\t\t\t\t\t\t\t\t\t<img fetchpriority=\"high\" decoding=\"async\" width=\"188\" height=\"300\" src=\"https:\/\/mister.forex\/wp-content\/uploads\/2025\/08\/Book-1-Mockup-EN.webp\" class=\"attachment-thumbnail size-thumbnail wp-image-57291\" alt=\"Valutamarkedets struktur\" srcset=\"https:\/\/mister.forex\/wp-content\/uploads\/2025\/08\/Book-1-Mockup-EN.webp 1410w, https:\/\/mister.forex\/wp-content\/uploads\/2025\/08\/Book-1-Mockup-EN-313x500.webp 313w, https:\/\/mister.forex\/wp-content\/uploads\/2025\/08\/Book-1-Mockup-EN-752x1200.webp 752w, https:\/\/mister.forex\/wp-content\/uploads\/2025\/08\/Book-1-Mockup-EN-188x300.webp 188w, https:\/\/mister.forex\/wp-content\/uploads\/2025\/08\/Book-1-Mockup-EN-768x1226.webp 768w, https:\/\/mister.forex\/wp-content\/uploads\/2025\/08\/Book-1-Mockup-EN-963x1536.webp 963w, https:\/\/mister.forex\/wp-content\/uploads\/2025\/08\/Book-1-Mockup-EN-1283x2048.webp 1283w, https:\/\/mister.forex\/wp-content\/uploads\/2025\/08\/Book-1-Mockup-EN-8x12.webp 8w, https:\/\/mister.forex\/wp-content\/uploads\/2025\/08\/Book-1-Mockup-EN-600x957.webp 600w\" sizes=\"(max-width: 188px) 100vw, 188px\" \/>\t\t\t\t\t\t\t\t\t\t\t\t\t\t\t<\/div>\n\t\t\t\t<div class=\"elementor-element elementor-element-b2d0fcb elementor-align-center elementor-widget elementor-widget-button\" data-id=\"b2d0fcb\" data-element_type=\"widget\" data-widget_type=\"button.default\">\n\t\t\t\t\t\t\t\t\t\t<a class=\"elementor-button elementor-button-link elementor-size-sm\" href=\"https:\/\/1drv.ms\/f\/c\/7c6c551c74c8b8b2\/EgQPKr9lq_JHr6c0ivFHwV8Blty7mnnxYcMKsLlHwFaHaw?e=VWE8uf\" target=\"_blank\" rel=\"noopener\">\n\t\t\t\t\t\t<span class=\"elementor-button-content-wrapper\">\n\t\t\t\t\t\t\t\t\t<span class=\"elementor-button-text\">Download nu<\/span>\n\t\t\t\t\t<\/span>\n\t\t\t\t\t<\/a>\n\t\t\t\t\t\t\t\t<\/div>\n\t\t\t\t<div class=\"elementor-element elementor-element-18919db elementor-widget elementor-widget-heading\" data-id=\"18919db\" data-element_type=\"widget\" data-widget_type=\"heading.default\">\n\t\t\t\t\t<span class=\"elementor-heading-title elementor-size-default\">Underst\u00f8ttede sprog<\/span>\t\t\t\t<\/div>\n\t\t<div class=\"elementor-element elementor-element-74d7abe e-con-full e-flex e-con e-child\" data-id=\"74d7abe\" data-element_type=\"container\">\n\t\t\t\t<div class=\"elementor-element elementor-element-174c14a elementor-align-center elementor-widget elementor-widget-button\" data-id=\"174c14a\" data-element_type=\"widget\" data-widget_type=\"button.default\">\n\t\t\t\t\t\t\t\t\t\t<a class=\"elementor-button elementor-size-sm\" role=\"button\">\n\t\t\t\t\t\t<span class=\"elementor-button-content-wrapper\">\n\t\t\t\t\t\t\t\t\t<span class=\"elementor-button-text\">\u7b80\u4f53\u4e2d\u6587<\/span>\n\t\t\t\t\t<\/span>\n\t\t\t\t\t<\/a>\n\t\t\t\t\t\t\t\t<\/div>\n\t\t\t\t<div class=\"elementor-element elementor-element-4f640e0 elementor-align-center elementor-widget elementor-widget-button\" data-id=\"4f640e0\" data-element_type=\"widget\" data-widget_type=\"button.default\">\n\t\t\t\t\t\t\t\t\t\t<a class=\"elementor-button elementor-size-sm\" role=\"button\">\n\t\t\t\t\t\t<span class=\"elementor-button-content-wrapper\">\n\t\t\t\t\t\t\t\t\t<span class=\"elementor-button-text\">\u7e41\u9ad4\u4e2d\u6587<\/span>\n\t\t\t\t\t<\/span>\n\t\t\t\t\t<\/a>\n\t\t\t\t\t\t\t\t<\/div>\n\t\t\t\t<div class=\"elementor-element elementor-element-f5d914d elementor-align-center elementor-widget elementor-widget-button\" data-id=\"f5d914d\" data-element_type=\"widget\" data-widget_type=\"button.default\">\n\t\t\t\t\t\t\t\t\t\t<a class=\"elementor-button elementor-size-sm\" role=\"button\">\n\t\t\t\t\t\t<span class=\"elementor-button-content-wrapper\">\n\t\t\t\t\t\t\t\t\t<span class=\"elementor-button-text\">English<\/span>\n\t\t\t\t\t<\/span>\n\t\t\t\t\t<\/a>\n\t\t\t\t\t\t\t\t<\/div>\n\t\t\t\t<\/div>\n\t\t\t\t<\/div>\n\t\t<div class=\"elementor-element elementor-element-1c29e47 e-con-full e-flex e-con e-child\" data-id=\"1c29e47\" data-element_type=\"container\" data-settings=\"{&quot;background_background&quot;:&quot;classic&quot;}\">\n\t\t<div class=\"elementor-element elementor-element-1a75d62 e-con-full e-flex e-con e-child\" data-id=\"1a75d62\" data-element_type=\"container\">\n\t\t\t\t<div class=\"elementor-element elementor-element-ff219a2 elementor-widget elementor-widget-heading\" data-id=\"ff219a2\" data-element_type=\"widget\" data-widget_type=\"heading.default\">\n\t\t\t\t\t<h2 class=\"elementor-heading-title elementor-size-default\">Valutamarkedets struktur<\/h2>\t\t\t\t<\/div>\n\t\t\t\t<div class=\"elementor-element elementor-element-ba1b765 elementor-widget elementor-widget-heading\" data-id=\"ba1b765\" data-element_type=\"widget\" data-widget_type=\"heading.default\">\n\t\t\t\t\t<h3 class=\"elementor-heading-title elementor-size-default\">Sig farvel til g\u00e6tteri om markedet! Download denne gratis guide nu, og l\u00e6r den \"markedsstruktur\"-analysemetode, som professionelle tradere bruger.<\/h3>\t\t\t\t<\/div>\n\t\t\t\t<div class=\"elementor-element elementor-element-8cec964 elementor-widget elementor-widget-heading\" data-id=\"8cec964\" data-element_type=\"widget\" data-widget_type=\"heading.default\">\n\t\t\t\t\t<h3 class=\"elementor-heading-title elementor-size-default\">Specielt designet til nybegyndere inden for trading, trin for trin l\u00e6rer dig at forst\u00e5 trends, identificere n\u00f8glevendepunkter og opbygge et solidt analysegrundlag for din trading.<\/h3>\t\t\t\t<\/div>\n\t\t\t\t<div class=\"elementor-element elementor-element-960527b elementor-widget-divider--view-line elementor-widget elementor-widget-divider\" data-id=\"960527b\" data-element_type=\"widget\" data-widget_type=\"divider.default\">\n\t\t\t\t\t\t\t<div class=\"elementor-divider\">\n\t\t\t<span class=\"elementor-divider-separator\">\n\t\t\t\t\t\t<\/span>\n\t\t<\/div>\n\t\t\t\t\t\t<\/div>\n\t\t\t\t<\/div>\n\t\t\t\t<div class=\"elementor-element elementor-element-e24f4fc elementor-widget elementor-widget-html translation-block\" data-id=\"e24f4fc\" data-element_type=\"widget\" data-widget_type=\"html.default\"><div style=\"16px\"><span>\n<h3><strong>Har du ogs\u00e5 st\u00e5et over for disse udfordringer?<\/strong>&nbsp;<\/h3>\n<ul>\n <li>Ser p\u00e5 K-line diagrammet svinge op og ned, men kan slet ikke finde retningen?<\/li>\n <li>H\u00f8rer andre diskutere HH, LL, BOS, CHOCH, og det f\u00f8les som volapyk?<\/li>\n <li>Er dine handelsbeslutninger mere baseret p\u00e5 f\u00f8lelser og h\u00e5b end p\u00e5 objektiv analyse?<\/li>\n<\/ul>\n<br>\n\n<!-- Section:&nbsp;L\u00f8sning &amp; Forvandling -->\n<h3><strong>At mestre markedsstrukturen er det f\u00f8rste vendepunkt i din handelskarriere<\/strong>&nbsp;<\/h3>\nBag det kaotiske diagram gemmer der sig faktisk en klar orden.<br>\nDenne gratis guide, \u300a Valutamarkedets struktur \u300b, har til form\u00e5l at l\u00e6re dig dette markeds-sprog p\u00e5 en systematisk m\u00e5de.<br>\n<br>\n<h4><strong>N\u00e5r du har l\u00e6st denne bog, vil du kunne:<\/strong>&nbsp;<\/h4>\n<ul>\n <li><strong>Vurdere trenden klart:<\/strong>&nbsp;Se med det samme, om markedet i \u00f8jeblikket er domineret af k\u00f8bere eller s\u00e6lgere.<\/li>\n <li><strong>Identificere n\u00f8glesignaler:<\/strong>&nbsp;L\u00e6r at bruge BOS og CHOCH til at vurdere trendens forts\u00e6ttelse og potentielle vending.<\/li>\n <li><strong>Opbygge en analysemodel:<\/strong>&nbsp;F\u00e5 en objektiv analyseproces, der kan anvendes p\u00e5 ethvert marked.<\/li>\n<\/ul>\n<br>\n\n<!-- Section:&nbsp;E-bogsindhold (What's Inside) -->\n<h4><strong>I denne guide vil du l\u00e6re:<\/strong>&nbsp;<\/h4>\n<ul>\n <li><strong>Kapitel 1:<\/strong>&nbsp;Markedets tre grundl\u00e6ggende tilstande:&nbsp;Optrend, nedtrend og konsolidering<\/li>\n <li><strong>Kapitel 2:<\/strong>&nbsp;To n\u00f8glesignaler til at bekr\u00e6fte trenden:&nbsp;BOS og CHOCH<\/li>\n <li><strong>Kapitel 3:<\/strong>&nbsp;Praktisk \u00f8velse:&nbsp;Tegn din markedsstruktur i tre trin<\/li>\n<\/ul>\n<\/span><\/div><\/div>\n\t\t\t\t<\/div>\n\t\t\t\t\t<\/div>\n\t\t\t\t<\/div>\n\t\t\t\t<\/div>","protected":false},"excerpt":{"rendered":"<p>Vil du forst\u00e5 K-linjediagrammets trend og stoppe med at handle p\u00e5 f\u00f8lelser? Download vores gratis e-bog \"Valutamarkedets struktur\" og l\u00e6r de analysemetoder, som professionelle tradere bruger, fra HH\/LL til BOS\/CHOCH, trin for trin.<\/p>","protected":false},"author":1,"featured_media":57402,"parent":0,"menu_order":0,"comment_status":"closed","ping_status":"closed","template":"","meta":{"footnotes":""},"tags":[128],"class_list":["post-57343","page","type-page","status-publish","has-post-thumbnail","hentry","tag-no-google"],"_links":{"self":[{"href":"https:\/\/mister.forex\/da\/wp-json\/wp\/v2\/pages\/57343","targetHints":{"allow":["GET"]}}],"collection":[{"href":"https:\/\/mister.forex\/da\/wp-json\/wp\/v2\/pages"}],"about":[{"href":"https:\/\/mister.forex\/da\/wp-json\/wp\/v2\/types\/page"}],"author":[{"embeddable":true,"href":"https:\/\/mister.forex\/da\/wp-json\/wp\/v2\/users\/1"}],"replies":[{"embeddable":true,"href":"https:\/\/mister.forex\/da\/wp-json\/wp\/v2\/comments?post=57343"}],"version-history":[{"count":0,"href":"https:\/\/mister.forex\/da\/wp-json\/wp\/v2\/pages\/57343\/revisions"}],"wp:featuredmedia":[{"embeddable":true,"href":"https:\/\/mister.forex\/da\/wp-json\/wp\/v2\/media\/57402"}],"wp:attachment":[{"href":"https:\/\/mister.forex\/da\/wp-json\/wp\/v2\/media?parent=57343"}],"wp:term":[{"taxonomy":"post_tag","embeddable":true,"href":"https:\/\/mister.forex\/da\/wp-json\/wp\/v2\/tags?post=57343"}],"curies":[{"name":"wp","href":"https:\/\/api.w.org\/{rel}","templated":true}]}}