{"id":59827,"date":"2025-10-09T02:26:46","date_gmt":"2025-10-08T18:26:46","guid":{"rendered":"https:\/\/mister.forex\/?page_id=59827"},"modified":"2025-12-03T03:34:44","modified_gmt":"2025-12-02T19:34:44","slug":"the-forex-trading-execution-bible","status":"publish","type":"page","link":"https:\/\/mister.forex\/da\/the-forex-trading-execution-bible\/","title":{"rendered":"Bibelen om udf\u00f8relse af valutahandel: En praktisk SOP fra \"at vide\" til \"at g\u00f8re\""},"content":{"rendered":"<div data-elementor-type=\"wp-page\" data-elementor-id=\"59827\" class=\"elementor elementor-59827\" data-elementor-post-type=\"page\">\n\t\t\t\t<div class=\"elementor-element elementor-element-9a261e9 e-flex e-con-boxed e-con e-parent\" data-id=\"9a261e9\" data-element_type=\"container\">\n\t\t\t\t\t<div class=\"e-con-inner\">\n\t\t\t\t<div class=\"elementor-element elementor-element-0f38502 elementor-icon-list--layout-inline elementor-list-item-link-inline elementor-widget elementor-widget-icon-list\" data-id=\"0f38502\" data-element_type=\"widget\" data-widget_type=\"icon-list.default\">\n\t\t\t\t\t\t\t<ul class=\"elementor-icon-list-items elementor-inline-items\">\n\t\t\t\t\t\t\t<li class=\"elementor-icon-list-item elementor-inline-item\">\n\t\t\t\t\t\t\t\t\t\t\t<a href=\"https:\/\/mister.forex\/da\/ebook-hub\/\">\n\n\t\t\t\t\t\t\t\t\t\t\t\t<span class=\"elementor-icon-list-icon\">\n\t\t\t\t\t\t\t<svg aria-hidden=\"true\" class=\"e-font-icon-svg e-fas-reply\" viewbox=\"0 0 512 512\" xmlns=\"http:\/\/www.w3.org\/2000\/svg\"><path d=\"M8.309 189.836L184.313 37.851C199.719 24.546 224 35.347 224 56.015v80.053c160.629 1.839 288 34.032 288 186.258 0 61.441-39.581 122.309-83.333 154.132-13.653 9.931-33.111-2.533-28.077-18.631 45.344-145.012-21.507-183.51-176.59-185.742V360c0 20.7-24.3 31.453-39.687 18.164l-176.004-152c-11.071-9.562-11.086-26.753 0-36.328z\"><\/path><\/svg>\t\t\t\t\t\t<\/span>\n\t\t\t\t\t\t\t\t\t\t<span class=\"elementor-icon-list-text\">Forrige side<\/span>\n\t\t\t\t\t\t\t\t\t\t\t<\/a>\n\t\t\t\t\t\t\t\t\t<\/li>\n\t\t\t\t\t\t<\/ul>\n\t\t\t\t\t\t<\/div>\n\t\t\t\t\t<\/div>\n\t\t\t\t<\/div>\n\t\t<div class=\"elementor-element elementor-element-05e34f2 e-flex e-con-boxed e-con e-parent\" data-id=\"05e34f2\" data-element_type=\"container\" data-settings=\"{&quot;background_background&quot;:&quot;classic&quot;}\">\n\t\t\t\t\t<div class=\"e-con-inner\">\n\t\t<div class=\"elementor-element elementor-element-928477a e-con-full e-flex e-con e-child\" data-id=\"928477a\" data-element_type=\"container\" data-settings=\"{&quot;background_background&quot;:&quot;classic&quot;}\">\n\t\t\t\t<div class=\"elementor-element elementor-element-2d61e89 elementor-widget elementor-widget-image\" data-id=\"2d61e89\" data-element_type=\"widget\" data-settings=\"{&quot;_animation&quot;:&quot;none&quot;}\" data-widget_type=\"image.default\">\n\t\t\t\t\t\t\t\t\t\t\t\t\t\t\t<img fetchpriority=\"high\" decoding=\"async\" width=\"188\" height=\"300\" src=\"https:\/\/mister.forex\/wp-content\/uploads\/2025\/10\/Book-4-Mockup-EN.webp\" class=\"attachment-thumbnail size-thumbnail wp-image-59802\" alt=\"Bibelen for Udf\u00f8relse af Valutahandel\" srcset=\"https:\/\/mister.forex\/wp-content\/uploads\/2025\/10\/Book-4-Mockup-EN.webp 1410w, https:\/\/mister.forex\/wp-content\/uploads\/2025\/10\/Book-4-Mockup-EN-313x500.webp 313w, https:\/\/mister.forex\/wp-content\/uploads\/2025\/10\/Book-4-Mockup-EN-752x1200.webp 752w, https:\/\/mister.forex\/wp-content\/uploads\/2025\/10\/Book-4-Mockup-EN-188x300.webp 188w, https:\/\/mister.forex\/wp-content\/uploads\/2025\/10\/Book-4-Mockup-EN-768x1226.webp 768w, https:\/\/mister.forex\/wp-content\/uploads\/2025\/10\/Book-4-Mockup-EN-963x1536.webp 963w, https:\/\/mister.forex\/wp-content\/uploads\/2025\/10\/Book-4-Mockup-EN-1283x2048.webp 1283w, https:\/\/mister.forex\/wp-content\/uploads\/2025\/10\/Book-4-Mockup-EN-8x12.webp 8w\" sizes=\"(max-width: 188px) 100vw, 188px\" \/>\t\t\t\t\t\t\t\t\t\t\t\t\t\t\t<\/div>\n\t\t\t\t<div class=\"elementor-element elementor-element-a1569ba elementor-widget elementor-widget-html\" data-id=\"a1569ba\" data-element_type=\"widget\" data-widget_type=\"html.default\">\n\t\t\t\t\t<script src=\"https:\/\/gumroad.com\/js\/gumroad.js\"><\/script>\n<a class=\"gumroad-button\" href=\"https:\/\/mrforex.gumroad.com\/l\/cobxuz\" rel=\"noopener\">K\u00f8b nu<\/a>\t\t\t\t<\/div>\n\t\t\t\t<div class=\"elementor-element elementor-element-41d361c elementor-widget elementor-widget-heading\" data-id=\"41d361c\" data-element_type=\"widget\" data-widget_type=\"heading.default\">\n\t\t\t\t\t<span class=\"elementor-heading-title elementor-size-default\">Underst\u00f8ttede sprog<\/span>\t\t\t\t<\/div>\n\t\t<div class=\"elementor-element elementor-element-6a6dad0 e-con-full e-flex e-con e-child\" data-id=\"6a6dad0\" data-element_type=\"container\">\n\t\t\t\t<div class=\"elementor-element elementor-element-44ffc6c elementor-align-center elementor-widget elementor-widget-button\" data-id=\"44ffc6c\" data-element_type=\"widget\" data-widget_type=\"button.default\">\n\t\t\t\t\t\t\t\t\t\t<a class=\"elementor-button elementor-size-sm\" role=\"button\">\n\t\t\t\t\t\t<span class=\"elementor-button-content-wrapper\">\n\t\t\t\t\t\t\t\t\t<span class=\"elementor-button-text\">\u7b80\u4f53\u4e2d\u6587<\/span>\n\t\t\t\t\t<\/span>\n\t\t\t\t\t<\/a>\n\t\t\t\t\t\t\t\t<\/div>\n\t\t\t\t<div class=\"elementor-element elementor-element-5fce700 elementor-align-center elementor-widget elementor-widget-button\" data-id=\"5fce700\" data-element_type=\"widget\" data-widget_type=\"button.default\">\n\t\t\t\t\t\t\t\t\t\t<a class=\"elementor-button elementor-size-sm\" role=\"button\">\n\t\t\t\t\t\t<span class=\"elementor-button-content-wrapper\">\n\t\t\t\t\t\t\t\t\t<span class=\"elementor-button-text\">\u7e41\u9ad4\u4e2d\u6587<\/span>\n\t\t\t\t\t<\/span>\n\t\t\t\t\t<\/a>\n\t\t\t\t\t\t\t\t<\/div>\n\t\t\t\t<div class=\"elementor-element elementor-element-7d063fa elementor-align-center elementor-widget elementor-widget-button\" data-id=\"7d063fa\" data-element_type=\"widget\" data-widget_type=\"button.default\">\n\t\t\t\t\t\t\t\t\t\t<a class=\"elementor-button elementor-size-sm\" role=\"button\">\n\t\t\t\t\t\t<span class=\"elementor-button-content-wrapper\">\n\t\t\t\t\t\t\t\t\t<span class=\"elementor-button-text\">English<\/span>\n\t\t\t\t\t<\/span>\n\t\t\t\t\t<\/a>\n\t\t\t\t\t\t\t\t<\/div>\n\t\t\t\t<\/div>\n\t\t\t\t<\/div>\n\t\t<div class=\"elementor-element elementor-element-9f32aa3 e-con-full e-flex e-con e-child\" data-id=\"9f32aa3\" data-element_type=\"container\" data-settings=\"{&quot;background_background&quot;:&quot;classic&quot;}\">\n\t\t<div class=\"elementor-element elementor-element-14ce0ce e-con-full e-flex e-con e-child\" data-id=\"14ce0ce\" data-element_type=\"container\">\n\t\t\t\t<div class=\"elementor-element elementor-element-b3a35b3 elementor-widget elementor-widget-heading\" data-id=\"b3a35b3\" data-element_type=\"widget\" data-widget_type=\"heading.default\">\n\t\t\t\t\t<h2 class=\"elementor-heading-title elementor-size-default\">Bibelen for Udf\u00f8relse af Valutahandel<\/h2>\t\t\t\t<\/div>\n\t\t\t\t<div class=\"elementor-element elementor-element-073be8c elementor-widget elementor-widget-heading\" data-id=\"073be8c\" data-element_type=\"widget\" data-widget_type=\"heading.default\">\n\t\t\t\t\t<h3 class=\"elementor-heading-title elementor-size-default\">Sig farvel til tabscyklussen for teoretikere! Dette er et komplet Forex trading eksekveringssystem, der f\u00e5r dig til b\u00e5de at \"vide\" og \"g\u00f8re\".<\/h3>\t\t\t\t<\/div>\n\t\t\t\t<div class=\"elementor-element elementor-element-d18e613 elementor-widget-divider--view-line elementor-widget elementor-widget-divider\" data-id=\"d18e613\" data-element_type=\"widget\" data-widget_type=\"divider.default\">\n\t\t\t\t\t\t\t<div class=\"elementor-divider\">\n\t\t\t<span class=\"elementor-divider-separator\">\n\t\t\t\t\t\t<\/span>\n\t\t<\/div>\n\t\t\t\t\t\t<\/div>\n\t\t\t\t<\/div>\n\t\t\t\t<div class=\"elementor-element elementor-element-7ac01e9 elementor-widget elementor-widget-html translation-block\" data-id=\"7ac01e9\" data-element_type=\"widget\" data-widget_type=\"html.default\"><span>\n<h2><strong>Den Sidste Mil fra \"At Vide\" til \"At G\u00f8re\"<\/strong><\/h2>\nHvis du l\u00e6ser dette, ved du sandsynligvis allerede meget om handel. Du forst\u00e5r markedsstruktur, har studeret utallige tekniske indikatorer og kan endda tale velformuleret om markedets op- og nedture.<br>\nDog forbliver et skarpt sp\u00f8rgsm\u00e5l, der hjems\u00f8ger dig under hver sen aften-gennemgang: \"Hvorfor, efter at have vidst s\u00e5 meget, er jeg stadig ude af stand til at opn\u00e5 konsekvent rentabilitet?\"\n<br><br>\nSvaret er m\u00e5ske enklere og sv\u00e6rere at acceptere, end du tror: for i det brutale nulsumsspil i forex-handel bestemmes sejren aldrig af, hvor meget du \"ved\", men af hvor meget du konsekvent kan \"g\u00f8re\".\n<br><br>\nDenne bog er din sidste mil fra \"at vide\" til \"at g\u00f8re\". Vi vil ikke give dig endnu hundrede smarte indikatorer eller en mytisk \"Hellig Gral\". I stedet vil vi give noget langt mere v\u00e6rdifuldt: en komplet, replikerbar \"Standard Operating Procedure\" (SOP) for udf\u00f8relse.\n<br><br>\nDette er ikke endnu en teoril\u00e6rebog; dette er en praktisk manual til \"handling\". Du vil l\u00e6re at:\n<br>\n<ul>\n  <li><strong>Mestre Professionel Forberedelse F\u00f8r Markedet:<\/strong> L\u00e6r et dagligt kampritual, der udrydder g\u00e6tv\u00e6rk og sikrer, at du hver dag g\u00e5r ind p\u00e5 markedet med en klar, handlingsorienteret plan.<\/li>\n  <li><strong>Udf\u00f8re A+ Handler med Pr\u00e6cision:<\/strong> Mestre to centrale, h\u00f8j-sandsynligheds taktiske skabeloner for b\u00e5de \"Trendforts\u00e6ttelse\" og \"Trendvending\" scenarier.<\/li>\n  <li><strong>Maksimere Overskud og Minimere Risici:<\/strong> L\u00e6r positionsstyring, pyramiding i vindende handler og brug af markedsstruktur-baserede trailing stops for at l\u00e5se dine gevinster fast.<\/li>\n  <li><strong>Drive Din Handel Som en Virksomhed:<\/strong> Udforsk pr\u00e6cise strategier for at best\u00e5 prop firm-udfordringer, administrere finansierede konti og udnytte ekstern kapital til at skalere din indkomst.<\/li>\n<\/ul>\n<br>\nDenne bog vil forvandle dig fra en amat\u00f8r, der er p\u00e5virket af markedsf\u00f8lelser og kaotiske beslutninger, til en professionel erhvervsdrivende med en klar proces og jerndisciplin. Stop den endel\u00f8se cyklus af l\u00e6ring og tab. Det er tid til at opbygge din rigtige handelsvirksomhed.\n<\/span><\/div>\n\t\t\t\t<\/div>\n\t\t\t\t\t<\/div>\n\t\t\t\t<\/div>\n\t\t\t\t<\/div>","protected":false},"excerpt":{"rendered":"<p>K\u00e6mper du stadig med uendelig l\u00e6ring og tab? Dette forex trading-eksekveringssystem er den sidste mil, der er bygget til dig. Vi taler ikke om teori, men leverer kun en replikerbar SOP, strategier med h\u00f8j gevinstprocent og f\u00e6rdigheder inden for pengestyring for at g\u00f8re dig til en disciplineret professionel erhvervsdrivende og opn\u00e5 kontinuerlige overskud.<\/p>","protected":false},"author":1,"featured_media":59805,"parent":0,"menu_order":0,"comment_status":"closed","ping_status":"closed","template":"","meta":{"footnotes":""},"tags":[128],"class_list":["post-59827","page","type-page","status-publish","has-post-thumbnail","hentry","tag-no-google"],"_links":{"self":[{"href":"https:\/\/mister.forex\/da\/wp-json\/wp\/v2\/pages\/59827","targetHints":{"allow":["GET"]}}],"collection":[{"href":"https:\/\/mister.forex\/da\/wp-json\/wp\/v2\/pages"}],"about":[{"href":"https:\/\/mister.forex\/da\/wp-json\/wp\/v2\/types\/page"}],"author":[{"embeddable":true,"href":"https:\/\/mister.forex\/da\/wp-json\/wp\/v2\/users\/1"}],"replies":[{"embeddable":true,"href":"https:\/\/mister.forex\/da\/wp-json\/wp\/v2\/comments?post=59827"}],"version-history":[{"count":0,"href":"https:\/\/mister.forex\/da\/wp-json\/wp\/v2\/pages\/59827\/revisions"}],"wp:featuredmedia":[{"embeddable":true,"href":"https:\/\/mister.forex\/da\/wp-json\/wp\/v2\/media\/59805"}],"wp:attachment":[{"href":"https:\/\/mister.forex\/da\/wp-json\/wp\/v2\/media?parent=59827"}],"wp:term":[{"taxonomy":"post_tag","embeddable":true,"href":"https:\/\/mister.forex\/da\/wp-json\/wp\/v2\/tags?post=59827"}],"curies":[{"name":"wp","href":"https:\/\/api.w.org\/{rel}","templated":true}]}}