{"id":66033,"date":"2026-02-04T23:49:39","date_gmt":"2026-02-04T15:49:39","guid":{"rendered":"https:\/\/mister.forex\/?page_id=66033"},"modified":"2026-05-06T13:28:44","modified_gmt":"2026-05-06T05:28:44","slug":"prop-firm-trading-guide-get-funded","status":"publish","type":"page","link":"https:\/\/mister.forex\/da\/prop-firm-trading-guide-get-funded\/","title":{"rendered":"Den ultimative guide til Prop Firms: S\u00e5dan sikrer du $100.000 i handelskapital | Mr.Forex"},"content":{"rendered":"<div data-elementor-type=\"wp-page\" data-elementor-id=\"66033\" class=\"elementor elementor-66033\" data-elementor-post-type=\"page\">\n\t\t\t\t<div class=\"elementor-element elementor-element-3c29475 e-flex e-con-boxed e-con e-parent\" data-id=\"3c29475\" data-element_type=\"container\">\n\t\t\t\t\t<div class=\"e-con-inner\">\n\t\t\t\t<div class=\"elementor-element elementor-element-4a3ad48 elementor-widget elementor-widget-heading\" data-id=\"4a3ad48\" data-element_type=\"widget\" data-widget_type=\"heading.default\">\n\t\t\t\t\t<h1 class=\"elementor-heading-title elementor-size-default\">Indblik i Prop Firm-modellen: Tjen penge direkte p\u00e5 dine trading-evner<\/h1>\t\t\t\t<\/div>\n\t\t\t\t<div class=\"elementor-element elementor-element-9eca83a elementor-widget elementor-widget-html\" data-id=\"9eca83a\" data-element_type=\"widget\" data-widget_type=\"html.default\">\n\t\t\t\t\tForst\u00e5 mekanismerne bag Prop Firm-evalueringer. Monetiser din trading-ekspertise og g\u00f8r dig fri af begr\u00e6nsningerne ved sm\u00e5 konti.\t\t\t\t<\/div>\n\t\t\t\t<div class=\"elementor-element elementor-element-d45ecae elementor-widget elementor-widget-html translation-block\" data-id=\"d45ecae\" data-element_type=\"widget\" data-widget_type=\"html.default\">Forfatter: <strong>Mr.Forex<\/strong><\/div>\n\t\t\t\t<div class=\"elementor-element elementor-element-50a8bd5 elementor-widget elementor-widget-html translation-block\" data-id=\"50a8bd5\" data-element_type=\"widget\" data-widget_type=\"html.default\"><span>\n<h2><strong>Forord: Dine evner er v\u00e6rdifulde, men din kapital er lille<\/strong><\/h2>\nTillykke med at v\u00e6re n\u00e5et s\u00e5 langt.<br><br>\n\nNu forst\u00e5r du candlestick-grafer, strategier og risikostyring. Du besidder allerede de grundl\u00e6ggende f\u00e6rdigheder til at overleve p\u00e5 dette marked.<br><br>\n\nMen virkeligheden er ofte barsk:<br><br>\n\nHvis du kun har <strong>$1.000 USD<\/strong> i kapital, selvom du var Warren Buffett og lavede stabile 5% om m\u00e5neden (hvilket allerede er imponerende), ville du kun tjene <strong>$50 USD<\/strong>.<br><br>\n\nDet er knap nok nok til at betale elregningen.<br><br>\n\nDette er den private traders dilemma: <strong>Evner, men ingen kapital.<\/strong><br><br>\n\nTidligere kunne man kun spare langsomt op. Men nu er en ny model opst\u00e5et i den finansielle verden \u2014 <strong>Prop Firm (Proprietary Trading Firm)<\/strong>.<br><br>\n\nS\u00e5 l\u00e6nge du kan best\u00e5 en pr\u00f8ve for at bevise dine evner, vil de stille en konto p\u00e5 $10k, $100k eller endda $500k til r\u00e5dighed for dig at handle med. Du kan beholde 80% eller endda 90% af det overskud, du tjener.<br><br>\n\nDette er ikke at l\u00e5ne penge til investering; dette er at <strong>\"opn\u00e5 finansiering baseret p\u00e5 dine evner.\"<\/strong><br><br>\n\n<h2><strong>Hvad er et Prop Firm (Proprietary Trading Firm)?<\/strong><\/h2>\nEt <strong>Prop Firm<\/strong> er en virksomhed, der leder efter talentfulde uafh\u00e6ngige tradere. Deres logik er enkel: Virksomheden har kapitalen, men mangler nok dygtige tradere.<br>\n\n<h3><strong>S\u00e5dan fungerer det:<\/strong><\/h3>\n<ol>\n\u00a0 \u00a0 <li><strong>Betalt evaluering:<\/strong> Du betaler et lille registreringsgebyr (f.eks. $100 USD) for at deltage i deres simulerede udfordring.<\/li>\n\u00a0 \u00a0 <li><strong>Bevis dine evner:<\/strong> Inden for en bestemt tidsramme skal du n\u00e5 overskudsm\u00e5let (f.eks. 10%) uden at overskride drawdown-gr\u00e6nsen (f.eks. 10%).<\/li>\n\u00a0 \u00a0 <li><strong>F\u00e5 finansiering:<\/strong> N\u00e5r du har best\u00e5et, vil de give dig en finansieret konto (Live-konto).<\/li>\n\u00a0 \u00a0 <li><strong>Overskudsdeling:<\/strong> Du beholder st\u00f8rstedelen af det overskud, der tjenes p\u00e5 kontoen (normalt 80%), mens platformen tager en lille andel.<\/li>\n<\/ol><br>\n\nDet er en smart handel:<br><br>\n\nDu bruger et registreringsgebyr p\u00e5 $100 (din risiko) for at f\u00e5 muligheden for at handle p\u00e5 en konto med $10.000 (din scene).<br><br>\n\n<h2><strong>Hvorfor tilslutte sig et Prop Firm?<\/strong><\/h2>\nLad os regne p\u00e5 det og sammenligne \"trading med dine egne penge\" vs. \"at tilslutte sig et <strong>Prop Firm<\/strong>.\"<br><br>\n\nAntag, at dit m\u00e5nedlige overskudspotentiale er <strong>5%<\/strong>:<br><br>\n\n<table style=\"border-radius: 8px;border-collapse: separate;border-spacing: 0;overflow: hidden;text-align: center;width: 100%;border: 1px solid #ddd;font-family: sans-serif\">\n<thead style=\"background-color: #15264D;color: #ffffff\">\n\u00a0 \u00a0 \u00a0 <tr>\n\u00a0 \u00a0 \u00a0 \u00a0 <th style=\"padding: 15px\">Sammenligning<\/th>\n\u00a0 \u00a0 \u00a0 \u00a0 <th style=\"padding: 15px\">Case A: Dine egne penge<\/th>\n\u00a0 \u00a0 \u00a0 \u00a0 <th style=\"padding: 15px\">Case B: Prop Firm (10k)<\/th>\n\u00a0 \u00a0 \u00a0 <\/tr>\n<\/thead>\n<tbody>\n\u00a0 \u00a0 \u00a0 <tr>\n\u00a0 \u00a0 \u00a0 \u00a0 <td style=\"padding: 12px;border-bottom: 1px solid #eee;background-color: #f9f9f9\"><strong>Startomkostninger<\/strong><\/td>\n\u00a0 \u00a0 \u00a0 \u00a0 <td style=\"padding: 12px;border-bottom: 1px solid #eee\">$1.000 USD (Kapital)<\/td>\n\u00a0 \u00a0 \u00a0 \u00a0 <td style=\"padding: 12px;border-bottom: 1px solid #eee\">Ca. $100 USD (Gebyr)<\/td>\n\u00a0 \u00a0 <\/tr>\n\u00a0 \u00a0 \u00a0 <tr>\n\u00a0 \u00a0 \u00a0 \u00a0 <td style=\"padding: 12px;border-bottom: 1px solid #eee;background-color: #f9f9f9\"><strong>Handelskapital<\/strong><\/td>\n\u00a0 \u00a0 \u00a0 \u00a0 <td style=\"padding: 12px;border-bottom: 1px solid #eee\">$1.000 USD<\/td>\n\u00a0 \u00a0 \u00a0 \u00a0 <td style=\"padding: 12px;border-bottom: 1px solid #eee\">$10.000 USD<\/td>\n\u00a0 \u00a0 \u00a0 <\/tr>\n\u00a0 \u00a0 \u00a0 <tr>\n\u00a0 \u00a0 \u00a0 \u00a0 <td style=\"padding: 12px;border-bottom: 1px solid #eee;background-color: #f9f9f9\"><strong>M\u00e5nedligt overskud (5%)<\/strong><\/td>\n\u00a0 \u00a0 \u00a0 \u00a0 <td style=\"padding: 12px;border-bottom: 1px solid #eee\">$50 USD<\/td>\n\u00a0 \u00a0 \u00a0 \u00a0 <td style=\"padding: 12px;border-bottom: 1px solid #eee\">$500 USD<\/td>\n\u00a0 \u00a0 \u00a0 <\/tr>\n\u00a0 \u00a0 \u00a0 <tr>\n\u00a0 \u00a0 \u00a0 \u00a0 <td style=\"padding: 12px;border-bottom: 1px solid #eee;background-color: #f9f9f9\"><strong>Faktisk indkomst<\/strong><\/td>\n\u00a0 \u00a0 \u00a0 \u00a0 <td style=\"padding: 12px;border-bottom: 1px solid #eee\">$50 USD<\/td>\n\u00a0 \u00a0 \u00a0 \u00a0 <td style=\"padding: 12px;border-bottom: 1px solid #eee;color: #008000;font-size: 1.1em\"><strong>$400 USD (80% deling)<\/strong><\/td>\n\u00a0 \u00a0 \u00a0 <\/tr>\n\u00a0 \u00a0 <\/tbody>\n<\/table><br>\n\n<strong>Konklusion:<\/strong> Med de samme evner og den samme overskudsprocent (%), bliver din indkomst forst\u00e6rket <strong>8 gange<\/strong>. Desuden bliver din oprindelige kapital i din lomme, med nul risiko for at miste din egen formue.<br><br>\n\n<h2><strong>Reglerne: Der findes ingen gratis frokost<\/strong><\/h2>\nLyder det godt? Ikke s\u00e5 hurtigt. <strong>Prop Firms<\/strong> er ikke velg\u00f8renhed; de bruger strenge regler til at frasortere ukvalificerede tradere.<br><br>\n\n<h3><strong>Almindelige evalueringsregler:<\/strong><\/h3>\n<ul>\n\u00a0 \u00a0 <li><strong>\ud83c\udfaf Overskudsm\u00e5l:<\/strong> Kr\u00e6ver normalt en fortjeneste p\u00e5 8% til 10% i den f\u00f8rste fase.<\/li>\n\u00a0 \u00a0 <li><strong>\u26a0\ufe0f Daglig drawdown-gr\u00e6nse:<\/strong> Her fejler de fleste. Reglerne siger, at daglige urealiserede eller realiserede tab ikke m\u00e5 overstige 5% af kapitalen. Rammer du dette, dumper du med det samme.<\/li>\n\u00a0 \u00a0 <li><strong>\ud83d\udcc9 Samlet maks. drawdown:<\/strong> Din kontov\u00e6rdi m\u00e5 aldrig falde under en fastsat bundgr\u00e6nse (f.eks. 10% af startkapitalen).<\/li>\n\u00a0 \u00a0 <li><strong>\ud83d\udcf0 Handelsrestriktioner:<\/strong> Nogle firmaer forbyder handel under store nyhedsudgivelser eller at holde positioner hen over weekenden.<\/li>\n<\/ul><br>\n\n<h4><strong>Mr.Forex analyse:<\/strong><\/h4>\nDisse regler kan virke strenge, men de er faktisk de <strong>\"jernh\u00e5rde love for risikostyring\"<\/strong>, vi l\u00e6gger v\u00e6gt p\u00e5. Hvis du er vant til at gamble (All-in), holder du ikke tre dage i et Prop Firm; men hvis du n\u00f8je f\u00f8lger risikostyring, er det kun et sp\u00f8rgsm\u00e5l om tid, f\u00f8r du best\u00e5r pr\u00f8ven.\n<\/span><\/div>\n\t\t<div class=\"elementor-element elementor-element-63c0e87 e-con-full e-flex e-con e-child\" data-id=\"63c0e87\" data-element_type=\"container\" data-settings=\"{&quot;background_background&quot;:&quot;classic&quot;}\">\n\t\t\t\t<div class=\"elementor-element elementor-element-dbec11a elementor-widget elementor-widget-html translation-block\" data-id=\"dbec11a\" data-element_type=\"widget\" data-widget_type=\"html.default\"><span>\n<h3><strong>\ud83c\udfc6 Mr.Forex Pro-udvalgte liste<\/strong><\/h3>\nFor at spare dig tid p\u00e5 research, har jeg sammensat en liste over de mest velrenommerede top-firmaer p\u00e5 markedet lige nu:\n<\/span><\/div>\n\t\t\t\t<div class=\"elementor-element elementor-element-b596fdf elementor-widget elementor-widget-html translation-block\" data-id=\"b596fdf\" data-element_type=\"widget\" data-widget_type=\"html.default\"><span>\n<strong>FTMO \u2014 Den anerkendte brancheleder<\/strong><br>\n<ul>\n\u00a0 \u00a0 <li><strong>Funktioner:<\/strong> \"Guldstandarden\" inden for Prop Firm-verdenen. L\u00e6ngst historik, mest solidt omd\u00f8mme, lynhurtige udbetalinger og et fremragende handelsmilj\u00f8.<\/li>\n\u00a0 \u00a0 <li><strong>M\u00e5lgruppe:<\/strong> Professionelle tradere, der v\u00e6rds\u00e6tter standardiserede processer og brand-trov\u00e6rdighed.<\/li>\n<\/ul>\n<\/span><\/div>\n\t\t\t\t<div class=\"elementor-element elementor-element-824ddcf elementor-icon-list--layout-inline elementor-list-item-link-inline elementor-widget elementor-widget-icon-list\" data-id=\"824ddcf\" data-element_type=\"widget\" data-widget_type=\"icon-list.default\">\n\t\t\t\t\t\t\t<ul class=\"elementor-icon-list-items elementor-inline-items\">\n\t\t\t\t\t\t\t<li class=\"elementor-icon-list-item elementor-inline-item\">\n\t\t\t\t\t\t\t\t\t\t\t<a href=\"https:\/\/trader.ftmo.com\/?affiliates=eHFMXPlbOlHBoIeBTdvU\" target=\"_blank\" rel=\"nofollow noopener\">\n\n\t\t\t\t\t\t\t\t\t\t\t\t<span class=\"elementor-icon-list-icon\">\n\t\t\t\t\t\t\t<svg aria-hidden=\"true\" class=\"e-font-icon-svg e-far-check-circle\" viewbox=\"0 0 512 512\" xmlns=\"http:\/\/www.w3.org\/2000\/svg\"><path d=\"M256 8C119.033 8 8 119.033 8 256s111.033 248 248 248 248-111.033 248-248S392.967 8 256 8zm0 48c110.532 0 200 89.451 200 200 0 110.532-89.451 200-200 200-110.532 0-200-89.451-200-200 0-110.532 89.451-200 200-200m140.204 130.267l-22.536-22.718c-4.667-4.705-12.265-4.736-16.97-.068L215.346 303.697l-59.792-60.277c-4.667-4.705-12.265-4.736-16.97-.069l-22.719 22.536c-4.705 4.667-4.736 12.265-.068 16.971l90.781 91.516c4.667 4.705 12.265 4.736 16.97.068l172.589-171.204c4.704-4.668 4.734-12.266.067-16.971z\"><\/path><\/svg>\t\t\t\t\t\t<\/span>\n\t\t\t\t\t\t\t\t\t\t<span class=\"elementor-icon-list-text\">Klik for at se reglerne for FTMO Challenge<\/span>\n\t\t\t\t\t\t\t\t\t\t\t<\/a>\n\t\t\t\t\t\t\t\t\t<\/li>\n\t\t\t\t\t\t<\/ul>\n\t\t\t\t\t\t<\/div>\n\t\t\t\t<div class=\"elementor-element elementor-element-c798038 elementor-widget elementor-widget-html translation-block\" data-id=\"c798038\" data-element_type=\"widget\" data-widget_type=\"html.default\"><span>\n<strong>Darwinex Zero \u2014 Din vej til at blive kapitalforvalter<\/strong><br>\n\u00a0 <ul>\n\u00a0 \u00a0 <li><strong>Funktioner:<\/strong> Unik \"abonnementsbaseret\" model uden tidsbegr\u00e6nsning p\u00e5 pr\u00f8ven. Kernefokus er p\u00e5 at opbygge langsigtede resultater; de bedste modtager direkte institutionel kapitalallokering.<\/li>\n\u00a0 \u00a0 <li><strong>M\u00e5lgruppe:<\/strong> Tradere, der \u00f8nsker at slippe for eksamenspres, og dem, der str\u00e6ber efter langsigtet \"Asset Management\".<\/li>\n\u00a0 <\/ul>\n<\/span><\/div>\n\t\t\t\t<div class=\"elementor-element elementor-element-c584754 elementor-icon-list--layout-inline elementor-list-item-link-inline elementor-widget elementor-widget-icon-list\" data-id=\"c584754\" data-element_type=\"widget\" data-widget_type=\"icon-list.default\">\n\t\t\t\t\t\t\t<ul class=\"elementor-icon-list-items elementor-inline-items\">\n\t\t\t\t\t\t\t<li class=\"elementor-icon-list-item elementor-inline-item\">\n\t\t\t\t\t\t\t\t\t\t\t<a href=\"https:\/\/www.darwinexzero.com?fpr=6a0yb2\" target=\"_blank\" rel=\"nofollow noopener\">\n\n\t\t\t\t\t\t\t\t\t\t\t\t<span class=\"elementor-icon-list-icon\">\n\t\t\t\t\t\t\t<svg aria-hidden=\"true\" class=\"e-font-icon-svg e-far-check-circle\" viewbox=\"0 0 512 512\" xmlns=\"http:\/\/www.w3.org\/2000\/svg\"><path d=\"M256 8C119.033 8 8 119.033 8 256s111.033 248 248 248 248-111.033 248-248S392.967 8 256 8zm0 48c110.532 0 200 89.451 200 200 0 110.532-89.451 200-200 200-110.532 0-200-89.451-200-200 0-110.532 89.451-200 200-200m140.204 130.267l-22.536-22.718c-4.667-4.705-12.265-4.736-16.97-.068L215.346 303.697l-59.792-60.277c-4.667-4.705-12.265-4.736-16.97-.069l-22.719 22.536c-4.705 4.667-4.736 12.265-.068 16.971l90.781 91.516c4.667 4.705 12.265 4.736 16.97.068l172.589-171.204c4.704-4.668 4.734-12.266.067-16.971z\"><\/path><\/svg>\t\t\t\t\t\t<\/span>\n\t\t\t\t\t\t\t\t\t\t<span class=\"elementor-icon-list-text\">Klik for at f\u00e5 din eksklusive 20% rabatkode<\/span>\n\t\t\t\t\t\t\t\t\t\t\t<\/a>\n\t\t\t\t\t\t\t\t\t<\/li>\n\t\t\t\t\t\t<\/ul>\n\t\t\t\t\t\t<\/div>\n\t\t\t\t<div class=\"elementor-element elementor-element-01023ef elementor-icon-list--layout-inline elementor-list-item-link-inline elementor-widget elementor-widget-icon-list\" data-id=\"01023ef\" data-element_type=\"widget\" data-widget_type=\"icon-list.default\">\n\t\t\t\t\t\t\t<ul class=\"elementor-icon-list-items elementor-inline-items\">\n\t\t\t\t\t\t\t<li class=\"elementor-icon-list-item elementor-inline-item\">\n\t\t\t\t\t\t\t\t\t\t\t<span class=\"elementor-icon-list-icon\">\n\t\t\t\t\t\t\t<svg aria-hidden=\"true\" class=\"e-font-icon-svg e-fas-bullhorn\" viewbox=\"0 0 576 512\" xmlns=\"http:\/\/www.w3.org\/2000\/svg\"><path d=\"M576 240c0-23.63-12.95-44.04-32-55.12V32.01C544 23.26 537.02 0 512 0c-7.12 0-14.19 2.38-19.98 7.02l-85.03 68.03C364.28 109.19 310.66 128 256 128H64c-35.35 0-64 28.65-64 64v96c0 35.35 28.65 64 64 64h33.7c-1.39 10.48-2.18 21.14-2.18 32 0 39.77 9.26 77.35 25.56 110.94 5.19 10.69 16.52 17.06 28.4 17.06h74.28c26.05 0 41.69-29.84 25.9-50.56-16.4-21.52-26.15-48.36-26.15-77.44 0-11.11 1.62-21.79 4.41-32H256c54.66 0 108.28 18.81 150.98 52.95l85.03 68.03a32.023 32.023 0 0 0 19.98 7.02c24.92 0 32-22.78 32-32V295.13C563.05 284.04 576 263.63 576 240zm-96 141.42l-33.05-26.44C392.95 311.78 325.12 288 256 288v-96c69.12 0 136.95-23.78 190.95-66.98L480 98.58v282.84z\"><\/path><\/svg>\t\t\t\t\t\t<\/span>\n\t\t\t\t\t\t\t\t\t\t<span class=\"elementor-icon-list-text\"><strong>Rabatkode:\u00a0<\/strong>ZEROPARTNER_20<\/span>\n\t\t\t\t\t\t\t\t\t<\/li>\n\t\t\t\t\t\t<\/ul>\n\t\t\t\t\t\t<\/div>\n\t\t\t\t<div class=\"elementor-element elementor-element-6c863f8 elementor-widget elementor-widget-heading\" data-id=\"6c863f8\" data-element_type=\"widget\" data-widget_type=\"heading.default\">\n\t\t\t\t\t<span class=\"elementor-heading-title elementor-size-default\">(Bem\u00e6rk: Registrering via linket giver ekstra fordele og st\u00f8tter driften af denne side.)<\/span>\t\t\t\t<\/div>\n\t\t\t\t<\/div>\n\t\t\t\t<div class=\"elementor-element elementor-element-6a1281a elementor-widget elementor-widget-html translation-block\" data-id=\"6a1281a\" data-element_type=\"widget\" data-widget_type=\"html.default\"><span>\n<h2><strong>Konklusion: Afgangspr\u00f8ven \u2014 Dit n\u00e6ste skridt<\/strong><\/h2>\nSe tilbage p\u00e5 den vej, du har g\u00e5et: Du har mestret softwaren, l\u00e6rt strategierne og forst\u00e5et risikostyring. Nu har du billetten til forst\u00e6rket overskud.<br><br>\n\n<h3><strong>\ud83c\udf93 Hvorn\u00e5r skal du starte udfordringen?<\/strong><\/h3>\nS\u00f8rg venligst for f\u00f8rst at opn\u00e5 f\u00f8lgende <strong>\"Afgangsstandarder\"<\/strong> p\u00e5 en demokonto:<br><br>\n\n  <ol>\n    <li>Registrer din demokontos resultater i mindst 1 m\u00e5ned ved hj\u00e6lp af <strong>Myfxbook<\/strong>.<\/li><br>\n\n    <li>Opfyld m\u00e5ltallene: <strong>Profit Factor &gt; 1,5<\/strong> og <strong>Maks. Drawdown &lt; 10%<\/strong>.<\/li><br>\n\n    <li>Mindset-tjek: Evnen til at f\u00f8lge disciplinen konsekvent med absolut ingen \"revenge trading\".<\/li>\n  <\/ol><br>\n\nN\u00e5r disse betingelser er opfyldt, s\u00e5 tilmeld dig frimodigt den mindste udfordring. Det lille registreringsgebyr vil v\u00e6re investeringen med det h\u00f8jeste ROI p\u00e5 din rejse mod at blive en professionel trader.<br>\n\n<strong>Held og lykke p\u00e5 markederne. Vi ses i de avancerede kurser.<\/strong><br><br>\n\n  \u2014 <strong>Mr.Forex<\/strong>\n<\/span><\/div>\n\t\t\t\t<div class=\"elementor-element elementor-element-b8c31ee elementor-icon-list--layout-inline elementor-list-item-link-inline elementor-widget elementor-widget-icon-list\" data-id=\"b8c31ee\" data-element_type=\"widget\" data-widget_type=\"icon-list.default\">\n\t\t\t\t\t\t\t<ul class=\"elementor-icon-list-items elementor-inline-items\">\n\t\t\t\t\t\t\t<li class=\"elementor-icon-list-item elementor-inline-item\">\n\t\t\t\t\t\t\t\t\t\t\t<a href=\"https:\/\/mister.forex\/da\/ebook-hub\/\">\n\n\t\t\t\t\t\t\t\t\t\t\t\t<span class=\"elementor-icon-list-icon\">\n\t\t\t\t\t\t\t<svg aria-hidden=\"true\" class=\"e-font-icon-svg e-fas-home\" viewbox=\"0 0 576 512\" xmlns=\"http:\/\/www.w3.org\/2000\/svg\"><path d=\"M280.37 148.26L96 300.11V464a16 16 0 0 0 16 16l112.06-.29a16 16 0 0 0 15.92-16V368a16 16 0 0 1 16-16h64a16 16 0 0 1 16 16v95.64a16 16 0 0 0 16 16.05L464 480a16 16 0 0 0 16-16V300L295.67 148.26a12.19 12.19 0 0 0-15.3 0zM571.6 251.47L488 182.56V44.05a12 12 0 0 0-12-12h-56a12 12 0 0 0-12 12v72.61L318.47 43a48 48 0 0 0-61 0L4.34 251.47a12 12 0 0 0-1.6 16.9l25.5 31A12 12 0 0 0 45.15 301l235.22-193.74a12.19 12.19 0 0 1 15.3 0L530.9 301a12 12 0 0 0 16.9-1.6l25.5-31a12 12 0 0 0-1.7-16.93z\"><\/path><\/svg>\t\t\t\t\t\t<\/span>\n\t\t\t\t\t\t\t\t\t\t<span class=\"elementor-icon-list-text\">Tilbage til e-bogens forside<\/span>\n\t\t\t\t\t\t\t\t\t\t\t<\/a>\n\t\t\t\t\t\t\t\t\t<\/li>\n\t\t\t\t\t\t<\/ul>\n\t\t\t\t\t\t<\/div>\n\t\t\t\t\t<\/div>\n\t\t\t\t<\/div>\n\t\t\t\t<\/div>","protected":false},"excerpt":{"rendered":"<p>Opdag hvordan Prop Firms fungerer: Ingen g\u00e6ld p\u00e5kr\u00e6vet. Best\u00e5 evalueringen for at f\u00e5 adgang til $100.000+ i handelskapital med en overskudsdeling p\u00e5 80%! Mr.Forex viser dig, hvordan du forvandler et lille registreringsgebyr til en professionel karriere, tjener penge p\u00e5 dine f\u00e6rdigheder og slipper ud af sm\u00e5konto-cyklussen.<\/p>","protected":false},"author":1,"featured_media":66049,"parent":0,"menu_order":0,"comment_status":"closed","ping_status":"closed","template":"","meta":{"footnotes":""},"tags":[128],"class_list":["post-66033","page","type-page","status-publish","has-post-thumbnail","hentry","tag-no-google"],"_links":{"self":[{"href":"https:\/\/mister.forex\/da\/wp-json\/wp\/v2\/pages\/66033","targetHints":{"allow":["GET"]}}],"collection":[{"href":"https:\/\/mister.forex\/da\/wp-json\/wp\/v2\/pages"}],"about":[{"href":"https:\/\/mister.forex\/da\/wp-json\/wp\/v2\/types\/page"}],"author":[{"embeddable":true,"href":"https:\/\/mister.forex\/da\/wp-json\/wp\/v2\/users\/1"}],"replies":[{"embeddable":true,"href":"https:\/\/mister.forex\/da\/wp-json\/wp\/v2\/comments?post=66033"}],"version-history":[{"count":39,"href":"https:\/\/mister.forex\/da\/wp-json\/wp\/v2\/pages\/66033\/revisions"}],"predecessor-version":[{"id":71275,"href":"https:\/\/mister.forex\/da\/wp-json\/wp\/v2\/pages\/66033\/revisions\/71275"}],"wp:featuredmedia":[{"embeddable":true,"href":"https:\/\/mister.forex\/da\/wp-json\/wp\/v2\/media\/66049"}],"wp:attachment":[{"href":"https:\/\/mister.forex\/da\/wp-json\/wp\/v2\/media?parent=66033"}],"wp:term":[{"taxonomy":"post_tag","embeddable":true,"href":"https:\/\/mister.forex\/da\/wp-json\/wp\/v2\/tags?post=66033"}],"curies":[{"name":"wp","href":"https:\/\/api.w.org\/{rel}","templated":true}]}}