{"id":66268,"date":"2026-02-07T21:05:51","date_gmt":"2026-02-07T13:05:51","guid":{"rendered":"https:\/\/mister.forex\/?page_id=66268"},"modified":"2026-04-21T14:49:01","modified_gmt":"2026-04-21T06:49:01","slug":"hedge-fund-portfolio-logic","status":"publish","type":"page","link":"https:\/\/mister.forex\/da\/hedge-fund-portfolio-logic\/","title":{"rendered":"Stop med at satse alt! Hemmeligheden bag hedgefonde: Kvantitativ handel og aktivallokering"},"content":{"rendered":"<div data-elementor-type=\"wp-page\" data-elementor-id=\"66268\" class=\"elementor elementor-66268\" data-elementor-post-type=\"page\">\n\t\t\t\t<div class=\"elementor-element elementor-element-e573153 e-flex e-con-boxed e-con e-parent\" data-id=\"e573153\" data-element_type=\"container\">\n\t\t\t\t\t<div class=\"e-con-inner\">\n\t\t\t\t<div class=\"elementor-element elementor-element-4658f0d elementor-widget elementor-widget-heading\" data-id=\"4658f0d\" data-element_type=\"widget\" data-widget_type=\"heading.default\">\n\t\t\t\t\t<h1 class=\"elementor-heading-title elementor-size-default\">Hvorfor satser hedgefonde aldrig alt? Logikken bag langsigtede portef\u00f8ljegevinster<\/h1>\t\t\t\t<\/div>\n\t\t\t\t<div class=\"elementor-element elementor-element-52dd9d1 elementor-widget elementor-widget-html translation-block\" data-id=\"52dd9d1\" data-element_type=\"widget\" data-widget_type=\"html.default\"><span>\nI investeringsverdenen er jagten p\u00e5 det \"eneste st\u00e6rkeste signal\" ofte begyndelsen p\u00e5 tab. Da markedsforholdene konstant skifter, kan ingen algoritme forblive uovervindelig for evigt.<br><br>\nProfessionelle institutioner overlever p\u00e5 lang sigt ved at stole p\u00e5 <strong>\"strategisk komplementaritet\"<\/strong>. Her er kerne-logikken i aktivallokering:\n<\/span><br><br>\n\n<span>\n<h2><strong>1. Markedet \u00e6ndrer sig, din strategi skal have en \"Plan B\"<\/strong><\/h2>\nMarkedsforhold opdeles normalt i to typer: <strong>Trend<\/strong> (store stigninger eller fald) og <strong>Konsolidering<\/strong> (sidel\u00e6ns bev\u00e6gelse).<br><br>\n<ul>\n    <li>Hvis du kun investerer i <strong>trend-strategier<\/strong>, vil din konto opleve gentagne stop-loss, n\u00e5r markedet g\u00e5r sidel\u00e6ns.<\/li><br>\n    <li>Hvis du kun investerer i <strong>mod-trend-strategier<\/strong>, vil din konto v\u00e6re udsat for stor risiko for urealiserede tab under en st\u00e6rk ensidig trend.<\/li>\n<\/ul>\n<br>\n<strong>Den professionelle tilgang:<\/strong> Lad strategier med forskellige egenskaber d\u00e6kke hinanden. N\u00e5r \u00e9n strategi slides i et konsoliderende marked, tjener den anden p\u00e5 trenden. Denne \"negativ korrelation\" er den eneste vej til stabil v\u00e6kst p\u00e5 kontoen.\n<\/span><br><br>\n\n<span>\n<h2><strong>2. To kerneteknologier: Komplement\u00e6re kvantitative rammer<\/strong><\/h2>\nVi har udviklet to handelssstrategier til forskellige markedsforhold som en indgangsbillet for investorer:\n<\/span><\/div>\n\t\t\t\t<div class=\"elementor-element elementor-element-96d5a99 elementor-widget elementor-widget-html\" data-id=\"96d5a99\" data-element_type=\"widget\" data-widget_type=\"html.default\">\n\t\t\t\t\t<span>\n<ul>\n    <li class=\" translation-block\"><strong>Alpha Gold:<\/strong> Specialiseret i at fange markedsprisafvigelser. Jo st\u00f8rre afvigelse, jo st\u00f8rre profitpotentiale. Ideel til investorer, der s\u00f8ger eksplosiv v\u00e6kst.<\/li><br>\n    \n    <li class=\" translation-block\"><strong>Quant Matrix:<\/strong> Fokus p\u00e5 statistiske m\u00f8nstre og sm\u00e5 svingninger i flere valutapar. Str\u00e6ber efter ultimativ stabilitet og akkumulerer overskud ligesom bankrenter.<\/li>\n<\/ul>\n<\/span>\t\t\t\t<\/div>\n\t\t\t\t<div class=\"elementor-element elementor-element-eaa015f elementor-widget elementor-widget-html translation-block\" data-id=\"eaa015f\" data-element_type=\"widget\" data-widget_type=\"html.default\"><span>\n<h2><strong>3. V\u00e6kstrejse: Fra verifikation til professionel portef\u00f8lje<\/strong><\/h2>\nVi ved, at tillid tager tid. Derfor tilbyder vi en komplet trappe fra begynder til institutionelt niveau:<br><br>\n<ul>\n    <li><strong>Indledende verifikation:<\/strong> Du kan starte med en begynderstrategi og selv sammenligne <strong>Myfxbook<\/strong>-data med kontoens faktiske resultater.<\/li><br>\n    \n    <li><strong>Gradvis opskalering:<\/strong> N\u00e5r systemets stabilitet er bekr\u00e6ftet, anbefaler vi at kombinere \"trend\"- og \"swing\"-strategier for at opn\u00e5 \u00e6gte risikoisolering.<\/li><br>\n    \n    <li><strong>Investeringsportef\u00f8lje:<\/strong> N\u00e5r kapitalen n\u00e5r en vis st\u00f8rrelse, aktiverer systemet mere kompleks hedging-logik. Med tilstr\u00e6kkelig margin \u00f8ges din risikotolerance til hedgefond-niveau.<\/li>\n<\/ul>\n<\/span><br>\n\n<span>\n<h2><strong>Konklusion: Den bedste investering starter med at \"se det selv\"<\/strong><\/h2>\nKvantitativ handel er ikke magi til hurtig rigdom, men en proces, der bringer rationalitet tilbage via videnskabelige v\u00e6rkt\u00f8jer. Skynd dig ikke med store indsatser. V\u00e6lg en strategi, der passer til din plan, og oplev selv disciplinen og effektiviteten ved automatiseret handel.\n<\/span><br><br>\n\n<span>\n<h2><strong>V\u00e6lg dit f\u00f8rste kvantitative udgangspunkt<\/strong><\/h2>\nKvantitativ handel er videnskab, ikke et mirakel. Start med \u00e9n strategi og oplev \u00e6gte automatiseret formuepleje:\n<\/span><\/div>\n\t\t\t\t<div class=\"elementor-element elementor-element-1c09d1f elementor-icon-list--layout-inline elementor-list-item-link-inline elementor-widget elementor-widget-icon-list\" data-id=\"1c09d1f\" data-element_type=\"widget\" data-widget_type=\"icon-list.default\">\n\t\t\t\t\t\t\t<ul class=\"elementor-icon-list-items elementor-inline-items\">\n\t\t\t\t\t\t\t<li class=\"elementor-icon-list-item elementor-inline-item\">\n\t\t\t\t\t\t\t\t\t\t\t<a href=\"https:\/\/mister.forex\/da\/alpha-gold\/\">\n\n\t\t\t\t\t\t\t\t\t\t\t\t<span class=\"elementor-icon-list-icon\">\n\t\t\t\t\t\t\t<svg aria-hidden=\"true\" class=\"e-font-icon-svg e-far-check-circle\" viewbox=\"0 0 512 512\" xmlns=\"http:\/\/www.w3.org\/2000\/svg\"><path d=\"M256 8C119.033 8 8 119.033 8 256s111.033 248 248 248 248-111.033 248-248S392.967 8 256 8zm0 48c110.532 0 200 89.451 200 200 0 110.532-89.451 200-200 200-110.532 0-200-89.451-200-200 0-110.532 89.451-200 200-200m140.204 130.267l-22.536-22.718c-4.667-4.705-12.265-4.736-16.97-.068L215.346 303.697l-59.792-60.277c-4.667-4.705-12.265-4.736-16.97-.069l-22.719 22.536c-4.705 4.667-4.736 12.265-.068 16.971l90.781 91.516c4.667 4.705 12.265 4.736 16.97.068l172.589-171.204c4.704-4.668 4.734-12.266.067-16.971z\"><\/path><\/svg>\t\t\t\t\t\t<\/span>\n\t\t\t\t\t\t\t\t\t\t<span class=\"elementor-icon-list-text\">Se Alpha Gold live-performance<\/span>\n\t\t\t\t\t\t\t\t\t\t\t<\/a>\n\t\t\t\t\t\t\t\t\t<\/li>\n\t\t\t\t\t\t<\/ul>\n\t\t\t\t\t\t<\/div>\n\t\t\t\t<div class=\"elementor-element elementor-element-29c4922 elementor-widget elementor-widget-heading\" data-id=\"29c4922\" data-element_type=\"widget\" data-widget_type=\"heading.default\">\n\t\t\t\t\t<span class=\"elementor-heading-title elementor-size-default\">(Velegnet til investorer, der s\u00f8ger eksplosiv v\u00e6kst og foretr\u00e6kker guldhandel)<\/span>\t\t\t\t<\/div>\n\t\t\t\t<div class=\"elementor-element elementor-element-0b7b33a elementor-icon-list--layout-inline elementor-list-item-link-inline elementor-widget elementor-widget-icon-list\" data-id=\"0b7b33a\" data-element_type=\"widget\" data-widget_type=\"icon-list.default\">\n\t\t\t\t\t\t\t<ul class=\"elementor-icon-list-items elementor-inline-items\">\n\t\t\t\t\t\t\t<li class=\"elementor-icon-list-item elementor-inline-item\">\n\t\t\t\t\t\t\t\t\t\t\t<a href=\"https:\/\/mister.forex\/da\/quant-matrix\/\">\n\n\t\t\t\t\t\t\t\t\t\t\t\t<span class=\"elementor-icon-list-icon\">\n\t\t\t\t\t\t\t<svg aria-hidden=\"true\" class=\"e-font-icon-svg e-far-check-circle\" viewbox=\"0 0 512 512\" xmlns=\"http:\/\/www.w3.org\/2000\/svg\"><path d=\"M256 8C119.033 8 8 119.033 8 256s111.033 248 248 248 248-111.033 248-248S392.967 8 256 8zm0 48c110.532 0 200 89.451 200 200 0 110.532-89.451 200-200 200-110.532 0-200-89.451-200-200 0-110.532 89.451-200 200-200m140.204 130.267l-22.536-22.718c-4.667-4.705-12.265-4.736-16.97-.068L215.346 303.697l-59.792-60.277c-4.667-4.705-12.265-4.736-16.97-.069l-22.719 22.536c-4.705 4.667-4.736 12.265-.068 16.971l90.781 91.516c4.667 4.705 12.265 4.736 16.97.068l172.589-171.204c4.704-4.668 4.734-12.266.067-16.971z\"><\/path><\/svg>\t\t\t\t\t\t<\/span>\n\t\t\t\t\t\t\t\t\t\t<span class=\"elementor-icon-list-text\">Se Quant Matrix live-performance<\/span>\n\t\t\t\t\t\t\t\t\t\t\t<\/a>\n\t\t\t\t\t\t\t\t\t<\/li>\n\t\t\t\t\t\t<\/ul>\n\t\t\t\t\t\t<\/div>\n\t\t\t\t<div class=\"elementor-element elementor-element-6b74cb5 elementor-widget elementor-widget-heading\" data-id=\"6b74cb5\" data-element_type=\"widget\" data-widget_type=\"heading.default\">\n\t\t\t\t\t<span class=\"elementor-heading-title elementor-size-default\">(Velegnet til investorer, der s\u00f8ger stabilitet og stabil kontov\u00e6kst)<\/span>\t\t\t\t<\/div>\n\t\t\t\t<div class=\"elementor-element elementor-element-6319289 elementor-icon-list--layout-inline elementor-list-item-link-inline elementor-widget elementor-widget-icon-list\" data-id=\"6319289\" data-element_type=\"widget\" data-widget_type=\"icon-list.default\">\n\t\t\t\t\t\t\t<ul class=\"elementor-icon-list-items elementor-inline-items\">\n\t\t\t\t\t\t\t<li class=\"elementor-icon-list-item elementor-inline-item\">\n\t\t\t\t\t\t\t\t\t\t\t<a href=\"https:\/\/mister.forex\/da\/calmar-ratio-investment-efficiency\/\">\n\n\t\t\t\t\t\t\t\t\t\t\t\t<span class=\"elementor-icon-list-icon\">\n\t\t\t\t\t\t\t<svg aria-hidden=\"true\" class=\"e-font-icon-svg e-far-check-circle\" viewbox=\"0 0 512 512\" xmlns=\"http:\/\/www.w3.org\/2000\/svg\"><path d=\"M256 8C119.033 8 8 119.033 8 256s111.033 248 248 248 248-111.033 248-248S392.967 8 256 8zm0 48c110.532 0 200 89.451 200 200 0 110.532-89.451 200-200 200-110.532 0-200-89.451-200-200 0-110.532 89.451-200 200-200m140.204 130.267l-22.536-22.718c-4.667-4.705-12.265-4.736-16.97-.068L215.346 303.697l-59.792-60.277c-4.667-4.705-12.265-4.736-16.97-.069l-22.719 22.536c-4.705 4.667-4.736 12.265-.068 16.971l90.781 91.516c4.667 4.705 12.265 4.736 16.97.068l172.589-171.204c4.704-4.668 4.734-12.266.067-16.971z\"><\/path><\/svg>\t\t\t\t\t\t<\/span>\n\t\t\t\t\t\t\t\t\t\t<span class=\"elementor-icon-list-text\">Sig farvel til oppustet afkast: Dybdeg\u00e5ende analyse af Calmar Ratio for en robust aktivkurve<\/span>\n\t\t\t\t\t\t\t\t\t\t\t<\/a>\n\t\t\t\t\t\t\t\t\t<\/li>\n\t\t\t\t\t\t<\/ul>\n\t\t\t\t\t\t<\/div>\n\t\t\t\t\t<\/div>\n\t\t\t\t<\/div>\n\t\t\t\t<\/div>","protected":false},"excerpt":{"rendered":"<p>Hvorfor satser de bedste hedgefonde aldrig alt p\u00e5 \u00e9t signal? F\u00e5 indblik i professionel aktivallokering med \"negativ korrelation\". L\u00e6r hvordan du modst\u00e5r markedsvolatilitet gennem en portef\u00f8lje og opn\u00e5r den matematiske fordel ved samlet profit og risikoeliminering. Stop jagten p\u00e5 den 100% sikre \"Holy Grail\" og bliv en professionel investor!<\/p>","protected":false},"author":1,"featured_media":66336,"parent":0,"menu_order":0,"comment_status":"closed","ping_status":"closed","template":"","meta":{"footnotes":""},"tags":[128],"class_list":["post-66268","page","type-page","status-publish","has-post-thumbnail","hentry","tag-no-google"],"_links":{"self":[{"href":"https:\/\/mister.forex\/da\/wp-json\/wp\/v2\/pages\/66268","targetHints":{"allow":["GET"]}}],"collection":[{"href":"https:\/\/mister.forex\/da\/wp-json\/wp\/v2\/pages"}],"about":[{"href":"https:\/\/mister.forex\/da\/wp-json\/wp\/v2\/types\/page"}],"author":[{"embeddable":true,"href":"https:\/\/mister.forex\/da\/wp-json\/wp\/v2\/users\/1"}],"replies":[{"embeddable":true,"href":"https:\/\/mister.forex\/da\/wp-json\/wp\/v2\/comments?post=66268"}],"version-history":[{"count":12,"href":"https:\/\/mister.forex\/da\/wp-json\/wp\/v2\/pages\/66268\/revisions"}],"predecessor-version":[{"id":70533,"href":"https:\/\/mister.forex\/da\/wp-json\/wp\/v2\/pages\/66268\/revisions\/70533"}],"wp:featuredmedia":[{"embeddable":true,"href":"https:\/\/mister.forex\/da\/wp-json\/wp\/v2\/media\/66336"}],"wp:attachment":[{"href":"https:\/\/mister.forex\/da\/wp-json\/wp\/v2\/media?parent=66268"}],"wp:term":[{"taxonomy":"post_tag","embeddable":true,"href":"https:\/\/mister.forex\/da\/wp-json\/wp\/v2\/tags?post=66268"}],"curies":[{"name":"wp","href":"https:\/\/api.w.org\/{rel}","templated":true}]}}