{"id":67137,"date":"2026-03-06T16:33:55","date_gmt":"2026-03-06T08:33:55","guid":{"rendered":"https:\/\/mister.forex\/?page_id=67137"},"modified":"2026-04-22T08:38:09","modified_gmt":"2026-04-22T00:38:09","slug":"calmar-ratio-investment-efficiency","status":"publish","type":"page","link":"https:\/\/mister.forex\/da\/calmar-ratio-investment-efficiency\/","title":{"rendered":"Hvad er Calmar Ratio? Indikatoren de professionelle prioriterer h\u00f8jere end afkast"},"content":{"rendered":"<div data-elementor-type=\"wp-page\" data-elementor-id=\"67137\" class=\"elementor elementor-67137\" data-elementor-post-type=\"page\">\n\t\t\t\t<div class=\"elementor-element elementor-element-656ff23 e-flex e-con-boxed e-con e-parent\" data-id=\"656ff23\" data-element_type=\"container\">\n\t\t\t\t\t<div class=\"e-con-inner\">\n\t\t\t\t<div class=\"elementor-element elementor-element-dd8b4c5 elementor-widget elementor-widget-heading\" data-id=\"dd8b4c5\" data-element_type=\"widget\" data-widget_type=\"heading.default\">\n\t\t\t\t\t<h1 class=\"elementor-heading-title elementor-size-default\">Sig farvel til oppustet afkast: Dybdeg\u00e5ende analyse af Calmar Ratio for en robust aktivkurve<\/h1>\t\t\t\t<\/div>\n\t\t\t\t<div class=\"elementor-element elementor-element-566f2b5 elementor-widget elementor-widget-html translation-block\" data-id=\"566f2b5\" data-element_type=\"widget\" data-widget_type=\"html.default\"><span>\n<h2><strong>\ud83d\udccc Forord: Tjener du penge eller hjertebanken?<\/strong><\/h2>\nI en tid med teknologib\u00f8lger og ekstreme markedssvingninger \u00e6ndrer tallene p\u00e5 din investeringskonto sig hver dag.<br>\nHar du nogensinde oplevet dette: Du ser et popul\u00e6rt aktiv stige voldsomt p\u00e5 en enkelt dag, men t\u00f8r ikke investere, fordi du frygter et 30% fald n\u00e5r som helst?<br>\nEller ligger du s\u00f8vnl\u00f8s om natten i angst, n\u00e5r aktivpriserne falder drastisk?<br><br>\n\n<strong>\"Overskud, du kan holde fast i, er \u00e6gte rigdom.\"<\/strong><br>\nDe fleste private investorer kigger kun p\u00e5 afkastet, men de professionelle ser p\u00e5 <strong>beholdningskvalitet<\/strong>.<br>\nBeholdningskvalitet betyder, at du lader dine aktiver vokse uden at skulle bytte det for din livskvalitet og din puls.<br><br>\n\nI dag pr\u00e6senterer vi en n\u00f8gleindikator, der afg\u00f8r din investeringssucces \u2013 <strong>Calmar Ratio<\/strong>.\n<\/span><br><br>\n\n<span>\n<h2><strong>\ud83d\udccc Hvad er Calmar Ratio? Hvorfor er det vigtigere end \u00e5rligt afkast?<\/strong><\/h2>\nFormlen for Calmar Ratio er meget enkel:\n<blockquote style=\"background-color: #f8fafc;border: 1px solid #2D4273;padding: 25px;margin: 30px 0;color: #1e293b;border-radius: 6px\">\n    <strong>Calmar Ratio = Gennemsnitligt \u00e5rligt afkast (CAGR) \/ Maksimalt fald (MDD)<\/strong>\n<\/blockquote>\nHvis en investering giver 50% i \u00e5rligt afkast, men oplever et fald p\u00e5 50% undervejs, er Calmar-v\u00e6rdien kun 1.0.<br>\nMen hvis en investering giver 25% afkast med et fald p\u00e5 kun 10%, er Calmar-v\u00e6rdien helt oppe p\u00e5 2.5.<br>\nSidstn\u00e6vnte er et \u00e6gte <strong>aktiv i professionel klasse<\/strong>.<br>\nProfessionelle investorer g\u00e5r ikke efter det \"h\u00f8jeste tal\", men efter det <strong>\"h\u00f8jeste afkast pr. risikoenhed\"<\/strong>.\n<\/span><br><br>\n\n<span>\n<h2><strong>\ud83d\udccc Globalt aktiv-tjek: Hvem er den sande effektivitetskonge?<\/strong><\/h2>\nVi har sammenlignet almindelige aktivtyper og professionelle kvantitative systemer:<br><br>\n\n<div style=\"margin-bottom: 25px\">\n    <table style=\"width: 100%;min-width: 650px;border-collapse: separate;border-spacing: 0;border: 1px solid #2D4273;border-radius: 6px;text-align: center;font-family: 'Inter', sans-serif;overflow: hidden\">\n        <thead>\n            <tr style=\"background-color: #2D4273;color: #ffffff\">\n                <th style=\"padding: 15px;border-right: 1px solid #ffffff;border-bottom: 1px solid #2D4273\"><strong>Aktivtype<\/strong><\/th>\n                <th style=\"padding: 15px;border-right: 1px solid #ffffff;border-bottom: 1px solid #2D4273\"><strong>\u00c5rlig (CAGR)<\/strong><\/th>\n                <th style=\"padding: 15px;border-right: 1px solid #ffffff;border-bottom: 1px solid #2D4273\"><strong>Fald (MDD)<\/strong><\/th>\n                <th style=\"padding: 15px;border-right: 1px solid #ffffff;border-bottom: 1px solid #2D4273\"><strong>Calmar Ratio<\/strong><\/th>\n                <th style=\"padding: 15px;border-bottom: 1px solid #2D4273\"><strong>Holdbarhed<\/strong><\/th>\n            <\/tr>\n        <\/thead>\n        <tbody>\n            <tr>\n                <td style=\"padding: 15px;border-right: 1px solid #2D4273;border-bottom: 1px solid #2D4273\"><strong>Quant Matrix<\/strong><\/td>\n                <td style=\"padding: 15px;border-right: 1px solid #2D4273;border-bottom: 1px solid #2D4273\">30%<\/td>\n                <td style=\"padding: 15px;border-right: 1px solid #2D4273;border-bottom: 1px solid #2D4273\"><strong style=\"color: #00AA54\">20%<\/strong><\/td>\n                <td style=\"padding: 15px;border-right: 1px solid #2D4273;border-bottom: 1px solid #2D4273\"><strong style=\"color: #00AA54\">1.50<\/strong><\/td>\n                <td style=\"padding: 15px;border-bottom: 1px solid #2D4273\"><strong>Ekstremt stabil<\/strong><\/td>\n            <\/tr>\n            <tr>\n                <td style=\"padding: 15px;border-right: 1px solid #2D4273;border-bottom: 1px solid #2D4273\"><strong>Alpha Gold<\/strong><\/td>\n                <td style=\"padding: 15px;border-right: 1px solid #2D4273;border-bottom: 1px solid #2D4273\">35%<\/td>\n                <td style=\"padding: 15px;border-right: 1px solid #2D4273;border-bottom: 1px solid #2D4273\"><strong style=\"color: #00AA54\">25%<\/strong><\/td>\n                <td style=\"padding: 15px;border-right: 1px solid #2D4273;border-bottom: 1px solid #2D4273\"><strong style=\"color: #00AA54\">1.40<\/strong><\/td>\n                <td style=\"padding: 15px;border-bottom: 1px solid #2D4273\"><strong>Solid v\u00e6kst<\/strong><\/td>\n            <\/tr>\n            <tr>\n                <td style=\"padding: 15px;border-right: 1px solid #2D4273;border-bottom: 1px solid #2D4273\">Tech-aktier<\/td>\n                <td style=\"padding: 15px;border-right: 1px solid #2D4273;border-bottom: 1px solid #2D4273\">30%~70%<\/td>\n                <td style=\"padding: 15px;border-right: 1px solid #2D4273;border-bottom: 1px solid #2D4273\">40%~60%<\/td>\n                <td style=\"padding: 15px;border-right: 1px solid #2D4273;border-bottom: 1px solid #2D4273\">1.00<\/td>\n                <td style=\"padding: 15px;border-bottom: 1px solid #2D4273\">H\u00f8j sv\u00e6rhedsgrad<\/td>\n            <\/tr>\n            <tr>\n                <td style=\"padding: 15px;border-right: 1px solid #2D4273;border-bottom: 1px solid #2D4273\">Krypto (BTC)<\/td>\n                <td style=\"padding: 15px;border-right: 1px solid #2D4273;border-bottom: 1px solid #2D4273\">60%<\/td>\n                <td style=\"padding: 15px;border-right: 1px solid #2D4273;border-bottom: 1px solid #2D4273\">75%<\/td>\n                <td style=\"padding: 15px;border-right: 1px solid #2D4273;border-bottom: 1px solid #2D4273\">0.80<\/td>\n                <td style=\"padding: 15px;border-bottom: 1px solid #2D4273\">Ekstrem sv\u00e6r<\/td>\n            <\/tr>\n            <tr>\n                <td style=\"padding: 15px;border-right: 1px solid #2D4273;border-bottom: 1px solid #2D4273\">S&amp;P 500 Indeks<\/td>\n                <td style=\"padding: 15px;border-right: 1px solid #2D4273;border-bottom: 1px solid #2D4273\">12%<\/td>\n                <td style=\"padding: 15px;border-right: 1px solid #2D4273;border-bottom: 1px solid #2D4273\">50%<\/td>\n                <td style=\"padding: 15px;border-right: 1px solid #2D4273;border-bottom: 1px solid #2D4273\">0.24<\/td>\n                <td style=\"padding: 15px;border-bottom: 1px solid #2D4273\">Middel<\/td>\n            <\/tr>\n            <tr>\n                <td style=\"padding: 15px;border-right: 1px solid #2D4273\">Guld (Safe Haven)<\/td>\n                <td style=\"padding: 15px;border-right: 1px solid #2D4273\">8%<\/td>\n                <td style=\"padding: 15px;border-right: 1px solid #2D4273\">25%<\/td>\n                <td style=\"padding: 15px;border-right: 1px solid #2D4273\">0.32<\/td>\n                <td style=\"padding: 15px\">Defensiv balance<\/td>\n            <\/tr>\n        <\/tbody>\n    <\/table>\n<\/div>\n<\/span>\n\n<span>\n<h2><strong>\ud83d\udccc Dataanalyse: Hvorfor adskiller professionelle tal sig fra den g\u00e6ngse opfattelse?<\/strong><\/h2>\nSom det ses i tabellen, ligger Calmar Ratio for de fleste kvalitetsaktiver mellem 0.4 og 1.1.<br><br>\nProfessionelle kvantitative systemer bryder stabilt over 1.2, ikke bare ved at doble profitten, men via matematiske modeller, der udf\u00f8rer en <strong>\"ultimativ reparation\"<\/strong> af hvert fald.\n<\/span><\/div>\n\t\t\t\t<div class=\"elementor-element elementor-element-49e8d19 elementor-widget elementor-widget-html\" data-id=\"49e8d19\" data-element_type=\"widget\" data-widget_type=\"html.default\">\n\t\t\t\t\t<h3><strong>Calmar Ratio Standard<\/strong><\/h3>\t\t\t\t<\/div>\n\t\t<div class=\"elementor-element elementor-element-9ceb46b e-grid e-con-full e-con e-child\" data-id=\"9ceb46b\" data-element_type=\"container\">\n\t\t<div class=\"elementor-element elementor-element-3eed16a e-con-full e-flex e-con e-child\" data-id=\"3eed16a\" data-element_type=\"container\" data-settings=\"{&quot;background_background&quot;:&quot;classic&quot;}\">\n\t\t\t\t<div class=\"elementor-element elementor-element-38dfcd9 elementor-widget elementor-widget-text-editor\" data-id=\"38dfcd9\" data-element_type=\"widget\" data-widget_type=\"text-editor.default\">\n\t\t\t\t\t\t\t\t\t<p>Institutionel<\/p>\t\t\t\t\t\t\t\t<\/div>\n\t\t\t\t<div class=\"elementor-element elementor-element-970a36d elementor-widget elementor-widget-text-editor\" data-id=\"970a36d\" data-element_type=\"widget\" data-widget_type=\"text-editor.default\">\n\t\t\t\t\t\t\t\t\t<p>&gt; 1.2<\/p>\t\t\t\t\t\t\t\t<\/div>\n\t\t\t\t<div class=\"elementor-element elementor-element-4f674d5 elementor-widget elementor-widget-text-editor\" data-id=\"4f674d5\" data-element_type=\"widget\" data-widget_type=\"text-editor.default\">\n\t\t\t\t\t\t\t\t\t<p>Ultimativ risikobalance<\/p>\t\t\t\t\t\t\t\t<\/div>\n\t\t\t\t<\/div>\n\t\t<div class=\"elementor-element elementor-element-511b8b7 e-con-full e-flex e-con e-child\" data-id=\"511b8b7\" data-element_type=\"container\" data-settings=\"{&quot;background_background&quot;:&quot;classic&quot;}\">\n\t\t\t\t<div class=\"elementor-element elementor-element-efdc16c elementor-widget elementor-widget-text-editor\" data-id=\"efdc16c\" data-element_type=\"widget\" data-widget_type=\"text-editor.default\">\n\t\t\t\t\t\t\t\t\t<p>St\u00e6rk v\u00e6kst<\/p>\t\t\t\t\t\t\t\t<\/div>\n\t\t\t\t<div class=\"elementor-element elementor-element-5d72ff3 elementor-widget elementor-widget-text-editor\" data-id=\"5d72ff3\" data-element_type=\"widget\" data-widget_type=\"text-editor.default\">\n\t\t\t\t\t\t\t\t\t<p>0.7 ~ 1.2<\/p>\t\t\t\t\t\t\t\t<\/div>\n\t\t\t\t<div class=\"elementor-element elementor-element-cb94c67 elementor-widget elementor-widget-text-editor\" data-id=\"cb94c67\" data-element_type=\"widget\" data-widget_type=\"text-editor.default\">\n\t\t\t\t\t\t\t\t\t<p>Tech-gigant niveau<\/p>\t\t\t\t\t\t\t\t<\/div>\n\t\t\t\t<\/div>\n\t\t<div class=\"elementor-element elementor-element-051252a e-con-full e-flex e-con e-child\" data-id=\"051252a\" data-element_type=\"container\" data-settings=\"{&quot;background_background&quot;:&quot;classic&quot;}\">\n\t\t\t\t<div class=\"elementor-element elementor-element-05d30c3 elementor-widget elementor-widget-text-editor\" data-id=\"05d30c3\" data-element_type=\"widget\" data-widget_type=\"text-editor.default\">\n\t\t\t\t\t\t\t\t\t<p>Standard<\/p>\t\t\t\t\t\t\t\t<\/div>\n\t\t\t\t<div class=\"elementor-element elementor-element-b01b678 elementor-widget elementor-widget-text-editor\" data-id=\"b01b678\" data-element_type=\"widget\" data-widget_type=\"text-editor.default\">\n\t\t\t\t\t\t\t\t\t<p>&lt; 0.7<\/p>\t\t\t\t\t\t\t\t<\/div>\n\t\t\t\t<div class=\"elementor-element elementor-element-8bfc1cf elementor-widget elementor-widget-text-editor\" data-id=\"8bfc1cf\" data-element_type=\"widget\" data-widget_type=\"text-editor.default\">\n\t\t\t\t\t\t\t\t\t<p>Indeks &amp; sikre aktiver<\/p>\t\t\t\t\t\t\t\t<\/div>\n\t\t\t\t<\/div>\n\t\t\t\t<\/div>\n\t\t\t\t<div class=\"elementor-element elementor-element-9663660 elementor-widget elementor-widget-html translation-block\" data-id=\"9663660\" data-element_type=\"widget\" data-widget_type=\"html.default\"><span>\n<h2><strong>\ud83d\udccc Hvorfor professionelle kvantitative strategier er \"den sidste brik i puslespillet\"?<\/strong><\/h2>\nP\u00e5 investeringsrejsen er den sande fjende normalt ikke markedet, men investorens egne f\u00f8lelser.<br><br>\nKvantitative strategier (som <strong>Alpha Gold<\/strong> eller <strong>Quant Matrix<\/strong>) eksisterer for at <strong>\"reparere din aktivkurve\"<\/strong> via matematisk logik.<br><br>\n<ul>\n    <li><strong>Optimering af beholdningsoplevelsen:<\/strong><br>\n    N\u00e5r du placerer en del af din kapital i strategier med en \"h\u00f8j Calmar Ratio\", vil de samlede fald p\u00e5 kontoen reduceres markant, s\u00e5 du ikke tvinges til at s\u00e6lge ud under et markedsdyk.<\/li><br>\n    <li><strong>Videnskabelig frekvensstyring:<\/strong><br>\n    Systemet k\u00f8rer automatisk baseret p\u00e5 algoritmer, hvilket sikrer effektivitet og fjerner menneskelig frygt og gr\u00e5dighed.<\/li><br>\n    <li><strong>Strukturel risikostyring:<\/strong><br>\n    \u00c6gte kvantitative strategier bygger ikke p\u00e5 at \"gamle\" sig ud af tab, men bruger pr\u00e6cis kontrol af odds for at optimere vinderchancerne under kontrollerede fald.<\/li>\n<\/ul>\n<\/span><br>\n\n<span>\n<h2><strong>\ud83d\udccc Konklusion: M\u00e5let med investering er ro i sindet<\/strong><\/h2>\nMarkedet mangler ikke muligheder; det mangler <strong>\"styrken til at holde fast i dem.\"<\/strong><br>\nDenne styrke kommer fra din pr\u00e6cise risikostyring og fokus p\u00e5 \"beholdningskvalitet\".\n<\/span><\/div>\n\t\t\t\t<div class=\"elementor-element elementor-element-872e24a elementor-icon-list--layout-inline elementor-list-item-link-inline elementor-widget elementor-widget-icon-list\" data-id=\"872e24a\" data-element_type=\"widget\" data-widget_type=\"icon-list.default\">\n\t\t\t\t\t\t\t<ul class=\"elementor-icon-list-items elementor-inline-items\">\n\t\t\t\t\t\t\t<li class=\"elementor-icon-list-item elementor-inline-item\">\n\t\t\t\t\t\t\t\t\t\t\t<a href=\"https:\/\/mister.forex\/da\/alpha-gold\/\">\n\n\t\t\t\t\t\t\t\t\t\t\t\t<span class=\"elementor-icon-list-icon\">\n\t\t\t\t\t\t\t<svg aria-hidden=\"true\" class=\"e-font-icon-svg e-far-check-circle\" viewbox=\"0 0 512 512\" xmlns=\"http:\/\/www.w3.org\/2000\/svg\"><path d=\"M256 8C119.033 8 8 119.033 8 256s111.033 248 248 248 248-111.033 248-248S392.967 8 256 8zm0 48c110.532 0 200 89.451 200 200 0 110.532-89.451 200-200 200-110.532 0-200-89.451-200-200 0-110.532 89.451-200 200-200m140.204 130.267l-22.536-22.718c-4.667-4.705-12.265-4.736-16.97-.068L215.346 303.697l-59.792-60.277c-4.667-4.705-12.265-4.736-16.97-.069l-22.719 22.536c-4.705 4.667-4.736 12.265-.068 16.971l90.781 91.516c4.667 4.705 12.265 4.736 16.97.068l172.589-171.204c4.704-4.668 4.734-12.266.067-16.971z\"><\/path><\/svg>\t\t\t\t\t\t<\/span>\n\t\t\t\t\t\t\t\t\t\t<span class=\"elementor-icon-list-text\">Se Alpha Gold live-performance<\/span>\n\t\t\t\t\t\t\t\t\t\t\t<\/a>\n\t\t\t\t\t\t\t\t\t<\/li>\n\t\t\t\t\t\t<\/ul>\n\t\t\t\t\t\t<\/div>\n\t\t\t\t<div class=\"elementor-element elementor-element-002b377 elementor-widget elementor-widget-heading\" data-id=\"002b377\" data-element_type=\"widget\" data-widget_type=\"heading.default\">\n\t\t\t\t\t<span class=\"elementor-heading-title elementor-size-default\">(Velegnet til investorer, der s\u00f8ger eksplosiv v\u00e6kst og foretr\u00e6kker guldhandel)<\/span>\t\t\t\t<\/div>\n\t\t\t\t<div class=\"elementor-element elementor-element-53e1d6a elementor-icon-list--layout-inline elementor-list-item-link-inline elementor-widget elementor-widget-icon-list\" data-id=\"53e1d6a\" data-element_type=\"widget\" data-widget_type=\"icon-list.default\">\n\t\t\t\t\t\t\t<ul class=\"elementor-icon-list-items elementor-inline-items\">\n\t\t\t\t\t\t\t<li class=\"elementor-icon-list-item elementor-inline-item\">\n\t\t\t\t\t\t\t\t\t\t\t<a href=\"https:\/\/mister.forex\/da\/quant-matrix\/\">\n\n\t\t\t\t\t\t\t\t\t\t\t\t<span class=\"elementor-icon-list-icon\">\n\t\t\t\t\t\t\t<svg aria-hidden=\"true\" class=\"e-font-icon-svg e-far-check-circle\" viewbox=\"0 0 512 512\" xmlns=\"http:\/\/www.w3.org\/2000\/svg\"><path d=\"M256 8C119.033 8 8 119.033 8 256s111.033 248 248 248 248-111.033 248-248S392.967 8 256 8zm0 48c110.532 0 200 89.451 200 200 0 110.532-89.451 200-200 200-110.532 0-200-89.451-200-200 0-110.532 89.451-200 200-200m140.204 130.267l-22.536-22.718c-4.667-4.705-12.265-4.736-16.97-.068L215.346 303.697l-59.792-60.277c-4.667-4.705-12.265-4.736-16.97-.069l-22.719 22.536c-4.705 4.667-4.736 12.265-.068 16.971l90.781 91.516c4.667 4.705 12.265 4.736 16.97.068l172.589-171.204c4.704-4.668 4.734-12.266.067-16.971z\"><\/path><\/svg>\t\t\t\t\t\t<\/span>\n\t\t\t\t\t\t\t\t\t\t<span class=\"elementor-icon-list-text\">Se Quant Matrix live-performance<\/span>\n\t\t\t\t\t\t\t\t\t\t\t<\/a>\n\t\t\t\t\t\t\t\t\t<\/li>\n\t\t\t\t\t\t<\/ul>\n\t\t\t\t\t\t<\/div>\n\t\t\t\t<div class=\"elementor-element elementor-element-3951116 elementor-widget elementor-widget-heading\" data-id=\"3951116\" data-element_type=\"widget\" data-widget_type=\"heading.default\">\n\t\t\t\t\t<span class=\"elementor-heading-title elementor-size-default\">(Velegnet til investorer, der s\u00f8ger stabilitet og stabil kontov\u00e6kst)<\/span>\t\t\t\t<\/div>\n\t\t\t\t<div class=\"elementor-element elementor-element-88b3398 elementor-icon-list--layout-inline elementor-list-item-link-inline elementor-widget elementor-widget-icon-list\" data-id=\"88b3398\" data-element_type=\"widget\" data-widget_type=\"icon-list.default\">\n\t\t\t\t\t\t\t<ul class=\"elementor-icon-list-items elementor-inline-items\">\n\t\t\t\t\t\t\t<li class=\"elementor-icon-list-item elementor-inline-item\">\n\t\t\t\t\t\t\t\t\t\t\t<a href=\"https:\/\/mister.forex\/da\/maximum-drawdown-mdd-investment-risk-guide\/\">\n\n\t\t\t\t\t\t\t\t\t\t\t\t<span class=\"elementor-icon-list-icon\">\n\t\t\t\t\t\t\t<svg aria-hidden=\"true\" class=\"e-font-icon-svg e-far-check-circle\" viewbox=\"0 0 512 512\" xmlns=\"http:\/\/www.w3.org\/2000\/svg\"><path d=\"M256 8C119.033 8 8 119.033 8 256s111.033 248 248 248 248-111.033 248-248S392.967 8 256 8zm0 48c110.532 0 200 89.451 200 200 0 110.532-89.451 200-200 200-110.532 0-200-89.451-200-200 0-110.532 89.451-200 200-200m140.204 130.267l-22.536-22.718c-4.667-4.705-12.265-4.736-16.97-.068L215.346 303.697l-59.792-60.277c-4.667-4.705-12.265-4.736-16.97-.069l-22.719 22.536c-4.705 4.667-4.736 12.265-.068 16.971l90.781 91.516c4.667 4.705 12.265 4.736 16.97.068l172.589-171.204c4.704-4.668 4.734-12.266.067-16.971z\"><\/path><\/svg>\t\t\t\t\t\t<\/span>\n\t\t\t\t\t\t\t\t\t\t<span class=\"elementor-icon-list-text\">Afsl\u00f8ring af \"d\u00f8dsf\u00e6lden\": Hvorfor g\u00e5r pro-tradere mere op i MDD end afkast?<\/span>\n\t\t\t\t\t\t\t\t\t\t\t<\/a>\n\t\t\t\t\t\t\t\t\t<\/li>\n\t\t\t\t\t\t<\/ul>\n\t\t\t\t\t\t<\/div>\n\t\t\t\t\t<\/div>\n\t\t\t\t<\/div>\n\t\t\t\t<\/div>","protected":false},"excerpt":{"rendered":"<p>P\u00e5 volatile markeder er \"beholdningskvalitet\" n\u00f8glen til langsigtede gevinster. Vi dykker ned i Calmar Ratio, som de professionelle f\u00f8lger t\u00e6t, og sammenligner krypto, tech-aktier og kvantitative systemer. Se hvorfor eksperter fokuserer p\u00e5 at reparere aktivkurven frem for papirprofit. Indeholder et v\u00e6rkt\u00f8j til investeringsdiagnose, s\u00e5 du kan f\u00e5 ro i sj\u00e6len.<\/p>","protected":false},"author":1,"featured_media":46711,"parent":0,"menu_order":0,"comment_status":"closed","ping_status":"closed","template":"","meta":{"footnotes":""},"tags":[128],"class_list":["post-67137","page","type-page","status-publish","has-post-thumbnail","hentry","tag-no-google"],"_links":{"self":[{"href":"https:\/\/mister.forex\/da\/wp-json\/wp\/v2\/pages\/67137","targetHints":{"allow":["GET"]}}],"collection":[{"href":"https:\/\/mister.forex\/da\/wp-json\/wp\/v2\/pages"}],"about":[{"href":"https:\/\/mister.forex\/da\/wp-json\/wp\/v2\/types\/page"}],"author":[{"embeddable":true,"href":"https:\/\/mister.forex\/da\/wp-json\/wp\/v2\/users\/1"}],"replies":[{"embeddable":true,"href":"https:\/\/mister.forex\/da\/wp-json\/wp\/v2\/comments?post=67137"}],"version-history":[{"count":9,"href":"https:\/\/mister.forex\/da\/wp-json\/wp\/v2\/pages\/67137\/revisions"}],"predecessor-version":[{"id":70593,"href":"https:\/\/mister.forex\/da\/wp-json\/wp\/v2\/pages\/67137\/revisions\/70593"}],"wp:featuredmedia":[{"embeddable":true,"href":"https:\/\/mister.forex\/da\/wp-json\/wp\/v2\/media\/46711"}],"wp:attachment":[{"href":"https:\/\/mister.forex\/da\/wp-json\/wp\/v2\/media?parent=67137"}],"wp:term":[{"taxonomy":"post_tag","embeddable":true,"href":"https:\/\/mister.forex\/da\/wp-json\/wp\/v2\/tags?post=67137"}],"curies":[{"name":"wp","href":"https:\/\/api.w.org\/{rel}","templated":true}]}}