{"id":67265,"date":"2026-03-08T21:50:21","date_gmt":"2026-03-08T13:50:21","guid":{"rendered":"https:\/\/mister.forex\/?page_id=67265"},"modified":"2026-04-22T08:37:32","modified_gmt":"2026-04-22T00:37:32","slug":"maximum-drawdown-mdd-investment-risk-guide","status":"publish","type":"page","link":"https:\/\/mister.forex\/da\/maximum-drawdown-mdd-investment-risk-guide\/","title":{"rendered":"50 % fald kr\u00e6ver 100 % gevinst? Afsl\u00f8r MDD-f\u00e6lden og professionel risikostyring"},"content":{"rendered":"<div data-elementor-type=\"wp-page\" data-elementor-id=\"67265\" class=\"elementor elementor-67265\" data-elementor-post-type=\"page\">\n\t\t\t\t<div class=\"elementor-element elementor-element-7776ca1 e-flex e-con-boxed e-con e-parent\" data-id=\"7776ca1\" data-element_type=\"container\">\n\t\t\t\t\t<div class=\"e-con-inner\">\n\t\t\t\t<div class=\"elementor-element elementor-element-3384b88 elementor-widget elementor-widget-heading\" data-id=\"3384b88\" data-element_type=\"widget\" data-widget_type=\"heading.default\">\n\t\t\t\t\t<h1 class=\"elementor-heading-title elementor-size-default\">Afsl\u00f8ring af \"d\u00f8dsf\u00e6lden\": Hvorfor g\u00e5r pro-tradere mere op i MDD end afkast?<\/h1>\t\t\t\t<\/div>\n\t\t\t\t<div class=\"elementor-element elementor-element-cc0096f elementor-widget elementor-widget-html translation-block\" data-id=\"cc0096f\" data-element_type=\"widget\" data-widget_type=\"html.default\"><span>\n<h2><strong>\ud83d\udccc Introduktion: Den l\u00e6ngste afstand i investering er afstanden til \"break-even\"<\/strong><\/h2>\nForestil dig den million, du har arbejdet h\u00e5rdt for at spare op gennem mange \u00e5r. Du investerer den, men markedet rammes af voldsomme udsving, og p\u00e5 bare to uger er den skrumpet til 700.000 kr.<br><br>\nDe 300.000 kr., der er forsvundet, er ikke bare tal; de kan repr\u00e6sentere udbetalingen til dit dr\u00f8mmehus, dine b\u00f8rns uddannelse eller den tunge pris ved at skulle udskyde din pension i fem \u00e5r. Dette enorme psykiske pres f\u00f8rer ofte til \"paniksalg\" i desperation, lige f\u00f8r markedet rammer bunden og vender.<br><br>\nSp\u00f8rg en nybegynder: \"Hvad er dit m\u00e5l?\" og de vil m\u00e5ske sige: \"At tjene 50 % om \u00e5ret.\"<br>\nMen sp\u00f8rg en professionel trader: \"Hvad v\u00e6rds\u00e6tter du mest?\" og de vil helt sikkert sige: <strong>\"Maximum Drawdown (MDD).\"<\/strong><br><br>\nFor p\u00e5 de finansielle markeder handler det om at <strong>overleve f\u00f8rst, f\u00f8r man kan vinde stort.<\/strong>\n<\/span><br><br>\n\n<span>\n<h2><strong>\ud83d\udccc Hvad er Maximum Drawdown (MDD)?<\/strong><\/h2>\nKort fortalt er MDD det st\u00f8rste v\u00e6rditab fra en <strong>\"Top (Peak)\"<\/strong> til en <strong>\"Bund (Trough)\"<\/strong> i en bestemt periode, f\u00f8r en ny top n\u00e5s.<br>\n<blockquote style=\"background-color: #f8fafc;border: 1px solid #2D4273;padding: 16px;margin: 20px 6px;color: #1e293b;border-radius: 6px;text-align: center\">\n    <strong>MDD = (Topv\u00e6rdi - Bundv\u00e6rdi) \/ Topv\u00e6rdi<\/strong>\n<\/blockquote>\nBem\u00e6rk! Det handler ikke om \"hvor meget det faldt i dag\", men om afstanden fra din kontos \"glansperiode\" til det efterf\u00f8lgende \"m\u00f8rkeste \u00f8jeblik\". S\u00e5 l\u00e6nge aktivet ikke har sat ny rekord, vil den psykologiske skygge af dette fald eksistere.<br><br>\nProfessionelle investorer g\u00e5r desuden meget op i <strong>\"Gendannelsestid (Recovery Time)\"<\/strong> \u2013 hvor lang tid tager det at kravle tilbage til udgangspunktet? De st\u00e6rkeste strategier taber ikke bare mindre; de \"heler ogs\u00e5 hurtigere\".\n<\/span><br><br>\n\n<span>\n<h2><strong>\ud83d\udccc Matematikkens barske sandhed: Hvorfor det er sv\u00e6rere at vinde det tabte tilbage<\/strong><\/h2>\nMange t\u00e6nker: \"Det g\u00f8r ikke noget at tabe 50 %, jeg skal bare tjene 50 % igen.\"<br>\nDette er den mest fatale matematiske fejlslutning inden for investering!<br><br>\nN\u00e5r din startkapital skrumper, skal du bruge et \"mindre grundlag\" til at opn\u00e5 en \"st\u00f8rre procentuel stigning\" bare for at komme tilbage til nul. Dette kaldes <strong>asymmetri mellem tab og gevinst<\/strong>:<br><br>\n\n<div style=\"margin-bottom: 25px\">\n    <table style=\"width: 100%;min-width: 500px;border-collapse: separate;border-spacing: 0;border: 1px solid #2D4273;border-radius: 6px;text-align: center;font-family: 'Inter', sans-serif;overflow: hidden\">\n        <thead>\n            <tr style=\"background-color: #2D4273;color: #ffffff\">\n                <th style=\"padding: 15px;border-right: 1px solid #ffffff;border-bottom: 1px solid #2D4273\"><strong>Kontotab (MDD)<\/strong><\/th>\n                <th style=\"padding: 15px;border-right: 1px solid #ffffff;border-bottom: 1px solid #2D4273\"><strong>N\u00f8dvendig stigning for break-even<\/strong><\/th>\n                <th style=\"padding: 15px;border-bottom: 1px solid #2D4273\"><strong>Sv\u00e6rhedsgrad<\/strong><\/th>\n            <\/tr>\n        <\/thead>\n        <tbody>\n            <tr>\n                <td style=\"padding: 15px;border-right: 1px solid #2D4273;border-bottom: 1px solid #2D4273\">-10 %<\/td>\n                <td style=\"padding: 15px;border-right: 1px solid #2D4273;border-bottom: 1px solid #2D4273\">+11 %<\/td>\n                <td style=\"padding: 15px;border-bottom: 1px solid #2D4273\">Nem at genvinde<\/td>\n            <\/tr>\n            <tr>\n                <td style=\"padding: 15px;border-right: 1px solid #2D4273;border-bottom: 1px solid #2D4273\">-20 %<\/td>\n                <td style=\"padding: 15px;border-right: 1px solid #2D4273;border-bottom: 1px solid #2D4273\">+25 %<\/td>\n                <td style=\"padding: 15px;border-bottom: 1px solid #2D4273\">Acceptabelt<\/td>\n            <\/tr>\n            <tr>\n                <td style=\"padding: 15px;border-right: 1px solid #2D4273;border-bottom: 1px solid #2D4273\">-30 %<\/td>\n                <td style=\"padding: 15px;border-right: 1px solid #2D4273;border-bottom: 1px solid #2D4273\">+43 %<\/td>\n                <td style=\"padding: 15px;border-bottom: 1px solid #2D4273\">Begynder at blive sv\u00e6rt<\/td>\n            <\/tr>\n            <tr style=\"background-color: #fffafa\">\n                <td style=\"padding: 15px;border-right: 1px solid #2D4273;border-bottom: 1px solid #2D4273\"><strong style=\"color: #db473e\">-50 %<\/strong><\/td>\n                <td style=\"padding: 15px;border-right: 1px solid #2D4273;border-bottom: 1px solid #2D4273\"><strong style=\"color: #db473e\">+100 %<\/strong><\/td>\n                <td style=\"padding: 15px;border-bottom: 1px solid #2D4273\"><strong style=\"color: #db473e\">Dobbelt sv\u00e6rhedsgrad (Ekstremt)<\/strong><\/td>\n            <\/tr>\n            <tr>\n                <td style=\"padding: 15px;border-right: 1px solid #2D4273;border-bottom: 1px solid #2D4273\">-70 %<\/td>\n                <td style=\"padding: 15px;border-right: 1px solid #2D4273;border-bottom: 1px solid #2D4273\">+233 %<\/td>\n                <td style=\"padding: 15px;border-bottom: 1px solid #2D4273\">N\u00e6sten umuligt<\/td>\n            <\/tr>\n            <tr>\n                <td style=\"padding: 15px;border-right: 1px solid #2D4273\">-90 %<\/td>\n                <td style=\"padding: 15px;border-right: 1px solid #2D4273\">+900 %<\/td>\n                <td style=\"padding: 15px\">Anbefaler omplacering af aktiver<\/td>\n            <\/tr>\n        <\/tbody>\n    <\/table>\n<\/div>\n\n<strong>Konklusion:<\/strong> I investeringsverdenen vokser tab line\u00e6rt, men sv\u00e6rhedsgraden ved at g\u00e5 i nul stiger <strong>eksponentielt<\/strong>. N\u00e5r MDD n\u00e5r 50 %, har du ikke brug for en strategi \u2013 du har brug for et mirakel (100 % stigning) bare for at komme tilbage til start.\n<\/span><br><br>\n\n<span>\n<h2><strong>\ud83d\udccc Hvorfor MDD definerer dit formueloft<\/strong><\/h2>\n<ul>\n    <li><strong>Det bestemmer, om du bliver \"tvunget ud af spillet\":<\/strong> MDD m\u00e5ler din psykologiske gr\u00e6nse. N\u00e5r kontoen skrumper voldsomt, aktiveres hjernens forsvarsmekanismer, hvilket ofte f\u00f8rer til irrationelle beslutninger. Hvis du ikke kan klare et fald p\u00e5 30 %, vil du ikke kunne holde fast l\u00e6nge nok til at se aktivet stige 10 gange i v\u00e6rdi.<\/li><br>\n\n    <li><strong>Det \u00f8del\u00e6gger magien ved renters rente:<\/strong> Renters rente kr\u00e6ver tid, og alvorlige fald er \"afgrunde\" p\u00e5 den vej. En stabil v\u00e6kst p\u00e5 10 % om \u00e5ret er fantastisk, men et enkelt \u00e5r med en MDD p\u00e5 50 % betyder, at du spilder flere \u00e5r p\u00e5 blot at \"komme tilbage\", hvilket er et spild af din mest v\u00e6rdifulde ressource: tid.<\/li><br>\n\n    <li><strong>Det er sj\u00e6len i \"Calmar Ratio\":<\/strong> Calmar Ratio = Annualiseret afkast \/ Maximum Drawdown. Hvis man ignorerer MDD, er afkastet (CAGR) bare et overfladisk tal. Et aktiv med 100 % afkast, men en MDD p\u00e5 80 %, er i bund og grund et v\u00e6ddem\u00e5l, der kan g\u00e5 galt n\u00e5r som helst, ikke en investering.<\/li>\n<\/ul>\n<\/span><br>\n\n<span>\n<h2><strong>\ud83d\udccc Hvordan h\u00e5ndterer man MDD? Fra \"is i maven\" til \"videnskabelig risikoafd\u00e6kning\"<\/strong><\/h2>\nDa MDD er s\u00e5 farligt, hvordan reagerer vi? Traditionel \"buy and hold\" fejler ofte, n\u00e5r viljestyrken testes under et fald p\u00e5 50 %. Det er grunden til, at professionelle bruger kvantitative strategier:<br><br>\n<ul>\n  <li><strong>Automatiserede stop-loss mekanismer:<\/strong> Algoritmer s\u00e6lger ud, f\u00f8r risikoen eskalerer, og omg\u00e5r derved menneskelig gr\u00e5dighed og t\u00f8ven.<\/li><br>\n  <li><strong>Dynamiske gendannelseskurver:<\/strong> Professionelle systemer (som Alpha Gold eller Quant Matrix) fokuserer p\u00e5 pr\u00e6cis styring af MDD inden for et kontrolleret interval frem for at jage engangsgevinster.<\/li><br>\n  <li><strong>Forkortelse af gendannelsestid:<\/strong> Brug af hedging eller dynamisk rebalancering for at sikre, at aktiverne mere effektivt n\u00e5r nye h\u00f8jder, n\u00e5r markedet vender.<\/li>\n<\/ul>\n<\/span><br>\n\n<span>\n<h2><strong>\ud83d\udccc Konklusion: Styr risikoen, s\u00e5 f\u00f8lger profitten naturligt<\/strong><\/h2>\nInvesteringslegenden George Soros sagde engang: \"<strong>Overlev f\u00f8rst, og tjen penge bagefter.<\/strong>\"<br><br>\nN\u00e6ste gang du vurderer en investering, s\u00e5 kig ikke kun p\u00e5 det historiske afkast. Tjek \"Maximum Drawdown\" f\u00f8rst. Hvis det tal vil give dig s\u00f8vnl\u00f8se n\u00e6tter, s\u00e5 er det h\u00f8je afkast ikke noget for dig.<br><br>\n<strong>Husk: Den profit, du kan holde fast i og sove roligt med, er den sande rigdom.<\/strong>\n<\/span><\/div>\n\t\t\t\t<div class=\"elementor-element elementor-element-6655aec elementor-icon-list--layout-inline elementor-list-item-link-inline elementor-widget elementor-widget-icon-list\" data-id=\"6655aec\" data-element_type=\"widget\" data-widget_type=\"icon-list.default\">\n\t\t\t\t\t\t\t<ul class=\"elementor-icon-list-items elementor-inline-items\">\n\t\t\t\t\t\t\t<li class=\"elementor-icon-list-item elementor-inline-item\">\n\t\t\t\t\t\t\t\t\t\t\t<a href=\"https:\/\/mister.forex\/da\/alpha-gold\/\">\n\n\t\t\t\t\t\t\t\t\t\t\t\t<span class=\"elementor-icon-list-icon\">\n\t\t\t\t\t\t\t<svg aria-hidden=\"true\" class=\"e-font-icon-svg e-far-check-circle\" viewbox=\"0 0 512 512\" xmlns=\"http:\/\/www.w3.org\/2000\/svg\"><path d=\"M256 8C119.033 8 8 119.033 8 256s111.033 248 248 248 248-111.033 248-248S392.967 8 256 8zm0 48c110.532 0 200 89.451 200 200 0 110.532-89.451 200-200 200-110.532 0-200-89.451-200-200 0-110.532 89.451-200 200-200m140.204 130.267l-22.536-22.718c-4.667-4.705-12.265-4.736-16.97-.068L215.346 303.697l-59.792-60.277c-4.667-4.705-12.265-4.736-16.97-.069l-22.719 22.536c-4.705 4.667-4.736 12.265-.068 16.971l90.781 91.516c4.667 4.705 12.265 4.736 16.97.068l172.589-171.204c4.704-4.668 4.734-12.266.067-16.971z\"><\/path><\/svg>\t\t\t\t\t\t<\/span>\n\t\t\t\t\t\t\t\t\t\t<span class=\"elementor-icon-list-text\">Se Alpha Gold live-performance<\/span>\n\t\t\t\t\t\t\t\t\t\t\t<\/a>\n\t\t\t\t\t\t\t\t\t<\/li>\n\t\t\t\t\t\t<\/ul>\n\t\t\t\t\t\t<\/div>\n\t\t\t\t<div class=\"elementor-element elementor-element-dfa00c2 elementor-widget elementor-widget-heading\" data-id=\"dfa00c2\" data-element_type=\"widget\" data-widget_type=\"heading.default\">\n\t\t\t\t\t<span class=\"elementor-heading-title elementor-size-default\">(Velegnet til investorer, der s\u00f8ger eksplosiv v\u00e6kst og foretr\u00e6kker guldhandel)<\/span>\t\t\t\t<\/div>\n\t\t\t\t<div class=\"elementor-element elementor-element-db8dcde elementor-icon-list--layout-inline elementor-list-item-link-inline elementor-widget elementor-widget-icon-list\" data-id=\"db8dcde\" data-element_type=\"widget\" data-widget_type=\"icon-list.default\">\n\t\t\t\t\t\t\t<ul class=\"elementor-icon-list-items elementor-inline-items\">\n\t\t\t\t\t\t\t<li class=\"elementor-icon-list-item elementor-inline-item\">\n\t\t\t\t\t\t\t\t\t\t\t<a href=\"https:\/\/mister.forex\/da\/quant-matrix\/\">\n\n\t\t\t\t\t\t\t\t\t\t\t\t<span class=\"elementor-icon-list-icon\">\n\t\t\t\t\t\t\t<svg aria-hidden=\"true\" class=\"e-font-icon-svg e-far-check-circle\" viewbox=\"0 0 512 512\" xmlns=\"http:\/\/www.w3.org\/2000\/svg\"><path d=\"M256 8C119.033 8 8 119.033 8 256s111.033 248 248 248 248-111.033 248-248S392.967 8 256 8zm0 48c110.532 0 200 89.451 200 200 0 110.532-89.451 200-200 200-110.532 0-200-89.451-200-200 0-110.532 89.451-200 200-200m140.204 130.267l-22.536-22.718c-4.667-4.705-12.265-4.736-16.97-.068L215.346 303.697l-59.792-60.277c-4.667-4.705-12.265-4.736-16.97-.069l-22.719 22.536c-4.705 4.667-4.736 12.265-.068 16.971l90.781 91.516c4.667 4.705 12.265 4.736 16.97.068l172.589-171.204c4.704-4.668 4.734-12.266.067-16.971z\"><\/path><\/svg>\t\t\t\t\t\t<\/span>\n\t\t\t\t\t\t\t\t\t\t<span class=\"elementor-icon-list-text\">Se Quant Matrix live-performance<\/span>\n\t\t\t\t\t\t\t\t\t\t\t<\/a>\n\t\t\t\t\t\t\t\t\t<\/li>\n\t\t\t\t\t\t<\/ul>\n\t\t\t\t\t\t<\/div>\n\t\t\t\t<div class=\"elementor-element elementor-element-31472a2 elementor-widget elementor-widget-heading\" data-id=\"31472a2\" data-element_type=\"widget\" data-widget_type=\"heading.default\">\n\t\t\t\t\t<span class=\"elementor-heading-title elementor-size-default\">(Velegnet til investorer, der s\u00f8ger stabilitet og stabil kontov\u00e6kst)<\/span>\t\t\t\t<\/div>\n\t\t\t\t\t<\/div>\n\t\t\t\t<\/div>\n\t\t\t\t<\/div>","protected":false},"excerpt":{"rendered":"<p>Afsl\u00f8r \"d\u00f8dsf\u00e6lden\" for din formue: Maximum Drawdown (MDD). Hvorfor kr\u00e6ver et fald p\u00e5 50 % en stigning p\u00e5 100 % for at g\u00e5 i nul? Denne artikel analyserer MDD, asymmetrien mellem tab og gevinst og \u00f8del\u00e6ggelsen af renters rente. Se hvordan professionelle bruger kvantitative strategier til at styre risiko og sikre din nattes\u00f8vn.<\/p>","protected":false},"author":1,"featured_media":67304,"parent":0,"menu_order":0,"comment_status":"closed","ping_status":"closed","template":"","meta":{"footnotes":""},"tags":[128],"class_list":["post-67265","page","type-page","status-publish","has-post-thumbnail","hentry","tag-no-google"],"_links":{"self":[{"href":"https:\/\/mister.forex\/da\/wp-json\/wp\/v2\/pages\/67265","targetHints":{"allow":["GET"]}}],"collection":[{"href":"https:\/\/mister.forex\/da\/wp-json\/wp\/v2\/pages"}],"about":[{"href":"https:\/\/mister.forex\/da\/wp-json\/wp\/v2\/types\/page"}],"author":[{"embeddable":true,"href":"https:\/\/mister.forex\/da\/wp-json\/wp\/v2\/users\/1"}],"replies":[{"embeddable":true,"href":"https:\/\/mister.forex\/da\/wp-json\/wp\/v2\/comments?post=67265"}],"version-history":[{"count":3,"href":"https:\/\/mister.forex\/da\/wp-json\/wp\/v2\/pages\/67265\/revisions"}],"predecessor-version":[{"id":70590,"href":"https:\/\/mister.forex\/da\/wp-json\/wp\/v2\/pages\/67265\/revisions\/70590"}],"wp:featuredmedia":[{"embeddable":true,"href":"https:\/\/mister.forex\/da\/wp-json\/wp\/v2\/media\/67304"}],"wp:attachment":[{"href":"https:\/\/mister.forex\/da\/wp-json\/wp\/v2\/media?parent=67265"}],"wp:term":[{"taxonomy":"post_tag","embeddable":true,"href":"https:\/\/mister.forex\/da\/wp-json\/wp\/v2\/tags?post=67265"}],"curies":[{"name":"wp","href":"https:\/\/api.w.org\/{rel}","templated":true}]}}