{"id":71730,"date":"2026-05-12T23:36:58","date_gmt":"2026-05-12T15:36:58","guid":{"rendered":"https:\/\/mister.forex\/?page_id=71730"},"modified":"2026-05-12T23:37:27","modified_gmt":"2026-05-12T15:37:27","slug":"latte-factor","status":"publish","type":"page","link":"https:\/\/mister.forex\/da\/latte-factor\/","title":{"rendered":"Latte-faktoren: Kan sm\u00e5 opsparinger skabe millioner?"},"content":{"rendered":"<div data-elementor-type=\"wp-page\" data-elementor-id=\"71730\" class=\"elementor elementor-71730\" data-elementor-post-type=\"page\">\n\t\t\t\t<div class=\"elementor-element elementor-element-a126d0d e-flex e-con-boxed e-con e-parent\" data-id=\"a126d0d\" data-element_type=\"container\">\n\t\t\t\t\t<div class=\"e-con-inner\">\n\t\t\t\t<div class=\"elementor-element elementor-element-dbb9311 elementor-widget elementor-widget-heading\" data-id=\"dbb9311\" data-element_type=\"widget\" data-widget_type=\"heading.default\">\n\t\t\t\t\t<h1 class=\"elementor-heading-title elementor-size-default\">Vanens magt: Latte-faktoren og renters rente<\/h1>\t\t\t\t<\/div>\n\t\t\t\t<div class=\"elementor-element elementor-element-0c6e98b elementor-widget elementor-widget-html translation-block\" data-id=\"0c6e98b\" data-element_type=\"widget\" data-widget_type=\"html.default\"><span>\n<strong>Investering handler ikke om \"kapital\" \u2013 det handler om \"vaner\".<\/strong><br><br>\n\nVed at omdirigere sm\u00e5 daglige udgifter til de rette aktiver, kan du \u00e6ndre din \u00f8konomiske fremtid gennem tid og renters rente.\n<\/span><\/div>\n\t\t\t\t<div class=\"elementor-element elementor-element-82eefb0 elementor-widget elementor-widget-template\" data-id=\"82eefb0\" data-element_type=\"widget\" data-widget_type=\"template.default\">\n\t\t\t\t<div class=\"elementor-widget-container\">\n\t\t\t\t\t\t\t<div class=\"elementor-template\">\n\t\t\t\t\t<div data-elementor-type=\"container\" data-elementor-id=\"71597\" class=\"elementor elementor-71597\" data-elementor-post-type=\"elementor_library\">\n\t\t\t\t<div class=\"elementor-element elementor-element-90d7cbe e-con-full e-grid e-con e-child\" data-id=\"90d7cbe\" data-element_type=\"container\" data-settings=\"{&quot;background_background&quot;:&quot;classic&quot;}\">\n\t\t<div class=\"elementor-element elementor-element-1d03f7b3 e-con-full e-flex e-con e-child\" data-id=\"1d03f7b3\" data-element_type=\"container\">\n\t\t\t\t<div class=\"elementor-element elementor-element-4d291e57 elementor-widget elementor-widget-heading\" data-id=\"4d291e57\" data-element_type=\"widget\" data-widget_type=\"heading.default\">\n\t\t\t\t\t<span class=\"elementor-heading-title elementor-size-default\">Bankindskud<\/span>\t\t\t\t<\/div>\n\t\t\t\t<div class=\"elementor-element elementor-element-446eb41c elementor-widget elementor-widget-heading\" data-id=\"446eb41c\" data-element_type=\"widget\" data-widget_type=\"heading.default\">\n\t\t\t\t\t<span class=\"elementor-heading-title elementor-size-default\">1.5% - 1.8%<\/span>\t\t\t\t<\/div>\n\t\t\t\t<\/div>\n\t\t<div class=\"elementor-element elementor-element-755e67fa e-con-full e-flex e-con e-child\" data-id=\"755e67fa\" data-element_type=\"container\">\n\t\t\t\t<div class=\"elementor-element elementor-element-87015db elementor-widget elementor-widget-heading\" data-id=\"87015db\" data-element_type=\"widget\" data-widget_type=\"heading.default\">\n\t\t\t\t\t<span class=\"elementor-heading-title elementor-size-default\">Globale indeks<\/span>\t\t\t\t<\/div>\n\t\t\t\t<div class=\"elementor-element elementor-element-4227a4d9 elementor-widget elementor-widget-heading\" data-id=\"4227a4d9\" data-element_type=\"widget\" data-widget_type=\"heading.default\">\n\t\t\t\t\t<span class=\"elementor-heading-title elementor-size-default\">8% - 10%<\/span>\t\t\t\t<\/div>\n\t\t\t\t<\/div>\n\t\t<div class=\"elementor-element elementor-element-364a9bd3 e-con-full e-flex e-con e-child\" data-id=\"364a9bd3\" data-element_type=\"container\">\n\t\t\t\t<div class=\"elementor-element elementor-element-4036bb7e elementor-widget elementor-widget-heading\" data-id=\"4036bb7e\" data-element_type=\"widget\" data-widget_type=\"heading.default\">\n\t\t\t\t\t<span class=\"elementor-heading-title elementor-size-default\">Mr.Forex-strategi<\/span>\t\t\t\t<\/div>\n\t\t\t\t<div class=\"elementor-element elementor-element-18e9964a elementor-widget elementor-widget-heading\" data-id=\"18e9964a\" data-element_type=\"widget\" data-widget_type=\"heading.default\">\n\t\t\t\t\t<span class=\"elementor-heading-title elementor-size-default\">12% +<\/span>\t\t\t\t<\/div>\n\t\t\t\t<\/div>\n\t\t\t\t<\/div>\n\t\t\t\t<\/div>\n\t\t\t\t<\/div>\n\t\t\t\t\t\t<\/div>\n\t\t\t\t<\/div>\n\t\t\t\t<div class=\"elementor-element elementor-element-318d9f5 elementor-widget elementor-widget-html\" data-id=\"318d9f5\" data-element_type=\"widget\" data-widget_type=\"html.default\">\n\t\t\t\t\t<div class=\"mr-forex-calc\" style=\"max-width:500px; margin:20px auto; padding:35px; background:#FFFFFF; border: 1px solid #E5E9F0; border-radius:20px; font-family: 'Inter', 'PingFang TC', sans-serif; box-shadow: 0 10px 30px rgba(21, 38, 77, 0.08);\">\n    \n    <div style=\"width:50px; height:4px; background:#FAB42C; margin-bottom:20px; border-radius:2px;\"><\/div>\n    \n    <h3 style=\"color:#15264D; margin:0 0 25px 0; font-size:1.2em; font-weight:700; letter-spacing:-0.5px;\">Latte-faktoren<\/h3>\n\n    <div style=\"margin-bottom:20px;\">\n        <label style=\"display:block; margin-bottom:8px; font-size:0.9em; color:#666666; font-weight:500;\">Daglige sm\u00e5udgifter<\/label>\n        <input type=\"number\" id=\"latteD\" value=\"20\" min=\"0\" step=\"10\" lang=\"en\" translate=\"no\" class=\"notranslate\" style=\"width:100%; padding:12px 15px; border:2px solid #F0F2F5; border-radius:8px; color:#15264D; font-size:1.1em; outline:none; transition:all 0.3s;\" onfocus=\"this.style.borderColor='#FAB42C'\" onblur=\"this.style.borderColor='#F0F2F5'\">\n    <\/div>\n\n    <div style=\"margin-bottom:25px;\">\n        <label style=\"display:block; margin-bottom:8px; font-size:0.9em; color:#666666; font-weight:500;\">Ansl\u00e5et \u00e5rligt afkast (%)<\/label>\n        <input type=\"number\" id=\"latteR\" value=\"12\" min=\"0\" step=\"0.5\" lang=\"en\" translate=\"no\" class=\"notranslate\" style=\"width:100%; padding:12px 15px; border:2px solid #F0F2F5; border-radius:8px; color:#15264D; font-size:1.1em; outline:none;\" onfocus=\"this.style.borderColor='#FAB42C'\" onblur=\"this.style.borderColor='#F0F2F5'\">\n    <\/div>\n\n    <button onclick=\"calcLatte()\" style=\"background:#15264D; color:#FFFFFF; border:none; padding:15px; width:100%; border-radius:8px; cursor:pointer; font-weight:700; font-size:1.1em; transition: 0.3s; box-shadow: 0 4px 12px rgba(21, 38, 77, 0.2);\" onmouseover=\"this.style.background='#FAB42C'; this.style.color='#15264D'\" onmouseout=\"this.style.background='#15264D'; this.style.color='#FFFFFF'\">\n        Beregn min v\u00e6kst\n    <\/button>\n    \n    <div id=\"latteResultBox\" style=\"margin-top:25px; display:none; background:#F8FAFC; border-radius:12px; padding:20px; text-align:center;\">\n        <p style=\"color:#666666; font-size:0.9em; margin:0 0 5px 0;\">Samlet efter 20 \u00e5r<\/p>\n        <div id=\"latteResult\" translate=\"no\" class=\"notranslate\" style=\"font-size:1.8em; color:#15264D; font-weight:700;\"><\/div>\n    <\/div>\n<\/div>\n\n<script>\nfunction calcLatte(){\n    \/\/ \u5f37\u5236\u78ba\u4fdd\u6578\u503c\u4e0d\u5c0f\u65bc 0\n    const D = Math.max(0, parseFloat(document.getElementById('latteD').value));\n    const r_input = Math.max(0, parseFloat(document.getElementById('latteR').value));\n    \n    if(isNaN(D) || isNaN(r_input)) return;\n\n    const M = D * 30; \/\/ \u6bcf\u6708\u7701\u4e0b\u7684\u9322\n    const r_monthly = (r_input \/ 100) \/ 12;\n    const n = 20 * 12; \/\/ \u56fa\u5b9a\u8a66\u7b97 20 \u5e74\n\n    let FV = 0;\n    if (r_monthly > 0) {\n        \/\/ \u5e74\u91d1\u7d42\u503c\u516c\u5f0f\n        FV = M * ((Math.pow(1 + r_monthly, n) - 1) \/ r_monthly) * (1 + r_monthly);\n    } else {\n        \/\/ \u5831\u916c\u7387\u70ba 0 \u6642\u7684\u7d14\u672c\u91d1\u7d2f\u8a08\n        FV = M * n;\n    }\n\n    \/\/ \u66f4\u65b0\u986f\u793a\uff0c\u9396\u5b9a\u70ba 'en-US' \u683c\u5f0f\n    document.getElementById('latteResultBox').style.display = \"block\";\n    document.getElementById('latteResult').innerText = Math.round(FV).toLocaleString('en-US');\n}\n<\/script>\t\t\t\t<\/div>\n\t\t\t\t<div class=\"elementor-element elementor-element-11006b8 elementor-hidden-desktop elementor-hidden-tablet elementor-hidden-mobile elementor-widget elementor-widget-html\" data-id=\"11006b8\" data-element_type=\"widget\" data-widget_type=\"html.default\">\n\t\t\t\t\t<div class=\"mr-forex-calc\" style=\"max-width:500px; margin:20px auto; padding:35px; background:#FFFFFF; border: 1px solid #E5E9F0; border-radius:20px; font-family: 'Inter', 'PingFang TC', sans-serif; box-shadow: 0 10px 30px rgba(21, 38, 77, 0.08);\">\n    \n    <div style=\"width:50px; height:4px; background:#FAB42C; margin-bottom:20px; border-radius:2px;\"><\/div>\n    \n    <h3 style=\"color:#15264D; margin:0 0 25px 0; font-size:1.2em; font-weight:700; letter-spacing:-0.5px;\">Latte-faktoren<\/h3>\n\n    <div style=\"margin-bottom:20px;\">\n        <label style=\"display:block; margin-bottom:8px; font-size:0.9em; color:#666666; font-weight:500;\">Daglige sm\u00e5udgifter<\/label>\n        <input type=\"number\" id=\"latteD\" value=\"20\" min=\"0\" step=\"10\" style=\"width:100%; padding:12px 15px; border:2px solid #F0F2F5; border-radius:8px; color:#15264D; font-size:1.1em; outline:none; transition:all 0.3s;\" onfocus=\"this.style.borderColor='#FAB42C'\" onblur=\"this.style.borderColor='#F0F2F5'\">\n    <\/div>\n\n    <div style=\"margin-bottom:25px;\">\n        <label style=\"display:block; margin-bottom:8px; font-size:0.9em; color:#666666; font-weight:500;\">Ansl\u00e5et \u00e5rligt afkast (%)<\/label>\n        <input type=\"number\" id=\"latteR\" value=\"12\" min=\"0\" step=\"0.5\" style=\"width:100%; padding:12px 15px; border:2px solid #F0F2F5; border-radius:8px; color:#15264D; font-size:1.1em; outline:none;\" onfocus=\"this.style.borderColor='#FAB42C'\" onblur=\"this.style.borderColor='#F0F2F5'\">\n    <\/div>\n\n    <button onclick=\"calcLatte()\" style=\"background:#15264D; color:#FFFFFF; border:none; padding:15px; width:100%; border-radius:8px; cursor:pointer; font-weight:700; font-size:1.1em; transition: 0.3s; box-shadow: 0 4px 12px rgba(21, 38, 77, 0.2);\" onmouseover=\"this.style.background='#FAB42C'; this.style.color='#15264D'\" onmouseout=\"this.style.background='#15264D'; this.style.color='#FFFFFF'\">\n        Beregn min v\u00e6kst\n    <\/button>\n    \n    <div id=\"latteResultBox\" style=\"margin-top:25px; display:none; background:#F8FAFC; border-radius:12px; padding:20px; text-align:center;\">\n        <p style=\"color:#666666; font-size:0.9em; margin:0 0 5px 0;\">Samlet efter 20 \u00e5r<\/p>\n        <div id=\"latteResult\" style=\"font-size:1.8em; color:#15264D; font-weight:700;\"><\/div>\n    <\/div>\n<\/div>\n\n<script>\nfunction calcLatte(){\n    \/\/ \u5f37\u5236\u78ba\u4fdd\u6578\u503c\u4e0d\u5c0f\u65bc 0\n    const D = Math.max(0, parseFloat(document.getElementById('latteD').value));\n    const r_input = Math.max(0, parseFloat(document.getElementById('latteR').value));\n    \n    if(isNaN(D) || isNaN(r_input)) return;\n\n    const M = D * 30; \/\/ \u6bcf\u6708\u7701\u4e0b\u7684\u9322\n    const r_monthly = (r_input \/ 100) \/ 12;\n    const n = 20 * 12; \/\/ \u56fa\u5b9a\u8a66\u7b97 20 \u5e74\n\n    let FV = 0;\n    if (r_monthly > 0) {\n        \/\/ \u5e74\u91d1\u7d42\u503c\u516c\u5f0f\n        FV = M * ((Math.pow(1 + r_monthly, n) - 1) \/ r_monthly) * (1 + r_monthly);\n    } else {\n        \/\/ \u5831\u916c\u7387\u70ba 0 \u6642\u7684\u7d14\u672c\u91d1\u7d2f\u8a08\n        FV = M * n;\n    }\n\n    \/\/ \u66f4\u65b0\u986f\u793a\n    document.getElementById('latteResultBox').style.display = \"block\";\n    document.getElementById('latteResult').innerText = Math.round(FV).toLocaleString();\n}\n<\/script>\t\t\t\t<\/div>\n\t\t\t\t<div class=\"elementor-element elementor-element-7a1caba elementor-widget elementor-widget-html translation-block\" data-id=\"7a1caba\" data-element_type=\"widget\" data-widget_type=\"html.default\"><span>\n<h2><strong>\ud83d\udca1 Latte-faktor: Kan sm\u00e5penge skabe formue?<\/strong><\/h2>\nSm\u00e5 udgifter som en daglig kaffe kan over tid blive til en fond for dine dr\u00f8mme, hvis de investeres i stedet.<br><br>\n\n<strong>\u25cf Beregning:<\/strong><br>\n<code style=\"background:#EDF2F7;padding:2px 6px;border-radius:4px\">Resultat = (Daglig pris * 30) * V\u00e6kstfaktor<\/code><br><br>\n\n<span style=\"font-size:0.9em;color:#718096\">* Bem\u00e6rk: Vedholdenhed sl\u00e5r kapital. N\u00e5r sm\u00e5penge rammer renters rente-sporet, bliver v\u00e6ksten eksplosiv.<\/span>\n<\/span><\/div>\n\t\t\t\t<div class=\"elementor-element elementor-element-408d3c3 elementor-widget-divider--view-line elementor-widget elementor-widget-divider\" data-id=\"408d3c3\" data-element_type=\"widget\" data-widget_type=\"divider.default\">\n\t\t\t\t\t\t\t<div class=\"elementor-divider\">\n\t\t\t<span class=\"elementor-divider-separator\">\n\t\t\t\t\t\t<\/span>\n\t\t<\/div>\n\t\t\t\t\t\t<\/div>\n\t\t\t\t<div class=\"elementor-element elementor-element-d54b2f4 elementor-widget elementor-widget-html translation-block\" data-id=\"d54b2f4\" data-element_type=\"widget\" data-widget_type=\"html.default\"><span>\n<h2><strong>Lad hver \u00f8re arbejde for dig.<\/strong><\/h2>\nMikro-opsparing handler om stabilitet; <strong>Mr.Forex<\/strong> kvantitative strategier handler om effektivitet.<br><br>\n\nStart sm\u00e5t, lad systemet k\u00f8re, og forvandl dine byttepenge til en dr\u00f8mmefond.\n<\/span><\/div>\n\t\t\t\t<div class=\"elementor-element elementor-element-8263a56 elementor-icon-list--layout-inline elementor-list-item-link-inline elementor-widget elementor-widget-icon-list\" data-id=\"8263a56\" data-element_type=\"widget\" data-widget_type=\"icon-list.default\">\n\t\t\t\t\t\t\t<ul class=\"elementor-icon-list-items elementor-inline-items\">\n\t\t\t\t\t\t\t<li class=\"elementor-icon-list-item elementor-inline-item\">\n\t\t\t\t\t\t\t\t\t\t\t<a href=\"https:\/\/mister.forex\/da\/algorithmic-trading-systems\/\">\n\n\t\t\t\t\t\t\t\t\t\t\t\t<span class=\"elementor-icon-list-icon\">\n\t\t\t\t\t\t\t<svg aria-hidden=\"true\" class=\"e-font-icon-svg e-far-check-circle\" viewbox=\"0 0 512 512\" xmlns=\"http:\/\/www.w3.org\/2000\/svg\"><path d=\"M256 8C119.033 8 8 119.033 8 256s111.033 248 248 248 248-111.033 248-248S392.967 8 256 8zm0 48c110.532 0 200 89.451 200 200 0 110.532-89.451 200-200 200-110.532 0-200-89.451-200-200 0-110.532 89.451-200 200-200m140.204 130.267l-22.536-22.718c-4.667-4.705-12.265-4.736-16.97-.068L215.346 303.697l-59.792-60.277c-4.667-4.705-12.265-4.736-16.97-.069l-22.719 22.536c-4.705 4.667-4.736 12.265-.068 16.971l90.781 91.516c4.667 4.705 12.265 4.736 16.97.068l172.589-171.204c4.704-4.668 4.734-12.266.067-16.971z\"><\/path><\/svg>\t\t\t\t\t\t<\/span>\n\t\t\t\t\t\t\t\t\t\t<span class=\"elementor-icon-list-text\">Kvantitative planer (Kontakt support for sm\u00e5 planer)<\/span>\n\t\t\t\t\t\t\t\t\t\t\t<\/a>\n\t\t\t\t\t\t\t\t\t<\/li>\n\t\t\t\t\t\t<\/ul>\n\t\t\t\t\t\t<\/div>\n\t\t\t\t\t<\/div>\n\t\t\t\t<\/div>\n\t\t\t\t<\/div>","protected":false},"excerpt":{"rendered":"<p>Hvor meget vokser en daglig kaffe med renters rente? Se hvordan sm\u00e5 vaner bliver til stor formue.<\/p>","protected":false},"author":1,"featured_media":33201,"parent":0,"menu_order":0,"comment_status":"closed","ping_status":"closed","template":"","meta":{"footnotes":""},"tags":[128],"class_list":["post-71730","page","type-page","status-publish","has-post-thumbnail","hentry","tag-no-google"],"_links":{"self":[{"href":"https:\/\/mister.forex\/da\/wp-json\/wp\/v2\/pages\/71730","targetHints":{"allow":["GET"]}}],"collection":[{"href":"https:\/\/mister.forex\/da\/wp-json\/wp\/v2\/pages"}],"about":[{"href":"https:\/\/mister.forex\/da\/wp-json\/wp\/v2\/types\/page"}],"author":[{"embeddable":true,"href":"https:\/\/mister.forex\/da\/wp-json\/wp\/v2\/users\/1"}],"replies":[{"embeddable":true,"href":"https:\/\/mister.forex\/da\/wp-json\/wp\/v2\/comments?post=71730"}],"version-history":[{"count":61,"href":"https:\/\/mister.forex\/da\/wp-json\/wp\/v2\/pages\/71730\/revisions"}],"predecessor-version":[{"id":72328,"href":"https:\/\/mister.forex\/da\/wp-json\/wp\/v2\/pages\/71730\/revisions\/72328"}],"wp:featuredmedia":[{"embeddable":true,"href":"https:\/\/mister.forex\/da\/wp-json\/wp\/v2\/media\/33201"}],"wp:attachment":[{"href":"https:\/\/mister.forex\/da\/wp-json\/wp\/v2\/media?parent=71730"}],"wp:term":[{"taxonomy":"post_tag","embeddable":true,"href":"https:\/\/mister.forex\/da\/wp-json\/wp\/v2\/tags?post=71730"}],"curies":[{"name":"wp","href":"https:\/\/api.w.org\/{rel}","templated":true}]}}