{"id":15490,"date":"2024-05-03T14:17:53","date_gmt":"2024-05-03T06:17:53","guid":{"rendered":"http:\/\/192.168.0.254\/?page_id=15490"},"modified":"2026-04-02T23:13:05","modified_gmt":"2026-04-02T15:13:05","slug":"forex-lot-calculator","status":"publish","type":"page","link":"https:\/\/mister.forex\/de\/tools\/forex-lot-calculator\/","title":{"rendered":"Forex Lot Rechner | Risikomanagement Forex Positionsgr\u00f6\u00dfenrechner"},"content":{"rendered":"<div data-elementor-type=\"wp-page\" data-elementor-id=\"15490\" class=\"elementor elementor-15490\" data-elementor-post-type=\"page\">\n\t\t\t\t<div class=\"elementor-element elementor-element-71dc3f7 e-flex e-con-boxed e-con e-parent\" data-id=\"71dc3f7\" data-element_type=\"container\" data-settings=\"{&quot;background_background&quot;:&quot;classic&quot;}\">\n\t\t\t\t\t<div class=\"e-con-inner\">\n\t\t<div class=\"elementor-element elementor-element-7ae64d3 e-flex e-con-boxed e-con e-child\" data-id=\"7ae64d3\" data-element_type=\"container\">\n\t\t\t\t\t<div class=\"e-con-inner\">\n\t\t\t\t<div class=\"elementor-element elementor-element-5ddcbd6 elementor-widget elementor-widget-heading\" data-id=\"5ddcbd6\" data-element_type=\"widget\" data-widget_type=\"heading.default\">\n\t\t\t\t\t<h1 class=\"elementor-heading-title elementor-size-default\">Forex Lot Rechner<\/h1>\t\t\t\t<\/div>\n\t\t\t\t<div class=\"elementor-element elementor-element-497619d elementor-widget elementor-widget-heading\" data-id=\"497619d\" data-element_type=\"widget\" data-widget_type=\"heading.default\">\n\t\t\t\t\t<h2 class=\"elementor-heading-title elementor-size-default\">Verwendung des Forex-Positionsgr\u00f6\u00dfenrechners f\u00fcr das Risikomanagement<\/h2>\t\t\t\t<\/div>\n\t\t\t\t\t<\/div>\n\t\t\t\t<\/div>\n\t\t\t\t<div class=\"elementor-element elementor-element-1ba747c elementor-widget__width-inherit elementor-absolute elementor-widget elementor-widget-image\" data-id=\"1ba747c\" data-element_type=\"widget\" data-settings=\"{&quot;_position&quot;:&quot;absolute&quot;}\" data-widget_type=\"image.default\">\n\t\t\t\t\t\t\t\t\t\t\t\t\t\t\t<img fetchpriority=\"high\" decoding=\"async\" width=\"500\" height=\"281\" src=\"https:\/\/mister.forex\/wp-content\/uploads\/2024\/02\/9-500x281.webp\" class=\"attachment-medium size-medium wp-image-4081\" alt=\"\" srcset=\"https:\/\/mister.forex\/wp-content\/uploads\/2024\/02\/9-500x281.webp 500w, https:\/\/mister.forex\/wp-content\/uploads\/2024\/02\/9-600x337.webp 600w, https:\/\/mister.forex\/wp-content\/uploads\/2024\/02\/9-1200x675.webp 1200w, https:\/\/mister.forex\/wp-content\/uploads\/2024\/02\/9-300x169.webp 300w, https:\/\/mister.forex\/wp-content\/uploads\/2024\/02\/9-768x432.webp 768w, https:\/\/mister.forex\/wp-content\/uploads\/2024\/02\/9.webp 1366w\" sizes=\"(max-width: 500px) 100vw, 500px\" \/>\t\t\t\t\t\t\t\t\t\t\t\t\t\t\t<\/div>\n\t\t\t\t\t<\/div>\n\t\t\t\t<\/div>\n\t\t<div class=\"elementor-element elementor-element-9b36753 e-flex e-con-boxed e-con e-parent\" data-id=\"9b36753\" data-element_type=\"container\">\n\t\t\t\t\t<div class=\"e-con-inner\">\n\t\t<div class=\"elementor-element elementor-element-81b1b11 e-con-full e-flex e-con e-child\" data-id=\"81b1b11\" data-element_type=\"container\">\n\t\t<div class=\"elementor-element elementor-element-efb6cc3 e-con-full e-flex e-con e-child\" data-id=\"efb6cc3\" data-element_type=\"container\">\n\t\t\t\t<div class=\"elementor-element elementor-element-fb5bb9a elementor-widget elementor-widget-text-editor\" data-id=\"fb5bb9a\" data-element_type=\"widget\" data-widget_type=\"text-editor.default\">\n\t\t\t\t\t\t\t\t\t<h2><strong>Benutzeranleitung<\/strong><\/h2><h3><strong>Eingabeoptionen<\/strong><\/h3><p><strong><span style=\"text-decoration: underline;\">Instrument<\/span>:&nbsp;<\/strong>W\u00e4hlen Sie Handelsprodukte wie Forex-Margin, Aktien, Kryptow\u00e4hrungen, Metalle, Indizes, Differenzkontrakte usw.<\/p><p><strong><span style=\"text-decoration: underline;\">W\u00e4hrung der Einzahlung<\/span>:&nbsp;<\/strong>W\u00e4hlen Sie die Kontow\u00e4hrung, z. B. US-Dollar (USD), Euro (EUR) usw.<\/p><p><span style=\"text-decoration: underline;\"><strong>Stop-Loss (Pips)<\/strong><\/span><strong>:&nbsp;<\/strong>Geben Sie Ihre Stop-Loss-Pip-Punkte ein.<\/p><p><strong><span style=\"text-decoration: underline;\">Kontostand<\/span>:&nbsp;<\/strong>Geben Sie Ihr Kontoguthaben ein.<\/p><p><strong><span style=\"text-decoration: underline;\">1 Pip-Gr\u00f6\u00dfe<\/span>:&nbsp;<\/strong>Geben Sie die Gr\u00f6\u00dfe jedes Pips ein, z. B. EUR\/USD = 0,00001.<\/p><p><strong><span style=\"text-decoration: underline;\">Risiko<\/span>:&nbsp;<\/strong>Legen Sie den Prozentsatz des Risikos fest, den Sie bereit sind einzugehen.<\/p><p><strong><span style=\"text-decoration: underline;\">Kontraktgr\u00f6\u00dfe (Einheiten pro Lot)<\/span>:&nbsp;<\/strong>Geben Sie die Einheitengr\u00f6\u00dfe pro Kontrakt ein.<\/p>\t\t\t\t\t\t\t\t<\/div>\n\t\t\t\t<div class=\"elementor-element elementor-element-ab30dff elementor-widget elementor-widget-text-editor\" data-id=\"ab30dff\" data-element_type=\"widget\" data-widget_type=\"text-editor.default\">\n\t\t\t\t\t\t\t\t\t<h3><strong>Berechnungsergebnisse<\/strong><\/h3><p><strong><span style=\"text-decoration: underline;\">Lose (Handelsgr\u00f6\u00dfe)<\/span>:&nbsp;<\/strong>Zeigen Sie die entsprechende Handelsgr\u00f6\u00dfe unter dieser \"Risikogr\u00f6\u00dfe\" an.<\/p><p><strong><span style=\"text-decoration: underline;\">Einheiten (Handelsgr\u00f6\u00dfe)<\/span>:&nbsp;<\/strong>Zeigen Sie den Vertragswert an, der mit dieser Handelsgr\u00f6\u00dfe verbunden ist.<\/p><p><strong><span style=\"text-decoration: underline;\">Gef\u00e4hrdetes Geld<\/span>:&nbsp;<\/strong>Zeigen Sie den entsprechenden Verlustbetrag bei Verlust unter dieser \u201eRisikogr\u00f6\u00dfe\u201c an.<\/p>\t\t\t\t\t\t\t\t<\/div>\n\t\t\t\t<div class=\"elementor-element elementor-element-704805b elementor-widget elementor-widget-text-editor\" data-id=\"704805b\" data-element_type=\"widget\" data-widget_type=\"text-editor.default\">\n\t\t\t\t\t\t\t\t\t<h2><strong>Was ist eine Lotgr\u00f6\u00dfe?<\/strong><\/h2><p>Im Forex-Handel ist \u201eLot\u201c ein Schl\u00fcsselbegriff, der die Gr\u00f6\u00dfe des Handels definiert, oder anders gesagt, die Anzahl der W\u00e4hrungseinheiten, die gekauft oder verkauft werden sollen. Ein Standard-Lot entspricht 100.000 Einheiten der Basisw\u00e4hrung.<\/p><p>Die meisten Broker erlauben Handelsgr\u00f6\u00dfen von bis zu 0,01 oder sogar noch niedriger. Diese kleinen Handelsgr\u00f6\u00dfen werden manchmal als Mini-Lot, Mikro-Lot und Nano-Lot bezeichnet.<\/p>\t\t\t\t\t\t\t\t<\/div>\n\t\t\t\t<div class=\"elementor-element elementor-element-4cefe0f elementor-widget elementor-widget-html\" data-id=\"4cefe0f\" data-element_type=\"widget\" data-widget_type=\"html.default\">\n\t\t\t\t\t<style>\r\n  \/* \u6574\u500b\u8868\u683c\u7684\u57fa\u790e\u6a23\u5f0f *\/\r\n  .custom-forex-table {\r\n    width: 100%;                  \/* \u5bec\u5ea6\u586b\u6eff\u5bb9\u5668 *\/\r\n    border-collapse: collapse;      \/* \u8b93\u908a\u6846\u5408\u4f75\uff0c\u770b\u8d77\u4f86\u66f4\u4e7e\u6de8 *\/\r\n    text-align: center;             \/* \u6240\u6709\u6587\u5b57\u7f6e\u4e2d *\/\r\n    font-family: \"Helvetica Neue\", Helvetica, Arial, \"\u860b\u65b9-\u7e41\", \"PingFang TC\", \"Microsoft JhengHei\", \"\u5fae\u8edf\u6b63\u9ed1\u9ad4\", sans-serif; \/* \u7f8e\u89c0\u7684\u5b57\u9ad4 *\/\r\n    box-shadow: 0 4px 8px rgba(0, 0, 0, 0.05); \/* \u53ef\u9078\uff1a\u52a0\u4e0a\u4e00\u9ede\u9670\u5f71\u589e\u52a0\u7acb\u9ad4\u611f *\/\r\n  }\r\n\r\n  \/* \u8868\u683c\u6a19\u982d (th) \u7684\u6a23\u5f0f - \u5df2\u66f4\u65b0\u5b57\u9ad4\u5927\u5c0f *\/\r\n  .custom-forex-table th {\r\n    background-color: #15264D;      \/* \u6df1\u85cd\u8272\u80cc\u666f *\/\r\n    color: #ffffff;                 \/* \u767d\u8272\u6587\u5b57 *\/\r\n    padding: 16px 12px;             \/* \u5167\u908a\u8ddd (\u4e0a\u4e0b \u5de6\u53f3) *\/\r\n    font-weight: 600;               \/* \u6587\u5b57\u52a0\u7c97 *\/\r\n    font-size: 14px;                \/* \u5b57\u9ad4\u5927\u5c0f (\u7531 16px \u8abf\u5c0f) *\/\r\n  }\r\n\r\n  \/* \u8868\u683c\u5167\u5bb9\u5132\u5b58\u683c (td) \u7684\u6a23\u5f0f - \u5df2\u66f4\u65b0\u5b57\u9ad4\u7c97\u7d30 *\/\r\n  .custom-forex-table td {\r\n    padding: 16px 12px;             \/* \u5167\u908a\u8ddd *\/\r\n    border-bottom: 1px solid #e5e9f2; \/* \u5132\u5b58\u683c\u4e0b\u65b9\u7684\u5206\u9694\u7dda *\/\r\n    font-size: 15px;\r\n    color: #34495e;                 \/* \u5167\u5bb9\u6587\u5b57\u984f\u8272 *\/\r\n    font-weight: 600;               \/* \u6839\u64da\u60a8\u7684\u8981\u6c42\u52a0\u91cd\u70ba semi-bold *\/\r\n  }\r\n\r\n  \/* \u8868\u683c\u5167\u5bb9\u5340\u584a (tbody) \u7684\u5947\u6578\u884c (\u7b2c1, 3, 5...\u884c) *\/\r\n  .custom-forex-table tbody tr:nth-child(odd) {\r\n    background-color: #f3f5fc;      \/* \u6dfa\u7070\u85cd\u8272\u80cc\u666f *\/\r\n  }\r\n\r\n  \/* \u8868\u683c\u5167\u5bb9\u5340\u584a (tbody) \u7684\u5076\u6578\u884c (\u7b2c2, 4, 6...\u884c) *\/\r\n  .custom-forex-table tbody tr:nth-child(even) {\r\n    background-color: #ffffff;      \/* \u767d\u8272\u80cc\u666f *\/\r\n  }\r\n<\/style>\r\n\r\n<table class=\"custom-forex-table\">\r\n  <thead>\r\n    <tr>\r\n      <th>Losart<\/th>\r\n      <th>Losgr\u00f6\u00dfe<\/th>\r\n      <th>Entsprechende Basisw\u00e4hrungsmenge<\/th>\r\n    <\/tr>\r\n  <\/thead>\r\n  <tbody>\r\n    <tr>\r\n      <td>Standard-Lot<\/td>\r\n      <td>1.0<\/td>\r\n      <td>100,000<\/td>\r\n    <\/tr>\r\n    <tr>\r\n      <td>Mini-Lot<\/td>\r\n      <td>0.10<\/td>\r\n      <td>10,000<\/td>\r\n    <\/tr>\r\n    <tr>\r\n      <td>Mikro-Lot<\/td>\r\n      <td>0.01<\/td>\r\n      <td>1,000<\/td>\r\n    <\/tr>\r\n    <tr>\r\n      <td>Nano-Lot<\/td>\r\n      <td>0.001<\/td>\r\n      <td>100<\/td>\r\n    <\/tr>\r\n  <\/tbody>\r\n<\/table>\t\t\t\t<\/div>\n\t\t\t\t<\/div>\n\t\t<div class=\"elementor-element elementor-element-e0b8058 e-con-full e-flex e-con e-child\" data-id=\"e0b8058\" data-element_type=\"container\">\n\t\t\t\t<div class=\"elementor-element elementor-element-103a1ae elementor-widget__width-initial elementor-widget elementor-widget-html\" data-id=\"103a1ae\" data-element_type=\"widget\" data-widget_type=\"html.default\">\n\t\t\t\t\t<div id=\"position-size-calculator-8044\"><script type=\"text\/javascript\" src=\"https:\/\/www.cashbackforex.com\/Content\/remote\/remote-widgets.js\"><\/script><script type=\"text\/javascript\"> RemoteCalc({\"Url\":\"https:\/\/www.cashbackforex.com\", \"TopPaneStyle\":\"YmFja2dyb3VuZDogbGluZWFyLWdyYWRpZW50KCNmZmYgMjAlLCAjZjVmNWY1IDQ1JSk7IGNvbG9yOiBibGFjazsgYm9yZGVyOiBzb2xpZCAxcHggI2FhYTsgYm9yZGVyLWJvdHRvbTogbm9uZTsg\",\"BottomPaneStyle\":\"YmFja2dyb3VuZDogI2YzZjNmMzsgYm9yZGVyOiBzb2xpZCAxcHggI2FhYTsgY29sb3I6IGJsYWNrOw==\",\"ButtonStyle\":\"YmFja2dyb3VuZDogIzM0MzU0MDsgY29sb3I6IHdoaXRlOyBib3JkZXItcmFkaXVzOiAyMHB4Ow==\",\"TitleStyle\":\"dGV4dC1hbGlnbjogbGVmdDsgZm9udC1zaXplOiAxNnB4OyBmb250LXdlaWdodDogNTAwOw==\",\"TextboxStyle\":\"YmFja2dyb3VuZC1jb2xvcjogd2hpdGU7IGNvbG9yOiBibGFjazsgYm9yZGVyOiBzb2xpZCAxcHggI2FhYWFhYQ==\",\"ContainerWidth\":\"500\",\"HighlightColor\":\"#ffff00\",\"IsDisplayTitle\":false,\"IsShowChartLinks\":false,\"IsShowEmbedButton\":false,\"Lang\":wlang(),\"CompactType\":\"large\",\"Calculator\":\"position-size-calculator\",\"ContainerId\":\"position-size-calculator-8044\"});\n\nfunction wlang() {\n    \n\tvar lang = window.location.href;\n\n\tif (!lang) {\n\t\treturn 'en';\n\t}\n\n        if (lang.match('\/zh\/')) {\n\t\treturn 'zh';\n\n\t} else if (lang.match('\/hk\/')) {\n\t\treturn 'zh';\n\t\t\n\t} else if (lang.match('\/cn\/')) {\n\t\treturn 'zh';\n\t\t\n\t} else if (lang.match('\/en\/')) {\n\t\treturn 'en';\n\t\t\n\t} else if (lang.match('\/hi\/')) {\n\t\treturn 'en';\n\t\t\n\t} else if (lang.match('\/pt_br\/')) {\n\t\treturn 'pt';\n\t\t\n\t} else if (lang.match('\/ms\/')) {\n\t\treturn 'id';\n\t\t\n\t} else if (lang.match('\/es\/')) {\n\t\treturn 'es';\n\t\t\n\t} else if (lang.match('\/es_ar\/')) {\n\t\treturn 'es';\n\t\t\n\t} else if (lang.match('\/es_mx\/')) {\n\t\treturn 'es';\n\n\t} else if (lang.match('\/bn\/')) {\n\t\treturn 'en';\n\t\t\n\t} else if (lang.match('\/nb\/')) {\n\t\treturn 'en';\t\t\n\n\t} else if (lang.match('\/da\/')) {\n\t\treturn 'en';\n\t\t\n\t} else if (lang.match('\/nl\/')) {\n\t\treturn 'en';\n\t\t\n\t} else if (lang.match('\/sv\/')) {\n\t\treturn 'en';\n\t\t\n\t} else if (lang.match('\/uk\/')) {\n\t\treturn 'ru';\n\t\t\n\t} else if (lang.match('\/ur\/')) {\n\t\treturn 'en';\n\t\t\n\t} else if (lang.match('\/de\/')) {\n\t\treturn 'de';\n\t\t\n\t} else if (lang.match('\/fr\/')) {\n\t\treturn 'fr';\n\t\t\n\t} else if (lang.match('\/id\/')) {\n\t\treturn 'id';\n\t\t\n\t} else if (lang.match('\/it\/')) {\n\t\treturn 'it';\n\t\t\n\t} else if (lang.match('\/hu\/')) {\n\t\treturn 'hu';\n\t\t\n\t} else if (lang.match('\/pt\/')) {\n\t\treturn 'pt';\n\t\t\n\t} else if (lang.match('\/pl\/')) {\n\t\treturn 'pl';\n\t\t\n\t} else if (lang.match('\/ro\/')) {\n\t\treturn 'ro';\n\t\t\n\t} else if (lang.match('\/vi\/')) {\n\t\treturn 'vi';\n\t\t\n\t} else if (lang.match('\/tr\/')) {\n\t\treturn 'tr';\n\t\t\n\t} else if (lang.match('\/el\/')) {\n\t\treturn 'el';\n\t\t\n\t} else if (lang.match('\/ru\/')) {\n\t\treturn 'ru';\n\t\t\n\t} else if (lang.match('\/ar\/')) {\n\t\treturn 'ar';\n\t\t\n\t} else if (lang.match('\/th\/')) {\n\t\treturn 'th';\n\t\t\n\t} else if (lang.match('\/kr\/')) {\n\t\treturn 'ko';\n\t\t\n\t} else if (lang.match('\/jp\/')) {\n\t\treturn 'ja';\n\t\t\n\t} else if (lang.match('\/cs\/')) {\n\t\treturn 'cs';\n\t\t\n\t}else {\n\t\treturn 'zh';\n\t}\n}\n<\/script><\/div>\t\t\t\t<\/div>\n\t\t\t\t<\/div>\n\t\t\t\t<\/div>\n\t\t\t\t\t<\/div>\n\t\t\t\t<\/div>\n\t\t\t\t<\/div>","protected":false},"excerpt":{"rendered":"<p>Forex Lot Rechner ist ein leistungsstarkes Werkzeug, das Ihnen hilft, fundierte Entscheidungen beim Handel zu treffen. Es kann basierend auf Ihrem Handelsinstrument, Kontow\u00e4hrung, Stop-Loss-Punkten\/Preis, Kontostand, Punktgr\u00f6\u00dfe, Risikoanteil und Kontraktgr\u00f6\u00dfe die am besten geeigneten Handelslots, Handelsgr\u00f6\u00dfe und Stop-Loss-Betrag f\u00fcr Sie berechnen.<\/p>","protected":false},"author":1,"featured_media":23581,"parent":15462,"menu_order":0,"comment_status":"closed","ping_status":"closed","template":"","meta":{"footnotes":""},"tags":[128],"class_list":["post-15490","page","type-page","status-publish","has-post-thumbnail","hentry","tag-no-google"],"_links":{"self":[{"href":"https:\/\/mister.forex\/de\/wp-json\/wp\/v2\/pages\/15490","targetHints":{"allow":["GET"]}}],"collection":[{"href":"https:\/\/mister.forex\/de\/wp-json\/wp\/v2\/pages"}],"about":[{"href":"https:\/\/mister.forex\/de\/wp-json\/wp\/v2\/types\/page"}],"author":[{"embeddable":true,"href":"https:\/\/mister.forex\/de\/wp-json\/wp\/v2\/users\/1"}],"replies":[{"embeddable":true,"href":"https:\/\/mister.forex\/de\/wp-json\/wp\/v2\/comments?post=15490"}],"version-history":[{"count":3,"href":"https:\/\/mister.forex\/de\/wp-json\/wp\/v2\/pages\/15490\/revisions"}],"predecessor-version":[{"id":69175,"href":"https:\/\/mister.forex\/de\/wp-json\/wp\/v2\/pages\/15490\/revisions\/69175"}],"up":[{"embeddable":true,"href":"https:\/\/mister.forex\/de\/wp-json\/wp\/v2\/pages\/15462"}],"wp:featuredmedia":[{"embeddable":true,"href":"https:\/\/mister.forex\/de\/wp-json\/wp\/v2\/media\/23581"}],"wp:attachment":[{"href":"https:\/\/mister.forex\/de\/wp-json\/wp\/v2\/media?parent=15490"}],"wp:term":[{"taxonomy":"post_tag","embeddable":true,"href":"https:\/\/mister.forex\/de\/wp-json\/wp\/v2\/tags?post=15490"}],"curies":[{"name":"wp","href":"https:\/\/api.w.org\/{rel}","templated":true}]}}