{"id":15663,"date":"2024-05-03T18:15:49","date_gmt":"2024-05-03T10:15:49","guid":{"rendered":"http:\/\/192.168.0.254\/?page_id=15663"},"modified":"2026-04-02T23:15:54","modified_gmt":"2026-04-02T15:15:54","slug":"forex-margin-calculator","status":"publish","type":"page","link":"https:\/\/mister.forex\/de\/tools\/forex-margin-calculator\/","title":{"rendered":"Forex Margin Rechner | Forex Hebel und Margin Rechner"},"content":{"rendered":"<div data-elementor-type=\"wp-page\" data-elementor-id=\"15663\" class=\"elementor elementor-15663\" data-elementor-post-type=\"page\">\n\t\t\t\t<div class=\"elementor-element elementor-element-67c4679 e-flex e-con-boxed e-con e-parent\" data-id=\"67c4679\" data-element_type=\"container\" data-settings=\"{&quot;background_background&quot;:&quot;classic&quot;}\">\n\t\t\t\t\t<div class=\"e-con-inner\">\n\t\t<div class=\"elementor-element elementor-element-f5ea4b8 e-flex e-con-boxed e-con e-child\" data-id=\"f5ea4b8\" data-element_type=\"container\">\n\t\t\t\t\t<div class=\"e-con-inner\">\n\t\t\t\t<div class=\"elementor-element elementor-element-b2ed106 elementor-widget elementor-widget-heading\" data-id=\"b2ed106\" data-element_type=\"widget\" data-widget_type=\"heading.default\">\n\t\t\t\t\t<h1 class=\"elementor-heading-title elementor-size-default\">Forex Margin Rechner<\/h1>\t\t\t\t<\/div>\n\t\t\t\t<div class=\"elementor-element elementor-element-81cfd43 elementor-widget elementor-widget-heading\" data-id=\"81cfd43\" data-element_type=\"widget\" data-widget_type=\"heading.default\">\n\t\t\t\t\t<h2 class=\"elementor-heading-title elementor-size-default\">Forex Hebel- und Margin-Rechner<\/h2>\t\t\t\t<\/div>\n\t\t\t\t\t<\/div>\n\t\t\t\t<\/div>\n\t\t\t\t<div class=\"elementor-element elementor-element-9dc2f58 elementor-widget__width-inherit elementor-absolute elementor-widget elementor-widget-image\" data-id=\"9dc2f58\" data-element_type=\"widget\" data-settings=\"{&quot;_position&quot;:&quot;absolute&quot;}\" data-widget_type=\"image.default\">\n\t\t\t\t\t\t\t\t\t\t\t\t\t\t\t<img fetchpriority=\"high\" decoding=\"async\" width=\"500\" height=\"281\" src=\"https:\/\/mister.forex\/wp-content\/uploads\/2024\/02\/9-500x281.webp\" class=\"attachment-medium size-medium wp-image-4081\" alt=\"\" srcset=\"https:\/\/mister.forex\/wp-content\/uploads\/2024\/02\/9-500x281.webp 500w, https:\/\/mister.forex\/wp-content\/uploads\/2024\/02\/9-600x337.webp 600w, https:\/\/mister.forex\/wp-content\/uploads\/2024\/02\/9-1200x675.webp 1200w, https:\/\/mister.forex\/wp-content\/uploads\/2024\/02\/9-300x169.webp 300w, https:\/\/mister.forex\/wp-content\/uploads\/2024\/02\/9-768x432.webp 768w, https:\/\/mister.forex\/wp-content\/uploads\/2024\/02\/9.webp 1366w\" sizes=\"(max-width: 500px) 100vw, 500px\" \/>\t\t\t\t\t\t\t\t\t\t\t\t\t\t\t<\/div>\n\t\t\t\t\t<\/div>\n\t\t\t\t<\/div>\n\t\t<div class=\"elementor-element elementor-element-cc6b6fb e-flex e-con-boxed e-con e-parent\" data-id=\"cc6b6fb\" data-element_type=\"container\">\n\t\t\t\t\t<div class=\"e-con-inner\">\n\t\t<div class=\"elementor-element elementor-element-3bb6741 e-con-full e-flex e-con e-child\" data-id=\"3bb6741\" data-element_type=\"container\">\n\t\t<div class=\"elementor-element elementor-element-e9305a3 e-con-full e-flex e-con e-child\" data-id=\"e9305a3\" data-element_type=\"container\">\n\t\t\t\t<div class=\"elementor-element elementor-element-72b1357 elementor-widget elementor-widget-text-editor\" data-id=\"72b1357\" data-element_type=\"widget\" data-widget_type=\"text-editor.default\">\n\t\t\t\t\t\t\t\t\t<h2><strong>Benutzeranleitung<\/strong><\/h2><h3><strong>Eingabeoptionen<\/strong><\/h3><p><strong><span style=\"text-decoration: underline;\">Instrument<\/span>:&nbsp;<\/strong>W\u00e4hlen Sie Handelsprodukte wie Forex-Margin, Aktien, Kryptow\u00e4hrungen, Metalle, Indizes, Differenzkontrakte usw.<\/p><p><strong><span style=\"text-decoration: underline;\">W\u00e4hrung der Einzahlung<\/span>:&nbsp;<\/strong>W\u00e4hlen Sie die Kontow\u00e4hrung, z. B. US-Dollar (USD), Euro (EUR) usw.<\/p><p><strong><span style=\"text-decoration: underline;\">Hebelwirkung<\/span>:&nbsp;<\/strong>Geben Sie den Hebel Ihres Handelskontos ein.<\/p><p><strong><span style=\"text-decoration: underline;\">Lose (Handelsgr\u00f6\u00dfe)<\/span>:&nbsp;<\/strong>Geben Sie die Anzahl der Lots ein, die Sie handeln m\u00f6chten.<\/p><p><strong><span style=\"text-decoration: underline;\">Preis<\/span>:&nbsp;<\/strong>Geben Sie den aktuellen Preis des Handelsguts ein.<\/p><h3><strong>Berechnungsergebnisse<\/strong><\/h3><p><strong><span style=\"text-decoration: underline;\">Einzahlungsbetrag, den Handel zu \u00f6ffnen<\/span>:&nbsp;<\/strong>Zeigt den erforderlichen Margin-Betrag f\u00fcr die Er\u00f6ffnung einer Position an.<\/p>\t\t\t\t\t\t\t\t<\/div>\n\t\t\t\t<div class=\"elementor-element elementor-element-6df10a8 elementor-widget elementor-widget-text-editor\" data-id=\"6df10a8\" data-element_type=\"widget\" data-widget_type=\"text-editor.default\">\n\t\t\t\t\t\t\t\t\t<h2><strong>Was ist Hebel und was ist Margin?<\/strong><\/h2><p>Der Margin-Handel erm\u00f6glicht es H\u00e4ndlern, mit weniger Kapital (d.h. Margin) gr\u00f6\u00dfere Handelspositionen zu steuern, wodurch Gewinne vergr\u00f6\u00dfert, aber gleichzeitig auch Verluste ausgeweitet werden k\u00f6nnen. Diese Handelsweise wird auch als Margin-Handel bezeichnet.<\/p><p>Die Funktion des Hebels besteht darin, potenzielle Gewinne und Verluste zu vergr\u00f6\u00dfern. Wenn Sie beispielsweise Euro\/USD zu einem Preis von 1.0000 kaufen, ohne Hebel zu verwenden, muss der Preis auf null fallen, um den gesamten Verlust zu tragen, oder der Preis muss auf 2.0000 steigen, um Ihre Investition zu verdoppeln. Wenn Sie jedoch mit einem Hebel von 1:&nbsp;100 handeln, muss sich der Preis nur um 1% \u00e4ndern, um denselben Gewinn oder Verlust zu erzielen.<\/p><p>Die Margin ist das Kapital, das H\u00e4ndler bei der Er\u00f6ffnung neuer Positionen hinterlegen m\u00fcssen. Sie ist keine Handelskosten oder Geb\u00fchren und wird nach Abschluss des Handels zur\u00fcckerstattet. Der Zweck der Margin besteht darin, den Broker vor Verlusten zu sch\u00fctzen. Wenn die Verluste die Margin des H\u00e4ndlers unter den festgelegten Stop-Loss-Prozentsatz senken, wird der Broker automatisch eine oder alle offenen Positionen schlie\u00dfen. Der Broker kann vor einer solchen Liquidation eine Margin-Nachschusswarnung ausgeben, dies kann jedoch auch unterbleiben.<\/p>\t\t\t\t\t\t\t\t<\/div>\n\t\t\t\t<div class=\"elementor-element elementor-element-7e524c6 elementor-widget elementor-widget-text-editor\" data-id=\"7e524c6\" data-element_type=\"widget\" data-widget_type=\"text-editor.default\">\n\t\t\t\t\t\t\t\t\t<h2><strong>Wie funktioniert Leverage?<\/strong><\/h2><p>Mit einem Hebel von 100:&nbsp;1 kann der Trader eine Positionsgr\u00f6\u00dfe er\u00f6ffnen, die 100-mal so gro\u00df ist wie ohne Hebel. Zum Beispiel, wenn die Kosten f\u00fcr die Er\u00f6ffnung einer 0,01 Lot Euro\/USD-Position 1.000 USD betragen (ohne Hebel), und der Broker einen Hebel von 100:&nbsp;1 anbietet, ben\u00f6tigt der Trader nur 10 USD als Marge. Nat\u00fcrlich kann der Trader auch einen niedrigeren Hebel w\u00e4hlen, wie 30:&nbsp;1 oder 5:&nbsp;1, oder sogar entscheiden, keinen Hebel zu verwenden.<\/p><p>Hinweis:&nbsp;Je h\u00f6her der Hebel, desto gr\u00f6\u00dfer das Risiko. Die meisten professionellen Trader w\u00e4hlen einen niedrigeren Hebel, maximal 5:&nbsp;1, oder verwenden keinen Hebel, um das Risiko pro Trade auf einem moderaten Niveau zu halten (z. B. 2%).<\/p>\t\t\t\t\t\t\t\t<\/div>\n\t\t\t\t<div class=\"elementor-element elementor-element-2928908 elementor-alert-success elementor-widget elementor-widget-alert\" data-id=\"2928908\" data-element_type=\"widget\" data-widget_type=\"alert.default\">\n\t\t\t\t\t\t\t<div class=\"elementor-alert\" role=\"alert\">\n\n\t\t\t\n\t\t\t\t\t\t<span class=\"elementor-alert-description\"><b>Hinweis:&nbsp;<\/b><br>Je h\u00f6her der Hebel, desto gr\u00f6\u00dfer das Risiko. Die meisten professionellen Trader w\u00e4hlen einen niedrigeren Hebel, maximal 5:&nbsp;1, oder entscheiden sich daf\u00fcr, keinen Hebel zu verwenden, wobei der Risikoanteil pro Trade auf einem moderaten Niveau bleibt (z. B. 2%).<\/span>\n\t\t\t\n\t\t\t\n\t\t<\/div>\n\t\t\t\t\t\t<\/div>\n\t\t\t\t<\/div>\n\t\t<div class=\"elementor-element elementor-element-6209c4a e-con-full e-flex e-con e-child\" data-id=\"6209c4a\" data-element_type=\"container\">\n\t\t\t\t<div class=\"elementor-element elementor-element-973a2f9 elementor-widget__width-initial elementor-widget elementor-widget-html\" data-id=\"973a2f9\" data-element_type=\"widget\" data-widget_type=\"html.default\">\n\t\t\t\t\t<div id=\"margin-calculator-537057\"><script type=\"text\/javascript\" src=\"https:\/\/www.cashbackforex.com\/Content\/remote\/remote-widgets.js\"><\/script><script type=\"text\/javascript\"> RemoteCalc({\"Url\":\"https:\/\/www.cashbackforex.com\", \"TopPaneStyle\":\"YmFja2dyb3VuZDogbGluZWFyLWdyYWRpZW50KCNmZmYgMjAlLCAjZjVmNWY1IDQ1JSk7IGNvbG9yOiBibGFjazsgYm9yZGVyOiBzb2xpZCAxcHggI2FhYTsgYm9yZGVyLWJvdHRvbTogbm9uZTsg\",\"BottomPaneStyle\":\"YmFja2dyb3VuZDogI2YzZjNmMzsgYm9yZGVyOiBzb2xpZCAxcHggI2FhYTsgY29sb3I6IGJsYWNrOw==\",\"ButtonStyle\":\"YmFja2dyb3VuZDogIzM0MzU0MDsgY29sb3I6IHdoaXRlOyBib3JkZXItcmFkaXVzOiAyMHB4Ow==\",\"TitleStyle\":\"dGV4dC1hbGlnbjogbGVmdDsgZm9udC1zaXplOiAxNnB4OyBmb250LXdlaWdodDogNTAwOw==\",\"TextboxStyle\":\"YmFja2dyb3VuZC1jb2xvcjogd2hpdGU7IGNvbG9yOiBibGFjazsgYm9yZGVyOiBzb2xpZCAxcHggI2FhYWFhYQ==\",\"ContainerWidth\":\"500\",\"HighlightColor\":\"#ffff00\",\"IsDisplayTitle\":false,\"IsShowChartLinks\":false,\"IsShowEmbedButton\":false,\"Lang\":wlang(),\"CompactType\":\"large\",\"Calculator\":\"margin-calculator\",\"ContainerId\":\"margin-calculator-537057\"});\n\nfunction wlang() {\n    \n\tvar lang = window.location.href;\n\n\tif (!lang) {\n\t\treturn 'en';\n\t}\n\n        if (lang.match('\/zh\/')) {\n\t\treturn 'zh';\n\n\t} else if (lang.match('\/hk\/')) {\n\t\treturn 'zh';\n\t\t\n\t} else if (lang.match('\/cn\/')) {\n\t\treturn 'zh';\n\t\t\n\t} else if (lang.match('\/en\/')) {\n\t\treturn 'en';\n\t\t\n\t} else if (lang.match('\/hi\/')) {\n\t\treturn 'en';\n\t\t\n\t} else if (lang.match('\/pt_br\/')) {\n\t\treturn 'pt';\n\t\t\n\t} else if (lang.match('\/ms\/')) {\n\t\treturn 'id';\n\t\t\n\t} else if (lang.match('\/es\/')) {\n\t\treturn 'es';\n\t\t\n\t} else if (lang.match('\/es_ar\/')) {\n\t\treturn 'es';\n\t\t\n\t} else if (lang.match('\/es_mx\/')) {\n\t\treturn 'es';\n\n\t} else if (lang.match('\/bn\/')) {\n\t\treturn 'en';\n\t\t\n\t} else if (lang.match('\/nb\/')) {\n\t\treturn 'en';\t\t\n\n\t} else if (lang.match('\/da\/')) {\n\t\treturn 'en';\n\t\t\n\t} else if (lang.match('\/nl\/')) {\n\t\treturn 'en';\n\t\t\n\t} else if (lang.match('\/sv\/')) {\n\t\treturn 'en';\n\t\t\n\t} else if (lang.match('\/uk\/')) {\n\t\treturn 'ru';\n\t\t\n\t} else if (lang.match('\/ur\/')) {\n\t\treturn 'en';\n\t\t\n\t} else if (lang.match('\/de\/')) {\n\t\treturn 'de';\n\t\t\n\t} else if (lang.match('\/fr\/')) {\n\t\treturn 'fr';\n\t\t\n\t} else if (lang.match('\/id\/')) {\n\t\treturn 'id';\n\t\t\n\t} else if (lang.match('\/it\/')) {\n\t\treturn 'it';\n\t\t\n\t} else if (lang.match('\/hu\/')) {\n\t\treturn 'hu';\n\t\t\n\t} else if (lang.match('\/pt\/')) {\n\t\treturn 'pt';\n\t\t\n\t} else if (lang.match('\/pl\/')) {\n\t\treturn 'pl';\n\t\t\n\t} else if (lang.match('\/ro\/')) {\n\t\treturn 'ro';\n\t\t\n\t} else if (lang.match('\/vi\/')) {\n\t\treturn 'vi';\n\t\t\n\t} else if (lang.match('\/tr\/')) {\n\t\treturn 'tr';\n\t\t\n\t} else if (lang.match('\/el\/')) {\n\t\treturn 'el';\n\t\t\n\t} else if (lang.match('\/ru\/')) {\n\t\treturn 'ru';\n\t\t\n\t} else if (lang.match('\/ar\/')) {\n\t\treturn 'ar';\n\t\t\n\t} else if (lang.match('\/th\/')) {\n\t\treturn 'th';\n\t\t\n\t} else if (lang.match('\/kr\/')) {\n\t\treturn 'ko';\n\t\t\n\t} else if (lang.match('\/jp\/')) {\n\t\treturn 'ja';\n\t\t\n\t} else if (lang.match('\/cs\/')) {\n\t\treturn 'cs';\n\t\t\n\t}else {\n\t\treturn 'zh';\n\t}\n}\n<\/script><\/div>\t\t\t\t<\/div>\n\t\t\t\t<\/div>\n\t\t\t\t<\/div>\n\t\t\t\t\t<\/div>\n\t\t\t\t<\/div>\n\t\t\t\t<\/div>","protected":false},"excerpt":{"rendered":"<p>Forex Margin Rechner ist ein leistungsstarkes Werkzeug, das Ihnen hilft, fundierte Entscheidungen beim Hebelhandel zu treffen. Es kann basierend auf Ihrem Handelsinstrument, der Kontow\u00e4hrung, der Hebelwirkung, der Lotgr\u00f6\u00dfe und dem Preis des Instruments den erforderlichen urspr\u00fcnglichen Margenbetrag f\u00fcr den Handel berechnen.<\/p>","protected":false},"author":1,"featured_media":23590,"parent":15462,"menu_order":0,"comment_status":"closed","ping_status":"closed","template":"","meta":{"footnotes":""},"tags":[128],"class_list":["post-15663","page","type-page","status-publish","has-post-thumbnail","hentry","tag-no-google"],"_links":{"self":[{"href":"https:\/\/mister.forex\/de\/wp-json\/wp\/v2\/pages\/15663","targetHints":{"allow":["GET"]}}],"collection":[{"href":"https:\/\/mister.forex\/de\/wp-json\/wp\/v2\/pages"}],"about":[{"href":"https:\/\/mister.forex\/de\/wp-json\/wp\/v2\/types\/page"}],"author":[{"embeddable":true,"href":"https:\/\/mister.forex\/de\/wp-json\/wp\/v2\/users\/1"}],"replies":[{"embeddable":true,"href":"https:\/\/mister.forex\/de\/wp-json\/wp\/v2\/comments?post=15663"}],"version-history":[{"count":3,"href":"https:\/\/mister.forex\/de\/wp-json\/wp\/v2\/pages\/15663\/revisions"}],"predecessor-version":[{"id":69184,"href":"https:\/\/mister.forex\/de\/wp-json\/wp\/v2\/pages\/15663\/revisions\/69184"}],"up":[{"embeddable":true,"href":"https:\/\/mister.forex\/de\/wp-json\/wp\/v2\/pages\/15462"}],"wp:featuredmedia":[{"embeddable":true,"href":"https:\/\/mister.forex\/de\/wp-json\/wp\/v2\/media\/23590"}],"wp:attachment":[{"href":"https:\/\/mister.forex\/de\/wp-json\/wp\/v2\/media?parent=15663"}],"wp:term":[{"taxonomy":"post_tag","embeddable":true,"href":"https:\/\/mister.forex\/de\/wp-json\/wp\/v2\/tags?post=15663"}],"curies":[{"name":"wp","href":"https:\/\/api.w.org\/{rel}","templated":true}]}}