{"id":15689,"date":"2024-05-03T20:52:04","date_gmt":"2024-05-03T12:52:04","guid":{"rendered":"http:\/\/192.168.0.254\/?page_id=15689"},"modified":"2026-04-02T23:17:21","modified_gmt":"2026-04-02T15:17:21","slug":"pivot-point-calculator","status":"publish","type":"page","link":"https:\/\/mister.forex\/de\/tools\/pivot-point-calculator\/","title":{"rendered":"Pivotpunkt Rechner | Forex Pivotpunkt Rechner f\u00fcr Unterst\u00fctzung und Widerstand"},"content":{"rendered":"<div data-elementor-type=\"wp-page\" data-elementor-id=\"15689\" class=\"elementor elementor-15689\" data-elementor-post-type=\"page\">\n\t\t\t\t<div class=\"elementor-element elementor-element-5536ed9 e-flex e-con-boxed e-con e-parent\" data-id=\"5536ed9\" data-element_type=\"container\" data-settings=\"{&quot;background_background&quot;:&quot;classic&quot;}\">\n\t\t\t\t\t<div class=\"e-con-inner\">\n\t\t<div class=\"elementor-element elementor-element-ba5a32b e-flex e-con-boxed e-con e-child\" data-id=\"ba5a32b\" data-element_type=\"container\">\n\t\t\t\t\t<div class=\"e-con-inner\">\n\t\t\t\t<div class=\"elementor-element elementor-element-2136e2e elementor-widget elementor-widget-heading\" data-id=\"2136e2e\" data-element_type=\"widget\" data-widget_type=\"heading.default\">\n\t\t\t\t\t<h1 class=\"elementor-heading-title elementor-size-default\">Pivotpunkt Rechner<\/h1>\t\t\t\t<\/div>\n\t\t\t\t<div class=\"elementor-element elementor-element-cedcae0 elementor-widget elementor-widget-heading\" data-id=\"cedcae0\" data-element_type=\"widget\" data-widget_type=\"heading.default\">\n\t\t\t\t\t<h2 class=\"elementor-heading-title elementor-size-default\">Forex Pivot Point Calculator f\u00fcr Unterst\u00fctzung und Widerstand<\/h2>\t\t\t\t<\/div>\n\t\t\t\t\t<\/div>\n\t\t\t\t<\/div>\n\t\t\t\t<div class=\"elementor-element elementor-element-bf99893 elementor-widget__width-inherit elementor-absolute elementor-widget elementor-widget-image\" data-id=\"bf99893\" data-element_type=\"widget\" data-settings=\"{&quot;_position&quot;:&quot;absolute&quot;}\" data-widget_type=\"image.default\">\n\t\t\t\t\t\t\t\t\t\t\t\t\t\t\t<img fetchpriority=\"high\" decoding=\"async\" width=\"500\" height=\"281\" src=\"https:\/\/mister.forex\/wp-content\/uploads\/2024\/02\/9-500x281.webp\" class=\"attachment-medium size-medium wp-image-4081\" alt=\"\" srcset=\"https:\/\/mister.forex\/wp-content\/uploads\/2024\/02\/9-500x281.webp 500w, https:\/\/mister.forex\/wp-content\/uploads\/2024\/02\/9-600x337.webp 600w, https:\/\/mister.forex\/wp-content\/uploads\/2024\/02\/9-1200x675.webp 1200w, https:\/\/mister.forex\/wp-content\/uploads\/2024\/02\/9-300x169.webp 300w, https:\/\/mister.forex\/wp-content\/uploads\/2024\/02\/9-768x432.webp 768w, https:\/\/mister.forex\/wp-content\/uploads\/2024\/02\/9.webp 1366w\" sizes=\"(max-width: 500px) 100vw, 500px\" \/>\t\t\t\t\t\t\t\t\t\t\t\t\t\t\t<\/div>\n\t\t\t\t\t<\/div>\n\t\t\t\t<\/div>\n\t\t<div class=\"elementor-element elementor-element-f4bbbce e-flex e-con-boxed e-con e-parent\" data-id=\"f4bbbce\" data-element_type=\"container\">\n\t\t\t\t\t<div class=\"e-con-inner\">\n\t\t<div class=\"elementor-element elementor-element-118367b e-con-full e-flex e-con e-child\" data-id=\"118367b\" data-element_type=\"container\">\n\t\t<div class=\"elementor-element elementor-element-4aaf97d e-con-full e-flex e-con e-child\" data-id=\"4aaf97d\" data-element_type=\"container\">\n\t\t\t\t<div class=\"elementor-element elementor-element-7a71ef8 elementor-widget elementor-widget-text-editor\" data-id=\"7a71ef8\" data-element_type=\"widget\" data-widget_type=\"text-editor.default\">\n\t\t\t\t\t\t\t\t\t<h2><strong>Benutzeranleitung<\/strong><\/h2><h3><strong>Eingabeoptionen<\/strong><\/h3><p><strong><span style=\"text-decoration: underline;\">Art<\/span>:&nbsp;<\/strong>In diesem Feld stehen vier verschiedene Methoden zur Berechnung von Pivot-Punkten zur Auswahl.<\/p><ol><li><strong><span style=\"text-decoration: underline;\">Standard<\/span>:&nbsp;<\/strong>7 Ebenen zwischen R3 und S3.<\/li><li><strong><span style=\"text-decoration: underline;\">Woodie<\/span>:&nbsp;<\/strong>5 Niveaus zwischen R2 und S2.<\/li><li><strong><span style=\"text-decoration: underline;\">Camarilla<\/span>:&nbsp;<\/strong>9 Ebenen zwischen R4 und S4.<\/li><li><strong><span style=\"text-decoration: underline;\">DeMark<\/span>:&nbsp;<\/strong>Berechnen Sie nur 2 Niveaus zwischen R1 und S1.<\/li><\/ol>\t\t\t\t\t\t\t\t<\/div>\n\t\t\t\t<div class=\"elementor-element elementor-element-61abba3 elementor-widget elementor-widget-text-editor\" data-id=\"61abba3\" data-element_type=\"widget\" data-widget_type=\"text-editor.default\">\n\t\t\t\t\t\t\t\t\t<p><strong><span style=\"text-decoration: underline;\">Hoher Preis<\/span>:&nbsp;<\/strong>Geben Sie den H\u00f6chstpreis des Handelsprodukts am vorherigen Handelstag ein.<\/p><p><strong><span style=\"text-decoration: underline;\">Niedriger Preis<\/span>:&nbsp;<\/strong>Geben Sie den niedrigsten Preis des Handelsprodukts am vorherigen Handelstag ein.<\/p><p><strong><span style=\"text-decoration: underline;\">Schlusskurs<\/span>:&nbsp;<\/strong>Geben Sie den Schlusskurs des vorherigen Handelstags ein.<\/p><p><strong>\u203b<\/strong>\u00a0<strong><span style=\"text-decoration: underline;\">Offener Preis<\/span>:&nbsp;<\/strong>Geben Sie den Er\u00f6ffnungspreis des vorherigen Handelstags ein, der eine der entscheidenden Berechnungsdaten in der DeMark-Methode ist.<\/p>\t\t\t\t\t\t\t\t<\/div>\n\t\t\t\t<div class=\"elementor-element elementor-element-d6b57e4 elementor-widget elementor-widget-text-editor\" data-id=\"d6b57e4\" data-element_type=\"widget\" data-widget_type=\"text-editor.default\">\n\t\t\t\t\t\t\t\t\t<h2><strong>Berechnungsergebnisse<\/strong><\/h2><p>Pivotpunkt Rechner wird basierend auf der gew\u00e4hlten Berechnungsmethode und den eingegebenen Preisdaten die Pivotpunkte f\u00fcr die n\u00e4chste Handelsperiode berechnen und anzeigen.<\/p><p>Zum Beispiel, nehmen wir an, wir m\u00f6chten den Pivot-Punkt f\u00fcr das W\u00e4hrungspaar Euro\/US-Dollar und den n\u00e4chsten Handelszeitraum berechnen.<\/p><p>Zuerst w\u00e4hlen wir in unserem Beispiel die Standardberechnungsmethode.<\/p><p>Wir geben den h\u00f6chsten Preis des W\u00e4hrungspaares Euro\/US-Dollar am vorherigen Handelstag mit 1,2000, den niedrigsten Preis mit 1,1500 und den Schlusskurs mit 1,1700 ein.<\/p><p>Pivotpunkt Rechner (im Standardmodus) wird die 7 Pivotpunkte f\u00fcr das W\u00e4hrungspaar Euro\/US-Dollar im n\u00e4chsten Handelszeitraum berechnen und anzeigen.<\/p><p>Der Pivot-Punkt f\u00fcr den n\u00e4chsten Handelstag liegt bei 1.1733<\/p><p>Die 3 Unterst\u00fctzungsniveaus sind 1.1467 (S1), 1.1233 (S2) und 1.0967 (S3).<\/p><p>Die 3 Widerstandsniveaus sind 1.1967 (R1), 1.2233 (R2) und 1.2467 (R3).<\/p>\t\t\t\t\t\t\t\t<\/div>\n\t\t\t\t<div class=\"elementor-element elementor-element-51954b1 elementor-widget elementor-widget-text-editor\" data-id=\"51954b1\" data-element_type=\"widget\" data-widget_type=\"text-editor.default\">\n\t\t\t\t\t\t\t\t\t<h2><strong>Was sind Pivot-Punkte?<\/strong><\/h2><p>Pivot-Punkte sind ein h\u00e4ufiges technisches Analysewerkzeug im Forex-Handel, das verwendet wird, um m\u00f6gliche Unterst\u00fctzungs- und Widerstandsniveaus zu bestimmen.<\/p><p>Es wird aus dem Durchschnitt des h\u00f6chsten, niedrigsten und Schlusskurses des vorherigen Handelstags berechnet.<\/p><p><strong>Pivot Point =<\/strong><\/p><p data-pm-slice=\"0 0 []\"><strong>\uff3bH\u00f6chstpreis (Hochpreis) \uff0bTiefstpreis (Tiefpreis) \uff0bSchlusskurs (Schlusskurs) \uff3d\uff0f\uff13<\/strong><\/p><p>Im n\u00e4chsten Handelszeitraum k\u00f6nnte es darauf hindeuten, dass der Markt weiter f\u00e4llt, wenn der aktuelle Preis unter dem Pivot-Punkt liegt; umgekehrt k\u00f6nnte es darauf hindeuten, dass der Markt weiter steigt, wenn der aktuelle Preis \u00fcber dem Pivot-Punkt liegt.<\/p><p>Die Pivot-Punkt-Strategie ist eine prognosebasierte Handelsstrategie, die H\u00e4ndlern helfen kann, m\u00f6gliche Preisumkehrpunkte oder Durchbruchsniveaus zu bestimmen. Der Hauptvorteil dieser Strategie besteht darin, dass sie sofortige Marktbewegungsinformationen bereitstellen kann, anstatt verz\u00f6gerte Informationen.<\/p><p>Unser Pivotpunkt Rechner kann Ihnen helfen, die Pivotpunkte, drei Widerstandsniveaus und drei Unterst\u00fctzungsniveaus f\u00fcr den Preis eines beliebigen Finanzinstruments genau zu berechnen. Diese Niveaus k\u00f6nnen Ihnen helfen, die m\u00f6glichen Marktbewegungen besser zu verstehen und effektive Handelsstrategien zu entwickeln.<\/p>\t\t\t\t\t\t\t\t<\/div>\n\t\t\t\t<div class=\"elementor-element elementor-element-5a452a9 elementor-alert-danger elementor-widget elementor-widget-alert\" data-id=\"5a452a9\" data-element_type=\"widget\" data-widget_type=\"alert.default\">\n\t\t\t\t\t\t\t<div class=\"elementor-alert\" role=\"alert\">\n\n\t\t\t\n\t\t\t\t\t\t<span class=\"elementor-alert-description\">Die Wirksamkeit der Pivot-Punkt-Handelsstrategie h\u00e4ngt in hohem Ma\u00dfe von der Genauigkeit der verwendeten Preisdaten ab. Diese Preisdaten (einschlie\u00dflich H\u00f6chstpreis, Tiefstpreis und Schlusskurs) sollten direkt aus den Handelszeiten des Marktes des jeweiligen Instruments entnommen werden, um sicherzustellen, dass sie mit den Preisdaten des Brokers \u00fcbereinstimmen.\n<br><br>\nAllerdings kann es aufgrund einiger Einzelhandels-CFD-Broker, die Datenserver in verschiedenen Zeitzonen haben, zu Abweichungen der Daten im Vergleich zum offiziellen Markt kommen. Diese Situation kann dazu f\u00fchren, dass die Charts und Preise auf den Handelsplattformen je nach Broker variieren, was die Ergebnisse der Pivot-Punkt-Strategie beeinflussen kann.\n<br><br>\nDaher m\u00fcssen H\u00e4ndler, um die Wirksamkeit der Pivot-Punkt-Strategie sicherzustellen, gew\u00e4hrleisten, dass die verwendeten Preisdaten genau und zuverl\u00e4ssig sind und mit den Daten ihres Brokers \u00fcbereinstimmen. Dies kann erfordern, dass H\u00e4ndler mit ihren Brokern kommunizieren, um die besten Datenquellen zu bestimmen.<\/span>\n\t\t\t\n\t\t\t\n\t\t<\/div>\n\t\t\t\t\t\t<\/div>\n\t\t\t\t<\/div>\n\t\t\t\t<\/div>\n\t\t<div class=\"elementor-element elementor-element-e6e20af e-con-full e-flex e-con e-child\" data-id=\"e6e20af\" data-element_type=\"container\">\n\t\t\t\t<div class=\"elementor-element elementor-element-46abd96 elementor-widget__width-initial elementor-widget elementor-widget-html\" data-id=\"46abd96\" data-element_type=\"widget\" data-widget_type=\"html.default\">\n\t\t\t\t\t<div id=\"pivot-point-calculator-29446\"><script type=\"text\/javascript\" src=\"https:\/\/www.cashbackforex.com\/Content\/remote\/remote-widgets.js\"><\/script><script type=\"text\/javascript\"> RemoteCalc({\"Url\":\"https:\/\/www.cashbackforex.com\", \"TopPaneStyle\":\"YmFja2dyb3VuZDogbGluZWFyLWdyYWRpZW50KCNmZmYgMjAlLCAjZjVmNWY1IDQ1JSk7IGNvbG9yOiBibGFjazsgYm9yZGVyOiBzb2xpZCAxcHggI2FhYTsgYm9yZGVyLWJvdHRvbTogbm9uZTsg\",\"BottomPaneStyle\":\"YmFja2dyb3VuZDogI2YzZjNmMzsgYm9yZGVyOiBzb2xpZCAxcHggI2FhYTsgY29sb3I6IGJsYWNrOw==\",\"ButtonStyle\":\"YmFja2dyb3VuZDogIzM0MzU0MDsgY29sb3I6IHdoaXRlOyBib3JkZXItcmFkaXVzOiAyMHB4Ow==\",\"TitleStyle\":\"dGV4dC1hbGlnbjogbGVmdDsgZm9udC1zaXplOiAxNnB4OyBmb250LXdlaWdodDogNTAwOw==\",\"TextboxStyle\":\"YmFja2dyb3VuZC1jb2xvcjogd2hpdGU7IGNvbG9yOiBibGFjazsgYm9yZGVyOiBzb2xpZCAxcHggI2FhYWFhYQ==\",\"ContainerWidth\":\"500\",\"HighlightColor\":\"#ffff00\",\"IsDisplayTitle\":false,\"IsShowEmbedButton\":false,\"Lang\":wlang(),\"CompactType\":\"large\",\"Calculator\":\"pivot-point-calculator\",\"ContainerId\":\"pivot-point-calculator-29446\"});\n\nfunction wlang() {\n    \n\tvar lang = window.location.href;\n\n\tif (!lang) {\n\t\treturn 'en';\n\t}\n\n        if (lang.match('\/zh\/')) {\n\t\treturn 'zh';\n\n\t} else if (lang.match('\/hk\/')) {\n\t\treturn 'zh';\n\t\t\n\t} else if (lang.match('\/cn\/')) {\n\t\treturn 'zh';\n\t\t\n\t} else if (lang.match('\/en\/')) {\n\t\treturn 'en';\n\t\t\n\t} else if (lang.match('\/hi\/')) {\n\t\treturn 'en';\n\t\t\n\t} else if (lang.match('\/pt_br\/')) {\n\t\treturn 'pt';\n\t\t\n\t} else if (lang.match('\/ms\/')) {\n\t\treturn 'id';\n\t\t\n\t} else if (lang.match('\/es\/')) {\n\t\treturn 'es';\n\t\t\n\t} else if (lang.match('\/es_ar\/')) {\n\t\treturn 'es';\n\t\t\n\t} else if (lang.match('\/es_mx\/')) {\n\t\treturn 'es';\n\n\t} else if (lang.match('\/bn\/')) {\n\t\treturn 'en';\n\t\t\n\t} else if (lang.match('\/nb\/')) {\n\t\treturn 'en';\t\t\n\n\t} else if (lang.match('\/da\/')) {\n\t\treturn 'en';\n\t\t\n\t} else if (lang.match('\/nl\/')) {\n\t\treturn 'en';\n\t\t\n\t} else if (lang.match('\/sv\/')) {\n\t\treturn 'en';\n\t\t\n\t} else if (lang.match('\/uk\/')) {\n\t\treturn 'ru';\n\t\t\n\t} else if (lang.match('\/ur\/')) {\n\t\treturn 'en';\n\t\t\n\t} else if (lang.match('\/de\/')) {\n\t\treturn 'de';\n\t\t\n\t} else if (lang.match('\/fr\/')) {\n\t\treturn 'fr';\n\t\t\n\t} else if (lang.match('\/id\/')) {\n\t\treturn 'id';\n\t\t\n\t} else if (lang.match('\/it\/')) {\n\t\treturn 'it';\n\t\t\n\t} else if (lang.match('\/hu\/')) {\n\t\treturn 'hu';\n\t\t\n\t} else if (lang.match('\/pt\/')) {\n\t\treturn 'pt';\n\t\t\n\t} else if (lang.match('\/pl\/')) {\n\t\treturn 'pl';\n\t\t\n\t} else if (lang.match('\/ro\/')) {\n\t\treturn 'ro';\n\t\t\n\t} else if (lang.match('\/vi\/')) {\n\t\treturn 'vi';\n\t\t\n\t} else if (lang.match('\/tr\/')) {\n\t\treturn 'tr';\n\t\t\n\t} else if (lang.match('\/el\/')) {\n\t\treturn 'el';\n\t\t\n\t} else if (lang.match('\/ru\/')) {\n\t\treturn 'ru';\n\t\t\n\t} else if (lang.match('\/ar\/')) {\n\t\treturn 'ar';\n\t\t\n\t} else if (lang.match('\/th\/')) {\n\t\treturn 'th';\n\t\t\n\t} else if (lang.match('\/kr\/')) {\n\t\treturn 'ko';\n\t\t\n\t} else if (lang.match('\/jp\/')) {\n\t\treturn 'ja';\n\t\t\n\t} else if (lang.match('\/cs\/')) {\n\t\treturn 'cs';\n\t\t\n\t}else {\n\t\treturn 'zh';\n\t}\n}\n<\/script><\/div>\t\t\t\t<\/div>\n\t\t\t\t<\/div>\n\t\t\t\t\t<\/div>\n\t\t\t\t<\/div>\n\t\t\t\t<\/div>","protected":false},"excerpt":{"rendered":"<p>M\u00f6chten Sie pr\u00e4zise Unterst\u00fctzungs- und Widerstandsniveaus im Forex-Markt finden? Unser Pivotpunkt Rechner ist Ihr ideales Werkzeug! Egal ob Standard, Woodie, Camarilla oder DeMark Methode, wir helfen Ihnen, die entscheidenden Pivotpunkte f\u00fcr die n\u00e4chste Handelsperiode einfach zu berechnen. Klicken Sie hier, um den vollst\u00e4ndigen Artikel zu lesen, mehr Handelstechniken zu erlernen und Ihre Handelsquote zu verbessern!<\/p>","protected":false},"author":1,"featured_media":23607,"parent":15462,"menu_order":0,"comment_status":"closed","ping_status":"closed","template":"","meta":{"footnotes":""},"tags":[128],"class_list":["post-15689","page","type-page","status-publish","has-post-thumbnail","hentry","tag-no-google"],"_links":{"self":[{"href":"https:\/\/mister.forex\/de\/wp-json\/wp\/v2\/pages\/15689","targetHints":{"allow":["GET"]}}],"collection":[{"href":"https:\/\/mister.forex\/de\/wp-json\/wp\/v2\/pages"}],"about":[{"href":"https:\/\/mister.forex\/de\/wp-json\/wp\/v2\/types\/page"}],"author":[{"embeddable":true,"href":"https:\/\/mister.forex\/de\/wp-json\/wp\/v2\/users\/1"}],"replies":[{"embeddable":true,"href":"https:\/\/mister.forex\/de\/wp-json\/wp\/v2\/comments?post=15689"}],"version-history":[{"count":3,"href":"https:\/\/mister.forex\/de\/wp-json\/wp\/v2\/pages\/15689\/revisions"}],"predecessor-version":[{"id":69187,"href":"https:\/\/mister.forex\/de\/wp-json\/wp\/v2\/pages\/15689\/revisions\/69187"}],"up":[{"embeddable":true,"href":"https:\/\/mister.forex\/de\/wp-json\/wp\/v2\/pages\/15462"}],"wp:featuredmedia":[{"embeddable":true,"href":"https:\/\/mister.forex\/de\/wp-json\/wp\/v2\/media\/23607"}],"wp:attachment":[{"href":"https:\/\/mister.forex\/de\/wp-json\/wp\/v2\/media?parent=15689"}],"wp:term":[{"taxonomy":"post_tag","embeddable":true,"href":"https:\/\/mister.forex\/de\/wp-json\/wp\/v2\/tags?post=15689"}],"curies":[{"name":"wp","href":"https:\/\/api.w.org\/{rel}","templated":true}]}}