{"id":16663,"date":"2024-05-09T10:16:13","date_gmt":"2024-05-09T02:16:13","guid":{"rendered":"http:\/\/192.168.0.254\/?page_id=16663"},"modified":"2026-04-02T23:19:33","modified_gmt":"2026-04-02T15:19:33","slug":"fibonacci-calculator","status":"publish","type":"page","link":"https:\/\/mister.forex\/de\/tools\/fibonacci-calculator\/","title":{"rendered":"Fibonacci Rechner | Instant Fibonacci Rechner f\u00fcr Unterst\u00fctzung und Widerstand"},"content":{"rendered":"<div data-elementor-type=\"wp-page\" data-elementor-id=\"16663\" class=\"elementor elementor-16663\" data-elementor-post-type=\"page\">\n\t\t\t\t<div class=\"elementor-element elementor-element-581b21e e-flex e-con-boxed e-con e-parent\" data-id=\"581b21e\" data-element_type=\"container\" data-settings=\"{&quot;background_background&quot;:&quot;classic&quot;}\">\n\t\t\t\t\t<div class=\"e-con-inner\">\n\t\t<div class=\"elementor-element elementor-element-96f071a e-flex e-con-boxed e-con e-child\" data-id=\"96f071a\" data-element_type=\"container\">\n\t\t\t\t\t<div class=\"e-con-inner\">\n\t\t\t\t<div class=\"elementor-element elementor-element-4b49364 elementor-widget elementor-widget-heading\" data-id=\"4b49364\" data-element_type=\"widget\" data-widget_type=\"heading.default\">\n\t\t\t\t\t<h1 class=\"elementor-heading-title elementor-size-default\">Fibonacci Rechner<\/h1>\t\t\t\t<\/div>\n\t\t\t\t<div class=\"elementor-element elementor-element-bb99fa7 elementor-widget elementor-widget-heading\" data-id=\"bb99fa7\" data-element_type=\"widget\" data-widget_type=\"heading.default\">\n\t\t\t\t\t<h2 class=\"elementor-heading-title elementor-size-default\">Echtzeit Fibonacci-Rechner f\u00fcr Unterst\u00fctzung und Widerstand<\/h2>\t\t\t\t<\/div>\n\t\t\t\t\t<\/div>\n\t\t\t\t<\/div>\n\t\t\t\t<div class=\"elementor-element elementor-element-c391668 elementor-widget__width-inherit elementor-absolute elementor-widget elementor-widget-image\" data-id=\"c391668\" data-element_type=\"widget\" data-settings=\"{&quot;_position&quot;:&quot;absolute&quot;}\" data-widget_type=\"image.default\">\n\t\t\t\t\t\t\t\t\t\t\t\t\t\t\t<img fetchpriority=\"high\" decoding=\"async\" width=\"500\" height=\"281\" src=\"https:\/\/mister.forex\/wp-content\/uploads\/2024\/02\/9-500x281.webp\" class=\"attachment-medium size-medium wp-image-4081\" alt=\"\" srcset=\"https:\/\/mister.forex\/wp-content\/uploads\/2024\/02\/9-500x281.webp 500w, https:\/\/mister.forex\/wp-content\/uploads\/2024\/02\/9-600x337.webp 600w, https:\/\/mister.forex\/wp-content\/uploads\/2024\/02\/9-1200x675.webp 1200w, https:\/\/mister.forex\/wp-content\/uploads\/2024\/02\/9-300x169.webp 300w, https:\/\/mister.forex\/wp-content\/uploads\/2024\/02\/9-768x432.webp 768w, https:\/\/mister.forex\/wp-content\/uploads\/2024\/02\/9.webp 1366w\" sizes=\"(max-width: 500px) 100vw, 500px\" \/>\t\t\t\t\t\t\t\t\t\t\t\t\t\t\t<\/div>\n\t\t\t\t\t<\/div>\n\t\t\t\t<\/div>\n\t\t<div class=\"elementor-element elementor-element-2be8f0c e-flex e-con-boxed e-con e-parent\" data-id=\"2be8f0c\" data-element_type=\"container\">\n\t\t\t\t\t<div class=\"e-con-inner\">\n\t\t<div class=\"elementor-element elementor-element-da76163 e-con-full e-flex e-con e-child\" data-id=\"da76163\" data-element_type=\"container\">\n\t\t<div class=\"elementor-element elementor-element-e4ed029 e-con-full e-flex e-con e-child\" data-id=\"e4ed029\" data-element_type=\"container\">\n\t\t\t\t<div class=\"elementor-element elementor-element-18d29fb elementor-widget elementor-widget-text-editor\" data-id=\"18d29fb\" data-element_type=\"widget\" data-widget_type=\"text-editor.default\">\n\t\t\t\t\t\t\t\t\t<h2><strong>Benutzeranleitung<\/strong><\/h2><h3><strong>Eingabeoptionen<\/strong><\/h3><p><strong><span style=\"text-decoration: underline;\">Trendrichtung<\/span>:&nbsp;<\/strong>W\u00e4hlen Sie \u201enach oben\u201c oder \u201enach unten\u201c, um einen Aufw\u00e4rtstrend oder Abw\u00e4rtstrend zu simulieren.<\/p><p><strong><span style=\"text-decoration: underline;\">R\u00fcckzug \/ Projektion<\/span>:&nbsp;<\/strong>W\u00e4hlen Sie \u201eR\u00fcckzug\u201c, um den R\u00fcckgangspunkt des Preises im Trend zu berechnen, oder w\u00e4hlen Sie \u201eErwartung\u201c, um den Zielpunkt des Preises nach einem Durchbruch zu berechnen.<\/p><p><strong><span style=\"text-decoration: underline;\">Niedriger Preis<\/span>:&nbsp;<\/strong>Im Aufw\u00e4rtstrend ist dies der tiefste Punkt der Preisr\u00fcckz\u00fcge. Im Abw\u00e4rtstrend ist dies der tiefste Punkt, den der Preis erreicht.<\/p><p><strong><span style=\"text-decoration: underline;\">Hoher Preis<\/span>:&nbsp;<\/strong>Im Aufw\u00e4rtstrend ist dies der h\u00f6chste Punkt, den der Preis erreicht. Im Abw\u00e4rtstrend ist dies der h\u00f6chste Punkt, auf den der Preis zur\u00fcckspringt.<\/p><p>\u203b <span style=\"text-decoration: underline;\"><strong>Endpreis<\/strong><\/span><strong>:&nbsp;<\/strong>Geben Sie das erwartete Preisziel ein. Diese Zahl ist normalerweise der n\u00e4chste H\u00f6chst- oder Tiefpunkt, den Sie basierend auf dem aktuellen Markttrend vorhersagen.<\/p>\t\t\t\t\t\t\t\t<\/div>\n\t\t\t\t<div class=\"elementor-element elementor-element-3e0b4e6 elementor-widget elementor-widget-text-editor\" data-id=\"3e0b4e6\" data-element_type=\"widget\" data-widget_type=\"text-editor.default\">\n\t\t\t\t\t\t\t\t\t<h3><strong>Betriebsanleitung<\/strong><\/h3><p>W\u00e4hlen Sie die Trendrichtung. Zum Beispiel, um die Fibonacci-Retracement-Stufen f\u00fcr EUR\/USD zu berechnen, w\u00e4hlen Sie die Trendrichtung \u201enach oben\u201c.<\/p><p>W\u00e4hlen Sie die Option \u201eRetracement\u201c aus, um den Rechner anzuweisen, die Retracement-Niveaus zu berechnen.<\/p><p>Geben Sie den Tiefst- und H\u00f6chstpreis ein. Zum Beispiel, der Tiefstpreis ist 1.16653, der H\u00f6chstpreis ist 1.20552.<\/p>\t\t\t\t\t\t\t\t<\/div>\n\t\t\t\t<div class=\"elementor-element elementor-element-4799a02 elementor-widget elementor-widget-text-editor\" data-id=\"4799a02\" data-element_type=\"widget\" data-widget_type=\"text-editor.default\">\n\t\t\t\t\t\t\t\t\t<h3><strong>Berechnungsergebnisse<\/strong><\/h3><p>Fibonacci Rechner wird die R\u00fcckgangslevel des W\u00e4hrungspaares berechnen und anzeigen. Diese Level werden durch die Erfassung der beiden Extrempunkte (niedrigste oder h\u00f6chste Volatilit\u00e4t, oder einfach Punkt A und Punkt B) des Instrumentenpreises und die Division der vertikalen Distanz durch die wichtigen Fibonacci-Verh\u00e4ltnisse 23.6%, 38.2%, 50%, 61.8% erstellt.<\/p><p>Zum Beispiel, im Aufw\u00e4rtstrend liegt der niedrigste Punkt (Punkt A) des EUR\/USD bei 1.16653, w\u00e4hrend der Preis auf den h\u00f6chsten Punkt (Punkt B) von 1.20552 steigt. Nachdem Sie diese Daten eingegeben haben, zeigt der Rechner die verschiedenen Fibonacci-Retracement-Niveaus an.<\/p><p>Standardm\u00e4\u00dfig zeigt der Rechner die R\u00fcckzugsebenen an. F\u00fcr die Prognose (Erweiterung) Ebenen sollten H\u00e4ndler das Feld \u201eEndpreis\u201c ausf\u00fcllen, der Rechner zeigt dann mehrere m\u00f6gliche Prognoseebenen an (maximal 161,8%).<\/p>\t\t\t\t\t\t\t\t<\/div>\n\t\t\t\t<div class=\"elementor-element elementor-element-353ada7 elementor-widget elementor-widget-text-editor\" data-id=\"353ada7\" data-element_type=\"widget\" data-widget_type=\"text-editor.default\">\n\t\t\t\t\t\t\t\t\t<h2><strong>Was sind Fibonacci-Niveaus?<\/strong><\/h2><p>Fibonacci-Niveaus sind eine g\u00e4ngige Methode zur Analyse des Preisverhaltens von Verm\u00f6genswerten auf den Finanzm\u00e4rkten. Sie sind kein mysteri\u00f6ses Verh\u00e4ltnis oder Preismuster, sondern ein beliebtes Analysetool, dessen N\u00fctzlichkeit von dem Grad seiner Selbstverwirklichung abh\u00e4ngt.<\/p><p>Fibonacci-Niveaus gibt es haupts\u00e4chlich in zwei Typen:&nbsp;R\u00fcckz\u00fcge und Erweiterungen. R\u00fcckzugsniveaus werden verwendet, nachdem die Preise ein neues Hoch (aufw\u00e4rtstrend) oder ein neues Tief (abw\u00e4rtstrend) erreicht haben und wenn H\u00e4ndler glauben, dass der Trend vor\u00fcbergehend enden k\u00f6nnte. Wenn der Markt beginnt, sich anzupassen oder zu konsolidieren, treten die sogenannten Fibonacci-R\u00fcckzugsniveaus auf.<\/p><p><strong>Die wichtigsten Fibonacci-R\u00fcckzugsebenen sind 0.236, 0.382, 0.500, 0.618 und 0.764.<\/strong><\/p><p>Auf der anderen Seite sind die Fibonacci-Erweiterungsniveaus dazu da, um vorherzusagen, wie weit die Preise m\u00f6glicherweise \u00fcber ihren urspr\u00fcnglichen Bereich hinausgehen und sich in Richtung des Trends weiterbewegen. Die Marktpreise k\u00f6nnen zu einem Fibonacci-R\u00fcckzugspunkt zur\u00fcckkehren und dann in Richtung des grundlegenden Trends weitersteigen, um neue H\u00f6chst- oder Tiefstst\u00e4nde zu erreichen. Alternativ kann es nach einer Konsolidierungsphase weiterhin in Richtung des Haupttrends gehen, ohne einen Fibonacci-R\u00fcckzugspunkt zu ber\u00fchren.<\/p><p><strong>Die wichtigsten Fibonacci-Erweiterungsniveaus sind 0,382, 0,618, 1,000, 1,382 und 1,618.<\/strong><\/p><p>So wie das goldene Verh\u00e4ltnis keine magischen oder universellen Regeln hat, gilt dies auch f\u00fcr die Fibonacci-Verh\u00e4ltnisse. Sie sind lediglich ein interessantes Verh\u00e4ltnis, das von Mathematikern entdeckt wurde und sp\u00e4ter von H\u00e4ndlern \u00fcbernommen wurde.<\/p><p>Da die Fibonacci-Verh\u00e4ltnisse auf den globalen M\u00e4rkten weit verbreitet sind, einschlie\u00dflich einiger professioneller H\u00e4ndler, werden viele Menschen an diesen Niveaus kaufen und\/oder verkaufen, weshalb die Fibonacci-Niveaus sehr effektiv sein k\u00f6nnen.<\/p>\t\t\t\t\t\t\t\t<\/div>\n\t\t\t\t<\/div>\n\t\t<div class=\"elementor-element elementor-element-012fcfe e-con-full e-flex e-con e-child\" data-id=\"012fcfe\" data-element_type=\"container\">\n\t\t\t\t<div class=\"elementor-element elementor-element-af3faae elementor-widget__width-initial elementor-widget elementor-widget-html\" data-id=\"af3faae\" data-element_type=\"widget\" data-widget_type=\"html.default\">\n\t\t\t\t\t<div id=\"fibonacci-calculator-386315\"><script type=\"text\/javascript\" src=\"https:\/\/www.cashbackforex.com\/Content\/remote\/remote-widgets.js\"><\/script><script type=\"text\/javascript\"> RemoteCalc({\"Url\":\"https:\/\/www.cashbackforex.com\", \"TopPaneStyle\":\"YmFja2dyb3VuZDogbGluZWFyLWdyYWRpZW50KCNmZmYgMjAlLCAjZjVmNWY1IDQ1JSk7IGNvbG9yOiBibGFjazsgYm9yZGVyOiBzb2xpZCAxcHggI2FhYTsgYm9yZGVyLWJvdHRvbTogbm9uZTsg\",\"BottomPaneStyle\":\"YmFja2dyb3VuZDogI2YzZjNmMzsgYm9yZGVyOiBzb2xpZCAxcHggI2FhYTsgY29sb3I6IGJsYWNrOw==\",\"ButtonStyle\":\"YmFja2dyb3VuZDogIzM0MzU0MDsgY29sb3I6IHdoaXRlOyBib3JkZXItcmFkaXVzOiAyMHB4Ow==\",\"TitleStyle\":\"dGV4dC1hbGlnbjogbGVmdDsgZm9udC1zaXplOiAxNnB4OyBmb250LXdlaWdodDogNTAwOw==\",\"TextboxStyle\":\"YmFja2dyb3VuZC1jb2xvcjogd2hpdGU7IGNvbG9yOiBibGFjazsgYm9yZGVyOiBzb2xpZCAxcHggI2FhYWFhYQ==\",\"HighlightColor\":\"#ffff00\",\"IsDisplayTitle\":false,\"IsShowEmbedButton\":false,\"Lang\":wlang(),\"CompactType\":\"large\",\"Calculator\":\"fibonacci-calculator\",\"ContainerId\":\"fibonacci-calculator-386315\"});\n\nfunction wlang() {\n    \n\tvar lang = window.location.href;\n\n\tif (!lang) {\n\t\treturn 'en';\n\t}\n\n        if (lang.match('\/zh\/')) {\n\t\treturn 'zh';\n\n\t} else if (lang.match('\/hk\/')) {\n\t\treturn 'zh';\n\t\t\n\t} else if (lang.match('\/cn\/')) {\n\t\treturn 'zh';\n\t\t\n\t} else if (lang.match('\/en\/')) {\n\t\treturn 'en';\n\t\t\n\t} else if (lang.match('\/hi\/')) {\n\t\treturn 'en';\n\t\t\n\t} else if (lang.match('\/pt_br\/')) {\n\t\treturn 'pt';\n\t\t\n\t} else if (lang.match('\/ms\/')) {\n\t\treturn 'id';\n\t\t\n\t} else if (lang.match('\/es\/')) {\n\t\treturn 'es';\n\t\t\n\t} else if (lang.match('\/es_ar\/')) {\n\t\treturn 'es';\n\t\t\n\t} else if (lang.match('\/es_mx\/')) {\n\t\treturn 'es';\n\n\t} else if (lang.match('\/bn\/')) {\n\t\treturn 'en';\n\t\t\n\t} else if (lang.match('\/nb\/')) {\n\t\treturn 'en';\t\t\n\n\t} else if (lang.match('\/da\/')) {\n\t\treturn 'en';\n\t\t\n\t} else if (lang.match('\/nl\/')) {\n\t\treturn 'en';\n\t\t\n\t} else if (lang.match('\/sv\/')) {\n\t\treturn 'en';\n\t\t\n\t} else if (lang.match('\/uk\/')) {\n\t\treturn 'ru';\n\t\t\n\t} else if (lang.match('\/ur\/')) {\n\t\treturn 'en';\n\t\t\n\t} else if (lang.match('\/de\/')) {\n\t\treturn 'de';\n\t\t\n\t} else if (lang.match('\/fr\/')) {\n\t\treturn 'fr';\n\t\t\n\t} else if (lang.match('\/id\/')) {\n\t\treturn 'id';\n\t\t\n\t} else if (lang.match('\/it\/')) {\n\t\treturn 'it';\n\t\t\n\t} else if (lang.match('\/hu\/')) {\n\t\treturn 'hu';\n\t\t\n\t} else if (lang.match('\/pt\/')) {\n\t\treturn 'pt';\n\t\t\n\t} else if (lang.match('\/pl\/')) {\n\t\treturn 'pl';\n\t\t\n\t} else if (lang.match('\/ro\/')) {\n\t\treturn 'ro';\n\t\t\n\t} else if (lang.match('\/vi\/')) {\n\t\treturn 'vi';\n\t\t\n\t} else if (lang.match('\/tr\/')) {\n\t\treturn 'tr';\n\t\t\n\t} else if (lang.match('\/el\/')) {\n\t\treturn 'el';\n\t\t\n\t} else if (lang.match('\/ru\/')) {\n\t\treturn 'ru';\n\t\t\n\t} else if (lang.match('\/ar\/')) {\n\t\treturn 'ar';\n\t\t\n\t} else if (lang.match('\/th\/')) {\n\t\treturn 'th';\n\t\t\n\t} else if (lang.match('\/kr\/')) {\n\t\treturn 'ko';\n\t\t\n\t} else if (lang.match('\/jp\/')) {\n\t\treturn 'ja';\n\t\t\n\t} else if (lang.match('\/cs\/')) {\n\t\treturn 'cs';\n\t\t\n\t}else {\n\t\treturn 'zh';\n\t}\n}\n<\/script><\/div>\t\t\t\t<\/div>\n\t\t\t\t<\/div>\n\t\t\t\t<\/div>\n\t\t\t\t\t<\/div>\n\t\t\t\t<\/div>\n\t\t\t\t<\/div>","protected":false},"excerpt":{"rendered":"<p>M\u00f6chten Sie die Preisbewegungen auf den Finanzm\u00e4rkten genau vorhersagen? Unser Fibonacci Rechner ist Ihr bester Helfer! Egal ob R\u00fcckgang oder Erweiterung, wir k\u00f6nnen Ihnen helfen, die entscheidenden Fibonacci-Niveaus m\u00fchelos zu berechnen. Erfahren Sie, wie Sie diese Daten nutzen k\u00f6nnen, um effektive Handelsstrategien zu entwickeln und sicherzustellen, dass Ihre Preisdaten mit dem Markt synchronisiert sind. Klicken Sie hier, um den vollst\u00e4ndigen Artikel zu lesen, mehr Handelstechniken zu erlernen und Ihre Handelsquote zu verbessern!<\/p>","protected":false},"author":1,"featured_media":23603,"parent":15462,"menu_order":0,"comment_status":"closed","ping_status":"closed","template":"","meta":{"footnotes":""},"tags":[128],"class_list":["post-16663","page","type-page","status-publish","has-post-thumbnail","hentry","tag-no-google"],"_links":{"self":[{"href":"https:\/\/mister.forex\/de\/wp-json\/wp\/v2\/pages\/16663","targetHints":{"allow":["GET"]}}],"collection":[{"href":"https:\/\/mister.forex\/de\/wp-json\/wp\/v2\/pages"}],"about":[{"href":"https:\/\/mister.forex\/de\/wp-json\/wp\/v2\/types\/page"}],"author":[{"embeddable":true,"href":"https:\/\/mister.forex\/de\/wp-json\/wp\/v2\/users\/1"}],"replies":[{"embeddable":true,"href":"https:\/\/mister.forex\/de\/wp-json\/wp\/v2\/comments?post=16663"}],"version-history":[{"count":3,"href":"https:\/\/mister.forex\/de\/wp-json\/wp\/v2\/pages\/16663\/revisions"}],"predecessor-version":[{"id":69196,"href":"https:\/\/mister.forex\/de\/wp-json\/wp\/v2\/pages\/16663\/revisions\/69196"}],"up":[{"embeddable":true,"href":"https:\/\/mister.forex\/de\/wp-json\/wp\/v2\/pages\/15462"}],"wp:featuredmedia":[{"embeddable":true,"href":"https:\/\/mister.forex\/de\/wp-json\/wp\/v2\/media\/23603"}],"wp:attachment":[{"href":"https:\/\/mister.forex\/de\/wp-json\/wp\/v2\/media?parent=16663"}],"wp:term":[{"taxonomy":"post_tag","embeddable":true,"href":"https:\/\/mister.forex\/de\/wp-json\/wp\/v2\/tags?post=16663"}],"curies":[{"name":"wp","href":"https:\/\/api.w.org\/{rel}","templated":true}]}}