{"id":16756,"date":"2024-05-09T11:38:53","date_gmt":"2024-05-09T03:38:53","guid":{"rendered":"http:\/\/192.168.0.254\/?page_id=16756"},"modified":"2026-04-02T23:24:36","modified_gmt":"2026-04-02T15:24:36","slug":"cryptocurrency-converter","status":"publish","type":"page","link":"https:\/\/mister.forex\/de\/tools\/cryptocurrency-converter\/","title":{"rendered":"Kryptow\u00e4hrungsumrechner | Echtzeit Kryptow\u00e4hrungswechselkursumrechner"},"content":{"rendered":"<div data-elementor-type=\"wp-page\" data-elementor-id=\"16756\" class=\"elementor elementor-16756\" data-elementor-post-type=\"page\">\n\t\t\t\t<div class=\"elementor-element elementor-element-472aca0 e-flex e-con-boxed e-con e-parent\" data-id=\"472aca0\" data-element_type=\"container\" data-settings=\"{&quot;background_background&quot;:&quot;classic&quot;}\">\n\t\t\t\t\t<div class=\"e-con-inner\">\n\t\t<div class=\"elementor-element elementor-element-56985e6 e-flex e-con-boxed e-con e-child\" data-id=\"56985e6\" data-element_type=\"container\">\n\t\t\t\t\t<div class=\"e-con-inner\">\n\t\t\t\t<div class=\"elementor-element elementor-element-1733105 elementor-widget elementor-widget-heading\" data-id=\"1733105\" data-element_type=\"widget\" data-widget_type=\"heading.default\">\n\t\t\t\t\t<h1 class=\"elementor-heading-title elementor-size-default\">Kryptow\u00e4hrungsumrechner<\/h1>\t\t\t\t<\/div>\n\t\t\t\t<div class=\"elementor-element elementor-element-adaf7ab elementor-widget elementor-widget-heading\" data-id=\"adaf7ab\" data-element_type=\"widget\" data-widget_type=\"heading.default\">\n\t\t\t\t\t<h2 class=\"elementor-heading-title elementor-size-default\">Echtzeit-Kryptow\u00e4hrungswechselkursumrechner<\/h2>\t\t\t\t<\/div>\n\t\t\t\t\t<\/div>\n\t\t\t\t<\/div>\n\t\t\t\t<div class=\"elementor-element elementor-element-cca8d72 elementor-widget__width-inherit elementor-absolute elementor-widget elementor-widget-image\" data-id=\"cca8d72\" data-element_type=\"widget\" data-settings=\"{&quot;_position&quot;:&quot;absolute&quot;}\" data-widget_type=\"image.default\">\n\t\t\t\t\t\t\t\t\t\t\t\t\t\t\t<img fetchpriority=\"high\" decoding=\"async\" width=\"500\" height=\"281\" src=\"https:\/\/mister.forex\/wp-content\/uploads\/2024\/02\/9-500x281.webp\" class=\"attachment-medium size-medium wp-image-4081\" alt=\"\" srcset=\"https:\/\/mister.forex\/wp-content\/uploads\/2024\/02\/9-500x281.webp 500w, https:\/\/mister.forex\/wp-content\/uploads\/2024\/02\/9-600x337.webp 600w, https:\/\/mister.forex\/wp-content\/uploads\/2024\/02\/9-1200x675.webp 1200w, https:\/\/mister.forex\/wp-content\/uploads\/2024\/02\/9-300x169.webp 300w, https:\/\/mister.forex\/wp-content\/uploads\/2024\/02\/9-768x432.webp 768w, https:\/\/mister.forex\/wp-content\/uploads\/2024\/02\/9.webp 1366w\" sizes=\"(max-width: 500px) 100vw, 500px\" \/>\t\t\t\t\t\t\t\t\t\t\t\t\t\t\t<\/div>\n\t\t\t\t\t<\/div>\n\t\t\t\t<\/div>\n\t\t<div class=\"elementor-element elementor-element-0f9db76 e-flex e-con-boxed e-con e-parent\" data-id=\"0f9db76\" data-element_type=\"container\">\n\t\t\t\t\t<div class=\"e-con-inner\">\n\t\t<div class=\"elementor-element elementor-element-14e4aae e-flex e-con-boxed e-con e-child\" data-id=\"14e4aae\" data-element_type=\"container\">\n\t\t\t\t\t<div class=\"e-con-inner\">\n\t\t\t\t<div class=\"elementor-element elementor-element-181d8ed elementor-widget elementor-widget-text-editor\" data-id=\"181d8ed\" data-element_type=\"widget\" data-widget_type=\"text-editor.default\">\n\t\t\t\t\t\t\t\t\t<h2><strong>Kryptow\u00e4hrungsumrechner<\/strong><\/h2><p>Kryptow\u00e4hrungsumrechner ist ein praktisches Werkzeug, das speziell f\u00fcr digitale Verm\u00f6gensinvestoren entwickelt wurde.<\/p><p>Egal, ob Sie Bitcoin, Ethereum oder andere Kryptow\u00e4hrungen handeln, dieser Konverter bietet Ihnen die aktuellen Marktkurse in Echtzeit.<\/p><p>Dieser Konverter erm\u00f6glicht es Ihnen:&nbsp;<\/p><ul><li><strong>Echtzeitumrechnung:&nbsp;<\/strong>Geben Sie die Menge der Kryptow\u00e4hrung ein, um sie schnell und genau in US-Dollar oder andere Fiat-W\u00e4hrungen umzuwandeln.<\/li><li><strong>Marktbewegungen im Blick behalten:&nbsp;<\/strong>Die Daten stammen von den wichtigsten Kryptow\u00e4hrungsb\u00f6rsen, damit Sie immer \u00fcber die neuesten Wechselkurs\u00e4nderungen informiert sind.<\/li><\/ul>\t\t\t\t\t\t\t\t<\/div>\n\t\t\t\t<div class=\"elementor-element elementor-element-10aa401 elementor-widget elementor-widget-text-editor\" data-id=\"10aa401\" data-element_type=\"widget\" data-widget_type=\"text-editor.default\">\n\t\t\t\t\t\t\t\t\t<p><span style=\"text-decoration: underline;\"><strong>Datenquelle:&nbsp;<\/strong><\/span><span style=\"text-decoration: underline;\">Echtzeitdaten von f\u00fchrenden Kryptow\u00e4hrungsb\u00f6rsen.<\/span><\/p>\t\t\t\t\t\t\t\t<\/div>\n\t\t\t\t<div class=\"elementor-element elementor-element-d5eade2 elementor-widget elementor-widget-html\" data-id=\"d5eade2\" data-element_type=\"widget\" data-widget_type=\"html.default\">\n\t\t\t\t\t<div id=\"currency-converter-637516\"><script type=\"text\/javascript\" src=\"https:\/\/www.cashbackforex.com\/Content\/remote\/remote-widgets.js\"><\/script><script type=\"text\/javascript\"> RemoteCalc({\"Url\":\"https:\/\/www.cashbackforex.com\", \"TopPaneStyle\":\"YmFja2dyb3VuZDogbGluZWFyLWdyYWRpZW50KCNmZmYgMjAlLCAjZjVmNWY1IDQ1JSk7IGNvbG9yOiBibGFjazsgYm9yZGVyOiBzb2xpZCAxcHggI2FhYTsgYm9yZGVyLWJvdHRvbTogbm9uZTsg\",\"BottomPaneStyle\":\"YmFja2dyb3VuZDogI2YzZjNmMzsgYm9yZGVyOiBzb2xpZCAxcHggI2FhYTsgY29sb3I6IGJsYWNrOw==\",\"ButtonStyle\":\"YmFja2dyb3VuZDogIzM0MzU0MDsgY29sb3I6IHdoaXRlOyBib3JkZXItcmFkaXVzOiAyMHB4Ow==\",\"TitleStyle\":\"dGV4dC1hbGlnbjogbGVmdDsgZm9udC1zaXplOiAxNnB4OyBmb250LXdlaWdodDogNTAwOw==\",\"TextboxStyle\":\"YmFja2dyb3VuZC1jb2xvcjogd2hpdGU7IGNvbG9yOiBibGFjazsgYm9yZGVyOiBzb2xpZCAxcHggI2FhYWFhYQ==\",\"HighlightColor\":\"#ffff00\",\"IsDisplayTitle\":false,\"IsShowEmbedButton\":false,\"Lang\":wlang(),\"CompactType\":\"large\",\"DefaultCurrencyFrom\":\"BTC\",\"DefaultCurrencyTo\":\"USD\",\"Calculator\":\"currency-converter\",\"ContainerId\":\"currency-converter-637516\"});\r\n\r\nfunction wlang() {\r\n    \r\n\tvar lang = window.location.href;\r\n\r\n\tif (!lang) {\r\n\t\treturn 'en';\r\n\t}\r\n\r\n        if (lang.match('\/zh\/')) {\r\n\t\treturn 'zh';\r\n\r\n\t} else if (lang.match('\/hk\/')) {\r\n\t\treturn 'zh';\r\n\t\t\r\n\t} else if (lang.match('\/cn\/')) {\r\n\t\treturn 'zh';\r\n\t\t\r\n\t} else if (lang.match('\/en\/')) {\r\n\t\treturn 'en';\r\n\t\t\r\n\t} else if (lang.match('\/hi\/')) {\r\n\t\treturn 'en';\r\n\t\t\r\n\t} else if (lang.match('\/pt_br\/')) {\r\n\t\treturn 'pt';\r\n\t\t\r\n\t} else if (lang.match('\/ms\/')) {\r\n\t\treturn 'id';\r\n\t\t\r\n\t} else if (lang.match('\/es\/')) {\r\n\t\treturn 'es';\r\n\t\t\r\n\t} else if (lang.match('\/es_ar\/')) {\r\n\t\treturn 'es';\r\n\t\t\r\n\t} else if (lang.match('\/es_mx\/')) {\r\n\t\treturn 'es';\r\n\r\n\t} else if (lang.match('\/bn\/')) {\r\n\t\treturn 'en';\r\n\t\t\r\n\t} else if (lang.match('\/nb\/')) {\r\n\t\treturn 'en';\t\t\r\n\r\n\t} else if (lang.match('\/da\/')) {\r\n\t\treturn 'en';\r\n\t\t\r\n\t} else if (lang.match('\/nl\/')) {\r\n\t\treturn 'en';\r\n\t\t\r\n\t} else if (lang.match('\/sv\/')) {\r\n\t\treturn 'en';\r\n\t\t\r\n\t} else if (lang.match('\/uk\/')) {\r\n\t\treturn 'ru';\r\n\t\t\r\n\t} else if (lang.match('\/ur\/')) {\r\n\t\treturn 'en';\r\n\t\t\r\n\t} else if (lang.match('\/de\/')) {\r\n\t\treturn 'de';\r\n\t\t\r\n\t} else if (lang.match('\/fr\/')) {\r\n\t\treturn 'fr';\r\n\t\t\r\n\t} else if (lang.match('\/id\/')) {\r\n\t\treturn 'id';\r\n\t\t\r\n\t} else if (lang.match('\/it\/')) {\r\n\t\treturn 'it';\r\n\t\t\r\n\t} else if (lang.match('\/hu\/')) {\r\n\t\treturn 'hu';\r\n\t\t\r\n\t} else if (lang.match('\/pt\/')) {\r\n\t\treturn 'pt';\r\n\t\t\r\n\t} else if (lang.match('\/pl\/')) {\r\n\t\treturn 'pl';\r\n\t\t\r\n\t} else if (lang.match('\/ro\/')) {\r\n\t\treturn 'ro';\r\n\t\t\r\n\t} else if (lang.match('\/vi\/')) {\r\n\t\treturn 'vi';\r\n\t\t\r\n\t} else if (lang.match('\/tr\/')) {\r\n\t\treturn 'tr';\r\n\t\t\r\n\t} else if (lang.match('\/el\/')) {\r\n\t\treturn 'el';\r\n\t\t\r\n\t} else if (lang.match('\/ru\/')) {\r\n\t\treturn 'ru';\r\n\t\t\r\n\t} else if (lang.match('\/ar\/')) {\r\n\t\treturn 'ar';\r\n\t\t\r\n\t} else if (lang.match('\/th\/')) {\r\n\t\treturn 'th';\r\n\t\t\r\n\t} else if (lang.match('\/kr\/')) {\r\n\t\treturn 'ko';\r\n\t\t\r\n\t} else if (lang.match('\/jp\/')) {\r\n\t\treturn 'ja';\r\n\t\t\r\n\t} else if (lang.match('\/cs\/')) {\r\n\t\treturn 'cs';\r\n\t\t\r\n\t}else {\r\n\t\treturn 'zh';\r\n\t}\r\n}\r\n\r\n<\/script><\/div>\t\t\t\t<\/div>\n\t\t\t\t\t<\/div>\n\t\t\t\t<\/div>\n\t\t\t\t\t<\/div>\n\t\t\t\t<\/div>\n\t\t\t\t<\/div>","protected":false},"excerpt":{"rendered":"<p>Speziell f\u00fcr digitale Verm\u00f6gensinvestoren entwickelt, die schnell und genau Kryptow\u00e4hrungen in US-Dollar oder andere Fiat-W\u00e4hrungen umwandeln k\u00f6nnen. Die Daten stammen von den wichtigsten Kryptow\u00e4hrungsb\u00f6rsen, damit Sie stets \u00fcber die neuesten Wechselkurs\u00e4nderungen informiert sind. Klicken Sie hier f\u00fcr weitere Informationen und beginnen Sie Ihre Reise im digitalen Verm\u00f6gensmanagement!<\/p>","protected":false},"author":1,"featured_media":23583,"parent":15462,"menu_order":0,"comment_status":"closed","ping_status":"closed","template":"","meta":{"footnotes":""},"tags":[128],"class_list":["post-16756","page","type-page","status-publish","has-post-thumbnail","hentry","tag-no-google"],"_links":{"self":[{"href":"https:\/\/mister.forex\/de\/wp-json\/wp\/v2\/pages\/16756","targetHints":{"allow":["GET"]}}],"collection":[{"href":"https:\/\/mister.forex\/de\/wp-json\/wp\/v2\/pages"}],"about":[{"href":"https:\/\/mister.forex\/de\/wp-json\/wp\/v2\/types\/page"}],"author":[{"embeddable":true,"href":"https:\/\/mister.forex\/de\/wp-json\/wp\/v2\/users\/1"}],"replies":[{"embeddable":true,"href":"https:\/\/mister.forex\/de\/wp-json\/wp\/v2\/comments?post=16756"}],"version-history":[{"count":3,"href":"https:\/\/mister.forex\/de\/wp-json\/wp\/v2\/pages\/16756\/revisions"}],"predecessor-version":[{"id":69211,"href":"https:\/\/mister.forex\/de\/wp-json\/wp\/v2\/pages\/16756\/revisions\/69211"}],"up":[{"embeddable":true,"href":"https:\/\/mister.forex\/de\/wp-json\/wp\/v2\/pages\/15462"}],"wp:featuredmedia":[{"embeddable":true,"href":"https:\/\/mister.forex\/de\/wp-json\/wp\/v2\/media\/23583"}],"wp:attachment":[{"href":"https:\/\/mister.forex\/de\/wp-json\/wp\/v2\/media?parent=16756"}],"wp:term":[{"taxonomy":"post_tag","embeddable":true,"href":"https:\/\/mister.forex\/de\/wp-json\/wp\/v2\/tags?post=16756"}],"curies":[{"name":"wp","href":"https:\/\/api.w.org\/{rel}","templated":true}]}}