{"id":57464,"date":"2025-08-10T22:11:57","date_gmt":"2025-08-10T14:11:57","guid":{"rendered":"http:\/\/test.swqi.tw\/?page_id=57464"},"modified":"2025-12-03T03:33:51","modified_gmt":"2025-12-02T19:33:51","slug":"overcome-5-psychological-traps","status":"publish","type":"page","link":"https:\/\/mister.forex\/de\/overcome-5-psychological-traps\/","title":{"rendered":"Die 5 h\u00e4ufigsten psychologischen Fallen \u00fcberwinden:&nbsp;Kostenloses E-Book herunterladen | Mr.Forex"},"content":{"rendered":"<div data-elementor-type=\"wp-page\" data-elementor-id=\"57464\" class=\"elementor elementor-57464\" data-elementor-post-type=\"page\">\n\t\t\t\t<div class=\"elementor-element elementor-element-d97b493 e-flex e-con-boxed e-con e-parent\" data-id=\"d97b493\" data-element_type=\"container\">\n\t\t\t\t\t<div class=\"e-con-inner\">\n\t\t\t\t<div class=\"elementor-element elementor-element-f60eab9 elementor-icon-list--layout-inline elementor-list-item-link-inline elementor-widget elementor-widget-icon-list\" data-id=\"f60eab9\" data-element_type=\"widget\" data-widget_type=\"icon-list.default\">\n\t\t\t\t\t\t\t<ul class=\"elementor-icon-list-items elementor-inline-items\">\n\t\t\t\t\t\t\t<li class=\"elementor-icon-list-item elementor-inline-item\">\n\t\t\t\t\t\t\t\t\t\t\t<a href=\"https:\/\/mister.forex\/de\/ebook-hub\/\">\n\n\t\t\t\t\t\t\t\t\t\t\t\t<span class=\"elementor-icon-list-icon\">\n\t\t\t\t\t\t\t<svg aria-hidden=\"true\" class=\"e-font-icon-svg e-fas-reply\" viewbox=\"0 0 512 512\" xmlns=\"http:\/\/www.w3.org\/2000\/svg\"><path d=\"M8.309 189.836L184.313 37.851C199.719 24.546 224 35.347 224 56.015v80.053c160.629 1.839 288 34.032 288 186.258 0 61.441-39.581 122.309-83.333 154.132-13.653 9.931-33.111-2.533-28.077-18.631 45.344-145.012-21.507-183.51-176.59-185.742V360c0 20.7-24.3 31.453-39.687 18.164l-176.004-152c-11.071-9.562-11.086-26.753 0-36.328z\"><\/path><\/svg>\t\t\t\t\t\t<\/span>\n\t\t\t\t\t\t\t\t\t\t<span class=\"elementor-icon-list-text\">Zur\u00fcck<\/span>\n\t\t\t\t\t\t\t\t\t\t\t<\/a>\n\t\t\t\t\t\t\t\t\t<\/li>\n\t\t\t\t\t\t<\/ul>\n\t\t\t\t\t\t<\/div>\n\t\t\t\t\t<\/div>\n\t\t\t\t<\/div>\n\t\t<div class=\"elementor-element elementor-element-3090bf1 e-flex e-con-boxed e-con e-parent\" data-id=\"3090bf1\" data-element_type=\"container\" data-settings=\"{&quot;background_background&quot;:&quot;classic&quot;}\">\n\t\t\t\t\t<div class=\"e-con-inner\">\n\t\t<div class=\"elementor-element elementor-element-0261845 e-con-full e-flex e-con e-child\" data-id=\"0261845\" data-element_type=\"container\" data-settings=\"{&quot;background_background&quot;:&quot;classic&quot;}\">\n\t\t\t\t<div class=\"elementor-element elementor-element-3fde205 elementor-widget elementor-widget-image\" data-id=\"3fde205\" data-element_type=\"widget\" data-settings=\"{&quot;_animation&quot;:&quot;none&quot;}\" data-widget_type=\"image.default\">\n\t\t\t\t\t\t\t\t\t\t\t\t\t\t\t<img fetchpriority=\"high\" decoding=\"async\" width=\"188\" height=\"300\" src=\"https:\/\/mister.forex\/wp-content\/uploads\/2025\/08\/Book-3-Mockup-EN.webp\" class=\"attachment-thumbnail size-thumbnail wp-image-57297\" alt=\"Die 5 psychologischen Fallen beim Trading\" srcset=\"https:\/\/mister.forex\/wp-content\/uploads\/2025\/08\/Book-3-Mockup-EN.webp 1410w, https:\/\/mister.forex\/wp-content\/uploads\/2025\/08\/Book-3-Mockup-EN-313x500.webp 313w, https:\/\/mister.forex\/wp-content\/uploads\/2025\/08\/Book-3-Mockup-EN-752x1200.webp 752w, https:\/\/mister.forex\/wp-content\/uploads\/2025\/08\/Book-3-Mockup-EN-188x300.webp 188w, https:\/\/mister.forex\/wp-content\/uploads\/2025\/08\/Book-3-Mockup-EN-768x1226.webp 768w, https:\/\/mister.forex\/wp-content\/uploads\/2025\/08\/Book-3-Mockup-EN-963x1536.webp 963w, https:\/\/mister.forex\/wp-content\/uploads\/2025\/08\/Book-3-Mockup-EN-1283x2048.webp 1283w, https:\/\/mister.forex\/wp-content\/uploads\/2025\/08\/Book-3-Mockup-EN-8x12.webp 8w, https:\/\/mister.forex\/wp-content\/uploads\/2025\/08\/Book-3-Mockup-EN-600x957.webp 600w\" sizes=\"(max-width: 188px) 100vw, 188px\" \/>\t\t\t\t\t\t\t\t\t\t\t\t\t\t\t<\/div>\n\t\t\t\t<div class=\"elementor-element elementor-element-d4eeded elementor-align-center elementor-widget elementor-widget-button\" data-id=\"d4eeded\" data-element_type=\"widget\" data-widget_type=\"button.default\">\n\t\t\t\t\t\t\t\t\t\t<a class=\"elementor-button elementor-button-link elementor-size-sm\" href=\"https:\/\/1drv.ms\/f\/c\/7c6c551c74c8b8b2\/EgXL8oGw3CdFgHB4r64KTksB4KNOstV59YhWQgFCVsbmBg?e=nJM7ld\" target=\"_blank\" rel=\"noopener\">\n\t\t\t\t\t\t<span class=\"elementor-button-content-wrapper\">\n\t\t\t\t\t\t\t\t\t<span class=\"elementor-button-text\">Herunterladen<\/span>\n\t\t\t\t\t<\/span>\n\t\t\t\t\t<\/a>\n\t\t\t\t\t\t\t\t<\/div>\n\t\t\t\t<div class=\"elementor-element elementor-element-a153df0 elementor-widget elementor-widget-heading\" data-id=\"a153df0\" data-element_type=\"widget\" data-widget_type=\"heading.default\">\n\t\t\t\t\t<span class=\"elementor-heading-title elementor-size-default\">Sprachen<\/span>\t\t\t\t<\/div>\n\t\t<div class=\"elementor-element elementor-element-3aa1b4d e-con-full e-flex e-con e-child\" data-id=\"3aa1b4d\" data-element_type=\"container\">\n\t\t\t\t<div class=\"elementor-element elementor-element-e8975ec elementor-align-center elementor-widget elementor-widget-button\" data-id=\"e8975ec\" data-element_type=\"widget\" data-widget_type=\"button.default\">\n\t\t\t\t\t\t\t\t\t\t<a class=\"elementor-button elementor-size-sm\" role=\"button\">\n\t\t\t\t\t\t<span class=\"elementor-button-content-wrapper\">\n\t\t\t\t\t\t\t\t\t<span class=\"elementor-button-text\">\u7b80\u4f53\u4e2d\u6587<\/span>\n\t\t\t\t\t<\/span>\n\t\t\t\t\t<\/a>\n\t\t\t\t\t\t\t\t<\/div>\n\t\t\t\t<div class=\"elementor-element elementor-element-d50312a elementor-align-center elementor-widget elementor-widget-button\" data-id=\"d50312a\" data-element_type=\"widget\" data-widget_type=\"button.default\">\n\t\t\t\t\t\t\t\t\t\t<a class=\"elementor-button elementor-size-sm\" role=\"button\">\n\t\t\t\t\t\t<span class=\"elementor-button-content-wrapper\">\n\t\t\t\t\t\t\t\t\t<span class=\"elementor-button-text\">\u7e41\u9ad4\u4e2d\u6587<\/span>\n\t\t\t\t\t<\/span>\n\t\t\t\t\t<\/a>\n\t\t\t\t\t\t\t\t<\/div>\n\t\t\t\t<div class=\"elementor-element elementor-element-1c6f173 elementor-align-center elementor-widget elementor-widget-button\" data-id=\"1c6f173\" data-element_type=\"widget\" data-widget_type=\"button.default\">\n\t\t\t\t\t\t\t\t\t\t<a class=\"elementor-button elementor-size-sm\" role=\"button\">\n\t\t\t\t\t\t<span class=\"elementor-button-content-wrapper\">\n\t\t\t\t\t\t\t\t\t<span class=\"elementor-button-text\">English<\/span>\n\t\t\t\t\t<\/span>\n\t\t\t\t\t<\/a>\n\t\t\t\t\t\t\t\t<\/div>\n\t\t\t\t<\/div>\n\t\t\t\t<\/div>\n\t\t<div class=\"elementor-element elementor-element-05dc3d5 e-con-full e-flex e-con e-child\" data-id=\"05dc3d5\" data-element_type=\"container\" data-settings=\"{&quot;background_background&quot;:&quot;classic&quot;}\">\n\t\t<div class=\"elementor-element elementor-element-0f23524 e-con-full e-flex e-con e-child\" data-id=\"0f23524\" data-element_type=\"container\">\n\t\t\t\t<div class=\"elementor-element elementor-element-23f1220 elementor-widget elementor-widget-heading\" data-id=\"23f1220\" data-element_type=\"widget\" data-widget_type=\"heading.default\">\n\t\t\t\t\t<h2 class=\"elementor-heading-title elementor-size-default\">Die 5 psychologischen Fallen beim Trading<\/h2>\t\t\t\t<\/div>\n\t\t\t\t<div class=\"elementor-element elementor-element-794c598 elementor-widget elementor-widget-heading\" data-id=\"794c598\" data-element_type=\"widget\" data-widget_type=\"heading.default\">\n\t\t\t\t\t<h3 class=\"elementor-heading-title elementor-size-default\">Warum f\u00fchren perfekte Pl\u00e4ne dennoch zu Verlusten? Laden Sie den kostenlosen Leitfaden herunter und \u00fcberwinden Sie die 5 t\u00f6dlichsten Trading-Psychofallen.<\/h3>\t\t\t\t<\/div>\n\t\t\t\t<div class=\"elementor-element elementor-element-3ab86cb elementor-widget elementor-widget-heading\" data-id=\"3ab86cb\" data-element_type=\"widget\" data-widget_type=\"heading.default\">\n\t\t\t\t\t<h3 class=\"elementor-heading-title elementor-size-default\">Dieser Leitfaden hilft Ihnen, Gier, Angst, FOMO (Fear of Missing Out) und andere psychologische Fallen im Trading zu erkennen und zu \u00fcberwinden, damit Sie wirklich \u201eWissen und Handeln in Einklang bringen\u201c k\u00f6nnen.<\/h3>\t\t\t\t<\/div>\n\t\t\t\t<div class=\"elementor-element elementor-element-6922722 elementor-widget-divider--view-line elementor-widget elementor-widget-divider\" data-id=\"6922722\" data-element_type=\"widget\" data-widget_type=\"divider.default\">\n\t\t\t\t\t\t\t<div class=\"elementor-divider\">\n\t\t\t<span class=\"elementor-divider-separator\">\n\t\t\t\t\t\t<\/span>\n\t\t<\/div>\n\t\t\t\t\t\t<\/div>\n\t\t\t\t<\/div>\n\t\t\t\t<div class=\"elementor-element elementor-element-7c4d490 elementor-widget elementor-widget-html translation-block\" data-id=\"7c4d490\" data-element_type=\"widget\" data-widget_type=\"html.default\"><div style=\"16px\"><span>\n<h3><strong>St\u00f6rt Ihr inneres Selbst Ihren Handel?<\/strong>&nbsp;<\/h3>\n<ul>\n <li>Haben Sie schon einmal aufgrund von <strong>Gier<\/strong>&nbsp;einen profitablen Trade in einen Verlust verwandelt?<\/li>\n <li>Haben Sie schon einmal aufgrund von <strong>Angst<\/strong>&nbsp;eine Chance verpasst, die genau Ihrem Plan entsprach?<\/li>\n <li>Haben Sie nach Verlusten aus <strong>Wut<\/strong>&nbsp;impulsivere und gr\u00f6\u00dfere \u201eRache-Trades\u201c durchgef\u00fchrt?<\/li>\n<\/ul>\n<br>\n\n<!-- Section:&nbsp;L\u00f6sung &amp; Transformation -->\n<h3><strong>Handelserfolg, 80% kommt von psychologischer Kontrolle<\/strong>&nbsp;<\/h3>\nSelbst die beste Strategie ist wertlos, wenn sie nicht mit einer disziplinierten Mentalit\u00e4t umgesetzt wird.<br>\nDieses Buch \u201eDie 5 psychologischen Fallen beim Trading\u201c bietet Ihnen praktische Werkzeuge zur Kontrolle Ihrer inneren Emotionen.<br>\n<br>\n<h4><strong>Nach der Lekt\u00fcre dieses Leitfadens lernen Sie, wie Sie:<\/strong>&nbsp;<\/h4>\n<ul>\n <li><strong>Gier managen:<\/strong>&nbsp;Mit der \u201e80\/20-Regel\u201c Gewinne sichern und gleichzeitig laufen lassen.<\/li>\n <li><strong>Angst \u00fcberwinden:<\/strong>&nbsp;Mit \u201eDaten\u201c und \u201eDisziplin\u201c Vertrauen in den Handel aufbauen.<\/li>\n <li><strong>Teufelskreis durchbrechen:<\/strong>&nbsp;Mit \u201eharten Regeln\u201c Rache-Trades vermeiden.<\/li>\n<\/ul>\n<br>\n\n<!-- Section:&nbsp;Inhalt des E-Books -->\n<h4><strong>In diesem Leitfaden lernen Sie, wie Sie mit folgenden Fallen umgehen:<\/strong>&nbsp;<\/h4>\n<ul>\n <li><strong>Falle 1:<\/strong>&nbsp;Gier \u2013 \u201eIch sollte mehr verdienen!\u201c<\/li>\n <li><strong>Falle 2:<\/strong>&nbsp;Angst \u2013 \u201eIch habe Angst vor Verlusten...\u201c<\/li>\n <li><strong>Falle 3:<\/strong>&nbsp;FOMO \u2013 \u201eIch habe Angst, Chancen zu verpassen!\u201c<\/li>\n <li><strong>Falle 4:<\/strong>&nbsp;Rache-Trading \u2013 \u201eIch will mein Geld zur\u00fcckgewinnen!\u201c<\/li>\n <li><strong>Falle 5:<\/strong>&nbsp;\u00dcberm\u00e4\u00dfiges Selbstvertrauen \u2013 \u201eIch kann nicht nochmal verlieren!\u201c<\/li>\n<\/ul>\n<\/span><\/div><\/div>\n\t\t\t\t<\/div>\n\t\t\t\t\t<\/div>\n\t\t\t\t<\/div>\n\t\t\t\t<\/div>","protected":false},"excerpt":{"rendered":"<p>Warum f\u00fchren perfekte Pl\u00e4ne dennoch zu Verlusten? Laden Sie den kostenlosen Leitfaden \u201eDie 5 psychologischen Fallen beim Trading\u201c herunter. Wir analysieren f\u00fcr Sie Gier, Angst, FOMO und die 5 h\u00e4ufigsten psychologischen Fallen und bieten konkrete Gegenma\u00dfnahmen an.<\/p>","protected":false},"author":1,"featured_media":57408,"parent":0,"menu_order":0,"comment_status":"closed","ping_status":"closed","template":"","meta":{"footnotes":""},"tags":[128],"class_list":["post-57464","page","type-page","status-publish","has-post-thumbnail","hentry","tag-no-google"],"_links":{"self":[{"href":"https:\/\/mister.forex\/de\/wp-json\/wp\/v2\/pages\/57464","targetHints":{"allow":["GET"]}}],"collection":[{"href":"https:\/\/mister.forex\/de\/wp-json\/wp\/v2\/pages"}],"about":[{"href":"https:\/\/mister.forex\/de\/wp-json\/wp\/v2\/types\/page"}],"author":[{"embeddable":true,"href":"https:\/\/mister.forex\/de\/wp-json\/wp\/v2\/users\/1"}],"replies":[{"embeddable":true,"href":"https:\/\/mister.forex\/de\/wp-json\/wp\/v2\/comments?post=57464"}],"version-history":[{"count":0,"href":"https:\/\/mister.forex\/de\/wp-json\/wp\/v2\/pages\/57464\/revisions"}],"wp:featuredmedia":[{"embeddable":true,"href":"https:\/\/mister.forex\/de\/wp-json\/wp\/v2\/media\/57408"}],"wp:attachment":[{"href":"https:\/\/mister.forex\/de\/wp-json\/wp\/v2\/media?parent=57464"}],"wp:term":[{"taxonomy":"post_tag","embeddable":true,"href":"https:\/\/mister.forex\/de\/wp-json\/wp\/v2\/tags?post=57464"}],"curies":[{"name":"wp","href":"https:\/\/api.w.org\/{rel}","templated":true}]}}