{"id":61945,"date":"2025-12-04T19:14:13","date_gmt":"2025-12-04T11:14:13","guid":{"rendered":"https:\/\/mister.forex\/?page_id=61945"},"modified":"2026-04-20T17:04:35","modified_gmt":"2026-04-20T09:04:35","slug":"trust-standards","status":"publish","type":"page","link":"https:\/\/mister.forex\/de\/trust-standards\/","title":{"rendered":"Vertrauen &amp; Standards: Bewertungsmethodik, redaktionelle Richtlinien und Transparenz | Mr.Forex"},"content":{"rendered":"<div data-elementor-type=\"wp-page\" data-elementor-id=\"61945\" class=\"elementor elementor-61945\" data-elementor-post-type=\"page\">\n\t\t\t\t<div class=\"elementor-element elementor-element-1b09601 e-flex e-con-boxed e-con e-parent\" data-id=\"1b09601\" data-element_type=\"container\" data-settings=\"{&quot;background_background&quot;:&quot;classic&quot;}\">\n\t\t\t\t\t<div class=\"e-con-inner\">\n\t\t<div class=\"elementor-element elementor-element-613ccf5 e-flex e-con-boxed e-con e-child\" data-id=\"613ccf5\" data-element_type=\"container\">\n\t\t\t\t\t<div class=\"e-con-inner\">\n\t\t\t\t<div class=\"elementor-element elementor-element-81faed3 elementor-widget elementor-widget-heading\" data-id=\"81faed3\" data-element_type=\"widget\" data-widget_type=\"heading.default\">\n\t\t\t\t\t<h1 class=\"elementor-heading-title elementor-size-default\">Vertrauen &amp; Standards<\/h1>\t\t\t\t<\/div>\n\t\t\t\t\t<\/div>\n\t\t\t\t<\/div>\n\t\t\t\t<div class=\"elementor-element elementor-element-7907151 elementor-widget__width-inherit elementor-absolute elementor-widget elementor-widget-image\" data-id=\"7907151\" data-element_type=\"widget\" data-settings=\"{&quot;_position&quot;:&quot;absolute&quot;}\" data-widget_type=\"image.default\">\n\t\t\t\t\t\t\t\t\t\t\t\t\t\t\t<img fetchpriority=\"high\" decoding=\"async\" width=\"500\" height=\"281\" src=\"https:\/\/mister.forex\/wp-content\/uploads\/2024\/02\/services-2-500x281.webp\" class=\"attachment-medium size-medium wp-image-4104\" alt=\"\" srcset=\"https:\/\/mister.forex\/wp-content\/uploads\/2024\/02\/services-2-500x281.webp 500w, https:\/\/mister.forex\/wp-content\/uploads\/2024\/02\/services-2-600x337.webp 600w, https:\/\/mister.forex\/wp-content\/uploads\/2024\/02\/services-2-1200x675.webp 1200w, https:\/\/mister.forex\/wp-content\/uploads\/2024\/02\/services-2-300x169.webp 300w, https:\/\/mister.forex\/wp-content\/uploads\/2024\/02\/services-2-768x432.webp 768w, https:\/\/mister.forex\/wp-content\/uploads\/2024\/02\/services-2.webp 1366w\" sizes=\"(max-width: 500px) 100vw, 500px\" \/>\t\t\t\t\t\t\t\t\t\t\t\t\t\t\t<\/div>\n\t\t\t\t\t<\/div>\n\t\t\t\t<\/div>\n\t\t<div class=\"elementor-element elementor-element-ac84467 e-flex e-con-boxed e-con e-parent\" data-id=\"ac84467\" data-element_type=\"container\">\n\t\t\t\t\t<div class=\"e-con-inner\">\n\t\t\t\t<div class=\"elementor-element elementor-element-562ecf4 elementor-widget elementor-widget-spacer\" data-id=\"562ecf4\" data-element_type=\"widget\" data-widget_type=\"spacer.default\">\n\t\t\t\t\t\t\t<div class=\"elementor-spacer\">\n\t\t\t<div class=\"elementor-spacer-inner\"><\/div>\n\t\t<\/div>\n\t\t\t\t\t\t<\/div>\n\t\t\t\t<div class=\"elementor-element elementor-element-c5656c6 elementor-widget elementor-widget-html translation-block\" data-id=\"c5656c6\" data-element_type=\"widget\" data-widget_type=\"html.default\"><span>\nBei Mr.Forex sind wir fest davon \u00fcberzeugt, dass Wahrheit im Finanzhandel das wertvollste Gut ist.<br>\n<br>\nUnsere Inhalte basieren auf echter Marktausf\u00fchrung, strengen Backtests und dem Einsatz eigener Mittel. Wir haben unsere \u201eBewertungsmethodik\u201c, \u201eRedaktionellen Richtlinien\u201c und \u201eWerbeoffenlegung\u201c hier zusammengefasst, um Ihnen volle Transparenz \u00fcber unsere Arbeitsweise zu bieten.<br>\n<br>\n<h2><strong>1. Bewertungsmethodik<\/strong><\/h2>\nWir verlassen uns nicht auf Marketingbrosch\u00fcren. Wir nutzen institutionelle Standards f\u00fcr Stresstests von Brokern und Software. Mit unserem Hintergrund im Eigenhandel bewerten wir Handelsumgebungen aus professionellen Blickwinkeln, die Privatanleger oft \u00fcbersehen.<br>\n<br>\n<strong>Wie wir Broker und Infrastruktur testen:<\/strong>\n<ul>\n    <li><strong>Echtgeld-Ausf\u00fchrung:<\/strong> Wir zahlen eigenes Kapital auf reale Konten ein, um die tats\u00e4chlichen Handelsbedingungen zu verifizieren.<\/li>\n    <li><strong>Latenz-Monitoring:<\/strong> Wir nutzen VPS-Server in Finanzzentren (wie Equinix NY4 und LD4), um Stabilit\u00e4t und Ping-Werte rund um die Uhr zu \u00fcberwachen.<\/li>\n    <li><strong>Slippage &amp; Spreads:<\/strong> Wir protokollieren Kosten bei hoher Volatilit\u00e4t (NFP, FOMC), um versteckte Aufschl\u00e4ge oder b\u00f6sartige Slippage zu erkennen.<\/li>\n    <li><strong>Auszahlungspr\u00fcfung:<\/strong> Wir testen Auszahlungen anonym auf Geschwindigkeit, versteckte Geb\u00fchren und Einfachheit.<\/li>\n<\/ul>\n<br>\n<strong>Wie wir Strategien (EA) und Signale testen:<\/strong>\n<ul>\n    <li><strong>Datengenauigkeit:<\/strong> Alle Algorithmen werden mit hochpr\u00e4zisen Tick-Daten backgetestet, um reale Spread-Bedingungen zu simulieren.<\/li>\n    <li><strong>Robustheitspr\u00fcfung:<\/strong> Wir nutzen Monte-Carlo-Simulationen und Walk-Forward-Analysen, um sicherzustellen, dass Strategien nicht auf historische Daten \u00fcberoptimiert sind.<\/li>\n<\/ul>\n<br>\n<h2><strong>2. Redaktionelle Richtlinien und Unabh\u00e4ngigkeit<\/strong><\/h2>\nUnser Ziel ist objektive Berichterstattung. Um unsere Integrit\u00e4t zu wahren, befolgen wir diese Regeln:<br>\n<ul>\n    <li><strong>Strikte Unabh\u00e4ngigkeit:<\/strong> Unsere Redaktion arbeitet getrennt vom Gesch\u00e4ftsentwicklungsteam. Kein Anbieter kann Bewertungen oder Rankings durch Zahlungen beeinflussen.<\/li>\n    <li><strong>Datenbasierte Pr\u00fcfung:<\/strong> Jede Aussage wird mit Regulierungsdatenbanken (FCA, ASIC) und internen Testdaten abgeglichen.<\/li>\n    <li><strong>Korrekturmechanismus:<\/strong> Fehler werden sofort korrigiert und das Aktualisierungsdatum wird deutlich gekennzeichnet.<\/li>\n    <li><strong>Objektiver Ton:<\/strong> Wir vermeiden Hype. Risiken werden ebenso klar kommuniziert wie potenzielle Renditen.<\/li>\n<\/ul>\n<br>\n<h2><strong>3. Offenlegung von Werbung und Affiliate-Links<\/strong><\/h2>\nTransparenz gilt auch f\u00fcr unser Gesch\u00e4ftsmodell. Der Betrieb eines Quant-Labors ist kostspielig. Um Inhalte kostenlos anzubieten, nutzt Mr.Forex ein Affiliate-Modell.<br>\n<ul>\n    <li><strong>Funktionsweise:<\/strong> Einige Links sind Empfehlungslinks. Wir erhalten ggf. eine Provision, wenn Sie \u00fcber diese Links einen Dienst erwerben.<\/li>\n    <li><strong>Keine Zusatzkosten:<\/strong> F\u00fcr Sie entstehen keine Mehrkosten. Oft k\u00f6nnen wir durch unsere Position sogar bessere Konditionen f\u00fcr unsere Leser aushandeln.<\/li>\n    <li><strong>Integrit\u00e4t zuerst:<\/strong> Partnerschaften beeinflussen niemals unsere Bewertung. Bei schlechter Leistung berichten wir ehrlich dar\u00fcber. Nutzervertrauen steht \u00fcber kurzfristigen Provisionen.<\/li>\n<\/ul>\n<\/span><\/div>\n\t\t\t\t<div class=\"elementor-element elementor-element-97e0b25 elementor-widget elementor-widget-spacer\" data-id=\"97e0b25\" data-element_type=\"widget\" data-widget_type=\"spacer.default\">\n\t\t\t\t\t\t\t<div class=\"elementor-spacer\">\n\t\t\t<div class=\"elementor-spacer-inner\"><\/div>\n\t\t<\/div>\n\t\t\t\t\t\t<\/div>\n\t\t\t\t\t<\/div>\n\t\t\t\t<\/div>\n\t\t<div class=\"elementor-element elementor-element-d617afe e-flex e-con-boxed e-con e-parent\" data-id=\"d617afe\" data-element_type=\"container\">\n\t\t\t\t\t<div class=\"e-con-inner\">\n\t\t\t\t<div class=\"elementor-element elementor-element-3e2da3e elementor-widget elementor-widget-html\" data-id=\"3e2da3e\" data-element_type=\"widget\" data-widget_type=\"html.default\">\n\t\t\t\t\t<script type=\"application\/ld+json\">{\n    \"@context\": \"https:\\\/\\\/schema.org\",\n    \"@graph\": [\n        {\n            \"@type\": \"WebPage\",\n            \"@id\": \"https:\\\/\\\/mister.forex\\\/trust-standards\\\/#webpage\",\n            \"url\": \"https:\\\/\\\/mister.forex\\\/trust-standards\\\/\",\n            \"name\": \"\\u4fe1\\u4efb\\u548c\\u6a19\\u6e96\\uff1a\\u8a55\\u6e2c\\u65b9\\u6cd5\\u3001\\u7de8\\u8f2f\\u6e96\\u5247\\u8207\\u900f\\u660e\\u5ea6\\u62ab\\u9732 | Mr.Forex\",\n            \"description\": \"\\u4e86\\u89e3 Mr.Forex \\u5982\\u4f55\\u5efa\\u7acb\\u4fe1\\u4efb\\u3002\\u6211\\u5011\\u516c\\u958b\\u8a55\\u6e2c\\u65b9\\u6cd5\\uff0c\\u900f\\u904e\\u81ea\\u6709\\u8cc7\\u91d1\\u5be6\\u76e4\\u6e2c\\u8a66\\u7d93\\u7d00\\u5546\\u3001\\u56b4\\u683c\\u6578\\u64da\\u56de\\u6e2c\\u7b56\\u7565\\uff0c\\u4e26\\u5805\\u6301\\u7de8\\u8f2f\\u7368\\u7acb\\u6027\\u3002\\u67e5\\u770b\\u6211\\u5011\\u7684\\u5ee3\\u544a\\u63ed\\u9732\\u8207\\u904b\\u4f5c\\u6a19\\u6e96\\uff0c\\u78ba\\u4fdd\\u60a8\\u7372\\u53d6\\u6700\\u516c\\u6b63\\u7684\\u4ea4\\u6613\\u60c5\\u5831\\u3002\",\n            \"isPartOf\": {\n                \"@id\": \"https:\\\/\\\/mister.forex\\\/#website\"\n            },\n            \"about\": {\n                \"@id\": \"https:\\\/\\\/mister.forex\\\/#organization\"\n            },\n            \"inLanguage\": \"zh-TW\"\n        },\n        {\n            \"@type\": \"WebSite\",\n            \"@id\": \"https:\\\/\\\/mister.forex\\\/#website\",\n            \"url\": \"https:\\\/\\\/mister.forex\\\/\",\n            \"name\": \"Mr.Forex\",\n            \"alternateName\": \"Mister Forex\",\n            \"publisher\": {\n                \"@id\": \"https:\\\/\\\/mister.forex\\\/#organization\"\n            },\n            \"inLanguage\": \"zh-TW\"\n        },\n        {\n            \"@type\": [\n                \"FinancialService\",\n                \"Organization\"\n            ],\n            \"@id\": \"https:\\\/\\\/mister.forex\\\/#organization\",\n            \"name\": \"Mr.Forex\",\n            \"legalName\": \"Shine Wealth Co., Ltd.\",\n            \"publishingPrinciples\": \"https:\\\/\\\/mister.forex\\\/trust-standards\\\/\",\n            \"url\": \"https:\\\/\\\/mister.forex\\\/\",\n            \"email\": \"support@mister.forex\",\n            \"telephone\": \"+886 2 8751 5503\",\n            \"sameAs\": [\n                \"https:\\\/\\\/www.linkedin.com\\\/company\\\/mister-forex\\\/\",\n                \"https:\\\/\\\/www.instagram.com\\\/mr.forex888\\\/\",\n                \"https:\\\/\\\/www.instagram.com\\\/mr.forex777\\\/\",\n                \"https:\\\/\\\/www.trustpilot.com\\\/review\\\/mister.forex\\\/\",\n                \"https:\\\/\\\/www.fazzaco.com\\\/companydetail\\\/mrforex-mister-forex\\\/\",\n                \"https:\\\/\\\/www.myfxbook.com\\\/members\\\/misterforex888\\\/\",\n                \"https:\\\/\\\/www.myfxbook.com\\\/reviews\\\/rebate-programs\\\/mrforex\\\/3302728,1\\\/\",\n                \"https:\\\/\\\/www.myfxbook.com\\\/reviews\\\/signal-providers\\\/mrforex\\\/3310068,1\\\/\",\n                \"https:\\\/\\\/ib.fx110.com\\\/ib\\\/3387\\\/\",\n                \"https:\\\/\\\/www.google.com\\\/viewer\\\/place?mid=\\\/g\\\/11z603zvrd\"\n            ],\n            \"logo\": {\n                \"@type\": \"ImageObject\",\n                \"url\": \"https:\\\/\\\/mister.forex\\\/wp-content\\\/uploads\\\/2026\\\/03\\\/mrforex-512x512-white.png\"\n            },\n            \"address\": {\n                \"@type\": \"PostalAddress\",\n                \"streetAddress\": \"2 F., No. 12, Zhouzi St., Neihu Dist.,\",\n                \"addressLocality\": \"Taipei City\",\n                \"addressRegion\": \"Taiwan (R.O.C.)\",\n                \"postalCode\": \"114064\",\n                \"addressCountry\": \"TW\"\n            },\n            \"parentOrganization\": {\n                \"@id\": \"https:\\\/\\\/mister.forex\\\/#parentOrganization\"\n            },\n            \"founder\": [\n                {\n                    \"@id\": \"https:\\\/\\\/mister.forex\\\/#founder-joe\"\n                },\n                {\n                    \"@id\": \"https:\\\/\\\/mister.forex\\\/#founder-john\"\n                }\n            ],\n            \"aggregateRating\": {\n                \"@type\": \"AggregateRating\",\n                \"ratingValue\": \"4.91\",\n                \"reviewCount\": \"135\",\n                \"bestRating\": \"5\",\n                \"worstRating\": \"1\"\n            }\n        },\n        {\n            \"@type\": \"Organization\",\n            \"@id\": \"https:\\\/\\\/mister.forex\\\/#parentOrganization\",\n            \"name\": \"Shine Wealth Co., Ltd.\",\n            \"alternateName\": \"Shine Wealth Strategies\",\n            \"url\": \"https:\\\/\\\/shinewealth.co\\\/en\",\n            \"leiCode\": \"300300VWJ2VA9TKZUM85\",\n            \"taxID\": \"85127140\",\n            \"sameAs\": [\n                \"https:\\\/\\\/www.crunchbase.com\\\/organization\\\/shine-wealth-strategies\",\n                \"https:\\\/\\\/findbiz.nat.gov.tw\\\/fts\\\/query\\\/QueryBar\\\/queryInit.do?banNo=85127140\",\n                \"https:\\\/\\\/search.gleif.org\\\/#\\\/record\\\/300300VWJ2VA9TKZUM85\",\n                \"https:\\\/\\\/www.linkedin.com\\\/company\\\/shine-wealth-strategies\"\n            ],\n            \"subOrganization\": [\n                {\n                    \"@type\": \"Organization\",\n                    \"name\": \"DT Media Lab\",\n                    \"description\": \"A premier digital media lab under Shine Wealth Strategies, specializing in lifestyle and entertainment content with over 700 million cumulative views.\",\n                    \"award\": \"1.1M+ Total followers & subscription\",\n                    \"sameAs\": [\n                        \"https:\\\/\\\/www.youtube.com\\\/@DietTomorrowFood\",\n                        \"https:\\\/\\\/www.tiktok.com\\\/@dt.foodie\",\n                        \"https:\\\/\\\/www.instagram.com\\\/dt.foodie\\\/\"\n                    ]\n                }\n            ]\n        },\n        {\n            \"@type\": \"Person\",\n            \"@id\": \"https:\\\/\\\/mister.forex\\\/#founder-joe\",\n            \"name\": \"Ciao Hong Jheng\",\n            \"alternateName\": \"Joe\",\n            \"jobTitle\": \"Co-Founder\",\n            \"email\": \"joe@mister.forex\",\n            \"description\": \"Expert in quantitative strategy development with extensive professional experience in the IT sector.\",\n            \"sameAs\": [\n                \"https:\\\/\\\/www.crunchbase.com\\\/person\\\/ciao-hong-jheng\",\n                \"https:\\\/\\\/www.linkedin.com\\\/in\\\/ciao-hong-jheng-joe\\\/\",\n                \"https:\\\/\\\/www.myfxbook.com\\\/members\\\/sw85127140\",\n                \"https:\\\/\\\/www.followme.com\\\/c\\\/22699319\",\n                \"https:\\\/\\\/www.followme.com\\\/u\\\/869619\"\n            ]\n        },\n        {\n            \"@type\": \"Person\",\n            \"@id\": \"https:\\\/\\\/mister.forex\\\/#founder-john\",\n            \"name\": \"Yi Hsiu Tsai\",\n            \"alternateName\": \"John\",\n            \"jobTitle\": \"Co-Founder\",\n            \"email\": \"john@mister.forex\",\n            \"description\": \"Academic background in finance, responsible for the operational execution and strategic management of the brand.\",\n            \"sameAs\": [\n                \"https:\\\/\\\/www.crunchbase.com\\\/person\\\/yi-hsiu-tsai\",\n                \"https:\\\/\\\/www.linkedin.com\\\/in\\\/yi-hsiu-tsai-john\\\/\",\n                \"https:\\\/\\\/www.myfxbook.com\\\/members\\\/sagen520\"\n            ]\n        }\n    ]\n}<\/script>\t\t\t\t<\/div>\n\t\t\t\t\t<\/div>\n\t\t\t\t<\/div>\n\t\t\t\t<\/div>","protected":false},"excerpt":{"rendered":"<p>Erfahren Sie, wie Mr.Forex Vertrauen schafft. Wir legen unsere Methodik offen, testen Broker mit eigenem Kapital und bewahren redaktionelle Unabh\u00e4ngigkeit. Unsere Standards garantieren Ihnen objektive Trading-Informationen.<\/p>","protected":false},"author":1,"featured_media":4093,"parent":0,"menu_order":0,"comment_status":"closed","ping_status":"closed","template":"","meta":{"footnotes":""},"tags":[],"class_list":["post-61945","page","type-page","status-publish","has-post-thumbnail","hentry"],"_links":{"self":[{"href":"https:\/\/mister.forex\/de\/wp-json\/wp\/v2\/pages\/61945","targetHints":{"allow":["GET"]}}],"collection":[{"href":"https:\/\/mister.forex\/de\/wp-json\/wp\/v2\/pages"}],"about":[{"href":"https:\/\/mister.forex\/de\/wp-json\/wp\/v2\/types\/page"}],"author":[{"embeddable":true,"href":"https:\/\/mister.forex\/de\/wp-json\/wp\/v2\/users\/1"}],"replies":[{"embeddable":true,"href":"https:\/\/mister.forex\/de\/wp-json\/wp\/v2\/comments?post=61945"}],"version-history":[{"count":30,"href":"https:\/\/mister.forex\/de\/wp-json\/wp\/v2\/pages\/61945\/revisions"}],"predecessor-version":[{"id":70512,"href":"https:\/\/mister.forex\/de\/wp-json\/wp\/v2\/pages\/61945\/revisions\/70512"}],"wp:featuredmedia":[{"embeddable":true,"href":"https:\/\/mister.forex\/de\/wp-json\/wp\/v2\/media\/4093"}],"wp:attachment":[{"href":"https:\/\/mister.forex\/de\/wp-json\/wp\/v2\/media?parent=61945"}],"wp:term":[{"taxonomy":"post_tag","embeddable":true,"href":"https:\/\/mister.forex\/de\/wp-json\/wp\/v2\/tags?post=61945"}],"curies":[{"name":"wp","href":"https:\/\/api.w.org\/{rel}","templated":true}]}}