{"id":65895,"date":"2026-02-03T13:31:47","date_gmt":"2026-02-03T05:31:47","guid":{"rendered":"https:\/\/mister.forex\/?page_id=65895"},"modified":"2026-05-04T21:41:24","modified_gmt":"2026-05-04T13:41:24","slug":"forex-market-sessions-and-currency-pairs-guide","status":"publish","type":"page","link":"https:\/\/mister.forex\/de\/forex-market-sessions-and-currency-pairs-guide\/","title":{"rendered":"Marktmerkmale &amp; W\u00e4hrungspsychologie: Leitfaden f\u00fcr Anf\u00e4nger | Mr.Forex"},"content":{"rendered":"<div data-elementor-type=\"wp-page\" data-elementor-id=\"65895\" class=\"elementor elementor-65895\" data-elementor-post-type=\"page\">\n\t\t\t\t<div class=\"elementor-element elementor-element-ba9c75b e-flex e-con-boxed e-con e-parent\" data-id=\"ba9c75b\" data-element_type=\"container\">\n\t\t\t\t\t<div class=\"e-con-inner\">\n\t\t\t\t<div class=\"elementor-element elementor-element-27b3544 elementor-widget elementor-widget-heading\" data-id=\"27b3544\" data-element_type=\"widget\" data-widget_type=\"heading.default\">\n\t\t\t\t\t<h1 class=\"elementor-heading-title elementor-size-default\">Meistern Sie den \"Rhythmus\" des Devisenmarktes: Die Handelszeiten mit der h\u00f6chsten Gewinnrate<\/h1>\t\t\t\t<\/div>\n\t\t\t\t<div class=\"elementor-element elementor-element-cc53c49 elementor-widget elementor-widget-html\" data-id=\"cc53c49\" data-element_type=\"widget\" data-widget_type=\"html.default\">\n\t\t\t\t\tVerstehen Sie Marktphasen und Handelsinstrumente, um ineffektive Marktzeiten pr\u00e4zise zu umgehen.\t\t\t\t<\/div>\n\t\t\t\t<div class=\"elementor-element elementor-element-d418204 elementor-widget elementor-widget-html translation-block\" data-id=\"d418204\" data-element_type=\"widget\" data-widget_type=\"html.default\">Autor: <strong>Mr.Forex<\/strong><\/div>\n\t\t\t\t<div class=\"elementor-element elementor-element-d04bf8c elementor-widget elementor-widget-html translation-block\" data-id=\"d04bf8c\" data-element_type=\"widget\" data-widget_type=\"html.default\"><span>\n<h2><strong>Vorwort: Die richtige Wahl ist wichtiger als harter Einsatz<\/strong><\/h2>\nViele Anf\u00e4nger st\u00fcrzen sich sofort auf den Goldhandel (XAUUSD), angelockt durch die hohe Volatilit\u00e4t und schnelle Gewinnchancen. Das Ergebnis? Meist geh\u00f6ren sie zu der Gruppe, die ihr Konto am schnellsten liquidiert.<br><br>\n\nDie Instrumente am Forex-Markt sind grundverschieden. Einige sind wie zahme Elefanten, ideal f\u00fcr Anf\u00e4nger zum \u00dcben; andere gleichen wilden Bestien, die nur darauf warten, undisziplinierte Trader zu bestrafen.<br><br>\n\nZudem ist Forex zwar ein 24-Stunden-Markt, aber nicht jede Minute ist f\u00fcr den Handel geeignet. In den \"toten Zonen\" ohne Volatilit\u00e4t vor dem Bildschirm zu sitzen, ist reine Zeit- und Energieverschwendung.<br><br>\n\nDieser Leitfaden ist Ihr \"Handbuch f\u00fcr das Schlachtfeld\" \u2013 er zeigt Ihnen, wann Sie in den Markt einsteigen sollten und wen Sie als Gegner w\u00e4hlen sollten.<br><br>\n\n<h2><strong>1. Die Forex-Marktuhr (Handelssitzungen)<\/strong><\/h2>\nDie Welt dreht sich, und das Kapital flie\u00dft. Der globale Devisenmarkt wird nacheinander von drei Hauptfinanzzentren betrieben. Die folgenden Zeiten basieren auf **UTC (Coordinated Universal Time)**.<br><br>\n\n<h3><strong>1. Asien-Sitzung (Asian Session) \u2014\u2014 Der ruhige Morgen<\/strong><\/h3>\n<ul>\n  <li><strong>Hauptzeiten (UTC):<\/strong> 22:00 ~ 06:00<\/li>\n  <li><strong>Hauptakteure:<\/strong> Tokio (Tokyo), Sydney.<\/li>\n  <li><strong>Eigenschaften:<\/strong> Die Volatilit\u00e4t ist meist gering, das Marktgeschehen eher verhalten. Ideal f\u00fcr Trader, die \"Range Trading\"-Strategien bevorzugen.<\/li>\n  <li><strong>Fokus-W\u00e4hrungen:<\/strong> JPY (Yen), AUD (Australischer Dollar), NZD (Neuseeland-Dollar).<\/li>\n<\/ul><br>\n\n<h3><strong>2. Europa-Sitzung (London Session) \u2014\u2014 Der Motor der Trends<\/strong><\/h3>\n<ul>\n  <li><strong>Hauptzeiten (UTC):<\/strong> 07:00 ~ 15:00<\/li>\n  <li><strong>Hauptakteur:<\/strong> London \u2014\u2014 das weltweit gr\u00f6\u00dfte Forex-Handelszentrum.<\/li>\n  <li><strong>Eigenschaften:<\/strong> Hier entstehen oft die echten Trends. Die Volatilit\u00e4t nimmt zu, das Handelsvolumen explodiert. Die erste Stunde nach der Er\u00f6ffnung in London liefert oft das erste Ausbruchssignal des Tages.<\/li>\n  <li><strong>Fokus-W\u00e4hrungen:<\/strong> EUR (Euro), GBP (Britisches Pfund), CHF (Schweizer Franken).<\/li>\n<\/ul><br>\n\n<h3><strong>3. US-Sitzung (New York Session) \u2014\u2014 Die hei\u00dfe Phase<\/strong><\/h3>\n<ul>\n  <li><strong>Hauptzeiten (UTC):<\/strong> 12:00 ~ 21:00<\/li>\n  <li><strong>Hauptakteur:<\/strong> New York.<\/li>\n  <li><strong>Eigenschaften:<\/strong> Die Phase mit dem aggressivsten Kapitalfluss.<\/li>\n  <li><strong>\ud83d\udca1 \u00dcberschneidende Handelszeiten: UTC 12:00 ~ 15:00<\/strong><br>\n  Dies ist die \u00dcberschneidung von Europa- und US-Sitzung. Hier trifft das globale Kapital aufeinander \u2013 die Volatilit\u00e4t ist am h\u00f6chsten, die Chancen am gr\u00f6\u00dften (aber auch das Risiko).<\/li>\n  <li><strong>Fokus-W\u00e4hrungen:<\/strong> USD (US-Dollar), CAD (Kanadischer Dollar), XAU (Gold).<\/li>\n<\/ul>\n<\/span><\/div>\n\t\t<div class=\"elementor-element elementor-element-2c5ac2e e-con-full e-flex e-con e-child\" data-id=\"2c5ac2e\" data-element_type=\"container\" data-settings=\"{&quot;background_background&quot;:&quot;classic&quot;}\">\n\t\t\t\t<div class=\"elementor-element elementor-element-4dc0025 elementor-widget elementor-widget-html translation-block\" data-id=\"4dc0025\" data-element_type=\"widget\" data-widget_type=\"html.default\"><span>\n<h3><strong>\u26a0\ufe0f Wichtiger Hinweis:<\/strong><\/h3>\nDie M\u00e4rkte in Europa und den USA nutzen die \"Sommerzeit (Daylight Saving Time)\". Zwischen M\u00e4rz und November verschieben sich die \u00d6ffnungs- und Schlusszeiten im Vergleich zum oben genannten Standard um eine Stunde nach vorne. Trader sollten diese saisonalen Anpassungen unbedingt beachten.\n<\/span><\/div>\n\t\t\t\t<\/div>\n\t\t\t\t<div class=\"elementor-element elementor-element-576c27b elementor-widget elementor-widget-html translation-block\" data-id=\"576c27b\" data-element_type=\"widget\" data-widget_type=\"html.default\"><span>\n<h2><strong>2. Charakteristika der Hauptw\u00e4hrungspaare (The Personalities)<\/strong><\/h2>\nObwohl auf der MT5-Plattform hunderte Instrumente verf\u00fcgbar sind, sollten sich Anf\u00e4nger auf die folgenden repr\u00e4sentativen W\u00e4hrungen konzentrieren.<br><br>\n\n<h3><strong>1. EUR\/USD (Euro\/Dollar) \u2014\u2014 Der Elefant<\/strong><\/h3>\n<ul>\n  <li><strong>Status:<\/strong> Weltweit h\u00f6chstes Handelsvolumen, macht \u00fcber 30% des Gesamtmarktes aus.<\/li>\n  <li><strong>Charakter:<\/strong> Stabilster Kursverlauf, technischer Analyse bietet hier den h\u00f6chsten Referenzwert. Extreme Fehlausbr\u00fcche sind seltener. Die Spreads sind in der Regel die niedrigsten am Markt.<\/li>\n  <li><strong>Geeignet f\u00fcr:<\/strong> Die erste Wahl f\u00fcr alle Anf\u00e4nger.<\/li>\n<\/ul><br>\n\n<h3><strong>2. USD\/JPY (Dollar\/Yen) \u2014\u2014 Der Hase<\/strong><\/h3>\n<ul>\n  <li><strong>Charakter:<\/strong> Verweilt oft in Seitw\u00e4rtsphasen, aber sobald sich ein Trend bildet (z. B. durch Kurswechsel der BoJ), sprintet er ohne R\u00fccksetzer in eine Richtung. Wird stark von den \"Renditen der US-Staatsanleihen\" beeinflusst.<\/li>\n  <li><strong>Geeignet f\u00fcr:<\/strong> Trader, die langfristige Trends (Trend Following) bevorzugen.<\/li>\n<\/ul><br>\n\n<h3><strong>3. GBP\/USD (Pfund\/Dollar) \u2014\u2014 Die Bestie<\/strong><\/h3>\n<ul>\n  <li><strong>Charakter:<\/strong> Spitzname \"Cable\". Extrem volatil und oft \"nerv\u00f6s\". Neigt stark zu \"Fehlausbr\u00fcchen (Fakeouts)\" \u2013 durchbricht oft absichtlich Unterst\u00fctzungs- oder Widerstandszonen, um Stop-Loss-Orders abzufischen, bevor der Kurs in die urspr\u00fcngliche Richtung dreht.<\/li>\n  <li><strong>Geeignet f\u00fcr:<\/strong> Fortgeschrittene Trader mit starken Nerven, die Rauschen im Markt filtern k\u00f6nnen. Anf\u00e4nger werden hier oft ausgestoppt.<\/li>\n<\/ul><br>\n\n<h2><strong>3. Gold (XAUUSD)<\/strong><\/h2>\nBitte beachten Sie diesen Abschnitt besonders. Gold ist keine W\u00e4hrung, sondern ein Edelmetall.<br><br>\n\n<h3><strong>1. Warum liebt jeder den Goldhandel?<\/strong><\/h3>\n<ul>\n  <li><strong>Extreme Volatilit\u00e4t:<\/strong> W\u00e4hrend EUR\/USD vielleicht 80 Pips am Tag schwankt, kann Gold problemlos 200-300 Pips (in Extremf\u00e4llen \u00fcber 1000 Pips) zur\u00fccklegen.<\/li>\n  <li><strong>Gewinnpotenzial:<\/strong> Bei richtiger Richtung kann sich ein Konto innerhalb weniger Tage verdoppeln.<\/li>\n<\/ul><br>\n\n<h3><strong>2. Wo liegen die Risiken?<\/strong><\/h3>\n<ul>\n  <li><strong>Starke Marktbereinigungen (Washouts):<\/strong> Gold neigt zu heftigen Schwankungen, bevor ein echter Ausbruch erfolgt, um die Stop-Loss-Orders der Kleinanleger zu eliminieren.<\/li>\n  <li><strong>H\u00f6here Handelskosten:<\/strong> Spreads und Margin-Anforderungen sind meist h\u00f6her als bei Hauptw\u00e4hrungspaaren.<\/li>\n<\/ul>\n<\/span><\/div>\n\t\t<div class=\"elementor-element elementor-element-1a435dd e-con-full e-flex e-con e-child\" data-id=\"1a435dd\" data-element_type=\"container\" data-settings=\"{&quot;background_background&quot;:&quot;classic&quot;}\">\n\t\t\t\t<div class=\"elementor-element elementor-element-651fbcd elementor-widget elementor-widget-html translation-block\" data-id=\"651fbcd\" data-element_type=\"widget\" data-widget_type=\"html.default\"><span>\n<h3><strong>\u26a0\ufe0f Rat von Mr.Forex:<\/strong><\/h3>\nAnf\u00e4ngern wird in den ersten drei Monaten dringend empfohlen: \"Fokus auf W\u00e4hrungen, H\u00e4nde weg von Gold\". Falls Sie dennoch Gold handeln m\u00f6chten, reduzieren Sie die Positionsgr\u00f6\u00dfe auf das Minimum (0.01 Lot) und w\u00e4hlen Sie einen gro\u00dfz\u00fcgigeren Stop-Loss-Abstand.\n<\/span><\/div>\n\t\t\t\t<\/div>\n\t\t\t\t<div class=\"elementor-element elementor-element-9911a1b elementor-widget elementor-widget-html translation-block\" data-id=\"9911a1b\" data-element_type=\"widget\" data-widget_type=\"html.default\"><span>\n<h2><strong>4. Korrelation (Correlation) \u2014\u2014 Legen Sie nicht alle Eier in einen Korb<\/strong><\/h2>\nDies ist ein oft \u00fcbersehenes Schl\u00fcsselrisiko.<br><br>\n\n<h3><strong>Fallstudie:<\/strong><\/h3>\nWenn Sie gleichzeitig EURUSD (Long) und GBPUSD (Long) kaufen, denken Sie vielleicht, Sie h\u00e4tten Ihr Risiko gestreut? <strong>Das ist ein Irrtum.<\/strong><br><br>\n\n<ul>\n  <li><strong>\ud83d\udd17 Positive Korrelation (Positive Correlation):<\/strong><br>\n  Euro und Pfund bewegen sich oft im Gleichklang. Wenn der Dollar st\u00e4rker wird, werden beide Positionen in der Regel <strong>gleichzeitig Verluste<\/strong> machen. Ihr Risiko hat sich faktisch verdoppelt.<\/li><br>\n  <li><strong>\ud83d\udd17 Negative Korrelation (Negative Correlation):<\/strong><br>\n  Traditionell bewegen sich USDCHF und EURUSD entgegengesetzt. Wenn Sie beide gleichzeitig kaufen (Long), gleichen sich Gewinn und Verlust gegenseitig aus \u2013 am Ende verlieren Sie nur die Transaktionsgeb\u00fchren.<\/li>\n<\/ul><br>\n\n<strong>Profitipp:<\/strong> Anf\u00e4nger sollten sich auf <strong>1 bis 3 W\u00e4hrungspaare<\/strong> gleichzeitig konzentrieren. Es empfiehlt sich, zur gleichen Zeit nur eine Art von Position zu halten, um die Margin-Quote unter Kontrolle zu halten.<br><br>\n\n<h2><strong>Fazit: Finden Sie Ihre Komfortzone<\/strong><\/h2>\nVersuchen Sie nicht, jede Gelegenheit am Markt zu ergreifen.<br><br>\n\n<ul>\n  <li>Wenn Sie den Markt nicht st\u00e4ndig beobachten k\u00f6nnen, w\u00e4hlen Sie Trend-Trading auf <strong>H4- oder D1-Ebene<\/strong>.<\/li>\n  <li>Wenn Sie kurzfristigen Nervenkitzel suchen, konzentrieren Sie sich auf die <strong>\u00fcberschneidenden Handelszeiten<\/strong>.<\/li>\n  <li>Wenn Sie Anf\u00e4nger sind, bleiben Sie konsequent bei <strong>EURUSD<\/strong>, bis Sie konstante Gewinne erzielen.<\/li>\n<\/ul><br>\nWer das Schlachtfeld und seine Gegner kennt, hat bereits halb gewonnen. Als N\u00e4chstes kommen wir zu einem entscheidenden Punkt: Wie analysiert man Gewinne und Verluste nach dem Handel?<br><br>\n\nIm n\u00e4chsten Artikel zeigen wir Ihnen, wie Sie Ihr \"Trading-Journal pr\u00fcfen\" \u2013 der einzige Weg f\u00fcr einen Trader, Exzellenz zu erreichen.\n<\/span><\/div>\n\t\t\t\t<div class=\"elementor-element elementor-element-9d50b10 elementor-icon-list--layout-inline elementor-list-item-link-inline elementor-widget elementor-widget-icon-list\" data-id=\"9d50b10\" data-element_type=\"widget\" data-widget_type=\"icon-list.default\">\n\t\t\t\t\t\t\t<ul class=\"elementor-icon-list-items elementor-inline-items\">\n\t\t\t\t\t\t\t<li class=\"elementor-icon-list-item elementor-inline-item\">\n\t\t\t\t\t\t\t\t\t\t\t<a href=\"https:\/\/mister.forex\/de\/trading-performance-review-myfxbook\/\">\n\n\t\t\t\t\t\t\t\t\t\t\t\t<span class=\"elementor-icon-list-icon\">\n\t\t\t\t\t\t\t<svg aria-hidden=\"true\" class=\"e-font-icon-svg e-far-check-circle\" viewbox=\"0 0 512 512\" xmlns=\"http:\/\/www.w3.org\/2000\/svg\"><path d=\"M256 8C119.033 8 8 119.033 8 256s111.033 248 248 248 248-111.033 248-248S392.967 8 256 8zm0 48c110.532 0 200 89.451 200 200 0 110.532-89.451 200-200 200-110.532 0-200-89.451-200-200 0-110.532 89.451-200 200-200m140.204 130.267l-22.536-22.718c-4.667-4.705-12.265-4.736-16.97-.068L215.346 303.697l-59.792-60.277c-4.667-4.705-12.265-4.736-16.97-.069l-22.719 22.536c-4.705 4.667-4.736 12.265-.068 16.971l90.781 91.516c4.667 4.705 12.265 4.736 16.97.068l172.589-171.204c4.704-4.668 4.734-12.266.067-16.971z\"><\/path><\/svg>\t\t\t\t\t\t<\/span>\n\t\t\t\t\t\t\t\t\t\t<span class=\"elementor-icon-list-text\">MT5 &amp; Myfxbook Kerndaten meistern: Die Wahrheit \u00fcber Ihr Trading-Konto<\/span>\n\t\t\t\t\t\t\t\t\t\t\t<\/a>\n\t\t\t\t\t\t\t\t\t<\/li>\n\t\t\t\t\t\t<\/ul>\n\t\t\t\t\t\t<\/div>\n\t\t\t\t\t<\/div>\n\t\t\t\t<\/div>\n\t\t\t\t<\/div>","protected":false},"excerpt":{"rendered":"<p>Tiefgreifende Analyse der Marktphasen in Asien, Europa und den USA sowie der einzigartigen Charakteristika von EURUSD, GBPUSD und Gold (XAUUSD). Vermeiden Sie ineffektive Marktzeiten, verstehen Sie Korrelationsrisiken und handeln Sie nicht l\u00e4nger blind!<\/p>","protected":false},"author":1,"featured_media":65986,"parent":0,"menu_order":0,"comment_status":"closed","ping_status":"closed","template":"","meta":{"footnotes":""},"tags":[128],"class_list":["post-65895","page","type-page","status-publish","has-post-thumbnail","hentry","tag-no-google"],"_links":{"self":[{"href":"https:\/\/mister.forex\/de\/wp-json\/wp\/v2\/pages\/65895","targetHints":{"allow":["GET"]}}],"collection":[{"href":"https:\/\/mister.forex\/de\/wp-json\/wp\/v2\/pages"}],"about":[{"href":"https:\/\/mister.forex\/de\/wp-json\/wp\/v2\/types\/page"}],"author":[{"embeddable":true,"href":"https:\/\/mister.forex\/de\/wp-json\/wp\/v2\/users\/1"}],"replies":[{"embeddable":true,"href":"https:\/\/mister.forex\/de\/wp-json\/wp\/v2\/comments?post=65895"}],"version-history":[{"count":46,"href":"https:\/\/mister.forex\/de\/wp-json\/wp\/v2\/pages\/65895\/revisions"}],"predecessor-version":[{"id":71223,"href":"https:\/\/mister.forex\/de\/wp-json\/wp\/v2\/pages\/65895\/revisions\/71223"}],"wp:featuredmedia":[{"embeddable":true,"href":"https:\/\/mister.forex\/de\/wp-json\/wp\/v2\/media\/65986"}],"wp:attachment":[{"href":"https:\/\/mister.forex\/de\/wp-json\/wp\/v2\/media?parent=65895"}],"wp:term":[{"taxonomy":"post_tag","embeddable":true,"href":"https:\/\/mister.forex\/de\/wp-json\/wp\/v2\/tags?post=65895"}],"curies":[{"name":"wp","href":"https:\/\/api.w.org\/{rel}","templated":true}]}}