{"id":11752,"date":"2024-04-01T16:47:13","date_gmt":"2024-04-01T08:47:13","guid":{"rendered":"http:\/\/192.168.0.254\/?page_id=11752"},"modified":"2026-04-04T00:12:08","modified_gmt":"2026-04-03T16:12:08","slug":"privacy","status":"publish","type":"page","link":"https:\/\/mister.forex\/es\/privacy\/","title":{"rendered":"Pol\u00edtica de privacidad: protecci\u00f3n de datos y privacidad | Mr.Forex"},"content":{"rendered":"<div data-elementor-type=\"wp-page\" data-elementor-id=\"11752\" class=\"elementor elementor-11752\" data-elementor-post-type=\"page\">\n\t\t\t\t<div class=\"elementor-element elementor-element-581c030 e-flex e-con-boxed e-con e-parent\" data-id=\"581c030\" data-element_type=\"container\" data-settings=\"{&quot;background_background&quot;:&quot;classic&quot;}\">\n\t\t\t\t\t<div class=\"e-con-inner\">\n\t\t<div class=\"elementor-element elementor-element-2ee0f91 e-flex e-con-boxed e-con e-child\" data-id=\"2ee0f91\" data-element_type=\"container\">\n\t\t\t\t\t<div class=\"e-con-inner\">\n\t\t\t\t<div class=\"elementor-element elementor-element-569d822 elementor-widget elementor-widget-heading\" data-id=\"569d822\" data-element_type=\"widget\" data-widget_type=\"heading.default\">\n\t\t\t\t\t<h1 class=\"elementor-heading-title elementor-size-default\">Pol\u00edtica de privacidad<\/h1>\t\t\t\t<\/div>\n\t\t\t\t\t<\/div>\n\t\t\t\t<\/div>\n\t\t\t\t<div class=\"elementor-element elementor-element-581eb10 elementor-widget__width-inherit elementor-absolute elementor-widget elementor-widget-image\" data-id=\"581eb10\" data-element_type=\"widget\" data-settings=\"{&quot;_position&quot;:&quot;absolute&quot;}\" data-widget_type=\"image.default\">\n\t\t\t\t\t\t\t\t\t\t\t\t\t\t\t<img fetchpriority=\"high\" decoding=\"async\" width=\"500\" height=\"281\" src=\"https:\/\/mister.forex\/wp-content\/uploads\/2025\/12\/Privacy-500x281.webp\" class=\"attachment-medium size-medium wp-image-62783\" alt=\"\" srcset=\"https:\/\/mister.forex\/wp-content\/uploads\/2025\/12\/Privacy-500x281.webp 500w, https:\/\/mister.forex\/wp-content\/uploads\/2025\/12\/Privacy-300x169.webp 300w, https:\/\/mister.forex\/wp-content\/uploads\/2025\/12\/Privacy-768x432.webp 768w, https:\/\/mister.forex\/wp-content\/uploads\/2025\/12\/Privacy-18x10.webp 18w, https:\/\/mister.forex\/wp-content\/uploads\/2025\/12\/Privacy.webp 1200w\" sizes=\"(max-width: 500px) 100vw, 500px\" \/>\t\t\t\t\t\t\t\t\t\t\t\t\t\t\t<\/div>\n\t\t\t\t\t<\/div>\n\t\t\t\t<\/div>\n\t\t<div class=\"elementor-element elementor-element-3192ffe e-flex e-con-boxed e-con e-parent\" data-id=\"3192ffe\" data-element_type=\"container\">\n\t\t\t\t\t<div class=\"e-con-inner\">\n\t\t\t\t<div class=\"elementor-element elementor-element-3bd89c5 elementor-widget elementor-widget-spacer\" data-id=\"3bd89c5\" data-element_type=\"widget\" data-widget_type=\"spacer.default\">\n\t\t\t\t\t\t\t<div class=\"elementor-spacer\">\n\t\t\t<div class=\"elementor-spacer-inner\"><\/div>\n\t\t<\/div>\n\t\t\t\t\t\t<\/div>\n\t\t\t\t<div class=\"elementor-element elementor-element-41da8c8 elementor-widget elementor-widget-html translation-block\" data-id=\"41da8c8\" data-element_type=\"widget\" data-widget_type=\"html.default\"><span>\nEsta Pol\u00edtica de Privacidad establece c\u00f3mo Mr.Forex utiliza y protege cualquier informaci\u00f3n que usted proporcione al utilizar este sitio web. Al continuar navegando o utilizando este sitio, usted acepta cumplir y estar sujeto a la siguiente pol\u00edtica de privacidad, que junto con nuestros T\u00e9rminos de Uso rigen la relaci\u00f3n entre Mr.Forex y usted.<br>\n<br>\nEste aviso de privacidad se aplica a cualquier sitio web, aplicaci\u00f3n, servicio o herramienta de Mr.Forex (colectivamente \"Servicios\") en los que se haga referencia a este aviso, independientemente de c\u00f3mo acceda a ellos o los utilice, incluso a trav\u00e9s de dispositivos m\u00f3viles.<br>\n<br>\nRevise detenidamente toda la pol\u00edtica de privacidad del sitio antes de aceptar. Al ver o utilizar cualquier parte de este sitio, usted acepta cumplir con la pol\u00edtica de privacidad completa del mismo.<br>\n<br>\nLos t\u00e9rminos \"Mr.Forex\", \"este sitio web\", \"el sitio\", \"nosotros\" o \"nos\" se refieren al propietario del sitio web. El t\u00e9rmino \"usted\" se refiere al usuario o visitante de nuestro sitio web.<br>\n<br>\nMr.Forex se compromete a garantizar que su privacidad est\u00e9 protegida de acuerdo con esta pol\u00edtica de privacidad. Si le solicitamos que proporcione cierta informaci\u00f3n por la cual pueda ser identificado al utilizar este sitio, puede estar seguro de que solo se utilizar\u00e1 de acuerdo con esta pol\u00edtica de privacidad.<br>\n<br>\nMr.Forex puede cambiar esta pol\u00edtica de vez en cuando actualizando esta p\u00e1gina. Al proporcionar cualquier informaci\u00f3n a Mr.Forex, usted acepta dichos cambios. Debe revisar esta p\u00e1gina peri\u00f3dicamente para conocer cualquier modificaci\u00f3n.<br>\n<br>\n<h2><strong>1. Qu\u00e9 es la Informaci\u00f3n Personal<\/strong><\/h2>\nLa informaci\u00f3n personal es informaci\u00f3n relacionada con una persona f\u00edsica identificada o identificable. Una persona f\u00edsica identificable es aquella que puede ser identificada, directa o indirectamente, mediante referencia a un identificador como un nombre, un n\u00famero de identificaci\u00f3n, datos de ubicaci\u00f3n, un identificador en l\u00ednea, o a uno o m\u00e1s factores espec\u00edficos de la identidad f\u00edsica, fisiol\u00f3gica, gen\u00e9tica, mental, econ\u00f3mica, cultural o social de esa persona f\u00edsica.<br>\n<br>\nNo consideramos que la informaci\u00f3n personal incluya informaci\u00f3n que haya sido anonimizada o agregada de modo que ya no pueda utilizarse para identificar a una persona f\u00edsica espec\u00edfica, ya sea en combinaci\u00f3n con otra informaci\u00f3n o de otro modo.<br>\nRecopilamos informaci\u00f3n personal de usted cuando utiliza nuestros Servicios.<br>\n<br>\n<h2><strong>2. Qu\u00e9 recopilamos<\/strong><\/h2>\nLa entrega de toda la informaci\u00f3n personal es voluntaria, pero puede ser un requisito para utilizar nuestros Servicios (como registrar una cuenta).<br>\nPodemos recopilar la siguiente informaci\u00f3n personal:<br>\n<ul>\n    <li>Detalles de identificaci\u00f3n, como nombre, edad, etc.<\/li>\n    <li>Informaci\u00f3n de contacto, incluyendo direcci\u00f3n de correo electr\u00f3nico, n\u00famero de tel\u00e9fono, etc.<\/li>\n    <li>Informaci\u00f3n demogr\u00e1fica como c\u00f3digo postal, preferencias, intereses, etc.<\/li>\n    <li>Informaci\u00f3n que estemos obligados o autorizados por las leyes nacionales aplicables a recopilar y procesar para verificar su identidad.<\/li>\n    <li>Cualquier informaci\u00f3n proporcionada por usted al utilizar nuestros Servicios (discusiones en la comunidad, formularios de contacto, conexi\u00f3n de cuentas de trading, etc.).<\/li>\n<\/ul>\n<br>\n<h2><strong>3. Informaci\u00f3n personal que recopilamos autom\u00e1ticamente<\/strong><\/h2>\nRecopilamos informaci\u00f3n sobre su interacci\u00f3n con nuestros Servicios y su comunicaci\u00f3n con nosotros. Esta es informaci\u00f3n que recibimos de los dispositivos (incluidos los m\u00f3viles) que utiliza cuando accede a nuestros Servicios, como el ID del dispositivo, tipo de dispositivo y tokens \u00fanicos de dispositivo.<br>\n<br>\nInformaci\u00f3n de ubicaci\u00f3n. Tenga en cuenta que, al utilizar un dispositivo m\u00f3vil, puede controlar o desactivar el uso de servicios de ubicaci\u00f3n para cualquier aplicaci\u00f3n en el men\u00fa de ajustes de su dispositivo.<br>\n<br>\nInformaci\u00f3n de ordenador y conexi\u00f3n, como estad\u00edsticas de visualizaci\u00f3n de p\u00e1ginas, tr\u00e1fico hacia y desde los sitios, URL de referencia, datos de anuncios, direcci\u00f3n IP, historial de navegaci\u00f3n e informaci\u00f3n de registro web.<br>\n<br>\n<h2><strong>4. Informaci\u00f3n personal recopilada mediante Cookies y tecnolog\u00edas similares<\/strong><\/h2>\nUtilizamos cookies, web beacons (o p\u00edxeles), identificadores \u00fanicos y tecnolog\u00edas similares para recopilar informaci\u00f3n sobre las p\u00e1ginas que ve, los enlaces en los que hace clic y otras acciones que realiza al utilizar nuestros Servicios, en nuestra publicidad o contenido de correo electr\u00f3nico.<br>\n<br>\nUtilizamos Google Analytics, una herramienta de an\u00e1lisis web de Google Inc., para dise\u00f1ar adecuadamente y optimizar continuamente nuestro sitio. Google Analytics utiliza cookies y crea perfiles de uso an\u00f3nimos para analizar el uso del sitio. La informaci\u00f3n almacenada (tipo de navegador, sistema operativo, URL de referencia, nombre del host, hora de la solicitud) suele transmitirse y almacenarse en los servidores de Google.<br>\n<br>\n<h2><strong>5. C\u00f3mo utilizamos las Cookies<\/strong><\/h2>\nUna cookie es un peque\u00f1o archivo que solicita permiso para ser colocado en el disco duro de su ordenador. Una vez que usted acepta, el archivo se a\u00f1ade y la cookie ayuda a analizar el tr\u00e1fico web o le informa cuando visita un sitio espec\u00edfico. Las cookies permiten que las aplicaciones web respondan a usted como individuo, adaptando sus operaciones a sus necesidades y preferencias.<br>\n<br>\nUtilizamos cookies de registro de tr\u00e1fico para identificar qu\u00e9 p\u00e1ginas se est\u00e1n utilizando. Esto nos ayuda a mejorar nuestro sitio para satisfacer las necesidades del cliente. Solo utilizamos esta informaci\u00f3n para fines de an\u00e1lisis estad\u00edstico y luego los datos se eliminan del sistema.<br>\n<br>\nEn general, las cookies nos ayudan a ofrecerle un mejor sitio web. Una cookie de ninguna manera nos da acceso a su ordenador ni a ninguna informaci\u00f3n sobre usted, aparte de los datos que decida compartir con nosotros. Puede elegir aceptar o rechazar las cookies. La mayor\u00eda de los navegadores aceptan cookies autom\u00e1ticamente, pero suele poder modificar la configuraci\u00f3n de su navegador para rechazarlas si lo prefiere. Esto puede impedirle aprovechar al m\u00e1ximo las funciones del sitio.<br>\n<br>\n<h2><strong>6. Informaci\u00f3n personal recopilada de otras fuentes<\/strong><\/h2>\nLe permitimos compartir informaci\u00f3n con sitios de redes sociales o utilizarlos para crear\/vincular su cuenta. Estos sitios pueden darnos acceso autom\u00e1tico a ciertos datos personales que poseen sobre usted (contenido visto, \"likes\", anuncios clickeados, etc.). Usted puede controlar esto mediante la configuraci\u00f3n de privacidad de la red social correspondiente. Al asociar una cuenta externa con la suya, acepta que recopilemos y utilicemos dicha informaci\u00f3n seg\u00fan este aviso. Si nos proporciona datos sobre un tercero, debe contar con su autorizaci\u00f3n.<br>\n<br>\n<h2><strong>7. C\u00f3mo utilizamos la informaci\u00f3n recopilada<\/strong><\/h2>\nNecesitamos esta informaci\u00f3n para comprender sus necesidades y ofrecerle un mejor servicio, especialmente para:<br>\n<ul>\n    <li>Mantenimiento de registros internos.<\/li>\n    <li>Prestaci\u00f3n de servicio al cliente.<\/li>\n    <li>Mejora de nuestros productos y servicios.<\/li>\n    <li>Env\u00edo peri\u00f3dico de correos promocionales sobre nuevos productos u ofertas especiales.<\/li>\n    <li>Env\u00edo de notificaciones basadas en los ajustes de su cuenta.<\/li>\n    <li>Personalizaci\u00f3n de la experiencia en el sitio (publicidad y marketing).<\/li>\n    <li>Detecci\u00f3n y prevenci\u00f3n de fraudes o actividades ilegales.<\/li>\n<\/ul>\n<br>\n<h2><strong>8. Acceso, control y correcci\u00f3n de su informaci\u00f3n personal<\/strong><\/h2>\nRespetamos sus derechos legales bajo la ley aplicable para acceder, corregir, solicitar la eliminaci\u00f3n o restringir el uso de sus datos personales. Tomamos medidas para asegurar que la informaci\u00f3n recopilada sea precisa y est\u00e9 actualizada.<br>\n<br>\nSus derechos incluyen:<br>\n<ul>\n    <li>Derecho de acceso<\/li>\n    <li>Derecho de rectificaci\u00f3n<\/li>\n    <li>Derecho de supresi\u00f3n (derecho al olvido)<\/li>\n    <li>Derecho a la limitaci\u00f3n del tratamiento<\/li>\n    <li>Derecho a la portabilidad de los datos<\/li>\n    <li>Derecho de oposici\u00f3n (ej. marketing directo)<\/li>\n    <li>Derecho a retirar el consentimiento en cualquier momento<\/li>\n    <li>Derecho a presentar una reclamaci\u00f3n ante una autoridad de control.<\/li>\n<\/ul>\nPuede ejercer sus derechos legales a trav\u00e9s del formulario de contacto del sitio web.<br>\n<br>\n\n<h2><strong>9. C\u00f3mo compartimos su informaci\u00f3n personal<\/strong><\/h2>\nPodemos divulgar su informaci\u00f3n personal a otras entidades del grupo Mr.Forex o a terceros para prestar nuestros Servicios, cumplir obligaciones legales o prevenir fraudes. Limitamos dicha divulgaci\u00f3n a lo estrictamente necesario. No vendemos ni alquilamos sus datos a terceros para fines de marketing sin su consentimiento.<br>\n<br>\nEn caso de fusi\u00f3n o adquisici\u00f3n de Mr.Forex, nos reservamos el derecho de transferir su informaci\u00f3n como parte de dicha operaci\u00f3n. En caso de quiebra, es posible que no podamos controlar c\u00f3mo se procesa o transfiere su informaci\u00f3n.<br>\n<br>\n<h2><strong>10. Per\u00edodo de retenci\u00f3n de datos<\/strong><\/h2>\nConservamos los datos personales solo por el tiempo necesario para los fines descritos. No obstante, por obligaciones legales (impuestos, contabilidad, auditor\u00eda o normas AML), podemos conservar ciertos registros por 5 a 7 a\u00f1os incluso despu\u00e9s de cerrar la cuenta. Luego, los datos se eliminan o anonimizan de forma segura.<br>\n<br>\n<h2><strong>11. Protecci\u00f3n de su informaci\u00f3n personal<\/strong><\/h2>\nUtilizamos software de servidor seguro (SSL) y firewalls para proteger su informaci\u00f3n contra el acceso no autorizado. El acceso est\u00e1 limitado a empleados y proveedores que tienen una necesidad real de conocer dicha informaci\u00f3n.<br>\n<br>\nNing\u00fan m\u00e9todo de transmisi\u00f3n por Internet es 100% seguro. Aunque usamos medios comercialmente aceptables para protegerlo, no podemos garantizar la seguridad absoluta de los datos.<br>\n<br>\n<h2><strong>12. Enlaces a otros sitios<\/strong><\/h2>\nNuestro sitio puede contener enlaces a otros sitios de inter\u00e9s. Una vez que abandona nuestro sitio, no tenemos control sobre la protecci\u00f3n de datos en esos terceros. Sea cauto y consulte las declaraciones de privacidad del sitio en cuesti\u00f3n.<br>\n<br>\n<h2><strong>13. Miscel\u00e1nea<\/strong><\/h2>\nSi alguna disposici\u00f3n de esta pol\u00edtica se considera inaplicable, no afectar\u00e1 la validez de las dem\u00e1s cl\u00e1usulas. La cl\u00e1usula inaplicable ser\u00e1 reemplazada por una v\u00e1lida que refleje mejor la intenci\u00f3n original.<br>\n<br>\n<h2><strong>14. Declaraci\u00f3n de versi\u00f3n de idioma<\/strong><\/h2>\nEstos t\u00e9rminos legales pueden proporcionarse en varios idiomas para referencia. En caso de errores de traducci\u00f3n o diferencias sem\u00e1nticas, prevalecer\u00e1 la versi\u00f3n en ingl\u00e9s. La versi\u00f3n en ingl\u00e9s es la \u00fanica oficial y tiene efecto legal.<br>\n<br>\n<h2><strong>15. Transferencia internacional de datos<\/strong><\/h2>\nDado que Mr.Forex (Shine Wealth Co., Ltd.) opera a nivel mundial, su informaci\u00f3n puede ser transferida y procesada en servidores fuera de su pa\u00eds de residencia (incluyendo Taiw\u00e1n y EE. UU. ). Al utilizar este sitio, usted consiente expresamente dicha transferencia. Tomaremos medidas de seguridad seg\u00fan los est\u00e1ndares de la industria para proteger sus datos.<br>\n<\/span><\/div>\n\t\t\t\t<div class=\"elementor-element elementor-element-86eb646 elementor-widget elementor-widget-spacer\" data-id=\"86eb646\" data-element_type=\"widget\" data-widget_type=\"spacer.default\">\n\t\t\t\t\t\t\t<div class=\"elementor-spacer\">\n\t\t\t<div class=\"elementor-spacer-inner\"><\/div>\n\t\t<\/div>\n\t\t\t\t\t\t<\/div>\n\t\t\t\t\t<\/div>\n\t\t\t\t<\/div>\n\t\t\t\t<\/div>","protected":false},"excerpt":{"rendered":"<p>Nuestra pol\u00edtica detalla c\u00f3mo protegemos sus datos y cumplimos la ley para garantizar su privacidad.<\/p>","protected":false},"author":1,"featured_media":62783,"parent":0,"menu_order":0,"comment_status":"closed","ping_status":"closed","template":"","meta":{"footnotes":""},"tags":[],"class_list":["post-11752","page","type-page","status-publish","has-post-thumbnail","hentry"],"_links":{"self":[{"href":"https:\/\/mister.forex\/es\/wp-json\/wp\/v2\/pages\/11752","targetHints":{"allow":["GET"]}}],"collection":[{"href":"https:\/\/mister.forex\/es\/wp-json\/wp\/v2\/pages"}],"about":[{"href":"https:\/\/mister.forex\/es\/wp-json\/wp\/v2\/types\/page"}],"author":[{"embeddable":true,"href":"https:\/\/mister.forex\/es\/wp-json\/wp\/v2\/users\/1"}],"replies":[{"embeddable":true,"href":"https:\/\/mister.forex\/es\/wp-json\/wp\/v2\/comments?post=11752"}],"version-history":[{"count":24,"href":"https:\/\/mister.forex\/es\/wp-json\/wp\/v2\/pages\/11752\/revisions"}],"predecessor-version":[{"id":69529,"href":"https:\/\/mister.forex\/es\/wp-json\/wp\/v2\/pages\/11752\/revisions\/69529"}],"wp:featuredmedia":[{"embeddable":true,"href":"https:\/\/mister.forex\/es\/wp-json\/wp\/v2\/media\/62783"}],"wp:attachment":[{"href":"https:\/\/mister.forex\/es\/wp-json\/wp\/v2\/media?parent=11752"}],"wp:term":[{"taxonomy":"post_tag","embeddable":true,"href":"https:\/\/mister.forex\/es\/wp-json\/wp\/v2\/tags?post=11752"}],"curies":[{"name":"wp","href":"https:\/\/api.w.org\/{rel}","templated":true}]}}