{"id":65895,"date":"2026-02-03T13:31:47","date_gmt":"2026-02-03T05:31:47","guid":{"rendered":"https:\/\/mister.forex\/?page_id=65895"},"modified":"2026-05-04T21:41:24","modified_gmt":"2026-05-04T13:41:24","slug":"forex-market-sessions-and-currency-pairs-guide","status":"publish","type":"page","link":"https:\/\/mister.forex\/es\/forex-market-sessions-and-currency-pairs-guide\/","title":{"rendered":"Gu\u00eda de Sesiones y Personalidad de Divisas: Evita Errores Comunes | Mr.Forex"},"content":{"rendered":"<div data-elementor-type=\"wp-page\" data-elementor-id=\"65895\" class=\"elementor elementor-65895\" data-elementor-post-type=\"page\">\n\t\t\t\t<div class=\"elementor-element elementor-element-ba9c75b e-flex e-con-boxed e-con e-parent\" data-id=\"ba9c75b\" data-element_type=\"container\">\n\t\t\t\t\t<div class=\"e-con-inner\">\n\t\t\t\t<div class=\"elementor-element elementor-element-27b3544 elementor-widget elementor-widget-heading\" data-id=\"27b3544\" data-element_type=\"widget\" data-widget_type=\"heading.default\">\n\t\t\t\t\t<h1 class=\"elementor-heading-title elementor-size-default\">Domina el \"Ritmo\" del Mercado Forex: Los Mejores Horarios para Operar<\/h1>\t\t\t\t<\/div>\n\t\t\t\t<div class=\"elementor-element elementor-element-cc53c49 elementor-widget elementor-widget-html\" data-id=\"cc53c49\" data-element_type=\"widget\" data-widget_type=\"html.default\">\n\t\t\t\t\tEntiende las sesiones y la personalidad de los activos para evitar las horas muertas con precisi\u00f3n.\t\t\t\t<\/div>\n\t\t\t\t<div class=\"elementor-element elementor-element-d418204 elementor-widget elementor-widget-html translation-block\" data-id=\"d418204\" data-element_type=\"widget\" data-widget_type=\"html.default\">Autor: <strong>Mr.Forex<\/strong><\/div>\n\t\t\t\t<div class=\"elementor-element elementor-element-d04bf8c elementor-widget elementor-widget-html translation-block\" data-id=\"d04bf8c\" data-element_type=\"widget\" data-widget_type=\"html.default\"><span>\n<h2><strong>Introducci\u00f3n: La elecci\u00f3n es m\u00e1s importante que el esfuerzo<\/strong><\/h2>\nMuchos principiantes comienzan operando Oro (XAUUSD) atra\u00eddos por su volatilidad y ganancias r\u00e1pidas. \u00bfEl resultado? Suelen ser los primeros en quemar sus cuentas.<br><br>\n\nCada activo en el mercado Forex tiene su propia naturaleza. Algunos son como elefantes d\u00f3ciles, ideales para que los principiantes practiquen su ritmo; otros son como bestias salvajes, listos para devorar a los traders indisciplinados.<br><br>\n\nAdem\u00e1s, aunque Forex es un mercado de 24 horas, no todos los minutos son aptos para operar. Estar frente a la pantalla durante las \"horas muertas\" sin volatilidad es solo un desperdicio de tiempo y energ\u00eda.<br><br>\n\nEsta gu\u00eda ser\u00e1 su \"manual de campo\", indic\u00e1ndole cu\u00e1ndo entrar en acci\u00f3n y a qui\u00e9n elegir como oponente.<br><br>\n\n<h2><strong>I. El Reloj del Mercado (Market Sessions)<\/strong><\/h2>\nLa Tierra gira y el capital fluye. El mercado Forex global funciona gracias al relevo de tres centros financieros principales. Los horarios a continuaci\u00f3n se basan en **UTC (Tiempo Universal Coordinado)**.<br><br>\n\n<h3><strong>1. Sesi\u00f3n Asi\u00e1tica (Asian Session) \u2014\u2014 La ma\u00f1ana tranquila<\/strong><\/h3>\n<ul>\n  <li><strong>Horario principal (UTC):<\/strong> 22:00 ~ 06:00<\/li>\n  <li><strong>Protagonistas:<\/strong> Tokio (Tokyo), S\u00eddney (Sydney).<\/li>\n  <li><strong>Caracter\u00edsticas:<\/strong> La volatilidad suele ser baja y el mercado est\u00e1 calmado. Ideal para traders que prefieren estrategias de \"rango (Range Trading)\".<\/li>\n  <li><strong>Divisas clave:<\/strong> JPY (Yen), AUD (D\u00f3lar australiano), NZD (D\u00f3lar neozeland\u00e9s).<\/li>\n<\/ul><br>\n\n<h3><strong>2. Sesi\u00f3n Europea (London Session) \u2014\u2014 El motor de las tendencias<\/strong><\/h3>\n<ul>\n  <li><strong>Horario principal (UTC):<\/strong> 07:00 ~ 15:00<\/li>\n  <li><strong>Protagonista:<\/strong> Londres (London) \u2014\u2014 El centro de trading de Forex m\u00e1s grande del mundo.<\/li>\n  <li><strong>Caracter\u00edsticas:<\/strong> Aqu\u00ed es donde suelen nacer las verdaderas tendencias. La volatilidad aumenta y el volumen de transacciones se dispara. La primera hora tras la apertura de Londres suele ofrecer la primera se\u00f1al de ruptura del d\u00eda.<\/li>\n  <li><strong>Divisas clave:<\/strong> EUR (Euro), GBP (Libra esterlina), CHF (Franco suizo).<\/li>\n<\/ul><br>\n\n<h3><strong>3. Sesi\u00f3n Americana (New York Session) \u2014\u2014 La noche fren\u00e9tica<\/strong><\/h3>\n<ul>\n  <li><strong>Horario principal (UTC):<\/strong> 12:00 ~ 21:00<\/li>\n  <li><strong>Protagonista:<\/strong> Nueva York (New York).<\/li>\n  <li><strong>Caracter\u00edsticas:<\/strong> El periodo con el flujo de capital m\u00e1s agresivo.<\/li>\n  <li><strong>\ud83d\udca1 El Solapamiento: UTC 12:00 ~ 15:00<\/strong><br>\n  Es cuando la sesi\u00f3n de Londres y Nueva York coinciden. El capital global choca aqu\u00ed, la volatilidad es m\u00e1xima y hay m\u00e1s oportunidades (aunque el riesgo tambi\u00e9n es mayor).<\/li>\n  <li><strong>Divisas clave:<\/strong> USD (D\u00f3lar estadounidense), CAD (D\u00f3lar canadiense), XAU (Oro).<\/li>\n<\/ul>\n<\/span><\/div>\n\t\t<div class=\"elementor-element elementor-element-2c5ac2e e-con-full e-flex e-con e-child\" data-id=\"2c5ac2e\" data-element_type=\"container\" data-settings=\"{&quot;background_background&quot;:&quot;classic&quot;}\">\n\t\t\t\t<div class=\"elementor-element elementor-element-4dc0025 elementor-widget elementor-widget-html translation-block\" data-id=\"4dc0025\" data-element_type=\"widget\" data-widget_type=\"html.default\"><span>\n<h3><strong>\u26a0\ufe0f Recordatorio importante:<\/strong><\/h3>\nLos mercados de Europa y EE. UU. utilizan el \"Horario de Verano (Daylight Saving Time)\". Generalmente entre marzo y noviembre, las aperturas y cierres se adelantan 1 hora respecto al est\u00e1ndar mencionado. Los traders deben estar atentos a estos ajustes estacionales.\n<\/span><\/div>\n\t\t\t\t<\/div>\n\t\t\t\t<div class=\"elementor-element elementor-element-576c27b elementor-widget elementor-widget-html translation-block\" data-id=\"576c27b\" data-element_type=\"widget\" data-widget_type=\"html.default\"><span>\n<h2><strong>II. La Personalidad de las Divisas (The Personalities)<\/strong><\/h2>\nAunque existan cientos de activos en MT5, recomendamos que los principiantes se centren en las siguientes divisas representativas.<br><br>\n\n<h3><strong>1. EUR\/USD \u2014\u2014 El Elefante<\/strong><\/h3>\n<ul>\n  <li><strong>Estatus:<\/strong> El par m\u00e1s operado del mundo, representa m\u00e1s del 30% del mercado.<\/li>\n  <li><strong>Personalidad:<\/strong> Sus movimientos son los m\u00e1s estables y su an\u00e1lisis t\u00e9cnico tiene un alto valor de referencia. Rara vez presenta falsas rupturas extremas. El diferencial (Spread) suele ser el m\u00e1s bajo del mercado.<\/li>\n  <li><strong>Ideal para:<\/strong> La primera opci\u00f3n para cualquier principiante.<\/li>\n<\/ul><br>\n\n<h3><strong>2. USD\/JPY \u2014\u2014 El Conejo<\/strong><\/h3>\n<ul>\n  <li><strong>Personalidad:<\/strong> Puede estar en consolidaci\u00f3n mucho tiempo, pero una vez que se forma una tendencia (por ejemplo, por un cambio en la pol\u00edtica del Banco de Jap\u00f3n), corre en una sola direcci\u00f3n sin mirar atr\u00e1s. Est\u00e1 muy influenciado por los rendimientos de los bonos del Tesoro de EE. UU.<\/li>\n  <li><strong>Ideal para:<\/strong> Traders que prefieren seguir tendencias a largo plazo (Trend Following).<\/li>\n<\/ul><br>\n\n<h3><strong>3. GBP\/USD \u2014\u2014 La Bestia<\/strong><\/h3>\n<ul>\n  <li><strong>Personalidad:<\/strong> Apodado \"Cable\". Es extremadamente vol\u00e1til y tiene un car\u00e1cter \"nervioso\". Le encanta crear \"falsas rupturas (Fakeouts)\", perforando niveles de soporte o resistencia para activar stop-loss antes de retomar su direcci\u00f3n original.<\/li>\n  <li><strong>Ideal para:<\/strong> Traders avanzados con nervios de acero y habilidad para filtrar ruido. Los principiantes suelen perder dinero aqu\u00ed por stop-loss frecuentes.<\/li>\n<\/ul><br>\n\n<h2><strong>III. Oro (XAUUSD)<\/strong><\/h2>\nPreste especial atenci\u00f3n a esta secci\u00f3n. El oro no es una divisa, sino un \"activo de metal precioso\".<br><br>\n\n<h3><strong>1. \u00bfPor qu\u00e9 a todo el mundo le gusta operar Oro?<\/strong><\/h3>\n<ul>\n  <li><strong>Volatilidad extrema:<\/strong> Mientras un par de divisas puede moverse 80 pips al d\u00eda, el oro puede moverse 200-300 pips f\u00e1cilmente (e incluso m\u00e1s de 1000 en casos extremos).<\/li>\n  <li><strong>Potencial de ganancias:<\/strong> Si acierta con la direcci\u00f3n, puede duplicar una cuenta en pocos d\u00edas.<\/li>\n<\/ul><br>\n\n<h3><strong>2. \u00bfD\u00f3nde est\u00e1 el riesgo?<\/strong><\/h3>\n<ul>\n  <li><strong>Fuertes sacudidas:<\/strong> El oro suele experimentar oscilaciones violentas antes de un movimiento importante para barrer los stop-loss de los minoristas.<\/li>\n  <li><strong>Costes operativos:<\/strong> El spread y los requisitos de margen suelen ser m\u00e1s altos que en las divisas principales.<\/li>\n<\/ul>\n<\/span><\/div>\n\t\t<div class=\"elementor-element elementor-element-1a435dd e-con-full e-flex e-con e-child\" data-id=\"1a435dd\" data-element_type=\"container\" data-settings=\"{&quot;background_background&quot;:&quot;classic&quot;}\">\n\t\t\t\t<div class=\"elementor-element elementor-element-651fbcd elementor-widget elementor-widget-html translation-block\" data-id=\"651fbcd\" data-element_type=\"widget\" data-widget_type=\"html.default\"><span>\n<h3><strong>\u26a0\ufe0f Consejo de Mr.Forex:<\/strong><\/h3>\nDurante los primeros 3 meses de trading, recomendamos encarecidamente \"enfocarse en divisas y evitar el oro\". Si decide operarlo, aseg\u00farese de reducir el lotaje al m\u00ednimo (0.01 lotes) y ampliar moderadamente su distancia de stop-loss.\n<\/span><\/div>\n\t\t\t\t<\/div>\n\t\t\t\t<div class=\"elementor-element elementor-element-9911a1b elementor-widget elementor-widget-html translation-block\" data-id=\"9911a1b\" data-element_type=\"widget\" data-widget_type=\"html.default\"><span>\n<h2><strong>IV. Correlaci\u00f3n (Correlation) \u2014\u2014 No ponga todos los huevos en la misma cesta<\/strong><\/h2>\nEste es un riesgo clave que suele pasarse por alto.<br><br>\n\n<h3><strong>An\u00e1lisis de caso:<\/strong><\/h3>\nSi compra simult\u00e1neamente EURUSD y GBPUSD, \u00bfcree que est\u00e1 diversificando el riesgo? <strong>En realidad, no.<\/strong><br><br>\n\n<ul>\n  <li><strong>\ud83d\udd17 Correlaci\u00f3n Positiva (Positive Correlation):<\/strong><br>\n  El Euro y la Libra suelen moverse en la misma direcci\u00f3n. Si el d\u00f3lar se fortalece, ambas operaciones suelen <strong>perder dinero al mismo tiempo<\/strong>. Su riesgo, de hecho, se duplica.<\/li><br>\n  <li><strong>\ud83d\udd17 Correlaci\u00f3n Negativa (Negative Correlation):<\/strong><br>\n  Tradicionalmente, el USDCHF y el EURUSD se mueven en direcciones opuestas. Si compra ambos a la vez, las ganancias y p\u00e9rdidas se anular\u00e1n entre s\u00ed, perdiendo finalmente solo el coste de las comisiones.<\/li>\n<\/ul><br>\n\n<strong>Sugerencia profesional:<\/strong> Un principiante solo necesita enfocarse en <strong>1 a 3 pares de divisas<\/strong>. Adem\u00e1s, se recomienda mantener solo una posici\u00f3n de la misma naturaleza a la vez para evitar que el nivel de margen se descontrole.<br><br>\n\n<h2><strong>Conclusi\u00f3n: Encuentre su zona de confort<\/strong><\/h2>\nNo intente atrapar cada oportunidad del mercado.<br><br>\n\n<ul>\n  <li>Si no puede vigilar la pantalla con frecuencia, opere en temporalidades <strong>H4 (4 horas) o D1 (diario)<\/strong>.<\/li>\n  <li>Si busca emoci\u00f3n a corto plazo, c\u00e9ntrese en los <strong>horarios de solapamiento<\/strong>.<\/li>\n  <li>Si es principiante, mant\u00e9ngase fiel al <strong>EURUSD<\/strong> hasta que logre beneficios constantes.<\/li>\n<\/ul><br>\nConocer el campo de batalla y a su oponente es ganar la mitad de la guerra. A continuaci\u00f3n, entraremos en un paso crucial: una vez terminada la batalla, \u00bfc\u00f3mo evaluar los aciertos y errores?<br><br>\n\nEn el pr\u00f3ximo art\u00edculo, compartiremos c\u00f3mo \"revisar su registro de operaciones\", el \u00fanico camino verdadero hacia la excelencia para un trader.\n<\/span><\/div>\n\t\t\t\t<div class=\"elementor-element elementor-element-9d50b10 elementor-icon-list--layout-inline elementor-list-item-link-inline elementor-widget elementor-widget-icon-list\" data-id=\"9d50b10\" data-element_type=\"widget\" data-widget_type=\"icon-list.default\">\n\t\t\t\t\t\t\t<ul class=\"elementor-icon-list-items elementor-inline-items\">\n\t\t\t\t\t\t\t<li class=\"elementor-icon-list-item elementor-inline-item\">\n\t\t\t\t\t\t\t\t\t\t\t<a href=\"https:\/\/mister.forex\/es\/trading-performance-review-myfxbook\/\">\n\n\t\t\t\t\t\t\t\t\t\t\t\t<span class=\"elementor-icon-list-icon\">\n\t\t\t\t\t\t\t<svg aria-hidden=\"true\" class=\"e-font-icon-svg e-far-check-circle\" viewbox=\"0 0 512 512\" xmlns=\"http:\/\/www.w3.org\/2000\/svg\"><path d=\"M256 8C119.033 8 8 119.033 8 256s111.033 248 248 248 248-111.033 248-248S392.967 8 256 8zm0 48c110.532 0 200 89.451 200 200 0 110.532-89.451 200-200 200-110.532 0-200-89.451-200-200 0-110.532 89.451-200 200-200m140.204 130.267l-22.536-22.718c-4.667-4.705-12.265-4.736-16.97-.068L215.346 303.697l-59.792-60.277c-4.667-4.705-12.265-4.736-16.97-.069l-22.719 22.536c-4.705 4.667-4.736 12.265-.068 16.971l90.781 91.516c4.667 4.705 12.265 4.736 16.97.068l172.589-171.204c4.704-4.668 4.734-12.266.067-16.971z\"><\/path><\/svg>\t\t\t\t\t\t<\/span>\n\t\t\t\t\t\t\t\t\t\t<span class=\"elementor-icon-list-text\">Domina los datos clave de MT5 y Myfxbook: descubre la verdad de tu cuenta de trading<\/span>\n\t\t\t\t\t\t\t\t\t\t\t<\/a>\n\t\t\t\t\t\t\t\t\t<\/li>\n\t\t\t\t\t\t<\/ul>\n\t\t\t\t\t\t<\/div>\n\t\t\t\t\t<\/div>\n\t\t\t\t<\/div>\n\t\t\t\t<\/div>","protected":false},"excerpt":{"rendered":"<p>An\u00e1lisis profundo de las sesiones de Asia, Europa y EE. UU. Descubre la personalidad del EURUSD, GBPUSD y Oro (XAUUSD). \u00a1Aprende a evitar las \"horas muertas\" y domina los riesgos de correlaci\u00f3n para dejar de operar a ciegas!<\/p>","protected":false},"author":1,"featured_media":65986,"parent":0,"menu_order":0,"comment_status":"closed","ping_status":"closed","template":"","meta":{"footnotes":""},"tags":[128],"class_list":["post-65895","page","type-page","status-publish","has-post-thumbnail","hentry","tag-no-google"],"_links":{"self":[{"href":"https:\/\/mister.forex\/es\/wp-json\/wp\/v2\/pages\/65895","targetHints":{"allow":["GET"]}}],"collection":[{"href":"https:\/\/mister.forex\/es\/wp-json\/wp\/v2\/pages"}],"about":[{"href":"https:\/\/mister.forex\/es\/wp-json\/wp\/v2\/types\/page"}],"author":[{"embeddable":true,"href":"https:\/\/mister.forex\/es\/wp-json\/wp\/v2\/users\/1"}],"replies":[{"embeddable":true,"href":"https:\/\/mister.forex\/es\/wp-json\/wp\/v2\/comments?post=65895"}],"version-history":[{"count":46,"href":"https:\/\/mister.forex\/es\/wp-json\/wp\/v2\/pages\/65895\/revisions"}],"predecessor-version":[{"id":71223,"href":"https:\/\/mister.forex\/es\/wp-json\/wp\/v2\/pages\/65895\/revisions\/71223"}],"wp:featuredmedia":[{"embeddable":true,"href":"https:\/\/mister.forex\/es\/wp-json\/wp\/v2\/media\/65986"}],"wp:attachment":[{"href":"https:\/\/mister.forex\/es\/wp-json\/wp\/v2\/media?parent=65895"}],"wp:term":[{"taxonomy":"post_tag","embeddable":true,"href":"https:\/\/mister.forex\/es\/wp-json\/wp\/v2\/tags?post=65895"}],"curies":[{"name":"wp","href":"https:\/\/api.w.org\/{rel}","templated":true}]}}