{"id":66209,"date":"2026-02-07T20:46:27","date_gmt":"2026-02-07T12:46:27","guid":{"rendered":"https:\/\/mister.forex\/?page_id=66209"},"modified":"2026-04-20T14:46:08","modified_gmt":"2026-04-20T06:46:08","slug":"how-to-verify-forex-performance-myfxbook","status":"publish","type":"page","link":"https:\/\/mister.forex\/es\/how-to-verify-forex-performance-myfxbook\/","title":{"rendered":"\u00a1Destapa estafas de Forex! Los inversores pro solo usan Myfxbook, di no a los pantallazos falsos"},"content":{"rendered":"<div data-elementor-type=\"wp-page\" data-elementor-id=\"66209\" class=\"elementor elementor-66209\" data-elementor-post-type=\"page\">\n\t\t\t\t<div class=\"elementor-element elementor-element-e032430 e-flex e-con-boxed e-con e-parent\" data-id=\"e032430\" data-element_type=\"container\">\n\t\t\t\t\t<div class=\"e-con-inner\">\n\t\t\t\t<div class=\"elementor-element elementor-element-b269822 elementor-widget elementor-widget-heading\" data-id=\"b269822\" data-element_type=\"widget\" data-widget_type=\"heading.default\">\n\t\t\t\t\t<h1 class=\"elementor-heading-title elementor-size-default\">\u00bfPor qu\u00e9 Myfxbook es la \u00fanica verdad en Forex? El coste oculto de los pantallazos falsos<\/h1>\t\t\t\t<\/div>\n\t\t\t\t<div class=\"elementor-element elementor-element-23ee36f elementor-widget elementor-widget-html translation-block\" data-id=\"23ee36f\" data-element_type=\"widget\" data-widget_type=\"html.default\"><span>\nEn el trading existe un dicho famoso: \u00abSi no tienes un historial verificado por terceros, todo lo que digas no vale nada\u00bb.<br><br>\nCuando veas esas tentadoras \u00abcapturas de ganancias azules\u00bb o \u00abinformes de 100 % de acierto\u00bb en <strong>Telegram<\/strong>, mant\u00e9n la calma y preg\u00fantate: \u00bfSon reales estos datos? En la era del Photoshop y las cuentas Demo, el coste de una captura es casi cero.<br><br>\nComo equipo cuantitativo responsable, te ense\u00f1amos a usar <strong>Myfxbook<\/strong> para identificar la verdad, igual que los inversores institucionales.<br><br>\n\n<h2><strong>1. \u00bfPor qu\u00e9 las capturas de MT4 \/ MT5 no son fiables?<\/strong><\/h2>\nLas capturas solo muestran resultados est\u00e1ticos, pero no reflejan el origen real de los fondos ni la gesti\u00f3n de riesgo global.<br><br>\n<ul>\n    <li><strong>Cuenta Demo como Real:<\/strong> Los estafadores usan cuentas demo ilimitadas para jug\u00e1rsela a todo o nada. Si ganan una vez, presumen de captura; si pierden, borran la cuenta y abren una nueva sin coste.<\/li><br>\n    \n    <li><strong>Manipulaci\u00f3n del historial:<\/strong> Existen herramientas para editar el c\u00f3digo de MT4\/MT5. Los estafadores pueden cambiar precios de entrada, salida, lotaje o beneficios para crear la captura de una \u00aboperaci\u00f3n perfecta\u00bb.<\/li><br>\n    \n    <li><strong>Muestra parcial y sesgo de supervivencia:<\/strong> Solo muestran las operaciones cerradas con beneficio. Las enormes \u00abp\u00e9rdidas flotantes (Floating Loss)\u00bb que podr\u00edan arruinar la cuenta son invisibles en las fotos del historial.<\/li>\n<\/ul>\n<\/span><\/div>\n\t\t<div class=\"elementor-element elementor-element-a666061 e-con-full e-flex e-con e-child\" data-id=\"a666061\" data-element_type=\"container\" data-settings=\"{&quot;background_background&quot;:&quot;classic&quot;}\">\n\t\t\t\t<div class=\"elementor-element elementor-element-0c15686 elementor-widget elementor-widget-html translation-block\" data-id=\"0c15686\" data-element_type=\"widget\" data-widget_type=\"html.default\"><span>\n<strong>Advertencia:<\/strong> Un aumento del saldo (Balance) no garantiza la seguridad de la cuenta; debe consultar el patrimonio (Equity) para conocer la situaci\u00f3n real.\n<\/span><\/div>\n\t\t\t\t<\/div>\n\t\t\t\t<div class=\"elementor-element elementor-element-70b6592 elementor-widget elementor-widget-html translation-block\" data-id=\"70b6592\" data-element_type=\"widget\" data-widget_type=\"html.default\"><span>\n<h2><strong>2. Myfxbook: La \u00ab\u00fanica verdad\u00bb en Forex<\/strong><\/h2>\n<strong>Myfxbook<\/strong> es una plataforma de auditor\u00eda externa e independiente. Se conecta directamente a los datos reales de las cuentas de trading, por lo que es imposible de manipular. Al ver una cuenta, busca siempre los dos \u00abticks verdes\u00bb:<br>\n<\/span><\/div>\n\t\t\t\t<div class=\"elementor-element elementor-element-988074f elementor-widget elementor-widget-image\" data-id=\"988074f\" data-element_type=\"widget\" data-widget_type=\"image.default\">\n\t\t\t\t\t\t\t\t\t\t\t\t<figure class=\"wp-caption\">\n\t\t\t\t\t\t\t\t\t\t<img fetchpriority=\"high\" decoding=\"async\" width=\"600\" height=\"153\" src=\"https:\/\/mister.forex\/wp-content\/uploads\/2026\/02\/myfxbook-verified-illustration.webp\" class=\"attachment-full size-full wp-image-66318\" alt=\"Las insignias de Myfxbook \u00abHistorial verificado\u00bb y \u00abPrivilegios de trading verificados\u00bb garantizan la autenticidad y la titularidad de los datos.\" srcset=\"https:\/\/mister.forex\/wp-content\/uploads\/2026\/02\/myfxbook-verified-illustration.webp 600w, https:\/\/mister.forex\/wp-content\/uploads\/2026\/02\/myfxbook-verified-illustration-500x128.webp 500w, https:\/\/mister.forex\/wp-content\/uploads\/2026\/02\/myfxbook-verified-illustration-300x77.webp 300w, https:\/\/mister.forex\/wp-content\/uploads\/2026\/02\/myfxbook-verified-illustration-18x5.webp 18w\" sizes=\"(max-width: 600px) 100vw, 600px\" \/>\t\t\t\t\t\t\t\t\t\t\t<figcaption class=\"widget-image-caption wp-caption-text\">Las insignias de Myfxbook \u00abHistorial verificado\u00bb y \u00abPrivilegios de trading verificados\u00bb garantizan la autenticidad y la titularidad de los datos.<\/figcaption>\n\t\t\t\t\t\t\t\t\t\t<\/figure>\n\t\t\t\t\t\t\t\t\t<\/div>\n\t\t\t\t<div class=\"elementor-element elementor-element-7f51516 elementor-widget elementor-widget-html translation-block\" data-id=\"7f51516\" data-element_type=\"widget\" data-widget_type=\"html.default\"><span>\n<strong>\u2705 Historial verificado (Track Record Verified):<\/strong><br>\nEsto significa que los datos proceden directamente del servidor del br\u00f3ker, sin posibilidad de manipulaci\u00f3n.<br><br>\n<strong>\u2705 Privilegios de trading verificados (Trading Privileges Verified):<\/strong><br>\nConfirma que el autor tiene realmente el control de la cuenta y no ha robado la captura de pantalla de otra persona.<br><br>\nSi un \u00abgur\u00fa\u00bb no se atreve a dar un enlace de <strong>Myfxbook<\/strong>, o si faltan estos dos ticks, bloqu\u00e9alo de inmediato.<br><br>\n\n<h2><strong>3. No mires \u00abcu\u00e1nto gan\u00f3\u00bb, mira \u00abcu\u00e1nto arriesg\u00f3\u00bb (Drawdown)<\/strong><\/h2>\nLos novatos miran el beneficio, los expertos el Drawdown (DD).<br><br>\nSi una cuenta ha ganado un 100 % pero ha tenido un drawdown m\u00e1ximo del 80 %, significa que estuvo al borde de la quiebra. Eso no es trading, es \u00abjugar a la ruleta\u00bb.<br><br>\n<strong>Est\u00e1ndar profesional:<\/strong> Buscamos una curva de crecimiento suave. Un sistema que mantiene el drawdown entre el 10 % y el 20 % de forma constante es un modelo cuantitativo fiable.<br>\n<\/span><\/div>\n\t\t\t\t<div class=\"elementor-element elementor-element-6e158f6 elementor-widget elementor-widget-image\" data-id=\"6e158f6\" data-element_type=\"widget\" data-widget_type=\"image.default\">\n\t\t\t\t\t\t\t\t\t\t\t\t<figure class=\"wp-caption\">\n\t\t\t\t\t\t\t\t\t\t<img decoding=\"async\" width=\"919\" height=\"443\" src=\"https:\/\/mister.forex\/wp-content\/uploads\/2026\/02\/smooth-upward-equity-curve-diagram.webp\" class=\"attachment-full size-full wp-image-66319\" alt=\"Ejemplo de curva de beneficios estable. La l\u00ednea amarilla de patrimonio y la roja de saldo coinciden y suben de forma constante, mostrando un buen control del drawdown.\" srcset=\"https:\/\/mister.forex\/wp-content\/uploads\/2026\/02\/smooth-upward-equity-curve-diagram.webp 919w, https:\/\/mister.forex\/wp-content\/uploads\/2026\/02\/smooth-upward-equity-curve-diagram-500x241.webp 500w, https:\/\/mister.forex\/wp-content\/uploads\/2026\/02\/smooth-upward-equity-curve-diagram-300x145.webp 300w, https:\/\/mister.forex\/wp-content\/uploads\/2026\/02\/smooth-upward-equity-curve-diagram-768x370.webp 768w, https:\/\/mister.forex\/wp-content\/uploads\/2026\/02\/smooth-upward-equity-curve-diagram-18x9.webp 18w\" sizes=\"(max-width: 919px) 100vw, 919px\" \/>\t\t\t\t\t\t\t\t\t\t\t<figcaption class=\"widget-image-caption wp-caption-text\">Ejemplo de curva de beneficios estable. La l\u00ednea amarilla de patrimonio y la roja de saldo coinciden y suben de forma constante, mostrando un buen control del drawdown.<\/figcaption>\n\t\t\t\t\t\t\t\t\t\t<\/figure>\n\t\t\t\t\t\t\t\t\t<\/div>\n\t\t\t\t<div class=\"elementor-element elementor-element-5ea0d62 elementor-widget elementor-widget-html translation-block\" data-id=\"5ea0d62\" data-element_type=\"widget\" data-widget_type=\"html.default\"><span>\n<h2><strong>4. Saldo (Balance) vs Patrimonio (Equity): Destapando la trampa de mantener p\u00e9rdidas<\/strong><\/h2>\nMuchos estafadores muestran un \u00abSaldo\u00bb que sube sin parar, mientras su \u00abCurva de Patrimonio\u00bb se hunde. Esto significa que se niegan a cerrar p\u00e9rdidas y acumulan p\u00e9rdidas flotantes enormes. Si el mercado no se da la vuelta, la cuenta se vac\u00eda al instante.<br><br>\nEn <strong>Myfxbook<\/strong>: Observa si la l\u00ednea amarilla de patrimonio sigue de cerca a la l\u00ednea roja de saldo. <strong>\u00a1Si se separan demasiado, huye!<\/strong><br>\n<\/span><\/div>\n\t\t\t\t<div class=\"elementor-element elementor-element-741b874 elementor-widget elementor-widget-image\" data-id=\"741b874\" data-element_type=\"widget\" data-widget_type=\"image.default\">\n\t\t\t\t\t\t\t\t\t\t\t\t<figure class=\"wp-caption\">\n\t\t\t\t\t\t\t\t\t\t<img decoding=\"async\" width=\"919\" height=\"443\" src=\"https:\/\/mister.forex\/wp-content\/uploads\/2026\/02\/martingale-reject-stoploss-diagram.webp\" class=\"attachment-full size-full wp-image-66316\" alt=\"Gr\u00e1fico que muestra el riesgo de mantener p\u00e9rdidas. La flecha indica que la l\u00ednea de patrimonio (amarilla) cae alej\u00e1ndose de la de saldo (roja), lo que supone un gran riesgo de p\u00e9rdida flotante.\" srcset=\"https:\/\/mister.forex\/wp-content\/uploads\/2026\/02\/martingale-reject-stoploss-diagram.webp 919w, https:\/\/mister.forex\/wp-content\/uploads\/2026\/02\/martingale-reject-stoploss-diagram-500x241.webp 500w, https:\/\/mister.forex\/wp-content\/uploads\/2026\/02\/martingale-reject-stoploss-diagram-300x145.webp 300w, https:\/\/mister.forex\/wp-content\/uploads\/2026\/02\/martingale-reject-stoploss-diagram-768x370.webp 768w, https:\/\/mister.forex\/wp-content\/uploads\/2026\/02\/martingale-reject-stoploss-diagram-18x9.webp 18w\" sizes=\"(max-width: 919px) 100vw, 919px\" \/>\t\t\t\t\t\t\t\t\t\t\t<figcaption class=\"widget-image-caption wp-caption-text\">Gr\u00e1fico que muestra el riesgo de mantener p\u00e9rdidas. La flecha indica que la l\u00ednea de patrimonio (amarilla) cae alej\u00e1ndose de la de saldo (roja), lo que supone un gran riesgo de p\u00e9rdida flotante.<\/figcaption>\n\t\t\t\t\t\t\t\t\t\t<\/figure>\n\t\t\t\t\t\t\t\t\t<\/div>\n\t\t<div class=\"elementor-element elementor-element-08d76c5 e-con-full e-flex e-con e-child\" data-id=\"08d76c5\" data-element_type=\"container\" data-settings=\"{&quot;background_background&quot;:&quot;classic&quot;}\">\n\t\t\t\t<div class=\"elementor-element elementor-element-2c41fb6 elementor-widget elementor-widget-html translation-block\" data-id=\"2c41fb6\" data-element_type=\"widget\" data-widget_type=\"html.default\"><span>\n<h3><strong>Nuestro compromiso: la transparencia es nuestro \u00fanico lenguaje<\/strong><\/h3>\nNo enviamos capturas de pantalla inverificables, sino que compartimos directamente los enlaces de nuestras se\u00f1ales de trading reales. Puede supervisar cada operaci\u00f3n, cada drawdown y cada beneficio las 24 horas del d\u00eda. Porque solo los verdaderos expertos se atreven a someterse al rigor de una auditor\u00eda independiente.\n<\/span><\/div>\n\t\t\t\t<\/div>\n\t\t\t\t<div class=\"elementor-element elementor-element-4dfb66f elementor-widget elementor-widget-html translation-block\" data-id=\"4dfb66f\" data-element_type=\"widget\" data-widget_type=\"html.default\"><span>\n<h2><strong>Conclusi\u00f3n: Ahora que sabe leer los datos, \u00bfc\u00f3mo deber\u00eda asignar sus activos?<\/strong><\/h2>\nAprender a distinguir la verdad de la mentira es solo el primer paso. En el mercado real, ninguna estrategia es invencible para siempre. \u00bfC\u00f3mo utilizan los inversores profesionales una \u00abcartera multiestrategia\u00bb para protegerse de los riesgos del mercado?\n<\/span><\/div>\n\t\t\t\t<div class=\"elementor-element elementor-element-d10242b elementor-icon-list--layout-inline elementor-list-item-link-inline elementor-widget elementor-widget-icon-list\" data-id=\"d10242b\" data-element_type=\"widget\" data-widget_type=\"icon-list.default\">\n\t\t\t\t\t\t\t<ul class=\"elementor-icon-list-items elementor-inline-items\">\n\t\t\t\t\t\t\t<li class=\"elementor-icon-list-item elementor-inline-item\">\n\t\t\t\t\t\t\t\t\t\t\t<a href=\"https:\/\/mister.forex\/es\/hedge-fund-portfolio-logic\/\">\n\n\t\t\t\t\t\t\t\t\t\t\t\t<span class=\"elementor-icon-list-icon\">\n\t\t\t\t\t\t\t<svg aria-hidden=\"true\" class=\"e-font-icon-svg e-far-check-circle\" viewbox=\"0 0 512 512\" xmlns=\"http:\/\/www.w3.org\/2000\/svg\"><path d=\"M256 8C119.033 8 8 119.033 8 256s111.033 248 248 248 248-111.033 248-248S392.967 8 256 8zm0 48c110.532 0 200 89.451 200 200 0 110.532-89.451 200-200 200-110.532 0-200-89.451-200-200 0-110.532 89.451-200 200-200m140.204 130.267l-22.536-22.718c-4.667-4.705-12.265-4.736-16.97-.068L215.346 303.697l-59.792-60.277c-4.667-4.705-12.265-4.736-16.97-.069l-22.719 22.536c-4.705 4.667-4.736 12.265-.068 16.971l90.781 91.516c4.667 4.705 12.265 4.736 16.97.068l172.589-171.204c4.704-4.668 4.734-12.266.067-16.971z\"><\/path><\/svg>\t\t\t\t\t\t<\/span>\n\t\t\t\t\t\t\t\t\t\t<span class=\"elementor-icon-list-text\">\u00bfPor qu\u00e9 los fondos de cobertura nunca apuestan todo? La l\u00f3gica del beneficio a largo plazo<\/span>\n\t\t\t\t\t\t\t\t\t\t\t<\/a>\n\t\t\t\t\t\t\t\t\t<\/li>\n\t\t\t\t\t\t<\/ul>\n\t\t\t\t\t\t<\/div>\n\t\t\t\t\t<\/div>\n\t\t\t\t<\/div>\n\t\t\t\t<\/div>","protected":false},"excerpt":{"rendered":"<p>Las capturas de pantalla en Forex son f\u00e1ciles de trucar. \u00bfC\u00f3mo protegerse? Nuestro equipo analiza los fraudes en MT4\/MT5 y presenta Myfxbook. Claves: verificaci\u00f3n de cuentas, an\u00e1lisis de la curva de patrimonio y gesti\u00f3n de activos profesional.<\/p>","protected":false},"author":1,"featured_media":60992,"parent":0,"menu_order":0,"comment_status":"closed","ping_status":"closed","template":"","meta":{"footnotes":""},"tags":[128],"class_list":["post-66209","page","type-page","status-publish","has-post-thumbnail","hentry","tag-no-google"],"_links":{"self":[{"href":"https:\/\/mister.forex\/es\/wp-json\/wp\/v2\/pages\/66209","targetHints":{"allow":["GET"]}}],"collection":[{"href":"https:\/\/mister.forex\/es\/wp-json\/wp\/v2\/pages"}],"about":[{"href":"https:\/\/mister.forex\/es\/wp-json\/wp\/v2\/types\/page"}],"author":[{"embeddable":true,"href":"https:\/\/mister.forex\/es\/wp-json\/wp\/v2\/users\/1"}],"replies":[{"embeddable":true,"href":"https:\/\/mister.forex\/es\/wp-json\/wp\/v2\/comments?post=66209"}],"version-history":[{"count":18,"href":"https:\/\/mister.forex\/es\/wp-json\/wp\/v2\/pages\/66209\/revisions"}],"predecessor-version":[{"id":70492,"href":"https:\/\/mister.forex\/es\/wp-json\/wp\/v2\/pages\/66209\/revisions\/70492"}],"wp:featuredmedia":[{"embeddable":true,"href":"https:\/\/mister.forex\/es\/wp-json\/wp\/v2\/media\/60992"}],"wp:attachment":[{"href":"https:\/\/mister.forex\/es\/wp-json\/wp\/v2\/media?parent=66209"}],"wp:term":[{"taxonomy":"post_tag","embeddable":true,"href":"https:\/\/mister.forex\/es\/wp-json\/wp\/v2\/tags?post=66209"}],"curies":[{"name":"wp","href":"https:\/\/api.w.org\/{rel}","templated":true}]}}