{"id":16663,"date":"2024-05-09T10:16:13","date_gmt":"2024-05-09T02:16:13","guid":{"rendered":"http:\/\/192.168.0.254\/?page_id=16663"},"modified":"2026-04-02T23:19:33","modified_gmt":"2026-04-02T15:19:33","slug":"fibonacci-calculator","status":"publish","type":"page","link":"https:\/\/mister.forex\/es_ar\/tools\/fibonacci-calculator\/","title":{"rendered":"Calculadora Fibonacci | Calculadora Fibonacci en tiempo real, utilizada para soporte y resistencia"},"content":{"rendered":"<div data-elementor-type=\"wp-page\" data-elementor-id=\"16663\" class=\"elementor elementor-16663\" data-elementor-post-type=\"page\">\n\t\t\t\t<div class=\"elementor-element elementor-element-581b21e e-flex e-con-boxed e-con e-parent\" data-id=\"581b21e\" data-element_type=\"container\" data-settings=\"{&quot;background_background&quot;:&quot;classic&quot;}\">\n\t\t\t\t\t<div class=\"e-con-inner\">\n\t\t<div class=\"elementor-element elementor-element-96f071a e-flex e-con-boxed e-con e-child\" data-id=\"96f071a\" data-element_type=\"container\">\n\t\t\t\t\t<div class=\"e-con-inner\">\n\t\t\t\t<div class=\"elementor-element elementor-element-4b49364 elementor-widget elementor-widget-heading\" data-id=\"4b49364\" data-element_type=\"widget\" data-widget_type=\"heading.default\">\n\t\t\t\t\t<h1 class=\"elementor-heading-title elementor-size-default\">Calculadora Fibonacci<\/h1>\t\t\t\t<\/div>\n\t\t\t\t<div class=\"elementor-element elementor-element-bb99fa7 elementor-widget elementor-widget-heading\" data-id=\"bb99fa7\" data-element_type=\"widget\" data-widget_type=\"heading.default\">\n\t\t\t\t\t<h2 class=\"elementor-heading-title elementor-size-default\">Calculadora de Fibonacci en tiempo real, utilizada para soporte y resistencia<\/h2>\t\t\t\t<\/div>\n\t\t\t\t\t<\/div>\n\t\t\t\t<\/div>\n\t\t\t\t<div class=\"elementor-element elementor-element-c391668 elementor-widget__width-inherit elementor-absolute elementor-widget elementor-widget-image\" data-id=\"c391668\" data-element_type=\"widget\" data-settings=\"{&quot;_position&quot;:&quot;absolute&quot;}\" data-widget_type=\"image.default\">\n\t\t\t\t\t\t\t\t\t\t\t\t\t\t\t<img fetchpriority=\"high\" decoding=\"async\" width=\"500\" height=\"281\" src=\"https:\/\/mister.forex\/wp-content\/uploads\/2024\/02\/9-500x281.webp\" class=\"attachment-medium size-medium wp-image-4081\" alt=\"\" srcset=\"https:\/\/mister.forex\/wp-content\/uploads\/2024\/02\/9-500x281.webp 500w, https:\/\/mister.forex\/wp-content\/uploads\/2024\/02\/9-600x337.webp 600w, https:\/\/mister.forex\/wp-content\/uploads\/2024\/02\/9-1200x675.webp 1200w, https:\/\/mister.forex\/wp-content\/uploads\/2024\/02\/9-300x169.webp 300w, https:\/\/mister.forex\/wp-content\/uploads\/2024\/02\/9-768x432.webp 768w, https:\/\/mister.forex\/wp-content\/uploads\/2024\/02\/9.webp 1366w\" sizes=\"(max-width: 500px) 100vw, 500px\" \/>\t\t\t\t\t\t\t\t\t\t\t\t\t\t\t<\/div>\n\t\t\t\t\t<\/div>\n\t\t\t\t<\/div>\n\t\t<div class=\"elementor-element elementor-element-2be8f0c e-flex e-con-boxed e-con e-parent\" data-id=\"2be8f0c\" data-element_type=\"container\">\n\t\t\t\t\t<div class=\"e-con-inner\">\n\t\t<div class=\"elementor-element elementor-element-da76163 e-con-full e-flex e-con e-child\" data-id=\"da76163\" data-element_type=\"container\">\n\t\t<div class=\"elementor-element elementor-element-e4ed029 e-con-full e-flex e-con e-child\" data-id=\"e4ed029\" data-element_type=\"container\">\n\t\t\t\t<div class=\"elementor-element elementor-element-18d29fb elementor-widget elementor-widget-text-editor\" data-id=\"18d29fb\" data-element_type=\"widget\" data-widget_type=\"text-editor.default\">\n\t\t\t\t\t\t\t\t\t<h2><strong>Instrucciones de uso<\/strong><\/h2><h3><strong>Opciones de entrada<\/strong><\/h3><p><strong><span style=\"text-decoration: underline;\">Direcci\u00f3n de la tendencia<\/span>:&nbsp;<\/strong>Seleccione \"hacia arriba\" o \"hacia abajo\" para simular una tendencia ascendente o descendente.<\/p><p><strong><span style=\"text-decoration: underline;\">Retroceso \/ Proyecci\u00f3n<\/span>:&nbsp;<\/strong>Seleccione \"Retroceso\" para calcular los puntos de retroceso de precios en la tendencia, o seleccione \"Proyecci\u00f3n\" para calcular los puntos objetivo de precios despu\u00e9s de una ruptura.<\/p><p><strong><span style=\"text-decoration: underline;\">Precio m\u00e1s bajo<\/span>:&nbsp;<\/strong>En una tendencia alcista, este es el punto m\u00e1s bajo de retroceso del precio. En una tendencia bajista, este es el punto m\u00e1s bajo alcanzado por el precio.<\/p><p><strong><span style=\"text-decoration: underline;\">Precio m\u00e1s alto<\/span>:&nbsp;<\/strong>En una tendencia alcista, este es el punto m\u00e1s alto que alcanza el precio. En una tendencia bajista, este es el punto m\u00e1s alto al que rebota el precio.<\/p><p>\u203b <span style=\"text-decoration: underline;\"><strong>Precio final<\/strong><\/span><strong>:&nbsp;<\/strong>Ingresa el objetivo de precio esperado. Este n\u00famero suele ser el siguiente punto alto o bajo que predices que alcanzar\u00e1 el precio, seg\u00fan la tendencia actual del mercado.<\/p>\t\t\t\t\t\t\t\t<\/div>\n\t\t\t\t<div class=\"elementor-element elementor-element-3e0b4e6 elementor-widget elementor-widget-text-editor\" data-id=\"3e0b4e6\" data-element_type=\"widget\" data-widget_type=\"text-editor.default\">\n\t\t\t\t\t\t\t\t\t<h3><strong>Pasos a seguir<\/strong><\/h3><p>Seleccione la direcci\u00f3n de la tendencia. Por ejemplo, al calcular los niveles de retroceso de Fibonacci para EUR\/USD, elija la direcci\u00f3n de tendencia \"hacia arriba\".<\/p><p>Marque el bot\u00f3n de opci\u00f3n \"Retroceso\" para indicar al calculador que calcule los niveles de retroceso.<\/p><p>Ingrese el precio bajo y el precio alto. Por ejemplo, el precio bajo es 1.16653 y el precio alto es 1.20552.<\/p>\t\t\t\t\t\t\t\t<\/div>\n\t\t\t\t<div class=\"elementor-element elementor-element-4799a02 elementor-widget elementor-widget-text-editor\" data-id=\"4799a02\" data-element_type=\"widget\" data-widget_type=\"text-editor.default\">\n\t\t\t\t\t\t\t\t\t<h3><strong>Resultados del c\u00e1lculo<\/strong><\/h3><p>Calculadora Fibonacci calcular\u00e1 y mostrar\u00e1 los niveles de Reducci\u00f3n del par de divisas. Estos niveles se obtienen tomando los dos puntos extremos del comportamiento del precio del Instrumento (el m\u00ednimo o el m\u00e1ximo de la oscilaci\u00f3n, o simplemente el punto A y el punto B) y dividiendo la distancia vertical por las proporciones clave de Fibonacci 23.6%, 38.2%, 50%, 61.8% para crearlos.<\/p><p>Por ejemplo, en una tendencia alcista, el m\u00ednimo movimiento del EUR\/USD (punto A) es 1.16653, y el precio sube hasta el m\u00e1ximo de 1.20552 (punto B). Despu\u00e9s de ingresar estos datos, la calculadora mostrar\u00e1 los niveles de retroceso de Fibonacci correspondientes.<\/p><p>De forma predeterminada, la calculadora mostrar\u00e1 los niveles de retroceso. Para los niveles de pron\u00f3stico (expansi\u00f3n), los traders deben completar el campo \"precio final\", y la calculadora mostrar\u00e1 m\u00faltiples niveles de pron\u00f3stico posibles (m\u00e1ximo 161.8%).<\/p>\t\t\t\t\t\t\t\t<\/div>\n\t\t\t\t<div class=\"elementor-element elementor-element-353ada7 elementor-widget elementor-widget-text-editor\" data-id=\"353ada7\" data-element_type=\"widget\" data-widget_type=\"text-editor.default\">\n\t\t\t\t\t\t\t\t\t<h2><strong>\u00bfQu\u00e9 son los niveles de Fibonacci?<\/strong><\/h2><p>Los niveles de Fibonacci son un m\u00e9todo com\u00fan para analizar el comportamiento de los precios de los activos en los mercados financieros. No se trata de una proporci\u00f3n o patr\u00f3n de precios misterioso, sino de una herramienta de an\u00e1lisis popular cuya utilidad depende del grado en que se autorrealiza.<\/p><p>Los niveles de Fibonacci se dividen principalmente en dos tipos:&nbsp;retrocesos y extensiones. Los niveles de retroceso se utilizan despu\u00e9s de que el precio alcanza un nuevo m\u00e1ximo (tendencia alcista) o un nuevo m\u00ednimo (tendencia bajista), as\u00ed como cuando los traders creen que la tendencia puede estar llegando a su fin temporalmente. Los niveles de retroceso de Fibonacci aparecen cuando el mercado comienza a ajustarse o consolidarse.<\/p><p><strong>Los principales niveles de retroceso de Fibonacci incluyen 0.236, 0.382, 0.500, 0.618 y 0.764.<\/strong><\/p><p>Por otro lado, los niveles de expansi\u00f3n de Fibonacci se utilizan para predecir hasta d\u00f3nde puede superar el precio su rango original y continuar movi\u00e9ndose en la direcci\u00f3n de la tendencia. El precio del mercado puede retroceder a un nivel de retroceso de Fibonacci y luego continuar movi\u00e9ndose en la direcci\u00f3n de la tendencia principal, creando nuevos m\u00e1ximos o m\u00ednimos. Alternativamente, despu\u00e9s de un per\u00edodo de consolidaci\u00f3n, puede continuar movi\u00e9ndose en la direcci\u00f3n de la tendencia principal sin tocar ning\u00fan nivel de retroceso de Fibonacci.<\/p><p><strong>Los principales niveles de expansi\u00f3n de Fibonacci incluyen 0.382, 0.618, 1.000, 1.382 y 1.618.<\/strong><\/p><p>As\u00ed como la proporci\u00f3n \u00e1urea no tiene reglas m\u00e1gicas o universales, tampoco lo tienen las proporciones de Fibonacci. Son simplemente una relaci\u00f3n interesante descubierta por matem\u00e1ticos, que m\u00e1s tarde fue adoptada por los traders.<\/p><p>Debido a que las proporciones de Fibonacci se utilizan ampliamente en los mercados globales, incluidos algunos traders profesionales, muchas personas compran y\/o venden en estos niveles, por lo que los niveles de Fibonacci pueden ser muy efectivos.<\/p>\t\t\t\t\t\t\t\t<\/div>\n\t\t\t\t<\/div>\n\t\t<div class=\"elementor-element elementor-element-012fcfe e-con-full e-flex e-con e-child\" data-id=\"012fcfe\" data-element_type=\"container\">\n\t\t\t\t<div class=\"elementor-element elementor-element-af3faae elementor-widget__width-initial elementor-widget elementor-widget-html\" data-id=\"af3faae\" data-element_type=\"widget\" data-widget_type=\"html.default\">\n\t\t\t\t\t<div id=\"fibonacci-calculator-386315\"><script type=\"text\/javascript\" src=\"https:\/\/www.cashbackforex.com\/Content\/remote\/remote-widgets.js\"><\/script><script type=\"text\/javascript\"> RemoteCalc({\"Url\":\"https:\/\/www.cashbackforex.com\", \"TopPaneStyle\":\"YmFja2dyb3VuZDogbGluZWFyLWdyYWRpZW50KCNmZmYgMjAlLCAjZjVmNWY1IDQ1JSk7IGNvbG9yOiBibGFjazsgYm9yZGVyOiBzb2xpZCAxcHggI2FhYTsgYm9yZGVyLWJvdHRvbTogbm9uZTsg\",\"BottomPaneStyle\":\"YmFja2dyb3VuZDogI2YzZjNmMzsgYm9yZGVyOiBzb2xpZCAxcHggI2FhYTsgY29sb3I6IGJsYWNrOw==\",\"ButtonStyle\":\"YmFja2dyb3VuZDogIzM0MzU0MDsgY29sb3I6IHdoaXRlOyBib3JkZXItcmFkaXVzOiAyMHB4Ow==\",\"TitleStyle\":\"dGV4dC1hbGlnbjogbGVmdDsgZm9udC1zaXplOiAxNnB4OyBmb250LXdlaWdodDogNTAwOw==\",\"TextboxStyle\":\"YmFja2dyb3VuZC1jb2xvcjogd2hpdGU7IGNvbG9yOiBibGFjazsgYm9yZGVyOiBzb2xpZCAxcHggI2FhYWFhYQ==\",\"HighlightColor\":\"#ffff00\",\"IsDisplayTitle\":false,\"IsShowEmbedButton\":false,\"Lang\":wlang(),\"CompactType\":\"large\",\"Calculator\":\"fibonacci-calculator\",\"ContainerId\":\"fibonacci-calculator-386315\"});\n\nfunction wlang() {\n    \n\tvar lang = window.location.href;\n\n\tif (!lang) {\n\t\treturn 'en';\n\t}\n\n        if (lang.match('\/zh\/')) {\n\t\treturn 'zh';\n\n\t} else if (lang.match('\/hk\/')) {\n\t\treturn 'zh';\n\t\t\n\t} else if (lang.match('\/cn\/')) {\n\t\treturn 'zh';\n\t\t\n\t} else if (lang.match('\/en\/')) {\n\t\treturn 'en';\n\t\t\n\t} else if (lang.match('\/hi\/')) {\n\t\treturn 'en';\n\t\t\n\t} else if (lang.match('\/pt_br\/')) {\n\t\treturn 'pt';\n\t\t\n\t} else if (lang.match('\/ms\/')) {\n\t\treturn 'id';\n\t\t\n\t} else if (lang.match('\/es\/')) {\n\t\treturn 'es';\n\t\t\n\t} else if (lang.match('\/es_ar\/')) {\n\t\treturn 'es';\n\t\t\n\t} else if (lang.match('\/es_mx\/')) {\n\t\treturn 'es';\n\n\t} else if (lang.match('\/bn\/')) {\n\t\treturn 'en';\n\t\t\n\t} else if (lang.match('\/nb\/')) {\n\t\treturn 'en';\t\t\n\n\t} else if (lang.match('\/da\/')) {\n\t\treturn 'en';\n\t\t\n\t} else if (lang.match('\/nl\/')) {\n\t\treturn 'en';\n\t\t\n\t} else if (lang.match('\/sv\/')) {\n\t\treturn 'en';\n\t\t\n\t} else if (lang.match('\/uk\/')) {\n\t\treturn 'ru';\n\t\t\n\t} else if (lang.match('\/ur\/')) {\n\t\treturn 'en';\n\t\t\n\t} else if (lang.match('\/de\/')) {\n\t\treturn 'de';\n\t\t\n\t} else if (lang.match('\/fr\/')) {\n\t\treturn 'fr';\n\t\t\n\t} else if (lang.match('\/id\/')) {\n\t\treturn 'id';\n\t\t\n\t} else if (lang.match('\/it\/')) {\n\t\treturn 'it';\n\t\t\n\t} else if (lang.match('\/hu\/')) {\n\t\treturn 'hu';\n\t\t\n\t} else if (lang.match('\/pt\/')) {\n\t\treturn 'pt';\n\t\t\n\t} else if (lang.match('\/pl\/')) {\n\t\treturn 'pl';\n\t\t\n\t} else if (lang.match('\/ro\/')) {\n\t\treturn 'ro';\n\t\t\n\t} else if (lang.match('\/vi\/')) {\n\t\treturn 'vi';\n\t\t\n\t} else if (lang.match('\/tr\/')) {\n\t\treturn 'tr';\n\t\t\n\t} else if (lang.match('\/el\/')) {\n\t\treturn 'el';\n\t\t\n\t} else if (lang.match('\/ru\/')) {\n\t\treturn 'ru';\n\t\t\n\t} else if (lang.match('\/ar\/')) {\n\t\treturn 'ar';\n\t\t\n\t} else if (lang.match('\/th\/')) {\n\t\treturn 'th';\n\t\t\n\t} else if (lang.match('\/kr\/')) {\n\t\treturn 'ko';\n\t\t\n\t} else if (lang.match('\/jp\/')) {\n\t\treturn 'ja';\n\t\t\n\t} else if (lang.match('\/cs\/')) {\n\t\treturn 'cs';\n\t\t\n\t}else {\n\t\treturn 'zh';\n\t}\n}\n<\/script><\/div>\t\t\t\t<\/div>\n\t\t\t\t<\/div>\n\t\t\t\t<\/div>\n\t\t\t\t\t<\/div>\n\t\t\t\t<\/div>\n\t\t\t\t<\/div>","protected":false},"excerpt":{"rendered":"<p>\u00bfQuieres predecir con precisi\u00f3n la tendencia de precios en el mercado financiero? \u00a1Nuestra Calculadora Fibonacci es tu mejor asistente! Ya sea Reducci\u00f3n o Extensi\u00f3n, podemos ayudarte a calcular f\u00e1cilmente los niveles clave de Fibonacci. Aprende a utilizar estos datos para desarrollar estrategias de trading efectivas y aseg\u00farate de que tus datos de precios est\u00e9n sincronizados con el mercado. Haz clic para ver el art\u00edculo completo, domina m\u00e1s t\u00e9cnicas de trading y mejora tu tasa de \u00e9xito en las operaciones.<\/p>","protected":false},"author":1,"featured_media":23603,"parent":15462,"menu_order":0,"comment_status":"closed","ping_status":"closed","template":"","meta":{"footnotes":""},"tags":[128],"class_list":["post-16663","page","type-page","status-publish","has-post-thumbnail","hentry","tag-no-google"],"_links":{"self":[{"href":"https:\/\/mister.forex\/es_ar\/wp-json\/wp\/v2\/pages\/16663","targetHints":{"allow":["GET"]}}],"collection":[{"href":"https:\/\/mister.forex\/es_ar\/wp-json\/wp\/v2\/pages"}],"about":[{"href":"https:\/\/mister.forex\/es_ar\/wp-json\/wp\/v2\/types\/page"}],"author":[{"embeddable":true,"href":"https:\/\/mister.forex\/es_ar\/wp-json\/wp\/v2\/users\/1"}],"replies":[{"embeddable":true,"href":"https:\/\/mister.forex\/es_ar\/wp-json\/wp\/v2\/comments?post=16663"}],"version-history":[{"count":3,"href":"https:\/\/mister.forex\/es_ar\/wp-json\/wp\/v2\/pages\/16663\/revisions"}],"predecessor-version":[{"id":69196,"href":"https:\/\/mister.forex\/es_ar\/wp-json\/wp\/v2\/pages\/16663\/revisions\/69196"}],"up":[{"embeddable":true,"href":"https:\/\/mister.forex\/es_ar\/wp-json\/wp\/v2\/pages\/15462"}],"wp:featuredmedia":[{"embeddable":true,"href":"https:\/\/mister.forex\/es_ar\/wp-json\/wp\/v2\/media\/23603"}],"wp:attachment":[{"href":"https:\/\/mister.forex\/es_ar\/wp-json\/wp\/v2\/media?parent=16663"}],"wp:term":[{"taxonomy":"post_tag","embeddable":true,"href":"https:\/\/mister.forex\/es_ar\/wp-json\/wp\/v2\/tags?post=16663"}],"curies":[{"name":"wp","href":"https:\/\/api.w.org\/{rel}","templated":true}]}}