{"id":57287,"date":"2025-08-10T11:17:07","date_gmt":"2025-08-10T03:17:07","guid":{"rendered":"http:\/\/test.swqi.tw\/?page_id=57287"},"modified":"2026-04-22T13:45:28","modified_gmt":"2026-04-22T05:45:28","slug":"ebook-hub","status":"publish","type":"page","link":"https:\/\/mister.forex\/es_ar\/ebook-hub\/","title":{"rendered":"Centro de eBooks de Trading Forex | Mr.Forex"},"content":{"rendered":"<div data-elementor-type=\"wp-page\" data-elementor-id=\"57287\" class=\"elementor elementor-57287\" data-elementor-post-type=\"page\">\n\t\t\t\t<div class=\"elementor-element elementor-element-9c2365a e-flex e-con-boxed e-con e-parent\" data-id=\"9c2365a\" data-element_type=\"container\">\n\t\t\t\t\t<div class=\"e-con-inner\">\n\t\t<div class=\"elementor-element elementor-element-554e08a e-con-full e-flex e-con e-child\" data-id=\"554e08a\" data-element_type=\"container\" data-settings=\"{&quot;background_background&quot;:&quot;classic&quot;}\">\n\t\t\t\t<div class=\"elementor-element elementor-element-1cc91d5 elementor-widget elementor-widget-heading\" data-id=\"1cc91d5\" data-element_type=\"widget\" data-widget_type=\"heading.default\">\n\t\t\t\t\t<h1 class=\"elementor-heading-title elementor-size-default\">Entren\u00e1 como Trader<\/h1>\t\t\t\t<\/div>\n\t\t\t\t<div class=\"elementor-element elementor-element-56b107e elementor-widget elementor-widget-heading\" data-id=\"56b107e\" data-element_type=\"widget\" data-widget_type=\"heading.default\">\n\t\t\t\t\t<span class=\"elementor-heading-title elementor-size-default\">Tu pasaporte al trading profesional<\/span>\t\t\t\t<\/div>\n\t\t\t\t<\/div>\n\t\t\t\t<div class=\"elementor-element elementor-element-2daaa31 elementor-widget elementor-widget-heading\" data-id=\"2daaa31\" data-element_type=\"widget\" data-widget_type=\"heading.default\">\n\t\t\t\t\t<h3 class=\"elementor-heading-title elementor-size-default\">Fase 1: Bases y Herramientas<\/h3>\t\t\t\t<\/div>\n\t\t<div class=\"elementor-element elementor-element-54eeb99 e-grid e-con-full e-con e-child\" data-id=\"54eeb99\" data-element_type=\"container\">\n\t\t<div class=\"elementor-element elementor-element-acf09bd e-con-full e-flex e-con e-child\" data-id=\"acf09bd\" data-element_type=\"container\" data-settings=\"{&quot;background_background&quot;:&quot;classic&quot;}\">\n\t\t<div class=\"elementor-element elementor-element-65ca042 e-con-full e-flex e-con e-child\" data-id=\"65ca042\" data-element_type=\"container\" data-settings=\"{&quot;background_background&quot;:&quot;classic&quot;}\">\n\t\t\t\t<div class=\"elementor-element elementor-element-c3fe150 elementor-widget elementor-widget-heading\" data-id=\"c3fe150\" data-element_type=\"widget\" data-widget_type=\"heading.default\">\n\t\t\t\t\t<h4 class=\"elementor-heading-title elementor-size-default\">\u00bfQu\u00e9 es la regulaci\u00f3n? Tu capital seguro<\/h4>\t\t\t\t<\/div>\n\t\t\t\t<\/div>\n\t\t<div class=\"elementor-element elementor-element-53ef0d3 e-con-full e-flex e-con e-child\" data-id=\"53ef0d3\" data-element_type=\"container\">\n\t\t\t\t<div class=\"elementor-element elementor-element-a05170b elementor-widget elementor-widget-text-editor\" data-id=\"a05170b\" data-element_type=\"widget\" data-widget_type=\"text-editor.default\">\n\t\t\t\t\t\t\t\t\t<p>Verific\u00e1 licencias y evit\u00e1 estafas para proteger tus fondos.<\/p>\t\t\t\t\t\t\t\t<\/div>\n\t\t\t\t<div class=\"elementor-element elementor-element-62c5ce0 elementor-widget elementor-widget-heading\" data-id=\"62c5ce0\" data-element_type=\"widget\" data-widget_type=\"heading.default\">\n\t\t\t\t\t<span class=\"elementor-heading-title elementor-size-default\"><a href=\"https:\/\/mister.forex\/es_ar\/avoid-forex-scams-and-fake-brokers\/\">Leer m\u00e1s<\/a><\/span>\t\t\t\t<\/div>\n\t\t\t\t<\/div>\n\t\t\t\t<\/div>\n\t\t<div class=\"elementor-element elementor-element-3f4fe82 e-con-full e-flex e-con e-child\" data-id=\"3f4fe82\" data-element_type=\"container\" data-settings=\"{&quot;background_background&quot;:&quot;classic&quot;}\">\n\t\t<div class=\"elementor-element elementor-element-96e3cc9 e-con-full e-flex e-con e-child\" data-id=\"96e3cc9\" data-element_type=\"container\" data-settings=\"{&quot;background_background&quot;:&quot;classic&quot;}\">\n\t\t\t\t<div class=\"elementor-element elementor-element-826dbd9 elementor-widget elementor-widget-heading\" data-id=\"826dbd9\" data-element_type=\"widget\" data-widget_type=\"heading.default\">\n\t\t\t\t\t<h4 class=\"elementor-heading-title elementor-size-default\">Gu\u00eda: C\u00f3mo abrir tu cuenta de Forex<\/h4>\t\t\t\t<\/div>\n\t\t\t\t<\/div>\n\t\t<div class=\"elementor-element elementor-element-7afa1da e-con-full e-flex e-con e-child\" data-id=\"7afa1da\" data-element_type=\"container\">\n\t\t\t\t<div class=\"elementor-element elementor-element-214ca99 elementor-widget elementor-widget-text-editor\" data-id=\"214ca99\" data-element_type=\"widget\" data-widget_type=\"text-editor.default\">\n\t\t\t\t\t\t\t\t\t<p>Tutorial paso a paso para abrir tu cuenta en brokers regulados.<\/p>\t\t\t\t\t\t\t\t<\/div>\n\t\t\t\t<div class=\"elementor-element elementor-element-7c1e760 elementor-widget elementor-widget-heading\" data-id=\"7c1e760\" data-element_type=\"widget\" data-widget_type=\"heading.default\">\n\t\t\t\t\t<span class=\"elementor-heading-title elementor-size-default\"><a href=\"https:\/\/mister.forex\/es_ar\/forex-account-opening-guide\/\">Leer m\u00e1s<\/a><\/span>\t\t\t\t<\/div>\n\t\t\t\t<\/div>\n\t\t\t\t<\/div>\n\t\t<div class=\"elementor-element elementor-element-a6a452f e-con-full e-flex e-con e-child\" data-id=\"a6a452f\" data-element_type=\"container\" data-settings=\"{&quot;background_background&quot;:&quot;classic&quot;}\">\n\t\t<div class=\"elementor-element elementor-element-c312a1b e-con-full e-flex e-con e-child\" data-id=\"c312a1b\" data-element_type=\"container\" data-settings=\"{&quot;background_background&quot;:&quot;classic&quot;}\">\n\t\t\t\t<div class=\"elementor-element elementor-element-a96d60b elementor-widget elementor-widget-heading\" data-id=\"a96d60b\" data-element_type=\"widget\" data-widget_type=\"heading.default\">\n\t\t\t\t\t<h4 class=\"elementor-heading-title elementor-size-default\">Domin\u00e1 el Mercado Forex y el Margen<\/h4>\t\t\t\t<\/div>\n\t\t\t\t<\/div>\n\t\t<div class=\"elementor-element elementor-element-c23ca41 e-con-full e-flex e-con e-child\" data-id=\"c23ca41\" data-element_type=\"container\">\n\t\t\t\t<div class=\"elementor-element elementor-element-bfd3415 elementor-widget elementor-widget-text-editor\" data-id=\"bfd3415\" data-element_type=\"widget\" data-widget_type=\"text-editor.default\">\n\t\t\t\t\t\t\t\t\t<p>Aprend\u00e9 c\u00f3mo funciona el mercado: margen, apalancamiento y m\u00e1s.<\/p>\t\t\t\t\t\t\t\t<\/div>\n\t\t\t\t<div class=\"elementor-element elementor-element-705f7f7 elementor-widget elementor-widget-heading\" data-id=\"705f7f7\" data-element_type=\"widget\" data-widget_type=\"heading.default\">\n\t\t\t\t\t<span class=\"elementor-heading-title elementor-size-default\"><a href=\"https:\/\/mister.forex\/es_ar\/forex-market-worldview-basics\/\">Leer m\u00e1s<\/a><\/span>\t\t\t\t<\/div>\n\t\t\t\t<\/div>\n\t\t\t\t<\/div>\n\t\t<div class=\"elementor-element elementor-element-f0be71d e-con-full e-flex e-con e-child\" data-id=\"f0be71d\" data-element_type=\"container\" data-settings=\"{&quot;background_background&quot;:&quot;classic&quot;}\">\n\t\t<div class=\"elementor-element elementor-element-a8f6557 e-con-full e-flex e-con e-child\" data-id=\"a8f6557\" data-element_type=\"container\" data-settings=\"{&quot;background_background&quot;:&quot;classic&quot;}\">\n\t\t\t\t<div class=\"elementor-element elementor-element-1bf04da elementor-widget elementor-widget-heading\" data-id=\"1bf04da\" data-element_type=\"widget\" data-widget_type=\"heading.default\">\n\t\t\t\t\t<h4 class=\"elementor-heading-title elementor-size-default\">Manual de MT5 para Celular<\/h4>\t\t\t\t<\/div>\n\t\t\t\t<\/div>\n\t\t<div class=\"elementor-element elementor-element-bf0ce49 e-con-full e-flex e-con e-child\" data-id=\"bf0ce49\" data-element_type=\"container\">\n\t\t\t\t<div class=\"elementor-element elementor-element-cead929 elementor-widget elementor-widget-text-editor\" data-id=\"cead929\" data-element_type=\"widget\" data-widget_type=\"text-editor.default\">\n\t\t\t\t\t\t\t\t\t<p>Oper\u00e1 donde sea: Gu\u00eda de MT5, \u00f3rdenes, cierres y funciones.<\/p>\t\t\t\t\t\t\t\t<\/div>\n\t\t\t\t<div class=\"elementor-element elementor-element-a26de5b elementor-widget elementor-widget-heading\" data-id=\"a26de5b\" data-element_type=\"widget\" data-widget_type=\"heading.default\">\n\t\t\t\t\t<span class=\"elementor-heading-title elementor-size-default\"><a href=\"https:\/\/mister.forex\/es_ar\/mt5-mobile-app-trading-guide-for-beginners\/\">Leer m\u00e1s<\/a><\/span>\t\t\t\t<\/div>\n\t\t\t\t<\/div>\n\t\t\t\t<\/div>\n\t\t\t\t<\/div>\n\t\t\t\t<div class=\"elementor-element elementor-element-51568a0 elementor-widget elementor-widget-heading\" data-id=\"51568a0\" data-element_type=\"widget\" data-widget_type=\"heading.default\">\n\t\t\t\t\t<h3 class=\"elementor-heading-title elementor-size-default\">Fase 2: Pr\u00e1ctica y Estrategia<\/h3>\t\t\t\t<\/div>\n\t\t<div class=\"elementor-element elementor-element-0fc0867 e-grid e-con-full e-con e-child\" data-id=\"0fc0867\" data-element_type=\"container\">\n\t\t<div class=\"elementor-element elementor-element-f67509c e-con-full e-flex e-con e-child\" data-id=\"f67509c\" data-element_type=\"container\" data-settings=\"{&quot;background_background&quot;:&quot;classic&quot;}\">\n\t\t<div class=\"elementor-element elementor-element-1b5730a e-con-full e-flex e-con e-child\" data-id=\"1b5730a\" data-element_type=\"container\" data-settings=\"{&quot;background_background&quot;:&quot;classic&quot;}\">\n\t\t\t\t<div class=\"elementor-element elementor-element-38decaf elementor-widget elementor-widget-heading\" data-id=\"38decaf\" data-element_type=\"widget\" data-widget_type=\"heading.default\">\n\t\t\t\t\t<h4 class=\"elementor-heading-title elementor-size-default\">Velas Japonesas en 5 minutos<\/h4>\t\t\t\t<\/div>\n\t\t\t\t<\/div>\n\t\t<div class=\"elementor-element elementor-element-c26a790 e-con-full e-flex e-con e-child\" data-id=\"c26a790\" data-element_type=\"container\">\n\t\t\t\t<div class=\"elementor-element elementor-element-ff8d030 elementor-widget elementor-widget-text-editor\" data-id=\"ff8d030\" data-element_type=\"widget\" data-widget_type=\"text-editor.default\">\n\t\t\t\t\t\t\t\t\t<p>Le\u00e9 los gr\u00e1ficos: Aprend\u00e9 velas y el sentimiento del mercado.<\/p>\t\t\t\t\t\t\t\t<\/div>\n\t\t\t\t<div class=\"elementor-element elementor-element-bc42c17 elementor-widget elementor-widget-heading\" data-id=\"bc42c17\" data-element_type=\"widget\" data-widget_type=\"heading.default\">\n\t\t\t\t\t<span class=\"elementor-heading-title elementor-size-default\"><a href=\"https:\/\/mister.forex\/es_ar\/understanding-candlestick-charts\/\">Leer m\u00e1s<\/a><\/span>\t\t\t\t<\/div>\n\t\t\t\t<\/div>\n\t\t\t\t<\/div>\n\t\t<div class=\"elementor-element elementor-element-446e356 e-con-full e-flex e-con e-child\" data-id=\"446e356\" data-element_type=\"container\" data-settings=\"{&quot;background_background&quot;:&quot;classic&quot;}\">\n\t\t<div class=\"elementor-element elementor-element-4649980 e-con-full e-flex e-con e-child\" data-id=\"4649980\" data-element_type=\"container\" data-settings=\"{&quot;background_background&quot;:&quot;classic&quot;}\">\n\t\t\t\t<div class=\"elementor-element elementor-element-bcbc534 elementor-widget elementor-widget-heading\" data-id=\"bcbc534\" data-element_type=\"widget\" data-widget_type=\"heading.default\">\n\t\t\t\t\t<h4 class=\"elementor-heading-title elementor-size-default\">Estrategias: Medias M\u00f3viles y Estoc\u00e1stico<\/h4>\t\t\t\t<\/div>\n\t\t\t\t<\/div>\n\t\t<div class=\"elementor-element elementor-element-722fb54 e-con-full e-flex e-con e-child\" data-id=\"722fb54\" data-element_type=\"container\">\n\t\t\t\t<div class=\"elementor-element elementor-element-eb906eb elementor-widget elementor-widget-text-editor\" data-id=\"eb906eb\" data-element_type=\"widget\" data-widget_type=\"text-editor.default\">\n\t\t\t\t\t\t\t\t\t<p>Dej\u00e1 de adivinar: Cre\u00e1 tu sistema con indicadores t\u00e9cnicos.<\/p>\t\t\t\t\t\t\t\t<\/div>\n\t\t\t\t<div class=\"elementor-element elementor-element-bddf1c3 elementor-widget elementor-widget-heading\" data-id=\"bddf1c3\" data-element_type=\"widget\" data-widget_type=\"heading.default\">\n\t\t\t\t\t<span class=\"elementor-heading-title elementor-size-default\"><a href=\"https:\/\/mister.forex\/es_ar\/forex-trading-strategy-basics\/\">Leer m\u00e1s<\/a><\/span>\t\t\t\t<\/div>\n\t\t\t\t<\/div>\n\t\t\t\t<\/div>\n\t\t\t\t<\/div>\n\t\t\t\t<div class=\"elementor-element elementor-element-708541b elementor-widget elementor-widget-heading\" data-id=\"708541b\" data-element_type=\"widget\" data-widget_type=\"heading.default\">\n\t\t\t\t\t<h3 class=\"elementor-heading-title elementor-size-default\">Fase 3: Reglas de Supervivencia<\/h3>\t\t\t\t<\/div>\n\t\t<div class=\"elementor-element elementor-element-1f03149 e-grid e-con-full e-con e-child\" data-id=\"1f03149\" data-element_type=\"container\">\n\t\t<div class=\"elementor-element elementor-element-5e0346e e-con-full e-flex e-con e-child\" data-id=\"5e0346e\" data-element_type=\"container\" data-settings=\"{&quot;background_background&quot;:&quot;classic&quot;}\">\n\t\t<div class=\"elementor-element elementor-element-f6412bd e-con-full e-flex e-con e-child\" data-id=\"f6412bd\" data-element_type=\"container\" data-settings=\"{&quot;background_background&quot;:&quot;classic&quot;}\">\n\t\t\t\t<div class=\"elementor-element elementor-element-3368022 elementor-widget elementor-widget-heading\" data-id=\"3368022\" data-element_type=\"widget\" data-widget_type=\"heading.default\">\n\t\t\t\t\t<h4 class=\"elementor-heading-title elementor-size-default\">Gesti\u00f3n de Riesgo: Cuid\u00e1 tu cuenta<\/h4>\t\t\t\t<\/div>\n\t\t\t\t<\/div>\n\t\t<div class=\"elementor-element elementor-element-e7eaf9b e-con-full e-flex e-con e-child\" data-id=\"e7eaf9b\" data-element_type=\"container\">\n\t\t\t\t<div class=\"elementor-element elementor-element-ceb0af2 elementor-widget elementor-widget-text-editor\" data-id=\"ceb0af2\" data-element_type=\"widget\" data-widget_type=\"text-editor.default\">\n\t\t\t\t\t\t\t\t\t<p>La clave es durar: Aplic\u00e1 la regla del 2% y cuid\u00e1 tu capital.<\/p>\t\t\t\t\t\t\t\t<\/div>\n\t\t\t\t<div class=\"elementor-element elementor-element-86f8eee elementor-widget elementor-widget-heading\" data-id=\"86f8eee\" data-element_type=\"widget\" data-widget_type=\"heading.default\">\n\t\t\t\t\t<span class=\"elementor-heading-title elementor-size-default\"><a href=\"https:\/\/mister.forex\/es_ar\/money-management-rules-to-avoid-blowup\/\">Leer m\u00e1s<\/a><\/span>\t\t\t\t<\/div>\n\t\t\t\t<\/div>\n\t\t\t\t<\/div>\n\t\t<div class=\"elementor-element elementor-element-43aec22 e-con-full e-flex e-con e-child\" data-id=\"43aec22\" data-element_type=\"container\" data-settings=\"{&quot;background_background&quot;:&quot;classic&quot;}\">\n\t\t<div class=\"elementor-element elementor-element-714f0ff e-con-full e-flex e-con e-child\" data-id=\"714f0ff\" data-element_type=\"container\" data-settings=\"{&quot;background_background&quot;:&quot;classic&quot;}\">\n\t\t\t\t<div class=\"elementor-element elementor-element-344d206 elementor-widget elementor-widget-heading\" data-id=\"344d206\" data-element_type=\"widget\" data-widget_type=\"heading.default\">\n\t\t\t\t\t<h4 class=\"elementor-heading-title elementor-size-default\">Psicotrading: Domin\u00e1 tus impulsos<\/h4>\t\t\t\t<\/div>\n\t\t\t\t<\/div>\n\t\t<div class=\"elementor-element elementor-element-c2551e3 e-con-full e-flex e-con e-child\" data-id=\"c2551e3\" data-element_type=\"container\">\n\t\t\t\t<div class=\"elementor-element elementor-element-d857d0e elementor-widget elementor-widget-text-editor\" data-id=\"d857d0e\" data-element_type=\"widget\" data-widget_type=\"text-editor.default\">\n\t\t\t\t\t\t\t\t\t<p>Super\u00e1 el FOMO y el revanchismo: Tu mentalidad es la clave.<\/p>\t\t\t\t\t\t\t\t<\/div>\n\t\t\t\t<div class=\"elementor-element elementor-element-3a676c0 elementor-widget elementor-widget-heading\" data-id=\"3a676c0\" data-element_type=\"widget\" data-widget_type=\"heading.default\">\n\t\t\t\t\t<span class=\"elementor-heading-title elementor-size-default\"><a href=\"https:\/\/mister.forex\/es_ar\/trading-psychology-fomo-revenge-trading\/\">Leer m\u00e1s<\/a><\/span>\t\t\t\t<\/div>\n\t\t\t\t<\/div>\n\t\t\t\t<\/div>\n\t\t<div class=\"elementor-element elementor-element-b515000 e-con-full e-flex e-con e-child\" data-id=\"b515000\" data-element_type=\"container\" data-settings=\"{&quot;background_background&quot;:&quot;classic&quot;}\">\n\t\t<div class=\"elementor-element elementor-element-49c2968 e-con-full e-flex e-con e-child\" data-id=\"49c2968\" data-element_type=\"container\" data-settings=\"{&quot;background_background&quot;:&quot;classic&quot;}\">\n\t\t\t\t<div class=\"elementor-element elementor-element-96615f1 elementor-widget elementor-widget-heading\" data-id=\"96615f1\" data-element_type=\"widget\" data-widget_type=\"heading.default\">\n\t\t\t\t\t<h4 class=\"elementor-heading-title elementor-size-default\">Horarios y Activos: Eleg\u00ed tu mercado<\/h4>\t\t\t\t<\/div>\n\t\t\t\t<\/div>\n\t\t<div class=\"elementor-element elementor-element-02248bc e-con-full e-flex e-con e-child\" data-id=\"02248bc\" data-element_type=\"container\">\n\t\t\t\t<div class=\"elementor-element elementor-element-e2bae71 elementor-widget elementor-widget-text-editor\" data-id=\"e2bae71\" data-element_type=\"widget\" data-widget_type=\"text-editor.default\">\n\t\t\t\t\t\t\t\t\t<p>Eleg\u00ed bien d\u00f3nde y cu\u00e1ndo operar: Conoc\u00e9 pares y sesiones.<\/p>\t\t\t\t\t\t\t\t<\/div>\n\t\t\t\t<div class=\"elementor-element elementor-element-426be58 elementor-widget elementor-widget-heading\" data-id=\"426be58\" data-element_type=\"widget\" data-widget_type=\"heading.default\">\n\t\t\t\t\t<span class=\"elementor-heading-title elementor-size-default\"><a href=\"https:\/\/mister.forex\/es_ar\/forex-market-sessions-and-currency-pairs-guide\/\">Leer m\u00e1s<\/a><\/span>\t\t\t\t<\/div>\n\t\t\t\t<\/div>\n\t\t\t\t<\/div>\n\t\t<div class=\"elementor-element elementor-element-a00b0b2 e-con-full e-flex e-con e-child\" data-id=\"a00b0b2\" data-element_type=\"container\" data-settings=\"{&quot;background_background&quot;:&quot;classic&quot;}\">\n\t\t<div class=\"elementor-element elementor-element-5e96366 e-con-full e-flex e-con e-child\" data-id=\"5e96366\" data-element_type=\"container\" data-settings=\"{&quot;background_background&quot;:&quot;classic&quot;}\">\n\t\t\t\t<div class=\"elementor-element elementor-element-eb33f83 elementor-widget elementor-widget-heading\" data-id=\"eb33f83\" data-element_type=\"widget\" data-widget_type=\"heading.default\">\n\t\t\t\t\t<h4 class=\"elementor-heading-title elementor-size-default\">Backtesting: Maximiz\u00e1 tus ganancias<\/h4>\t\t\t\t<\/div>\n\t\t\t\t<\/div>\n\t\t<div class=\"elementor-element elementor-element-3a84001 e-con-full e-flex e-con e-child\" data-id=\"3a84001\" data-element_type=\"container\">\n\t\t\t\t<div class=\"elementor-element elementor-element-2c5a88e elementor-widget elementor-widget-text-editor\" data-id=\"2c5a88e\" data-element_type=\"widget\" data-widget_type=\"text-editor.default\">\n\t\t\t\t\t\t\t\t\t<p>Los datos no mienten: Analiz\u00e1 tus reportes y mejor\u00e1 tu trading.<\/p>\t\t\t\t\t\t\t\t<\/div>\n\t\t\t\t<div class=\"elementor-element elementor-element-fd2e660 elementor-widget elementor-widget-heading\" data-id=\"fd2e660\" data-element_type=\"widget\" data-widget_type=\"heading.default\">\n\t\t\t\t\t<span class=\"elementor-heading-title elementor-size-default\"><a href=\"https:\/\/mister.forex\/es_ar\/trading-performance-review-myfxbook\/\">Leer m\u00e1s<\/a><\/span>\t\t\t\t<\/div>\n\t\t\t\t<\/div>\n\t\t\t\t<\/div>\n\t\t\t\t<\/div>\n\t\t\t\t<div class=\"elementor-element elementor-element-63b6a1d elementor-widget elementor-widget-heading\" data-id=\"63b6a1d\" data-element_type=\"widget\" data-widget_type=\"heading.default\">\n\t\t\t\t\t<h3 class=\"elementor-heading-title elementor-size-default\">\ud83c\udfc6 Cap\u00edtulo Final: Vivir del Trading<\/h3>\t\t\t\t<\/div>\n\t\t<div class=\"elementor-element elementor-element-8867f4f e-con-full e-flex e-con e-child\" data-id=\"8867f4f\" data-element_type=\"container\" data-settings=\"{&quot;background_background&quot;:&quot;classic&quot;}\">\n\t\t\t\t<div class=\"elementor-element elementor-element-52f5e1e elementor-widget elementor-widget-heading\" data-id=\"52f5e1e\" data-element_type=\"widget\" data-widget_type=\"heading.default\">\n\t\t\t\t\t<h4 class=\"elementor-heading-title elementor-size-default\">Prop Firms: Oper\u00e1 cuentas de USD 100.000<\/h4>\t\t\t\t<\/div>\n\t\t\t\t<div class=\"elementor-element elementor-element-c6a447b elementor-widget elementor-widget-text-editor\" data-id=\"c6a447b\" data-element_type=\"widget\" data-widget_type=\"text-editor.default\">\n\t\t\t\t\t\t\t\t\t<p>\u00bfYa ten\u00e9s la t\u00e9cnica pero te falta capital? Descubr\u00ed qu\u00e9 hacer.<\/p>\t\t\t\t\t\t\t\t<\/div>\n\t\t\t\t<div class=\"elementor-element elementor-element-68168d7 elementor-widget elementor-widget-text-editor\" data-id=\"68168d7\" data-element_type=\"widget\" data-widget_type=\"text-editor.default\">\n\t\t\t\t\t\t\t\t\t<p class=\" translation-block\">Revelamos c\u00f3mo pasar el challenge de una <strong>Prop Firm<\/strong> y gestionar fondos de terceros.<\/p>\t\t\t\t\t\t\t\t<\/div>\n\t\t\t\t<div class=\"elementor-element elementor-element-d68c02c elementor-widget__width-initial elementor-widget elementor-widget-heading\" data-id=\"d68c02c\" data-element_type=\"widget\" data-widget_type=\"heading.default\">\n\t\t\t\t\t<span class=\"elementor-heading-title elementor-size-default\"><a href=\"https:\/\/mister.forex\/es_ar\/prop-firm-trading-guide-get-funded\/\">Leer m\u00e1s<\/a><\/span>\t\t\t\t<\/div>\n\t\t\t\t<\/div>\n\t\t\t\t\t<\/div>\n\t\t\t\t<\/div>\n\t\t\t\t<\/div>","protected":false},"excerpt":{"rendered":"<p>Explor\u00e1 nuestras gu\u00edas gratuitas de Forex. Aprend\u00e9 estructura de mercado, psicolog\u00eda y estrategias clave para ser un trader profesional. Empez\u00e1 tu camino hoy mismo.<\/p>","protected":false},"author":1,"featured_media":57306,"parent":0,"menu_order":0,"comment_status":"closed","ping_status":"closed","template":"","meta":{"footnotes":""},"tags":[128],"class_list":["post-57287","page","type-page","status-publish","has-post-thumbnail","hentry","tag-no-google"],"_links":{"self":[{"href":"https:\/\/mister.forex\/es_ar\/wp-json\/wp\/v2\/pages\/57287","targetHints":{"allow":["GET"]}}],"collection":[{"href":"https:\/\/mister.forex\/es_ar\/wp-json\/wp\/v2\/pages"}],"about":[{"href":"https:\/\/mister.forex\/es_ar\/wp-json\/wp\/v2\/types\/page"}],"author":[{"embeddable":true,"href":"https:\/\/mister.forex\/es_ar\/wp-json\/wp\/v2\/users\/1"}],"replies":[{"embeddable":true,"href":"https:\/\/mister.forex\/es_ar\/wp-json\/wp\/v2\/comments?post=57287"}],"version-history":[{"count":27,"href":"https:\/\/mister.forex\/es_ar\/wp-json\/wp\/v2\/pages\/57287\/revisions"}],"predecessor-version":[{"id":70679,"href":"https:\/\/mister.forex\/es_ar\/wp-json\/wp\/v2\/pages\/57287\/revisions\/70679"}],"wp:featuredmedia":[{"embeddable":true,"href":"https:\/\/mister.forex\/es_ar\/wp-json\/wp\/v2\/media\/57306"}],"wp:attachment":[{"href":"https:\/\/mister.forex\/es_ar\/wp-json\/wp\/v2\/media?parent=57287"}],"wp:term":[{"taxonomy":"post_tag","embeddable":true,"href":"https:\/\/mister.forex\/es_ar\/wp-json\/wp\/v2\/tags?post=57287"}],"curies":[{"name":"wp","href":"https:\/\/api.w.org\/{rel}","templated":true}]}}