{"id":57464,"date":"2025-08-10T22:11:57","date_gmt":"2025-08-10T14:11:57","guid":{"rendered":"http:\/\/test.swqi.tw\/?page_id=57464"},"modified":"2025-12-03T03:33:51","modified_gmt":"2025-12-02T19:33:51","slug":"overcome-5-psychological-traps","status":"publish","type":"page","link":"https:\/\/mister.forex\/es_ar\/overcome-5-psychological-traps\/","title":{"rendered":"Las 5 trampas comunes de la psicolog\u00eda:&nbsp;descarga gratuita de eBook | Mr.Forex"},"content":{"rendered":"<div data-elementor-type=\"wp-page\" data-elementor-id=\"57464\" class=\"elementor elementor-57464\" data-elementor-post-type=\"page\">\n\t\t\t\t<div class=\"elementor-element elementor-element-d97b493 e-flex e-con-boxed e-con e-parent\" data-id=\"d97b493\" data-element_type=\"container\">\n\t\t\t\t\t<div class=\"e-con-inner\">\n\t\t\t\t<div class=\"elementor-element elementor-element-f60eab9 elementor-icon-list--layout-inline elementor-list-item-link-inline elementor-widget elementor-widget-icon-list\" data-id=\"f60eab9\" data-element_type=\"widget\" data-widget_type=\"icon-list.default\">\n\t\t\t\t\t\t\t<ul class=\"elementor-icon-list-items elementor-inline-items\">\n\t\t\t\t\t\t\t<li class=\"elementor-icon-list-item elementor-inline-item\">\n\t\t\t\t\t\t\t\t\t\t\t<a href=\"https:\/\/mister.forex\/es_ar\/ebook-hub\/\">\n\n\t\t\t\t\t\t\t\t\t\t\t\t<span class=\"elementor-icon-list-icon\">\n\t\t\t\t\t\t\t<svg aria-hidden=\"true\" class=\"e-font-icon-svg e-fas-reply\" viewbox=\"0 0 512 512\" xmlns=\"http:\/\/www.w3.org\/2000\/svg\"><path d=\"M8.309 189.836L184.313 37.851C199.719 24.546 224 35.347 224 56.015v80.053c160.629 1.839 288 34.032 288 186.258 0 61.441-39.581 122.309-83.333 154.132-13.653 9.931-33.111-2.533-28.077-18.631 45.344-145.012-21.507-183.51-176.59-185.742V360c0 20.7-24.3 31.453-39.687 18.164l-176.004-152c-11.071-9.562-11.086-26.753 0-36.328z\"><\/path><\/svg>\t\t\t\t\t\t<\/span>\n\t\t\t\t\t\t\t\t\t\t<span class=\"elementor-icon-list-text\">P\u00e1gina Anterior<\/span>\n\t\t\t\t\t\t\t\t\t\t\t<\/a>\n\t\t\t\t\t\t\t\t\t<\/li>\n\t\t\t\t\t\t<\/ul>\n\t\t\t\t\t\t<\/div>\n\t\t\t\t\t<\/div>\n\t\t\t\t<\/div>\n\t\t<div class=\"elementor-element elementor-element-3090bf1 e-flex e-con-boxed e-con e-parent\" data-id=\"3090bf1\" data-element_type=\"container\" data-settings=\"{&quot;background_background&quot;:&quot;classic&quot;}\">\n\t\t\t\t\t<div class=\"e-con-inner\">\n\t\t<div class=\"elementor-element elementor-element-0261845 e-con-full e-flex e-con e-child\" data-id=\"0261845\" data-element_type=\"container\" data-settings=\"{&quot;background_background&quot;:&quot;classic&quot;}\">\n\t\t\t\t<div class=\"elementor-element elementor-element-3fde205 elementor-widget elementor-widget-image\" data-id=\"3fde205\" data-element_type=\"widget\" data-settings=\"{&quot;_animation&quot;:&quot;none&quot;}\" data-widget_type=\"image.default\">\n\t\t\t\t\t\t\t\t\t\t\t\t\t\t\t<img fetchpriority=\"high\" decoding=\"async\" width=\"188\" height=\"300\" src=\"https:\/\/mister.forex\/wp-content\/uploads\/2025\/08\/Book-3-Mockup-EN.webp\" class=\"attachment-thumbnail size-thumbnail wp-image-57297\" alt=\"Las 5 trampas de la psicolog\u00eda del trading\" srcset=\"https:\/\/mister.forex\/wp-content\/uploads\/2025\/08\/Book-3-Mockup-EN.webp 1410w, https:\/\/mister.forex\/wp-content\/uploads\/2025\/08\/Book-3-Mockup-EN-313x500.webp 313w, https:\/\/mister.forex\/wp-content\/uploads\/2025\/08\/Book-3-Mockup-EN-752x1200.webp 752w, https:\/\/mister.forex\/wp-content\/uploads\/2025\/08\/Book-3-Mockup-EN-188x300.webp 188w, https:\/\/mister.forex\/wp-content\/uploads\/2025\/08\/Book-3-Mockup-EN-768x1226.webp 768w, https:\/\/mister.forex\/wp-content\/uploads\/2025\/08\/Book-3-Mockup-EN-963x1536.webp 963w, https:\/\/mister.forex\/wp-content\/uploads\/2025\/08\/Book-3-Mockup-EN-1283x2048.webp 1283w, https:\/\/mister.forex\/wp-content\/uploads\/2025\/08\/Book-3-Mockup-EN-8x12.webp 8w, https:\/\/mister.forex\/wp-content\/uploads\/2025\/08\/Book-3-Mockup-EN-600x957.webp 600w\" sizes=\"(max-width: 188px) 100vw, 188px\" \/>\t\t\t\t\t\t\t\t\t\t\t\t\t\t\t<\/div>\n\t\t\t\t<div class=\"elementor-element elementor-element-d4eeded elementor-align-center elementor-widget elementor-widget-button\" data-id=\"d4eeded\" data-element_type=\"widget\" data-widget_type=\"button.default\">\n\t\t\t\t\t\t\t\t\t\t<a class=\"elementor-button elementor-button-link elementor-size-sm\" href=\"https:\/\/1drv.ms\/f\/c\/7c6c551c74c8b8b2\/EgXL8oGw3CdFgHB4r64KTksB4KNOstV59YhWQgFCVsbmBg?e=nJM7ld\" target=\"_blank\" rel=\"noopener\">\n\t\t\t\t\t\t<span class=\"elementor-button-content-wrapper\">\n\t\t\t\t\t\t\t\t\t<span class=\"elementor-button-text\">Descargar<\/span>\n\t\t\t\t\t<\/span>\n\t\t\t\t\t<\/a>\n\t\t\t\t\t\t\t\t<\/div>\n\t\t\t\t<div class=\"elementor-element elementor-element-a153df0 elementor-widget elementor-widget-heading\" data-id=\"a153df0\" data-element_type=\"widget\" data-widget_type=\"heading.default\">\n\t\t\t\t\t<span class=\"elementor-heading-title elementor-size-default\">Idiomas admitidos<\/span>\t\t\t\t<\/div>\n\t\t<div class=\"elementor-element elementor-element-3aa1b4d e-con-full e-flex e-con e-child\" data-id=\"3aa1b4d\" data-element_type=\"container\">\n\t\t\t\t<div class=\"elementor-element elementor-element-e8975ec elementor-align-center elementor-widget elementor-widget-button\" data-id=\"e8975ec\" data-element_type=\"widget\" data-widget_type=\"button.default\">\n\t\t\t\t\t\t\t\t\t\t<a class=\"elementor-button elementor-size-sm\" role=\"button\">\n\t\t\t\t\t\t<span class=\"elementor-button-content-wrapper\">\n\t\t\t\t\t\t\t\t\t<span class=\"elementor-button-text\">\u7b80\u4f53\u4e2d\u6587<\/span>\n\t\t\t\t\t<\/span>\n\t\t\t\t\t<\/a>\n\t\t\t\t\t\t\t\t<\/div>\n\t\t\t\t<div class=\"elementor-element elementor-element-d50312a elementor-align-center elementor-widget elementor-widget-button\" data-id=\"d50312a\" data-element_type=\"widget\" data-widget_type=\"button.default\">\n\t\t\t\t\t\t\t\t\t\t<a class=\"elementor-button elementor-size-sm\" role=\"button\">\n\t\t\t\t\t\t<span class=\"elementor-button-content-wrapper\">\n\t\t\t\t\t\t\t\t\t<span class=\"elementor-button-text\">\u7e41\u9ad4\u4e2d\u6587<\/span>\n\t\t\t\t\t<\/span>\n\t\t\t\t\t<\/a>\n\t\t\t\t\t\t\t\t<\/div>\n\t\t\t\t<div class=\"elementor-element elementor-element-1c6f173 elementor-align-center elementor-widget elementor-widget-button\" data-id=\"1c6f173\" data-element_type=\"widget\" data-widget_type=\"button.default\">\n\t\t\t\t\t\t\t\t\t\t<a class=\"elementor-button elementor-size-sm\" role=\"button\">\n\t\t\t\t\t\t<span class=\"elementor-button-content-wrapper\">\n\t\t\t\t\t\t\t\t\t<span class=\"elementor-button-text\">English<\/span>\n\t\t\t\t\t<\/span>\n\t\t\t\t\t<\/a>\n\t\t\t\t\t\t\t\t<\/div>\n\t\t\t\t<\/div>\n\t\t\t\t<\/div>\n\t\t<div class=\"elementor-element elementor-element-05dc3d5 e-con-full e-flex e-con e-child\" data-id=\"05dc3d5\" data-element_type=\"container\" data-settings=\"{&quot;background_background&quot;:&quot;classic&quot;}\">\n\t\t<div class=\"elementor-element elementor-element-0f23524 e-con-full e-flex e-con e-child\" data-id=\"0f23524\" data-element_type=\"container\">\n\t\t\t\t<div class=\"elementor-element elementor-element-23f1220 elementor-widget elementor-widget-heading\" data-id=\"23f1220\" data-element_type=\"widget\" data-widget_type=\"heading.default\">\n\t\t\t\t\t<h2 class=\"elementor-heading-title elementor-size-default\">Las 5 trampas de la psicolog\u00eda del trading<\/h2>\t\t\t\t<\/div>\n\t\t\t\t<div class=\"elementor-element elementor-element-794c598 elementor-widget elementor-widget-heading\" data-id=\"794c598\" data-element_type=\"widget\" data-widget_type=\"heading.default\">\n\t\t\t\t\t<h3 class=\"elementor-heading-title elementor-size-default\">\u00bfPor qu\u00e9 un plan perfecto a\u00fan conduce a p\u00e9rdidas? Descargue gratis la gu\u00eda para superar los 5 demonios psicol\u00f3gicos m\u00e1s letales del trading.<\/h3>\t\t\t\t<\/div>\n\t\t\t\t<div class=\"elementor-element elementor-element-3ab86cb elementor-widget elementor-widget-heading\" data-id=\"3ab86cb\" data-element_type=\"widget\" data-widget_type=\"heading.default\">\n\t\t\t\t\t<h3 class=\"elementor-heading-title elementor-size-default\">Esta gu\u00eda le ayudar\u00e1 a identificar y superar la codicia, el miedo, el miedo a perderse algo (FOMO) y otros demonios psicol\u00f3gicos del trading, permiti\u00e9ndole realmente lograr la \"unidad de conocimiento y acci\u00f3n\".<\/h3>\t\t\t\t<\/div>\n\t\t\t\t<div class=\"elementor-element elementor-element-6922722 elementor-widget-divider--view-line elementor-widget elementor-widget-divider\" data-id=\"6922722\" data-element_type=\"widget\" data-widget_type=\"divider.default\">\n\t\t\t\t\t\t\t<div class=\"elementor-divider\">\n\t\t\t<span class=\"elementor-divider-separator\">\n\t\t\t\t\t\t<\/span>\n\t\t<\/div>\n\t\t\t\t\t\t<\/div>\n\t\t\t\t<\/div>\n\t\t\t\t<div class=\"elementor-element elementor-element-7c4d490 elementor-widget elementor-widget-html translation-block\" data-id=\"7c4d490\" data-element_type=\"widget\" data-widget_type=\"html.default\"><div style=\"16px\"><span>\n<h3><strong>\u00bfEst\u00e1 tu mente interfiriendo con tu trading?<\/strong>&nbsp;<\/h3>\n<ul>\n <li>\u00bfAlguna vez has dejado que la <strong>avaricia<\/strong>&nbsp;convierta una operaci\u00f3n ganadora en una p\u00e9rdida?<\/li>\n <li>\u00bfAlguna vez has perdido una oportunidad que cumpl\u00eda perfectamente con tu plan por <strong>miedo<\/strong>&nbsp;?<\/li>\n <li>\u00bfAlguna vez, despu\u00e9s de una p\u00e9rdida, has hecho una operaci\u00f3n m\u00e1s grande y m\u00e1s impulsiva por <strong>enojo<\/strong>, como una \"operaci\u00f3n de venganza\"?<\/li>\n<\/ul>\n<br>\n\n<!-- Section:&nbsp;Soluci\u00f3n y transformaci\u00f3n -->\n<h3><strong>El \u00e9xito en el trading, el 80% proviene del control psicol\u00f3gico<\/strong>&nbsp;<\/h3>\nNo importa cu\u00e1n buena sea la estrategia, si no se ejecuta con una mentalidad disciplinada, su valor es igual a cero.<br>\nEste libro, \u300aLas 5 trampas de la psicolog\u00eda del trading\u300b, te proporcionar\u00e1 herramientas pr\u00e1cticas para gestionar tus emociones internas.<br>\n<br>\n<h4><strong>Despu\u00e9s de leer esta gu\u00eda, aprender\u00e1s a:<\/strong>&nbsp;<\/h4>\n<ul>\n <li><strong>Gestionar la avaricia:<\/strong>&nbsp;Utilizar la \"regla 80\/20\" para asegurar ganancias y dejar correr los beneficios.<\/li>\n <li><strong>Superar el miedo:<\/strong>&nbsp;Construir confianza en el trading usando \"datos\" y \"disciplina\".<\/li>\n <li><strong>Romper el ciclo negativo:<\/strong>&nbsp;Evitar las operaciones de venganza con \"reglas estrictas\".<\/li>\n<\/ul>\n<br>\n\n<!-- Section:&nbsp;Vista previa del contenido del ebook -->\n<h4><strong>En esta gu\u00eda, aprender\u00e1s a enfrentar:<\/strong>&nbsp;<\/h4>\n<ul>\n <li><strong>Trampa 1:<\/strong>&nbsp;Avaricia - \"\u00a1Deber\u00eda poder ganar m\u00e1s!\"<\/li>\n <li><strong>Trampa 2:<\/strong>&nbsp;Miedo - \"Tengo miedo de perder...\"<\/li>\n <li><strong>Trampa 3:<\/strong>&nbsp;FOMO - \"\u00a1Tengo miedo de perderme una oportunidad!\"<\/li>\n <li><strong>Trampa 4:<\/strong>&nbsp;Operaciones de venganza - \"\u00a1Voy a recuperar mi dinero!\"<\/li>\n <li><strong>Trampa 5:<\/strong>&nbsp;Exceso de confianza - \"\u00a1Ya no puedo perder!\"<\/li>\n<\/ul>\n<\/span><\/div><\/div>\n\t\t\t\t<\/div>\n\t\t\t\t\t<\/div>\n\t\t\t\t<\/div>\n\t\t\t\t<\/div>","protected":false},"excerpt":{"rendered":"<p>\u00bfPor qu\u00e9 un plan perfecto sigue causando p\u00e9rdidas? Descargue gratis la gu\u00eda \u300aLas 5 trampas de la psicolog\u00eda del trading\u300b, donde analizaremos para usted la avaricia, el miedo, el FOMO y otras 5 trampas psicol\u00f3gicas comunes, adem\u00e1s de ofrecer m\u00e9todos concretos para enfrentarlas.<\/p>","protected":false},"author":1,"featured_media":57408,"parent":0,"menu_order":0,"comment_status":"closed","ping_status":"closed","template":"","meta":{"footnotes":""},"tags":[128],"class_list":["post-57464","page","type-page","status-publish","has-post-thumbnail","hentry","tag-no-google"],"_links":{"self":[{"href":"https:\/\/mister.forex\/es_ar\/wp-json\/wp\/v2\/pages\/57464","targetHints":{"allow":["GET"]}}],"collection":[{"href":"https:\/\/mister.forex\/es_ar\/wp-json\/wp\/v2\/pages"}],"about":[{"href":"https:\/\/mister.forex\/es_ar\/wp-json\/wp\/v2\/types\/page"}],"author":[{"embeddable":true,"href":"https:\/\/mister.forex\/es_ar\/wp-json\/wp\/v2\/users\/1"}],"replies":[{"embeddable":true,"href":"https:\/\/mister.forex\/es_ar\/wp-json\/wp\/v2\/comments?post=57464"}],"version-history":[{"count":0,"href":"https:\/\/mister.forex\/es_ar\/wp-json\/wp\/v2\/pages\/57464\/revisions"}],"wp:featuredmedia":[{"embeddable":true,"href":"https:\/\/mister.forex\/es_ar\/wp-json\/wp\/v2\/media\/57408"}],"wp:attachment":[{"href":"https:\/\/mister.forex\/es_ar\/wp-json\/wp\/v2\/media?parent=57464"}],"wp:term":[{"taxonomy":"post_tag","embeddable":true,"href":"https:\/\/mister.forex\/es_ar\/wp-json\/wp\/v2\/tags?post=57464"}],"curies":[{"name":"wp","href":"https:\/\/api.w.org\/{rel}","templated":true}]}}