{"id":65895,"date":"2026-02-03T13:31:47","date_gmt":"2026-02-03T05:31:47","guid":{"rendered":"https:\/\/mister.forex\/?page_id=65895"},"modified":"2026-05-04T21:41:24","modified_gmt":"2026-05-04T13:41:24","slug":"forex-market-sessions-and-currency-pairs-guide","status":"publish","type":"page","link":"https:\/\/mister.forex\/es_ar\/forex-market-sessions-and-currency-pairs-guide\/","title":{"rendered":"An\u00e1lisis de sesiones (Asia\/Europa\/EE.UU.) y personalidad de divisas: Gu\u00eda para evitar errores | Mr.Forex"},"content":{"rendered":"<div data-elementor-type=\"wp-page\" data-elementor-id=\"65895\" class=\"elementor elementor-65895\" data-elementor-post-type=\"page\">\n\t\t\t\t<div class=\"elementor-element elementor-element-ba9c75b e-flex e-con-boxed e-con e-parent\" data-id=\"ba9c75b\" data-element_type=\"container\">\n\t\t\t\t\t<div class=\"e-con-inner\">\n\t\t\t\t<div class=\"elementor-element elementor-element-27b3544 elementor-widget elementor-widget-heading\" data-id=\"27b3544\" data-element_type=\"widget\" data-widget_type=\"heading.default\">\n\t\t\t\t\t<h1 class=\"elementor-heading-title elementor-size-default\">Domin\u00e1 el \"ritmo\" del mercado forex: Los mejores horarios para operar<\/h1>\t\t\t\t<\/div>\n\t\t\t\t<div class=\"elementor-element elementor-element-cc53c49 elementor-widget elementor-widget-html\" data-id=\"cc53c49\" data-element_type=\"widget\" data-widget_type=\"html.default\">\n\t\t\t\t\tEntend\u00e9 el pulso de las sesiones y la personalidad de los activos para evitar el tiempo muerto.\t\t\t\t<\/div>\n\t\t\t\t<div class=\"elementor-element elementor-element-d418204 elementor-widget elementor-widget-html translation-block\" data-id=\"d418204\" data-element_type=\"widget\" data-widget_type=\"html.default\">Autor: <strong>Mr.Forex<\/strong><\/div>\n\t\t\t\t<div class=\"elementor-element elementor-element-d04bf8c elementor-widget elementor-widget-html translation-block\" data-id=\"d04bf8c\" data-element_type=\"widget\" data-widget_type=\"html.default\"><span>\n<h2><strong>Introducci\u00f3n: Elegir bien es m\u00e1s importante que esforzarse<\/strong><\/h2>\nMuchos principiantes apenas arrancan se tiran de cabeza al Oro (XAUUSD) buscando volatilidad y ganancias r\u00e1pidas. \u00bfEl resultado? Por lo general, son los primeros en quemar la cuenta.<br><br>\n\nEn el mercado forex, cada activo tiene lo suyo. Algunos son como elefantes mansos, ideales para que los novatos practiquen; otros son como bestias salvajes, listos para atacar a los que no tienen disciplina.<br><br>\n\nAdem\u00e1s, aunque el forex es un mercado de 24 horas, no cada minuto vale la pena. Estar frente a la pantalla en el \"tiempo muerto\" sin volatilidad es tirar tu vida y tu energ\u00eda a la basura.<br><br>\n\nEsta gu\u00eda es tu \"manual de campo\" para saber cu\u00e1ndo entrar a la cancha y a qui\u00e9n elegir como oponente.<br><br>\n\n<h2><strong>1. El reloj del mercado (Market Sessions)<\/strong><\/h2>\nEl mundo gira y la plata fluye. El forex global funciona gracias al relevo de tres grandes centros financieros. Los horarios a continuaci\u00f3n est\u00e1n en **UTC (Tiempo Universal Coordinado)**.<br><br>\n\n<h3><strong>1. Sesi\u00f3n Asi\u00e1tica (Asian Session) \u2014\u2014 Una ma\u00f1ana tranquila<\/strong><\/h3>\n<ul>\n  <li><strong>Horario principal (UTC):<\/strong> 22:00 ~ 06:00<\/li>\n  <li><strong>Protagonistas:<\/strong> Tokio (Tokyo), S\u00eddney (Sydney).<\/li>\n  <li><strong>Caracter\u00edsticas:<\/strong> Poca volatilidad y movimientos tranquilos. Ideal para traders que prefieren estrategias de \"rango\" (Range Trading).<\/li>\n  <li><strong>Divisas a seguir:<\/strong> JPY (Yen), AUD (D\u00f3lar australiano), NZD (D\u00f3lar neozeland\u00e9s).<\/li>\n<\/ul><br>\n\n<h3><strong>2. Sesi\u00f3n Europea (London Session) \u2014\u2014 El motor de las tendencias<\/strong><\/h3>\n<ul>\n  <li><strong>Horario principal (UTC):<\/strong> 07:00 ~ 15:00<\/li>\n  <li><strong>Protagonista:<\/strong> Londres (London), el centro financiero m\u00e1s grande del mundo.<\/li>\n  <li><strong>Caracter\u00edsticas:<\/strong> Ac\u00e1 es donde arranca la acci\u00f3n de verdad. Aumenta la volatilidad y el volumen explota. La primera hora tras la apertura de Londres suele dar la primera se\u00f1al de ruptura del d\u00eda.<\/li>\n  <li><strong>Divisas a seguir:<\/strong> EUR (Euro), GBP (Libra), CHF (Franco suizo).<\/li>\n<\/ul><br>\n\n<h3><strong>3. Sesi\u00f3n Americana (New York Session) \u2014\u2014 La locura de la tarde\/noche<\/strong><\/h3>\n<ul>\n  <li><strong>Horario principal (UTC):<\/strong> 12:00 ~ 21:00<\/li>\n  <li><strong>Protagonista:<\/strong> Nueva York (New York).<\/li>\n  <li><strong>Caracter\u00edsticas:<\/strong> El momento donde el flujo de capital es m\u00e1s agresivo.<\/li>\n  <li><strong>\ud83d\udca1 Solapamiento (Overlap): UTC 12:00 ~ 15:00<\/strong><br>\n  Es cuando se cruzan las sesiones de Europa y EE. UU. Los capitales globales chocan, la volatilidad es m\u00e1xima y hay much\u00edsimas oportunidades (y riesgos).<\/li>\n  <li><strong>Divisas a seguir:<\/strong> USD (D\u00f3lar), CAD (D\u00f3lar canadiense), XAU (Oro).<\/li>\n<\/ul>\n<\/span><\/div>\n\t\t<div class=\"elementor-element elementor-element-2c5ac2e e-con-full e-flex e-con e-child\" data-id=\"2c5ac2e\" data-element_type=\"container\" data-settings=\"{&quot;background_background&quot;:&quot;classic&quot;}\">\n\t\t\t\t<div class=\"elementor-element elementor-element-4dc0025 elementor-widget elementor-widget-html translation-block\" data-id=\"4dc0025\" data-element_type=\"widget\" data-widget_type=\"html.default\"><span>\n<h3><strong>\u26a0\ufe0f Recordatorio importante:<\/strong><\/h3>\nLos mercados de Europa y EE. UU. usan el \"Horario de verano (Daylight Saving Time)\". Generalmente entre marzo y noviembre, las aperturas y cierres se adelantan 1 hora respecto a la base mencionada. No te olvides de ajustar tu reloj seg\u00fan la temporada.\n<\/span><\/div>\n\t\t\t\t<\/div>\n\t\t\t\t<div class=\"elementor-element elementor-element-576c27b elementor-widget elementor-widget-html translation-block\" data-id=\"576c27b\" data-element_type=\"widget\" data-widget_type=\"html.default\"><span>\n<h2><strong>2. Personalidad de los principales pares (The Personalities)<\/strong><\/h2>\nAunque en MT5 ten\u00e9s cientos de activos, te recomiendo que como principiante te concentres en estos pares representativos.<br><br>\n\n<h3><strong>1. Euro\/D\u00f3lar (EURUSD) \u2014\u2014 El Elefante<\/strong><\/h3>\n<ul>\n  <li><strong>Estatus:<\/strong> El m\u00e1s operado del mundo, con m\u00e1s del 30% del volumen total.<\/li>\n  <li><strong>Personalidad:<\/strong> Movimientos estables, donde el an\u00e1lisis t\u00e9cnico funciona mejor. Rara vez tiene falsas rupturas extremas. El Spread suele ser el m\u00e1s bajo del mercado.<\/li>\n  <li><strong>Ideal para:<\/strong> La opci\u00f3n n\u00famero uno para cualquier principiante.<\/li>\n<\/ul><br>\n\n<h3><strong>2. D\u00f3lar\/Yen (USDJPY) \u2014\u2014 El Conejo<\/strong><\/h3>\n<ul>\n  <li><strong>Personalidad:<\/strong> Puede estar lateral por mucho tiempo, pero cuando agarra tendencia (por ejemplo, cambios del Banco de Jap\u00f3n), sale disparado en una sola direcci\u00f3n sin mirar atr\u00e1s. Muy influenciado por los rendimientos de los bonos de EE. UU.<\/li>\n  <li><strong>Ideal para:<\/strong> Traders que buscan seguir tendencias largas (Trend Following).<\/li>\n<\/ul><br>\n\n<h3><strong>3. Libra\/D\u00f3lar (GBPUSD) \u2014\u2014 La Bestia<\/strong><\/h3>\n<ul>\n  <li><strong>Personalidad:<\/strong> Apodado \"Cable\". Muy vol\u00e1til y \"bastante hist\u00e9rico\". Le encanta fabricar falsas rupturas (Fakeouts); suele romper soportes o resistencias para barrer los Stop Loss antes de irse para el lado que estaba previsto.<\/li>\n  <li><strong>Ideal para:<\/strong> Traders avanzados con nervios de acero y buen ojo para filtrar ruido. Los novatos suelen perder mucha plata ac\u00e1 por Stop Loss frecuentes.<\/li>\n<\/ul><br>\n\n<h2><strong>3. Oro (XAUUSD)<\/strong><\/h2>\nAtenci\u00f3n ac\u00e1: El oro no es una divisa, es un commodity (metal precioso).<br><br>\n\n<h3><strong>1. \u00bfPor qu\u00e9 a todo el mundo le gusta operar Oro?<\/strong><\/h3>\n<ul>\n  <li><strong>Volatilidad extrema:<\/strong> Mientras el EURUSD se mueve 80 pips, el Oro te clava 200-300 pips en un rato (y m\u00e1s de 1000 pips en d\u00edas locos).<\/li>\n  <li><strong>Potencial de ganancias:<\/strong> Si le peg\u00e1s a la direcci\u00f3n, pod\u00e9s duplicar tu cuenta en pocos d\u00edas.<\/li>\n<\/ul><br>\n\n<h3><strong>2. \u00bfD\u00f3nde est\u00e1 el riesgo?<\/strong><\/h3>\n<ul>\n  <li><strong>Barridas constantes:<\/strong> El oro suele sacudirse violentamente antes de arrancar, sacando a los minoristas del mercado.<\/li>\n  <li><strong>Costos m\u00e1s altos:<\/strong> El spread y el margen requerido suelen ser mayores que en los pares de divisas.<\/li>\n<\/ul>\n<\/span><\/div>\n\t\t<div class=\"elementor-element elementor-element-1a435dd e-con-full e-flex e-con e-child\" data-id=\"1a435dd\" data-element_type=\"container\" data-settings=\"{&quot;background_background&quot;:&quot;classic&quot;}\">\n\t\t\t\t<div class=\"elementor-element elementor-element-651fbcd elementor-widget elementor-widget-html translation-block\" data-id=\"651fbcd\" data-element_type=\"widget\" data-widget_type=\"html.default\"><span>\n<h3><strong>\u26a0\ufe0f Consejo de Mr.Forex:<\/strong><\/h3>\nSi sos principiante, en tus primeros 3 meses te recomiendo fuerte que te concentres en divisas y evites el oro. Si igual decid\u00eds operarlo, baj\u00e1 el lotaje al m\u00ednimo (0.01 lotes) y dale m\u00e1s aire a tu Stop Loss.\n<\/span><\/div>\n\t\t\t\t<\/div>\n\t\t\t\t<div class=\"elementor-element elementor-element-9911a1b elementor-widget elementor-widget-html translation-block\" data-id=\"9911a1b\" data-element_type=\"widget\" data-widget_type=\"html.default\"><span>\n<h2><strong>4. Correlaci\u00f3n \u2014\u2014 No pongas todos los huevos en la misma canasta<\/strong><\/h2>\nEste es un riesgo clave que muchos pasan por alto.<br><br>\n\n<h3><strong>An\u00e1lisis de caso:<\/strong><\/h3>\nSi compr\u00e1s EURUSD y GBPUSD al mismo tiempo, \u00bfpens\u00e1s que est\u00e1s diversificando el riesgo? <strong>Para nada.<\/strong><br><br>\n\n<ul>\n  <li><strong>\ud83d\udd17 Correlaci\u00f3n Positiva:<\/strong><br>\n  El Euro y la Libra suelen moverse para el mismo lado. Si el D\u00f3lar se fortalece, estas dos operaciones van a <strong>perder plata al mismo tiempo<\/strong>. B\u00e1sicamente, duplicaste tu riesgo.<\/li><br>\n  <li><strong>\ud83d\udd17 Correlaci\u00f3n Negativa:<\/strong><br>\n  Tradicionalmente, el USDCHF y el EURUSD se mueven al rev\u00e9s. Si compr\u00e1s los dos a la vez, lo que gan\u00e1s en uno lo perd\u00e9s en el otro, y termin\u00e1s pagando comisiones al divino bot\u00f3n.<\/li>\n<\/ul><br>\n\n<strong>Consejo profesional:<\/strong> Si reci\u00e9n empez\u00e1s, concentrate en **1 a 3 pares**. Y trat\u00e1 de no tener abiertas posiciones que dependan de lo mismo al mismo tiempo, para no perder el control del margen.<br><br>\n\n<h2><strong>Conclusi\u00f3n: Encontr\u00e1 tu zona de confort<\/strong><\/h2>\nNo intentes cazar cada oportunidad que aparece en el mercado.<br><br>\n\n<ul>\n  <li>Si no pod\u00e9s estar pegado a la pantalla, oper\u00e1 tendencias en temporalidades de <strong>H4 (4 horas) o D1 (diario)<\/strong>.<\/li>\n  <li>Si busc\u00e1s adrenalina a corto plazo, operate el <strong>solapamiento de sesiones<\/strong>.<\/li>\n  <li>Si sos novato, quedate con el <strong>EURUSD<\/strong> hasta que logres ser rentable.<\/li>\n<\/ul><br>\nEntender el campo de batalla y a tus oponentes ya es media victoria. Ahora vamos a lo m\u00e1s importante: despu\u00e9s de la pelea, \u00bfc\u00f3mo analizamos los resultados?<br><br>\n\nEn la pr\u00f3xima nota, vamos a ver c\u00f3mo revisar tu \"diario de trading\", que es el \u00fanico camino real para ser un trader de elite.\n<\/span><\/div>\n\t\t\t\t<div class=\"elementor-element elementor-element-9d50b10 elementor-icon-list--layout-inline elementor-list-item-link-inline elementor-widget elementor-widget-icon-list\" data-id=\"9d50b10\" data-element_type=\"widget\" data-widget_type=\"icon-list.default\">\n\t\t\t\t\t\t\t<ul class=\"elementor-icon-list-items elementor-inline-items\">\n\t\t\t\t\t\t\t<li class=\"elementor-icon-list-item elementor-inline-item\">\n\t\t\t\t\t\t\t\t\t\t\t<a href=\"https:\/\/mister.forex\/es_ar\/trading-performance-review-myfxbook\/\">\n\n\t\t\t\t\t\t\t\t\t\t\t\t<span class=\"elementor-icon-list-icon\">\n\t\t\t\t\t\t\t<svg aria-hidden=\"true\" class=\"e-font-icon-svg e-far-check-circle\" viewbox=\"0 0 512 512\" xmlns=\"http:\/\/www.w3.org\/2000\/svg\"><path d=\"M256 8C119.033 8 8 119.033 8 256s111.033 248 248 248 248-111.033 248-248S392.967 8 256 8zm0 48c110.532 0 200 89.451 200 200 0 110.532-89.451 200-200 200-110.532 0-200-89.451-200-200 0-110.532 89.451-200 200-200m140.204 130.267l-22.536-22.718c-4.667-4.705-12.265-4.736-16.97-.068L215.346 303.697l-59.792-60.277c-4.667-4.705-12.265-4.736-16.97-.069l-22.719 22.536c-4.705 4.667-4.736 12.265-.068 16.971l90.781 91.516c4.667 4.705 12.265 4.736 16.97.068l172.589-171.204c4.704-4.668 4.734-12.266.067-16.971z\"><\/path><\/svg>\t\t\t\t\t\t<\/span>\n\t\t\t\t\t\t\t\t\t\t<span class=\"elementor-icon-list-text\">Domin\u00e1 los datos clave de MT5 y Myfxbook: descubr\u00ed la verdad de tu cuenta de trading<\/span>\n\t\t\t\t\t\t\t\t\t\t\t<\/a>\n\t\t\t\t\t\t\t\t\t<\/li>\n\t\t\t\t\t\t<\/ul>\n\t\t\t\t\t\t<\/div>\n\t\t\t\t\t<\/div>\n\t\t\t\t<\/div>\n\t\t\t\t<\/div>","protected":false},"excerpt":{"rendered":"<p>An\u00e1lisis profundo de las sesiones de Asia, Europa y EE. UU. y la personalidad del EURUSD, GBPUSD y Oro (XAUUSD). \u00a1Aprend\u00e9 a evitar el \"tiempo muerto\", manej\u00e1 los riesgos de correlaci\u00f3n y dej\u00e1 de operar a ciegas!<\/p>","protected":false},"author":1,"featured_media":65986,"parent":0,"menu_order":0,"comment_status":"closed","ping_status":"closed","template":"","meta":{"footnotes":""},"tags":[128],"class_list":["post-65895","page","type-page","status-publish","has-post-thumbnail","hentry","tag-no-google"],"_links":{"self":[{"href":"https:\/\/mister.forex\/es_ar\/wp-json\/wp\/v2\/pages\/65895","targetHints":{"allow":["GET"]}}],"collection":[{"href":"https:\/\/mister.forex\/es_ar\/wp-json\/wp\/v2\/pages"}],"about":[{"href":"https:\/\/mister.forex\/es_ar\/wp-json\/wp\/v2\/types\/page"}],"author":[{"embeddable":true,"href":"https:\/\/mister.forex\/es_ar\/wp-json\/wp\/v2\/users\/1"}],"replies":[{"embeddable":true,"href":"https:\/\/mister.forex\/es_ar\/wp-json\/wp\/v2\/comments?post=65895"}],"version-history":[{"count":46,"href":"https:\/\/mister.forex\/es_ar\/wp-json\/wp\/v2\/pages\/65895\/revisions"}],"predecessor-version":[{"id":71223,"href":"https:\/\/mister.forex\/es_ar\/wp-json\/wp\/v2\/pages\/65895\/revisions\/71223"}],"wp:featuredmedia":[{"embeddable":true,"href":"https:\/\/mister.forex\/es_ar\/wp-json\/wp\/v2\/media\/65986"}],"wp:attachment":[{"href":"https:\/\/mister.forex\/es_ar\/wp-json\/wp\/v2\/media?parent=65895"}],"wp:term":[{"taxonomy":"post_tag","embeddable":true,"href":"https:\/\/mister.forex\/es_ar\/wp-json\/wp\/v2\/tags?post=65895"}],"curies":[{"name":"wp","href":"https:\/\/api.w.org\/{rel}","templated":true}]}}