{"id":66268,"date":"2026-02-07T21:05:51","date_gmt":"2026-02-07T13:05:51","guid":{"rendered":"https:\/\/mister.forex\/?page_id=66268"},"modified":"2026-04-21T14:49:01","modified_gmt":"2026-04-21T06:49:01","slug":"hedge-fund-portfolio-logic","status":"publish","type":"page","link":"https:\/\/mister.forex\/es_mx\/hedge-fund-portfolio-logic\/","title":{"rendered":"\u00a1Basta de ir All-In! Secretos de los fondos de cobertura: Estrategias cuantitativas y asignaci\u00f3n"},"content":{"rendered":"<div data-elementor-type=\"wp-page\" data-elementor-id=\"66268\" class=\"elementor elementor-66268\" data-elementor-post-type=\"page\">\n\t\t\t\t<div class=\"elementor-element elementor-element-e573153 e-flex e-con-boxed e-con e-parent\" data-id=\"e573153\" data-element_type=\"container\">\n\t\t\t\t\t<div class=\"e-con-inner\">\n\t\t\t\t<div class=\"elementor-element elementor-element-4658f0d elementor-widget elementor-widget-heading\" data-id=\"4658f0d\" data-element_type=\"widget\" data-widget_type=\"heading.default\">\n\t\t\t\t\t<h1 class=\"elementor-heading-title elementor-size-default\">\u00bfPor qu\u00e9 los fondos de cobertura nunca van \"All-In\"? La l\u00f3gica de las ganancias constantes<\/h1>\t\t\t\t<\/div>\n\t\t\t\t<div class=\"elementor-element elementor-element-52dd9d1 elementor-widget elementor-widget-html translation-block\" data-id=\"52dd9d1\" data-element_type=\"widget\" data-widget_type=\"html.default\"><span>\nEn el mundo de las inversiones, buscar la \"se\u00f1al \u00fanica m\u00e1s fuerte\" suele ser el comienzo de las p\u00e9rdidas. Debido a que el mercado cambia constantemente, ning\u00fan algoritmo puede ser invencible para siempre.<br><br>\nLas instituciones profesionales sobreviven a largo plazo gracias a la <strong>\"complementariedad de estrategias\"<\/strong>. Esta es la l\u00f3gica central de la asignaci\u00f3n de activos:\n<\/span><br><br>\n\n<span>\n<h2><strong>1. El mercado cambia, tu estrategia necesita un \"Plan B\"<\/strong><\/h2>\nLas condiciones del mercado suelen dividirse en dos: <strong>Tendencia<\/strong> (grandes alzas o bajas) y <strong>Consolidaci\u00f3n<\/strong> (movimiento lateral).<br><br>\n<ul>\n    <li>Si solo inviertes en <strong>estrategias de tendencia<\/strong>, tu cuenta enfrentar\u00e1 stop-loss repetidos cuando el mercado est\u00e9 lateral.<\/li><br>\n    <li>Si solo inviertes en <strong>estrategias de contratendencia<\/strong>, tu cuenta correr\u00e1 el riesgo de grandes p\u00e9rdidas flotantes ante una tendencia fuerte.<\/li>\n<\/ul>\n<br>\n<strong>El enfoque profesional:<\/strong> Deja que estrategias con perfiles diferentes se cuiden entre s\u00ed. Cuando una estrategia pierde en la consolidaci\u00f3n, la otra gana con la tendencia. Esta asignaci\u00f3n de \"correlaci\u00f3n negativa\" es el \u00fanico camino para un crecimiento estable.\n<\/span><br><br>\n\n<span>\n<h2><strong>2. Dos tecnolog\u00edas clave: Arquitectura cuantitativa complementaria<\/strong><\/h2>\nDesarrollamos dos estrategias de trading para distintos entornos de mercado, como puerta de entrada para los inversionistas:\n<\/span><\/div>\n\t\t\t\t<div class=\"elementor-element elementor-element-96d5a99 elementor-widget elementor-widget-html\" data-id=\"96d5a99\" data-element_type=\"widget\" data-widget_type=\"html.default\">\n\t\t\t\t\t<span>\n<ul>\n    <li class=\" translation-block\"><strong>Alpha Gold:<\/strong> Especializado en capturar las desviaciones de precios del mercado. Cuanto m\u00e1s intensa es la desviaci\u00f3n, mayor es el potencial de ganancia. Ideal para inversionistas que buscan un crecimiento explosivo.<\/li><br>\n    \n    <li class=\" translation-block\"><strong>Quant Matrix:<\/strong> Se enfoca en patrones estad\u00edsticos y micro-oscilaciones en m\u00faltiples pares de divisas. Busca la m\u00e1xima estabilidad, acumulando ganancias como intereses bancarios.<\/li>\n<\/ul>\n<\/span>\t\t\t\t<\/div>\n\t\t\t\t<div class=\"elementor-element elementor-element-eaa015f elementor-widget elementor-widget-html translation-block\" data-id=\"eaa015f\" data-element_type=\"widget\" data-widget_type=\"html.default\"><span>\n<h2><strong>3. Camino de crecimiento: de la verificaci\u00f3n inicial al portafolio profesional<\/strong><\/h2>\nSabemos que la confianza toma tiempo, por eso ofrecemos una escalera completa desde el nivel inicial hasta el institucional:<br><br>\n<ul>\n    <li><strong>Verificaci\u00f3n inicial:<\/strong> Puedes empezar con una estrategia b\u00e1sica y comparar los datos de <strong>Myfxbook<\/strong> con el rendimiento real de la cuenta.<\/li><br>\n    \n    <li><strong>Aumento gradual:<\/strong> Una vez confirmada la estabilidad, recomendamos combinar estrategias de tendencia y oscilaci\u00f3n para aislar el riesgo.<\/li><br>\n    \n    <li><strong>Portafolio de inversi\u00f3n:<\/strong> Con m\u00e1s capital, el sistema activa l\u00f3gicas de cobertura complejas, logrando estabilidad de fondo de cobertura.<\/li>\n<\/ul>\n<\/span><br>\n\n<span>\n<h2><strong>Conclusi\u00f3n: La mejor inversi\u00f3n empieza con los hechos<\/strong><\/h2>\nEl trading cuantitativo es ciencia, no magia. Elige la estrategia que mejor te funcione y comprueba la eficiencia de la automatizaci\u00f3n.\n<\/span><br><br>\n\n<span>\n<h2><strong>Elige tu primer punto de partida cuantitativo<\/strong><\/h2>\nEl trading cuantitativo es ciencia. Empieza con una estrategia y vive la verdadera gesti\u00f3n automatizada de tu patrimonio:\n<\/span><\/div>\n\t\t\t\t<div class=\"elementor-element elementor-element-1c09d1f elementor-icon-list--layout-inline elementor-list-item-link-inline elementor-widget elementor-widget-icon-list\" data-id=\"1c09d1f\" data-element_type=\"widget\" data-widget_type=\"icon-list.default\">\n\t\t\t\t\t\t\t<ul class=\"elementor-icon-list-items elementor-inline-items\">\n\t\t\t\t\t\t\t<li class=\"elementor-icon-list-item elementor-inline-item\">\n\t\t\t\t\t\t\t\t\t\t\t<a href=\"https:\/\/mister.forex\/es_mx\/alpha-gold\/\">\n\n\t\t\t\t\t\t\t\t\t\t\t\t<span class=\"elementor-icon-list-icon\">\n\t\t\t\t\t\t\t<svg aria-hidden=\"true\" class=\"e-font-icon-svg e-far-check-circle\" viewbox=\"0 0 512 512\" xmlns=\"http:\/\/www.w3.org\/2000\/svg\"><path d=\"M256 8C119.033 8 8 119.033 8 256s111.033 248 248 248 248-111.033 248-248S392.967 8 256 8zm0 48c110.532 0 200 89.451 200 200 0 110.532-89.451 200-200 200-110.532 0-200-89.451-200-200 0-110.532 89.451-200 200-200m140.204 130.267l-22.536-22.718c-4.667-4.705-12.265-4.736-16.97-.068L215.346 303.697l-59.792-60.277c-4.667-4.705-12.265-4.736-16.97-.069l-22.719 22.536c-4.705 4.667-4.736 12.265-.068 16.971l90.781 91.516c4.667 4.705 12.265 4.736 16.97.068l172.589-171.204c4.704-4.668 4.734-12.266.067-16.971z\"><\/path><\/svg>\t\t\t\t\t\t<\/span>\n\t\t\t\t\t\t\t\t\t\t<span class=\"elementor-icon-list-text\">Ver rendimiento real de Alpha Gold<\/span>\n\t\t\t\t\t\t\t\t\t\t\t<\/a>\n\t\t\t\t\t\t\t\t\t<\/li>\n\t\t\t\t\t\t<\/ul>\n\t\t\t\t\t\t<\/div>\n\t\t\t\t<div class=\"elementor-element elementor-element-29c4922 elementor-widget elementor-widget-heading\" data-id=\"29c4922\" data-element_type=\"widget\" data-widget_type=\"heading.default\">\n\t\t\t\t\t<span class=\"elementor-heading-title elementor-size-default\">(Ideal para inversionistas que buscan crecimiento explosivo y prefieren operar con oro)<\/span>\t\t\t\t<\/div>\n\t\t\t\t<div class=\"elementor-element elementor-element-0b7b33a elementor-icon-list--layout-inline elementor-list-item-link-inline elementor-widget elementor-widget-icon-list\" data-id=\"0b7b33a\" data-element_type=\"widget\" data-widget_type=\"icon-list.default\">\n\t\t\t\t\t\t\t<ul class=\"elementor-icon-list-items elementor-inline-items\">\n\t\t\t\t\t\t\t<li class=\"elementor-icon-list-item elementor-inline-item\">\n\t\t\t\t\t\t\t\t\t\t\t<a href=\"https:\/\/mister.forex\/es_mx\/quant-matrix\/\">\n\n\t\t\t\t\t\t\t\t\t\t\t\t<span class=\"elementor-icon-list-icon\">\n\t\t\t\t\t\t\t<svg aria-hidden=\"true\" class=\"e-font-icon-svg e-far-check-circle\" viewbox=\"0 0 512 512\" xmlns=\"http:\/\/www.w3.org\/2000\/svg\"><path d=\"M256 8C119.033 8 8 119.033 8 256s111.033 248 248 248 248-111.033 248-248S392.967 8 256 8zm0 48c110.532 0 200 89.451 200 200 0 110.532-89.451 200-200 200-110.532 0-200-89.451-200-200 0-110.532 89.451-200 200-200m140.204 130.267l-22.536-22.718c-4.667-4.705-12.265-4.736-16.97-.068L215.346 303.697l-59.792-60.277c-4.667-4.705-12.265-4.736-16.97-.069l-22.719 22.536c-4.705 4.667-4.736 12.265-.068 16.971l90.781 91.516c4.667 4.705 12.265 4.736 16.97.068l172.589-171.204c4.704-4.668 4.734-12.266.067-16.971z\"><\/path><\/svg>\t\t\t\t\t\t<\/span>\n\t\t\t\t\t\t\t\t\t\t<span class=\"elementor-icon-list-text\">Ver rendimiento real de Quant Matrix<\/span>\n\t\t\t\t\t\t\t\t\t\t\t<\/a>\n\t\t\t\t\t\t\t\t\t<\/li>\n\t\t\t\t\t\t<\/ul>\n\t\t\t\t\t\t<\/div>\n\t\t\t\t<div class=\"elementor-element elementor-element-6b74cb5 elementor-widget elementor-widget-heading\" data-id=\"6b74cb5\" data-element_type=\"widget\" data-widget_type=\"heading.default\">\n\t\t\t\t\t<span class=\"elementor-heading-title elementor-size-default\">(Ideal para inversionistas que buscan estabilidad y un crecimiento constante de su cuenta)<\/span>\t\t\t\t<\/div>\n\t\t\t\t<div class=\"elementor-element elementor-element-6319289 elementor-icon-list--layout-inline elementor-list-item-link-inline elementor-widget elementor-widget-icon-list\" data-id=\"6319289\" data-element_type=\"widget\" data-widget_type=\"icon-list.default\">\n\t\t\t\t\t\t\t<ul class=\"elementor-icon-list-items elementor-inline-items\">\n\t\t\t\t\t\t\t<li class=\"elementor-icon-list-item elementor-inline-item\">\n\t\t\t\t\t\t\t\t\t\t\t<a href=\"https:\/\/mister.forex\/es_mx\/calmar-ratio-investment-efficiency\/\">\n\n\t\t\t\t\t\t\t\t\t\t\t\t<span class=\"elementor-icon-list-icon\">\n\t\t\t\t\t\t\t<svg aria-hidden=\"true\" class=\"e-font-icon-svg e-far-check-circle\" viewbox=\"0 0 512 512\" xmlns=\"http:\/\/www.w3.org\/2000\/svg\"><path d=\"M256 8C119.033 8 8 119.033 8 256s111.033 248 248 248 248-111.033 248-248S392.967 8 256 8zm0 48c110.532 0 200 89.451 200 200 0 110.532-89.451 200-200 200-110.532 0-200-89.451-200-200 0-110.532 89.451-200 200-200m140.204 130.267l-22.536-22.718c-4.667-4.705-12.265-4.736-16.97-.068L215.346 303.697l-59.792-60.277c-4.667-4.705-12.265-4.736-16.97-.069l-22.719 22.536c-4.705 4.667-4.736 12.265-.068 16.971l90.781 91.516c4.667 4.705 12.265 4.736 16.97.068l172.589-171.204c4.704-4.668 4.734-12.266.067-16.971z\"><\/path><\/svg>\t\t\t\t\t\t<\/span>\n\t\t\t\t\t\t\t\t\t\t<span class=\"elementor-icon-list-text\">Adi\u00f3s a los rendimientos inflados: Analiz\u00e1 el Calmar Ratio para una curva de activos estable<\/span>\n\t\t\t\t\t\t\t\t\t\t\t<\/a>\n\t\t\t\t\t\t\t\t\t<\/li>\n\t\t\t\t\t\t<\/ul>\n\t\t\t\t\t\t<\/div>\n\t\t\t\t\t<\/div>\n\t\t\t\t<\/div>\n\t\t\t\t<\/div>","protected":false},"excerpt":{"rendered":"<p>\u00bfPor qu\u00e9 los mejores fondos de cobertura nunca apuestan todo a una sola se\u00f1al? Descubre la t\u00e9cnica institucional de asignaci\u00f3n de activos con \"correlaci\u00f3n negativa\". Aprende a usar un portafolio para resistir la volatilidad del mercado y lograr el beneficio matem\u00e1tico de ganancias sumadas y riesgos compensados. \u00a1Deja de buscar el \"Santo Grial\" y convi\u00e9rtete en un inversor profesional!<\/p>","protected":false},"author":1,"featured_media":66336,"parent":0,"menu_order":0,"comment_status":"closed","ping_status":"closed","template":"","meta":{"footnotes":""},"tags":[128],"class_list":["post-66268","page","type-page","status-publish","has-post-thumbnail","hentry","tag-no-google"],"_links":{"self":[{"href":"https:\/\/mister.forex\/es_mx\/wp-json\/wp\/v2\/pages\/66268","targetHints":{"allow":["GET"]}}],"collection":[{"href":"https:\/\/mister.forex\/es_mx\/wp-json\/wp\/v2\/pages"}],"about":[{"href":"https:\/\/mister.forex\/es_mx\/wp-json\/wp\/v2\/types\/page"}],"author":[{"embeddable":true,"href":"https:\/\/mister.forex\/es_mx\/wp-json\/wp\/v2\/users\/1"}],"replies":[{"embeddable":true,"href":"https:\/\/mister.forex\/es_mx\/wp-json\/wp\/v2\/comments?post=66268"}],"version-history":[{"count":12,"href":"https:\/\/mister.forex\/es_mx\/wp-json\/wp\/v2\/pages\/66268\/revisions"}],"predecessor-version":[{"id":70533,"href":"https:\/\/mister.forex\/es_mx\/wp-json\/wp\/v2\/pages\/66268\/revisions\/70533"}],"wp:featuredmedia":[{"embeddable":true,"href":"https:\/\/mister.forex\/es_mx\/wp-json\/wp\/v2\/media\/66336"}],"wp:attachment":[{"href":"https:\/\/mister.forex\/es_mx\/wp-json\/wp\/v2\/media?parent=66268"}],"wp:term":[{"taxonomy":"post_tag","embeddable":true,"href":"https:\/\/mister.forex\/es_mx\/wp-json\/wp\/v2\/tags?post=66268"}],"curies":[{"name":"wp","href":"https:\/\/api.w.org\/{rel}","templated":true}]}}