{"id":11752,"date":"2024-04-01T16:47:13","date_gmt":"2024-04-01T08:47:13","guid":{"rendered":"http:\/\/192.168.0.254\/?page_id=11752"},"modified":"2026-04-18T02:49:22","modified_gmt":"2026-04-17T18:49:22","slug":"privacy","status":"publish","type":"page","link":"https:\/\/mister.forex\/fr\/privacy\/","title":{"rendered":"Politique de confidentialit\u00e9 : protection de vos donn\u00e9es | Mr.Forex"},"content":{"rendered":"<div data-elementor-type=\"wp-page\" data-elementor-id=\"11752\" class=\"elementor elementor-11752\" data-elementor-post-type=\"page\">\n\t\t\t\t<div class=\"elementor-element elementor-element-581c030 e-flex e-con-boxed e-con e-parent\" data-id=\"581c030\" data-element_type=\"container\" data-settings=\"{&quot;background_background&quot;:&quot;classic&quot;}\">\n\t\t\t\t\t<div class=\"e-con-inner\">\n\t\t<div class=\"elementor-element elementor-element-2ee0f91 e-flex e-con-boxed e-con e-child\" data-id=\"2ee0f91\" data-element_type=\"container\">\n\t\t\t\t\t<div class=\"e-con-inner\">\n\t\t\t\t<div class=\"elementor-element elementor-element-569d822 elementor-widget elementor-widget-heading\" data-id=\"569d822\" data-element_type=\"widget\" data-widget_type=\"heading.default\">\n\t\t\t\t\t<h1 class=\"elementor-heading-title elementor-size-default\">Politique de confidentialit\u00e9<\/h1>\t\t\t\t<\/div>\n\t\t\t\t\t<\/div>\n\t\t\t\t<\/div>\n\t\t\t\t<div class=\"elementor-element elementor-element-581eb10 elementor-widget__width-inherit elementor-absolute elementor-widget elementor-widget-image\" data-id=\"581eb10\" data-element_type=\"widget\" data-settings=\"{&quot;_position&quot;:&quot;absolute&quot;}\" data-widget_type=\"image.default\">\n\t\t\t\t\t\t\t\t\t\t\t\t\t\t\t<img fetchpriority=\"high\" decoding=\"async\" width=\"500\" height=\"281\" src=\"https:\/\/mister.forex\/wp-content\/uploads\/2025\/12\/Privacy-500x281.webp\" class=\"attachment-medium size-medium wp-image-62783\" alt=\"\" srcset=\"https:\/\/mister.forex\/wp-content\/uploads\/2025\/12\/Privacy-500x281.webp 500w, https:\/\/mister.forex\/wp-content\/uploads\/2025\/12\/Privacy-300x169.webp 300w, https:\/\/mister.forex\/wp-content\/uploads\/2025\/12\/Privacy-768x432.webp 768w, https:\/\/mister.forex\/wp-content\/uploads\/2025\/12\/Privacy-18x10.webp 18w, https:\/\/mister.forex\/wp-content\/uploads\/2025\/12\/Privacy.webp 1200w\" sizes=\"(max-width: 500px) 100vw, 500px\" \/>\t\t\t\t\t\t\t\t\t\t\t\t\t\t\t<\/div>\n\t\t\t\t\t<\/div>\n\t\t\t\t<\/div>\n\t\t<div class=\"elementor-element elementor-element-3192ffe e-flex e-con-boxed e-con e-parent\" data-id=\"3192ffe\" data-element_type=\"container\">\n\t\t\t\t\t<div class=\"e-con-inner\">\n\t\t\t\t<div class=\"elementor-element elementor-element-3bd89c5 elementor-widget elementor-widget-spacer\" data-id=\"3bd89c5\" data-element_type=\"widget\" data-widget_type=\"spacer.default\">\n\t\t\t\t\t\t\t<div class=\"elementor-spacer\">\n\t\t\t<div class=\"elementor-spacer-inner\"><\/div>\n\t\t<\/div>\n\t\t\t\t\t\t<\/div>\n\t\t\t\t<div class=\"elementor-element elementor-element-41da8c8 elementor-widget elementor-widget-html translation-block\" data-id=\"41da8c8\" data-element_type=\"widget\" data-widget_type=\"html.default\"><span>\nCette politique de confidentialit\u00e9 d\u00e9finit la mani\u00e8re dont Mr.Forex utilise et prot\u00e8ge les informations que vous fournissez lors de l'utilisation de ce site web. En continuant \u00e0 naviguer ou \u00e0 utiliser ce site, vous acceptez de respecter et d'\u00eatre li\u00e9 par la politique de confidentialit\u00e9 suivante qui, avec nos conditions d'utilisation, r\u00e9git la relation entre Mr.Forex et vous.<br>\n<br>\nLe pr\u00e9sent avis de confidentialit\u00e9 s'applique \u00e0 tout site web, application, service ou outil de Mr.Forex (collectivement les \"Services\") faisant r\u00e9f\u00e9rence \u00e0 cet avis, quel que soit le mode d'acc\u00e8s ou d'utilisation, y compris via des appareils mobiles.<br>\n<br>\nVeuillez examiner attentivement l'int\u00e9gralit\u00e9 de la politique de confidentialit\u00e9 avant de donner votre accord. En consultant ou en utilisant une partie de ce site, vous acceptez de vous conformer \u00e0 l'int\u00e9gralit\u00e9 de sa politique de confidentialit\u00e9.<br>\n<br>\nLes termes \"Mr.Forex\", \"ce site web\", \"le site\", \"nous\" ou \"notre\" font r\u00e9f\u00e9rence au propri\u00e9taire du site web. Le terme \"vous\" d\u00e9signe l'utilisateur ou le visiteur de notre site.<br>\n<br>\nMr.Forex s'engage \u00e0 garantir la protection de votre vie priv\u00e9e conform\u00e9ment \u00e0 cette politique. Si nous vous demandons de fournir certaines informations permettant de vous identifier lors de l'utilisation de ce site, elles ne seront utilis\u00e9es que conform\u00e9ment \u00e0 la pr\u00e9sente politique de confidentialit\u00e9.<br>\n<br>\nMr.Forex peut modifier cette politique de temps \u00e0 autre en mettant \u00e0 jour cette page. En fournissant des informations \u00e0 Mr.Forex, vous acceptez ces changements. Vous devriez consulter cette page r\u00e9guli\u00e8rement pour prendre connaissance des \u00e9ventuelles modifications.<br>\n<br>\n<h2><strong>1. Qu'est-ce qu'une information personnelle ?<\/strong><\/h2>\nLes informations personnelles d\u00e9signent toute information relative \u00e0 une personne physique identifi\u00e9e ou identifiable. Une personne physique identifiable est une personne qui peut \u00eatre identifi\u00e9e, directement ou indirectement, par r\u00e9f\u00e9rence \u00e0 un identifiant tel qu'un nom, un num\u00e9ro d'identification, des donn\u00e9es de localisation, un identifiant en ligne, ou \u00e0 un ou plusieurs facteurs sp\u00e9cifiques \u00e0 son identit\u00e9 physique, physiologique, g\u00e9n\u00e9tique, psychique, \u00e9conomique, culturelle ou sociale.<br>\n<br>\nNous ne consid\u00e9rons pas comme informations personnelles les donn\u00e9es anonymis\u00e9es ou agr\u00e9g\u00e9es de telle sorte qu'elles ne permettent plus d'identifier une personne sp\u00e9cifique, que ce soit en combinaison avec d'autres informations ou autrement.<br>\nNous recueillons vos informations personnelles lorsque vous utilisez nos Services.<br>\n<br>\n<h2><strong>2. Ce que nous recueillons<\/strong><\/h2>\nLa fourniture d'informations personnelles est volontaire, mais peut \u00eatre n\u00e9cessaire pour utiliser nos Services (comme la cr\u00e9ation d'un compte).<br>\nNous pouvons recueillir les informations personnelles suivantes :<br>\n<ul>\n    <li>D\u00e9tails d'identification, tels que le nom, l'\u00e2ge, etc.<\/li>\n    <li>Coordonn\u00e9es, y compris l'adresse e-mail, le num\u00e9ro de t\u00e9l\u00e9phone, etc.<\/li>\n    <li>Informations d\u00e9mographiques telles que le code postal, les pr\u00e9f\u00e9rences, les int\u00e9r\u00eats, etc.<\/li>\n    <li>Informations que nous sommes tenus ou autoris\u00e9s \u00e0 recueillir par les lois nationales applicables pour vous v\u00e9rifier ou vous identifier.<\/li>\n    <li>Toute information fournie par vous lors de l'utilisation de nos Services (discussions communautaires, formulaires de contact, connexion de comptes de trading, etc.).<\/li>\n<\/ul>\n<br>\n<h2><strong>3. Informations recueillies automatiquement lors de l'utilisation de nos Services<\/strong><\/h2>\nNous recueillons des informations sur votre interaction avec nos Services et vos communications avec nous. Il s'agit d'informations re\u00e7ues des appareils (y compris mobiles) que vous utilisez pour acc\u00e9der \u00e0 nos Services, telles que l'ID de l'appareil, le type d'appareil ou le jeton unique de l'appareil.<br>\n<br>\nInformations de localisation. Notez que sur un appareil mobile, vous pouvez contr\u00f4ler ou d\u00e9sactiver les services de localisation pour n'importe quelle application dans les r\u00e9glages de votre appareil.<br>\n<br>\nInformations sur l'ordinateur et la connexion, telles que les statistiques de consultation de pages, le trafic entrant et sortant, l'URL de r\u00e9f\u00e9rence, les donn\u00e9es publicitaires, l'adresse IP, l'historique de navigation et les journaux web.<br>\n<br>\n<h2><strong>4. Informations recueillies via les Cookies et technologies similaires<\/strong><\/h2>\nNous utilisons des cookies, des balises web (pixels), des identifiants uniques et des technologies similaires pour recueillir des informations sur les pages que vous consultez, les liens sur lesquels vous cliquez et d'autres actions effectu\u00e9es lors de l'utilisation de nos Services ou de nos contenus publicitaires\/e-mails.<br>\n<br>\nNous utilisons Google Analytics (outil de Google Inc.) pour optimiser la conception de notre site. Google Analytics utilise des cookies pour cr\u00e9er des profils d'utilisation anonymes. Les informations stock\u00e9es (type de navigateur, syst\u00e8me d'exploitation, URL de r\u00e9f\u00e9rence, nom d'h\u00f4te, heure de la requ\u00eate) sont g\u00e9n\u00e9ralement transmises et stock\u00e9es sur les serveurs de Google.<br>\n<br>\n<h2><strong>5. Comment nous utilisons les Cookies<\/strong><\/h2>\nUn cookie est un petit fichier qui demande l'autorisation d'\u00eatre plac\u00e9 sur le disque dur de votre ordinateur. Une fois accept\u00e9, il aide \u00e0 analyser le trafic web ou vous signale quand vous visitez un site particulier. Les cookies permettent aux applications web de vous r\u00e9pondre en tant qu'individu et de personnaliser leurs op\u00e9rations selon vos pr\u00e9f\u00e9rences.<br>\n<br>\nNous utilisons des cookies de journal de trafic pour identifier les pages utilis\u00e9es. Cela nous aide \u00e0 analyser les donn\u00e9es sur le trafic afin d'am\u00e9liorer notre site selon les besoins des clients. Ces informations ne sont utilis\u00e9es qu'\u00e0 des fins d'analyse statistique, puis les donn\u00e9es sont supprim\u00e9es du syst\u00e8me.<br>\n<br>\nEn r\u00e9sum\u00e9, les cookies nous aident \u00e0 vous offrir un meilleur site web. Un cookie ne nous donne aucunement acc\u00e8s \u00e0 votre ordinateur ni \u00e0 d'autres informations vous concernant, \u00e0 l'exception des donn\u00e9es que vous choisissez de partager. Vous pouvez accepter ou refuser les cookies. La plupart des navigateurs les acceptent automatiquement, mais vous pouvez modifier vos r\u00e9glages pour les refuser, bien que cela puisse limiter certaines fonctionnalit\u00e9s du site.<br>\n<br>\n<h2><strong>6. Informations recueillies aupr\u00e8s d'autres sources<\/strong><\/h2>\nNous vous permettons de partager des informations avec des r\u00e9seaux sociaux ou d'utiliser ces derniers pour cr\u00e9er\/lier votre compte. Ces sites peuvent nous donner acc\u00e8s automatiquement \u00e0 certaines donn\u00e9es personnelles qu'ils d\u00e9tiennent (contenu consult\u00e9, \"likes\", publicit\u00e9s cliqu\u00e9es, etc.). Vous pouvez contr\u00f4ler ces acc\u00e8s via les param\u00e8tres de confidentialit\u00e9 du r\u00e9seau social concern\u00e9. En liant un compte tiers, vous acceptez que nous collections et utilisions ces informations conform\u00e9ment au pr\u00e9sent avis. Si vous nous fournissez des donn\u00e9es sur un tiers, vous devez avoir son autorisation.<br>\n<br>\n<h2><strong>7. Comment nous utilisons les informations recueillies<\/strong><\/h2>\nNous avons besoin de ces informations pour comprendre vos besoins et vous fournir un meilleur service, notamment pour :<br>\n<ul>\n    <li>La tenue de registres internes.<\/li>\n    <li>Le service client.<\/li>\n    <li>L'am\u00e9lioration de nos produits et services.<\/li>\n    <li>L'envoi p\u00e9riodique d'e-mails promotionnels sur les nouveaux produits ou offres sp\u00e9ciales.<\/li>\n    <li>L'envoi de notifications bas\u00e9es sur les param\u00e8tres de votre compte.<\/li>\n    <li>La personnalisation de votre exp\u00e9rience sur le site (publicit\u00e9 et marketing).<\/li>\n    <li>La d\u00e9tection et la pr\u00e9vention de la fraude ou d'activit\u00e9s ill\u00e9gales.<\/li>\n<\/ul>\n<br>\n<h2><strong>8. Acc\u00e8s, contr\u00f4le et correction de vos informations personnelles<\/strong><\/h2>\nNous respectons vos droits l\u00e9gaux d'acc\u00e8s, de rectification, de suppression ou de limitation de l'utilisation de vos donn\u00e9es. Nous veillons \u00e0 ce que les informations collect\u00e9es soient exactes et \u00e0 jour.<br>\n<br>\nVos droits incluent :<br>\n<ul>\n    <li>Droit d'acc\u00e8s<\/li>\n    <li>Droit de rectification<\/li>\n    <li>Droit \u00e0 l'effacement (droit \u00e0 l'oubli)<\/li>\n    <li>Droit \u00e0 la limitation du traitement<\/li>\n    <li>Droit \u00e0 la portabilit\u00e9 des donn\u00e9es<\/li>\n    <li>Droit d'opposition (notamment pour le marketing direct)<\/li>\n    <li>Droit de retirer votre consentement \u00e0 tout moment<\/li>\n    <li>Droit de d\u00e9poser une plainte aupr\u00e8s d'une autorit\u00e9 de contr\u00f4le.<\/li>\n<\/ul>\nVous pouvez exercer ces droits via le formulaire de contact du site.<br>\n<br>\n\n<h2><strong>9. Partage de vos informations personnelles<\/strong><\/h2>\nNous pouvons divulguer vos informations \u00e0 d'autres entit\u00e9s du groupe Mr.Forex ou \u00e0 des tiers pour fournir nos Services, respecter nos obligations l\u00e9gales, appliquer nos conditions ou pr\u00e9venir la fraude. Nous limitons cette divulgation au strict n\u00e9cessaire. Nous ne vendons ni ne louons vos donn\u00e9es \u00e0 des tiers pour leur marketing sans votre consentement.<br>\n<br>\nEn cas de fusion ou d'acquisition de Mr.Forex, nous nous r\u00e9servons le droit de transf\u00e9rer vos informations au nouvel acqu\u00e9reur. En cas de faillite, nous pourrions ne pas avoir le plein contr\u00f4le sur le transfert des donn\u00e9es.<br>\n<br>\n<h2><strong>10. Dur\u00e9e de conservation des donn\u00e9es<\/strong><\/h2>\nNous ne conservons vos donn\u00e9es que le temps n\u00e9cessaire aux finalit\u00e9s d\u00e9crites. Toutefois, pour des obligations l\u00e9gales (fiscalit\u00e9, comptabilit\u00e9, audit ou lutte contre le blanchiment d'argent AML), nous pouvons conserver certains enregistrements pendant 5 \u00e0 7 ans, m\u00eame apr\u00e8s la cl\u00f4ture de votre compte. Pass\u00e9 ce d\u00e9lai, les donn\u00e9es sont supprim\u00e9es ou anonymis\u00e9es de mani\u00e8re s\u00e9curis\u00e9e.<br>\n<br>\n<h2><strong>11. Protection de vos informations<\/strong><\/h2>\nNous utilisons des logiciels de serveur s\u00e9curis\u00e9s (SSL) et des pare-feu pour prot\u00e9ger vos donn\u00e9es contre tout acc\u00e8s non autoris\u00e9. L'acc\u00e8s est limit\u00e9 aux employ\u00e9s et prestataires ayant un besoin r\u00e9el d'en conna\u00eetre.<br>\n<br>\nBien que nous suivions les normes de l'industrie, aucune m\u00e9thode de transmission sur Internet n'est 100% s\u00fbre. Nous nous effor\u00e7ons de prot\u00e9ger vos donn\u00e9es mais ne pouvons garantir une s\u00e9curit\u00e9 absolue.<br>\n<br>\n<h2><strong>12. Liens vers d'autres sites<\/strong><\/h2>\nNotre site peut contenir des liens vers d'autres sites. Une fois que vous quittez notre site, nous n'avons aucun contr\u00f4le sur ces sites tiers et ne sommes pas responsables de la protection de vos donn\u00e9es sur ceux-ci. Soyez prudent et consultez leurs propres politiques de confidentialit\u00e9.<br>\n<br>\n<h2><strong>13. Divers<\/strong><\/h2>\nSi une disposition de cette politique est jug\u00e9e inapplicable, cela n'affectera pas la validit\u00e9 des autres clauses. La clause inapplicable sera remplac\u00e9e par une disposition valide se rapprochant le plus de l'intention initiale.<br>\n<br>\n<h2><strong>14. D\u00e9claration relative aux versions linguistiques<\/strong><\/h2>\nCes conditions peuvent \u00eatre traduites en plusieurs langues. En cas de divergence ou d'erreur de traduction, la version anglaise pr\u00e9vaut et constitue la seule version officielle ayant force juridique.<br>\n<br>\n<h2><strong>15. Transfert transfrontalier de donn\u00e9es<\/strong><\/h2>\nMr.Forex (Shine Wealth Co., Ltd.) op\u00e9rant \u00e0 l'\u00e9chelle mondiale, vos donn\u00e9es peuvent \u00eatre transf\u00e9r\u00e9es et trait\u00e9es sur des serveurs situ\u00e9s hors de votre pays (notamment \u00e0 Ta\u00efwan et aux \u00c9tats-Unis). Vous acceptez que les lois sur la protection des donn\u00e9es dans ces juridictions puissent diff\u00e9rer des v\u00f4tres. En utilisant nos services, vous consentez express\u00e9ment \u00e0 ces transferts. Nous appliquons des mesures de s\u00e9curit\u00e9 conformes aux normes de l'industrie pour prot\u00e9ger vos donn\u00e9es.<br>\n<\/span><\/div>\n\t\t\t\t<div class=\"elementor-element elementor-element-86eb646 elementor-widget elementor-widget-spacer\" data-id=\"86eb646\" data-element_type=\"widget\" data-widget_type=\"spacer.default\">\n\t\t\t\t\t\t\t<div class=\"elementor-spacer\">\n\t\t\t<div class=\"elementor-spacer-inner\"><\/div>\n\t\t<\/div>\n\t\t\t\t\t\t<\/div>\n\t\t\t\t\t<\/div>\n\t\t\t\t<\/div>\n\t\t\t\t<\/div>","protected":false},"excerpt":{"rendered":"<p>Cette politique d\u00e9taille la protection de vos donn\u00e9es. Nous respectons la loi pour garantir votre vie priv\u00e9e.<\/p>","protected":false},"author":1,"featured_media":62783,"parent":0,"menu_order":0,"comment_status":"closed","ping_status":"closed","template":"","meta":{"footnotes":""},"tags":[],"class_list":["post-11752","page","type-page","status-publish","has-post-thumbnail","hentry"],"_links":{"self":[{"href":"https:\/\/mister.forex\/fr\/wp-json\/wp\/v2\/pages\/11752","targetHints":{"allow":["GET"]}}],"collection":[{"href":"https:\/\/mister.forex\/fr\/wp-json\/wp\/v2\/pages"}],"about":[{"href":"https:\/\/mister.forex\/fr\/wp-json\/wp\/v2\/types\/page"}],"author":[{"embeddable":true,"href":"https:\/\/mister.forex\/fr\/wp-json\/wp\/v2\/users\/1"}],"replies":[{"embeddable":true,"href":"https:\/\/mister.forex\/fr\/wp-json\/wp\/v2\/comments?post=11752"}],"version-history":[{"count":28,"href":"https:\/\/mister.forex\/fr\/wp-json\/wp\/v2\/pages\/11752\/revisions"}],"predecessor-version":[{"id":70506,"href":"https:\/\/mister.forex\/fr\/wp-json\/wp\/v2\/pages\/11752\/revisions\/70506"}],"wp:featuredmedia":[{"embeddable":true,"href":"https:\/\/mister.forex\/fr\/wp-json\/wp\/v2\/media\/62783"}],"wp:attachment":[{"href":"https:\/\/mister.forex\/fr\/wp-json\/wp\/v2\/media?parent=11752"}],"wp:term":[{"taxonomy":"post_tag","embeddable":true,"href":"https:\/\/mister.forex\/fr\/wp-json\/wp\/v2\/tags?post=11752"}],"curies":[{"name":"wp","href":"https:\/\/api.w.org\/{rel}","templated":true}]}}