{"id":57343,"date":"2025-08-10T20:01:39","date_gmt":"2025-08-10T12:01:39","guid":{"rendered":"http:\/\/test.swqi.tw\/?page_id=57343"},"modified":"2025-12-03T03:34:46","modified_gmt":"2025-12-02T19:34:46","slug":"forex-market-structure-101","status":"publish","type":"page","link":"https:\/\/mister.forex\/fr\/forex-market-structure-101\/","title":{"rendered":"Structure du March\u00e9 du Forex&nbsp;:&nbsp;T\u00e9l\u00e9chargement gratuit de livre \u00e9lectronique | Mr.Forex"},"content":{"rendered":"<div data-elementor-type=\"wp-page\" data-elementor-id=\"57343\" class=\"elementor elementor-57343\" data-elementor-post-type=\"page\">\n\t\t\t\t<div class=\"elementor-element elementor-element-67805e7 e-flex e-con-boxed e-con e-parent\" data-id=\"67805e7\" data-element_type=\"container\">\n\t\t\t\t\t<div class=\"e-con-inner\">\n\t\t\t\t<div class=\"elementor-element elementor-element-1150040 elementor-icon-list--layout-inline elementor-list-item-link-inline elementor-widget elementor-widget-icon-list\" data-id=\"1150040\" data-element_type=\"widget\" data-widget_type=\"icon-list.default\">\n\t\t\t\t\t\t\t<ul class=\"elementor-icon-list-items elementor-inline-items\">\n\t\t\t\t\t\t\t<li class=\"elementor-icon-list-item elementor-inline-item\">\n\t\t\t\t\t\t\t\t\t\t\t<a href=\"https:\/\/mister.forex\/fr\/ebook-hub\/\">\n\n\t\t\t\t\t\t\t\t\t\t\t\t<span class=\"elementor-icon-list-icon\">\n\t\t\t\t\t\t\t<svg aria-hidden=\"true\" class=\"e-font-icon-svg e-fas-reply\" viewbox=\"0 0 512 512\" xmlns=\"http:\/\/www.w3.org\/2000\/svg\"><path d=\"M8.309 189.836L184.313 37.851C199.719 24.546 224 35.347 224 56.015v80.053c160.629 1.839 288 34.032 288 186.258 0 61.441-39.581 122.309-83.333 154.132-13.653 9.931-33.111-2.533-28.077-18.631 45.344-145.012-21.507-183.51-176.59-185.742V360c0 20.7-24.3 31.453-39.687 18.164l-176.004-152c-11.071-9.562-11.086-26.753 0-36.328z\"><\/path><\/svg>\t\t\t\t\t\t<\/span>\n\t\t\t\t\t\t\t\t\t\t<span class=\"elementor-icon-list-text\">Pr\u00e9c\u00e9dent<\/span>\n\t\t\t\t\t\t\t\t\t\t\t<\/a>\n\t\t\t\t\t\t\t\t\t<\/li>\n\t\t\t\t\t\t<\/ul>\n\t\t\t\t\t\t<\/div>\n\t\t\t\t\t<\/div>\n\t\t\t\t<\/div>\n\t\t<div class=\"elementor-element elementor-element-73c6844 e-flex e-con-boxed e-con e-parent\" data-id=\"73c6844\" data-element_type=\"container\" data-settings=\"{&quot;background_background&quot;:&quot;classic&quot;}\">\n\t\t\t\t\t<div class=\"e-con-inner\">\n\t\t<div class=\"elementor-element elementor-element-78b05d9 e-con-full e-flex e-con e-child\" data-id=\"78b05d9\" data-element_type=\"container\" data-settings=\"{&quot;background_background&quot;:&quot;classic&quot;}\">\n\t\t\t\t<div class=\"elementor-element elementor-element-de85dcd elementor-widget elementor-widget-image\" data-id=\"de85dcd\" data-element_type=\"widget\" data-settings=\"{&quot;_animation&quot;:&quot;none&quot;}\" data-widget_type=\"image.default\">\n\t\t\t\t\t\t\t\t\t\t\t\t\t\t\t<img fetchpriority=\"high\" decoding=\"async\" width=\"188\" height=\"300\" src=\"https:\/\/mister.forex\/wp-content\/uploads\/2025\/08\/Book-1-Mockup-EN.webp\" class=\"attachment-thumbnail size-thumbnail wp-image-57291\" alt=\"Structure du March\u00e9 du Forex\" srcset=\"https:\/\/mister.forex\/wp-content\/uploads\/2025\/08\/Book-1-Mockup-EN.webp 1410w, https:\/\/mister.forex\/wp-content\/uploads\/2025\/08\/Book-1-Mockup-EN-313x500.webp 313w, https:\/\/mister.forex\/wp-content\/uploads\/2025\/08\/Book-1-Mockup-EN-752x1200.webp 752w, https:\/\/mister.forex\/wp-content\/uploads\/2025\/08\/Book-1-Mockup-EN-188x300.webp 188w, https:\/\/mister.forex\/wp-content\/uploads\/2025\/08\/Book-1-Mockup-EN-768x1226.webp 768w, https:\/\/mister.forex\/wp-content\/uploads\/2025\/08\/Book-1-Mockup-EN-963x1536.webp 963w, https:\/\/mister.forex\/wp-content\/uploads\/2025\/08\/Book-1-Mockup-EN-1283x2048.webp 1283w, https:\/\/mister.forex\/wp-content\/uploads\/2025\/08\/Book-1-Mockup-EN-8x12.webp 8w, https:\/\/mister.forex\/wp-content\/uploads\/2025\/08\/Book-1-Mockup-EN-600x957.webp 600w\" sizes=\"(max-width: 188px) 100vw, 188px\" \/>\t\t\t\t\t\t\t\t\t\t\t\t\t\t\t<\/div>\n\t\t\t\t<div class=\"elementor-element elementor-element-b2d0fcb elementor-align-center elementor-widget elementor-widget-button\" data-id=\"b2d0fcb\" data-element_type=\"widget\" data-widget_type=\"button.default\">\n\t\t\t\t\t\t\t\t\t\t<a class=\"elementor-button elementor-button-link elementor-size-sm\" href=\"https:\/\/1drv.ms\/f\/c\/7c6c551c74c8b8b2\/EgQPKr9lq_JHr6c0ivFHwV8Blty7mnnxYcMKsLlHwFaHaw?e=VWE8uf\" target=\"_blank\" rel=\"noopener\">\n\t\t\t\t\t\t<span class=\"elementor-button-content-wrapper\">\n\t\t\t\t\t\t\t\t\t<span class=\"elementor-button-text\">T\u00e9l\u00e9charger<\/span>\n\t\t\t\t\t<\/span>\n\t\t\t\t\t<\/a>\n\t\t\t\t\t\t\t\t<\/div>\n\t\t\t\t<div class=\"elementor-element elementor-element-18919db elementor-widget elementor-widget-heading\" data-id=\"18919db\" data-element_type=\"widget\" data-widget_type=\"heading.default\">\n\t\t\t\t\t<span class=\"elementor-heading-title elementor-size-default\">Langues<\/span>\t\t\t\t<\/div>\n\t\t<div class=\"elementor-element elementor-element-74d7abe e-con-full e-flex e-con e-child\" data-id=\"74d7abe\" data-element_type=\"container\">\n\t\t\t\t<div class=\"elementor-element elementor-element-174c14a elementor-align-center elementor-widget elementor-widget-button\" data-id=\"174c14a\" data-element_type=\"widget\" data-widget_type=\"button.default\">\n\t\t\t\t\t\t\t\t\t\t<a class=\"elementor-button elementor-size-sm\" role=\"button\">\n\t\t\t\t\t\t<span class=\"elementor-button-content-wrapper\">\n\t\t\t\t\t\t\t\t\t<span class=\"elementor-button-text\">\u7b80\u4f53\u4e2d\u6587<\/span>\n\t\t\t\t\t<\/span>\n\t\t\t\t\t<\/a>\n\t\t\t\t\t\t\t\t<\/div>\n\t\t\t\t<div class=\"elementor-element elementor-element-4f640e0 elementor-align-center elementor-widget elementor-widget-button\" data-id=\"4f640e0\" data-element_type=\"widget\" data-widget_type=\"button.default\">\n\t\t\t\t\t\t\t\t\t\t<a class=\"elementor-button elementor-size-sm\" role=\"button\">\n\t\t\t\t\t\t<span class=\"elementor-button-content-wrapper\">\n\t\t\t\t\t\t\t\t\t<span class=\"elementor-button-text\">\u7e41\u9ad4\u4e2d\u6587<\/span>\n\t\t\t\t\t<\/span>\n\t\t\t\t\t<\/a>\n\t\t\t\t\t\t\t\t<\/div>\n\t\t\t\t<div class=\"elementor-element elementor-element-f5d914d elementor-align-center elementor-widget elementor-widget-button\" data-id=\"f5d914d\" data-element_type=\"widget\" data-widget_type=\"button.default\">\n\t\t\t\t\t\t\t\t\t\t<a class=\"elementor-button elementor-size-sm\" role=\"button\">\n\t\t\t\t\t\t<span class=\"elementor-button-content-wrapper\">\n\t\t\t\t\t\t\t\t\t<span class=\"elementor-button-text\">English<\/span>\n\t\t\t\t\t<\/span>\n\t\t\t\t\t<\/a>\n\t\t\t\t\t\t\t\t<\/div>\n\t\t\t\t<\/div>\n\t\t\t\t<\/div>\n\t\t<div class=\"elementor-element elementor-element-1c29e47 e-con-full e-flex e-con e-child\" data-id=\"1c29e47\" data-element_type=\"container\" data-settings=\"{&quot;background_background&quot;:&quot;classic&quot;}\">\n\t\t<div class=\"elementor-element elementor-element-1a75d62 e-con-full e-flex e-con e-child\" data-id=\"1a75d62\" data-element_type=\"container\">\n\t\t\t\t<div class=\"elementor-element elementor-element-ff219a2 elementor-widget elementor-widget-heading\" data-id=\"ff219a2\" data-element_type=\"widget\" data-widget_type=\"heading.default\">\n\t\t\t\t\t<h2 class=\"elementor-heading-title elementor-size-default\">Structure du March\u00e9 du Forex<\/h2>\t\t\t\t<\/div>\n\t\t\t\t<div class=\"elementor-element elementor-element-ba1b765 elementor-widget elementor-widget-heading\" data-id=\"ba1b765\" data-element_type=\"widget\" data-widget_type=\"heading.default\">\n\t\t\t\t\t<h3 class=\"elementor-heading-title elementor-size-default\">Dites adieu aux conjectures sur le march\u00e9 ! T\u00e9l\u00e9chargez imm\u00e9diatement ce guide gratuit et apprenez la m\u00e9thode d'analyse de la \u00ab structure du march\u00e9 \u00bb utilis\u00e9e par les traders professionnels.<\/h3>\t\t\t\t<\/div>\n\t\t\t\t<div class=\"elementor-element elementor-element-8cec964 elementor-widget elementor-widget-heading\" data-id=\"8cec964\" data-element_type=\"widget\" data-widget_type=\"heading.default\">\n\t\t\t\t\t<h3 class=\"elementor-heading-title elementor-size-default\">Con\u00e7u sp\u00e9cialement pour les d\u00e9butants en trading, il vous guide pas \u00e0 pas pour comprendre les tendances, identifier les points de retournement cl\u00e9s, et \u00e9tablir une base d'analyse solide pour vos transactions.<\/h3>\t\t\t\t<\/div>\n\t\t\t\t<div class=\"elementor-element elementor-element-960527b elementor-widget-divider--view-line elementor-widget elementor-widget-divider\" data-id=\"960527b\" data-element_type=\"widget\" data-widget_type=\"divider.default\">\n\t\t\t\t\t\t\t<div class=\"elementor-divider\">\n\t\t\t<span class=\"elementor-divider-separator\">\n\t\t\t\t\t\t<\/span>\n\t\t<\/div>\n\t\t\t\t\t\t<\/div>\n\t\t\t\t<\/div>\n\t\t\t\t<div class=\"elementor-element elementor-element-e24f4fc elementor-widget elementor-widget-html translation-block\" data-id=\"e24f4fc\" data-element_type=\"widget\" data-widget_type=\"html.default\"><div><span>\n<h3><strong>Avez-vous d\u00e9j\u00e0 \u00e9t\u00e9 confront\u00e9 \u00e0 ces difficult\u00e9s ?<\/strong>&nbsp;<\/h3>\n<ul>\n <li>Regarder le graphique en chandelier fluctuer sans jamais trouver de direction claire ?<\/li>\n <li>Entendre les autres discuter de HH, LL, BOS, CHOCH, et avoir l'impression d'\u00e9couter un langage incompr\u00e9hensible ?<\/li>\n <li>Vos d\u00e9cisions de trading sont-elles davantage bas\u00e9es sur le ressenti et l'espoir plut\u00f4t que sur une analyse objective ?<\/li>\n<\/ul>\n<br>\n\n<!-- Section&nbsp;:&nbsp;Solution &amp; Transformation -->\n<h3><strong>Ma\u00eetriser la structure du march\u00e9 est le premier tournant de votre carri\u00e8re de trader<\/strong>&nbsp;<\/h3>\nDerri\u00e8re des graphiques chaotiques se cache en r\u00e9alit\u00e9 un ordre clair.<br>\nCe guide gratuit \u00ab Structure du March\u00e9 du Forex \u00bb a pour but de vous enseigner de mani\u00e8re syst\u00e9matique ce langage d'interpr\u00e9tation du march\u00e9.<br>\n<br>\n<h4><strong>Apr\u00e8s avoir lu ce livre, vous serez capable de&nbsp;:<\/strong>&nbsp;<\/h4>\n<ul>\n <li><strong>D\u00e9terminer clairement la tendance&nbsp;:<\/strong>&nbsp;Identifier en un coup d'\u0153il si le march\u00e9 est domin\u00e9 par les acheteurs ou les vendeurs.<\/li>\n <li><strong>Reconna\u00eetre les signaux cl\u00e9s&nbsp;:<\/strong>&nbsp;Apprendre \u00e0 utiliser BOS et CHOCH pour juger de la continuation ou du retournement potentiel de la tendance.<\/li>\n <li><strong>\u00c9tablir un cadre d'analyse&nbsp;:<\/strong>&nbsp;Acqu\u00e9rir un processus d'analyse objectif applicable \u00e0 tous les march\u00e9s.<\/li>\n<\/ul>\n<br>\n\n<!-- Section&nbsp;:&nbsp;What's Inside -->\n<h4><strong>Dans ce guide, vous apprendrez&nbsp;:<\/strong>&nbsp;<\/h4>\n<ul>\n <li><strong>Chapitre 1&nbsp;:<\/strong>&nbsp;Les trois \u00e9tats fondamentaux du march\u00e9&nbsp;:&nbsp;haussier, baissier et en consolidation<\/li>\n <li><strong>Chapitre 2&nbsp;:<\/strong>&nbsp;Les deux signaux cl\u00e9s pour confirmer la tendance&nbsp;:&nbsp;BOS et CHOCH<\/li>\n <li><strong>Chapitre 3&nbsp;:<\/strong>&nbsp;Exercices pratiques&nbsp;:&nbsp;dessiner votre structure de march\u00e9 en trois \u00e9tapes<\/li>\n<\/ul>\n<\/span><\/div><\/div>\n\t\t\t\t<\/div>\n\t\t\t\t\t<\/div>\n\t\t\t\t<\/div>\n\t\t\t\t<\/div>","protected":false},"excerpt":{"rendered":"<p>Vous voulez comprendre la tendance des graphiques K sans trader \u00e0 l'instinct ? T\u00e9l\u00e9chargez notre e-book gratuit \u00ab Structure du March\u00e9 du Forex \u00bb et apprenez les m\u00e9thodes d'analyse utilis\u00e9es par les traders professionnels, de HH\/LL \u00e0 BOS\/CHOCH, \u00e9tape par \u00e9tape pour ma\u00eetriser ces concepts.<\/p>","protected":false},"author":1,"featured_media":57402,"parent":0,"menu_order":0,"comment_status":"closed","ping_status":"closed","template":"","meta":{"footnotes":""},"tags":[128],"class_list":["post-57343","page","type-page","status-publish","has-post-thumbnail","hentry","tag-no-google"],"_links":{"self":[{"href":"https:\/\/mister.forex\/fr\/wp-json\/wp\/v2\/pages\/57343","targetHints":{"allow":["GET"]}}],"collection":[{"href":"https:\/\/mister.forex\/fr\/wp-json\/wp\/v2\/pages"}],"about":[{"href":"https:\/\/mister.forex\/fr\/wp-json\/wp\/v2\/types\/page"}],"author":[{"embeddable":true,"href":"https:\/\/mister.forex\/fr\/wp-json\/wp\/v2\/users\/1"}],"replies":[{"embeddable":true,"href":"https:\/\/mister.forex\/fr\/wp-json\/wp\/v2\/comments?post=57343"}],"version-history":[{"count":0,"href":"https:\/\/mister.forex\/fr\/wp-json\/wp\/v2\/pages\/57343\/revisions"}],"wp:featuredmedia":[{"embeddable":true,"href":"https:\/\/mister.forex\/fr\/wp-json\/wp\/v2\/media\/57402"}],"wp:attachment":[{"href":"https:\/\/mister.forex\/fr\/wp-json\/wp\/v2\/media?parent=57343"}],"wp:term":[{"taxonomy":"post_tag","embeddable":true,"href":"https:\/\/mister.forex\/fr\/wp-json\/wp\/v2\/tags?post=57343"}],"curies":[{"name":"wp","href":"https:\/\/api.w.org\/{rel}","templated":true}]}}