{"id":6209,"date":"2024-03-02T19:37:13","date_gmt":"2024-03-02T11:37:13","guid":{"rendered":"http:\/\/192.168.0.254\/?page_id=6209"},"modified":"2026-04-18T02:49:46","modified_gmt":"2026-04-17T18:49:46","slug":"terms","status":"publish","type":"page","link":"https:\/\/mister.forex\/fr\/terms\/","title":{"rendered":"Conditions d'utilisation et Mentions l\u00e9gales | Mr.Forex"},"content":{"rendered":"<div data-elementor-type=\"wp-page\" data-elementor-id=\"6209\" class=\"elementor elementor-6209\" data-elementor-post-type=\"page\">\n\t\t\t\t<div class=\"elementor-element elementor-element-1a1c01d e-flex e-con-boxed e-con e-parent\" data-id=\"1a1c01d\" data-element_type=\"container\" data-settings=\"{&quot;background_background&quot;:&quot;classic&quot;}\">\n\t\t\t\t\t<div class=\"e-con-inner\">\n\t\t<div class=\"elementor-element elementor-element-9b1b493 e-flex e-con-boxed e-con e-child\" data-id=\"9b1b493\" data-element_type=\"container\">\n\t\t\t\t\t<div class=\"e-con-inner\">\n\t\t\t\t<div class=\"elementor-element elementor-element-d53c7ca elementor-widget elementor-widget-heading\" data-id=\"d53c7ca\" data-element_type=\"widget\" data-widget_type=\"heading.default\">\n\t\t\t\t\t<h1 class=\"elementor-heading-title elementor-size-default\">Conditions d'utilisation<\/h1>\t\t\t\t<\/div>\n\t\t\t\t\t<\/div>\n\t\t\t\t<\/div>\n\t\t\t\t<div class=\"elementor-element elementor-element-1e799c7 elementor-widget__width-inherit elementor-absolute elementor-widget elementor-widget-image\" data-id=\"1e799c7\" data-element_type=\"widget\" data-settings=\"{&quot;_position&quot;:&quot;absolute&quot;}\" data-widget_type=\"image.default\">\n\t\t\t\t\t\t\t\t\t\t\t\t\t\t\t<img fetchpriority=\"high\" decoding=\"async\" width=\"500\" height=\"281\" src=\"https:\/\/mister.forex\/wp-content\/uploads\/2025\/12\/TC-500x281.webp\" class=\"attachment-medium size-medium wp-image-62793\" alt=\"\" srcset=\"https:\/\/mister.forex\/wp-content\/uploads\/2025\/12\/TC-500x281.webp 500w, https:\/\/mister.forex\/wp-content\/uploads\/2025\/12\/TC-300x169.webp 300w, https:\/\/mister.forex\/wp-content\/uploads\/2025\/12\/TC-768x432.webp 768w, https:\/\/mister.forex\/wp-content\/uploads\/2025\/12\/TC-18x10.webp 18w, https:\/\/mister.forex\/wp-content\/uploads\/2025\/12\/TC.webp 1200w\" sizes=\"(max-width: 500px) 100vw, 500px\" \/>\t\t\t\t\t\t\t\t\t\t\t\t\t\t\t<\/div>\n\t\t\t\t\t<\/div>\n\t\t\t\t<\/div>\n\t\t<div class=\"elementor-element elementor-element-440b919 e-flex e-con-boxed e-con e-parent\" data-id=\"440b919\" data-element_type=\"container\">\n\t\t\t\t\t<div class=\"e-con-inner\">\n\t\t\t\t<div class=\"elementor-element elementor-element-87f0330 elementor-widget elementor-widget-spacer\" data-id=\"87f0330\" data-element_type=\"widget\" data-widget_type=\"spacer.default\">\n\t\t\t\t\t\t\t<div class=\"elementor-spacer\">\n\t\t\t<div class=\"elementor-spacer-inner\"><\/div>\n\t\t<\/div>\n\t\t\t\t\t\t<\/div>\n\t\t\t\t<div class=\"elementor-element elementor-element-0afc9c9 elementor-widget elementor-widget-html translation-block\" data-id=\"0afc9c9\" data-element_type=\"widget\" data-widget_type=\"html.default\"><span>\nBienvenue sur Mr.Forex (ci-apr\u00e8s d\u00e9nomm\u00e9 \"ce site web\"). Afin de vous offrir une exp\u00e9rience s\u00fbre et fluide lors de l'utilisation des divers services et informations de notre site web, veuillez lire attentivement les informations suivantes. En acc\u00e9dant \u00e0 ce site web ou en l'utilisant, vous acceptez les conditions suivantes :<br>\n<br>\n<h2><strong>1. Restrictions de service<\/strong><\/h2>\nCe site web ne fournit pas de services aux r\u00e9sidents de pays sp\u00e9cifiques tels que les \u00c9tats-Unis, Ta\u00efwan, le Canada, Isra\u00ebl, la Nouvelle-Z\u00e9lande, l'Iran et la Cor\u00e9e du Nord, ou aux pays\/r\u00e9gions o\u00f9 la distribution ou l'utilisation violerait les lois ou r\u00e9glementations locales. Si vous vous trouvez dans les zones susmentionn\u00e9es, veuillez quitter ce site imm\u00e9diatement.<br>\n<br>\n<h2><strong>2. \u00c2ge et libre arbitre<\/strong><\/h2>\nVous devez \u00eatre \u00e2g\u00e9 d'au moins 18 ans, ou avoir l'\u00e2ge l\u00e9gal selon les lois de votre pays. En utilisant les services de ce site web, vous reconnaissez que vous le faites de votre propre gr\u00e9 et \u00e0 votre propre demande active, et non en r\u00e9ponse \u00e0 toute forme de sollicitation ou de marketing actif de la part de ce site web.<br>\n<br>\n<h2><strong>3. Utilisation du site web et des services<\/strong><\/h2>\nCe site web ne dirige pas son site et ses services vers des personnes physiques dans des pays o\u00f9 leur utilisation est interdite par les lois ou r\u00e9glementations locales. Lors de l'acc\u00e8s \u00e0 ce site web \u00e0 partir d'un pays o\u00f9 son utilisation peut \u00eatre interdite, l'utilisateur est responsable de s'assurer que toute utilisation du site web ou des services est conforme aux lois ou r\u00e9glementations locales. Ce site web ne confirme pas que les informations contenues sur son site sont applicables \u00e0 toutes les juridictions.<br>\n<br>\n<h2><strong>4. Responsabilit\u00e9 l\u00e9gale<\/strong><\/h2>\nNous supposons que vous \u00eates \u00e9ligible pour acheter et utiliser nos produits l\u00e9galement. Il est de votre responsabilit\u00e9 de vous assurer que vous respectez les lois et r\u00e9glementations mondiales et locales. Nous ne sommes pas responsables des dommages ou des poursuites engag\u00e9es contre vous en raison de ces r\u00e9glementations.<br>\n<br>\n<h2><strong>5. R\u00e8gle CFTC 4.41 (Divulgation des performances hypoth\u00e9tiques)<\/strong><\/h2>\nR\u00c8GLE CFTC 4.41 : LES R\u00c9SULTATS DE PERFORMANCE HYPOTH\u00c9TIQUES OU SIMUL\u00c9S COMPORTENT CERTAINES LIMITES. CONTRAIREMENT \u00c0 UN ENREGISTREMENT DE PERFORMANCE R\u00c9EL, LES R\u00c9SULTATS SIMUL\u00c9S NE REPR\u00c9SENTENT PAS DES OP\u00c9RATIONS R\u00c9ELLES. DE PLUS, COMME LES OP\u00c9RATIONS N'ONT PAS \u00c9T\u00c9 EX\u00c9CUT\u00c9ES, LES R\u00c9SULTATS PEUVENT AVOIR SOUS-COMPENS\u00c9 OU SURCOMPENS\u00c9 L'IMPACT, LE CAS \u00c9CH\u00c9ANT, DE CERTAINS FACTEURS DE MARCH\u00c9, TELS QUE LE MANQUE DE LIQUIDIT\u00c9. LES PROGRAMMES DE TRADING SIMUL\u00c9S EN G\u00c9N\u00c9RAL SONT \u00c9GALEMENT SOUMIS AU FAIT QU'ILS SONT CON\u00c7US AVEC LE RECUL. AUCUNE D\u00c9CLARATION N'EST FAITE SELON LAQUELLE UN COMPTE R\u00c9ALISERA OU EST SUSCEPTIBLE DE R\u00c9ALISER DES PROFITS OU DES PERTES SIMILAIRES \u00c0 CEUX INDIQU\u00c9S.<br>\n<br>\n<h2><strong>6. Risques et r\u00e9compenses du trading automatis\u00e9 sur le Forex<\/strong><\/h2>\nLe trading automatis\u00e9 sur le Forex pr\u00e9sente un potentiel de r\u00e9compenses importantes, mais comporte \u00e9galement des risques potentiels majeurs. Vous devez \u00eatre conscient des risques et \u00eatre pr\u00eat \u00e0 les accepter afin d'investir sur le march\u00e9 du Forex. Ne tradez pas avec de l'argent que vous ne pouvez pas vous permettre de perdre. Cette publicit\u00e9\/pr\u00e9sentation n'est ni une sollicitation ni une offre de trading sur le Forex. Aucune d\u00e9claration n'est faite selon laquelle un compte r\u00e9alisera ou est susceptible de r\u00e9aliser des profits ou des pertes similaires \u00e0 ceux discut\u00e9s dans cette publicit\u00e9\/pr\u00e9sentation.<br>\n<br>\n<h2><strong>7. Responsabilit\u00e9 de l'investisseur<\/strong><\/h2>\nLe trading automatis\u00e9 sur le Forex est une opportunit\u00e9 stimulante et potentielle pour les investisseurs instruits et exp\u00e9riment\u00e9s. Avant de d\u00e9cider de participer, examinez attentivement vos objectifs d'investissement, votre niveau d'exp\u00e9rience et votre app\u00e9tit pour le risque. Toute transaction impliquant des devises comporte des risques, y compris, mais sans s'y limiter, le risque d'un impact significatif sur les prix des devises ou la liquidit\u00e9 en raison de changements politiques ou de modifications des conditions \u00e9conomiques. En outre, la nature de levier du trading sur le Forex signifie que les mouvements du march\u00e9 auront un effet proportionnel \u00e9gal sur vos fonds d\u00e9pos\u00e9s. Cela peut jouer en votre faveur ou contre vous. Il existe une possibilit\u00e9 que vous subissiez une perte totale de vos fonds de marge initiaux et que votre position soit liquid\u00e9e, et vous serez responsable de toute perte en r\u00e9sultant. Il est conseill\u00e9 aux investisseurs d'utiliser des strat\u00e9gies telles que le \"Stop Loss\" ou le \"Limit\" pour att\u00e9nuer les risques. Le contenu fourni est pr\u00e9sent\u00e9 de bonne foi et est consid\u00e9r\u00e9 comme exact, mais ce site web ne donne aucune garantie expresse ou implicite quant \u00e0 l'exactitude ou \u00e0 l'opportunit\u00e9.<br>\n<br>\n<h2><strong>8. Clause de non-responsabilit\u00e9<\/strong><\/h2>\nCe site web ainsi que sa direction et ses employ\u00e9s d\u00e9clinent toute responsabilit\u00e9 en cas d'erreurs, d'inexactitudes ou d'omissions dans ces documents. Ils ne garantissent pas l'exactitude ou l'exhaustivit\u00e9 des informations, textes, graphiques, liens ou autres \u00e9l\u00e9ments contenus dans ces documents. Ce site web ainsi que sa direction et ses employ\u00e9s ne seront pas responsables des dommages sp\u00e9ciaux, indirects, accessoires ou cons\u00e9cutifs pouvant r\u00e9sulter de ces documents, y compris, mais sans s'y limiter, la perte de donn\u00e9es, la perte de revenus ou la perte de profits.<br>\n<br>\n<h2><strong>9. Promotions, bonus et s\u00e9curit\u00e9 des fonds<\/strong><\/h2>\nLes promotions et bonus de tiers offerts via ce site web rel\u00e8vent de la responsabilit\u00e9 du tiers. Ce site web n'est pas responsable de l'\u00e9chec ou de l'ex\u00e9cution inad\u00e9quate des offres de bonus ou promotionnelles par des tiers. Pour certains courtiers, les bonus peuvent \u00eatre d\u00e9duits de notre commission, ce qui entra\u00eene des remises inf\u00e9rieures aux attentes. Ce site web agit uniquement en tant que fournisseur de services techniques et d'informations, ne g\u00e8re pas les fonds des utilisateurs et ne fournit pas de services de gestion de compte.<br>\n<br>\n<h2><strong>10. Propri\u00e9t\u00e9 intellectuelle<\/strong><\/h2>\nTous les logiciels (EA), indicateurs, param\u00e8tres de strat\u00e9gie et contenus fournis par ce site web sont la propri\u00e9t\u00e9 intellectuelle de notre soci\u00e9t\u00e9. L'ing\u00e9nierie inverse, la modification, la copie ou la revente des logiciels de ce site web sont strictement interdites sans autorisation \u00e9crite.<br>\n<br>\n<h2><strong>11. Loi applicable<\/strong><\/h2>\nL'interpr\u00e9tation et l'application des pr\u00e9sentes conditions de service seront trait\u00e9es conform\u00e9ment aux lois de Ta\u00efwan (R.O.C.). En cas de litige, les deux parties conviennent que le tribunal de district de Taipei \u00e0 Ta\u00efwan sera le tribunal de premi\u00e8re instance comp\u00e9tent.<br>\n<br>\n<h2><strong>12. Clause linguistique<\/strong><\/h2>\nCes conditions juridiques peuvent \u00eatre fournies dans plusieurs versions linguistiques \u00e0 titre de r\u00e9f\u00e9rence. En cas d'erreurs de traduction ou de diff\u00e9rences s\u00e9mantiques, la version anglaise pr\u00e9vaudra. La version anglaise est la seule version officielle des conditions juridiques de ce site web et a un effet juridique.<br>\n<\/span><\/div>\n\t\t\t\t<div class=\"elementor-element elementor-element-21aff1c elementor-widget elementor-widget-spacer\" data-id=\"21aff1c\" data-element_type=\"widget\" data-widget_type=\"spacer.default\">\n\t\t\t\t\t\t\t<div class=\"elementor-spacer\">\n\t\t\t<div class=\"elementor-spacer-inner\"><\/div>\n\t\t<\/div>\n\t\t\t\t\t\t<\/div>\n\t\t\t\t\t<\/div>\n\t\t\t\t<\/div>\n\t\t\t\t<\/div>","protected":false},"excerpt":{"rendered":"<p>Infos essentielles sur les services, l'inscription et la s\u00e9curit\u00e9. Comprenez vos droits et devoirs pour une exp\u00e9rience de trading s\u00fbre avec Mr.Forex.<\/p>","protected":false},"author":1,"featured_media":62793,"parent":0,"menu_order":0,"comment_status":"closed","ping_status":"closed","template":"","meta":{"footnotes":""},"tags":[],"class_list":["post-6209","page","type-page","status-publish","has-post-thumbnail","hentry"],"_links":{"self":[{"href":"https:\/\/mister.forex\/fr\/wp-json\/wp\/v2\/pages\/6209","targetHints":{"allow":["GET"]}}],"collection":[{"href":"https:\/\/mister.forex\/fr\/wp-json\/wp\/v2\/pages"}],"about":[{"href":"https:\/\/mister.forex\/fr\/wp-json\/wp\/v2\/types\/page"}],"author":[{"embeddable":true,"href":"https:\/\/mister.forex\/fr\/wp-json\/wp\/v2\/users\/1"}],"replies":[{"embeddable":true,"href":"https:\/\/mister.forex\/fr\/wp-json\/wp\/v2\/comments?post=6209"}],"version-history":[{"count":15,"href":"https:\/\/mister.forex\/fr\/wp-json\/wp\/v2\/pages\/6209\/revisions"}],"predecessor-version":[{"id":70328,"href":"https:\/\/mister.forex\/fr\/wp-json\/wp\/v2\/pages\/6209\/revisions\/70328"}],"wp:featuredmedia":[{"embeddable":true,"href":"https:\/\/mister.forex\/fr\/wp-json\/wp\/v2\/media\/62793"}],"wp:attachment":[{"href":"https:\/\/mister.forex\/fr\/wp-json\/wp\/v2\/media?parent=6209"}],"wp:term":[{"taxonomy":"post_tag","embeddable":true,"href":"https:\/\/mister.forex\/fr\/wp-json\/wp\/v2\/tags?post=6209"}],"curies":[{"name":"wp","href":"https:\/\/api.w.org\/{rel}","templated":true}]}}