{"id":66033,"date":"2026-02-04T23:49:39","date_gmt":"2026-02-04T15:49:39","guid":{"rendered":"https:\/\/mister.forex\/?page_id=66033"},"modified":"2026-05-06T13:28:44","modified_gmt":"2026-05-06T05:28:44","slug":"prop-firm-trading-guide-get-funded","status":"publish","type":"page","link":"https:\/\/mister.forex\/fr\/prop-firm-trading-guide-get-funded\/","title":{"rendered":"Le Guide Ultime des Prop Firms : Comment Obtenir 100 000 $ de Capital de Trading | Mr.Forex"},"content":{"rendered":"<div data-elementor-type=\"wp-page\" data-elementor-id=\"66033\" class=\"elementor elementor-66033\" data-elementor-post-type=\"page\">\n\t\t\t\t<div class=\"elementor-element elementor-element-3c29475 e-flex e-con-boxed e-con e-parent\" data-id=\"3c29475\" data-element_type=\"container\">\n\t\t\t\t\t<div class=\"e-con-inner\">\n\t\t\t\t<div class=\"elementor-element elementor-element-4a3ad48 elementor-widget elementor-widget-heading\" data-id=\"4a3ad48\" data-element_type=\"widget\" data-widget_type=\"heading.default\">\n\t\t\t\t\t<h1 class=\"elementor-heading-title elementor-size-default\">Au C\u0153ur du Mod\u00e8le Prop Firm : Mon\u00e9tisez Directement vos Comp\u00e9tences de Trading<\/h1>\t\t\t\t<\/div>\n\t\t\t\t<div class=\"elementor-element elementor-element-9eca83a elementor-widget elementor-widget-html\" data-id=\"9eca83a\" data-element_type=\"widget\" data-widget_type=\"html.default\">\n\t\t\t\t\tComprendre les m\u00e9canismes d'\u00e9valuation des Prop Firms. Mon\u00e9tisez votre expertise et lib\u00e9rez-vous des limites des petits comptes de trading.\t\t\t\t<\/div>\n\t\t\t\t<div class=\"elementor-element elementor-element-d45ecae elementor-widget elementor-widget-html translation-block\" data-id=\"d45ecae\" data-element_type=\"widget\" data-widget_type=\"html.default\">Auteur : <strong>Mr.Forex<\/strong><\/div>\n\t\t\t\t<div class=\"elementor-element elementor-element-50a8bd5 elementor-widget elementor-widget-html translation-block\" data-id=\"50a8bd5\" data-element_type=\"widget\" data-widget_type=\"html.default\"><span>\n<h2><strong>Avant-propos : Vos comp\u00e9tences sont pr\u00e9cieuses, mais votre capital est limit\u00e9<\/strong><\/h2>\nF\u00e9licitations d'\u00eatre arriv\u00e9 jusqu'ici.<br><br>\n\nVous comprenez maintenant les chandeliers japonais, les strat\u00e9gies et la gestion des risques. Vous poss\u00e9dez d\u00e9j\u00e0 les comp\u00e9tences de base pour survivre sur ce march\u00e9.<br><br>\n\nMais la r\u00e9alit\u00e9 est souvent cruelle :<br><br>\n\nSi vous n'avez que <strong>1 000 $ USD<\/strong> de capital, m\u00eame si vous \u00e9tiez Warren Buffett, r\u00e9aliser un profit r\u00e9gulier de 5 % par mois (ce qui est d\u00e9j\u00e0 impressionnant) ne vous rapporterait que <strong>50 $ USD<\/strong>.<br><br>\n\nC\u2019est \u00e0 peine de quoi payer vos factures d'\u00e9lectricit\u00e9.<br><br>\n\nC\u2019est le dilemme du trader particulier : <strong>Des comp\u00e9tences, mais pas de capital.<\/strong><br><br>\n\nAuparavant, vous ne pouviez qu'\u00e9pargner lentement. Mais aujourd'hui, un nouveau mod\u00e8le a \u00e9merg\u00e9 dans le monde financier \u2014 la <strong>Prop Firm (Soci\u00e9t\u00e9 de Trading Propri\u00e9taire)<\/strong>.<br><br>\n\nTant que vous r\u00e9ussissez un examen pour prouver vos capacit\u00e9s, elles vous confient un compte de 10k, 100k, ou m\u00eame 500k pour trader. Vous pouvez conserver 80 %, voire 90 % des b\u00e9n\u00e9fices g\u00e9n\u00e9r\u00e9s.<br><br>\n\nIl ne s'agit pas d'emprunter de l'argent pour investir ; il s'agit de <strong>\u00ab gagner un financement au m\u00e9rite. \u00bb<\/strong><br><br>\n\n<h2><strong>Qu'est-ce qu'une Prop Firm (Soci\u00e9t\u00e9 de Trading Propri\u00e9taire) ?<\/strong><\/h2>\nUne <strong>Prop Firm<\/strong> est une entreprise qui recherche des traders ind\u00e9pendants talentueux. Leur logique est simple : la soci\u00e9t\u00e9 dispose du capital mais manque de traders qualifi\u00e9s.<br>\n\n<h3><strong>Comment \u00e7a marche :<\/strong><\/h3>\n<ol>\n  <li><strong>\u00c9valuation payante :<\/strong> Vous payez de petits frais d'inscription (ex: 100 $ USD) pour participer \u00e0 leur d\u00e9fi simul\u00e9.<\/li>\n  <li><strong>Prouvez vos comp\u00e9tences :<\/strong> Dans un d\u00e9lai imparti, atteignez l'objectif de profit (ex: 10 %) sans d\u00e9passer la limite de perte maximale (drawdown) (ex: 10 %).<\/li>\n  <li><strong>Obtenez le financement :<\/strong> Une fois l'examen r\u00e9ussi, ils vous fournissent un compte financ\u00e9 (Live Account).<\/li>\n  <li><strong>Partage des profits :<\/strong> Vous gardez la majorit\u00e9 des gains r\u00e9alis\u00e9s sur ce compte (g\u00e9n\u00e9ralement 80 %), tandis que la plateforme prend une petite part.<\/li>\n<\/ol><br>\n\nC'est un accord gagnant-gagnant :<br><br>\n\nVous utilisez des frais d'inscription de 100 $ (votre risque) pour obtenir l'opportunit\u00e9 de trader sur un compte de 10 000 $ (votre terrain de jeu).<br><br>\n\n<h2><strong>Pourquoi rejoindre une Prop Firm ?<\/strong><\/h2>\nFaisons le calcul et comparons le \u00ab trading avec son propre argent \u00bb vs \u00ab rejoindre une <strong>Prop Firm<\/strong>. \u00bb<br><br>\n\nSupposons que votre potentiel de profit mensuel soit de <strong>5 %<\/strong> :<br><br>\n\n<table style=\"border-radius: 8px;border-collapse: separate;border-spacing: 0;overflow: hidden;text-align: center;width: 100%;border: 1px solid #ddd;font-family: sans-serif\">\n<thead style=\"background-color: #15264D;color: #ffffff\">\n      <tr>\n        <th style=\"padding: 15px\">Comparaison<\/th>\n        <th style=\"padding: 15px\">Cas A : Votre propre argent<\/th>\n        <th style=\"padding: 15px\">Cas B : Rejoindre une Prop Firm (10k)<\/th>\n      <\/tr>\n<\/thead>\n<tbody>\n      <tr>\n        <td style=\"padding: 12px;border-bottom: 1px solid #eee;background-color: #f9f9f9\"><strong>Co\u00fbt Initial<\/strong><\/td>\n        <td style=\"padding: 12px;border-bottom: 1px solid #eee\">1 000 $ USD (Capital)<\/td>\n        <td style=\"padding: 12px;border-bottom: 1px solid #eee\">Env. 100 $ USD (Frais)<\/td>\n      <\/tr>\n      <tr>\n        <td style=\"padding: 12px;border-bottom: 1px solid #eee;background-color: #f9f9f9\"><strong>Capital de Trading<\/strong><\/td>\n        <td style=\"padding: 12px;border-bottom: 1px solid #eee\">1 000 $ USD<\/td>\n        <td style=\"padding: 12px;border-bottom: 1px solid #eee\">10 000 $ USD<\/td>\n      <\/tr>\n      <tr>\n        <td style=\"padding: 12px;border-bottom: 1px solid #eee;background-color: #f9f9f9\"><strong>Profit Mensuel (5 %)<\/strong><\/td>\n        <td style=\"padding: 12px;border-bottom: 1px solid #eee\">50 $ USD<\/td>\n        <td style=\"padding: 12px;border-bottom: 1px solid #eee\">500 $ USD<\/td>\n      <\/tr>\n      <tr>\n        <td style=\"padding: 12px;border-bottom: 1px solid #eee;background-color: #f9f9f9\"><strong>Revenu R\u00e9el<\/strong><\/td>\n        <td style=\"padding: 12px;border-bottom: 1px solid #eee\">50 $ USD<\/td>\n        <td style=\"padding: 12px;border-bottom: 1px solid #eee;color: #008000;font-size: 1.1em\"><strong>400 $ USD (Part de 80 %)<\/strong><\/td>\n      <\/tr>\n    <\/tbody>\n<\/table><br>\n\n<strong>Conclusion :<\/strong> Avec la m\u00eame comp\u00e9tence et le m\u00eame pourcentage de profit (%), vos revenus sont multipli\u00e9s par <strong>8<\/strong>. De plus, votre capital initial reste dans votre poche, avec un risque z\u00e9ro de perdre votre propre capital.<br><br>\n\n<h2><strong>Les R\u00e8gles : Il n'y a pas de repas gratuit<\/strong><\/h2>\nCela semble g\u00e9nial ? Pas si vite. Les <strong>Prop Firms<\/strong> ne sont pas des associations caritatives ; elles utilisent des r\u00e8gles strictes pour filtrer les traders non qualifi\u00e9s.<br><br>\n\n<h3><strong>R\u00e8gles d'\u00e9valuation courantes :<\/strong><\/h3>\n<ul>\n    <li><strong>\ud83c\udfaf Objectif de profit :<\/strong> N\u00e9cessite g\u00e9n\u00e9ralement de gagner 8 % \u00e0 10 % lors de la premi\u00e8re phase.<\/li>\n    <li><strong>\u26a0\ufe0f Limite de perte quotidienne (Daily Drawdown) :<\/strong> C\u2019est ici que la plupart des gens \u00e9chouent. Les r\u00e8gles stipulent que les pertes latentes ou r\u00e9alis\u00e9es ne doivent pas d\u00e9passer 5 % du capital par jour. Si vous l'atteignez, vous \u00e9chouez imm\u00e9diatement.<\/li>\n    <li><strong>\ud83d\udcc9 Perte maximale totale :<\/strong> La valeur de votre compte ne doit jamais descendre en dessous d'un seuil fix\u00e9 (ex: 10 % du capital initial).<\/li>\n    <li><strong>\ud83d\udcf0 Restrictions de trading :<\/strong> Certaines firmes interdisent le trading lors des annonces \u00e9conomiques majeures ou le maintien de positions durant le week-end.<\/li>\n<\/ul><br>\n\n<h4><strong>L'Analyse de Mr.Forex :<\/strong><\/h4>\nCes r\u00e8gles peuvent sembler strictes, mais elles sont en r\u00e9alit\u00e9 les <strong>\u00ab Lois d'Airain de la Gestion des Risques \u00bb<\/strong> que nous mettons en avant. Si vous avez l'habitude de parier tout votre compte (All-in), vous ne tiendrez pas trois jours dans une Prop Firm ; mais si vous suivez strictement la gestion des risques, r\u00e9ussir l'examen n'est qu'une question de temps.\n<\/span><\/div>\n\t\t<div class=\"elementor-element elementor-element-63c0e87 e-con-full e-flex e-con e-child\" data-id=\"63c0e87\" data-element_type=\"container\" data-settings=\"{&quot;background_background&quot;:&quot;classic&quot;}\">\n\t\t\t\t<div class=\"elementor-element elementor-element-dbec11a elementor-widget elementor-widget-html translation-block\" data-id=\"dbec11a\" data-element_type=\"widget\" data-widget_type=\"html.default\"><span>\n<h3><strong>\ud83c\udfc6 La S\u00e9lection Pro de Mr.Forex<\/strong><\/h3>\nPour vous faire gagner du temps dans vos recherches, j'ai s\u00e9lectionn\u00e9 les Prop Firms les plus r\u00e9put\u00e9es et performantes du march\u00e9 actuel :\n<\/span><\/div>\n\t\t\t\t<div class=\"elementor-element elementor-element-b596fdf elementor-widget elementor-widget-html translation-block\" data-id=\"b596fdf\" data-element_type=\"widget\" data-widget_type=\"html.default\"><span>\n<strong>FTMO \u2014 Le leader reconnu de l'industrie<\/strong><br><br>\n<ul>\n    <li><strong>Caract\u00e9ristiques :<\/strong> Le \"Gold Standard\" de l'univers des Prop Firms. La plus longue exp\u00e9rience, la r\u00e9putation la plus solide, des retraits ultra-rapides et un excellent environnement de trading.<\/li><br>\n    <li><strong>Public cible :<\/strong> Les traders professionnels qui privil\u00e9gient les processus standardis\u00e9s et la cr\u00e9dibilit\u00e9 d'une marque \u00e9tablie.<\/li>\n<\/ul>\n<\/span><\/div>\n\t\t\t\t<div class=\"elementor-element elementor-element-824ddcf elementor-icon-list--layout-inline elementor-list-item-link-inline elementor-widget elementor-widget-icon-list\" data-id=\"824ddcf\" data-element_type=\"widget\" data-widget_type=\"icon-list.default\">\n\t\t\t\t\t\t\t<ul class=\"elementor-icon-list-items elementor-inline-items\">\n\t\t\t\t\t\t\t<li class=\"elementor-icon-list-item elementor-inline-item\">\n\t\t\t\t\t\t\t\t\t\t\t<a href=\"https:\/\/trader.ftmo.com\/?affiliates=eHFMXPlbOlHBoIeBTdvU\" target=\"_blank\" rel=\"nofollow noopener\">\n\n\t\t\t\t\t\t\t\t\t\t\t\t<span class=\"elementor-icon-list-icon\">\n\t\t\t\t\t\t\t<svg aria-hidden=\"true\" class=\"e-font-icon-svg e-far-check-circle\" viewbox=\"0 0 512 512\" xmlns=\"http:\/\/www.w3.org\/2000\/svg\"><path d=\"M256 8C119.033 8 8 119.033 8 256s111.033 248 248 248 248-111.033 248-248S392.967 8 256 8zm0 48c110.532 0 200 89.451 200 200 0 110.532-89.451 200-200 200-110.532 0-200-89.451-200-200 0-110.532 89.451-200 200-200m140.204 130.267l-22.536-22.718c-4.667-4.705-12.265-4.736-16.97-.068L215.346 303.697l-59.792-60.277c-4.667-4.705-12.265-4.736-16.97-.069l-22.719 22.536c-4.705 4.667-4.736 12.265-.068 16.971l90.781 91.516c4.667 4.705 12.265 4.736 16.97.068l172.589-171.204c4.704-4.668 4.734-12.266.067-16.971z\"><\/path><\/svg>\t\t\t\t\t\t<\/span>\n\t\t\t\t\t\t\t\t\t\t<span class=\"elementor-icon-list-text\">Cliquez pour consulter les r\u00e8gles du Challenge FTMO<\/span>\n\t\t\t\t\t\t\t\t\t\t\t<\/a>\n\t\t\t\t\t\t\t\t\t<\/li>\n\t\t\t\t\t\t<\/ul>\n\t\t\t\t\t\t<\/div>\n\t\t\t\t<div class=\"elementor-element elementor-element-c798038 elementor-widget elementor-widget-html translation-block\" data-id=\"c798038\" data-element_type=\"widget\" data-widget_type=\"html.default\"><span>\n<strong>Darwinex Zero \u2014 Votre voie pour devenir gestionnaire de fonds<\/strong><br><br>\n<ul>\n    <li><strong>Caract\u00e9ristiques :<\/strong> Mod\u00e8le unique bas\u00e9 sur un \"abonnement\" sans limite de temps pour l'examen. L'objectif principal est de construire une performance \u00e0 long terme ; les meilleurs re\u00e7oivent une allocation directe de capitaux institutionnels.<\/li><br>\n    <li><strong>Public cible :<\/strong> Les traders souhaitant \u00e9chapper \u00e0 la pression des examens et ceux qui aspirent \u00e0 une carri\u00e8re dans la \"Gestion d'actifs\" \u00e0 long terme.<\/li>\n  <\/ul>\n<\/span><\/div>\n\t\t\t\t<div class=\"elementor-element elementor-element-c584754 elementor-icon-list--layout-inline elementor-list-item-link-inline elementor-widget elementor-widget-icon-list\" data-id=\"c584754\" data-element_type=\"widget\" data-widget_type=\"icon-list.default\">\n\t\t\t\t\t\t\t<ul class=\"elementor-icon-list-items elementor-inline-items\">\n\t\t\t\t\t\t\t<li class=\"elementor-icon-list-item elementor-inline-item\">\n\t\t\t\t\t\t\t\t\t\t\t<a href=\"https:\/\/www.darwinexzero.com?fpr=6a0yb2\" target=\"_blank\" rel=\"nofollow noopener\">\n\n\t\t\t\t\t\t\t\t\t\t\t\t<span class=\"elementor-icon-list-icon\">\n\t\t\t\t\t\t\t<svg aria-hidden=\"true\" class=\"e-font-icon-svg e-far-check-circle\" viewbox=\"0 0 512 512\" xmlns=\"http:\/\/www.w3.org\/2000\/svg\"><path d=\"M256 8C119.033 8 8 119.033 8 256s111.033 248 248 248 248-111.033 248-248S392.967 8 256 8zm0 48c110.532 0 200 89.451 200 200 0 110.532-89.451 200-200 200-110.532 0-200-89.451-200-200 0-110.532 89.451-200 200-200m140.204 130.267l-22.536-22.718c-4.667-4.705-12.265-4.736-16.97-.068L215.346 303.697l-59.792-60.277c-4.667-4.705-12.265-4.736-16.97-.069l-22.719 22.536c-4.705 4.667-4.736 12.265-.068 16.971l90.781 91.516c4.667 4.705 12.265 4.736 16.97.068l172.589-171.204c4.704-4.668 4.734-12.266.067-16.971z\"><\/path><\/svg>\t\t\t\t\t\t<\/span>\n\t\t\t\t\t\t\t\t\t\t<span class=\"elementor-icon-list-text\">Cliquez pour obtenir votre code de r\u00e9duction exclusif de 20 %<\/span>\n\t\t\t\t\t\t\t\t\t\t\t<\/a>\n\t\t\t\t\t\t\t\t\t<\/li>\n\t\t\t\t\t\t<\/ul>\n\t\t\t\t\t\t<\/div>\n\t\t\t\t<div class=\"elementor-element elementor-element-01023ef elementor-icon-list--layout-inline elementor-list-item-link-inline elementor-widget elementor-widget-icon-list\" data-id=\"01023ef\" data-element_type=\"widget\" data-widget_type=\"icon-list.default\">\n\t\t\t\t\t\t\t<ul class=\"elementor-icon-list-items elementor-inline-items\">\n\t\t\t\t\t\t\t<li class=\"elementor-icon-list-item elementor-inline-item\">\n\t\t\t\t\t\t\t\t\t\t\t<span class=\"elementor-icon-list-icon\">\n\t\t\t\t\t\t\t<svg aria-hidden=\"true\" class=\"e-font-icon-svg e-fas-bullhorn\" viewbox=\"0 0 576 512\" xmlns=\"http:\/\/www.w3.org\/2000\/svg\"><path d=\"M576 240c0-23.63-12.95-44.04-32-55.12V32.01C544 23.26 537.02 0 512 0c-7.12 0-14.19 2.38-19.98 7.02l-85.03 68.03C364.28 109.19 310.66 128 256 128H64c-35.35 0-64 28.65-64 64v96c0 35.35 28.65 64 64 64h33.7c-1.39 10.48-2.18 21.14-2.18 32 0 39.77 9.26 77.35 25.56 110.94 5.19 10.69 16.52 17.06 28.4 17.06h74.28c26.05 0 41.69-29.84 25.9-50.56-16.4-21.52-26.15-48.36-26.15-77.44 0-11.11 1.62-21.79 4.41-32H256c54.66 0 108.28 18.81 150.98 52.95l85.03 68.03a32.023 32.023 0 0 0 19.98 7.02c24.92 0 32-22.78 32-32V295.13C563.05 284.04 576 263.63 576 240zm-96 141.42l-33.05-26.44C392.95 311.78 325.12 288 256 288v-96c69.12 0 136.95-23.78 190.95-66.98L480 98.58v282.84z\"><\/path><\/svg>\t\t\t\t\t\t<\/span>\n\t\t\t\t\t\t\t\t\t\t<span class=\"elementor-icon-list-text\"><strong>Code de r\u00e9duction :\u00a0<\/strong>ZEROPARTNER_20<\/span>\n\t\t\t\t\t\t\t\t\t<\/li>\n\t\t\t\t\t\t<\/ul>\n\t\t\t\t\t\t<\/div>\n\t\t\t\t<div class=\"elementor-element elementor-element-6c863f8 elementor-widget elementor-widget-heading\" data-id=\"6c863f8\" data-element_type=\"widget\" data-widget_type=\"heading.default\">\n\t\t\t\t\t<span class=\"elementor-heading-title elementor-size-default\">(Note : S'inscrire via ce lien vous offre des avantages suppl\u00e9mentaires et soutient le fonctionnement de ce site.)<\/span>\t\t\t\t<\/div>\n\t\t\t\t<\/div>\n\t\t\t\t<div class=\"elementor-element elementor-element-6a1281a elementor-widget elementor-widget-html translation-block\" data-id=\"6a1281a\" data-element_type=\"widget\" data-widget_type=\"html.default\"><span>\n<h2><strong>Conclusion : Le test final \u2014 Votre prochaine \u00e9tape<\/strong><\/h2>\nRegardez le chemin parcouru : vous ma\u00eetrisez les logiciels, avez appris les strat\u00e9gies et compris la gestion des risques. D\u00e9sormais, vous d\u00e9tenez le ticket pour des profits d\u00e9multipli\u00e9s.<br><br>\n\n<h3><strong>\ud83c\udf93 Quand devriez-vous commencer le d\u00e9fi ?<\/strong><\/h3>\nVeuillez d'abord atteindre les <strong>\u00ab Standards de r\u00e9ussite \u00bb<\/strong> suivants sur un compte de d\u00e9monstration :<br><br>\n  <ol>\n    <li>Enregistrez vos performances sur un compte d\u00e9mo pendant au moins 1 mois via <strong>Myfxbook<\/strong>.<\/li>\n    <li>Respectez les indicateurs : <strong>Profit Factor &gt; 1,5<\/strong> et <strong>Drawdown Max &lt; 10 %<\/strong>.<\/li>\n    <li>V\u00e9rification du mental : Capable de suivre une discipline constante sans jamais c\u00e9der au \"revenge trading\" (trading de vengeance).<\/li>\n  <\/ol><br>\n\nUne fois ces conditions r\u00e9unies, lancez-vous avec audace dans le plus petit challenge. Ces modestes frais d'inscription seront l'investissement au meilleur retour sur investissement (ROI) de votre parcours pour devenir trader professionnel.<br><br>\n\n<strong>Bonne chance sur les march\u00e9s. On se retrouve dans les cours avanc\u00e9s.<\/strong><br><br>\n\n  \u2014 <strong>Mr.Forex<\/strong>\n<\/span><\/div>\n\t\t\t\t<div class=\"elementor-element elementor-element-b8c31ee elementor-icon-list--layout-inline elementor-list-item-link-inline elementor-widget elementor-widget-icon-list\" data-id=\"b8c31ee\" data-element_type=\"widget\" data-widget_type=\"icon-list.default\">\n\t\t\t\t\t\t\t<ul class=\"elementor-icon-list-items elementor-inline-items\">\n\t\t\t\t\t\t\t<li class=\"elementor-icon-list-item elementor-inline-item\">\n\t\t\t\t\t\t\t\t\t\t\t<a href=\"https:\/\/mister.forex\/fr\/ebook-hub\/\">\n\n\t\t\t\t\t\t\t\t\t\t\t\t<span class=\"elementor-icon-list-icon\">\n\t\t\t\t\t\t\t<svg aria-hidden=\"true\" class=\"e-font-icon-svg e-fas-home\" viewbox=\"0 0 576 512\" xmlns=\"http:\/\/www.w3.org\/2000\/svg\"><path d=\"M280.37 148.26L96 300.11V464a16 16 0 0 0 16 16l112.06-.29a16 16 0 0 0 15.92-16V368a16 16 0 0 1 16-16h64a16 16 0 0 1 16 16v95.64a16 16 0 0 0 16 16.05L464 480a16 16 0 0 0 16-16V300L295.67 148.26a12.19 12.19 0 0 0-15.3 0zM571.6 251.47L488 182.56V44.05a12 12 0 0 0-12-12h-56a12 12 0 0 0-12 12v72.61L318.47 43a48 48 0 0 0-61 0L4.34 251.47a12 12 0 0 0-1.6 16.9l25.5 31A12 12 0 0 0 45.15 301l235.22-193.74a12.19 12.19 0 0 1 15.3 0L530.9 301a12 12 0 0 0 16.9-1.6l25.5-31a12 12 0 0 0-1.7-16.93z\"><\/path><\/svg>\t\t\t\t\t\t<\/span>\n\t\t\t\t\t\t\t\t\t\t<span class=\"elementor-icon-list-text\">Retour \u00e0 l'accueil de l'eBook<\/span>\n\t\t\t\t\t\t\t\t\t\t\t<\/a>\n\t\t\t\t\t\t\t\t\t<\/li>\n\t\t\t\t\t\t<\/ul>\n\t\t\t\t\t\t<\/div>\n\t\t\t\t\t<\/div>\n\t\t\t\t<\/div>\n\t\t\t\t<\/div>","protected":false},"excerpt":{"rendered":"<p>D\u00e9couvrez le fonctionnement des Prop Firms : Aucun endettement requis. R\u00e9ussissez l'\u00e9valuation pour acc\u00e9der \u00e0 plus de 100 000 $ de capital avec un partage des profits de 80 % ! Mr.Forex vous montre comment transformer de petits frais d'inscription en une carri\u00e8re professionnelle, mon\u00e9tiser vos comp\u00e9tences et sortir du cycle des petits comptes.<\/p>","protected":false},"author":1,"featured_media":66049,"parent":0,"menu_order":0,"comment_status":"closed","ping_status":"closed","template":"","meta":{"footnotes":""},"tags":[128],"class_list":["post-66033","page","type-page","status-publish","has-post-thumbnail","hentry","tag-no-google"],"_links":{"self":[{"href":"https:\/\/mister.forex\/fr\/wp-json\/wp\/v2\/pages\/66033","targetHints":{"allow":["GET"]}}],"collection":[{"href":"https:\/\/mister.forex\/fr\/wp-json\/wp\/v2\/pages"}],"about":[{"href":"https:\/\/mister.forex\/fr\/wp-json\/wp\/v2\/types\/page"}],"author":[{"embeddable":true,"href":"https:\/\/mister.forex\/fr\/wp-json\/wp\/v2\/users\/1"}],"replies":[{"embeddable":true,"href":"https:\/\/mister.forex\/fr\/wp-json\/wp\/v2\/comments?post=66033"}],"version-history":[{"count":39,"href":"https:\/\/mister.forex\/fr\/wp-json\/wp\/v2\/pages\/66033\/revisions"}],"predecessor-version":[{"id":71275,"href":"https:\/\/mister.forex\/fr\/wp-json\/wp\/v2\/pages\/66033\/revisions\/71275"}],"wp:featuredmedia":[{"embeddable":true,"href":"https:\/\/mister.forex\/fr\/wp-json\/wp\/v2\/media\/66049"}],"wp:attachment":[{"href":"https:\/\/mister.forex\/fr\/wp-json\/wp\/v2\/media?parent=66033"}],"wp:term":[{"taxonomy":"post_tag","embeddable":true,"href":"https:\/\/mister.forex\/fr\/wp-json\/wp\/v2\/tags?post=66033"}],"curies":[{"name":"wp","href":"https:\/\/api.w.org\/{rel}","templated":true}]}}