{"id":66209,"date":"2026-02-07T20:46:27","date_gmt":"2026-02-07T12:46:27","guid":{"rendered":"https:\/\/mister.forex\/?page_id=66209"},"modified":"2026-04-20T14:46:08","modified_gmt":"2026-04-20T06:46:08","slug":"how-to-verify-forex-performance-myfxbook","status":"publish","type":"page","link":"https:\/\/mister.forex\/fr\/how-to-verify-forex-performance-myfxbook\/","title":{"rendered":"D\u00e9masquez les arnaques Forex ! Les pros ne jurent que par Myfxbook, refusez les fausses captures"},"content":{"rendered":"<div data-elementor-type=\"wp-page\" data-elementor-id=\"66209\" class=\"elementor elementor-66209\" data-elementor-post-type=\"page\">\n\t\t\t\t<div class=\"elementor-element elementor-element-e032430 e-flex e-con-boxed e-con e-parent\" data-id=\"e032430\" data-element_type=\"container\">\n\t\t\t\t\t<div class=\"e-con-inner\">\n\t\t\t\t<div class=\"elementor-element elementor-element-b269822 elementor-widget elementor-widget-heading\" data-id=\"b269822\" data-element_type=\"widget\" data-widget_type=\"heading.default\">\n\t\t\t\t\t<h1 class=\"elementor-heading-title elementor-size-default\">Pourquoi Myfxbook est l'unique v\u00e9rit\u00e9 du Forex ? Le co\u00fbt cach\u00e9 des captures d'\u00e9cran truqu\u00e9es<\/h1>\t\t\t\t<\/div>\n\t\t\t\t<div class=\"elementor-element elementor-element-23ee36f elementor-widget elementor-widget-html translation-block\" data-id=\"23ee36f\" data-element_type=\"widget\" data-widget_type=\"html.default\"><span>\nDans le monde du trading, il existe un dicton c\u00e9l\u00e8bre : \u00ab Si vous n'avez pas de relev\u00e9 de performances certifi\u00e9 par un tiers, tout ce que vous dites n'est que du vent. \u00bb<br><br>\nQuand vous voyez ces \u00ab captures d'\u00e9cran de profits bleus \u00bb ou ces \u00ab rapports de taux de r\u00e9ussite de 100 % \u00bb sur <strong>Telegram<\/strong>, gardez la t\u00eate froide et posez-vous une question : ces donn\u00e9es sont-elles r\u00e9elles ? \u00c0 l'\u00e8re des logiciels de retouche et des comptes d\u00e9mo, le co\u00fbt d'une capture d'\u00e9cran est quasi nul.<br><br>\nEn tant qu'\u00e9quipe quantitative responsable, nous vous apprenons \u00e0 utiliser <strong>Myfxbook<\/strong> pour identifier le vrai du faux, comme le font les investisseurs institutionnels.<br><br>\n\n<h2><strong>1. Pourquoi les captures d'\u00e9cran MT4 \/ MT5 ne sont-elles pas fiables ?<\/strong><\/h2>\nUne capture d'\u00e9cran ne montre qu'un r\u00e9sultat statique, mais ne refl\u00e8te pas la source r\u00e9elle des fonds ni la gestion globale des risques.<br><br>\n<ul>\n    <li><strong>Compte d\u00e9mo pr\u00e9sent\u00e9 comme r\u00e9el :<\/strong> Les escrocs utilisent des comptes d\u00e9mo illimit\u00e9s pour prendre des risques d\u00e9mesur\u00e9s. S'ils gagnent par chance, ils s'en vantent ; s'ils perdent, ils suppriment le compte et en ouvrent un nouveau sans aucun co\u00fbt en capital r\u00e9el.<\/li><br>\n    \n    <li><strong>Modification de l'historique :<\/strong> Il existe des logiciels de modification pour MT4\/MT5 ou des outils d'\u00e9dition de code source. Les escrocs peuvent changer le prix d'entr\u00e9e, de cl\u00f4ture, le nombre de lots ou le profit final pour cr\u00e9er un trade \u00ab parfait \u00bb.<\/li><br>\n    \n    <li><strong>Affichage partiel et biais du survivant :<\/strong> Ils ne vous montrent que les positions cl\u00f4tur\u00e9es en profit. Les pertes latentes massives (\u00ab Floating Loss \u00bb) qui menacent le compte de faillite sont totalement absentes des captures d'historique.<\/li>\n<\/ul>\n<\/span><\/div>\n\t\t<div class=\"elementor-element elementor-element-a666061 e-con-full e-flex e-con e-child\" data-id=\"a666061\" data-element_type=\"container\" data-settings=\"{&quot;background_background&quot;:&quot;classic&quot;}\">\n\t\t\t\t<div class=\"elementor-element elementor-element-0c15686 elementor-widget elementor-widget-html translation-block\" data-id=\"0c15686\" data-element_type=\"widget\" data-widget_type=\"html.default\"><span>\n<strong>Avertissement :<\/strong> Une augmentation du solde (Balance) ne garantit pas la s\u00e9curit\u00e9 du compte ; vous devez surveiller l'\u00e9quit\u00e9 (Equity) pour conna\u00eetre la situation r\u00e9elle.\n<\/span><\/div>\n\t\t\t\t<\/div>\n\t\t\t\t<div class=\"elementor-element elementor-element-70b6592 elementor-widget elementor-widget-html translation-block\" data-id=\"70b6592\" data-element_type=\"widget\" data-widget_type=\"html.default\"><span>\n<h2><strong>2. Myfxbook : L'unique v\u00e9rit\u00e9 du Forex<\/strong><\/h2>\n<strong>Myfxbook<\/strong> est une plateforme d'audit ind\u00e9pendante. Elle se connecte directement aux donn\u00e9es sources des comptes de trading, rendant toute manipulation humaine impossible. Lorsque vous consultez un compte, cherchez imp\u00e9rativement les deux \u00ab coches vertes \u00bb :<br>\n<\/span><\/div>\n\t\t\t\t<div class=\"elementor-element elementor-element-988074f elementor-widget elementor-widget-image\" data-id=\"988074f\" data-element_type=\"widget\" data-widget_type=\"image.default\">\n\t\t\t\t\t\t\t\t\t\t\t\t<figure class=\"wp-caption\">\n\t\t\t\t\t\t\t\t\t\t<img fetchpriority=\"high\" decoding=\"async\" width=\"600\" height=\"153\" src=\"https:\/\/mister.forex\/wp-content\/uploads\/2026\/02\/myfxbook-verified-illustration.webp\" class=\"attachment-full size-full wp-image-66318\" alt=\"Les badges Myfxbook \u00ab Historique v\u00e9rifi\u00e9 \u00bb et \u00ab Privil\u00e8ges de trading v\u00e9rifi\u00e9s \u00bb garantissent l&#039;authenticit\u00e9 des donn\u00e9es et la propri\u00e9t\u00e9 du compte.\" srcset=\"https:\/\/mister.forex\/wp-content\/uploads\/2026\/02\/myfxbook-verified-illustration.webp 600w, https:\/\/mister.forex\/wp-content\/uploads\/2026\/02\/myfxbook-verified-illustration-500x128.webp 500w, https:\/\/mister.forex\/wp-content\/uploads\/2026\/02\/myfxbook-verified-illustration-300x77.webp 300w, https:\/\/mister.forex\/wp-content\/uploads\/2026\/02\/myfxbook-verified-illustration-18x5.webp 18w\" sizes=\"(max-width: 600px) 100vw, 600px\" \/>\t\t\t\t\t\t\t\t\t\t\t<figcaption class=\"widget-image-caption wp-caption-text\">Les badges Myfxbook \u00ab Historique v\u00e9rifi\u00e9 \u00bb et \u00ab Privil\u00e8ges de trading v\u00e9rifi\u00e9s \u00bb garantissent l'authenticit\u00e9 des donn\u00e9es et la propri\u00e9t\u00e9 du compte.<\/figcaption>\n\t\t\t\t\t\t\t\t\t\t<\/figure>\n\t\t\t\t\t\t\t\t\t<\/div>\n\t\t\t\t<div class=\"elementor-element elementor-element-7f51516 elementor-widget elementor-widget-html translation-block\" data-id=\"7f51516\" data-element_type=\"widget\" data-widget_type=\"html.default\"><span>\n<strong>\u2705 Historique v\u00e9rifi\u00e9 (Track Record Verified) :<\/strong><br>\nCela signifie que les donn\u00e9es sont lues directement depuis le serveur du courtier, sans aucune possibilit\u00e9 de modification.<br><br>\n<strong>\u2705 Privil\u00e8ges de trading v\u00e9rifi\u00e9s (Trading Privileges Verified) :<\/strong><br>\nCela prouve que l'auteur poss\u00e8de r\u00e9ellement les droits d'acc\u00e8s \u00e0 ce compte et n'a pas vol\u00e9 la capture d'\u00e9cran d'un tiers.<br><br>\nSi un \"formateur\" n'ose pas fournir de lien <strong>Myfxbook<\/strong>, ou si le lien ne comporte pas ces deux coches, bloquez-le imm\u00e9diatement.<br><br>\n\n<h2><strong>3. Ne regardez pas \"combien vous avez gagn\u00e9\", regardez \"combien vous avez risqu\u00e9\" (Drawdown)<\/strong><\/h2>\nLes d\u00e9butants regardent le profit, les experts regardent le Drawdown (DD).<br><br>\nSi un compte a gagn\u00e9 100 %, mais qu'au cours du processus, la perte maximale (drawdown) a atteint 80 %, cela signifie qu'il a failli tout perdre \u00e0 tout moment. Ce n'est pas du trading, c'est du \"quitte ou double\".<br><br>\n<strong>Standard professionnel :<\/strong> Nous recherchons une courbe de croissance fluide. Un syst\u00e8me capable de maintenir un drawdown entre 10 % et 20 % tout en restant profitable est un mod\u00e8le quantitatif fiable.<br>\n<\/span><\/div>\n\t\t\t\t<div class=\"elementor-element elementor-element-6e158f6 elementor-widget elementor-widget-image\" data-id=\"6e158f6\" data-element_type=\"widget\" data-widget_type=\"image.default\">\n\t\t\t\t\t\t\t\t\t\t\t\t<figure class=\"wp-caption\">\n\t\t\t\t\t\t\t\t\t\t<img decoding=\"async\" width=\"919\" height=\"443\" src=\"https:\/\/mister.forex\/wp-content\/uploads\/2026\/02\/smooth-upward-equity-curve-diagram.webp\" class=\"attachment-full size-full wp-image-66319\" alt=\"Exemple de courbe de profit stable. La ligne jaune (\u00e9quit\u00e9) et la ligne rouge (solde) se chevauchent et montent r\u00e9guli\u00e8rement, indiquant une bonne gestion du drawdown.\" srcset=\"https:\/\/mister.forex\/wp-content\/uploads\/2026\/02\/smooth-upward-equity-curve-diagram.webp 919w, https:\/\/mister.forex\/wp-content\/uploads\/2026\/02\/smooth-upward-equity-curve-diagram-500x241.webp 500w, https:\/\/mister.forex\/wp-content\/uploads\/2026\/02\/smooth-upward-equity-curve-diagram-300x145.webp 300w, https:\/\/mister.forex\/wp-content\/uploads\/2026\/02\/smooth-upward-equity-curve-diagram-768x370.webp 768w, https:\/\/mister.forex\/wp-content\/uploads\/2026\/02\/smooth-upward-equity-curve-diagram-18x9.webp 18w\" sizes=\"(max-width: 919px) 100vw, 919px\" \/>\t\t\t\t\t\t\t\t\t\t\t<figcaption class=\"widget-image-caption wp-caption-text\">Exemple de courbe de profit stable. La ligne jaune (\u00e9quit\u00e9) et la ligne rouge (solde) se chevauchent et montent r\u00e9guli\u00e8rement, indiquant une bonne gestion du drawdown.<\/figcaption>\n\t\t\t\t\t\t\t\t\t\t<\/figure>\n\t\t\t\t\t\t\t\t\t<\/div>\n\t\t\t\t<div class=\"elementor-element elementor-element-5ea0d62 elementor-widget elementor-widget-html translation-block\" data-id=\"5ea0d62\" data-element_type=\"widget\" data-widget_type=\"html.default\"><span>\n<h2><strong>4. Solde (Balance) vs \u00c9quit\u00e9 (Equity) : D\u00e9masquer le pi\u00e8ge des pertes latentes<\/strong><\/h2>\nChez de nombreux escrocs, le \u00ab solde \u00bb ne cesse de grimper, tandis que la \u00ab courbe d'\u00e9quit\u00e9 \u00bb s'effondre. Cela signifie qu'ils refusent de couper leurs pertes et accumulent d'\u00e9normes pertes latentes. Si le march\u00e9 ne se retourne pas, le compte tombe \u00e0 z\u00e9ro instantan\u00e9ment.<br><br>\nSur <strong>Myfxbook<\/strong> : Observez si la ligne jaune d'\u00e9quit\u00e9 suit de pr\u00e8s la ligne rouge du solde. <strong>Si l'\u00e9cart est trop important, fuyez !<\/strong><br>\n<\/span><\/div>\n\t\t\t\t<div class=\"elementor-element elementor-element-741b874 elementor-widget elementor-widget-image\" data-id=\"741b874\" data-element_type=\"widget\" data-widget_type=\"image.default\">\n\t\t\t\t\t\t\t\t\t\t\t\t<figure class=\"wp-caption\">\n\t\t\t\t\t\t\t\t\t\t<img decoding=\"async\" width=\"919\" height=\"443\" src=\"https:\/\/mister.forex\/wp-content\/uploads\/2026\/02\/martingale-reject-stoploss-diagram.webp\" class=\"attachment-full size-full wp-image-66316\" alt=\"Graphique exposant le risque de conservation des pertes. La fl\u00e8che montre la ligne d&#039;\u00e9quit\u00e9 (jaune) s&#039;\u00e9loignant brutalement de la ligne de solde (rouge), indiquant un risque massif de perte latente.\" srcset=\"https:\/\/mister.forex\/wp-content\/uploads\/2026\/02\/martingale-reject-stoploss-diagram.webp 919w, https:\/\/mister.forex\/wp-content\/uploads\/2026\/02\/martingale-reject-stoploss-diagram-500x241.webp 500w, https:\/\/mister.forex\/wp-content\/uploads\/2026\/02\/martingale-reject-stoploss-diagram-300x145.webp 300w, https:\/\/mister.forex\/wp-content\/uploads\/2026\/02\/martingale-reject-stoploss-diagram-768x370.webp 768w, https:\/\/mister.forex\/wp-content\/uploads\/2026\/02\/martingale-reject-stoploss-diagram-18x9.webp 18w\" sizes=\"(max-width: 919px) 100vw, 919px\" \/>\t\t\t\t\t\t\t\t\t\t\t<figcaption class=\"widget-image-caption wp-caption-text\">Graphique exposant le risque de conservation des pertes. La fl\u00e8che montre la ligne d'\u00e9quit\u00e9 (jaune) s'\u00e9loignant brutalement de la ligne de solde (rouge), indiquant un risque massif de perte latente.<\/figcaption>\n\t\t\t\t\t\t\t\t\t\t<\/figure>\n\t\t\t\t\t\t\t\t\t<\/div>\n\t\t<div class=\"elementor-element elementor-element-08d76c5 e-con-full e-flex e-con e-child\" data-id=\"08d76c5\" data-element_type=\"container\" data-settings=\"{&quot;background_background&quot;:&quot;classic&quot;}\">\n\t\t\t\t<div class=\"elementor-element elementor-element-2c41fb6 elementor-widget elementor-widget-html translation-block\" data-id=\"2c41fb6\" data-element_type=\"widget\" data-widget_type=\"html.default\"><span>\n<h3><strong>Notre engagement : la transparence est notre seule langue<\/strong><\/h3>\nNous n'envoyons pas de captures d'\u00e9cran inv\u00e9rifiables, mais nous partageons directement les liens r\u00e9els de nos signaux de trading. Vous pouvez surveiller chaque transaction, chaque perte latente et chaque profit 24h\/24. Car seuls les plus performants osent se soumettre \u00e0 la rigueur d'un audit tiers.\n<\/span><\/div>\n\t\t\t\t<\/div>\n\t\t\t\t<div class=\"elementor-element elementor-element-4dfb66f elementor-widget elementor-widget-html translation-block\" data-id=\"4dfb66f\" data-element_type=\"widget\" data-widget_type=\"html.default\"><span>\n<h2><strong>Conclusion : maintenant que vous savez lire les donn\u00e9es, comment allouer vos actifs ?<\/strong><\/h2>\nSavoir distinguer le vrai du faux n'est que la premi\u00e8re \u00e9tape. Sur le march\u00e9 r\u00e9el, aucune strat\u00e9gie n'est \u00e9ternellement invincible. Comment les investisseurs pros utilisent-ils le \u00ab portefeuille multi-strat\u00e9gies \u00bb pour parer aux risques de march\u00e9 ?\n<\/span><\/div>\n\t\t\t\t<div class=\"elementor-element elementor-element-d10242b elementor-icon-list--layout-inline elementor-list-item-link-inline elementor-widget elementor-widget-icon-list\" data-id=\"d10242b\" data-element_type=\"widget\" data-widget_type=\"icon-list.default\">\n\t\t\t\t\t\t\t<ul class=\"elementor-icon-list-items elementor-inline-items\">\n\t\t\t\t\t\t\t<li class=\"elementor-icon-list-item elementor-inline-item\">\n\t\t\t\t\t\t\t\t\t\t\t<a href=\"https:\/\/mister.forex\/fr\/hedge-fund-portfolio-logic\/\">\n\n\t\t\t\t\t\t\t\t\t\t\t\t<span class=\"elementor-icon-list-icon\">\n\t\t\t\t\t\t\t<svg aria-hidden=\"true\" class=\"e-font-icon-svg e-far-check-circle\" viewbox=\"0 0 512 512\" xmlns=\"http:\/\/www.w3.org\/2000\/svg\"><path d=\"M256 8C119.033 8 8 119.033 8 256s111.033 248 248 248 248-111.033 248-248S392.967 8 256 8zm0 48c110.532 0 200 89.451 200 200 0 110.532-89.451 200-200 200-110.532 0-200-89.451-200-200 0-110.532 89.451-200 200-200m140.204 130.267l-22.536-22.718c-4.667-4.705-12.265-4.736-16.97-.068L215.346 303.697l-59.792-60.277c-4.667-4.705-12.265-4.736-16.97-.069l-22.719 22.536c-4.705 4.667-4.736 12.265-.068 16.971l90.781 91.516c4.667 4.705 12.265 4.736 16.97.068l172.589-171.204c4.704-4.668 4.734-12.266.067-16.971z\"><\/path><\/svg>\t\t\t\t\t\t<\/span>\n\t\t\t\t\t\t\t\t\t\t<span class=\"elementor-icon-list-text\">Pourquoi les hedge funds ne misent jamais tout ? La logique des profits \u00e0 long terme<\/span>\n\t\t\t\t\t\t\t\t\t\t\t<\/a>\n\t\t\t\t\t\t\t\t\t<\/li>\n\t\t\t\t\t\t<\/ul>\n\t\t\t\t\t\t<\/div>\n\t\t\t\t\t<\/div>\n\t\t\t\t<\/div>\n\t\t\t\t<\/div>","protected":false},"excerpt":{"rendered":"<p>Les captures d'\u00e9cran Forex sont faciles \u00e0 truquer. Comment se prot\u00e9ger ? Notre \u00e9quipe quantitative d\u00e9crypte les pi\u00e8ges MT4\/MT5 et pr\u00e9sente Myfxbook. Points cl\u00e9s : v\u00e9rification des donn\u00e9es, d\u00e9tection des pertes latentes via l'\u00e9quit\u00e9 et allocation d'actifs pro.<\/p>","protected":false},"author":1,"featured_media":60992,"parent":0,"menu_order":0,"comment_status":"closed","ping_status":"closed","template":"","meta":{"footnotes":""},"tags":[128],"class_list":["post-66209","page","type-page","status-publish","has-post-thumbnail","hentry","tag-no-google"],"_links":{"self":[{"href":"https:\/\/mister.forex\/fr\/wp-json\/wp\/v2\/pages\/66209","targetHints":{"allow":["GET"]}}],"collection":[{"href":"https:\/\/mister.forex\/fr\/wp-json\/wp\/v2\/pages"}],"about":[{"href":"https:\/\/mister.forex\/fr\/wp-json\/wp\/v2\/types\/page"}],"author":[{"embeddable":true,"href":"https:\/\/mister.forex\/fr\/wp-json\/wp\/v2\/users\/1"}],"replies":[{"embeddable":true,"href":"https:\/\/mister.forex\/fr\/wp-json\/wp\/v2\/comments?post=66209"}],"version-history":[{"count":18,"href":"https:\/\/mister.forex\/fr\/wp-json\/wp\/v2\/pages\/66209\/revisions"}],"predecessor-version":[{"id":70492,"href":"https:\/\/mister.forex\/fr\/wp-json\/wp\/v2\/pages\/66209\/revisions\/70492"}],"wp:featuredmedia":[{"embeddable":true,"href":"https:\/\/mister.forex\/fr\/wp-json\/wp\/v2\/media\/60992"}],"wp:attachment":[{"href":"https:\/\/mister.forex\/fr\/wp-json\/wp\/v2\/media?parent=66209"}],"wp:term":[{"taxonomy":"post_tag","embeddable":true,"href":"https:\/\/mister.forex\/fr\/wp-json\/wp\/v2\/tags?post=66209"}],"curies":[{"name":"wp","href":"https:\/\/api.w.org\/{rel}","templated":true}]}}