{"id":66268,"date":"2026-02-07T21:05:51","date_gmt":"2026-02-07T13:05:51","guid":{"rendered":"https:\/\/mister.forex\/?page_id=66268"},"modified":"2026-04-21T14:49:01","modified_gmt":"2026-04-21T06:49:01","slug":"hedge-fund-portfolio-logic","status":"publish","type":"page","link":"https:\/\/mister.forex\/fr\/hedge-fund-portfolio-logic\/","title":{"rendered":"Arr\u00eatez de tout miser ! Les secrets des hedge funds : Strat\u00e9gies quantitatives et allocation d'actifs"},"content":{"rendered":"<div data-elementor-type=\"wp-page\" data-elementor-id=\"66268\" class=\"elementor elementor-66268\" data-elementor-post-type=\"page\">\n\t\t\t\t<div class=\"elementor-element elementor-element-e573153 e-flex e-con-boxed e-con e-parent\" data-id=\"e573153\" data-element_type=\"container\">\n\t\t\t\t\t<div class=\"e-con-inner\">\n\t\t\t\t<div class=\"elementor-element elementor-element-4658f0d elementor-widget elementor-widget-heading\" data-id=\"4658f0d\" data-element_type=\"widget\" data-widget_type=\"heading.default\">\n\t\t\t\t\t<h1 class=\"elementor-heading-title elementor-size-default\">Pourquoi les hedge funds ne misent jamais tout ? La logique des profits \u00e0 long terme<\/h1>\t\t\t\t<\/div>\n\t\t\t\t<div class=\"elementor-element elementor-element-52dd9d1 elementor-widget elementor-widget-html translation-block\" data-id=\"52dd9d1\" data-element_type=\"widget\" data-widget_type=\"html.default\"><span>\nDans le monde de l'investissement, la recherche du \u00ab signal unique le plus fort \u00bb est souvent le d\u00e9but des pertes. Les environnements de march\u00e9 \u00e9voluant constamment, aucun algorithme ne peut rester invincible \u00e9ternellement.<br><br>\nLes institutions professionnelles survivent \u00e0 long terme gr\u00e2ce \u00e0 la <strong>\u00ab compl\u00e9mentarit\u00e9 des strat\u00e9gies \u00bb<\/strong>. Voici la logique centrale de l'allocation d'actifs :\n<\/span><br><br>\n\n<span>\n<h2><strong>1. Le march\u00e9 change, votre strat\u00e9gie doit avoir un \u00ab Plan B \u00bb<\/strong><\/h2>\nLes conditions de march\u00e9 se divisent g\u00e9n\u00e9ralement en deux : la <strong>Tendance<\/strong> (fortes hausses ou baisses) et le <strong>Range<\/strong> (mouvements lat\u00e9raux).<br><br>\n<ul>\n    <li>Si vous n'investissez que dans des <strong>strat\u00e9gies de tendance<\/strong>, votre compte subira des stop-loss r\u00e9p\u00e9t\u00e9s lorsque le march\u00e9 stagne.<\/li><br>\n    <li>Si vous n'investissez que dans des <strong>strat\u00e9gies \u00e0 contre-tendance<\/strong>, votre compte s'exposera \u00e0 des pertes latentes importantes lors d'une forte pouss\u00e9e directionnelle.<\/li>\n<\/ul>\n<br>\n<strong>L'approche professionnelle :<\/strong> Faire en sorte que des strat\u00e9gies aux profils diff\u00e9rents se prot\u00e8gent mutuellement. Quand l'une s'use en p\u00e9riode de range, l'autre profite de la tendance. Cette allocation \u00e0 \u00ab corr\u00e9lation n\u00e9gative \u00bb est la seule voie vers une croissance stable du compte.\n<\/span><br><br>\n\n<span>\n<h2><strong>2. Deux technologies cl\u00e9s : une architecture quantitative compl\u00e9mentaire<\/strong><\/h2>\nNous avons d\u00e9velopp\u00e9 deux strat\u00e9gies de trading pour diff\u00e9rents environnements de march\u00e9, servant de ticket d'entr\u00e9e aux investisseurs :\n<\/span><\/div>\n\t\t\t\t<div class=\"elementor-element elementor-element-96d5a99 elementor-widget elementor-widget-html\" data-id=\"96d5a99\" data-element_type=\"widget\" data-widget_type=\"html.default\">\n\t\t\t\t\t<span>\n<ul>\n    <li class=\" translation-block\"><strong>Alpha Gold :<\/strong> Sp\u00e9cialis\u00e9 dans la capture des \u00e9carts de prix du march\u00e9. Plus l'\u00e9cart est fort, plus le profit est important. Id\u00e9al pour les investisseurs en qu\u00eate de croissance explosive.<\/li><br>\n    \n    <li class=\" translation-block\"><strong>Quant Matrix :<\/strong> Se concentre sur les mod\u00e8les statistiques et les micro-oscillations des paires de devises. Recherche une stabilit\u00e9 extr\u00eame, accumulant les profits comme des int\u00e9r\u00eats bancaires.<\/li>\n<\/ul>\n<\/span>\t\t\t\t<\/div>\n\t\t\t\t<div class=\"elementor-element elementor-element-eaa015f elementor-widget elementor-widget-html translation-block\" data-id=\"eaa015f\" data-element_type=\"widget\" data-widget_type=\"html.default\"><span>\n<h2><strong>3. Parcours de croissance : de la v\u00e9rification initiale au portefeuille pro<\/strong><\/h2>\nNous savons que la confiance se m\u00e9rite. C'est pourquoi nous proposons une progression compl\u00e8te, du d\u00e9butant au niveau institutionnel :<br><br>\n<ul>\n    <li><strong>V\u00e9rification initiale :<\/strong> Commencez par une strat\u00e9gie d'entr\u00e9e de gamme et comparez vous-m\u00eame les donn\u00e9es <strong>Myfxbook<\/strong> avec les performances r\u00e9elles du compte.<\/li><br>\n    \n    <li><strong>Mont\u00e9e en puissance :<\/strong> Une fois la stabilit\u00e9 confirm\u00e9e, il est conseill\u00e9 de combiner les strat\u00e9gies de \u00ab tendance \u00bb et de \u00ab range \u00bb pour une r\u00e9elle isolation des risques.<\/li><br>\n    \n    <li><strong>Portefeuille d'investissement :<\/strong> Lorsque le capital atteint un certain seuil, le syst\u00e8me active une logique de couverture complexe. Avec une marge suffisante, vous profitez d'une stabilit\u00e9 digne d'un hedge fund.<\/li>\n<\/ul>\n<\/span><br>\n\n<span>\n<h2><strong>Conclusion : Le meilleur investissement commence par la preuve<\/strong><\/h2>\nLe trading quantitatif n'est pas une solution miracle pour s'enrichir, mais un retour \u00e0 la rationalit\u00e9 gr\u00e2ce aux outils scientifiques. Ne vous pr\u00e9cipitez pas. Choisissez une strat\u00e9gie adapt\u00e9e \u00e0 vos objectifs et d\u00e9couvrez la discipline du trading automatis\u00e9.\n<\/span><br><br>\n\n<span>\n<h2><strong>Choisissez votre premier point de d\u00e9part quantitatif<\/strong><\/h2>\nLe trading quantitatif est une science, pas un miracle. Commencez par une strat\u00e9gie et d\u00e9couvrez la gestion de patrimoine automatis\u00e9e :\n<\/span><\/div>\n\t\t\t\t<div class=\"elementor-element elementor-element-1c09d1f elementor-icon-list--layout-inline elementor-list-item-link-inline elementor-widget elementor-widget-icon-list\" data-id=\"1c09d1f\" data-element_type=\"widget\" data-widget_type=\"icon-list.default\">\n\t\t\t\t\t\t\t<ul class=\"elementor-icon-list-items elementor-inline-items\">\n\t\t\t\t\t\t\t<li class=\"elementor-icon-list-item elementor-inline-item\">\n\t\t\t\t\t\t\t\t\t\t\t<a href=\"https:\/\/mister.forex\/fr\/alpha-gold\/\">\n\n\t\t\t\t\t\t\t\t\t\t\t\t<span class=\"elementor-icon-list-icon\">\n\t\t\t\t\t\t\t<svg aria-hidden=\"true\" class=\"e-font-icon-svg e-far-check-circle\" viewbox=\"0 0 512 512\" xmlns=\"http:\/\/www.w3.org\/2000\/svg\"><path d=\"M256 8C119.033 8 8 119.033 8 256s111.033 248 248 248 248-111.033 248-248S392.967 8 256 8zm0 48c110.532 0 200 89.451 200 200 0 110.532-89.451 200-200 200-110.532 0-200-89.451-200-200 0-110.532 89.451-200 200-200m140.204 130.267l-22.536-22.718c-4.667-4.705-12.265-4.736-16.97-.068L215.346 303.697l-59.792-60.277c-4.667-4.705-12.265-4.736-16.97-.069l-22.719 22.536c-4.705 4.667-4.736 12.265-.068 16.971l90.781 91.516c4.667 4.705 12.265 4.736 16.97.068l172.589-171.204c4.704-4.668 4.734-12.266.067-16.971z\"><\/path><\/svg>\t\t\t\t\t\t<\/span>\n\t\t\t\t\t\t\t\t\t\t<span class=\"elementor-icon-list-text\">Voir les performances r\u00e9elles d'Alpha Gold<\/span>\n\t\t\t\t\t\t\t\t\t\t\t<\/a>\n\t\t\t\t\t\t\t\t\t<\/li>\n\t\t\t\t\t\t<\/ul>\n\t\t\t\t\t\t<\/div>\n\t\t\t\t<div class=\"elementor-element elementor-element-29c4922 elementor-widget elementor-widget-heading\" data-id=\"29c4922\" data-element_type=\"widget\" data-widget_type=\"heading.default\">\n\t\t\t\t\t<span class=\"elementor-heading-title elementor-size-default\">(Id\u00e9al pour les investisseurs recherchant une croissance explosive et privil\u00e9giant le trading sur l'or)<\/span>\t\t\t\t<\/div>\n\t\t\t\t<div class=\"elementor-element elementor-element-0b7b33a elementor-icon-list--layout-inline elementor-list-item-link-inline elementor-widget elementor-widget-icon-list\" data-id=\"0b7b33a\" data-element_type=\"widget\" data-widget_type=\"icon-list.default\">\n\t\t\t\t\t\t\t<ul class=\"elementor-icon-list-items elementor-inline-items\">\n\t\t\t\t\t\t\t<li class=\"elementor-icon-list-item elementor-inline-item\">\n\t\t\t\t\t\t\t\t\t\t\t<a href=\"https:\/\/mister.forex\/fr\/quant-matrix\/\">\n\n\t\t\t\t\t\t\t\t\t\t\t\t<span class=\"elementor-icon-list-icon\">\n\t\t\t\t\t\t\t<svg aria-hidden=\"true\" class=\"e-font-icon-svg e-far-check-circle\" viewbox=\"0 0 512 512\" xmlns=\"http:\/\/www.w3.org\/2000\/svg\"><path d=\"M256 8C119.033 8 8 119.033 8 256s111.033 248 248 248 248-111.033 248-248S392.967 8 256 8zm0 48c110.532 0 200 89.451 200 200 0 110.532-89.451 200-200 200-110.532 0-200-89.451-200-200 0-110.532 89.451-200 200-200m140.204 130.267l-22.536-22.718c-4.667-4.705-12.265-4.736-16.97-.068L215.346 303.697l-59.792-60.277c-4.667-4.705-12.265-4.736-16.97-.069l-22.719 22.536c-4.705 4.667-4.736 12.265-.068 16.971l90.781 91.516c4.667 4.705 12.265 4.736 16.97.068l172.589-171.204c4.704-4.668 4.734-12.266.067-16.971z\"><\/path><\/svg>\t\t\t\t\t\t<\/span>\n\t\t\t\t\t\t\t\t\t\t<span class=\"elementor-icon-list-text\">Voir les performances r\u00e9elles de Quant Matrix<\/span>\n\t\t\t\t\t\t\t\t\t\t\t<\/a>\n\t\t\t\t\t\t\t\t\t<\/li>\n\t\t\t\t\t\t<\/ul>\n\t\t\t\t\t\t<\/div>\n\t\t\t\t<div class=\"elementor-element elementor-element-6b74cb5 elementor-widget elementor-widget-heading\" data-id=\"6b74cb5\" data-element_type=\"widget\" data-widget_type=\"heading.default\">\n\t\t\t\t\t<span class=\"elementor-heading-title elementor-size-default\">(Id\u00e9al pour les investisseurs recherchant la stabilit\u00e9 et une croissance r\u00e9guli\u00e8re de leur compte)<\/span>\t\t\t\t<\/div>\n\t\t\t\t<div class=\"elementor-element elementor-element-6319289 elementor-icon-list--layout-inline elementor-list-item-link-inline elementor-widget elementor-widget-icon-list\" data-id=\"6319289\" data-element_type=\"widget\" data-widget_type=\"icon-list.default\">\n\t\t\t\t\t\t\t<ul class=\"elementor-icon-list-items elementor-inline-items\">\n\t\t\t\t\t\t\t<li class=\"elementor-icon-list-item elementor-inline-item\">\n\t\t\t\t\t\t\t\t\t\t\t<a href=\"https:\/\/mister.forex\/fr\/calmar-ratio-investment-efficiency\/\">\n\n\t\t\t\t\t\t\t\t\t\t\t\t<span class=\"elementor-icon-list-icon\">\n\t\t\t\t\t\t\t<svg aria-hidden=\"true\" class=\"e-font-icon-svg e-far-check-circle\" viewbox=\"0 0 512 512\" xmlns=\"http:\/\/www.w3.org\/2000\/svg\"><path d=\"M256 8C119.033 8 8 119.033 8 256s111.033 248 248 248 248-111.033 248-248S392.967 8 256 8zm0 48c110.532 0 200 89.451 200 200 0 110.532-89.451 200-200 200-110.532 0-200-89.451-200-200 0-110.532 89.451-200 200-200m140.204 130.267l-22.536-22.718c-4.667-4.705-12.265-4.736-16.97-.068L215.346 303.697l-59.792-60.277c-4.667-4.705-12.265-4.736-16.97-.069l-22.719 22.536c-4.705 4.667-4.736 12.265-.068 16.971l90.781 91.516c4.667 4.705 12.265 4.736 16.97.068l172.589-171.204c4.704-4.668 4.734-12.266.067-16.971z\"><\/path><\/svg>\t\t\t\t\t\t<\/span>\n\t\t\t\t\t\t\t\t\t\t<span class=\"elementor-icon-list-text\">Adieu aux rendements gonfl\u00e9s : Ma\u00eetrisez le Calmar Ratio pour une courbe d'actifs institutionnelle<\/span>\n\t\t\t\t\t\t\t\t\t\t\t<\/a>\n\t\t\t\t\t\t\t\t\t<\/li>\n\t\t\t\t\t\t<\/ul>\n\t\t\t\t\t\t<\/div>\n\t\t\t\t\t<\/div>\n\t\t\t\t<\/div>\n\t\t\t\t<\/div>","protected":false},"excerpt":{"rendered":"<p>Pourquoi les meilleurs hedge funds ne misent-ils jamais tout sur un seul signal ? D\u00e9couvrez le secret de l'allocation d'actifs \u00e0 \u00ab corr\u00e9lation n\u00e9gative \u00bb. Apprenez \u00e0 utiliser un portefeuille pour r\u00e9sister \u00e0 la volatilit\u00e9 et maximiser vos profits tout en compensant les risques. Arr\u00eatez de chercher le \u00ab Saint Graal \u00bb et devenez un investisseur professionnel !<\/p>","protected":false},"author":1,"featured_media":66336,"parent":0,"menu_order":0,"comment_status":"closed","ping_status":"closed","template":"","meta":{"footnotes":""},"tags":[128],"class_list":["post-66268","page","type-page","status-publish","has-post-thumbnail","hentry","tag-no-google"],"_links":{"self":[{"href":"https:\/\/mister.forex\/fr\/wp-json\/wp\/v2\/pages\/66268","targetHints":{"allow":["GET"]}}],"collection":[{"href":"https:\/\/mister.forex\/fr\/wp-json\/wp\/v2\/pages"}],"about":[{"href":"https:\/\/mister.forex\/fr\/wp-json\/wp\/v2\/types\/page"}],"author":[{"embeddable":true,"href":"https:\/\/mister.forex\/fr\/wp-json\/wp\/v2\/users\/1"}],"replies":[{"embeddable":true,"href":"https:\/\/mister.forex\/fr\/wp-json\/wp\/v2\/comments?post=66268"}],"version-history":[{"count":12,"href":"https:\/\/mister.forex\/fr\/wp-json\/wp\/v2\/pages\/66268\/revisions"}],"predecessor-version":[{"id":70533,"href":"https:\/\/mister.forex\/fr\/wp-json\/wp\/v2\/pages\/66268\/revisions\/70533"}],"wp:featuredmedia":[{"embeddable":true,"href":"https:\/\/mister.forex\/fr\/wp-json\/wp\/v2\/media\/66336"}],"wp:attachment":[{"href":"https:\/\/mister.forex\/fr\/wp-json\/wp\/v2\/media?parent=66268"}],"wp:term":[{"taxonomy":"post_tag","embeddable":true,"href":"https:\/\/mister.forex\/fr\/wp-json\/wp\/v2\/tags?post=66268"}],"curies":[{"name":"wp","href":"https:\/\/api.w.org\/{rel}","templated":true}]}}