{"id":66400,"date":"2026-02-13T13:35:55","date_gmt":"2026-02-13T05:35:55","guid":{"rendered":"https:\/\/mister.forex\/?page_id=66400"},"modified":"2026-03-02T13:24:51","modified_gmt":"2026-03-02T05:24:51","slug":"why-we-refuse-mql5-signalstart","status":"publish","type":"page","link":"https:\/\/mister.forex\/fr\/why-we-refuse-mql5-signalstart\/","title":{"rendered":"Pourquoi nous refusons d'\u00eatre list\u00e9s sur MQL5 ou SignalStart ? R\u00e9v\u00e9lations sur les \u00ab co\u00fbts cach\u00e9s \u00bb et les \u00ab d\u00e9sastres du copy-trading \u00bb derri\u00e8re les abonnements aux signaux."},"content":{"rendered":"<div data-elementor-type=\"wp-page\" data-elementor-id=\"66400\" class=\"elementor elementor-66400\" data-elementor-post-type=\"page\">\n\t\t\t\t<div class=\"elementor-element elementor-element-d81478a e-flex e-con-boxed e-con e-parent\" data-id=\"d81478a\" data-element_type=\"container\" data-e-type=\"container\">\n\t\t\t\t\t<div class=\"e-con-inner\">\n\t\t\t\t<div class=\"elementor-element elementor-element-ddcc8c0 elementor-widget elementor-widget-heading\" data-id=\"ddcc8c0\" data-element_type=\"widget\" data-e-type=\"widget\" data-widget_type=\"heading.default\">\n\t\t\t\t\t<h2 class=\"elementor-heading-title elementor-size-default\">Pourquoi nous refusons d'\u00eatre list\u00e9s sur MQL5 ou SignalStart ?<\/h2>\t\t\t\t<\/div>\n\t\t\t\t<div class=\"elementor-element elementor-element-3fe23f3 elementor-widget elementor-widget-html translation-block\" data-id=\"3fe23f3\" data-element_type=\"widget\" data-e-type=\"widget\" data-widget_type=\"html.default\"><span>\nLorsque vous commencez \u00e0 vous int\u00e9resser au trading automatis\u00e9, vous avez certainement entendu parler de plateformes d'abonnement aux signaux bien connues telles que <strong>MQL5<\/strong>, <strong>SignalStart<\/strong> ou <strong>ZuluTrade<\/strong>. De nombreux utilisateurs me demandent : \u00ab Puisque votre syst\u00e8me est si stable, pourquoi ne pas le proposer sur ces plateformes et nous laisser payer un abonnement mensuel ? \u00bb<br><br>\nC'est une question tr\u00e8s professionnelle. Aujourd'hui, je souhaite rendre publiques les raisons pour lesquelles nous refusons ces plateformes. Ce n'est pas parce que nous ne pouvons pas le faire, mais parce que nous savons pertinemment que : <strong>s'abonner \u00e0 des strat\u00e9gies de \u00ab Scalping \u00bb sur ces plateformes finit souvent par profiter au fournisseur de signaux, tandis que les abonn\u00e9s perdent de l'argent.<\/strong><br><br>\nVoici les principes techniques sur lesquels nous insistons pour prot\u00e9ger les fonds des investisseurs :\n<\/span><\/div>\n\t\t\t\t<div class=\"elementor-element elementor-element-c878fe4 elementor-widget elementor-widget-html\" data-id=\"c878fe4\" data-element_type=\"widget\" data-e-type=\"widget\" data-widget_type=\"html.default\">\n\t\t\t\t\t<span>\n<h3><strong>1. \u5c0f\u8cc7\u91d1\u7528\u6236\u7684\u81ea\u6bba\u5f0f\u4ea4\u6613<\/strong><\/h3>\n<strong>MQL5<\/strong> \u7b49\u5e73\u53f0\u901a\u5e38\u6536\u53d6\u56fa\u5b9a\u7684\u6708\u8cbb\uff08\u4f8b\u5982\u6bcf\u6708 $30 - $100 USD\uff09\u3002\u9019\u5c0d\u5927\u8cc7\u91d1\u4f86\u8aaa\u6c92\u4ec0\u9ebc\uff0c\u4f46\u5c0d\u5c0f\u8cc7\u65cf\u4f86\u8aaa\u537b\u662f\u81f4\u547d\u50b7\u3002<br><br>\n<ul>\n    <li><strong>\u9ad8\u56de\u5831\u58d3\u529b\uff1a<\/strong><br>\u5982\u679c\u4f60\u7684\u5e33\u6236\u53ea\u6709 $1,000\uff0c\u6bcf\u500b\u6708\u8981\u5148\u6263 $50 \u8a02\u95b1\u8cbb\uff0c\u9019\u4ee3\u8868\u4f60\u6bcf\u500b\u6708\u5fc5\u9808\u5148\u8cfa 5% \u624d\u80fd\u56de\u672c\u3002<\/li><br>\n    \n    <li><strong>\u8b8a\u8cea\u7684\u4ea4\u6613\uff1a<\/strong><br>\u70ba\u4e86\u8986\u84cb\u9019\u7b46\u56fa\u5b9a\u6210\u672c\uff0c\u5c0f\u8cc7\u91d1\u7528\u6236\u6703\u4e0d\u81ea\u89ba\u5730\u8981\u6c42\u9ad8\u6536\u76ca\uff0c\u9019\u6703\u903c\u8feb\u7cfb\u7d71\u9032\u5165\u9ad8\u98a8\u96aa\u3001\u9ad8\u56de\u64a4\uff08DD\uff09\u7684\u72c0\u614b\u3002<\/li><br>\n    \n    <li><strong>\u89e3\u6c7a\u65b9\u6848\uff1a<\/strong><br>\u5728\u6211\u5011\u7684\u89e3\u6c7a\u65b9\u6848\u4e2d\uff0c\u6211\u5011\u53ea\u6536<strong>\u300c\u7e3e\u6548\u8cbb\uff08Performance Fee\uff09\u300d<\/strong>\u3002\u5982\u679c\u4f60\u6c92\u8cfa\u9322\uff0c\u6211\u5011\u4e00\u5206\u9322\u90fd\u4e0d\u6536\u3002\u9019\u78ba\u4fdd\u4e86\u6211\u5011\u8207\u6295\u8cc7\u8005\u7684\u5229\u76ca\u5b8c\u5168\u4e00\u81f4\uff1a\u6211\u5011\u4e0d\u8ffd\u6c42\u865b\u9ad8\u4e14\u5371\u96aa\u7684\u7e3e\u6548\uff0c\u6211\u5011\u8ffd\u6c42\u9577\u671f\u7684\u7a69\u5065\u3002<\/li>\n<\/ul>\n<\/span>\t\t\t\t<\/div>\n\t\t\t\t<div class=\"elementor-element elementor-element-a7a6154 elementor-widget elementor-widget-html\" data-id=\"a7a6154\" data-element_type=\"widget\" data-e-type=\"widget\" data-widget_type=\"html.default\">\n\t\t\t\t\t<span>\n<h3><strong>2. \u8a0a\u865f\u6e90\u8cfa\u9322\uff0c\u8ddf\u55ae\u8005\u537b\u8667\u9322<\/strong><\/h3>\n\u9019\u662f\u6211\u5011\u6700\u5e38\u5728\u5404\u5927\u8a55\u8ad6\u5340\u770b\u5230\u7684\u96c6\u9ad4\u6028\u5ff5\u3002\u7279\u5225\u662f\u6211\u5011\u6700\u53d7\u6b61\u8fce\u7684\u525d\u982d\u76ae\u7b56\u7565\uff0c\u5b83\u5c0d\u4ea4\u6613\u74b0\u5883\uff08\u9ede\u5dee\u3001\u6ed1\u9ede\u3001\u5ef6\u9072\uff09\u7684\u8981\u6c42\u6975\u5176\u82db\u523b\u3002<br><br>\n\n<ul>\n    <li><strong>\u6280\u8853\u771f\u76f8\uff1a<\/strong><br>\u5728 <strong>MQL5<\/strong> \u9019\u7a2e\u8de8\u670d\u52d9\u5668\u7684\u5e73\u53f0\uff0c\u8a0a\u865f\u5f9e\u767c\u51fa\u5230\u4f60\u7684\u96fb\u8166\u57f7\u884c\uff0c\u4e2d\u9593\u7d93\u904e\u7684\u7db2\u7d61\u8f49\u767c\u6703\u9020\u6210\u5de8\u5927\u7684\u9ede\u4f4d\u5dee\u3002<\/li><br>\n    \n    <li><strong>\u60b2\u6158\u7d50\u679c\uff1a<\/strong><br>\u8a0a\u865f\u6e90\u5728 2030.10 \u5165\u5834\uff0c2030.50 \u51fa\u5834\uff0c\u8cfa\u4e86 4 \u500b\u9ede\uff1b\u800c\u4f60\u56e0\u70ba\u5ef6\u9072\u9032\u5728 2030.40\uff0c\u7d50\u679c\u5e73\u5728 2030.45\uff0c\u6263\u6389\u624b\u7e8c\u8cbb\u5f8c\u4f60\u662f\u8667\u9322\u7684\u3002<\/li><br>\n    \n    <li><strong>\u7d50\u8ad6\uff1a<\/strong><br>\u9019\u7a2e\u300c\u8de8\u5e73\u53f0\u8a02\u95b1\u300d\u7684\u65b9\u5f0f\uff0c\u672c\u8cea\u4e0a\u4e0d\u9069\u5408\u7cbe\u5bc6\u7684\u91cf\u5316\u7b56\u7565\u3002<\/li>\n<\/ul>\n<\/span>\t\t\t\t<\/div>\n\t\t<div class=\"elementor-element elementor-element-c6bfa32 e-con-full e-flex e-con e-child\" data-id=\"c6bfa32\" data-element_type=\"container\" data-e-type=\"container\" data-settings=\"{&quot;background_background&quot;:&quot;classic&quot;}\">\n\t\t\t\t<div class=\"elementor-element elementor-element-6405757 elementor-widget elementor-widget-html translation-block\" data-id=\"6405757\" data-element_type=\"widget\" data-e-type=\"widget\" data-widget_type=\"html.default\"><span>\n<strong>L'interpr\u00e9tation de Mr.Forex :<\/strong> Vous n'\u00eates pas oblig\u00e9 de me croire sur parole. Vous pouvez consulter les notes de ces plateformes sur <a href=\"https:\/\/www.trustpilot.com\/\" target=\"_blank\" rel=\"nofollow noopener\"><strong>Trustpilot<\/strong><\/a>. Les utilisateurs se plaignent de \u00ab signaux impr\u00e9cis \u00bb ou de \u00ab comptes vid\u00e9s \u00bb, mais la raison principale est souvent que le <strong>slippage multiplateforme d\u00e9vore les profits<\/strong>, tandis que les frais d'abonnement \u00e9puisent le capital.\n<\/span><\/div>\n\t\t\t\t<\/div>\n\t\t<div class=\"elementor-element elementor-element-5ff6996 e-grid e-con-full e-con e-child\" data-id=\"5ff6996\" data-element_type=\"container\" data-e-type=\"container\">\n\t\t\t\t<div class=\"elementor-element elementor-element-a239bef elementor-widget elementor-widget-image\" data-id=\"a239bef\" data-element_type=\"widget\" data-e-type=\"widget\" data-widget_type=\"image.default\">\n\t\t\t\t\t\t\t\t\t\t\t\t<figure class=\"wp-caption\">\n\t\t\t\t\t\t\t\t\t\t\t<a href=\"https:\/\/www.trustpilot.com\/review\/www.mql5.com\" target=\"_blank\" rel=\"nofollow noopener\">\n\t\t\t\t\t\t\t<img decoding=\"async\" width=\"429\" height=\"115\" src=\"https:\/\/mister.forex\/wp-content\/uploads\/2026\/02\/MQL5.webp\" class=\"attachment-full size-full wp-image-66412\" alt=\"Avis MQL5\" srcset=\"https:\/\/mister.forex\/wp-content\/uploads\/2026\/02\/MQL5.webp 429w, https:\/\/mister.forex\/wp-content\/uploads\/2026\/02\/MQL5-300x80.webp 300w, https:\/\/mister.forex\/wp-content\/uploads\/2026\/02\/MQL5-18x5.webp 18w\" sizes=\"(max-width: 429px) 100vw, 429px\" \/>\t\t\t\t\t\t\t\t<\/a>\n\t\t\t\t\t\t\t\t\t\t\t<figcaption class=\"widget-image-caption wp-caption-text\">Avis MQL5<\/figcaption>\n\t\t\t\t\t\t\t\t\t\t<\/figure>\n\t\t\t\t\t\t\t\t\t<\/div>\n\t\t\t\t<div class=\"elementor-element elementor-element-550b4e9 elementor-widget elementor-widget-image\" data-id=\"550b4e9\" data-element_type=\"widget\" data-e-type=\"widget\" data-widget_type=\"image.default\">\n\t\t\t\t\t\t\t\t\t\t\t\t<figure class=\"wp-caption\">\n\t\t\t\t\t\t\t\t\t\t\t<a href=\"https:\/\/www.trustpilot.com\/review\/signalstart.com\" target=\"_blank\" rel=\"nofollow noopener\">\n\t\t\t\t\t\t\t<img decoding=\"async\" width=\"410\" height=\"115\" src=\"https:\/\/mister.forex\/wp-content\/uploads\/2026\/02\/SignalStart.webp\" class=\"attachment-full size-full wp-image-66413\" alt=\"Avis SignalStart\" srcset=\"https:\/\/mister.forex\/wp-content\/uploads\/2026\/02\/SignalStart.webp 410w, https:\/\/mister.forex\/wp-content\/uploads\/2026\/02\/SignalStart-300x84.webp 300w, https:\/\/mister.forex\/wp-content\/uploads\/2026\/02\/SignalStart-18x5.webp 18w\" sizes=\"(max-width: 410px) 100vw, 410px\" \/>\t\t\t\t\t\t\t\t<\/a>\n\t\t\t\t\t\t\t\t\t\t\t<figcaption class=\"widget-image-caption wp-caption-text\">Avis SignalStart<\/figcaption>\n\t\t\t\t\t\t\t\t\t\t<\/figure>\n\t\t\t\t\t\t\t\t\t<\/div>\n\t\t\t\t<div class=\"elementor-element elementor-element-6de7e30 elementor-widget elementor-widget-image\" data-id=\"6de7e30\" data-element_type=\"widget\" data-e-type=\"widget\" data-widget_type=\"image.default\">\n\t\t\t\t\t\t\t\t\t\t\t\t<figure class=\"wp-caption\">\n\t\t\t\t\t\t\t\t\t\t\t<a href=\"https:\/\/www.trustpilot.com\/review\/zulutrade.com\" target=\"_blank\" rel=\"nofollow noopener\">\n\t\t\t\t\t\t\t<img decoding=\"async\" width=\"400\" height=\"115\" src=\"https:\/\/mister.forex\/wp-content\/uploads\/2026\/02\/ZuluTrade.webp\" class=\"attachment-full size-full wp-image-66414\" alt=\"Avis ZuluTrade\" srcset=\"https:\/\/mister.forex\/wp-content\/uploads\/2026\/02\/ZuluTrade.webp 400w, https:\/\/mister.forex\/wp-content\/uploads\/2026\/02\/ZuluTrade-300x86.webp 300w, https:\/\/mister.forex\/wp-content\/uploads\/2026\/02\/ZuluTrade-18x5.webp 18w\" sizes=\"(max-width: 400px) 100vw, 400px\" \/>\t\t\t\t\t\t\t\t<\/a>\n\t\t\t\t\t\t\t\t\t\t\t<figcaption class=\"widget-image-caption wp-caption-text\">Avis ZuluTrade<\/figcaption>\n\t\t\t\t\t\t\t\t\t\t<\/figure>\n\t\t\t\t\t\t\t\t\t<\/div>\n\t\t\t\t<\/div>\n\t\t\t\t<div class=\"elementor-element elementor-element-8ccbf19 elementor-widget elementor-widget-html\" data-id=\"8ccbf19\" data-element_type=\"widget\" data-e-type=\"widget\" data-widget_type=\"html.default\">\n\t\t\t\t\t<span>\n<h3><strong>3. \u70ba\u4ec0\u9ebc\u8a02\u95b1\u5236\u6703\u50ac\u751f\u300c\u8ced\u5f92\u884c\u70ba\u300d\uff1f<\/strong><\/h3>\n\u5728\u8a02\u95b1\u5e73\u53f0\uff0c\u63d0\u4f9b\u8005\u7684\u6536\u5165\u7d50\u69cb\u662f\u56fa\u5b9a\u7684\uff1a\u8a02\u95b1\u4eba\u6578 \u00d7 \u56fa\u5b9a\u6708\u8cbb\u3002<br><br>\n<ul>\n    <li><strong>\u81f4\u547d\u7684\u5f0a\u7aef\uff1a<\/strong><br>\n    \u9019\u7a2e\u6a21\u5f0f\u5b58\u5728\u56b4\u91cd\u7684\u300c\u9053\u5fb7\u98a8\u96aa\u300d\u3002\u63d0\u4f9b\u8005\u53ea\u9700\u8981\u5237\u51fa\u4e00\u500b\u6708\u4eae\u773c\u7684\u7e3e\u6548\uff08\u54ea\u6015\u662f\u9760\u6975\u9ad8\u98a8\u96aa\u63db\u4f86\u7684\uff09\uff0c\u5438\u5f15\u5927\u91cf\u8a02\u95b1\u5f8c\uff0c\u5373\u4fbf\u4e0b\u500b\u6708\u5e33\u6236\u7206\u5009\uff0c\u4ed6\u5df2\u7d93\u6536\u5b8c\u4e86\u6240\u6709\u8a02\u95b1\u8cbb\u3002\u4ed6\u6c92\u6709\u52d5\u529b\u70ba\u4f60\u7684\u5e33\u6236\u8ca0\u8cac\uff0c\u4ed6\u53ea\u5728\u4e4e\u300c\u9019\u5f35\u6210\u7e3e\u55ae\u7f8e\u4e0d\u7f8e\u300d\u3002<\/li><br>\n    \n    <li><strong>\u5229\u76ca\u5171\u751f\uff1a<\/strong><br>\n    \u6211\u5011\u5805\u6301\u63a1\u7528\u7e3e\u6548\u8cbb\u6a21\u5f0f\u3002\u9019\u610f\u5473\u8457\uff1a<strong>\u53ea\u6709\u7576\u4f60\u7684\u5e33\u6236\u5be6\u73fe\u6de8\u5229\u6f64\u6642\uff0c\u6211\u5011\u624d\u6709\u6536\u76ca\u3002<\/strong>\u9019\u7a2e\u300c\u5229\u76ca\u5171\u540c\u9ad4\u300d\u7684\u6a5f\u5236\uff0c\u903c\u8feb\u6211\u5011\u5fc5\u9808\u628a\u300c\u56de\u64a4\u63a7\u5236\u300d\u548c\u300c\u9577\u671f\u7a69\u5b9a\u300d\u653e\u5728\u7b2c\u4e00\u4f4d\u3002\u9019\u4e0d\u662f\u8cb7\u8ce3\uff0c\u9019\u662f\u771f\u6b63\u7684\u5408\u5925\u95dc\u4fc2\u3002<\/li>\n<\/ul>\n\n<\/span>\t\t\t\t<\/div>\n\t\t\t\t<div class=\"elementor-element elementor-element-3b560a0 elementor-widget elementor-widget-html\" data-id=\"3b560a0\" data-element_type=\"widget\" data-e-type=\"widget\" data-widget_type=\"html.default\">\n\t\t\t\t\t<span>\n<h3><strong>4. \u53ea\u5728\u300c\u901a\u904e\u9a57\u8b49\u300d\u7684\u74b0\u5883\u4e2d\u904b\u884c<\/strong><\/h3>\n\u70ba\u4e86\u5fb9\u5e95\u89e3\u6c7a\u5ef6\u9072\u8207\u6ed1\u9ede\uff0c\u6211\u5011\u62d2\u7d55\u958b\u653e\u8de8\u5e73\u53f0\u7684\u7b2c\u4e09\u65b9\u8a02\u95b1\u3002\u56e0\u70ba\u5728\u975e\u53d7\u63a7\u7684\u4ea4\u6613\u74b0\u5883\u4e0b\uff0c\u4efb\u4f55\u7cbe\u5bc6\u7684\u7b56\u7565\u90fd\u6703\u5931\u6548\u3002<br><br>\n<ul>\n    <li><strong>\u74b0\u5883\u4e00\u81f4\uff1a<\/strong><br>\n    \u6211\u5011\u53ea\u5728\u7d93\u904e\u56b4\u683c\u6280\u8853\u6e2c\u8a55\u7684\u4ea4\u6613\u74b0\u5883\u4e2d\u904b\u884c\u3002\u78ba\u4fdd\u4f60\u7684\u5e33\u6236\u8207\u6211\u5011\u7684\u8a0a\u865f\u6e90\u7cbe\u6e96\u540c\u6b65\u3002<\/li><br>\n    \n    <li><strong>\u96f6\u9580\u6abb\uff1a<\/strong><br>\n    \u4f60\u4e0d\u9700\u8981\u70ba\u843d\u5f8c\u7684\u6280\u8853\u652f\u4ed8\u984d\u5916\u7684\u6708\u8cbb\u3002\u4f60\u7684\u6bcf\u4e00\u5206\u8cc7\u91d1\u90fd\u61c9\u8a72\u7559\u5728\u5e33\u6236\u88e1\u7522\u751f\u5229\u6f64\uff0c\u800c\u4e0d\u662f\u6d88\u8017\u5728\u6602\u8cb4\u7684\u8a02\u95b1\u8cbb\u8207\u8de8\u5e73\u53f0\u5ef6\u9072\u4e2d\u3002<\/li><br>\n    \n    <li><strong>\u54c1\u8cea\u63a7\u7ba1\uff1a<\/strong><br>\n    \u6211\u5011\u4e0d\u5e0c\u671b\u4f60\u5728\u6df7\u4e82\u7684\u7b2c\u4e09\u65b9\u5e02\u5834\u4e2d\u81ea\u751f\u81ea\u6ec5\u3002\u900f\u904e\u8ddf\u55ae\u7cfb\u7d71\uff0c\u6211\u5011\u80fd\u78ba\u4fdd\u6bcf\u4e00\u7b46\u4ea4\u6613\u7684\u57f7\u884c\u54c1\u8cea\uff0c\u5be6\u73fe\u771f\u6b63\u7684<strong>\u300c\u6240\u898b\u5373\u6240\u5f97\u300d<\/strong>\u3002<\/li>\n<\/ul>\n<\/span>\t\t\t\t<\/div>\n\t\t\t\t<div class=\"elementor-element elementor-element-9a7105b elementor-widget elementor-widget-html\" data-id=\"9a7105b\" data-element_type=\"widget\" data-e-type=\"widget\" data-widget_type=\"html.default\">\n\t\t\t\t\t<span>\n<h3><strong>\u7e3d\u7d50\uff1a\u6211\u5011\u9078\u64c7\u8271\u96e3\u4f46\u6b63\u78ba\u7684\u8def<\/strong><\/h3>\n\u96d6\u7136\u5728 <strong>MQL5<\/strong> \u7b49\u5e73\u53f0\u4e0a\u67b6\u80fd\u8b93\u6211\u5011\u8f15\u9b06\u7372\u53d6\u7a69\u5b9a\u7684\u8a02\u95b1\u8cbb\u6536\u5165\uff0c\u4f46\u90a3\u6a23\u505a\u5c0d\u6295\u8cc7\u8005\u7684\u57f7\u884c\u54c1\u8cea\u4e26\u4e0d\u8ca0\u8cac\u3002<br><br>\n\n\u6211\u5011\u5805\u6301\u63a1\u7528\u300c\u5229\u76ca\u5171\u540c\u9ad4\u300d\u7684\u7e3e\u6548\u8cbb\u6a21\u5f0f\uff0c\u4e26\u9650\u5236\u7cfb\u7d71\u50c5\u5728\u300c\u901a\u904e\u6280\u8853\u9a57\u8b49\u300d\u7684\u512a\u5316\u74b0\u5883\u4e2d\u904b\u884c\u3002\u9019\u80fd\u78ba\u4fdd\u552f\u4e00\u7684\u6700\u7d42\u7d50\u679c\uff1a<strong>\u7576\u6211\u5011\u7684\u5be6\u76e4\u5e33\u6236\u7372\u5229\u6642\uff0c\u4f60\u7684\u5e33\u6236\u4e5f\u80fd\u771f\u6b63\u5be6\u73fe\u540c\u6b65\u589e\u9577\u3002<\/strong><br><br>\n\n<strong>\u300c\u8aaa\u5f97\u9019\u9ebc\u5c08\u696d\uff0c\u6211\u600e\u9ebc\u77e5\u9053\u4f60\u7684\u7e3e\u6548\u662f\u771f\u7684\uff1f\u6703\u4e0d\u6703\u53ea\u662f\u53e6\u4e00\u7a2e\u5305\u88dd\uff1f\u300d<\/strong><br><br>\n\n\u5c08\u696d\u6295\u8cc7\u8005\u4e0d\u807d\u6545\u4e8b\uff0c\u53ea\u770b\u6578\u64da\u3002\u5728\u9032\u5165\u6211\u5011\u7684\u9ad4\u7cfb\u524d\uff0c\u4f60\u5fc5\u9808\u5b78\u6703\u5982\u4f55\u50cf\u6a5f\u69cb\u7814\u7a76\u54e1\u4e00\u6a23\uff0c\u5229\u7528\u5168\u7403\u516c\u8a8d\u7684\u7b2c\u4e09\u65b9\u5be9\u8a08\u5de5\u5177\uff0c\u62c6\u7a7f\u5e02\u5834\u4e0a 90% \u7684\u507d\u9020\u7e3e\u6548\u3002\u9019\u4e5f\u662f\u6211\u5011\u6562\u65bc\u516c\u958b\u6240\u6709\u5be6\u76e4\u9023\u7d50\u7684\u5e95\u6c23\u3002\n<\/span>\t\t\t\t<\/div>\n\t\t\t\t<div class=\"elementor-element elementor-element-48fbe79 elementor-icon-list--layout-inline elementor-list-item-link-inline elementor-widget elementor-widget-icon-list\" data-id=\"48fbe79\" data-element_type=\"widget\" data-e-type=\"widget\" data-widget_type=\"icon-list.default\">\n\t\t\t\t\t\t\t<ul class=\"elementor-icon-list-items elementor-inline-items\">\n\t\t\t\t\t\t\t<li class=\"elementor-icon-list-item elementor-inline-item\">\n\t\t\t\t\t\t\t\t\t\t\t<a href=\"https:\/\/mister.forex\/fr\/how-to-verify-forex-performance-myfxbook\/\">\n\n\t\t\t\t\t\t\t\t\t\t\t\t<span class=\"elementor-icon-list-icon\">\n\t\t\t\t\t\t\t<svg aria-hidden=\"true\" class=\"e-font-icon-svg e-fas-arrow-alt-circle-right\" viewbox=\"0 0 512 512\" xmlns=\"http:\/\/www.w3.org\/2000\/svg\"><path d=\"M256 8c137 0 248 111 248 248S393 504 256 504 8 393 8 256 119 8 256 8zM140 300h116v70.9c0 10.7 13 16.1 20.5 8.5l114.3-114.9c4.7-4.7 4.7-12.2 0-16.9l-114.3-115c-7.6-7.6-20.5-2.2-20.5 8.5V212H140c-6.6 0-12 5.4-12 12v64c0 6.6 5.4 12 12 12z\"><\/path><\/svg>\t\t\t\t\t\t<\/span>\n\t\t\t\t\t\t\t\t\t\t<span class=\"elementor-icon-list-text\">Les investisseurs professionnels ne jurent que par la \u00ab certification unique Myfxbook \u00bb<\/span>\n\t\t\t\t\t\t\t\t\t\t\t<\/a>\n\t\t\t\t\t\t\t\t\t<\/li>\n\t\t\t\t\t\t<\/ul>\n\t\t\t\t\t\t<\/div>\n\t\t\t\t\t<\/div>\n\t\t\t\t<\/div>\n\t\t\t\t<\/div>","protected":false},"excerpt":{"rendered":"<p>R\u00e9v\u00e9lation des failles d'ex\u00e9cution dans les mod\u00e8les d'abonnement MQL5 et SignalStart. Pourquoi les frais d'abonnement fixes sont-ils pr\u00e9judiciables aux petits capitaux ? Analyse de l'intention technique de Mr.Forex derri\u00e8re les \u00ab commissions de performance \u00bb et un \u00ab environnement de trading unifi\u00e9 \u00bb pour prot\u00e9ger la qualit\u00e9 de l'ex\u00e9cution de vos transactions.<\/p>","protected":false},"author":1,"featured_media":66429,"parent":0,"menu_order":0,"comment_status":"closed","ping_status":"closed","template":"","meta":{"footnotes":""},"tags":[128],"class_list":["post-66400","page","type-page","status-publish","has-post-thumbnail","hentry","tag-no-google"],"_links":{"self":[{"href":"https:\/\/mister.forex\/fr\/wp-json\/wp\/v2\/pages\/66400","targetHints":{"allow":["GET"]}}],"collection":[{"href":"https:\/\/mister.forex\/fr\/wp-json\/wp\/v2\/pages"}],"about":[{"href":"https:\/\/mister.forex\/fr\/wp-json\/wp\/v2\/types\/page"}],"author":[{"embeddable":true,"href":"https:\/\/mister.forex\/fr\/wp-json\/wp\/v2\/users\/1"}],"replies":[{"embeddable":true,"href":"https:\/\/mister.forex\/fr\/wp-json\/wp\/v2\/comments?post=66400"}],"version-history":[{"count":0,"href":"https:\/\/mister.forex\/fr\/wp-json\/wp\/v2\/pages\/66400\/revisions"}],"wp:featuredmedia":[{"embeddable":true,"href":"https:\/\/mister.forex\/fr\/wp-json\/wp\/v2\/media\/66429"}],"wp:attachment":[{"href":"https:\/\/mister.forex\/fr\/wp-json\/wp\/v2\/media?parent=66400"}],"wp:term":[{"taxonomy":"post_tag","embeddable":true,"href":"https:\/\/mister.forex\/fr\/wp-json\/wp\/v2\/tags?post=66400"}],"curies":[{"name":"wp","href":"https:\/\/api.w.org\/{rel}","templated":true}]}}