{"id":15583,"date":"2024-05-03T16:38:29","date_gmt":"2024-05-03T08:38:29","guid":{"rendered":"http:\/\/192.168.0.254\/?page_id=15583"},"modified":"2026-04-02T23:15:26","modified_gmt":"2026-04-02T15:15:26","slug":"forex-drawdown-calculator","status":"publish","type":"page","link":"https:\/\/mister.forex\/hu\/tools\/forex-drawdown-calculator\/","title":{"rendered":"Forex Visszaes\u00e9s Kalkul\u00e1tor | Forex Visszaes\u00e9s \u00e9s Helyre\u00e1ll\u00edt\u00e1s Kalkul\u00e1tor"},"content":{"rendered":"<div data-elementor-type=\"wp-page\" data-elementor-id=\"15583\" class=\"elementor elementor-15583\" data-elementor-post-type=\"page\">\n\t\t\t\t<div class=\"elementor-element elementor-element-fe2401c e-flex e-con-boxed e-con e-parent\" data-id=\"fe2401c\" data-element_type=\"container\" data-settings=\"{&quot;background_background&quot;:&quot;classic&quot;}\">\n\t\t\t\t\t<div class=\"e-con-inner\">\n\t\t<div class=\"elementor-element elementor-element-ab81bde e-flex e-con-boxed e-con e-child\" data-id=\"ab81bde\" data-element_type=\"container\">\n\t\t\t\t\t<div class=\"e-con-inner\">\n\t\t\t\t<div class=\"elementor-element elementor-element-1811877 elementor-widget elementor-widget-heading\" data-id=\"1811877\" data-element_type=\"widget\" data-widget_type=\"heading.default\">\n\t\t\t\t\t<h1 class=\"elementor-heading-title elementor-size-default\">Forex Drawdown Kalkul\u00e1tor<\/h1>\t\t\t\t<\/div>\n\t\t\t\t<div class=\"elementor-element elementor-element-e8e28f9 elementor-widget elementor-widget-heading\" data-id=\"e8e28f9\" data-element_type=\"widget\" data-widget_type=\"heading.default\">\n\t\t\t\t\t<h2 class=\"elementor-heading-title elementor-size-default\">Forex visszaes\u00e9s \u00e9s helyre\u00e1ll\u00edt\u00e1s kalkul\u00e1tor<\/h2>\t\t\t\t<\/div>\n\t\t\t\t\t<\/div>\n\t\t\t\t<\/div>\n\t\t\t\t<div class=\"elementor-element elementor-element-8ffa0a5 elementor-widget__width-inherit elementor-absolute elementor-widget elementor-widget-image\" data-id=\"8ffa0a5\" data-element_type=\"widget\" data-settings=\"{&quot;_position&quot;:&quot;absolute&quot;}\" data-widget_type=\"image.default\">\n\t\t\t\t\t\t\t\t\t\t\t\t\t\t\t<img fetchpriority=\"high\" decoding=\"async\" width=\"500\" height=\"281\" src=\"https:\/\/mister.forex\/wp-content\/uploads\/2024\/02\/9-500x281.webp\" class=\"attachment-medium size-medium wp-image-4081\" alt=\"\" srcset=\"https:\/\/mister.forex\/wp-content\/uploads\/2024\/02\/9-500x281.webp 500w, https:\/\/mister.forex\/wp-content\/uploads\/2024\/02\/9-600x337.webp 600w, https:\/\/mister.forex\/wp-content\/uploads\/2024\/02\/9-1200x675.webp 1200w, https:\/\/mister.forex\/wp-content\/uploads\/2024\/02\/9-300x169.webp 300w, https:\/\/mister.forex\/wp-content\/uploads\/2024\/02\/9-768x432.webp 768w, https:\/\/mister.forex\/wp-content\/uploads\/2024\/02\/9.webp 1366w\" sizes=\"(max-width: 500px) 100vw, 500px\" \/>\t\t\t\t\t\t\t\t\t\t\t\t\t\t\t<\/div>\n\t\t\t\t\t<\/div>\n\t\t\t\t<\/div>\n\t\t<div class=\"elementor-element elementor-element-85b6850 e-flex e-con-boxed e-con e-parent\" data-id=\"85b6850\" data-element_type=\"container\">\n\t\t\t\t\t<div class=\"e-con-inner\">\n\t\t<div class=\"elementor-element elementor-element-b523571 e-con-full e-flex e-con e-child\" data-id=\"b523571\" data-element_type=\"container\">\n\t\t\t\t<div class=\"elementor-element elementor-element-5e7a241 elementor-widget__width-inherit elementor-widget elementor-widget-html\" data-id=\"5e7a241\" data-element_type=\"widget\" data-widget_type=\"html.default\">\n\t\t\t\t\t<div id=\"drawdown-calculator-856248\"><script type=\"text\/javascript\" src=\"https:\/\/www.cashbackforex.com\/Content\/remote\/remote-widgets.js\"><\/script><script type=\"text\/javascript\"> RemoteCalc({\"Url\":\"https:\/\/www.cashbackforex.com\", \"TopPaneStyle\":\"YmFja2dyb3VuZDogbGluZWFyLWdyYWRpZW50KCNmZmYgMjAlLCAjZjVmNWY1IDQ1JSk7IGNvbG9yOiBibGFjazsgYm9yZGVyOiBzb2xpZCAxcHggI2FhYTsgYm9yZGVyLWJvdHRvbTogbm9uZTsg\",\"BottomPaneStyle\":\"YmFja2dyb3VuZDogI2YzZjNmMzsgYm9yZGVyOiBzb2xpZCAxcHggI2FhYTsgY29sb3I6IGJsYWNrOw==\",\"ButtonStyle\":\"YmFja2dyb3VuZDogIzM0MzU0MDsgY29sb3I6IHdoaXRlOyBib3JkZXItcmFkaXVzOiAyMHB4Ow==\",\"TitleStyle\":\"dGV4dC1hbGlnbjogbGVmdDsgZm9udC1zaXplOiA0MHB4OyBmb250LXdlaWdodDogNTAwOw==\",\"TextboxStyle\":\"YmFja2dyb3VuZC1jb2xvcjogd2hpdGU7IGNvbG9yOiBibGFjazsgYm9yZGVyOiBzb2xpZCAxcHggI2FhYWFhYQ==\",\"ContainerWidth\":\"500\",\"HighlightColor\":\"#ffff00\",\"IsDisplayTitle\":false,\"IsShowEmbedButton\":false,\"Lang\":wlang(),\"CompactType\":\"small\",\"DefaultBalance\":\"1000\",\"DefaultPeriod\":\"6\",\"DefaultGain\":\"2\",\"Calculator\":\"drawdown-calculator\",\"ContainerId\":\"drawdown-calculator-856248\"});\n\nfunction wlang() {\n    \n\tvar lang = window.location.href;\n\n\tif (!lang) {\n\t\treturn 'en';\n\t}\n\n        if (lang.match('\/zh\/')) {\n\t\treturn 'zh';\n\n\t} else if (lang.match('\/hk\/')) {\n\t\treturn 'zh';\n\t\t\n\t} else if (lang.match('\/cn\/')) {\n\t\treturn 'zh';\n\t\t\n\t} else if (lang.match('\/en\/')) {\n\t\treturn 'en';\n\t\t\n\t} else if (lang.match('\/hi\/')) {\n\t\treturn 'en';\n\t\t\n\t} else if (lang.match('\/pt_br\/')) {\n\t\treturn 'pt';\n\t\t\n\t} else if (lang.match('\/ms\/')) {\n\t\treturn 'id';\n\t\t\n\t} else if (lang.match('\/es\/')) {\n\t\treturn 'es';\n\t\t\n\t} else if (lang.match('\/es_ar\/')) {\n\t\treturn 'es';\n\t\t\n\t} else if (lang.match('\/es_mx\/')) {\n\t\treturn 'es';\n\n\t} else if (lang.match('\/bn\/')) {\n\t\treturn 'en';\n\t\t\n\t} else if (lang.match('\/nb\/')) {\n\t\treturn 'en';\t\t\n\n\t} else if (lang.match('\/da\/')) {\n\t\treturn 'en';\n\t\t\n\t} else if (lang.match('\/nl\/')) {\n\t\treturn 'en';\n\t\t\n\t} else if (lang.match('\/sv\/')) {\n\t\treturn 'en';\n\t\t\n\t} else if (lang.match('\/uk\/')) {\n\t\treturn 'ru';\n\t\t\n\t} else if (lang.match('\/ur\/')) {\n\t\treturn 'en';\n\t\t\n\t} else if (lang.match('\/de\/')) {\n\t\treturn 'de';\n\t\t\n\t} else if (lang.match('\/fr\/')) {\n\t\treturn 'fr';\n\t\t\n\t} else if (lang.match('\/id\/')) {\n\t\treturn 'id';\n\t\t\n\t} else if (lang.match('\/it\/')) {\n\t\treturn 'it';\n\t\t\n\t} else if (lang.match('\/hu\/')) {\n\t\treturn 'hu';\n\t\t\n\t} else if (lang.match('\/pt\/')) {\n\t\treturn 'pt';\n\t\t\n\t} else if (lang.match('\/pl\/')) {\n\t\treturn 'pl';\n\t\t\n\t} else if (lang.match('\/ro\/')) {\n\t\treturn 'ro';\n\t\t\n\t} else if (lang.match('\/vi\/')) {\n\t\treturn 'vi';\n\t\t\n\t} else if (lang.match('\/tr\/')) {\n\t\treturn 'tr';\n\t\t\n\t} else if (lang.match('\/el\/')) {\n\t\treturn 'el';\n\t\t\n\t} else if (lang.match('\/ru\/')) {\n\t\treturn 'ru';\n\t\t\n\t} else if (lang.match('\/ar\/')) {\n\t\treturn 'ar';\n\t\t\n\t} else if (lang.match('\/th\/')) {\n\t\treturn 'th';\n\t\t\n\t} else if (lang.match('\/kr\/')) {\n\t\treturn 'ko';\n\t\t\n\t} else if (lang.match('\/jp\/')) {\n\t\treturn 'ja';\n\t\t\n\t} else if (lang.match('\/cs\/')) {\n\t\treturn 'cs';\n\t\t\n\t}else {\n\t\treturn 'zh';\n\t}\n}\n<\/script><\/div>\t\t\t\t<\/div>\n\t\t\t\t<\/div>\n\t\t<div class=\"elementor-element elementor-element-4ab9a29 e-con-full e-flex e-con e-child\" data-id=\"4ab9a29\" data-element_type=\"container\">\n\t\t<div class=\"elementor-element elementor-element-8bad93b e-con-full e-flex e-con e-child\" data-id=\"8bad93b\" data-element_type=\"container\">\n\t\t\t\t<div class=\"elementor-element elementor-element-d08aee9 elementor-widget elementor-widget-text-editor\" data-id=\"d08aee9\" data-element_type=\"widget\" data-widget_type=\"text-editor.default\">\n\t\t\t\t\t\t\t\t\t<h2><strong>Haszn\u00e1lati \u00fatmutat\u00f3<\/strong><\/h2><h3><strong>Bemeneti lehet\u0151s\u00e9gek<\/strong><\/h3><p><strong><span style=\"text-decoration: underline;\">Kiindul\u00f3 egyenleg<\/span>:&nbsp;<\/strong>Adja meg a befektet\u00e9s kezdeti \u00f6sszeg\u00e9t, p\u00e9ld\u00e1ul $1,000 doll\u00e1r.<\/p><p><strong><span style=\"text-decoration: underline;\">Egym\u00e1sut\u00e1ni vesztes\u00e9gek<\/span>:&nbsp;<\/strong>Szimul\u00e1lja N egym\u00e1st k\u00f6vet\u0151 vesztes\u00e9ges tranzakci\u00f3 eset\u00e9t. P\u00e9ld\u00e1ul 6 egym\u00e1st k\u00f6vet\u0151 vesztes\u00e9g.<\/p><p><strong><span style=\"text-decoration: underline;\">Vesztes\u00e9g% keresked\u00e9senk\u00e9nt<\/span>:&nbsp;<\/strong>\u00cdrja be az egyes tranzakci\u00f3k vesztes\u00e9gsz\u00e1zal\u00e9k\u00e1t, p\u00e9ld\u00e1ul 2%.<\/p><h3><strong>Sz\u00e1m\u00edt\u00e1si eredm\u00e9ny<\/strong><\/h3><p><strong><span style=\"text-decoration: underline;\">Teljes vesztes\u00e9g<\/span>:&nbsp;<\/strong>Mutasd a folyamatos vesztes\u00e9ges \u00fcgyletek ut\u00e1n bek\u00f6vetkez\u0151 \u00f6sszes vesztes\u00e9g sz\u00e1zal\u00e9k\u00e1t.<\/p><p><strong><span style=\"text-decoration: underline;\">Z\u00e1r\u00f3 egyenleg<\/span>:&nbsp;<\/strong>Megjelen\u00edti a folyamatos vesztes\u00e9ges \u00fcgyletek ut\u00e1n fennmarad\u00f3 sz\u00e1mlaegyenleget.<\/p>\t\t\t\t\t\t\t\t<\/div>\n\t\t\t\t<div class=\"elementor-element elementor-element-1143ee4 elementor-widget elementor-widget-text-editor\" data-id=\"1143ee4\" data-element_type=\"widget\" data-widget_type=\"text-editor.default\">\n\t\t\t\t\t\t\t\t\t<h2><strong>Mi az a maxim\u00e1lis visszaes\u00e9s (MDD) ?<\/strong><\/h2><p>A maxim\u00e1lis visszaes\u00e9s (MDD) a keresked\u00e9si nyilv\u00e1ntart\u00e1sban a keresked\u00e9si tev\u00e9kenys\u00e9gb\u0151l ered\u0151 legnagyobb vesztes\u00e9get jelenti a l\u00e9trehoz\u00e1sa \u00f3ta. A visszaes\u00e9st a nett\u00f3 \u00e9rt\u00e9k k\u00fcl\u00f6nbs\u00e9ge alapj\u00e1n sz\u00e1m\u00edtj\u00e1k, \u00edgy a visszaes\u00e9s sz\u00e1m\u00edt\u00e1sa mag\u00e1ban foglalja a lez\u00e1rt \u00e9s a nyitott megb\u00edz\u00e1sokat is. Ha a maxim\u00e1lis visszaes\u00e9s (MDD) nagy, akkor ez a t\u0151ke vesztes\u00e9g\u00e9nek kock\u00e1zat\u00e1t is jelzi.<\/p>\t\t\t\t\t\t\t\t<\/div>\n\t\t\t\t<div class=\"elementor-element elementor-element-9164d38 elementor-widget__width-initial elementor-widget elementor-widget-image\" data-id=\"9164d38\" data-element_type=\"widget\" data-widget_type=\"image.default\">\n\t\t\t\t\t\t\t\t\t\t\t\t<figure class=\"wp-caption\">\n\t\t\t\t\t\t\t\t\t\t<img decoding=\"async\" width=\"1200\" height=\"675\" src=\"https:\/\/mister.forex\/wp-content\/uploads\/2025\/01\/drawdown-and-max-drawdown.webp\" class=\"attachment-full size-full wp-image-47286\" alt=\"Mi az a visszaes\u00e9s (drawdown) \u00e9s a maxim\u00e1lis visszaes\u00e9s (Max Drawdown) ?\" srcset=\"https:\/\/mister.forex\/wp-content\/uploads\/2025\/01\/drawdown-and-max-drawdown.webp 1200w, https:\/\/mister.forex\/wp-content\/uploads\/2025\/01\/drawdown-and-max-drawdown-600x338.webp 600w, https:\/\/mister.forex\/wp-content\/uploads\/2025\/01\/drawdown-and-max-drawdown-500x281.webp 500w, https:\/\/mister.forex\/wp-content\/uploads\/2025\/01\/drawdown-and-max-drawdown-300x169.webp 300w, https:\/\/mister.forex\/wp-content\/uploads\/2025\/01\/drawdown-and-max-drawdown-768x432.webp 768w, https:\/\/mister.forex\/wp-content\/uploads\/2025\/01\/drawdown-and-max-drawdown-18x10.webp 18w\" sizes=\"(max-width: 1200px) 100vw, 1200px\" \/>\t\t\t\t\t\t\t\t\t\t\t<figcaption class=\"widget-image-caption wp-caption-text\">A k\u00e9pen A, B, C mind a \u201evisszaes\u00e9s (drawdown) \u201d.\n<br>\nAhol B m\u00e9rt\u00e9ke a legnagyobb, azt \u201emaxim\u00e1lis visszaes\u00e9snek\u201d (Max Drawdown) nevezik.<\/figcaption>\n\t\t\t\t\t\t\t\t\t\t<\/figure>\n\t\t\t\t\t\t\t\t\t<\/div>\n\t\t\t\t<div class=\"elementor-element elementor-element-a8bd30b elementor-widget elementor-widget-text-editor\" data-id=\"a8bd30b\" data-element_type=\"widget\" data-widget_type=\"text-editor.default\">\n\t\t\t\t\t\t\t\t\t<h2><strong>Hogyan sz\u00e1m\u00edtj\u00e1k a visszaes\u00e9st?<\/strong><\/h2><p>A visszaes\u00e9s azt m\u00e9ri, hogy a cs\u00facsb\u00f3l a m\u00e9lypontra milyen folyamatos vesztes\u00e9g t\u00f6rt\u00e9nt. Egyszer\u0171en fogalmazva, a visszaes\u00e9s a cs\u00facsb\u00f3l a m\u00e9lypontra tart, am\u00edg \u00faj cs\u00facs nem jelenik meg.<\/p><p>A Forex Drawdown Kalkul\u00e1tor a keresked\u0151k eszk\u00f6zt\u00e1r\u00e1nak egyik legfontosabb kock\u00e1zati kalkul\u00e1tora. A Forex Drawdown Kalkul\u00e1tor egyik funkci\u00f3ja lehet\u0151v\u00e9 teszi a keresked\u0151k sz\u00e1m\u00e1ra, hogy pontosan szimul\u00e1lj\u00e1k minden egyes tranzakci\u00f3 ide\u00e1lis nett\u00f3 \u00e9rt\u00e9k\u00e9t \u00e9s kock\u00e1zati sz\u00e1zal\u00e9k\u00e1t.<\/p><p>A kalkul\u00e1tor haszn\u00e1lata seg\u00edthet a keresked\u0151knek elker\u00fclni a k\u00e9nyelmetlen visszaes\u00e9si sz\u00e1zal\u00e9kok el\u00e9r\u00e9s\u00e9t, amelyek v\u00e9gs\u0151 soron a sz\u00e1mla nett\u00f3 \u00e9rt\u00e9k\u00e9nek teljes vesztes\u00e9g\u00e9nek kock\u00e1zat\u00e1t jelenthetik. P\u00e9ld\u00e1ul, m\u00e9g ha minden egyes keresked\u00e9sn\u00e9l 7% t\u0151ke ar\u00e1nyt haszn\u00e1lnak is, 10 egym\u00e1st k\u00f6vet\u0151 vesztes\u00e9g eset\u00e9n a sz\u00e1mla 50% feletti kezdeti t\u0151k\u00e9je is kimer\u00fclhet.<\/p><p>Javasoljuk a keresked\u0151knek, hogy mindig haszn\u00e1lj\u00e1k ezt a visszaes\u00e9s kalkul\u00e1tort, miel\u0151tt poz\u00edci\u00f3t nyitn\u00e1nak, \u00e9s integr\u00e1lj\u00e1k azt b\u00e1rmilyen \u00e9sszer\u0171 t\u0151ke kezel\u00e9si rendszerrel vagy sz\u00e1mla nett\u00f3 \u00e9rt\u00e9k kock\u00e1zatkezel\u00e9si tervvel.<\/p>\t\t\t\t\t\t\t\t<\/div>\n\t\t\t\t<\/div>\n\t\t\t\t<\/div>\n\t\t\t\t\t<\/div>\n\t\t\t\t<\/div>\n\t\t\t\t<\/div>","protected":false},"excerpt":{"rendered":"<p>Forex Drawdown Kalkul\u00e1tor egy kock\u00e1zatkezel\u00e9si eszk\u00f6z, amely a keresked\u0151k sz\u00e1ml\u00e1j\u00e1nak egyenleg\u00e9t \u00e9s a teljes vesztes\u00e9g sz\u00e1zal\u00e9k\u00e1t szimul\u00e1lja a folyamatos vesztes\u00e9ges \u00fcgyletek ut\u00e1n. Az el\u0151zetes becsl\u00e9s seg\u00edt a keresked\u0151knek jobban meg\u00e9rteni a kock\u00e1zatokat, \u00e9s hat\u00e9konyabb kock\u00e1zatkezel\u00e9si strat\u00e9gi\u00e1kat kidolgozni, elker\u00fclve a megfizethetetlen vesztes\u00e9geket \u00e9s a margin call-t.<\/p>","protected":false},"author":1,"featured_media":23585,"parent":15462,"menu_order":0,"comment_status":"closed","ping_status":"closed","template":"","meta":{"footnotes":""},"tags":[128],"class_list":["post-15583","page","type-page","status-publish","has-post-thumbnail","hentry","tag-no-google"],"_links":{"self":[{"href":"https:\/\/mister.forex\/hu\/wp-json\/wp\/v2\/pages\/15583","targetHints":{"allow":["GET"]}}],"collection":[{"href":"https:\/\/mister.forex\/hu\/wp-json\/wp\/v2\/pages"}],"about":[{"href":"https:\/\/mister.forex\/hu\/wp-json\/wp\/v2\/types\/page"}],"author":[{"embeddable":true,"href":"https:\/\/mister.forex\/hu\/wp-json\/wp\/v2\/users\/1"}],"replies":[{"embeddable":true,"href":"https:\/\/mister.forex\/hu\/wp-json\/wp\/v2\/comments?post=15583"}],"version-history":[{"count":3,"href":"https:\/\/mister.forex\/hu\/wp-json\/wp\/v2\/pages\/15583\/revisions"}],"predecessor-version":[{"id":69181,"href":"https:\/\/mister.forex\/hu\/wp-json\/wp\/v2\/pages\/15583\/revisions\/69181"}],"up":[{"embeddable":true,"href":"https:\/\/mister.forex\/hu\/wp-json\/wp\/v2\/pages\/15462"}],"wp:featuredmedia":[{"embeddable":true,"href":"https:\/\/mister.forex\/hu\/wp-json\/wp\/v2\/media\/23585"}],"wp:attachment":[{"href":"https:\/\/mister.forex\/hu\/wp-json\/wp\/v2\/media?parent=15583"}],"wp:term":[{"taxonomy":"post_tag","embeddable":true,"href":"https:\/\/mister.forex\/hu\/wp-json\/wp\/v2\/tags?post=15583"}],"curies":[{"name":"wp","href":"https:\/\/api.w.org\/{rel}","templated":true}]}}